{"id":9088,"date":"2023-03-27T15:32:00","date_gmt":"2023-03-27T12:32:00","guid":{"rendered":"https:\/\/beautybaltic.com\/?post_type=product&#038;p=9088"},"modified":"2026-03-28T23:22:55","modified_gmt":"2026-03-28T20:22:55","slug":"staleks-profesionalas-skeres-exclusive-magnolia-sx-22-1","status":"publish","type":"product","link":"https:\/\/beautybaltic.com\/?product=staleks-profesionalas-skeres-exclusive-magnolia-sx-22-1&lang=lv","title":{"rendered":"STALEKS Profesion\u0101l\u0101s \u0161\u0137\u0113res EXCLUSIVE MAGNOLIA [SX-22\/1]"},"content":{"rendered":"<p>Manik\u012bra \u0161\u0137\u0113res kutikulas apgrie\u0161anai. Speci\u0101ls instrumenta p\u0101rklajums pasarg\u0101 to no p\u0101ragras notrulin\u0101\u0161anas.<\/p>\n<p>GALVEN\u0100S IEZ\u012aMES<\/p>\n<p>\u25cf ide\u0101ls l\u012bdzsvars starp biezumu un asumu<br \/>\n\u25cf konusveida uzga\u013ci<br \/>\n\u25cf sa\u012bsin\u0101ti rokturi \u2013 nodro\u0161ina meistara kust\u012bbu precizit\u0101ti<br \/>\n\u25cf manu\u0101la asin\u0101\u0161ana zem mikroskopa<br \/>\n\u25cf pul\u0113ta grie\u0161anas virsma lab\u0101kai kutikulas grie\u0161anai<br \/>\n\u25cf augsta ciet\u012bba un gludums<br \/>\n\u25cf augsta produkta iztur\u012bba<\/p>\n<p>Instrumenti STALEKS \u2013 tas ir augst\u0101k\u0101s klases ner\u016bs\u0113jo\u0161\u0101, \u0137irur\u0123isk\u0101 t\u0113rauda savienojums ar izcilu profesionalit\u0101ti. Pateicoties tam, ka katrs instruments tiek uzasin\u0101ts manu\u0101li, grie\u017eam\u0101s malas \u013coti ilgi saglab\u0101 savu asumu, \u013caujot veikt kvalitat\u012bvu manik\u012bru un pedik\u012bru. Ner\u016bs\u0113jo\u0161ais, medic\u012bn\u0101 lietojamais t\u0113rauds, no k\u0101 tiek izgatavoti visi STALEKS instrumenti ir pasarg\u0101ts pret koroziju.<\/p>\n<hr \/>\n<table width=\"870\">\n<tbody>\n<tr>\n<td colspan=\"10\" width=\"870\"><span style=\"font-size: 12px;\">Ra\u017eot\u0101js saska\u0146\u0101 ar GPSR: STALEKS SP. Z O.O., Williama Heerleina Lindleya 16, 02-013 Warszawa, Poland, store@staleks.com<\/span><\/td>\n<\/tr>\n<\/tbody>\n<\/table>\n<p>&nbsp;<\/p>\n","protected":false},"excerpt":{"rendered":"<p>Profesion\u0101las kutikulas \u0161\u0137\u0113res<\/p>\n<p>Asmens forma: klasiska<br \/>\nRoktura forma: taisna<br \/>\nRoktura garums: vid\u0113js S<br \/>\nModelis: EXCLUSIVE [SX-22\/1]<\/p>\n","protected":false},"featured_media":9089,"comment_status":"open","ping_status":"closed","template":"","meta":[],"product_brand":[2850],"product_cat":[3146,1438],"product_tag":[1942],"class_list":{"0":"post-9088","1":"product","2":"type-product","3":"status-publish","4":"has-post-thumbnail","6":"product_brand-staleks","7":"product_cat-skeres","8":"product_cat-staleks-lv","9":"product_tag-akcijas","11":"first","12":"instock","13":"sale","14":"taxable","15":"shipping-taxable","16":"purchasable","17":"product-type-simple"},"yoast_head":"<!-- This site is optimized with the Yoast SEO Premium plugin v23.0 (Yoast SEO v26.9) - https:\/\/yoast.com\/product\/yoast-seo-premium-wordpress\/ -->\n<title>Beauty Baltic &#183; STALEKS Profesion\u0101l\u0101s \u0161\u0137\u0113res EXCLUSIVE MAGNOLIA [SX-22\/1]<\/title>\n<meta name=\"robots\" content=\"index, follow, max-snippet:-1, max-image-preview:large, max-video-preview:-1\" \/>\n<link rel=\"canonical\" href=\"https:\/\/beautybaltic.com\/?product=staleks-profesionalas-skeres-exclusive-magnolia-sx-22-1&lang=lv\" \/>\n<meta property=\"og:locale\" content=\"en_US\" \/>\n<meta property=\"og:type\" content=\"article\" \/>\n<meta property=\"og:title\" content=\"STALEKS Profesion\u0101l\u0101s \u0161\u0137\u0113res EXCLUSIVE MAGNOLIA [SX-22\/1]\" \/>\n<meta property=\"og:description\" content=\"Profesion\u0101las kutikulas \u0161\u0137\u0113res  Asmens forma: klasiska Roktura forma: taisna Roktura garums: vid\u0113js S Modelis: EXCLUSIVE [SX-22\/1]\" \/>\n<meta property=\"og:url\" content=\"https:\/\/beautybaltic.com\/?product=staleks-profesionalas-skeres-exclusive-magnolia-sx-22-1&amp;lang=lv\" \/>\n<meta property=\"og:site_name\" content=\"Beauty Baltic\" \/>\n<meta property=\"article:publisher\" content=\"https:\/\/www.facebook.com\/siabeautybaltic\/?eid=ARDs6xwwnnHaxWoXNQhS1sgYf1tbsdYaa9nRKgzW46Bm5i4PkSKw97xrztQlMJEv9gOVxTp-o3Sq_Uwq\" \/>\n<meta property=\"article:modified_time\" content=\"2026-03-28T20:22:55+00:00\" \/>\n<meta property=\"og:image\" content=\"https:\/\/beautybaltic.com\/wp-content\/uploads\/2023\/03\/SX-22-1_1-n-scaled.png\" \/>\n\t<meta property=\"og:image:width\" content=\"1712\" \/>\n\t<meta property=\"og:image:height\" content=\"2560\" \/>\n\t<meta property=\"og:image:type\" content=\"image\/png\" \/>\n<meta name=\"twitter:card\" content=\"summary_large_image\" \/>\n<meta name=\"twitter:label1\" content=\"Est. reading time\" \/>\n\t<meta name=\"twitter:data1\" content=\"1 minute\" \/>\n<script type=\"application\/ld+json\" class=\"yoast-schema-graph\">{\"@context\":\"https:\/\/schema.org\",\"@graph\":[{\"@type\":\"WebPage\",\"@id\":\"https:\/\/beautybaltic.com\/?product=staleks-profesionalas-skeres-exclusive-magnolia-sx-22-1&lang=lv\",\"url\":\"https:\/\/beautybaltic.com\/?product=staleks-profesionalas-skeres-exclusive-magnolia-sx-22-1&lang=lv\",\"name\":\"Beauty Baltic &#183; STALEKS Profesion\u0101l\u0101s \u0161\u0137\u0113res EXCLUSIVE MAGNOLIA [SX-22\/1]\",\"isPartOf\":{\"@id\":\"https:\/\/beautybaltic.com\/#website\"},\"primaryImageOfPage\":{\"@id\":\"https:\/\/beautybaltic.com\/?product=staleks-profesionalas-skeres-exclusive-magnolia-sx-22-1&lang=lv#primaryimage\"},\"image\":{\"@id\":\"https:\/\/beautybaltic.com\/?product=staleks-profesionalas-skeres-exclusive-magnolia-sx-22-1&lang=lv#primaryimage\"},\"thumbnailUrl\":\"https:\/\/beautybaltic.com\/wp-content\/uploads\/2023\/03\/SX-22-1_1-n-scaled.png\",\"datePublished\":\"2023-03-27T12:32:00+00:00\",\"dateModified\":\"2026-03-28T20:22:55+00:00\",\"breadcrumb\":{\"@id\":\"https:\/\/beautybaltic.com\/?product=staleks-profesionalas-skeres-exclusive-magnolia-sx-22-1&lang=lv#breadcrumb\"},\"inLanguage\":\"en-US\",\"potentialAction\":[{\"@type\":\"ReadAction\",\"target\":[\"https:\/\/beautybaltic.com\/?product=staleks-profesionalas-skeres-exclusive-magnolia-sx-22-1&lang=lv\"]}]},{\"@type\":\"ImageObject\",\"inLanguage\":\"en-US\",\"@id\":\"https:\/\/beautybaltic.com\/?product=staleks-profesionalas-skeres-exclusive-magnolia-sx-22-1&lang=lv#primaryimage\",\"url\":\"https:\/\/beautybaltic.com\/wp-content\/uploads\/2023\/03\/SX-22-1_1-n-scaled.png\",\"contentUrl\":\"https:\/\/beautybaltic.com\/wp-content\/uploads\/2023\/03\/SX-22-1_1-n-scaled.png\",\"width\":1712,\"height\":2560},{\"@type\":\"BreadcrumbList\",\"@id\":\"https:\/\/beautybaltic.com\/?product=staleks-profesionalas-skeres-exclusive-magnolia-sx-22-1&lang=lv#breadcrumb\",\"itemListElement\":[{\"@type\":\"ListItem\",\"position\":1,\"name\":\"Home Page\",\"item\":\"https:\/\/beautybaltic.com\/\"},{\"@type\":\"ListItem\",\"position\":2,\"name\":\"All products\",\"item\":\"https:\/\/beautybaltic.com\/?page_id=113\"},{\"@type\":\"ListItem\",\"position\":3,\"name\":\"STALEKS Profesion\u0101l\u0101s \u0161\u0137\u0113res EXCLUSIVE MAGNOLIA [SX-22\/1]\"}]},{\"@type\":\"WebSite\",\"@id\":\"https:\/\/beautybaltic.com\/#website\",\"url\":\"https:\/\/beautybaltic.com\/\",\"name\":\"Beauty Baltic\",\"description\":\"\",\"publisher\":{\"@id\":\"https:\/\/beautybaltic.com\/#organization\"},\"potentialAction\":[{\"@type\":\"SearchAction\",\"target\":{\"@type\":\"EntryPoint\",\"urlTemplate\":\"https:\/\/beautybaltic.com\/?s={search_term_string}\"},\"query-input\":{\"@type\":\"PropertyValueSpecification\",\"valueRequired\":true,\"valueName\":\"search_term_string\"}}],\"inLanguage\":\"en-US\"},{\"@type\":\"Organization\",\"@id\":\"https:\/\/beautybaltic.com\/#organization\",\"name\":\"SIA \\\"Beauty Baltic\\\"\",\"url\":\"https:\/\/beautybaltic.com\/\",\"logo\":{\"@type\":\"ImageObject\",\"inLanguage\":\"en-US\",\"@id\":\"https:\/\/beautybaltic.com\/#\/schema\/logo\/image\/\",\"url\":\"https:\/\/beautybaltic.com\/wp-content\/uploads\/2020\/04\/logo-4.png\",\"contentUrl\":\"https:\/\/beautybaltic.com\/wp-content\/uploads\/2020\/04\/logo-4.png\",\"width\":704,\"height\":206,\"caption\":\"SIA \\\"Beauty Baltic\\\"\"},\"image\":{\"@id\":\"https:\/\/beautybaltic.com\/#\/schema\/logo\/image\/\"},\"sameAs\":[\"https:\/\/www.facebook.com\/siabeautybaltic\/?eid=ARDs6xwwnnHaxWoXNQhS1sgYf1tbsdYaa9nRKgzW46Bm5i4PkSKw97xrztQlMJEv9gOVxTp-o3Sq_Uwq\",\"https:\/\/www.instagram.com\/beauty_baltic\/\"]}]}<\/script>\n<!-- \/ Yoast SEO Premium plugin. -->","yoast_head_json":{"title":"Beauty Baltic &#183; STALEKS Profesion\u0101l\u0101s \u0161\u0137\u0113res EXCLUSIVE MAGNOLIA [SX-22\/1]","robots":{"index":"index","follow":"follow","max-snippet":"max-snippet:-1","max-image-preview":"max-image-preview:large","max-video-preview":"max-video-preview:-1"},"canonical":"https:\/\/beautybaltic.com\/?product=staleks-profesionalas-skeres-exclusive-magnolia-sx-22-1&lang=lv","og_locale":"en_US","og_type":"article","og_title":"STALEKS Profesion\u0101l\u0101s \u0161\u0137\u0113res EXCLUSIVE MAGNOLIA [SX-22\/1]","og_description":"Profesion\u0101las kutikulas \u0161\u0137\u0113res  Asmens forma: klasiska Roktura forma: taisna Roktura garums: vid\u0113js S Modelis: EXCLUSIVE [SX-22\/1]","og_url":"https:\/\/beautybaltic.com\/?product=staleks-profesionalas-skeres-exclusive-magnolia-sx-22-1&lang=lv","og_site_name":"Beauty Baltic","article_publisher":"https:\/\/www.facebook.com\/siabeautybaltic\/?eid=ARDs6xwwnnHaxWoXNQhS1sgYf1tbsdYaa9nRKgzW46Bm5i4PkSKw97xrztQlMJEv9gOVxTp-o3Sq_Uwq","article_modified_time":"2026-03-28T20:22:55+00:00","og_image":[{"width":1712,"height":2560,"url":"https:\/\/beautybaltic.com\/wp-content\/uploads\/2023\/03\/SX-22-1_1-n-scaled.png","type":"image\/png"}],"twitter_card":"summary_large_image","twitter_misc":{"Est. reading time":"1 minute"},"schema":{"@context":"https:\/\/schema.org","@graph":[{"@type":"WebPage","@id":"https:\/\/beautybaltic.com\/?product=staleks-profesionalas-skeres-exclusive-magnolia-sx-22-1&lang=lv","url":"https:\/\/beautybaltic.com\/?product=staleks-profesionalas-skeres-exclusive-magnolia-sx-22-1&lang=lv","name":"Beauty Baltic &#183; STALEKS Profesion\u0101l\u0101s \u0161\u0137\u0113res EXCLUSIVE MAGNOLIA [SX-22\/1]","isPartOf":{"@id":"https:\/\/beautybaltic.com\/#website"},"primaryImageOfPage":{"@id":"https:\/\/beautybaltic.com\/?product=staleks-profesionalas-skeres-exclusive-magnolia-sx-22-1&lang=lv#primaryimage"},"image":{"@id":"https:\/\/beautybaltic.com\/?product=staleks-profesionalas-skeres-exclusive-magnolia-sx-22-1&lang=lv#primaryimage"},"thumbnailUrl":"https:\/\/beautybaltic.com\/wp-content\/uploads\/2023\/03\/SX-22-1_1-n-scaled.png","datePublished":"2023-03-27T12:32:00+00:00","dateModified":"2026-03-28T20:22:55+00:00","breadcrumb":{"@id":"https:\/\/beautybaltic.com\/?product=staleks-profesionalas-skeres-exclusive-magnolia-sx-22-1&lang=lv#breadcrumb"},"inLanguage":"en-US","potentialAction":[{"@type":"ReadAction","target":["https:\/\/beautybaltic.com\/?product=staleks-profesionalas-skeres-exclusive-magnolia-sx-22-1&lang=lv"]}]},{"@type":"ImageObject","inLanguage":"en-US","@id":"https:\/\/beautybaltic.com\/?product=staleks-profesionalas-skeres-exclusive-magnolia-sx-22-1&lang=lv#primaryimage","url":"https:\/\/beautybaltic.com\/wp-content\/uploads\/2023\/03\/SX-22-1_1-n-scaled.png","contentUrl":"https:\/\/beautybaltic.com\/wp-content\/uploads\/2023\/03\/SX-22-1_1-n-scaled.png","width":1712,"height":2560},{"@type":"BreadcrumbList","@id":"https:\/\/beautybaltic.com\/?product=staleks-profesionalas-skeres-exclusive-magnolia-sx-22-1&lang=lv#breadcrumb","itemListElement":[{"@type":"ListItem","position":1,"name":"Home Page","item":"https:\/\/beautybaltic.com\/"},{"@type":"ListItem","position":2,"name":"All products","item":"https:\/\/beautybaltic.com\/?page_id=113"},{"@type":"ListItem","position":3,"name":"STALEKS Profesion\u0101l\u0101s \u0161\u0137\u0113res EXCLUSIVE MAGNOLIA [SX-22\/1]"}]},{"@type":"WebSite","@id":"https:\/\/beautybaltic.com\/#website","url":"https:\/\/beautybaltic.com\/","name":"Beauty Baltic","description":"","publisher":{"@id":"https:\/\/beautybaltic.com\/#organization"},"potentialAction":[{"@type":"SearchAction","target":{"@type":"EntryPoint","urlTemplate":"https:\/\/beautybaltic.com\/?s={search_term_string}"},"query-input":{"@type":"PropertyValueSpecification","valueRequired":true,"valueName":"search_term_string"}}],"inLanguage":"en-US"},{"@type":"Organization","@id":"https:\/\/beautybaltic.com\/#organization","name":"SIA \"Beauty Baltic\"","url":"https:\/\/beautybaltic.com\/","logo":{"@type":"ImageObject","inLanguage":"en-US","@id":"https:\/\/beautybaltic.com\/#\/schema\/logo\/image\/","url":"https:\/\/beautybaltic.com\/wp-content\/uploads\/2020\/04\/logo-4.png","contentUrl":"https:\/\/beautybaltic.com\/wp-content\/uploads\/2020\/04\/logo-4.png","width":704,"height":206,"caption":"SIA \"Beauty Baltic\""},"image":{"@id":"https:\/\/beautybaltic.com\/#\/schema\/logo\/image\/"},"sameAs":["https:\/\/www.facebook.com\/siabeautybaltic\/?eid=ARDs6xwwnnHaxWoXNQhS1sgYf1tbsdYaa9nRKgzW46Bm5i4PkSKw97xrztQlMJEv9gOVxTp-o3Sq_Uwq","https:\/\/www.instagram.com\/beauty_baltic\/"]}]}},"_links":{"self":[{"href":"https:\/\/beautybaltic.com\/index.php?rest_route=\/wp\/v2\/product\/9088","targetHints":{"allow":["GET"]}}],"collection":[{"href":"https:\/\/beautybaltic.com\/index.php?rest_route=\/wp\/v2\/product"}],"about":[{"href":"https:\/\/beautybaltic.com\/index.php?rest_route=\/wp\/v2\/types\/product"}],"replies":[{"embeddable":true,"href":"https:\/\/beautybaltic.com\/index.php?rest_route=%2Fwp%2Fv2%2Fcomments&post=9088"}],"wp:featuredmedia":[{"embeddable":true,"href":"https:\/\/beautybaltic.com\/index.php?rest_route=\/wp\/v2\/media\/9089"}],"wp:attachment":[{"href":"https:\/\/beautybaltic.com\/index.php?rest_route=%2Fwp%2Fv2%2Fmedia&parent=9088"}],"wp:term":[{"taxonomy":"product_brand","embeddable":true,"href":"https:\/\/beautybaltic.com\/index.php?rest_route=%2Fwp%2Fv2%2Fproduct_brand&post=9088"},{"taxonomy":"product_cat","embeddable":true,"href":"https:\/\/beautybaltic.com\/index.php?rest_route=%2Fwp%2Fv2%2Fproduct_cat&post=9088"},{"taxonomy":"product_tag","embeddable":true,"href":"https:\/\/beautybaltic.com\/index.php?rest_route=%2Fwp%2Fv2%2Fproduct_tag&post=9088"}],"curies":[{"name":"wp","href":"https:\/\/api.w.org\/{rel}","templated":true}]}}