{"id":5632,"date":"2022-02-27T18:20:56","date_gmt":"2022-02-27T15:20:56","guid":{"rendered":"https:\/\/beautybaltic.com\/?post_type=product&#038;p=5632"},"modified":"2026-03-24T22:50:45","modified_gmt":"2026-03-24T19:50:45","slug":"silikona-puletajs-3-32-%e2%8c%801024mm-zals-c","status":"publish","type":"product","link":"https:\/\/beautybaltic.com\/?product=silikona-puletajs-3-32-%E2%8C%801024mm-zals-c&lang=lv","title":{"rendered":"Silikona pul\u0113t\u0101js, 3\/32&#8243;, \u230010*24mm, Za\u013c\u0161 (C)"},"content":{"rendered":"<p>Silikona pul\u0113t\u0101js.<\/p>\n<p>Izmanto aparat\u016bras manik\u012br\u0101 un pedik\u012br\u0101.<\/p>\n<p>Kr\u0101sa: za\u013ca (C)<\/p>\n<p>Pul\u0113t\u0101ja izm\u0113rs: \u230010mm \/ L 24mm<\/p>\n<p>K\u0101ta diametrs: 3\/32&#8243; (2.35 mm)<\/p>\n","protected":false},"excerpt":{"rendered":"<p>Silikona pul\u0113t\u0101js. Izmanto aparat\u016bras manik\u012br\u0101 un pedik\u012br\u0101. Kr\u0101sa: za\u013ca (C) Pul\u0113t\u0101ja izm\u0113rs: \u230010mm \/ L 24mm K\u0101ta diametrs: 3\/32&#8243; (2.35 mm)<\/p>\n","protected":false},"featured_media":6133,"comment_status":"open","ping_status":"closed","template":"","meta":[],"product_brand":[3375],"product_cat":[1145],"product_tag":[],"class_list":{"0":"post-5632","1":"product","2":"type-product","3":"status-publish","4":"has-post-thumbnail","6":"product_brand-wuxi-yaqin-trading-co","7":"product_cat-freze_pulesanai","9":"first","10":"instock","11":"taxable","12":"shipping-taxable","13":"purchasable","14":"product-type-simple"},"yoast_head":"<!-- This site is optimized with the Yoast SEO Premium plugin v23.0 (Yoast SEO v26.9) - https:\/\/yoast.com\/product\/yoast-seo-premium-wordpress\/ -->\n<title>Beauty Baltic &#183; Silikona pul\u0113t\u0101js, 3\/32&quot;, \u230010*24mm, Za\u013c\u0161 (C)<\/title>\n<meta name=\"robots\" content=\"index, follow, max-snippet:-1, max-image-preview:large, max-video-preview:-1\" \/>\n<link rel=\"canonical\" href=\"https:\/\/beautybaltic.com\/?product=silikona-puletajs-3-32-\u23001024mm-zals-c&lang=lv\" \/>\n<meta property=\"og:locale\" content=\"en_US\" \/>\n<meta property=\"og:type\" content=\"article\" \/>\n<meta property=\"og:title\" content=\"Silikona pul\u0113t\u0101js, 3\/32&quot;, \u230010*24mm, Za\u013c\u0161 (C)\" \/>\n<meta property=\"og:description\" content=\"Silikona pul\u0113t\u0101js. Izmanto aparat\u016bras manik\u012br\u0101 un pedik\u012br\u0101. Kr\u0101sa: za\u013ca (C) Pul\u0113t\u0101ja izm\u0113rs: \u230010mm \/ L 24mm K\u0101ta diametrs: 3\/32&#8243; (2.35 mm)\" \/>\n<meta property=\"og:url\" content=\"https:\/\/beautybaltic.com\/?product=silikona-puletajs-3-32-\u23001024mm-zals-c&amp;lang=lv\" \/>\n<meta property=\"og:site_name\" content=\"Beauty Baltic\" \/>\n<meta property=\"article:publisher\" content=\"https:\/\/www.facebook.com\/siabeautybaltic\/?eid=ARDs6xwwnnHaxWoXNQhS1sgYf1tbsdYaa9nRKgzW46Bm5i4PkSKw97xrztQlMJEv9gOVxTp-o3Sq_Uwq\" \/>\n<meta property=\"article:modified_time\" content=\"2026-03-24T19:50:45+00:00\" \/>\n<meta property=\"og:image\" content=\"https:\/\/beautybaltic.com\/wp-content\/uploads\/2020\/11\/Silicone-L-Green-2.jpg\" \/>\n\t<meta property=\"og:image:width\" content=\"2000\" \/>\n\t<meta property=\"og:image:height\" content=\"2000\" \/>\n\t<meta property=\"og:image:type\" content=\"image\/jpeg\" \/>\n<meta name=\"twitter:card\" content=\"summary_large_image\" \/>\n<meta name=\"twitter:label1\" content=\"Est. reading time\" \/>\n\t<meta name=\"twitter:data1\" content=\"1 minute\" \/>\n<script type=\"application\/ld+json\" class=\"yoast-schema-graph\">{\"@context\":\"https:\/\/schema.org\",\"@graph\":[{\"@type\":\"WebPage\",\"@id\":\"https:\/\/beautybaltic.com\/?product=silikona-puletajs-3-32-%E2%8C%801024mm-zals-c&lang=lv\",\"url\":\"https:\/\/beautybaltic.com\/?product=silikona-puletajs-3-32-%E2%8C%801024mm-zals-c&lang=lv\",\"name\":\"Beauty Baltic &#183; Silikona pul\u0113t\u0101js, 3\/32\\\", \u230010*24mm, Za\u013c\u0161 (C)\",\"isPartOf\":{\"@id\":\"https:\/\/beautybaltic.com\/#website\"},\"primaryImageOfPage\":{\"@id\":\"https:\/\/beautybaltic.com\/?product=silikona-puletajs-3-32-%E2%8C%801024mm-zals-c&lang=lv#primaryimage\"},\"image\":{\"@id\":\"https:\/\/beautybaltic.com\/?product=silikona-puletajs-3-32-%E2%8C%801024mm-zals-c&lang=lv#primaryimage\"},\"thumbnailUrl\":\"https:\/\/beautybaltic.com\/wp-content\/uploads\/2020\/11\/Silicone-L-Green-2.jpg\",\"datePublished\":\"2022-02-27T15:20:56+00:00\",\"dateModified\":\"2026-03-24T19:50:45+00:00\",\"breadcrumb\":{\"@id\":\"https:\/\/beautybaltic.com\/?product=silikona-puletajs-3-32-%E2%8C%801024mm-zals-c&lang=lv#breadcrumb\"},\"inLanguage\":\"en-US\",\"potentialAction\":[{\"@type\":\"ReadAction\",\"target\":[\"https:\/\/beautybaltic.com\/?product=silikona-puletajs-3-32-%E2%8C%801024mm-zals-c&lang=lv\"]}]},{\"@type\":\"ImageObject\",\"inLanguage\":\"en-US\",\"@id\":\"https:\/\/beautybaltic.com\/?product=silikona-puletajs-3-32-%E2%8C%801024mm-zals-c&lang=lv#primaryimage\",\"url\":\"https:\/\/beautybaltic.com\/wp-content\/uploads\/2020\/11\/Silicone-L-Green-2.jpg\",\"contentUrl\":\"https:\/\/beautybaltic.com\/wp-content\/uploads\/2020\/11\/Silicone-L-Green-2.jpg\",\"width\":2000,\"height\":2000},{\"@type\":\"BreadcrumbList\",\"@id\":\"https:\/\/beautybaltic.com\/?product=silikona-puletajs-3-32-%E2%8C%801024mm-zals-c&lang=lv#breadcrumb\",\"itemListElement\":[{\"@type\":\"ListItem\",\"position\":1,\"name\":\"Home Page\",\"item\":\"https:\/\/beautybaltic.com\/\"},{\"@type\":\"ListItem\",\"position\":2,\"name\":\"All products\",\"item\":\"https:\/\/beautybaltic.com\/?page_id=113\"},{\"@type\":\"ListItem\",\"position\":3,\"name\":\"Silikona pul\u0113t\u0101js, 3\/32&#8243;, \u230010*24mm, Za\u013c\u0161 (C)\"}]},{\"@type\":\"WebSite\",\"@id\":\"https:\/\/beautybaltic.com\/#website\",\"url\":\"https:\/\/beautybaltic.com\/\",\"name\":\"Beauty Baltic\",\"description\":\"\",\"publisher\":{\"@id\":\"https:\/\/beautybaltic.com\/#organization\"},\"potentialAction\":[{\"@type\":\"SearchAction\",\"target\":{\"@type\":\"EntryPoint\",\"urlTemplate\":\"https:\/\/beautybaltic.com\/?s={search_term_string}\"},\"query-input\":{\"@type\":\"PropertyValueSpecification\",\"valueRequired\":true,\"valueName\":\"search_term_string\"}}],\"inLanguage\":\"en-US\"},{\"@type\":\"Organization\",\"@id\":\"https:\/\/beautybaltic.com\/#organization\",\"name\":\"SIA \\\"Beauty Baltic\\\"\",\"url\":\"https:\/\/beautybaltic.com\/\",\"logo\":{\"@type\":\"ImageObject\",\"inLanguage\":\"en-US\",\"@id\":\"https:\/\/beautybaltic.com\/#\/schema\/logo\/image\/\",\"url\":\"https:\/\/beautybaltic.com\/wp-content\/uploads\/2020\/04\/logo-4.png\",\"contentUrl\":\"https:\/\/beautybaltic.com\/wp-content\/uploads\/2020\/04\/logo-4.png\",\"width\":704,\"height\":206,\"caption\":\"SIA \\\"Beauty Baltic\\\"\"},\"image\":{\"@id\":\"https:\/\/beautybaltic.com\/#\/schema\/logo\/image\/\"},\"sameAs\":[\"https:\/\/www.facebook.com\/siabeautybaltic\/?eid=ARDs6xwwnnHaxWoXNQhS1sgYf1tbsdYaa9nRKgzW46Bm5i4PkSKw97xrztQlMJEv9gOVxTp-o3Sq_Uwq\",\"https:\/\/www.instagram.com\/beauty_baltic\/\"]}]}<\/script>\n<!-- \/ Yoast SEO Premium plugin. -->","yoast_head_json":{"title":"Beauty Baltic &#183; Silikona pul\u0113t\u0101js, 3\/32\", \u230010*24mm, Za\u013c\u0161 (C)","robots":{"index":"index","follow":"follow","max-snippet":"max-snippet:-1","max-image-preview":"max-image-preview:large","max-video-preview":"max-video-preview:-1"},"canonical":"https:\/\/beautybaltic.com\/?product=silikona-puletajs-3-32-\u23001024mm-zals-c&lang=lv","og_locale":"en_US","og_type":"article","og_title":"Silikona pul\u0113t\u0101js, 3\/32\", \u230010*24mm, Za\u013c\u0161 (C)","og_description":"Silikona pul\u0113t\u0101js. Izmanto aparat\u016bras manik\u012br\u0101 un pedik\u012br\u0101. Kr\u0101sa: za\u013ca (C) Pul\u0113t\u0101ja izm\u0113rs: \u230010mm \/ L 24mm K\u0101ta diametrs: 3\/32&#8243; (2.35 mm)","og_url":"https:\/\/beautybaltic.com\/?product=silikona-puletajs-3-32-\u23001024mm-zals-c&lang=lv","og_site_name":"Beauty Baltic","article_publisher":"https:\/\/www.facebook.com\/siabeautybaltic\/?eid=ARDs6xwwnnHaxWoXNQhS1sgYf1tbsdYaa9nRKgzW46Bm5i4PkSKw97xrztQlMJEv9gOVxTp-o3Sq_Uwq","article_modified_time":"2026-03-24T19:50:45+00:00","og_image":[{"width":2000,"height":2000,"url":"https:\/\/beautybaltic.com\/wp-content\/uploads\/2020\/11\/Silicone-L-Green-2.jpg","type":"image\/jpeg"}],"twitter_card":"summary_large_image","twitter_misc":{"Est. reading time":"1 minute"},"schema":{"@context":"https:\/\/schema.org","@graph":[{"@type":"WebPage","@id":"https:\/\/beautybaltic.com\/?product=silikona-puletajs-3-32-%E2%8C%801024mm-zals-c&lang=lv","url":"https:\/\/beautybaltic.com\/?product=silikona-puletajs-3-32-%E2%8C%801024mm-zals-c&lang=lv","name":"Beauty Baltic &#183; Silikona pul\u0113t\u0101js, 3\/32\", \u230010*24mm, Za\u013c\u0161 (C)","isPartOf":{"@id":"https:\/\/beautybaltic.com\/#website"},"primaryImageOfPage":{"@id":"https:\/\/beautybaltic.com\/?product=silikona-puletajs-3-32-%E2%8C%801024mm-zals-c&lang=lv#primaryimage"},"image":{"@id":"https:\/\/beautybaltic.com\/?product=silikona-puletajs-3-32-%E2%8C%801024mm-zals-c&lang=lv#primaryimage"},"thumbnailUrl":"https:\/\/beautybaltic.com\/wp-content\/uploads\/2020\/11\/Silicone-L-Green-2.jpg","datePublished":"2022-02-27T15:20:56+00:00","dateModified":"2026-03-24T19:50:45+00:00","breadcrumb":{"@id":"https:\/\/beautybaltic.com\/?product=silikona-puletajs-3-32-%E2%8C%801024mm-zals-c&lang=lv#breadcrumb"},"inLanguage":"en-US","potentialAction":[{"@type":"ReadAction","target":["https:\/\/beautybaltic.com\/?product=silikona-puletajs-3-32-%E2%8C%801024mm-zals-c&lang=lv"]}]},{"@type":"ImageObject","inLanguage":"en-US","@id":"https:\/\/beautybaltic.com\/?product=silikona-puletajs-3-32-%E2%8C%801024mm-zals-c&lang=lv#primaryimage","url":"https:\/\/beautybaltic.com\/wp-content\/uploads\/2020\/11\/Silicone-L-Green-2.jpg","contentUrl":"https:\/\/beautybaltic.com\/wp-content\/uploads\/2020\/11\/Silicone-L-Green-2.jpg","width":2000,"height":2000},{"@type":"BreadcrumbList","@id":"https:\/\/beautybaltic.com\/?product=silikona-puletajs-3-32-%E2%8C%801024mm-zals-c&lang=lv#breadcrumb","itemListElement":[{"@type":"ListItem","position":1,"name":"Home Page","item":"https:\/\/beautybaltic.com\/"},{"@type":"ListItem","position":2,"name":"All products","item":"https:\/\/beautybaltic.com\/?page_id=113"},{"@type":"ListItem","position":3,"name":"Silikona pul\u0113t\u0101js, 3\/32&#8243;, \u230010*24mm, Za\u013c\u0161 (C)"}]},{"@type":"WebSite","@id":"https:\/\/beautybaltic.com\/#website","url":"https:\/\/beautybaltic.com\/","name":"Beauty Baltic","description":"","publisher":{"@id":"https:\/\/beautybaltic.com\/#organization"},"potentialAction":[{"@type":"SearchAction","target":{"@type":"EntryPoint","urlTemplate":"https:\/\/beautybaltic.com\/?s={search_term_string}"},"query-input":{"@type":"PropertyValueSpecification","valueRequired":true,"valueName":"search_term_string"}}],"inLanguage":"en-US"},{"@type":"Organization","@id":"https:\/\/beautybaltic.com\/#organization","name":"SIA \"Beauty Baltic\"","url":"https:\/\/beautybaltic.com\/","logo":{"@type":"ImageObject","inLanguage":"en-US","@id":"https:\/\/beautybaltic.com\/#\/schema\/logo\/image\/","url":"https:\/\/beautybaltic.com\/wp-content\/uploads\/2020\/04\/logo-4.png","contentUrl":"https:\/\/beautybaltic.com\/wp-content\/uploads\/2020\/04\/logo-4.png","width":704,"height":206,"caption":"SIA \"Beauty Baltic\""},"image":{"@id":"https:\/\/beautybaltic.com\/#\/schema\/logo\/image\/"},"sameAs":["https:\/\/www.facebook.com\/siabeautybaltic\/?eid=ARDs6xwwnnHaxWoXNQhS1sgYf1tbsdYaa9nRKgzW46Bm5i4PkSKw97xrztQlMJEv9gOVxTp-o3Sq_Uwq","https:\/\/www.instagram.com\/beauty_baltic\/"]}]}},"_links":{"self":[{"href":"https:\/\/beautybaltic.com\/index.php?rest_route=\/wp\/v2\/product\/5632","targetHints":{"allow":["GET"]}}],"collection":[{"href":"https:\/\/beautybaltic.com\/index.php?rest_route=\/wp\/v2\/product"}],"about":[{"href":"https:\/\/beautybaltic.com\/index.php?rest_route=\/wp\/v2\/types\/product"}],"replies":[{"embeddable":true,"href":"https:\/\/beautybaltic.com\/index.php?rest_route=%2Fwp%2Fv2%2Fcomments&post=5632"}],"wp:featuredmedia":[{"embeddable":true,"href":"https:\/\/beautybaltic.com\/index.php?rest_route=\/wp\/v2\/media\/6133"}],"wp:attachment":[{"href":"https:\/\/beautybaltic.com\/index.php?rest_route=%2Fwp%2Fv2%2Fmedia&parent=5632"}],"wp:term":[{"taxonomy":"product_brand","embeddable":true,"href":"https:\/\/beautybaltic.com\/index.php?rest_route=%2Fwp%2Fv2%2Fproduct_brand&post=5632"},{"taxonomy":"product_cat","embeddable":true,"href":"https:\/\/beautybaltic.com\/index.php?rest_route=%2Fwp%2Fv2%2Fproduct_cat&post=5632"},{"taxonomy":"product_tag","embeddable":true,"href":"https:\/\/beautybaltic.com\/index.php?rest_route=%2Fwp%2Fv2%2Fproduct_tag&post=5632"}],"curies":[{"name":"wp","href":"https:\/\/api.w.org\/{rel}","templated":true}]}}