{"id":4980,"date":"2022-02-20T16:33:56","date_gmt":"2022-02-20T13:33:56","guid":{"rendered":"https:\/\/beautybaltic.com\/?post_type=product&#038;p=4980"},"modified":"2026-03-24T14:01:14","modified_gmt":"2026-03-24T11:01:14","slug":"frezes-iekarta-marathon-m3-champion-set-ar-sh30n-rokturi-un-sfp27-pedali","status":"publish","type":"product","link":"https:\/\/beautybaltic.com\/?product=frezes-iekarta-marathon-m3-champion-set-ar-sh30n-rokturi-un-sfp27-pedali&lang=lv","title":{"rendered":"Fr\u0113zes iek\u0101rta Marathon M3 Champion SET ar H200 rokturi un SFP27 ped\u0101li"},"content":{"rendered":"<p style=\"font-weight: 400;\">Fr\u0113zes iek\u0101rta Marathon M3 Champion SET ar H200 rokturi un SFP27 ped\u0101li &#8211; profesion\u0101la ier\u012bce apar\u0101ta manik\u012bram, pedik\u012bram un nagu korekcijai. Kompakta ier\u012bce manik\u012bra, pedik\u012bra un nagu proced\u016bru veik\u0161anai. Mikrodzin\u0113ja jauda ir 45 W, apgriezienu \u0101trums \u2013 30 000 apgr.\/min, ir reversa funkcija.<\/p>\n<p>Ra\u017eot\u0101js: SAEYANG MICROTECH CO.,LTD, Koreja,\u00a0 saeyang.com<\/p>\n<p style=\"font-weight: 400;\">Komplekt\u0101cija:<\/p>\n<ul style=\"font-weight: 400;\">\n<li>Fr\u0113zes on\/off ped\u0101lis SFP27<\/li>\n<li>Vad\u012b\u0161anas bloks Marathon M3 Champion<\/li>\n<li>Mikrodzin\u0113js H200<\/li>\n<li>Uzga\u013cu paliktnis<\/li>\n<li>Atsl\u0113ga<\/li>\n<\/ul>\n<p style=\"font-weight: 400;\"><b><strong>Rekomend\u0101cijas<\/strong><\/b>: lai j\u016bsu fr\u0113zes apar\u0101ts str\u0101d\u0101tu ilg\u0101k, iev\u0113rojiet sekojo\u0161us noteikumus:<\/p>\n<ol style=\"font-weight: 400;\">\n<li>Neiesl\u0113dziet apar\u0101tu un neaiztaisiet ciet rokturi bez fr\u0113zes.<\/li>\n<li>Nep\u0101rsl\u0113dziet reversu, kad ier\u012bce darbojas.<\/li>\n<li>Nep\u0101rslodz\u0113jiet fr\u0113zi ar smagiem uzga\u013ciem. Ja j\u016bsu fr\u0113z\u0113\u0161anas iek\u0101rta nav liel\u0101 izm\u0113ra, izmantojiet<br \/>\npedik\u012bram nelielus, vieglus uzga\u013cus, piem\u0113ram, kompoz\u012bta uzga\u013cus\u00a0<em>MUILTIBOR<\/em>.<\/li>\n<li>Regul\u0101ri att\u012briet fr\u0113zi no putek\u013ciem.<\/li>\n<li>Atcerieties, jo maz\u0101ks ir \u0101trums, ar kuru J\u016bs str\u0101d\u0101jiet, jo komfortabl\u0101k jut\u012bsies klients, un jo ilg\u0101k jums kalpos pati fr\u0113zes iek\u0101rta un uzgalis.<\/li>\n<\/ol>\n<p>Garantija 1 gadu blokam un 6 m\u0113ne\u0161us mikrodzin\u0113jam (rokturim)<\/p>\n<p>Garantija nav sp\u0113k\u0101 sekojo\u0161os gad\u012bjums:<br \/>\na) Preces labo\u0161an\u0101 izmantotas neor\u0123in\u0101las deta\u013cas<br \/>\nb) Nepareizas lieto\u0161anas vai apkopes rezult\u0101t\u0101, vai, ja materi\u0101lam ir parasts nodilums lieto\u0161anas razult\u0101t\u0101<br \/>\nc) Prece ir lietota tai neparedz\u0101tiem m\u0113r\u0137iem<br \/>\nd) Boj\u0101jumi, kas radu\u0161ies pirc\u0113ja-lietot\u0101ja vaines d\u0113\u013c<br \/>\ne) Ja boj\u0101jums radies barojo\u0161\u0101 sprieguma, strauju temperet\u016bru sv\u0101rt\u012bbu d\u0113\u013c, k\u0101 ar\u012b citu sadz\u012bvess un \u0101r\u0113jo faktoru d\u0113\u013c (putek\u013ci, mitrums, sitieni un triecieni, skr\u0101p\u0113jumi)<br \/>\nf) Ja uz preces ir redzami patst\u0101v\u012bgi veikta remonta paz\u012bmes vai ar\u012b veiktas izmai\u0146as preces konstrukcij\u0101, ja uz preces ir redzami meh\u0101niski boj\u0101jumi.<br \/>\ng) Garantijas nosac\u012bjumi neattiecas uz preces papildus piederumiem jeb aksesu\u0101riem, k\u0101 ar\u012b uz mai\u0146as lamp\u0101m, pult\u012bm u.tml.<br \/>\nh) Ja ir veikts remonts neautoriz\u0113t\u0101 servis\u0101<br \/>\ni) Ja ir boj\u0101jumi, kuri radu\u0161ies transport\u0113\u0161anas laik\u0101.<\/p>\n","protected":false},"excerpt":{"rendered":"<p>Fr\u0113zes iek\u0101rta Marathon M3 Champion SET ar H200 rokturi un SFP27 ped\u0101li &#8211; profesion\u0101la ier\u012bce apar\u0101ta manik\u012bram, pedik\u012bram un nagu korekcijai. Kompakta ier\u012bce manik\u012bra, pedik\u012bra un nagu proced\u016bru veik\u0161anai. Mikrodzin\u0113ja jauda ir 45 W, apgriezienu \u0101trums \u2013 30 000 apgr.\/min, ir reversa funkcija. Ra\u017eot\u0101js: SAEYANG MICROTECH CO.,LTD, Koreja,\u00a0 saeyang.com Komplekt\u0101cija: Fr\u0113zes on\/off ped\u0101lis SFP27 Vad\u012b\u0161anas &hellip; <\/p>\n","protected":false},"featured_media":8871,"comment_status":"open","ping_status":"closed","template":"","meta":[],"product_brand":[3374],"product_cat":[1153],"product_tag":[1942],"class_list":{"0":"post-4980","1":"product","2":"type-product","3":"status-publish","4":"has-post-thumbnail","6":"product_brand-saeyang-microtech-co","7":"product_cat-manikira-aparati","8":"product_tag-akcijas","9":"product_shipping_class-delivery","11":"first","12":"instock","13":"sale","14":"taxable","15":"shipping-taxable","16":"purchasable","17":"product-type-simple"},"yoast_head":"<!-- This site is optimized with the Yoast SEO Premium plugin v23.0 (Yoast SEO v26.9) - https:\/\/yoast.com\/product\/yoast-seo-premium-wordpress\/ -->\n<title>Beauty Baltic &#183; Fr\u0113zes iek\u0101rta Marathon M3 Champion SET ar H200 rokturi un SFP27 ped\u0101li<\/title>\n<meta name=\"robots\" content=\"index, follow, max-snippet:-1, max-image-preview:large, max-video-preview:-1\" \/>\n<link rel=\"canonical\" href=\"https:\/\/beautybaltic.com\/?product=frezes-iekarta-marathon-m3-champion-set-ar-sh30n-rokturi-un-sfp27-pedali&lang=lv\" \/>\n<meta property=\"og:locale\" content=\"en_US\" \/>\n<meta property=\"og:type\" content=\"article\" \/>\n<meta property=\"og:title\" content=\"Fr\u0113zes iek\u0101rta Marathon M3 Champion SET ar H200 rokturi un SFP27 ped\u0101li\" \/>\n<meta property=\"og:description\" content=\"Fr\u0113zes iek\u0101rta Marathon M3 Champion SET ar H200 rokturi un SFP27 ped\u0101li &#8211; profesion\u0101la ier\u012bce apar\u0101ta manik\u012bram, pedik\u012bram un nagu korekcijai. Kompakta ier\u012bce manik\u012bra, pedik\u012bra un nagu proced\u016bru veik\u0161anai. Mikrodzin\u0113ja jauda ir 45 W, apgriezienu \u0101trums \u2013 30 000 apgr.\/min, ir reversa funkcija. Ra\u017eot\u0101js: SAEYANG MICROTECH CO.,LTD, Koreja,\u00a0 saeyang.com Komplekt\u0101cija: Fr\u0113zes on\/off ped\u0101lis SFP27 Vad\u012b\u0161anas &hellip;\" \/>\n<meta property=\"og:url\" content=\"https:\/\/beautybaltic.com\/?product=frezes-iekarta-marathon-m3-champion-set-ar-sh30n-rokturi-un-sfp27-pedali&amp;lang=lv\" \/>\n<meta property=\"og:site_name\" content=\"Beauty Baltic\" \/>\n<meta property=\"article:publisher\" content=\"https:\/\/www.facebook.com\/siabeautybaltic\/?eid=ARDs6xwwnnHaxWoXNQhS1sgYf1tbsdYaa9nRKgzW46Bm5i4PkSKw97xrztQlMJEv9gOVxTp-o3Sq_Uwq\" \/>\n<meta property=\"article:modified_time\" content=\"2026-03-24T11:01:14+00:00\" \/>\n<meta property=\"og:image\" content=\"https:\/\/beautybaltic.com\/wp-content\/uploads\/2021\/02\/nagu-freza-marathon-3-champion-white-h200-1.jpg\" \/>\n\t<meta property=\"og:image:width\" content=\"800\" \/>\n\t<meta property=\"og:image:height\" content=\"800\" \/>\n\t<meta property=\"og:image:type\" content=\"image\/jpeg\" \/>\n<meta name=\"twitter:card\" content=\"summary_large_image\" \/>\n<meta name=\"twitter:label1\" content=\"Est. reading time\" \/>\n\t<meta name=\"twitter:data1\" content=\"2 minutes\" \/>\n<script type=\"application\/ld+json\" class=\"yoast-schema-graph\">{\"@context\":\"https:\/\/schema.org\",\"@graph\":[{\"@type\":\"WebPage\",\"@id\":\"https:\/\/beautybaltic.com\/?product=frezes-iekarta-marathon-m3-champion-set-ar-sh30n-rokturi-un-sfp27-pedali&lang=lv\",\"url\":\"https:\/\/beautybaltic.com\/?product=frezes-iekarta-marathon-m3-champion-set-ar-sh30n-rokturi-un-sfp27-pedali&lang=lv\",\"name\":\"Beauty Baltic &#183; Fr\u0113zes iek\u0101rta Marathon M3 Champion SET ar H200 rokturi un SFP27 ped\u0101li\",\"isPartOf\":{\"@id\":\"https:\/\/beautybaltic.com\/#website\"},\"primaryImageOfPage\":{\"@id\":\"https:\/\/beautybaltic.com\/?product=frezes-iekarta-marathon-m3-champion-set-ar-sh30n-rokturi-un-sfp27-pedali&lang=lv#primaryimage\"},\"image\":{\"@id\":\"https:\/\/beautybaltic.com\/?product=frezes-iekarta-marathon-m3-champion-set-ar-sh30n-rokturi-un-sfp27-pedali&lang=lv#primaryimage\"},\"thumbnailUrl\":\"https:\/\/beautybaltic.com\/wp-content\/uploads\/2021\/02\/nagu-freza-marathon-3-champion-white-h200-1.jpg\",\"datePublished\":\"2022-02-20T13:33:56+00:00\",\"dateModified\":\"2026-03-24T11:01:14+00:00\",\"breadcrumb\":{\"@id\":\"https:\/\/beautybaltic.com\/?product=frezes-iekarta-marathon-m3-champion-set-ar-sh30n-rokturi-un-sfp27-pedali&lang=lv#breadcrumb\"},\"inLanguage\":\"en-US\",\"potentialAction\":[{\"@type\":\"ReadAction\",\"target\":[\"https:\/\/beautybaltic.com\/?product=frezes-iekarta-marathon-m3-champion-set-ar-sh30n-rokturi-un-sfp27-pedali&lang=lv\"]}]},{\"@type\":\"ImageObject\",\"inLanguage\":\"en-US\",\"@id\":\"https:\/\/beautybaltic.com\/?product=frezes-iekarta-marathon-m3-champion-set-ar-sh30n-rokturi-un-sfp27-pedali&lang=lv#primaryimage\",\"url\":\"https:\/\/beautybaltic.com\/wp-content\/uploads\/2021\/02\/nagu-freza-marathon-3-champion-white-h200-1.jpg\",\"contentUrl\":\"https:\/\/beautybaltic.com\/wp-content\/uploads\/2021\/02\/nagu-freza-marathon-3-champion-white-h200-1.jpg\",\"width\":800,\"height\":800},{\"@type\":\"BreadcrumbList\",\"@id\":\"https:\/\/beautybaltic.com\/?product=frezes-iekarta-marathon-m3-champion-set-ar-sh30n-rokturi-un-sfp27-pedali&lang=lv#breadcrumb\",\"itemListElement\":[{\"@type\":\"ListItem\",\"position\":1,\"name\":\"Home Page\",\"item\":\"https:\/\/beautybaltic.com\/\"},{\"@type\":\"ListItem\",\"position\":2,\"name\":\"All products\",\"item\":\"https:\/\/beautybaltic.com\/?page_id=113\"},{\"@type\":\"ListItem\",\"position\":3,\"name\":\"Fr\u0113zes iek\u0101rta Marathon M3 Champion SET ar H200 rokturi un SFP27 ped\u0101li\"}]},{\"@type\":\"WebSite\",\"@id\":\"https:\/\/beautybaltic.com\/#website\",\"url\":\"https:\/\/beautybaltic.com\/\",\"name\":\"Beauty Baltic\",\"description\":\"\",\"publisher\":{\"@id\":\"https:\/\/beautybaltic.com\/#organization\"},\"potentialAction\":[{\"@type\":\"SearchAction\",\"target\":{\"@type\":\"EntryPoint\",\"urlTemplate\":\"https:\/\/beautybaltic.com\/?s={search_term_string}\"},\"query-input\":{\"@type\":\"PropertyValueSpecification\",\"valueRequired\":true,\"valueName\":\"search_term_string\"}}],\"inLanguage\":\"en-US\"},{\"@type\":\"Organization\",\"@id\":\"https:\/\/beautybaltic.com\/#organization\",\"name\":\"SIA \\\"Beauty Baltic\\\"\",\"url\":\"https:\/\/beautybaltic.com\/\",\"logo\":{\"@type\":\"ImageObject\",\"inLanguage\":\"en-US\",\"@id\":\"https:\/\/beautybaltic.com\/#\/schema\/logo\/image\/\",\"url\":\"https:\/\/beautybaltic.com\/wp-content\/uploads\/2020\/04\/logo-4.png\",\"contentUrl\":\"https:\/\/beautybaltic.com\/wp-content\/uploads\/2020\/04\/logo-4.png\",\"width\":704,\"height\":206,\"caption\":\"SIA \\\"Beauty Baltic\\\"\"},\"image\":{\"@id\":\"https:\/\/beautybaltic.com\/#\/schema\/logo\/image\/\"},\"sameAs\":[\"https:\/\/www.facebook.com\/siabeautybaltic\/?eid=ARDs6xwwnnHaxWoXNQhS1sgYf1tbsdYaa9nRKgzW46Bm5i4PkSKw97xrztQlMJEv9gOVxTp-o3Sq_Uwq\",\"https:\/\/www.instagram.com\/beauty_baltic\/\"]}]}<\/script>\n<!-- \/ Yoast SEO Premium plugin. -->","yoast_head_json":{"title":"Beauty Baltic &#183; Fr\u0113zes iek\u0101rta Marathon M3 Champion SET ar H200 rokturi un SFP27 ped\u0101li","robots":{"index":"index","follow":"follow","max-snippet":"max-snippet:-1","max-image-preview":"max-image-preview:large","max-video-preview":"max-video-preview:-1"},"canonical":"https:\/\/beautybaltic.com\/?product=frezes-iekarta-marathon-m3-champion-set-ar-sh30n-rokturi-un-sfp27-pedali&lang=lv","og_locale":"en_US","og_type":"article","og_title":"Fr\u0113zes iek\u0101rta Marathon M3 Champion SET ar H200 rokturi un SFP27 ped\u0101li","og_description":"Fr\u0113zes iek\u0101rta Marathon M3 Champion SET ar H200 rokturi un SFP27 ped\u0101li &#8211; profesion\u0101la ier\u012bce apar\u0101ta manik\u012bram, pedik\u012bram un nagu korekcijai. Kompakta ier\u012bce manik\u012bra, pedik\u012bra un nagu proced\u016bru veik\u0161anai. Mikrodzin\u0113ja jauda ir 45 W, apgriezienu \u0101trums \u2013 30 000 apgr.\/min, ir reversa funkcija. Ra\u017eot\u0101js: SAEYANG MICROTECH CO.,LTD, Koreja,\u00a0 saeyang.com Komplekt\u0101cija: Fr\u0113zes on\/off ped\u0101lis SFP27 Vad\u012b\u0161anas &hellip;","og_url":"https:\/\/beautybaltic.com\/?product=frezes-iekarta-marathon-m3-champion-set-ar-sh30n-rokturi-un-sfp27-pedali&lang=lv","og_site_name":"Beauty Baltic","article_publisher":"https:\/\/www.facebook.com\/siabeautybaltic\/?eid=ARDs6xwwnnHaxWoXNQhS1sgYf1tbsdYaa9nRKgzW46Bm5i4PkSKw97xrztQlMJEv9gOVxTp-o3Sq_Uwq","article_modified_time":"2026-03-24T11:01:14+00:00","og_image":[{"width":800,"height":800,"url":"https:\/\/beautybaltic.com\/wp-content\/uploads\/2021\/02\/nagu-freza-marathon-3-champion-white-h200-1.jpg","type":"image\/jpeg"}],"twitter_card":"summary_large_image","twitter_misc":{"Est. reading time":"2 minutes"},"schema":{"@context":"https:\/\/schema.org","@graph":[{"@type":"WebPage","@id":"https:\/\/beautybaltic.com\/?product=frezes-iekarta-marathon-m3-champion-set-ar-sh30n-rokturi-un-sfp27-pedali&lang=lv","url":"https:\/\/beautybaltic.com\/?product=frezes-iekarta-marathon-m3-champion-set-ar-sh30n-rokturi-un-sfp27-pedali&lang=lv","name":"Beauty Baltic &#183; Fr\u0113zes iek\u0101rta Marathon M3 Champion SET ar H200 rokturi un SFP27 ped\u0101li","isPartOf":{"@id":"https:\/\/beautybaltic.com\/#website"},"primaryImageOfPage":{"@id":"https:\/\/beautybaltic.com\/?product=frezes-iekarta-marathon-m3-champion-set-ar-sh30n-rokturi-un-sfp27-pedali&lang=lv#primaryimage"},"image":{"@id":"https:\/\/beautybaltic.com\/?product=frezes-iekarta-marathon-m3-champion-set-ar-sh30n-rokturi-un-sfp27-pedali&lang=lv#primaryimage"},"thumbnailUrl":"https:\/\/beautybaltic.com\/wp-content\/uploads\/2021\/02\/nagu-freza-marathon-3-champion-white-h200-1.jpg","datePublished":"2022-02-20T13:33:56+00:00","dateModified":"2026-03-24T11:01:14+00:00","breadcrumb":{"@id":"https:\/\/beautybaltic.com\/?product=frezes-iekarta-marathon-m3-champion-set-ar-sh30n-rokturi-un-sfp27-pedali&lang=lv#breadcrumb"},"inLanguage":"en-US","potentialAction":[{"@type":"ReadAction","target":["https:\/\/beautybaltic.com\/?product=frezes-iekarta-marathon-m3-champion-set-ar-sh30n-rokturi-un-sfp27-pedali&lang=lv"]}]},{"@type":"ImageObject","inLanguage":"en-US","@id":"https:\/\/beautybaltic.com\/?product=frezes-iekarta-marathon-m3-champion-set-ar-sh30n-rokturi-un-sfp27-pedali&lang=lv#primaryimage","url":"https:\/\/beautybaltic.com\/wp-content\/uploads\/2021\/02\/nagu-freza-marathon-3-champion-white-h200-1.jpg","contentUrl":"https:\/\/beautybaltic.com\/wp-content\/uploads\/2021\/02\/nagu-freza-marathon-3-champion-white-h200-1.jpg","width":800,"height":800},{"@type":"BreadcrumbList","@id":"https:\/\/beautybaltic.com\/?product=frezes-iekarta-marathon-m3-champion-set-ar-sh30n-rokturi-un-sfp27-pedali&lang=lv#breadcrumb","itemListElement":[{"@type":"ListItem","position":1,"name":"Home Page","item":"https:\/\/beautybaltic.com\/"},{"@type":"ListItem","position":2,"name":"All products","item":"https:\/\/beautybaltic.com\/?page_id=113"},{"@type":"ListItem","position":3,"name":"Fr\u0113zes iek\u0101rta Marathon M3 Champion SET ar H200 rokturi un SFP27 ped\u0101li"}]},{"@type":"WebSite","@id":"https:\/\/beautybaltic.com\/#website","url":"https:\/\/beautybaltic.com\/","name":"Beauty Baltic","description":"","publisher":{"@id":"https:\/\/beautybaltic.com\/#organization"},"potentialAction":[{"@type":"SearchAction","target":{"@type":"EntryPoint","urlTemplate":"https:\/\/beautybaltic.com\/?s={search_term_string}"},"query-input":{"@type":"PropertyValueSpecification","valueRequired":true,"valueName":"search_term_string"}}],"inLanguage":"en-US"},{"@type":"Organization","@id":"https:\/\/beautybaltic.com\/#organization","name":"SIA \"Beauty Baltic\"","url":"https:\/\/beautybaltic.com\/","logo":{"@type":"ImageObject","inLanguage":"en-US","@id":"https:\/\/beautybaltic.com\/#\/schema\/logo\/image\/","url":"https:\/\/beautybaltic.com\/wp-content\/uploads\/2020\/04\/logo-4.png","contentUrl":"https:\/\/beautybaltic.com\/wp-content\/uploads\/2020\/04\/logo-4.png","width":704,"height":206,"caption":"SIA \"Beauty Baltic\""},"image":{"@id":"https:\/\/beautybaltic.com\/#\/schema\/logo\/image\/"},"sameAs":["https:\/\/www.facebook.com\/siabeautybaltic\/?eid=ARDs6xwwnnHaxWoXNQhS1sgYf1tbsdYaa9nRKgzW46Bm5i4PkSKw97xrztQlMJEv9gOVxTp-o3Sq_Uwq","https:\/\/www.instagram.com\/beauty_baltic\/"]}]}},"_links":{"self":[{"href":"https:\/\/beautybaltic.com\/index.php?rest_route=\/wp\/v2\/product\/4980","targetHints":{"allow":["GET"]}}],"collection":[{"href":"https:\/\/beautybaltic.com\/index.php?rest_route=\/wp\/v2\/product"}],"about":[{"href":"https:\/\/beautybaltic.com\/index.php?rest_route=\/wp\/v2\/types\/product"}],"replies":[{"embeddable":true,"href":"https:\/\/beautybaltic.com\/index.php?rest_route=%2Fwp%2Fv2%2Fcomments&post=4980"}],"wp:featuredmedia":[{"embeddable":true,"href":"https:\/\/beautybaltic.com\/index.php?rest_route=\/wp\/v2\/media\/8871"}],"wp:attachment":[{"href":"https:\/\/beautybaltic.com\/index.php?rest_route=%2Fwp%2Fv2%2Fmedia&parent=4980"}],"wp:term":[{"taxonomy":"product_brand","embeddable":true,"href":"https:\/\/beautybaltic.com\/index.php?rest_route=%2Fwp%2Fv2%2Fproduct_brand&post=4980"},{"taxonomy":"product_cat","embeddable":true,"href":"https:\/\/beautybaltic.com\/index.php?rest_route=%2Fwp%2Fv2%2Fproduct_cat&post=4980"},{"taxonomy":"product_tag","embeddable":true,"href":"https:\/\/beautybaltic.com\/index.php?rest_route=%2Fwp%2Fv2%2Fproduct_tag&post=4980"}],"curies":[{"name":"wp","href":"https:\/\/api.w.org\/{rel}","templated":true}]}}