{"id":28808,"date":"2026-04-20T11:37:48","date_gmt":"2026-04-20T08:37:48","guid":{"rendered":"https:\/\/beautybaltic.com\/?post_type=product&#038;p=28808"},"modified":"2026-04-20T11:37:48","modified_gmt":"2026-04-20T08:37:48","slug":"staleks-nagu-modeliavimo-sepetelis-nbe-04","status":"publish","type":"product","link":"https:\/\/beautybaltic.com\/?product=staleks-nagu-modeliavimo-sepetelis-nbe-04&lang=lt","title":{"rendered":"STALEKS Nag\u0173 modeliavimo \u0161epet\u0117lis [NBE-04]"},"content":{"rendered":"<p>\u0160epet\u0117lis geliui EXPERT Gel Brush 04 (plotis 4 mm, ilgis 7 mm)<\/p>\n<p>Staleks nag\u0173 gelio \u0161epet\u0117lis EXPERT 7 mm (NBE-04) tolygiai paskirsto gelines med\u017eiagas maniki\u016bro metu. Ovali \u0161ereli\u0173 forma padeda kontroliuoti produkto kiek\u012f, sukurti ideal\u0173 rezultat\u0105 be i\u0161siliejimo, tiksliai padengti net odeli\u0173 srit\u012f, i\u0161vengiant dry\u017ei\u0173.<br \/>\nStaleks \u0161epet\u0117lis geliniam pagrindui ir dizainui gerai tinka pagrindiniams, spalvotiems geliniams sluoksniams tepti, u\u017etikrina tolyg\u0173 med\u017eiagos pasiskirstym\u0105. Atlieka nago formos modeliavim\u0105 priauginant, leid\u017eiant meistrui pasiekti norim\u0105 rezultat\u0105. Puikiai tinka vir\u0161utiniam sluoksniui tepti, kuris apsaugo maniki\u016br\u0105, suteikia jam papildomo blizgesio ir ilgaam\u017ei\u0161kumo.<br \/>\nD\u0117l 7 mm ilgio \u0161ereli\u0173 nag\u0173 gelio \u0161epet\u0117lis tiksliai paskirsto produkt\u0105 ant nago plok\u0161tel\u0117s pavir\u0161iaus, sukuriant lyg\u0173 pavir\u0161i\u0173 be burbuliuk\u0173. 4 mm plo\u010dio kuok\u0161telis pagamintas i\u0161 auk\u0161tos kokyb\u0117s nailono, kuris garantuoja \u012frankio ilgaam\u017ei\u0161kum\u0105 ir atsparum\u0105 gelini\u0173 kompozicij\u0173 cheminiam poveikiui. Nailoniniai \u0161ereliai yra elastingi, nebyra, tod\u0117l gelis tepant nei\u0161silieja.<\/p>\n<p>Pildant \u012franki\u0173 ir gelini\u0173 lak\u0173 med\u017eiag\u0173 arsenal\u0105, nag\u0173 prie\u017ei\u016bros meistrui verta \u012fsigyti Staleks NBE-04 gelio \u0161epet\u0117l\u012f. Jo ergonomi\u0161ka aliuminio rankena leid\u017eia patogiai tepti produktus ir padeda tiksliai kontroliuoti proces\u0105. Lengvas korpuso svoris nesukelia \u012ftampos darbe, o dangtelis apsaugos \u0161erelius nuo pa\u017eeidim\u0173 laikant ir transportuojant.<br \/>\nStaleks nag\u0173 gelio \u0161epet\u0117lis EXPERT 7 mm (NBE-04) &#8211; ypatyb\u0117s:<\/p>\n<p>gelio, pagrindo, vir\u0161utinio sluoksnio, gelini\u0173 med\u017eiag\u0173 paskirstymas;<br \/>\nefektyvumas dengiant didelius nago plotus;<br \/>\novali\u0173 \u0161ereli\u0173 forma i\u0161 elastingojo nailono;<br \/>\nauk\u0161tos kokyb\u0117s, atspar\u016bs dilimui \u0161ereliai: plotis &#8211; 4 mm, ilgis &#8211; 7 mm;<br \/>\nergonomi\u0161ka aliuminio rankena;<br \/>\napsauginis dangtelis komplekte;<br \/>\nstilingas dizainas: \u012frankio korpusas yra juodos spalvos, prek\u0117s \u017eenklo pavadinimas ir logotipas yra baltos spalvos;<br \/>\nuniversalus naudojimas;<br \/>\n\u012frankio ilgis: 18 cm;<br \/>\nsvoris: 10 g.<br \/>\nStaleks \u0161epet\u0117lis geliniam pagrindui ir dizainui &#8211; prie\u017ei\u016bra:<\/p>\n<p>Po naudojimo \u012frank\u012f reikia nuvalyti priemone, skirta med\u017eiag\u0173 liku\u010diams pa\u0161alinti. Negalima palikti tirpikliuose, kad nepa\u017eeistum\u0117te \u0161ereli\u0173 ar rankenos.<br \/>\nVisada d\u017eiovinkite \u0161ereliais \u017eemyn.<br \/>\nLaikykite sausoje, \u0161varioje vietoje, apsaugotoje nuo tiesiogini\u0173 saul\u0117s spinduli\u0173 ir per didel\u0117s dr\u0117gm\u0117s. U\u017emaukite apsaugin\u012f dangtel\u012f, kad nepa\u017eeistum\u0117te ir nesuteptum\u0117te plaukeli\u0173.<\/p>\n","protected":false},"excerpt":{"rendered":"<p>\u0160epet\u0117lis geliui EXPERT Gel Brush 04 (plotis 4 mm, ilgis 7 mm) Staleks nag\u0173 gelio \u0161epet\u0117lis EXPERT 7 mm (NBE-04) tolygiai paskirsto gelines med\u017eiagas maniki\u016bro metu. Ovali \u0161ereli\u0173 forma padeda kontroliuoti produkto kiek\u012f, sukurti ideal\u0173 rezultat\u0105 be i\u0161siliejimo, tiksliai padengti net odeli\u0173 srit\u012f, i\u0161vengiant dry\u017ei\u0173. Staleks \u0161epet\u0117lis geliniam pagrindui ir dizainui gerai tinka pagrindiniams, spalvotiems &hellip; <\/p>\n","protected":false},"featured_media":28809,"comment_status":"open","ping_status":"closed","template":"","meta":[],"product_brand":[2850],"product_cat":[3396,1829],"product_tag":[],"class_list":{"0":"post-28808","1":"product","2":"type-product","3":"status-publish","4":"has-post-thumbnail","6":"product_brand-staleks","7":"product_cat-teptukai","8":"product_cat-staleks-instrumentai","10":"first","11":"instock","12":"taxable","13":"shipping-taxable","14":"purchasable","15":"product-type-simple"},"yoast_head":"<!-- This site is optimized with the Yoast SEO Premium plugin v23.0 (Yoast SEO v26.9) - https:\/\/yoast.com\/product\/yoast-seo-premium-wordpress\/ -->\n<title>Beauty Baltic &#183; STALEKS Nag\u0173 modeliavimo \u0161epet\u0117lis [NBE-04]<\/title>\n<meta name=\"robots\" content=\"index, follow, max-snippet:-1, max-image-preview:large, max-video-preview:-1\" \/>\n<link rel=\"canonical\" href=\"https:\/\/beautybaltic.com\/?product=staleks-nagu-modeliavimo-sepetelis-nbe-04&lang=lt\" \/>\n<meta property=\"og:locale\" content=\"en_US\" \/>\n<meta property=\"og:type\" content=\"article\" \/>\n<meta property=\"og:title\" content=\"STALEKS Nag\u0173 modeliavimo \u0161epet\u0117lis [NBE-04]\" \/>\n<meta property=\"og:description\" content=\"\u0160epet\u0117lis geliui EXPERT Gel Brush 04 (plotis 4 mm, ilgis 7 mm) Staleks nag\u0173 gelio \u0161epet\u0117lis EXPERT 7 mm (NBE-04) tolygiai paskirsto gelines med\u017eiagas maniki\u016bro metu. Ovali \u0161ereli\u0173 forma padeda kontroliuoti produkto kiek\u012f, sukurti ideal\u0173 rezultat\u0105 be i\u0161siliejimo, tiksliai padengti net odeli\u0173 srit\u012f, i\u0161vengiant dry\u017ei\u0173. Staleks \u0161epet\u0117lis geliniam pagrindui ir dizainui gerai tinka pagrindiniams, spalvotiems &hellip;\" \/>\n<meta property=\"og:url\" content=\"https:\/\/beautybaltic.com\/?product=staleks-nagu-modeliavimo-sepetelis-nbe-04&amp;lang=lt\" \/>\n<meta property=\"og:site_name\" content=\"Beauty Baltic\" \/>\n<meta property=\"article:publisher\" content=\"https:\/\/www.facebook.com\/siabeautybaltic\/?eid=ARDs6xwwnnHaxWoXNQhS1sgYf1tbsdYaa9nRKgzW46Bm5i4PkSKw97xrztQlMJEv9gOVxTp-o3Sq_Uwq\" \/>\n<meta property=\"og:image\" content=\"https:\/\/beautybaltic.com\/wp-content\/uploads\/2026\/04\/NBE-04-1.jpg\" \/>\n\t<meta property=\"og:image:width\" content=\"2000\" \/>\n\t<meta property=\"og:image:height\" content=\"2000\" \/>\n\t<meta property=\"og:image:type\" content=\"image\/jpeg\" \/>\n<meta name=\"twitter:card\" content=\"summary_large_image\" \/>\n<meta name=\"twitter:label1\" content=\"Est. reading time\" \/>\n\t<meta name=\"twitter:data1\" content=\"2 minutes\" \/>\n<script type=\"application\/ld+json\" class=\"yoast-schema-graph\">{\"@context\":\"https:\/\/schema.org\",\"@graph\":[{\"@type\":\"WebPage\",\"@id\":\"https:\/\/beautybaltic.com\/?product=staleks-nagu-modeliavimo-sepetelis-nbe-04&lang=lt\",\"url\":\"https:\/\/beautybaltic.com\/?product=staleks-nagu-modeliavimo-sepetelis-nbe-04&lang=lt\",\"name\":\"Beauty Baltic &#183; STALEKS Nag\u0173 modeliavimo \u0161epet\u0117lis [NBE-04]\",\"isPartOf\":{\"@id\":\"https:\/\/beautybaltic.com\/#website\"},\"primaryImageOfPage\":{\"@id\":\"https:\/\/beautybaltic.com\/?product=staleks-nagu-modeliavimo-sepetelis-nbe-04&lang=lt#primaryimage\"},\"image\":{\"@id\":\"https:\/\/beautybaltic.com\/?product=staleks-nagu-modeliavimo-sepetelis-nbe-04&lang=lt#primaryimage\"},\"thumbnailUrl\":\"https:\/\/beautybaltic.com\/wp-content\/uploads\/2026\/04\/NBE-04-1.jpg\",\"datePublished\":\"2026-04-20T08:37:48+00:00\",\"breadcrumb\":{\"@id\":\"https:\/\/beautybaltic.com\/?product=staleks-nagu-modeliavimo-sepetelis-nbe-04&lang=lt#breadcrumb\"},\"inLanguage\":\"en-US\",\"potentialAction\":[{\"@type\":\"ReadAction\",\"target\":[\"https:\/\/beautybaltic.com\/?product=staleks-nagu-modeliavimo-sepetelis-nbe-04&lang=lt\"]}]},{\"@type\":\"ImageObject\",\"inLanguage\":\"en-US\",\"@id\":\"https:\/\/beautybaltic.com\/?product=staleks-nagu-modeliavimo-sepetelis-nbe-04&lang=lt#primaryimage\",\"url\":\"https:\/\/beautybaltic.com\/wp-content\/uploads\/2026\/04\/NBE-04-1.jpg\",\"contentUrl\":\"https:\/\/beautybaltic.com\/wp-content\/uploads\/2026\/04\/NBE-04-1.jpg\",\"width\":2000,\"height\":2000},{\"@type\":\"BreadcrumbList\",\"@id\":\"https:\/\/beautybaltic.com\/?product=staleks-nagu-modeliavimo-sepetelis-nbe-04&lang=lt#breadcrumb\",\"itemListElement\":[{\"@type\":\"ListItem\",\"position\":1,\"name\":\"Home Page\",\"item\":\"https:\/\/beautybaltic.com\/\"},{\"@type\":\"ListItem\",\"position\":2,\"name\":\"All products\",\"item\":\"https:\/\/beautybaltic.com\/?page_id=113\"},{\"@type\":\"ListItem\",\"position\":3,\"name\":\"STALEKS Nag\u0173 modeliavimo \u0161epet\u0117lis [NBE-04]\"}]},{\"@type\":\"WebSite\",\"@id\":\"https:\/\/beautybaltic.com\/#website\",\"url\":\"https:\/\/beautybaltic.com\/\",\"name\":\"Beauty Baltic\",\"description\":\"\",\"publisher\":{\"@id\":\"https:\/\/beautybaltic.com\/#organization\"},\"potentialAction\":[{\"@type\":\"SearchAction\",\"target\":{\"@type\":\"EntryPoint\",\"urlTemplate\":\"https:\/\/beautybaltic.com\/?s={search_term_string}\"},\"query-input\":{\"@type\":\"PropertyValueSpecification\",\"valueRequired\":true,\"valueName\":\"search_term_string\"}}],\"inLanguage\":\"en-US\"},{\"@type\":\"Organization\",\"@id\":\"https:\/\/beautybaltic.com\/#organization\",\"name\":\"SIA \\\"Beauty Baltic\\\"\",\"url\":\"https:\/\/beautybaltic.com\/\",\"logo\":{\"@type\":\"ImageObject\",\"inLanguage\":\"en-US\",\"@id\":\"https:\/\/beautybaltic.com\/#\/schema\/logo\/image\/\",\"url\":\"https:\/\/beautybaltic.com\/wp-content\/uploads\/2020\/04\/logo-4.png\",\"contentUrl\":\"https:\/\/beautybaltic.com\/wp-content\/uploads\/2020\/04\/logo-4.png\",\"width\":704,\"height\":206,\"caption\":\"SIA \\\"Beauty Baltic\\\"\"},\"image\":{\"@id\":\"https:\/\/beautybaltic.com\/#\/schema\/logo\/image\/\"},\"sameAs\":[\"https:\/\/www.facebook.com\/siabeautybaltic\/?eid=ARDs6xwwnnHaxWoXNQhS1sgYf1tbsdYaa9nRKgzW46Bm5i4PkSKw97xrztQlMJEv9gOVxTp-o3Sq_Uwq\",\"https:\/\/www.instagram.com\/beauty_baltic\/\"]}]}<\/script>\n<!-- \/ Yoast SEO Premium plugin. -->","yoast_head_json":{"title":"Beauty Baltic &#183; STALEKS Nag\u0173 modeliavimo \u0161epet\u0117lis [NBE-04]","robots":{"index":"index","follow":"follow","max-snippet":"max-snippet:-1","max-image-preview":"max-image-preview:large","max-video-preview":"max-video-preview:-1"},"canonical":"https:\/\/beautybaltic.com\/?product=staleks-nagu-modeliavimo-sepetelis-nbe-04&lang=lt","og_locale":"en_US","og_type":"article","og_title":"STALEKS Nag\u0173 modeliavimo \u0161epet\u0117lis [NBE-04]","og_description":"\u0160epet\u0117lis geliui EXPERT Gel Brush 04 (plotis 4 mm, ilgis 7 mm) Staleks nag\u0173 gelio \u0161epet\u0117lis EXPERT 7 mm (NBE-04) tolygiai paskirsto gelines med\u017eiagas maniki\u016bro metu. Ovali \u0161ereli\u0173 forma padeda kontroliuoti produkto kiek\u012f, sukurti ideal\u0173 rezultat\u0105 be i\u0161siliejimo, tiksliai padengti net odeli\u0173 srit\u012f, i\u0161vengiant dry\u017ei\u0173. Staleks \u0161epet\u0117lis geliniam pagrindui ir dizainui gerai tinka pagrindiniams, spalvotiems &hellip;","og_url":"https:\/\/beautybaltic.com\/?product=staleks-nagu-modeliavimo-sepetelis-nbe-04&lang=lt","og_site_name":"Beauty Baltic","article_publisher":"https:\/\/www.facebook.com\/siabeautybaltic\/?eid=ARDs6xwwnnHaxWoXNQhS1sgYf1tbsdYaa9nRKgzW46Bm5i4PkSKw97xrztQlMJEv9gOVxTp-o3Sq_Uwq","og_image":[{"width":2000,"height":2000,"url":"https:\/\/beautybaltic.com\/wp-content\/uploads\/2026\/04\/NBE-04-1.jpg","type":"image\/jpeg"}],"twitter_card":"summary_large_image","twitter_misc":{"Est. reading time":"2 minutes"},"schema":{"@context":"https:\/\/schema.org","@graph":[{"@type":"WebPage","@id":"https:\/\/beautybaltic.com\/?product=staleks-nagu-modeliavimo-sepetelis-nbe-04&lang=lt","url":"https:\/\/beautybaltic.com\/?product=staleks-nagu-modeliavimo-sepetelis-nbe-04&lang=lt","name":"Beauty Baltic &#183; STALEKS Nag\u0173 modeliavimo \u0161epet\u0117lis [NBE-04]","isPartOf":{"@id":"https:\/\/beautybaltic.com\/#website"},"primaryImageOfPage":{"@id":"https:\/\/beautybaltic.com\/?product=staleks-nagu-modeliavimo-sepetelis-nbe-04&lang=lt#primaryimage"},"image":{"@id":"https:\/\/beautybaltic.com\/?product=staleks-nagu-modeliavimo-sepetelis-nbe-04&lang=lt#primaryimage"},"thumbnailUrl":"https:\/\/beautybaltic.com\/wp-content\/uploads\/2026\/04\/NBE-04-1.jpg","datePublished":"2026-04-20T08:37:48+00:00","breadcrumb":{"@id":"https:\/\/beautybaltic.com\/?product=staleks-nagu-modeliavimo-sepetelis-nbe-04&lang=lt#breadcrumb"},"inLanguage":"en-US","potentialAction":[{"@type":"ReadAction","target":["https:\/\/beautybaltic.com\/?product=staleks-nagu-modeliavimo-sepetelis-nbe-04&lang=lt"]}]},{"@type":"ImageObject","inLanguage":"en-US","@id":"https:\/\/beautybaltic.com\/?product=staleks-nagu-modeliavimo-sepetelis-nbe-04&lang=lt#primaryimage","url":"https:\/\/beautybaltic.com\/wp-content\/uploads\/2026\/04\/NBE-04-1.jpg","contentUrl":"https:\/\/beautybaltic.com\/wp-content\/uploads\/2026\/04\/NBE-04-1.jpg","width":2000,"height":2000},{"@type":"BreadcrumbList","@id":"https:\/\/beautybaltic.com\/?product=staleks-nagu-modeliavimo-sepetelis-nbe-04&lang=lt#breadcrumb","itemListElement":[{"@type":"ListItem","position":1,"name":"Home Page","item":"https:\/\/beautybaltic.com\/"},{"@type":"ListItem","position":2,"name":"All products","item":"https:\/\/beautybaltic.com\/?page_id=113"},{"@type":"ListItem","position":3,"name":"STALEKS Nag\u0173 modeliavimo \u0161epet\u0117lis [NBE-04]"}]},{"@type":"WebSite","@id":"https:\/\/beautybaltic.com\/#website","url":"https:\/\/beautybaltic.com\/","name":"Beauty Baltic","description":"","publisher":{"@id":"https:\/\/beautybaltic.com\/#organization"},"potentialAction":[{"@type":"SearchAction","target":{"@type":"EntryPoint","urlTemplate":"https:\/\/beautybaltic.com\/?s={search_term_string}"},"query-input":{"@type":"PropertyValueSpecification","valueRequired":true,"valueName":"search_term_string"}}],"inLanguage":"en-US"},{"@type":"Organization","@id":"https:\/\/beautybaltic.com\/#organization","name":"SIA \"Beauty Baltic\"","url":"https:\/\/beautybaltic.com\/","logo":{"@type":"ImageObject","inLanguage":"en-US","@id":"https:\/\/beautybaltic.com\/#\/schema\/logo\/image\/","url":"https:\/\/beautybaltic.com\/wp-content\/uploads\/2020\/04\/logo-4.png","contentUrl":"https:\/\/beautybaltic.com\/wp-content\/uploads\/2020\/04\/logo-4.png","width":704,"height":206,"caption":"SIA \"Beauty Baltic\""},"image":{"@id":"https:\/\/beautybaltic.com\/#\/schema\/logo\/image\/"},"sameAs":["https:\/\/www.facebook.com\/siabeautybaltic\/?eid=ARDs6xwwnnHaxWoXNQhS1sgYf1tbsdYaa9nRKgzW46Bm5i4PkSKw97xrztQlMJEv9gOVxTp-o3Sq_Uwq","https:\/\/www.instagram.com\/beauty_baltic\/"]}]}},"_links":{"self":[{"href":"https:\/\/beautybaltic.com\/index.php?rest_route=\/wp\/v2\/product\/28808","targetHints":{"allow":["GET"]}}],"collection":[{"href":"https:\/\/beautybaltic.com\/index.php?rest_route=\/wp\/v2\/product"}],"about":[{"href":"https:\/\/beautybaltic.com\/index.php?rest_route=\/wp\/v2\/types\/product"}],"replies":[{"embeddable":true,"href":"https:\/\/beautybaltic.com\/index.php?rest_route=%2Fwp%2Fv2%2Fcomments&post=28808"}],"wp:featuredmedia":[{"embeddable":true,"href":"https:\/\/beautybaltic.com\/index.php?rest_route=\/wp\/v2\/media\/28809"}],"wp:attachment":[{"href":"https:\/\/beautybaltic.com\/index.php?rest_route=%2Fwp%2Fv2%2Fmedia&parent=28808"}],"wp:term":[{"taxonomy":"product_brand","embeddable":true,"href":"https:\/\/beautybaltic.com\/index.php?rest_route=%2Fwp%2Fv2%2Fproduct_brand&post=28808"},{"taxonomy":"product_cat","embeddable":true,"href":"https:\/\/beautybaltic.com\/index.php?rest_route=%2Fwp%2Fv2%2Fproduct_cat&post=28808"},{"taxonomy":"product_tag","embeddable":true,"href":"https:\/\/beautybaltic.com\/index.php?rest_route=%2Fwp%2Fv2%2Fproduct_tag&post=28808"}],"curies":[{"name":"wp","href":"https:\/\/api.w.org\/{rel}","templated":true}]}}