{"id":28804,"date":"2026-04-20T11:29:53","date_gmt":"2026-04-20T08:29:53","guid":{"rendered":"https:\/\/beautybaltic.com\/?post_type=product&#038;p=28804"},"modified":"2026-04-20T11:29:54","modified_gmt":"2026-04-20T08:29:54","slug":"staleks-ota-nagu-modelesanai-nbe-04","status":"publish","type":"product","link":"https:\/\/beautybaltic.com\/?product=staleks-ota-nagu-modelesanai-nbe-04&lang=lv","title":{"rendered":"STALEKS Ota nagu model\u0113\u0161anai [NBE-04]"},"content":{"rendered":"<p>\u0136\u0113de g\u0113la uzkl\u0101\u0161anai EXPERT Gel Brush 04 (platums 4 mm, garums 7 mm)<\/p>\n<p>Staleks oti\u0146a nagu g\u0113lam EXPERT 7 mm (NBE-04) vienm\u0113r\u012bgi uzkl\u0101j g\u0113la materi\u0101lus manik\u012bra veido\u0161anas laik\u0101. Ov\u0101la sari\u0146u forma pal\u012bdz kontrol\u0113t produkta daudzumu, rad\u012bt ide\u0101lu rezult\u0101tu bez notec\u0113\u0161anas, prec\u012bzi uzkl\u0101t p\u0101rkl\u0101jumu pat kutikulas zon\u0101, nov\u0113r\u0161ot sv\u012btru un l\u012bniju par\u0101d\u012b\u0161anos.<br \/>\nStaleks oti\u0146a g\u0113la b\u0101zes un dizainu uzkl\u0101\u0161anai labi tiek gal\u0101 ar b\u0101zes, kr\u0101sainu g\u0113la p\u0101rkl\u0101jumu uzkl\u0101\u0161anu, nodro\u0161ina vienm\u0113r\u012bgu materi\u0101la sadal\u012bjumu. Veic nagu formas model\u0113\u0161anu pieaudz\u0113\u0161anas laik\u0101, \u013caujot meistaram sasniegt v\u0113lamo rezult\u0101tu. Ide\u0101li piem\u0113rots virs\u0113j\u0101 sl\u0101\u0146a uzkl\u0101\u0161anai, kas aizsarg\u0101 manik\u012bru, pie\u0161\u0137ir tam papildu sp\u012bdumu un iztur\u012bbu.<br \/>\nPateicoties 7 mm garajiem sari\u0146iem, oti\u0146a g\u0113la uzkl\u0101\u0161anai uz nagiem prec\u012bzi sadala produktu pa nagu pl\u0101tnes virsmu, radot gludu p\u0101rkl\u0101jumu bez burbu\u013ciem. 4 mm platais pu\u0161\u0137is ir izgatavots no augstas kvalit\u0101tes neilona, kas garant\u0113 instrumenta ilgm\u016b\u017e\u012bbu un iztur\u012bbu pret g\u0113la sast\u0101vu \u0137\u012bmisko iedarb\u012bbu. Neilona sari ir elast\u012bgi, neizkr\u012bt, t\u0101p\u0113c g\u0113ls neizpl\u016bst uzkl\u0101\u0161anas laik\u0101.<\/p>\n<p>Papildinot instrumentu un g\u0113la laku materi\u0101lu arsen\u0101lu, nagu servisa meistaram ir v\u0113rts ieg\u0101d\u0101ties Staleks NBE-04 g\u0113la oti\u0146u. T\u0101s ergonomiskais alum\u012bnija rokturis padara produktu uzkl\u0101\u0161anu \u0113rtu, pal\u012bdz prec\u012bzi kontrol\u0113t procesu. Viegls korpusa svars nerada slodzi darb\u0101, un v\u0101ci\u0146\u0161 aizsarg\u0101s sari\u0146us no boj\u0101jumiem uzglab\u0101\u0161anas un transport\u0113\u0161anas laik\u0101.<br \/>\nStaleks oti\u0146a nagu g\u0113lam EXPERT 7 mm (NBE-04) &#8211; \u012bpa\u0161\u012bbas:<\/p>\n<p>g\u0113la, b\u0101zes, topa, g\u0113la materi\u0101lu izkl\u0101\u0161ana, sadal\u012b\u0161ana;<br \/>\nefektivit\u0101te, p\u0101rkl\u0101jot lielus nagu laukumus;<br \/>\nov\u0101las formas sari no elast\u012bga neilona;<br \/>\naugstas kvalit\u0101tes, nodilumiztur\u012bgi sari: platums &#8211; 4 mm, garums &#8211; 7 mm;<br \/>\nergonomisks alum\u012bnija rokturis;<br \/>\naizsargv\u0101ci\u0146\u0161 komplekt\u0101;<br \/>\nstil\u012bgs dizains: instrumenta korpuss ir noform\u0113ts meln\u0101 kr\u0101s\u0101, z\u012bmola nosaukums un logotips ir izgatavoti balt\u0101 kr\u0101s\u0101;<br \/>\ndaudzfunkcion\u0101la izmanto\u0161ana;<br \/>\ninstrumenta garums: 18 cm;<br \/>\nsvars: 10 g.<br \/>\nStaleks oti\u0146a g\u0113la b\u0101zes un dizainu uzkl\u0101\u0161anai &#8211; kop\u0161ana:<\/p>\n<p>P\u0113c lieto\u0161anas instruments j\u0101not\u012bra ar l\u012bdzekli materi\u0101lu atlikumu no\u0146em\u0161anai. Nedr\u012bkst atst\u0101t to \u0161\u0137\u012bdin\u0101t\u0101jos, lai izvair\u012btos no sari\u0146u vai roktura boj\u0101jumiem.<br \/>\nVienm\u0113r \u017e\u0101v\u0113jiet ar sari\u0146iem uz leju.<br \/>\nUzglab\u0101jiet saus\u0101, t\u012br\u0101 viet\u0101, kas aizsarg\u0101ta no tie\u0161iem saules stariem un p\u0101rm\u0113r\u012bga mitruma. Uzlieciet aizsargv\u0101ci\u0146u, lai nesaboj\u0101tu un nesasm\u0113r\u0113tu mati\u0146us.<\/p>\n","protected":false},"excerpt":{"rendered":"<p>\u0136\u0113de g\u0113la uzkl\u0101\u0161anai EXPERT Gel Brush 04 (platums 4 mm, garums 7 mm) Staleks oti\u0146a nagu g\u0113lam EXPERT 7 mm (NBE-04) vienm\u0113r\u012bgi uzkl\u0101j g\u0113la materi\u0101lus manik\u012bra veido\u0161anas laik\u0101. Ov\u0101la sari\u0146u forma pal\u012bdz kontrol\u0113t produkta daudzumu, rad\u012bt ide\u0101lu rezult\u0101tu bez notec\u0113\u0161anas, prec\u012bzi uzkl\u0101t p\u0101rkl\u0101jumu pat kutikulas zon\u0101, nov\u0113r\u0161ot sv\u012btru un l\u012bniju par\u0101d\u012b\u0161anos. Staleks oti\u0146a g\u0113la b\u0101zes &hellip; <\/p>\n","protected":false},"featured_media":28805,"comment_status":"open","ping_status":"closed","template":"","meta":[],"product_brand":[2850],"product_cat":[3392,1438],"product_tag":[],"class_list":{"0":"post-28804","1":"product","2":"type-product","3":"status-publish","4":"has-post-thumbnail","6":"product_brand-staleks","7":"product_cat-otas","8":"product_cat-staleks-lv","10":"first","11":"instock","12":"taxable","13":"shipping-taxable","14":"purchasable","15":"product-type-simple"},"yoast_head":"<!-- This site is optimized with the Yoast SEO Premium plugin v23.0 (Yoast SEO v26.9) - https:\/\/yoast.com\/product\/yoast-seo-premium-wordpress\/ -->\n<title>Beauty Baltic &#183; STALEKS Ota nagu model\u0113\u0161anai [NBE-04]<\/title>\n<meta name=\"robots\" content=\"index, follow, max-snippet:-1, max-image-preview:large, max-video-preview:-1\" \/>\n<link rel=\"canonical\" href=\"https:\/\/beautybaltic.com\/?product=staleks-ota-nagu-modelesanai-nbe-04&lang=lv\" \/>\n<meta property=\"og:locale\" content=\"en_US\" \/>\n<meta property=\"og:type\" content=\"article\" \/>\n<meta property=\"og:title\" content=\"STALEKS Ota nagu model\u0113\u0161anai [NBE-04]\" \/>\n<meta property=\"og:description\" content=\"\u0136\u0113de g\u0113la uzkl\u0101\u0161anai EXPERT Gel Brush 04 (platums 4 mm, garums 7 mm) Staleks oti\u0146a nagu g\u0113lam EXPERT 7 mm (NBE-04) vienm\u0113r\u012bgi uzkl\u0101j g\u0113la materi\u0101lus manik\u012bra veido\u0161anas laik\u0101. Ov\u0101la sari\u0146u forma pal\u012bdz kontrol\u0113t produkta daudzumu, rad\u012bt ide\u0101lu rezult\u0101tu bez notec\u0113\u0161anas, prec\u012bzi uzkl\u0101t p\u0101rkl\u0101jumu pat kutikulas zon\u0101, nov\u0113r\u0161ot sv\u012btru un l\u012bniju par\u0101d\u012b\u0161anos. Staleks oti\u0146a g\u0113la b\u0101zes &hellip;\" \/>\n<meta property=\"og:url\" content=\"https:\/\/beautybaltic.com\/?product=staleks-ota-nagu-modelesanai-nbe-04&amp;lang=lv\" \/>\n<meta property=\"og:site_name\" content=\"Beauty Baltic\" \/>\n<meta property=\"article:publisher\" content=\"https:\/\/www.facebook.com\/siabeautybaltic\/?eid=ARDs6xwwnnHaxWoXNQhS1sgYf1tbsdYaa9nRKgzW46Bm5i4PkSKw97xrztQlMJEv9gOVxTp-o3Sq_Uwq\" \/>\n<meta property=\"article:modified_time\" content=\"2026-04-20T08:29:54+00:00\" \/>\n<meta property=\"og:image\" content=\"https:\/\/beautybaltic.com\/wp-content\/uploads\/2026\/04\/NBE-04-1.jpg\" \/>\n\t<meta property=\"og:image:width\" content=\"2000\" \/>\n\t<meta property=\"og:image:height\" content=\"2000\" \/>\n\t<meta property=\"og:image:type\" content=\"image\/jpeg\" \/>\n<meta name=\"twitter:card\" content=\"summary_large_image\" \/>\n<meta name=\"twitter:label1\" content=\"Est. reading time\" \/>\n\t<meta name=\"twitter:data1\" content=\"2 minutes\" \/>\n<script type=\"application\/ld+json\" class=\"yoast-schema-graph\">{\"@context\":\"https:\/\/schema.org\",\"@graph\":[{\"@type\":\"WebPage\",\"@id\":\"https:\/\/beautybaltic.com\/?product=staleks-ota-nagu-modelesanai-nbe-04&lang=lv\",\"url\":\"https:\/\/beautybaltic.com\/?product=staleks-ota-nagu-modelesanai-nbe-04&lang=lv\",\"name\":\"Beauty Baltic &#183; STALEKS Ota nagu model\u0113\u0161anai [NBE-04]\",\"isPartOf\":{\"@id\":\"https:\/\/beautybaltic.com\/#website\"},\"primaryImageOfPage\":{\"@id\":\"https:\/\/beautybaltic.com\/?product=staleks-ota-nagu-modelesanai-nbe-04&lang=lv#primaryimage\"},\"image\":{\"@id\":\"https:\/\/beautybaltic.com\/?product=staleks-ota-nagu-modelesanai-nbe-04&lang=lv#primaryimage\"},\"thumbnailUrl\":\"https:\/\/beautybaltic.com\/wp-content\/uploads\/2026\/04\/NBE-04-1.jpg\",\"datePublished\":\"2026-04-20T08:29:53+00:00\",\"dateModified\":\"2026-04-20T08:29:54+00:00\",\"breadcrumb\":{\"@id\":\"https:\/\/beautybaltic.com\/?product=staleks-ota-nagu-modelesanai-nbe-04&lang=lv#breadcrumb\"},\"inLanguage\":\"en-US\",\"potentialAction\":[{\"@type\":\"ReadAction\",\"target\":[\"https:\/\/beautybaltic.com\/?product=staleks-ota-nagu-modelesanai-nbe-04&lang=lv\"]}]},{\"@type\":\"ImageObject\",\"inLanguage\":\"en-US\",\"@id\":\"https:\/\/beautybaltic.com\/?product=staleks-ota-nagu-modelesanai-nbe-04&lang=lv#primaryimage\",\"url\":\"https:\/\/beautybaltic.com\/wp-content\/uploads\/2026\/04\/NBE-04-1.jpg\",\"contentUrl\":\"https:\/\/beautybaltic.com\/wp-content\/uploads\/2026\/04\/NBE-04-1.jpg\",\"width\":2000,\"height\":2000},{\"@type\":\"BreadcrumbList\",\"@id\":\"https:\/\/beautybaltic.com\/?product=staleks-ota-nagu-modelesanai-nbe-04&lang=lv#breadcrumb\",\"itemListElement\":[{\"@type\":\"ListItem\",\"position\":1,\"name\":\"Home Page\",\"item\":\"https:\/\/beautybaltic.com\/\"},{\"@type\":\"ListItem\",\"position\":2,\"name\":\"All products\",\"item\":\"https:\/\/beautybaltic.com\/?page_id=113\"},{\"@type\":\"ListItem\",\"position\":3,\"name\":\"STALEKS Ota nagu model\u0113\u0161anai [NBE-04]\"}]},{\"@type\":\"WebSite\",\"@id\":\"https:\/\/beautybaltic.com\/#website\",\"url\":\"https:\/\/beautybaltic.com\/\",\"name\":\"Beauty Baltic\",\"description\":\"\",\"publisher\":{\"@id\":\"https:\/\/beautybaltic.com\/#organization\"},\"potentialAction\":[{\"@type\":\"SearchAction\",\"target\":{\"@type\":\"EntryPoint\",\"urlTemplate\":\"https:\/\/beautybaltic.com\/?s={search_term_string}\"},\"query-input\":{\"@type\":\"PropertyValueSpecification\",\"valueRequired\":true,\"valueName\":\"search_term_string\"}}],\"inLanguage\":\"en-US\"},{\"@type\":\"Organization\",\"@id\":\"https:\/\/beautybaltic.com\/#organization\",\"name\":\"SIA \\\"Beauty Baltic\\\"\",\"url\":\"https:\/\/beautybaltic.com\/\",\"logo\":{\"@type\":\"ImageObject\",\"inLanguage\":\"en-US\",\"@id\":\"https:\/\/beautybaltic.com\/#\/schema\/logo\/image\/\",\"url\":\"https:\/\/beautybaltic.com\/wp-content\/uploads\/2020\/04\/logo-4.png\",\"contentUrl\":\"https:\/\/beautybaltic.com\/wp-content\/uploads\/2020\/04\/logo-4.png\",\"width\":704,\"height\":206,\"caption\":\"SIA \\\"Beauty Baltic\\\"\"},\"image\":{\"@id\":\"https:\/\/beautybaltic.com\/#\/schema\/logo\/image\/\"},\"sameAs\":[\"https:\/\/www.facebook.com\/siabeautybaltic\/?eid=ARDs6xwwnnHaxWoXNQhS1sgYf1tbsdYaa9nRKgzW46Bm5i4PkSKw97xrztQlMJEv9gOVxTp-o3Sq_Uwq\",\"https:\/\/www.instagram.com\/beauty_baltic\/\"]}]}<\/script>\n<!-- \/ Yoast SEO Premium plugin. -->","yoast_head_json":{"title":"Beauty Baltic &#183; STALEKS Ota nagu model\u0113\u0161anai [NBE-04]","robots":{"index":"index","follow":"follow","max-snippet":"max-snippet:-1","max-image-preview":"max-image-preview:large","max-video-preview":"max-video-preview:-1"},"canonical":"https:\/\/beautybaltic.com\/?product=staleks-ota-nagu-modelesanai-nbe-04&lang=lv","og_locale":"en_US","og_type":"article","og_title":"STALEKS Ota nagu model\u0113\u0161anai [NBE-04]","og_description":"\u0136\u0113de g\u0113la uzkl\u0101\u0161anai EXPERT Gel Brush 04 (platums 4 mm, garums 7 mm) Staleks oti\u0146a nagu g\u0113lam EXPERT 7 mm (NBE-04) vienm\u0113r\u012bgi uzkl\u0101j g\u0113la materi\u0101lus manik\u012bra veido\u0161anas laik\u0101. Ov\u0101la sari\u0146u forma pal\u012bdz kontrol\u0113t produkta daudzumu, rad\u012bt ide\u0101lu rezult\u0101tu bez notec\u0113\u0161anas, prec\u012bzi uzkl\u0101t p\u0101rkl\u0101jumu pat kutikulas zon\u0101, nov\u0113r\u0161ot sv\u012btru un l\u012bniju par\u0101d\u012b\u0161anos. Staleks oti\u0146a g\u0113la b\u0101zes &hellip;","og_url":"https:\/\/beautybaltic.com\/?product=staleks-ota-nagu-modelesanai-nbe-04&lang=lv","og_site_name":"Beauty Baltic","article_publisher":"https:\/\/www.facebook.com\/siabeautybaltic\/?eid=ARDs6xwwnnHaxWoXNQhS1sgYf1tbsdYaa9nRKgzW46Bm5i4PkSKw97xrztQlMJEv9gOVxTp-o3Sq_Uwq","article_modified_time":"2026-04-20T08:29:54+00:00","og_image":[{"width":2000,"height":2000,"url":"https:\/\/beautybaltic.com\/wp-content\/uploads\/2026\/04\/NBE-04-1.jpg","type":"image\/jpeg"}],"twitter_card":"summary_large_image","twitter_misc":{"Est. reading time":"2 minutes"},"schema":{"@context":"https:\/\/schema.org","@graph":[{"@type":"WebPage","@id":"https:\/\/beautybaltic.com\/?product=staleks-ota-nagu-modelesanai-nbe-04&lang=lv","url":"https:\/\/beautybaltic.com\/?product=staleks-ota-nagu-modelesanai-nbe-04&lang=lv","name":"Beauty Baltic &#183; STALEKS Ota nagu model\u0113\u0161anai [NBE-04]","isPartOf":{"@id":"https:\/\/beautybaltic.com\/#website"},"primaryImageOfPage":{"@id":"https:\/\/beautybaltic.com\/?product=staleks-ota-nagu-modelesanai-nbe-04&lang=lv#primaryimage"},"image":{"@id":"https:\/\/beautybaltic.com\/?product=staleks-ota-nagu-modelesanai-nbe-04&lang=lv#primaryimage"},"thumbnailUrl":"https:\/\/beautybaltic.com\/wp-content\/uploads\/2026\/04\/NBE-04-1.jpg","datePublished":"2026-04-20T08:29:53+00:00","dateModified":"2026-04-20T08:29:54+00:00","breadcrumb":{"@id":"https:\/\/beautybaltic.com\/?product=staleks-ota-nagu-modelesanai-nbe-04&lang=lv#breadcrumb"},"inLanguage":"en-US","potentialAction":[{"@type":"ReadAction","target":["https:\/\/beautybaltic.com\/?product=staleks-ota-nagu-modelesanai-nbe-04&lang=lv"]}]},{"@type":"ImageObject","inLanguage":"en-US","@id":"https:\/\/beautybaltic.com\/?product=staleks-ota-nagu-modelesanai-nbe-04&lang=lv#primaryimage","url":"https:\/\/beautybaltic.com\/wp-content\/uploads\/2026\/04\/NBE-04-1.jpg","contentUrl":"https:\/\/beautybaltic.com\/wp-content\/uploads\/2026\/04\/NBE-04-1.jpg","width":2000,"height":2000},{"@type":"BreadcrumbList","@id":"https:\/\/beautybaltic.com\/?product=staleks-ota-nagu-modelesanai-nbe-04&lang=lv#breadcrumb","itemListElement":[{"@type":"ListItem","position":1,"name":"Home Page","item":"https:\/\/beautybaltic.com\/"},{"@type":"ListItem","position":2,"name":"All products","item":"https:\/\/beautybaltic.com\/?page_id=113"},{"@type":"ListItem","position":3,"name":"STALEKS Ota nagu model\u0113\u0161anai [NBE-04]"}]},{"@type":"WebSite","@id":"https:\/\/beautybaltic.com\/#website","url":"https:\/\/beautybaltic.com\/","name":"Beauty Baltic","description":"","publisher":{"@id":"https:\/\/beautybaltic.com\/#organization"},"potentialAction":[{"@type":"SearchAction","target":{"@type":"EntryPoint","urlTemplate":"https:\/\/beautybaltic.com\/?s={search_term_string}"},"query-input":{"@type":"PropertyValueSpecification","valueRequired":true,"valueName":"search_term_string"}}],"inLanguage":"en-US"},{"@type":"Organization","@id":"https:\/\/beautybaltic.com\/#organization","name":"SIA \"Beauty Baltic\"","url":"https:\/\/beautybaltic.com\/","logo":{"@type":"ImageObject","inLanguage":"en-US","@id":"https:\/\/beautybaltic.com\/#\/schema\/logo\/image\/","url":"https:\/\/beautybaltic.com\/wp-content\/uploads\/2020\/04\/logo-4.png","contentUrl":"https:\/\/beautybaltic.com\/wp-content\/uploads\/2020\/04\/logo-4.png","width":704,"height":206,"caption":"SIA \"Beauty Baltic\""},"image":{"@id":"https:\/\/beautybaltic.com\/#\/schema\/logo\/image\/"},"sameAs":["https:\/\/www.facebook.com\/siabeautybaltic\/?eid=ARDs6xwwnnHaxWoXNQhS1sgYf1tbsdYaa9nRKgzW46Bm5i4PkSKw97xrztQlMJEv9gOVxTp-o3Sq_Uwq","https:\/\/www.instagram.com\/beauty_baltic\/"]}]}},"_links":{"self":[{"href":"https:\/\/beautybaltic.com\/index.php?rest_route=\/wp\/v2\/product\/28804","targetHints":{"allow":["GET"]}}],"collection":[{"href":"https:\/\/beautybaltic.com\/index.php?rest_route=\/wp\/v2\/product"}],"about":[{"href":"https:\/\/beautybaltic.com\/index.php?rest_route=\/wp\/v2\/types\/product"}],"replies":[{"embeddable":true,"href":"https:\/\/beautybaltic.com\/index.php?rest_route=%2Fwp%2Fv2%2Fcomments&post=28804"}],"wp:featuredmedia":[{"embeddable":true,"href":"https:\/\/beautybaltic.com\/index.php?rest_route=\/wp\/v2\/media\/28805"}],"wp:attachment":[{"href":"https:\/\/beautybaltic.com\/index.php?rest_route=%2Fwp%2Fv2%2Fmedia&parent=28804"}],"wp:term":[{"taxonomy":"product_brand","embeddable":true,"href":"https:\/\/beautybaltic.com\/index.php?rest_route=%2Fwp%2Fv2%2Fproduct_brand&post=28804"},{"taxonomy":"product_cat","embeddable":true,"href":"https:\/\/beautybaltic.com\/index.php?rest_route=%2Fwp%2Fv2%2Fproduct_cat&post=28804"},{"taxonomy":"product_tag","embeddable":true,"href":"https:\/\/beautybaltic.com\/index.php?rest_route=%2Fwp%2Fv2%2Fproduct_tag&post=28804"}],"curies":[{"name":"wp","href":"https:\/\/api.w.org\/{rel}","templated":true}]}}