{"id":28303,"date":"2026-03-21T00:34:04","date_gmt":"2026-03-20T21:34:04","guid":{"rendered":"https:\/\/beautybaltic.com\/?post_type=product&#038;p=28303"},"modified":"2026-04-08T20:48:14","modified_gmt":"2026-04-08T17:48:14","slug":"staleks-bekvapes-serveteles-ekspertas-700-vnt-we-700","status":"publish","type":"product","link":"https:\/\/beautybaltic.com\/?product=staleks-bekvapes-serveteles-ekspertas-700-vnt-we-700&lang=lt","title":{"rendered":"STALEKS Bekvap\u0117s servet\u0117l\u0117s EXPERT 700 vnt. [WE-700]"},"content":{"rendered":"<p data-start=\"224\" data-end=\"559\">Perforuotos bepluo\u0161t\u0117s servet\u0117l\u0117s EXPERT kruop\u0161\u010diai pa\u0161alina lipni\u0105 pl\u0117vel\u0119 po gelinio lako, akrilo ar biogelio. Idealiai tinka nag\u0173 plok\u0161tel\u0117s riebal\u0173 \u0161alinimui \u2013 tiek nat\u016braliems, tiek dirbtiniams nagams \u2013 nepaliekant pluo\u0161to. Naudojamos profesionaliam maniki\u016brui ir pediki\u016brui, taip pat teptukams ir \u012frankiams.<\/p>\n<p data-start=\"561\" data-end=\"881\"><strong data-start=\"561\" data-end=\"583\">Pagrindin\u0117s savyb\u0117s:<\/strong><br data-start=\"583\" data-end=\"586\" \/>\u2714 100 % be pluo\u0161to nuos\u0117d\u0173<a class=\"pll_icon_add\" title=\"Add a translation in \u0420\u0443\u0441\u0441\u043a\u0438\u0439\" href=\"https:\/\/beautybaltic.com\/wp-admin\/post-new.php?post_type=product&amp;from_post=28303&amp;new_lang=ru&amp;_wpnonce=8993997816\"><span class=\"screen-reader-text\">Add a translation in \u0420\u0443\u0441\u0441\u043a\u0438\u0439<\/span><\/a><br data-start=\"617\" data-end=\"620\" \/>\u2714 Profesionaliam maniki\u016brui ir pediki\u016brui<br data-start=\"671\" data-end=\"674\" \/>\u2714 Mink\u0161tos liesti<br data-start=\"700\" data-end=\"703\" \/>\u2714 Auk\u0161tas dr\u0117gm\u0117s \u012fsisavinimo geb\u0117jimas<br data-start=\"740\" data-end=\"743\" \/>\u2714 Tinka nag\u0173 plok\u0161tel\u0117s valymui, lako ir lipniosios pl\u0117vel\u0117s pa\u0161alinimui<br data-start=\"821\" data-end=\"824\" \/>\u2714 Vienkartinio naudojimo<br data-start=\"853\" data-end=\"856\" \/>\u2714 Visi\u0161kai higieni\u0161kos<\/p>\n<p data-start=\"883\" data-end=\"1038\"><strong data-start=\"883\" data-end=\"901\">Specifikacija:<\/strong><br data-start=\"901\" data-end=\"904\" \/>\u2022 Med\u017eiaga: spunbond<br data-start=\"925\" data-end=\"928\" \/>\u2022 Spalva: ro\u017ein\u0117, perforuotos<br data-start=\"953\" data-end=\"956\" \/>\u2022 Kiekis: 700 vnt.<br data-start=\"976\" data-end=\"979\" \/>\u2022 Dydis: 4,5 \u00d7 4,5 cm<\/p>\n","protected":false},"excerpt":{"rendered":"<p>Perforuotos bepluo\u0161t\u0117s servet\u0117l\u0117s EXPERT kruop\u0161\u010diai pa\u0161alina lipni\u0105 pl\u0117vel\u0119 po gelinio lako, akrilo ar biogelio. Idealiai tinka nag\u0173 plok\u0161tel\u0117s riebal\u0173 \u0161alinimui \u2013 tiek nat\u016braliems, tiek dirbtiniams nagams \u2013 nepaliekant pluo\u0161to. Naudojamos profesionaliam maniki\u016brui ir pediki\u016brui, taip pat teptukams ir \u012frankiams. Pagrindin\u0117s savyb\u0117s:\u2714 100 % be pluo\u0161to nuos\u0117d\u0173Add a translation in \u0420\u0443\u0441\u0441\u043a\u0438\u0439\u2714 Profesionaliam maniki\u016brui ir pediki\u016brui\u2714 Mink\u0161tos &hellip; <\/p>\n","protected":false},"featured_media":28304,"comment_status":"open","ping_status":"closed","template":"","meta":[],"product_brand":[2850],"product_cat":[3172,1829],"product_tag":[],"class_list":{"0":"post-28303","1":"product","2":"type-product","3":"status-publish","4":"has-post-thumbnail","6":"product_brand-staleks","7":"product_cat-priedai","8":"product_cat-staleks-instrumentai","10":"first","11":"outofstock","12":"taxable","13":"shipping-taxable","14":"purchasable","15":"product-type-simple"},"yoast_head":"<!-- This site is optimized with the Yoast SEO Premium plugin v23.0 (Yoast SEO v26.9) - https:\/\/yoast.com\/product\/yoast-seo-premium-wordpress\/ -->\n<title>Beauty Baltic &#183; STALEKS Bekvap\u0117s servet\u0117l\u0117s EXPERT 700 vnt. [WE-700]<\/title>\n<meta name=\"robots\" content=\"index, follow, max-snippet:-1, max-image-preview:large, max-video-preview:-1\" \/>\n<link rel=\"canonical\" href=\"https:\/\/beautybaltic.com\/?product=staleks-bekvapes-serveteles-ekspertas-700-vnt-we-700&lang=lt\" \/>\n<meta property=\"og:locale\" content=\"en_US\" \/>\n<meta property=\"og:type\" content=\"article\" \/>\n<meta property=\"og:title\" content=\"STALEKS Bekvap\u0117s servet\u0117l\u0117s EXPERT 700 vnt. [WE-700]\" \/>\n<meta property=\"og:description\" content=\"Perforuotos bepluo\u0161t\u0117s servet\u0117l\u0117s EXPERT kruop\u0161\u010diai pa\u0161alina lipni\u0105 pl\u0117vel\u0119 po gelinio lako, akrilo ar biogelio. Idealiai tinka nag\u0173 plok\u0161tel\u0117s riebal\u0173 \u0161alinimui \u2013 tiek nat\u016braliems, tiek dirbtiniams nagams \u2013 nepaliekant pluo\u0161to. Naudojamos profesionaliam maniki\u016brui ir pediki\u016brui, taip pat teptukams ir \u012frankiams. Pagrindin\u0117s savyb\u0117s:\u2714 100 % be pluo\u0161to nuos\u0117d\u0173Add a translation in \u0420\u0443\u0441\u0441\u043a\u0438\u0439\u2714 Profesionaliam maniki\u016brui ir pediki\u016brui\u2714 Mink\u0161tos &hellip;\" \/>\n<meta property=\"og:url\" content=\"https:\/\/beautybaltic.com\/?product=staleks-bekvapes-serveteles-ekspertas-700-vnt-we-700&amp;lang=lt\" \/>\n<meta property=\"og:site_name\" content=\"Beauty Baltic\" \/>\n<meta property=\"article:publisher\" content=\"https:\/\/www.facebook.com\/siabeautybaltic\/?eid=ARDs6xwwnnHaxWoXNQhS1sgYf1tbsdYaa9nRKgzW46Bm5i4PkSKw97xrztQlMJEv9gOVxTp-o3Sq_Uwq\" \/>\n<meta property=\"article:modified_time\" content=\"2026-04-08T17:48:14+00:00\" \/>\n<meta property=\"og:image\" content=\"https:\/\/beautybaltic.com\/wp-content\/uploads\/2026\/03\/WE-700-2.jpg\" \/>\n\t<meta property=\"og:image:width\" content=\"2000\" \/>\n\t<meta property=\"og:image:height\" content=\"2000\" \/>\n\t<meta property=\"og:image:type\" content=\"image\/jpeg\" \/>\n<meta name=\"twitter:card\" content=\"summary_large_image\" \/>\n<meta name=\"twitter:label1\" content=\"Est. reading time\" \/>\n\t<meta name=\"twitter:data1\" content=\"1 minute\" \/>\n<script type=\"application\/ld+json\" class=\"yoast-schema-graph\">{\"@context\":\"https:\/\/schema.org\",\"@graph\":[{\"@type\":\"WebPage\",\"@id\":\"https:\/\/beautybaltic.com\/?product=staleks-bekvapes-serveteles-ekspertas-700-vnt-we-700&lang=lt\",\"url\":\"https:\/\/beautybaltic.com\/?product=staleks-bekvapes-serveteles-ekspertas-700-vnt-we-700&lang=lt\",\"name\":\"Beauty Baltic &#183; STALEKS Bekvap\u0117s servet\u0117l\u0117s EXPERT 700 vnt. [WE-700]\",\"isPartOf\":{\"@id\":\"https:\/\/beautybaltic.com\/#website\"},\"primaryImageOfPage\":{\"@id\":\"https:\/\/beautybaltic.com\/?product=staleks-bekvapes-serveteles-ekspertas-700-vnt-we-700&lang=lt#primaryimage\"},\"image\":{\"@id\":\"https:\/\/beautybaltic.com\/?product=staleks-bekvapes-serveteles-ekspertas-700-vnt-we-700&lang=lt#primaryimage\"},\"thumbnailUrl\":\"https:\/\/beautybaltic.com\/wp-content\/uploads\/2026\/03\/WE-700-2.jpg\",\"datePublished\":\"2026-03-20T21:34:04+00:00\",\"dateModified\":\"2026-04-08T17:48:14+00:00\",\"breadcrumb\":{\"@id\":\"https:\/\/beautybaltic.com\/?product=staleks-bekvapes-serveteles-ekspertas-700-vnt-we-700&lang=lt#breadcrumb\"},\"inLanguage\":\"en-US\",\"potentialAction\":[{\"@type\":\"ReadAction\",\"target\":[\"https:\/\/beautybaltic.com\/?product=staleks-bekvapes-serveteles-ekspertas-700-vnt-we-700&lang=lt\"]}]},{\"@type\":\"ImageObject\",\"inLanguage\":\"en-US\",\"@id\":\"https:\/\/beautybaltic.com\/?product=staleks-bekvapes-serveteles-ekspertas-700-vnt-we-700&lang=lt#primaryimage\",\"url\":\"https:\/\/beautybaltic.com\/wp-content\/uploads\/2026\/03\/WE-700-2.jpg\",\"contentUrl\":\"https:\/\/beautybaltic.com\/wp-content\/uploads\/2026\/03\/WE-700-2.jpg\",\"width\":2000,\"height\":2000},{\"@type\":\"BreadcrumbList\",\"@id\":\"https:\/\/beautybaltic.com\/?product=staleks-bekvapes-serveteles-ekspertas-700-vnt-we-700&lang=lt#breadcrumb\",\"itemListElement\":[{\"@type\":\"ListItem\",\"position\":1,\"name\":\"Home Page\",\"item\":\"https:\/\/beautybaltic.com\/\"},{\"@type\":\"ListItem\",\"position\":2,\"name\":\"All products\",\"item\":\"https:\/\/beautybaltic.com\/?page_id=113\"},{\"@type\":\"ListItem\",\"position\":3,\"name\":\"STALEKS Bekvap\u0117s servet\u0117l\u0117s EXPERT 700 vnt. [WE-700]\"}]},{\"@type\":\"WebSite\",\"@id\":\"https:\/\/beautybaltic.com\/#website\",\"url\":\"https:\/\/beautybaltic.com\/\",\"name\":\"Beauty Baltic\",\"description\":\"\",\"publisher\":{\"@id\":\"https:\/\/beautybaltic.com\/#organization\"},\"potentialAction\":[{\"@type\":\"SearchAction\",\"target\":{\"@type\":\"EntryPoint\",\"urlTemplate\":\"https:\/\/beautybaltic.com\/?s={search_term_string}\"},\"query-input\":{\"@type\":\"PropertyValueSpecification\",\"valueRequired\":true,\"valueName\":\"search_term_string\"}}],\"inLanguage\":\"en-US\"},{\"@type\":\"Organization\",\"@id\":\"https:\/\/beautybaltic.com\/#organization\",\"name\":\"SIA \\\"Beauty Baltic\\\"\",\"url\":\"https:\/\/beautybaltic.com\/\",\"logo\":{\"@type\":\"ImageObject\",\"inLanguage\":\"en-US\",\"@id\":\"https:\/\/beautybaltic.com\/#\/schema\/logo\/image\/\",\"url\":\"https:\/\/beautybaltic.com\/wp-content\/uploads\/2020\/04\/logo-4.png\",\"contentUrl\":\"https:\/\/beautybaltic.com\/wp-content\/uploads\/2020\/04\/logo-4.png\",\"width\":704,\"height\":206,\"caption\":\"SIA \\\"Beauty Baltic\\\"\"},\"image\":{\"@id\":\"https:\/\/beautybaltic.com\/#\/schema\/logo\/image\/\"},\"sameAs\":[\"https:\/\/www.facebook.com\/siabeautybaltic\/?eid=ARDs6xwwnnHaxWoXNQhS1sgYf1tbsdYaa9nRKgzW46Bm5i4PkSKw97xrztQlMJEv9gOVxTp-o3Sq_Uwq\",\"https:\/\/www.instagram.com\/beauty_baltic\/\"]}]}<\/script>\n<!-- \/ Yoast SEO Premium plugin. -->","yoast_head_json":{"title":"Beauty Baltic &#183; STALEKS Bekvap\u0117s servet\u0117l\u0117s EXPERT 700 vnt. [WE-700]","robots":{"index":"index","follow":"follow","max-snippet":"max-snippet:-1","max-image-preview":"max-image-preview:large","max-video-preview":"max-video-preview:-1"},"canonical":"https:\/\/beautybaltic.com\/?product=staleks-bekvapes-serveteles-ekspertas-700-vnt-we-700&lang=lt","og_locale":"en_US","og_type":"article","og_title":"STALEKS Bekvap\u0117s servet\u0117l\u0117s EXPERT 700 vnt. [WE-700]","og_description":"Perforuotos bepluo\u0161t\u0117s servet\u0117l\u0117s EXPERT kruop\u0161\u010diai pa\u0161alina lipni\u0105 pl\u0117vel\u0119 po gelinio lako, akrilo ar biogelio. Idealiai tinka nag\u0173 plok\u0161tel\u0117s riebal\u0173 \u0161alinimui \u2013 tiek nat\u016braliems, tiek dirbtiniams nagams \u2013 nepaliekant pluo\u0161to. Naudojamos profesionaliam maniki\u016brui ir pediki\u016brui, taip pat teptukams ir \u012frankiams. Pagrindin\u0117s savyb\u0117s:\u2714 100 % be pluo\u0161to nuos\u0117d\u0173Add a translation in \u0420\u0443\u0441\u0441\u043a\u0438\u0439\u2714 Profesionaliam maniki\u016brui ir pediki\u016brui\u2714 Mink\u0161tos &hellip;","og_url":"https:\/\/beautybaltic.com\/?product=staleks-bekvapes-serveteles-ekspertas-700-vnt-we-700&lang=lt","og_site_name":"Beauty Baltic","article_publisher":"https:\/\/www.facebook.com\/siabeautybaltic\/?eid=ARDs6xwwnnHaxWoXNQhS1sgYf1tbsdYaa9nRKgzW46Bm5i4PkSKw97xrztQlMJEv9gOVxTp-o3Sq_Uwq","article_modified_time":"2026-04-08T17:48:14+00:00","og_image":[{"width":2000,"height":2000,"url":"https:\/\/beautybaltic.com\/wp-content\/uploads\/2026\/03\/WE-700-2.jpg","type":"image\/jpeg"}],"twitter_card":"summary_large_image","twitter_misc":{"Est. reading time":"1 minute"},"schema":{"@context":"https:\/\/schema.org","@graph":[{"@type":"WebPage","@id":"https:\/\/beautybaltic.com\/?product=staleks-bekvapes-serveteles-ekspertas-700-vnt-we-700&lang=lt","url":"https:\/\/beautybaltic.com\/?product=staleks-bekvapes-serveteles-ekspertas-700-vnt-we-700&lang=lt","name":"Beauty Baltic &#183; STALEKS Bekvap\u0117s servet\u0117l\u0117s EXPERT 700 vnt. [WE-700]","isPartOf":{"@id":"https:\/\/beautybaltic.com\/#website"},"primaryImageOfPage":{"@id":"https:\/\/beautybaltic.com\/?product=staleks-bekvapes-serveteles-ekspertas-700-vnt-we-700&lang=lt#primaryimage"},"image":{"@id":"https:\/\/beautybaltic.com\/?product=staleks-bekvapes-serveteles-ekspertas-700-vnt-we-700&lang=lt#primaryimage"},"thumbnailUrl":"https:\/\/beautybaltic.com\/wp-content\/uploads\/2026\/03\/WE-700-2.jpg","datePublished":"2026-03-20T21:34:04+00:00","dateModified":"2026-04-08T17:48:14+00:00","breadcrumb":{"@id":"https:\/\/beautybaltic.com\/?product=staleks-bekvapes-serveteles-ekspertas-700-vnt-we-700&lang=lt#breadcrumb"},"inLanguage":"en-US","potentialAction":[{"@type":"ReadAction","target":["https:\/\/beautybaltic.com\/?product=staleks-bekvapes-serveteles-ekspertas-700-vnt-we-700&lang=lt"]}]},{"@type":"ImageObject","inLanguage":"en-US","@id":"https:\/\/beautybaltic.com\/?product=staleks-bekvapes-serveteles-ekspertas-700-vnt-we-700&lang=lt#primaryimage","url":"https:\/\/beautybaltic.com\/wp-content\/uploads\/2026\/03\/WE-700-2.jpg","contentUrl":"https:\/\/beautybaltic.com\/wp-content\/uploads\/2026\/03\/WE-700-2.jpg","width":2000,"height":2000},{"@type":"BreadcrumbList","@id":"https:\/\/beautybaltic.com\/?product=staleks-bekvapes-serveteles-ekspertas-700-vnt-we-700&lang=lt#breadcrumb","itemListElement":[{"@type":"ListItem","position":1,"name":"Home Page","item":"https:\/\/beautybaltic.com\/"},{"@type":"ListItem","position":2,"name":"All products","item":"https:\/\/beautybaltic.com\/?page_id=113"},{"@type":"ListItem","position":3,"name":"STALEKS Bekvap\u0117s servet\u0117l\u0117s EXPERT 700 vnt. [WE-700]"}]},{"@type":"WebSite","@id":"https:\/\/beautybaltic.com\/#website","url":"https:\/\/beautybaltic.com\/","name":"Beauty Baltic","description":"","publisher":{"@id":"https:\/\/beautybaltic.com\/#organization"},"potentialAction":[{"@type":"SearchAction","target":{"@type":"EntryPoint","urlTemplate":"https:\/\/beautybaltic.com\/?s={search_term_string}"},"query-input":{"@type":"PropertyValueSpecification","valueRequired":true,"valueName":"search_term_string"}}],"inLanguage":"en-US"},{"@type":"Organization","@id":"https:\/\/beautybaltic.com\/#organization","name":"SIA \"Beauty Baltic\"","url":"https:\/\/beautybaltic.com\/","logo":{"@type":"ImageObject","inLanguage":"en-US","@id":"https:\/\/beautybaltic.com\/#\/schema\/logo\/image\/","url":"https:\/\/beautybaltic.com\/wp-content\/uploads\/2020\/04\/logo-4.png","contentUrl":"https:\/\/beautybaltic.com\/wp-content\/uploads\/2020\/04\/logo-4.png","width":704,"height":206,"caption":"SIA \"Beauty Baltic\""},"image":{"@id":"https:\/\/beautybaltic.com\/#\/schema\/logo\/image\/"},"sameAs":["https:\/\/www.facebook.com\/siabeautybaltic\/?eid=ARDs6xwwnnHaxWoXNQhS1sgYf1tbsdYaa9nRKgzW46Bm5i4PkSKw97xrztQlMJEv9gOVxTp-o3Sq_Uwq","https:\/\/www.instagram.com\/beauty_baltic\/"]}]}},"_links":{"self":[{"href":"https:\/\/beautybaltic.com\/index.php?rest_route=\/wp\/v2\/product\/28303","targetHints":{"allow":["GET"]}}],"collection":[{"href":"https:\/\/beautybaltic.com\/index.php?rest_route=\/wp\/v2\/product"}],"about":[{"href":"https:\/\/beautybaltic.com\/index.php?rest_route=\/wp\/v2\/types\/product"}],"replies":[{"embeddable":true,"href":"https:\/\/beautybaltic.com\/index.php?rest_route=%2Fwp%2Fv2%2Fcomments&post=28303"}],"wp:featuredmedia":[{"embeddable":true,"href":"https:\/\/beautybaltic.com\/index.php?rest_route=\/wp\/v2\/media\/28304"}],"wp:attachment":[{"href":"https:\/\/beautybaltic.com\/index.php?rest_route=%2Fwp%2Fv2%2Fmedia&parent=28303"}],"wp:term":[{"taxonomy":"product_brand","embeddable":true,"href":"https:\/\/beautybaltic.com\/index.php?rest_route=%2Fwp%2Fv2%2Fproduct_brand&post=28303"},{"taxonomy":"product_cat","embeddable":true,"href":"https:\/\/beautybaltic.com\/index.php?rest_route=%2Fwp%2Fv2%2Fproduct_cat&post=28303"},{"taxonomy":"product_tag","embeddable":true,"href":"https:\/\/beautybaltic.com\/index.php?rest_route=%2Fwp%2Fv2%2Fproduct_tag&post=28303"}],"curies":[{"name":"wp","href":"https:\/\/api.w.org\/{rel}","templated":true}]}}