{"id":28299,"date":"2026-03-21T00:32:49","date_gmt":"2026-03-20T21:32:49","guid":{"rendered":"https:\/\/beautybaltic.com\/?post_type=product&#038;p=28299"},"modified":"2026-04-08T20:48:14","modified_gmt":"2026-04-08T17:48:14","slug":"staleks-bezskiedru-salvetes-expert-700gb-we-700","status":"publish","type":"product","link":"https:\/\/beautybaltic.com\/?product=staleks-bezskiedru-salvetes-expert-700gb-we-700&lang=lv","title":{"rendered":"STALEKS Bez\u0161\u0137iedru salvetes EXPERT 700gb. [WE-700]"},"content":{"rendered":"<p data-start=\"224\" data-end=\"559\">Perfor\u0113t\u0101s bezpl\u016bksnu salvetes EXPERT r\u016bp\u012bgi no\u0146em lip\u012bgo k\u0101rtu p\u0113c g\u0113la lakas, akrila vai biog\u0113la. Ide\u0101li piem\u0113rotas ar\u012b nagu pl\u0101ksnes attauko\u0161anai \u2013 gan dab\u012bg\u0101m, gan m\u0101ksl\u012bg\u0101m nagiem \u2013 neatst\u0101jot \u0161\u0137iedras. Lieto profesion\u0101lai manik\u012bra un pedik\u012bra veik\u0161anai, k\u0101 ar\u012b ot\u0101m un instrumentiem.<\/p>\n<p data-start=\"561\" data-end=\"881\"><strong data-start=\"561\" data-end=\"583\">Galven\u0101s \u012bpa\u0161\u012bbas:<\/strong><br data-start=\"583\" data-end=\"586\" \/>\u2714 100% bez \u0161\u0137iedru pl\u016bksn\u0101m<br data-start=\"617\" data-end=\"620\" \/>\u2714 Profesion\u0101lai lieto\u0161anai manik\u012br\u0101 un pedik\u012br\u0101<br data-start=\"671\" data-end=\"674\" \/>\u2714 M\u012bkstas piesk\u0101rienam<br data-start=\"700\" data-end=\"703\" \/>\u2714 Augsta mitruma uzs\u016bk\u0161anas sp\u0113ja<br data-start=\"740\" data-end=\"743\" \/>\u2714 Piem\u0113rotas nagu pl\u0101ksnes att\u012br\u012b\u0161anai, lakas un lip\u012bg\u0101s k\u0101rtas no\u0146em\u0161anai<br data-start=\"821\" data-end=\"824\" \/>\u2714 Vienreiz\u0113jas lieto\u0161anas<br data-start=\"853\" data-end=\"856\" \/>\u2714 Piln\u012bgi higi\u0113niskas<\/p>\n<p data-start=\"883\" data-end=\"1038\"><strong data-start=\"883\" data-end=\"901\">Specifik\u0101cija:<\/strong><br data-start=\"901\" data-end=\"904\" \/>\u2022 Materi\u0101ls: spunbond<br data-start=\"925\" data-end=\"928\" \/>\u2022 Kr\u0101sa: roz\u0101, perfor\u0113tas<br data-start=\"953\" data-end=\"956\" \/>\u2022 Daudzums: 700 gab.<br data-start=\"976\" data-end=\"979\" \/>\u2022 Izm\u0113rs: 4,5 \u00d7 4,5 cm<\/p>\n","protected":false},"excerpt":{"rendered":"<p>Perfor\u0113t\u0101s bezpl\u016bksnu salvetes EXPERT r\u016bp\u012bgi no\u0146em lip\u012bgo k\u0101rtu p\u0113c g\u0113la lakas, akrila vai biog\u0113la. Ide\u0101li piem\u0113rotas ar\u012b nagu pl\u0101ksnes attauko\u0161anai \u2013 gan dab\u012bg\u0101m, gan m\u0101ksl\u012bg\u0101m nagiem \u2013 neatst\u0101jot \u0161\u0137iedras. Lieto profesion\u0101lai manik\u012bra un pedik\u012bra veik\u0161anai, k\u0101 ar\u012b ot\u0101m un instrumentiem. Galven\u0101s \u012bpa\u0161\u012bbas:\u2714 100% bez \u0161\u0137iedru pl\u016bksn\u0101m\u2714 Profesion\u0101lai lieto\u0161anai manik\u012br\u0101 un pedik\u012br\u0101\u2714 M\u012bkstas piesk\u0101rienam\u2714 Augsta mitruma &hellip; <\/p>\n","protected":false},"featured_media":28300,"comment_status":"open","ping_status":"closed","template":"","meta":[],"product_brand":[2850],"product_cat":[3170,1438],"product_tag":[],"class_list":{"0":"post-28299","1":"product","2":"type-product","3":"status-publish","4":"has-post-thumbnail","6":"product_brand-staleks","7":"product_cat-aksesuari","8":"product_cat-staleks-lv","10":"first","11":"outofstock","12":"taxable","13":"shipping-taxable","14":"purchasable","15":"product-type-simple"},"yoast_head":"<!-- This site is optimized with the Yoast SEO Premium plugin v23.0 (Yoast SEO v26.9) - https:\/\/yoast.com\/product\/yoast-seo-premium-wordpress\/ -->\n<title>Beauty Baltic &#183; STALEKS Bez\u0161\u0137iedru salvetes EXPERT 700gb. [WE-700]<\/title>\n<meta name=\"robots\" content=\"index, follow, max-snippet:-1, max-image-preview:large, max-video-preview:-1\" \/>\n<link rel=\"canonical\" href=\"https:\/\/beautybaltic.com\/?product=staleks-bezskiedru-salvetes-expert-700gb-we-700&lang=lv\" \/>\n<meta property=\"og:locale\" content=\"en_US\" \/>\n<meta property=\"og:type\" content=\"article\" \/>\n<meta property=\"og:title\" content=\"STALEKS Bez\u0161\u0137iedru salvetes EXPERT 700gb. [WE-700]\" \/>\n<meta property=\"og:description\" content=\"Perfor\u0113t\u0101s bezpl\u016bksnu salvetes EXPERT r\u016bp\u012bgi no\u0146em lip\u012bgo k\u0101rtu p\u0113c g\u0113la lakas, akrila vai biog\u0113la. Ide\u0101li piem\u0113rotas ar\u012b nagu pl\u0101ksnes attauko\u0161anai \u2013 gan dab\u012bg\u0101m, gan m\u0101ksl\u012bg\u0101m nagiem \u2013 neatst\u0101jot \u0161\u0137iedras. Lieto profesion\u0101lai manik\u012bra un pedik\u012bra veik\u0161anai, k\u0101 ar\u012b ot\u0101m un instrumentiem. Galven\u0101s \u012bpa\u0161\u012bbas:\u2714 100% bez \u0161\u0137iedru pl\u016bksn\u0101m\u2714 Profesion\u0101lai lieto\u0161anai manik\u012br\u0101 un pedik\u012br\u0101\u2714 M\u012bkstas piesk\u0101rienam\u2714 Augsta mitruma &hellip;\" \/>\n<meta property=\"og:url\" content=\"https:\/\/beautybaltic.com\/?product=staleks-bezskiedru-salvetes-expert-700gb-we-700&amp;lang=lv\" \/>\n<meta property=\"og:site_name\" content=\"Beauty Baltic\" \/>\n<meta property=\"article:publisher\" content=\"https:\/\/www.facebook.com\/siabeautybaltic\/?eid=ARDs6xwwnnHaxWoXNQhS1sgYf1tbsdYaa9nRKgzW46Bm5i4PkSKw97xrztQlMJEv9gOVxTp-o3Sq_Uwq\" \/>\n<meta property=\"article:modified_time\" content=\"2026-04-08T17:48:14+00:00\" \/>\n<meta property=\"og:image\" content=\"https:\/\/beautybaltic.com\/wp-content\/uploads\/2026\/03\/WE-700-2.jpg\" \/>\n\t<meta property=\"og:image:width\" content=\"2000\" \/>\n\t<meta property=\"og:image:height\" content=\"2000\" \/>\n\t<meta property=\"og:image:type\" content=\"image\/jpeg\" \/>\n<meta name=\"twitter:card\" content=\"summary_large_image\" \/>\n<meta name=\"twitter:label1\" content=\"Est. reading time\" \/>\n\t<meta name=\"twitter:data1\" content=\"1 minute\" \/>\n<script type=\"application\/ld+json\" class=\"yoast-schema-graph\">{\"@context\":\"https:\/\/schema.org\",\"@graph\":[{\"@type\":\"WebPage\",\"@id\":\"https:\/\/beautybaltic.com\/?product=staleks-bezskiedru-salvetes-expert-700gb-we-700&lang=lv\",\"url\":\"https:\/\/beautybaltic.com\/?product=staleks-bezskiedru-salvetes-expert-700gb-we-700&lang=lv\",\"name\":\"Beauty Baltic &#183; STALEKS Bez\u0161\u0137iedru salvetes EXPERT 700gb. [WE-700]\",\"isPartOf\":{\"@id\":\"https:\/\/beautybaltic.com\/#website\"},\"primaryImageOfPage\":{\"@id\":\"https:\/\/beautybaltic.com\/?product=staleks-bezskiedru-salvetes-expert-700gb-we-700&lang=lv#primaryimage\"},\"image\":{\"@id\":\"https:\/\/beautybaltic.com\/?product=staleks-bezskiedru-salvetes-expert-700gb-we-700&lang=lv#primaryimage\"},\"thumbnailUrl\":\"https:\/\/beautybaltic.com\/wp-content\/uploads\/2026\/03\/WE-700-2.jpg\",\"datePublished\":\"2026-03-20T21:32:49+00:00\",\"dateModified\":\"2026-04-08T17:48:14+00:00\",\"breadcrumb\":{\"@id\":\"https:\/\/beautybaltic.com\/?product=staleks-bezskiedru-salvetes-expert-700gb-we-700&lang=lv#breadcrumb\"},\"inLanguage\":\"en-US\",\"potentialAction\":[{\"@type\":\"ReadAction\",\"target\":[\"https:\/\/beautybaltic.com\/?product=staleks-bezskiedru-salvetes-expert-700gb-we-700&lang=lv\"]}]},{\"@type\":\"ImageObject\",\"inLanguage\":\"en-US\",\"@id\":\"https:\/\/beautybaltic.com\/?product=staleks-bezskiedru-salvetes-expert-700gb-we-700&lang=lv#primaryimage\",\"url\":\"https:\/\/beautybaltic.com\/wp-content\/uploads\/2026\/03\/WE-700-2.jpg\",\"contentUrl\":\"https:\/\/beautybaltic.com\/wp-content\/uploads\/2026\/03\/WE-700-2.jpg\",\"width\":2000,\"height\":2000},{\"@type\":\"BreadcrumbList\",\"@id\":\"https:\/\/beautybaltic.com\/?product=staleks-bezskiedru-salvetes-expert-700gb-we-700&lang=lv#breadcrumb\",\"itemListElement\":[{\"@type\":\"ListItem\",\"position\":1,\"name\":\"Home Page\",\"item\":\"https:\/\/beautybaltic.com\/\"},{\"@type\":\"ListItem\",\"position\":2,\"name\":\"All products\",\"item\":\"https:\/\/beautybaltic.com\/?page_id=113\"},{\"@type\":\"ListItem\",\"position\":3,\"name\":\"STALEKS Bez\u0161\u0137iedru salvetes EXPERT 700gb. [WE-700]\"}]},{\"@type\":\"WebSite\",\"@id\":\"https:\/\/beautybaltic.com\/#website\",\"url\":\"https:\/\/beautybaltic.com\/\",\"name\":\"Beauty Baltic\",\"description\":\"\",\"publisher\":{\"@id\":\"https:\/\/beautybaltic.com\/#organization\"},\"potentialAction\":[{\"@type\":\"SearchAction\",\"target\":{\"@type\":\"EntryPoint\",\"urlTemplate\":\"https:\/\/beautybaltic.com\/?s={search_term_string}\"},\"query-input\":{\"@type\":\"PropertyValueSpecification\",\"valueRequired\":true,\"valueName\":\"search_term_string\"}}],\"inLanguage\":\"en-US\"},{\"@type\":\"Organization\",\"@id\":\"https:\/\/beautybaltic.com\/#organization\",\"name\":\"SIA \\\"Beauty Baltic\\\"\",\"url\":\"https:\/\/beautybaltic.com\/\",\"logo\":{\"@type\":\"ImageObject\",\"inLanguage\":\"en-US\",\"@id\":\"https:\/\/beautybaltic.com\/#\/schema\/logo\/image\/\",\"url\":\"https:\/\/beautybaltic.com\/wp-content\/uploads\/2020\/04\/logo-4.png\",\"contentUrl\":\"https:\/\/beautybaltic.com\/wp-content\/uploads\/2020\/04\/logo-4.png\",\"width\":704,\"height\":206,\"caption\":\"SIA \\\"Beauty Baltic\\\"\"},\"image\":{\"@id\":\"https:\/\/beautybaltic.com\/#\/schema\/logo\/image\/\"},\"sameAs\":[\"https:\/\/www.facebook.com\/siabeautybaltic\/?eid=ARDs6xwwnnHaxWoXNQhS1sgYf1tbsdYaa9nRKgzW46Bm5i4PkSKw97xrztQlMJEv9gOVxTp-o3Sq_Uwq\",\"https:\/\/www.instagram.com\/beauty_baltic\/\"]}]}<\/script>\n<!-- \/ Yoast SEO Premium plugin. -->","yoast_head_json":{"title":"Beauty Baltic &#183; STALEKS Bez\u0161\u0137iedru salvetes EXPERT 700gb. [WE-700]","robots":{"index":"index","follow":"follow","max-snippet":"max-snippet:-1","max-image-preview":"max-image-preview:large","max-video-preview":"max-video-preview:-1"},"canonical":"https:\/\/beautybaltic.com\/?product=staleks-bezskiedru-salvetes-expert-700gb-we-700&lang=lv","og_locale":"en_US","og_type":"article","og_title":"STALEKS Bez\u0161\u0137iedru salvetes EXPERT 700gb. [WE-700]","og_description":"Perfor\u0113t\u0101s bezpl\u016bksnu salvetes EXPERT r\u016bp\u012bgi no\u0146em lip\u012bgo k\u0101rtu p\u0113c g\u0113la lakas, akrila vai biog\u0113la. Ide\u0101li piem\u0113rotas ar\u012b nagu pl\u0101ksnes attauko\u0161anai \u2013 gan dab\u012bg\u0101m, gan m\u0101ksl\u012bg\u0101m nagiem \u2013 neatst\u0101jot \u0161\u0137iedras. Lieto profesion\u0101lai manik\u012bra un pedik\u012bra veik\u0161anai, k\u0101 ar\u012b ot\u0101m un instrumentiem. Galven\u0101s \u012bpa\u0161\u012bbas:\u2714 100% bez \u0161\u0137iedru pl\u016bksn\u0101m\u2714 Profesion\u0101lai lieto\u0161anai manik\u012br\u0101 un pedik\u012br\u0101\u2714 M\u012bkstas piesk\u0101rienam\u2714 Augsta mitruma &hellip;","og_url":"https:\/\/beautybaltic.com\/?product=staleks-bezskiedru-salvetes-expert-700gb-we-700&lang=lv","og_site_name":"Beauty Baltic","article_publisher":"https:\/\/www.facebook.com\/siabeautybaltic\/?eid=ARDs6xwwnnHaxWoXNQhS1sgYf1tbsdYaa9nRKgzW46Bm5i4PkSKw97xrztQlMJEv9gOVxTp-o3Sq_Uwq","article_modified_time":"2026-04-08T17:48:14+00:00","og_image":[{"width":2000,"height":2000,"url":"https:\/\/beautybaltic.com\/wp-content\/uploads\/2026\/03\/WE-700-2.jpg","type":"image\/jpeg"}],"twitter_card":"summary_large_image","twitter_misc":{"Est. reading time":"1 minute"},"schema":{"@context":"https:\/\/schema.org","@graph":[{"@type":"WebPage","@id":"https:\/\/beautybaltic.com\/?product=staleks-bezskiedru-salvetes-expert-700gb-we-700&lang=lv","url":"https:\/\/beautybaltic.com\/?product=staleks-bezskiedru-salvetes-expert-700gb-we-700&lang=lv","name":"Beauty Baltic &#183; STALEKS Bez\u0161\u0137iedru salvetes EXPERT 700gb. [WE-700]","isPartOf":{"@id":"https:\/\/beautybaltic.com\/#website"},"primaryImageOfPage":{"@id":"https:\/\/beautybaltic.com\/?product=staleks-bezskiedru-salvetes-expert-700gb-we-700&lang=lv#primaryimage"},"image":{"@id":"https:\/\/beautybaltic.com\/?product=staleks-bezskiedru-salvetes-expert-700gb-we-700&lang=lv#primaryimage"},"thumbnailUrl":"https:\/\/beautybaltic.com\/wp-content\/uploads\/2026\/03\/WE-700-2.jpg","datePublished":"2026-03-20T21:32:49+00:00","dateModified":"2026-04-08T17:48:14+00:00","breadcrumb":{"@id":"https:\/\/beautybaltic.com\/?product=staleks-bezskiedru-salvetes-expert-700gb-we-700&lang=lv#breadcrumb"},"inLanguage":"en-US","potentialAction":[{"@type":"ReadAction","target":["https:\/\/beautybaltic.com\/?product=staleks-bezskiedru-salvetes-expert-700gb-we-700&lang=lv"]}]},{"@type":"ImageObject","inLanguage":"en-US","@id":"https:\/\/beautybaltic.com\/?product=staleks-bezskiedru-salvetes-expert-700gb-we-700&lang=lv#primaryimage","url":"https:\/\/beautybaltic.com\/wp-content\/uploads\/2026\/03\/WE-700-2.jpg","contentUrl":"https:\/\/beautybaltic.com\/wp-content\/uploads\/2026\/03\/WE-700-2.jpg","width":2000,"height":2000},{"@type":"BreadcrumbList","@id":"https:\/\/beautybaltic.com\/?product=staleks-bezskiedru-salvetes-expert-700gb-we-700&lang=lv#breadcrumb","itemListElement":[{"@type":"ListItem","position":1,"name":"Home Page","item":"https:\/\/beautybaltic.com\/"},{"@type":"ListItem","position":2,"name":"All products","item":"https:\/\/beautybaltic.com\/?page_id=113"},{"@type":"ListItem","position":3,"name":"STALEKS Bez\u0161\u0137iedru salvetes EXPERT 700gb. [WE-700]"}]},{"@type":"WebSite","@id":"https:\/\/beautybaltic.com\/#website","url":"https:\/\/beautybaltic.com\/","name":"Beauty Baltic","description":"","publisher":{"@id":"https:\/\/beautybaltic.com\/#organization"},"potentialAction":[{"@type":"SearchAction","target":{"@type":"EntryPoint","urlTemplate":"https:\/\/beautybaltic.com\/?s={search_term_string}"},"query-input":{"@type":"PropertyValueSpecification","valueRequired":true,"valueName":"search_term_string"}}],"inLanguage":"en-US"},{"@type":"Organization","@id":"https:\/\/beautybaltic.com\/#organization","name":"SIA \"Beauty Baltic\"","url":"https:\/\/beautybaltic.com\/","logo":{"@type":"ImageObject","inLanguage":"en-US","@id":"https:\/\/beautybaltic.com\/#\/schema\/logo\/image\/","url":"https:\/\/beautybaltic.com\/wp-content\/uploads\/2020\/04\/logo-4.png","contentUrl":"https:\/\/beautybaltic.com\/wp-content\/uploads\/2020\/04\/logo-4.png","width":704,"height":206,"caption":"SIA \"Beauty Baltic\""},"image":{"@id":"https:\/\/beautybaltic.com\/#\/schema\/logo\/image\/"},"sameAs":["https:\/\/www.facebook.com\/siabeautybaltic\/?eid=ARDs6xwwnnHaxWoXNQhS1sgYf1tbsdYaa9nRKgzW46Bm5i4PkSKw97xrztQlMJEv9gOVxTp-o3Sq_Uwq","https:\/\/www.instagram.com\/beauty_baltic\/"]}]}},"_links":{"self":[{"href":"https:\/\/beautybaltic.com\/index.php?rest_route=\/wp\/v2\/product\/28299","targetHints":{"allow":["GET"]}}],"collection":[{"href":"https:\/\/beautybaltic.com\/index.php?rest_route=\/wp\/v2\/product"}],"about":[{"href":"https:\/\/beautybaltic.com\/index.php?rest_route=\/wp\/v2\/types\/product"}],"replies":[{"embeddable":true,"href":"https:\/\/beautybaltic.com\/index.php?rest_route=%2Fwp%2Fv2%2Fcomments&post=28299"}],"wp:featuredmedia":[{"embeddable":true,"href":"https:\/\/beautybaltic.com\/index.php?rest_route=\/wp\/v2\/media\/28300"}],"wp:attachment":[{"href":"https:\/\/beautybaltic.com\/index.php?rest_route=%2Fwp%2Fv2%2Fmedia&parent=28299"}],"wp:term":[{"taxonomy":"product_brand","embeddable":true,"href":"https:\/\/beautybaltic.com\/index.php?rest_route=%2Fwp%2Fv2%2Fproduct_brand&post=28299"},{"taxonomy":"product_cat","embeddable":true,"href":"https:\/\/beautybaltic.com\/index.php?rest_route=%2Fwp%2Fv2%2Fproduct_cat&post=28299"},{"taxonomy":"product_tag","embeddable":true,"href":"https:\/\/beautybaltic.com\/index.php?rest_route=%2Fwp%2Fv2%2Fproduct_tag&post=28299"}],"curies":[{"name":"wp","href":"https:\/\/api.w.org\/{rel}","templated":true}]}}