{"id":28232,"date":"2026-03-20T23:26:19","date_gmt":"2026-03-20T20:26:19","guid":{"rendered":"https:\/\/beautybaltic.com\/?post_type=product&#038;p=28232"},"modified":"2026-04-14T01:16:40","modified_gmt":"2026-04-13T22:16:40","slug":"staleks-nagu-kirpimo-znyples-kbc-11","status":"publish","type":"product","link":"https:\/\/beautybaltic.com\/?product=staleks-nagu-kirpimo-znyples-kbc-11&lang=lt","title":{"rendered":"STALEKS Nag\u0173 kirpimo \u017enypl\u0117s [KBC-11]"},"content":{"rendered":"<ul>\n<li>rekomenduojama vidutinio kietumo ir kiet\u0173 nag\u0173 korekcijai<\/li>\n<li>patogu ir paprasta naudoti<\/li>\n<li>tvarkinga pjovimo linija, kuri, d\u0117ka nedidelio a\u0161men\u0173 i\u0161linkimo, seka nag\u0173 form\u0105<\/li>\n<li>ma\u017eina nag\u0173 skilin\u0117jimo galimyb\u0119, d\u0117ka a\u0161tri\u0173, rankomis galandam\u0173 a\u0161men\u0173<\/li>\n<li>koncentruotas dizainas<\/li>\n<li>ner\u016bdijantis plienas<\/li>\n<\/ul>\n","protected":false},"excerpt":{"rendered":"<p>rekomenduojama vidutinio kietumo ir kiet\u0173 nag\u0173 korekcijai patogu ir paprasta naudoti tvarkinga pjovimo linija, kuri, d\u0117ka nedidelio a\u0161men\u0173 i\u0161linkimo, seka nag\u0173 form\u0105 ma\u017eina nag\u0173 skilin\u0117jimo galimyb\u0119, d\u0117ka a\u0161tri\u0173, rankomis galandam\u0173 a\u0161men\u0173 koncentruotas dizainas ner\u016bdijantis plienas<\/p>\n","protected":false},"featured_media":28236,"comment_status":"open","ping_status":"closed","template":"","meta":[],"product_brand":[2850],"product_cat":[3172,1829],"product_tag":[],"class_list":{"0":"post-28232","1":"product","2":"type-product","3":"status-publish","4":"has-post-thumbnail","6":"product_brand-staleks","7":"product_cat-priedai","8":"product_cat-staleks-instrumentai","10":"first","11":"outofstock","12":"taxable","13":"shipping-taxable","14":"purchasable","15":"product-type-simple"},"yoast_head":"<!-- This site is optimized with the Yoast SEO Premium plugin v23.0 (Yoast SEO v26.9) - https:\/\/yoast.com\/product\/yoast-seo-premium-wordpress\/ -->\n<title>Beauty Baltic &#183; STALEKS Nag\u0173 kirpimo \u017enypl\u0117s [KBC-11]<\/title>\n<meta name=\"robots\" content=\"index, follow, max-snippet:-1, max-image-preview:large, max-video-preview:-1\" \/>\n<link rel=\"canonical\" href=\"https:\/\/beautybaltic.com\/?product=staleks-nagu-kirpimo-znyples-kbc-11&lang=lt\" \/>\n<meta property=\"og:locale\" content=\"en_US\" \/>\n<meta property=\"og:type\" content=\"article\" \/>\n<meta property=\"og:title\" content=\"STALEKS Nag\u0173 kirpimo \u017enypl\u0117s [KBC-11]\" \/>\n<meta property=\"og:description\" content=\"rekomenduojama vidutinio kietumo ir kiet\u0173 nag\u0173 korekcijai patogu ir paprasta naudoti tvarkinga pjovimo linija, kuri, d\u0117ka nedidelio a\u0161men\u0173 i\u0161linkimo, seka nag\u0173 form\u0105 ma\u017eina nag\u0173 skilin\u0117jimo galimyb\u0119, d\u0117ka a\u0161tri\u0173, rankomis galandam\u0173 a\u0161men\u0173 koncentruotas dizainas ner\u016bdijantis plienas\" \/>\n<meta property=\"og:url\" content=\"https:\/\/beautybaltic.com\/?product=staleks-nagu-kirpimo-znyples-kbc-11&amp;lang=lt\" \/>\n<meta property=\"og:site_name\" content=\"Beauty Baltic\" \/>\n<meta property=\"article:publisher\" content=\"https:\/\/www.facebook.com\/siabeautybaltic\/?eid=ARDs6xwwnnHaxWoXNQhS1sgYf1tbsdYaa9nRKgzW46Bm5i4PkSKw97xrztQlMJEv9gOVxTp-o3Sq_Uwq\" \/>\n<meta property=\"article:modified_time\" content=\"2026-04-13T22:16:40+00:00\" \/>\n<meta property=\"og:image\" content=\"https:\/\/beautybaltic.com\/wp-content\/uploads\/2026\/03\/KBC-11-4.jpg\" \/>\n\t<meta property=\"og:image:width\" content=\"1600\" \/>\n\t<meta property=\"og:image:height\" content=\"1600\" \/>\n\t<meta property=\"og:image:type\" content=\"image\/jpeg\" \/>\n<meta name=\"twitter:card\" content=\"summary_large_image\" \/>\n<meta name=\"twitter:label1\" content=\"Est. reading time\" \/>\n\t<meta name=\"twitter:data1\" content=\"1 minute\" \/>\n<script type=\"application\/ld+json\" class=\"yoast-schema-graph\">{\"@context\":\"https:\/\/schema.org\",\"@graph\":[{\"@type\":\"WebPage\",\"@id\":\"https:\/\/beautybaltic.com\/?product=staleks-nagu-kirpimo-znyples-kbc-11&lang=lt\",\"url\":\"https:\/\/beautybaltic.com\/?product=staleks-nagu-kirpimo-znyples-kbc-11&lang=lt\",\"name\":\"Beauty Baltic &#183; STALEKS Nag\u0173 kirpimo \u017enypl\u0117s [KBC-11]\",\"isPartOf\":{\"@id\":\"https:\/\/beautybaltic.com\/#website\"},\"primaryImageOfPage\":{\"@id\":\"https:\/\/beautybaltic.com\/?product=staleks-nagu-kirpimo-znyples-kbc-11&lang=lt#primaryimage\"},\"image\":{\"@id\":\"https:\/\/beautybaltic.com\/?product=staleks-nagu-kirpimo-znyples-kbc-11&lang=lt#primaryimage\"},\"thumbnailUrl\":\"https:\/\/beautybaltic.com\/wp-content\/uploads\/2026\/03\/KBC-11-4.jpg\",\"datePublished\":\"2026-03-20T20:26:19+00:00\",\"dateModified\":\"2026-04-13T22:16:40+00:00\",\"breadcrumb\":{\"@id\":\"https:\/\/beautybaltic.com\/?product=staleks-nagu-kirpimo-znyples-kbc-11&lang=lt#breadcrumb\"},\"inLanguage\":\"en-US\",\"potentialAction\":[{\"@type\":\"ReadAction\",\"target\":[\"https:\/\/beautybaltic.com\/?product=staleks-nagu-kirpimo-znyples-kbc-11&lang=lt\"]}]},{\"@type\":\"ImageObject\",\"inLanguage\":\"en-US\",\"@id\":\"https:\/\/beautybaltic.com\/?product=staleks-nagu-kirpimo-znyples-kbc-11&lang=lt#primaryimage\",\"url\":\"https:\/\/beautybaltic.com\/wp-content\/uploads\/2026\/03\/KBC-11-4.jpg\",\"contentUrl\":\"https:\/\/beautybaltic.com\/wp-content\/uploads\/2026\/03\/KBC-11-4.jpg\",\"width\":1600,\"height\":1600},{\"@type\":\"BreadcrumbList\",\"@id\":\"https:\/\/beautybaltic.com\/?product=staleks-nagu-kirpimo-znyples-kbc-11&lang=lt#breadcrumb\",\"itemListElement\":[{\"@type\":\"ListItem\",\"position\":1,\"name\":\"Home Page\",\"item\":\"https:\/\/beautybaltic.com\/\"},{\"@type\":\"ListItem\",\"position\":2,\"name\":\"All products\",\"item\":\"https:\/\/beautybaltic.com\/?page_id=113\"},{\"@type\":\"ListItem\",\"position\":3,\"name\":\"STALEKS Nag\u0173 kirpimo \u017enypl\u0117s [KBC-11]\"}]},{\"@type\":\"WebSite\",\"@id\":\"https:\/\/beautybaltic.com\/#website\",\"url\":\"https:\/\/beautybaltic.com\/\",\"name\":\"Beauty Baltic\",\"description\":\"\",\"publisher\":{\"@id\":\"https:\/\/beautybaltic.com\/#organization\"},\"potentialAction\":[{\"@type\":\"SearchAction\",\"target\":{\"@type\":\"EntryPoint\",\"urlTemplate\":\"https:\/\/beautybaltic.com\/?s={search_term_string}\"},\"query-input\":{\"@type\":\"PropertyValueSpecification\",\"valueRequired\":true,\"valueName\":\"search_term_string\"}}],\"inLanguage\":\"en-US\"},{\"@type\":\"Organization\",\"@id\":\"https:\/\/beautybaltic.com\/#organization\",\"name\":\"SIA \\\"Beauty Baltic\\\"\",\"url\":\"https:\/\/beautybaltic.com\/\",\"logo\":{\"@type\":\"ImageObject\",\"inLanguage\":\"en-US\",\"@id\":\"https:\/\/beautybaltic.com\/#\/schema\/logo\/image\/\",\"url\":\"https:\/\/beautybaltic.com\/wp-content\/uploads\/2020\/04\/logo-4.png\",\"contentUrl\":\"https:\/\/beautybaltic.com\/wp-content\/uploads\/2020\/04\/logo-4.png\",\"width\":704,\"height\":206,\"caption\":\"SIA \\\"Beauty Baltic\\\"\"},\"image\":{\"@id\":\"https:\/\/beautybaltic.com\/#\/schema\/logo\/image\/\"},\"sameAs\":[\"https:\/\/www.facebook.com\/siabeautybaltic\/?eid=ARDs6xwwnnHaxWoXNQhS1sgYf1tbsdYaa9nRKgzW46Bm5i4PkSKw97xrztQlMJEv9gOVxTp-o3Sq_Uwq\",\"https:\/\/www.instagram.com\/beauty_baltic\/\"]}]}<\/script>\n<!-- \/ Yoast SEO Premium plugin. -->","yoast_head_json":{"title":"Beauty Baltic &#183; STALEKS Nag\u0173 kirpimo \u017enypl\u0117s [KBC-11]","robots":{"index":"index","follow":"follow","max-snippet":"max-snippet:-1","max-image-preview":"max-image-preview:large","max-video-preview":"max-video-preview:-1"},"canonical":"https:\/\/beautybaltic.com\/?product=staleks-nagu-kirpimo-znyples-kbc-11&lang=lt","og_locale":"en_US","og_type":"article","og_title":"STALEKS Nag\u0173 kirpimo \u017enypl\u0117s [KBC-11]","og_description":"rekomenduojama vidutinio kietumo ir kiet\u0173 nag\u0173 korekcijai patogu ir paprasta naudoti tvarkinga pjovimo linija, kuri, d\u0117ka nedidelio a\u0161men\u0173 i\u0161linkimo, seka nag\u0173 form\u0105 ma\u017eina nag\u0173 skilin\u0117jimo galimyb\u0119, d\u0117ka a\u0161tri\u0173, rankomis galandam\u0173 a\u0161men\u0173 koncentruotas dizainas ner\u016bdijantis plienas","og_url":"https:\/\/beautybaltic.com\/?product=staleks-nagu-kirpimo-znyples-kbc-11&lang=lt","og_site_name":"Beauty Baltic","article_publisher":"https:\/\/www.facebook.com\/siabeautybaltic\/?eid=ARDs6xwwnnHaxWoXNQhS1sgYf1tbsdYaa9nRKgzW46Bm5i4PkSKw97xrztQlMJEv9gOVxTp-o3Sq_Uwq","article_modified_time":"2026-04-13T22:16:40+00:00","og_image":[{"width":1600,"height":1600,"url":"https:\/\/beautybaltic.com\/wp-content\/uploads\/2026\/03\/KBC-11-4.jpg","type":"image\/jpeg"}],"twitter_card":"summary_large_image","twitter_misc":{"Est. reading time":"1 minute"},"schema":{"@context":"https:\/\/schema.org","@graph":[{"@type":"WebPage","@id":"https:\/\/beautybaltic.com\/?product=staleks-nagu-kirpimo-znyples-kbc-11&lang=lt","url":"https:\/\/beautybaltic.com\/?product=staleks-nagu-kirpimo-znyples-kbc-11&lang=lt","name":"Beauty Baltic &#183; STALEKS Nag\u0173 kirpimo \u017enypl\u0117s [KBC-11]","isPartOf":{"@id":"https:\/\/beautybaltic.com\/#website"},"primaryImageOfPage":{"@id":"https:\/\/beautybaltic.com\/?product=staleks-nagu-kirpimo-znyples-kbc-11&lang=lt#primaryimage"},"image":{"@id":"https:\/\/beautybaltic.com\/?product=staleks-nagu-kirpimo-znyples-kbc-11&lang=lt#primaryimage"},"thumbnailUrl":"https:\/\/beautybaltic.com\/wp-content\/uploads\/2026\/03\/KBC-11-4.jpg","datePublished":"2026-03-20T20:26:19+00:00","dateModified":"2026-04-13T22:16:40+00:00","breadcrumb":{"@id":"https:\/\/beautybaltic.com\/?product=staleks-nagu-kirpimo-znyples-kbc-11&lang=lt#breadcrumb"},"inLanguage":"en-US","potentialAction":[{"@type":"ReadAction","target":["https:\/\/beautybaltic.com\/?product=staleks-nagu-kirpimo-znyples-kbc-11&lang=lt"]}]},{"@type":"ImageObject","inLanguage":"en-US","@id":"https:\/\/beautybaltic.com\/?product=staleks-nagu-kirpimo-znyples-kbc-11&lang=lt#primaryimage","url":"https:\/\/beautybaltic.com\/wp-content\/uploads\/2026\/03\/KBC-11-4.jpg","contentUrl":"https:\/\/beautybaltic.com\/wp-content\/uploads\/2026\/03\/KBC-11-4.jpg","width":1600,"height":1600},{"@type":"BreadcrumbList","@id":"https:\/\/beautybaltic.com\/?product=staleks-nagu-kirpimo-znyples-kbc-11&lang=lt#breadcrumb","itemListElement":[{"@type":"ListItem","position":1,"name":"Home Page","item":"https:\/\/beautybaltic.com\/"},{"@type":"ListItem","position":2,"name":"All products","item":"https:\/\/beautybaltic.com\/?page_id=113"},{"@type":"ListItem","position":3,"name":"STALEKS Nag\u0173 kirpimo \u017enypl\u0117s [KBC-11]"}]},{"@type":"WebSite","@id":"https:\/\/beautybaltic.com\/#website","url":"https:\/\/beautybaltic.com\/","name":"Beauty Baltic","description":"","publisher":{"@id":"https:\/\/beautybaltic.com\/#organization"},"potentialAction":[{"@type":"SearchAction","target":{"@type":"EntryPoint","urlTemplate":"https:\/\/beautybaltic.com\/?s={search_term_string}"},"query-input":{"@type":"PropertyValueSpecification","valueRequired":true,"valueName":"search_term_string"}}],"inLanguage":"en-US"},{"@type":"Organization","@id":"https:\/\/beautybaltic.com\/#organization","name":"SIA \"Beauty Baltic\"","url":"https:\/\/beautybaltic.com\/","logo":{"@type":"ImageObject","inLanguage":"en-US","@id":"https:\/\/beautybaltic.com\/#\/schema\/logo\/image\/","url":"https:\/\/beautybaltic.com\/wp-content\/uploads\/2020\/04\/logo-4.png","contentUrl":"https:\/\/beautybaltic.com\/wp-content\/uploads\/2020\/04\/logo-4.png","width":704,"height":206,"caption":"SIA \"Beauty Baltic\""},"image":{"@id":"https:\/\/beautybaltic.com\/#\/schema\/logo\/image\/"},"sameAs":["https:\/\/www.facebook.com\/siabeautybaltic\/?eid=ARDs6xwwnnHaxWoXNQhS1sgYf1tbsdYaa9nRKgzW46Bm5i4PkSKw97xrztQlMJEv9gOVxTp-o3Sq_Uwq","https:\/\/www.instagram.com\/beauty_baltic\/"]}]}},"_links":{"self":[{"href":"https:\/\/beautybaltic.com\/index.php?rest_route=\/wp\/v2\/product\/28232","targetHints":{"allow":["GET"]}}],"collection":[{"href":"https:\/\/beautybaltic.com\/index.php?rest_route=\/wp\/v2\/product"}],"about":[{"href":"https:\/\/beautybaltic.com\/index.php?rest_route=\/wp\/v2\/types\/product"}],"replies":[{"embeddable":true,"href":"https:\/\/beautybaltic.com\/index.php?rest_route=%2Fwp%2Fv2%2Fcomments&post=28232"}],"wp:featuredmedia":[{"embeddable":true,"href":"https:\/\/beautybaltic.com\/index.php?rest_route=\/wp\/v2\/media\/28236"}],"wp:attachment":[{"href":"https:\/\/beautybaltic.com\/index.php?rest_route=%2Fwp%2Fv2%2Fmedia&parent=28232"}],"wp:term":[{"taxonomy":"product_brand","embeddable":true,"href":"https:\/\/beautybaltic.com\/index.php?rest_route=%2Fwp%2Fv2%2Fproduct_brand&post=28232"},{"taxonomy":"product_cat","embeddable":true,"href":"https:\/\/beautybaltic.com\/index.php?rest_route=%2Fwp%2Fv2%2Fproduct_cat&post=28232"},{"taxonomy":"product_tag","embeddable":true,"href":"https:\/\/beautybaltic.com\/index.php?rest_route=%2Fwp%2Fv2%2Fproduct_tag&post=28232"}],"curies":[{"name":"wp","href":"https:\/\/api.w.org\/{rel}","templated":true}]}}