{"id":28208,"date":"2026-03-20T20:17:17","date_gmt":"2026-03-20T17:17:17","guid":{"rendered":"https:\/\/beautybaltic.com\/?post_type=product&#038;p=28208"},"modified":"2026-03-29T21:24:58","modified_gmt":"2026-03-29T18:24:58","slug":"staleks-prieksauts-adp-20","status":"publish","type":"product","link":"https:\/\/beautybaltic.com\/?product=staleks-prieksauts-adp-20&lang=lv","title":{"rendered":"STALEKS Priek\u0161auts [ADP-20]"},"content":{"rendered":"<p data-start=\"115\" data-end=\"211\">STALEKS profesion\u0101lais meistara priek\u0161auts \u2013 aizsardz\u012bbai, komfortam un stilam darb\u0101.<\/p>\n<ul>\n<li data-start=\"213\" data-end=\"609\">Izgatavots no iztur\u012bga, bl\u012bva materi\u0101la \u2013 dro\u0161i aizsarg\u0101 ap\u0123\u0113rbu<\/li>\n<li data-start=\"213\" data-end=\"609\">Regul\u0113jamas siksnas \u2013 komfortablai piel\u0101go\u0161anai jebkuram augumam<\/li>\n<li data-start=\"213\" data-end=\"609\">Praktiskas kabatas \u2013 instrumentu un piederumu glab\u0101\u0161anai pa rokai<\/li>\n<li data-start=\"213\" data-end=\"609\">Elegants dizains \u2013 lieliski izskat\u0101s meistara darba viet\u0101<\/li>\n<li data-start=\"213\" data-end=\"609\">Mazg\u0101jams un notur\u012bgs \u2013 saglab\u0101 formu p\u0113c mazg\u0101\u0161anas<\/li>\n<\/ul>\n<p data-start=\"611\" data-end=\"666\">Ide\u0101ls ikdienas darbam gan salon\u0101, gan m\u0101jas apst\u0101k\u013cos.<\/p>\n","protected":false},"excerpt":{"rendered":"<p>STALEKS profesion\u0101lais meistara priek\u0161auts \u2013 aizsardz\u012bbai, komfortam un stilam darb\u0101. Izgatavots no iztur\u012bga, bl\u012bva materi\u0101la \u2013 dro\u0161i aizsarg\u0101 ap\u0123\u0113rbu Regul\u0113jamas siksnas \u2013 komfortablai piel\u0101go\u0161anai jebkuram augumam Praktiskas kabatas \u2013 instrumentu un piederumu glab\u0101\u0161anai pa rokai Elegants dizains \u2013 lieliski izskat\u0101s meistara darba viet\u0101 Mazg\u0101jams un notur\u012bgs \u2013 saglab\u0101 formu p\u0113c mazg\u0101\u0161anas Ide\u0101ls ikdienas darbam gan &hellip; <\/p>\n","protected":false},"featured_media":28209,"comment_status":"open","ping_status":"closed","template":"","meta":[],"product_brand":[2850],"product_cat":[3170,1438],"product_tag":[],"class_list":{"0":"post-28208","1":"product","2":"type-product","3":"status-publish","4":"has-post-thumbnail","6":"product_brand-staleks","7":"product_cat-aksesuari","8":"product_cat-staleks-lv","10":"first","11":"instock","12":"taxable","13":"shipping-taxable","14":"purchasable","15":"product-type-simple"},"yoast_head":"<!-- This site is optimized with the Yoast SEO Premium plugin v23.0 (Yoast SEO v26.9) - https:\/\/yoast.com\/product\/yoast-seo-premium-wordpress\/ -->\n<title>Beauty Baltic &#183; STALEKS Priek\u0161auts [ADP-20]<\/title>\n<meta name=\"robots\" content=\"index, follow, max-snippet:-1, max-image-preview:large, max-video-preview:-1\" \/>\n<link rel=\"canonical\" href=\"https:\/\/beautybaltic.com\/?product=staleks-prieksauts-adp-20&lang=lv\" \/>\n<meta property=\"og:locale\" content=\"en_US\" \/>\n<meta property=\"og:type\" content=\"article\" \/>\n<meta property=\"og:title\" content=\"STALEKS Priek\u0161auts [ADP-20]\" \/>\n<meta property=\"og:description\" content=\"STALEKS profesion\u0101lais meistara priek\u0161auts \u2013 aizsardz\u012bbai, komfortam un stilam darb\u0101. Izgatavots no iztur\u012bga, bl\u012bva materi\u0101la \u2013 dro\u0161i aizsarg\u0101 ap\u0123\u0113rbu Regul\u0113jamas siksnas \u2013 komfortablai piel\u0101go\u0161anai jebkuram augumam Praktiskas kabatas \u2013 instrumentu un piederumu glab\u0101\u0161anai pa rokai Elegants dizains \u2013 lieliski izskat\u0101s meistara darba viet\u0101 Mazg\u0101jams un notur\u012bgs \u2013 saglab\u0101 formu p\u0113c mazg\u0101\u0161anas Ide\u0101ls ikdienas darbam gan &hellip;\" \/>\n<meta property=\"og:url\" content=\"https:\/\/beautybaltic.com\/?product=staleks-prieksauts-adp-20&amp;lang=lv\" \/>\n<meta property=\"og:site_name\" content=\"Beauty Baltic\" \/>\n<meta property=\"article:publisher\" content=\"https:\/\/www.facebook.com\/siabeautybaltic\/?eid=ARDs6xwwnnHaxWoXNQhS1sgYf1tbsdYaa9nRKgzW46Bm5i4PkSKw97xrztQlMJEv9gOVxTp-o3Sq_Uwq\" \/>\n<meta property=\"article:modified_time\" content=\"2026-03-29T18:24:58+00:00\" \/>\n<meta property=\"og:image\" content=\"https:\/\/beautybaltic.com\/wp-content\/uploads\/2026\/03\/ADP-20-1.jpg\" \/>\n\t<meta property=\"og:image:width\" content=\"2000\" \/>\n\t<meta property=\"og:image:height\" content=\"2000\" \/>\n\t<meta property=\"og:image:type\" content=\"image\/jpeg\" \/>\n<meta name=\"twitter:card\" content=\"summary_large_image\" \/>\n<meta name=\"twitter:label1\" content=\"Est. reading time\" \/>\n\t<meta name=\"twitter:data1\" content=\"1 minute\" \/>\n<script type=\"application\/ld+json\" class=\"yoast-schema-graph\">{\"@context\":\"https:\/\/schema.org\",\"@graph\":[{\"@type\":\"WebPage\",\"@id\":\"https:\/\/beautybaltic.com\/?product=staleks-prieksauts-adp-20&lang=lv\",\"url\":\"https:\/\/beautybaltic.com\/?product=staleks-prieksauts-adp-20&lang=lv\",\"name\":\"Beauty Baltic &#183; STALEKS Priek\u0161auts [ADP-20]\",\"isPartOf\":{\"@id\":\"https:\/\/beautybaltic.com\/#website\"},\"primaryImageOfPage\":{\"@id\":\"https:\/\/beautybaltic.com\/?product=staleks-prieksauts-adp-20&lang=lv#primaryimage\"},\"image\":{\"@id\":\"https:\/\/beautybaltic.com\/?product=staleks-prieksauts-adp-20&lang=lv#primaryimage\"},\"thumbnailUrl\":\"https:\/\/beautybaltic.com\/wp-content\/uploads\/2026\/03\/ADP-20-1.jpg\",\"datePublished\":\"2026-03-20T17:17:17+00:00\",\"dateModified\":\"2026-03-29T18:24:58+00:00\",\"breadcrumb\":{\"@id\":\"https:\/\/beautybaltic.com\/?product=staleks-prieksauts-adp-20&lang=lv#breadcrumb\"},\"inLanguage\":\"en-US\",\"potentialAction\":[{\"@type\":\"ReadAction\",\"target\":[\"https:\/\/beautybaltic.com\/?product=staleks-prieksauts-adp-20&lang=lv\"]}]},{\"@type\":\"ImageObject\",\"inLanguage\":\"en-US\",\"@id\":\"https:\/\/beautybaltic.com\/?product=staleks-prieksauts-adp-20&lang=lv#primaryimage\",\"url\":\"https:\/\/beautybaltic.com\/wp-content\/uploads\/2026\/03\/ADP-20-1.jpg\",\"contentUrl\":\"https:\/\/beautybaltic.com\/wp-content\/uploads\/2026\/03\/ADP-20-1.jpg\",\"width\":2000,\"height\":2000},{\"@type\":\"BreadcrumbList\",\"@id\":\"https:\/\/beautybaltic.com\/?product=staleks-prieksauts-adp-20&lang=lv#breadcrumb\",\"itemListElement\":[{\"@type\":\"ListItem\",\"position\":1,\"name\":\"Home Page\",\"item\":\"https:\/\/beautybaltic.com\/\"},{\"@type\":\"ListItem\",\"position\":2,\"name\":\"All products\",\"item\":\"https:\/\/beautybaltic.com\/?page_id=113\"},{\"@type\":\"ListItem\",\"position\":3,\"name\":\"STALEKS Priek\u0161auts [ADP-20]\"}]},{\"@type\":\"WebSite\",\"@id\":\"https:\/\/beautybaltic.com\/#website\",\"url\":\"https:\/\/beautybaltic.com\/\",\"name\":\"Beauty Baltic\",\"description\":\"\",\"publisher\":{\"@id\":\"https:\/\/beautybaltic.com\/#organization\"},\"potentialAction\":[{\"@type\":\"SearchAction\",\"target\":{\"@type\":\"EntryPoint\",\"urlTemplate\":\"https:\/\/beautybaltic.com\/?s={search_term_string}\"},\"query-input\":{\"@type\":\"PropertyValueSpecification\",\"valueRequired\":true,\"valueName\":\"search_term_string\"}}],\"inLanguage\":\"en-US\"},{\"@type\":\"Organization\",\"@id\":\"https:\/\/beautybaltic.com\/#organization\",\"name\":\"SIA \\\"Beauty Baltic\\\"\",\"url\":\"https:\/\/beautybaltic.com\/\",\"logo\":{\"@type\":\"ImageObject\",\"inLanguage\":\"en-US\",\"@id\":\"https:\/\/beautybaltic.com\/#\/schema\/logo\/image\/\",\"url\":\"https:\/\/beautybaltic.com\/wp-content\/uploads\/2020\/04\/logo-4.png\",\"contentUrl\":\"https:\/\/beautybaltic.com\/wp-content\/uploads\/2020\/04\/logo-4.png\",\"width\":704,\"height\":206,\"caption\":\"SIA \\\"Beauty Baltic\\\"\"},\"image\":{\"@id\":\"https:\/\/beautybaltic.com\/#\/schema\/logo\/image\/\"},\"sameAs\":[\"https:\/\/www.facebook.com\/siabeautybaltic\/?eid=ARDs6xwwnnHaxWoXNQhS1sgYf1tbsdYaa9nRKgzW46Bm5i4PkSKw97xrztQlMJEv9gOVxTp-o3Sq_Uwq\",\"https:\/\/www.instagram.com\/beauty_baltic\/\"]}]}<\/script>\n<!-- \/ Yoast SEO Premium plugin. -->","yoast_head_json":{"title":"Beauty Baltic &#183; STALEKS Priek\u0161auts [ADP-20]","robots":{"index":"index","follow":"follow","max-snippet":"max-snippet:-1","max-image-preview":"max-image-preview:large","max-video-preview":"max-video-preview:-1"},"canonical":"https:\/\/beautybaltic.com\/?product=staleks-prieksauts-adp-20&lang=lv","og_locale":"en_US","og_type":"article","og_title":"STALEKS Priek\u0161auts [ADP-20]","og_description":"STALEKS profesion\u0101lais meistara priek\u0161auts \u2013 aizsardz\u012bbai, komfortam un stilam darb\u0101. Izgatavots no iztur\u012bga, bl\u012bva materi\u0101la \u2013 dro\u0161i aizsarg\u0101 ap\u0123\u0113rbu Regul\u0113jamas siksnas \u2013 komfortablai piel\u0101go\u0161anai jebkuram augumam Praktiskas kabatas \u2013 instrumentu un piederumu glab\u0101\u0161anai pa rokai Elegants dizains \u2013 lieliski izskat\u0101s meistara darba viet\u0101 Mazg\u0101jams un notur\u012bgs \u2013 saglab\u0101 formu p\u0113c mazg\u0101\u0161anas Ide\u0101ls ikdienas darbam gan &hellip;","og_url":"https:\/\/beautybaltic.com\/?product=staleks-prieksauts-adp-20&lang=lv","og_site_name":"Beauty Baltic","article_publisher":"https:\/\/www.facebook.com\/siabeautybaltic\/?eid=ARDs6xwwnnHaxWoXNQhS1sgYf1tbsdYaa9nRKgzW46Bm5i4PkSKw97xrztQlMJEv9gOVxTp-o3Sq_Uwq","article_modified_time":"2026-03-29T18:24:58+00:00","og_image":[{"width":2000,"height":2000,"url":"https:\/\/beautybaltic.com\/wp-content\/uploads\/2026\/03\/ADP-20-1.jpg","type":"image\/jpeg"}],"twitter_card":"summary_large_image","twitter_misc":{"Est. reading time":"1 minute"},"schema":{"@context":"https:\/\/schema.org","@graph":[{"@type":"WebPage","@id":"https:\/\/beautybaltic.com\/?product=staleks-prieksauts-adp-20&lang=lv","url":"https:\/\/beautybaltic.com\/?product=staleks-prieksauts-adp-20&lang=lv","name":"Beauty Baltic &#183; STALEKS Priek\u0161auts [ADP-20]","isPartOf":{"@id":"https:\/\/beautybaltic.com\/#website"},"primaryImageOfPage":{"@id":"https:\/\/beautybaltic.com\/?product=staleks-prieksauts-adp-20&lang=lv#primaryimage"},"image":{"@id":"https:\/\/beautybaltic.com\/?product=staleks-prieksauts-adp-20&lang=lv#primaryimage"},"thumbnailUrl":"https:\/\/beautybaltic.com\/wp-content\/uploads\/2026\/03\/ADP-20-1.jpg","datePublished":"2026-03-20T17:17:17+00:00","dateModified":"2026-03-29T18:24:58+00:00","breadcrumb":{"@id":"https:\/\/beautybaltic.com\/?product=staleks-prieksauts-adp-20&lang=lv#breadcrumb"},"inLanguage":"en-US","potentialAction":[{"@type":"ReadAction","target":["https:\/\/beautybaltic.com\/?product=staleks-prieksauts-adp-20&lang=lv"]}]},{"@type":"ImageObject","inLanguage":"en-US","@id":"https:\/\/beautybaltic.com\/?product=staleks-prieksauts-adp-20&lang=lv#primaryimage","url":"https:\/\/beautybaltic.com\/wp-content\/uploads\/2026\/03\/ADP-20-1.jpg","contentUrl":"https:\/\/beautybaltic.com\/wp-content\/uploads\/2026\/03\/ADP-20-1.jpg","width":2000,"height":2000},{"@type":"BreadcrumbList","@id":"https:\/\/beautybaltic.com\/?product=staleks-prieksauts-adp-20&lang=lv#breadcrumb","itemListElement":[{"@type":"ListItem","position":1,"name":"Home Page","item":"https:\/\/beautybaltic.com\/"},{"@type":"ListItem","position":2,"name":"All products","item":"https:\/\/beautybaltic.com\/?page_id=113"},{"@type":"ListItem","position":3,"name":"STALEKS Priek\u0161auts [ADP-20]"}]},{"@type":"WebSite","@id":"https:\/\/beautybaltic.com\/#website","url":"https:\/\/beautybaltic.com\/","name":"Beauty Baltic","description":"","publisher":{"@id":"https:\/\/beautybaltic.com\/#organization"},"potentialAction":[{"@type":"SearchAction","target":{"@type":"EntryPoint","urlTemplate":"https:\/\/beautybaltic.com\/?s={search_term_string}"},"query-input":{"@type":"PropertyValueSpecification","valueRequired":true,"valueName":"search_term_string"}}],"inLanguage":"en-US"},{"@type":"Organization","@id":"https:\/\/beautybaltic.com\/#organization","name":"SIA \"Beauty Baltic\"","url":"https:\/\/beautybaltic.com\/","logo":{"@type":"ImageObject","inLanguage":"en-US","@id":"https:\/\/beautybaltic.com\/#\/schema\/logo\/image\/","url":"https:\/\/beautybaltic.com\/wp-content\/uploads\/2020\/04\/logo-4.png","contentUrl":"https:\/\/beautybaltic.com\/wp-content\/uploads\/2020\/04\/logo-4.png","width":704,"height":206,"caption":"SIA \"Beauty Baltic\""},"image":{"@id":"https:\/\/beautybaltic.com\/#\/schema\/logo\/image\/"},"sameAs":["https:\/\/www.facebook.com\/siabeautybaltic\/?eid=ARDs6xwwnnHaxWoXNQhS1sgYf1tbsdYaa9nRKgzW46Bm5i4PkSKw97xrztQlMJEv9gOVxTp-o3Sq_Uwq","https:\/\/www.instagram.com\/beauty_baltic\/"]}]}},"_links":{"self":[{"href":"https:\/\/beautybaltic.com\/index.php?rest_route=\/wp\/v2\/product\/28208","targetHints":{"allow":["GET"]}}],"collection":[{"href":"https:\/\/beautybaltic.com\/index.php?rest_route=\/wp\/v2\/product"}],"about":[{"href":"https:\/\/beautybaltic.com\/index.php?rest_route=\/wp\/v2\/types\/product"}],"replies":[{"embeddable":true,"href":"https:\/\/beautybaltic.com\/index.php?rest_route=%2Fwp%2Fv2%2Fcomments&post=28208"}],"wp:featuredmedia":[{"embeddable":true,"href":"https:\/\/beautybaltic.com\/index.php?rest_route=\/wp\/v2\/media\/28209"}],"wp:attachment":[{"href":"https:\/\/beautybaltic.com\/index.php?rest_route=%2Fwp%2Fv2%2Fmedia&parent=28208"}],"wp:term":[{"taxonomy":"product_brand","embeddable":true,"href":"https:\/\/beautybaltic.com\/index.php?rest_route=%2Fwp%2Fv2%2Fproduct_brand&post=28208"},{"taxonomy":"product_cat","embeddable":true,"href":"https:\/\/beautybaltic.com\/index.php?rest_route=%2Fwp%2Fv2%2Fproduct_cat&post=28208"},{"taxonomy":"product_tag","embeddable":true,"href":"https:\/\/beautybaltic.com\/index.php?rest_route=%2Fwp%2Fv2%2Fproduct_tag&post=28208"}],"curies":[{"name":"wp","href":"https:\/\/api.w.org\/{rel}","templated":true}]}}