{"id":27514,"date":"2026-02-18T19:51:52","date_gmt":"2026-02-18T16:51:52","guid":{"rendered":"https:\/\/beautybaltic.com\/?post_type=product&#038;p=27514"},"modified":"2026-02-18T19:51:53","modified_gmt":"2026-02-18T16:51:53","slug":"staleks-bezskiedru-salvetes-expert-400gb-we-400","status":"publish","type":"product","link":"https:\/\/beautybaltic.com\/?product=staleks-bezskiedru-salvetes-expert-400gb-we-400&lang=lv","title":{"rendered":"STALEKS Bez\u0161\u0137iedru salvetes EXPERT 400gb. [WE-400]"},"content":{"rendered":"<p>EXPERT perfor\u0113t\u0101s salvetes, kas nesatur \u0161\u0137iedras, maigi no\u0146em lip\u012bgo g\u0113la lakas, akrila un biog\u0113la sl\u0101ni un ir ide\u0101li piem\u0113rotas dab\u012bgo un m\u0101ksl\u012bgo nagu pl\u0101ksn\u012b\u0161u attauko\u0161anai, neatst\u0101j \u0161\u0137iedras. Izmanto profesion\u0101liem m\u0113r\u0137iem, veicot manik\u012bru un pedik\u012bru, k\u0101 ar\u012b suku t\u012br\u012b\u0161anai no g\u0113la un akrila.<\/p>\n<p>\u012apa\u0161\u012bbas:<\/p>\n<p>&#8211; Materi\u0101ls &#8211; spunbond.<\/p>\n<p>&#8211; 400 gab. iepakojum\u0101.<\/p>\n<p>&#8211; Salvetes izm\u0113rs ir 4,5*4,5 cm.<\/p>\n<p>&#8211; Perfor\u0113ta, roz\u0101 kr\u0101s\u0101.<\/p>\n<p>&#8211; Iepakojuma izm\u0113rs 5 cm * 19,2 cm.<\/p>\n<p>Galven\u0101s iez\u012bmes:<\/p>\n<p>&#8211; 100 % bez \u0161\u0137iedru pl\u016bksn\u0101m.<\/p>\n<p>&#8211; Profesion\u0101lai lieto\u0161anai manik\u012bram un pedik\u012bram.<\/p>\n<p>&#8211; M\u012bksts uz tausti.<\/p>\n<p>&#8211; Augsts materi\u0101la mitruma absorbcijas l\u012bmenis.<\/p>\n<p>&#8211; Nagu pl\u0101ksn\u012btes t\u012br\u012b\u0161anai, nagu lakas un lip\u012bg\u0101 sl\u0101\u0146a no\u0146em\u0161anai.<\/p>\n<p>&#8211; Vienreiz\u0113jai lieto\u0161anai.<\/p>\n<p>&#8211; Piln\u012bgi higi\u0113nisks.<\/p>\n","protected":false},"excerpt":{"rendered":"<p>EXPERT perfor\u0113t\u0101s salvetes, kas nesatur \u0161\u0137iedras, maigi no\u0146em lip\u012bgo g\u0113la lakas, akrila un biog\u0113la sl\u0101ni un ir ide\u0101li piem\u0113rotas dab\u012bgo un m\u0101ksl\u012bgo nagu pl\u0101ksn\u012b\u0161u attauko\u0161anai, neatst\u0101j \u0161\u0137iedras. Izmanto profesion\u0101liem m\u0113r\u0137iem, veicot manik\u012bru un pedik\u012bru, k\u0101 ar\u012b suku t\u012br\u012b\u0161anai no g\u0113la un akrila. \u012apa\u0161\u012bbas: &#8211; Materi\u0101ls &#8211; spunbond. &#8211; 400 gab. iepakojum\u0101. &#8211; Salvetes izm\u0113rs ir &hellip; <\/p>\n","protected":false},"featured_media":27515,"comment_status":"open","ping_status":"closed","template":"","meta":[],"product_brand":[2850],"product_cat":[3170,1438],"product_tag":[],"class_list":{"0":"post-27514","1":"product","2":"type-product","3":"status-publish","4":"has-post-thumbnail","6":"product_brand-staleks","7":"product_cat-aksesuari","8":"product_cat-staleks-lv","10":"first","11":"instock","12":"taxable","13":"shipping-taxable","14":"purchasable","15":"product-type-simple"},"yoast_head":"<!-- This site is optimized with the Yoast SEO Premium plugin v23.0 (Yoast SEO v26.9) - https:\/\/yoast.com\/product\/yoast-seo-premium-wordpress\/ -->\n<title>Beauty Baltic &#183; STALEKS Bez\u0161\u0137iedru salvetes EXPERT 400gb. [WE-400]<\/title>\n<meta name=\"robots\" content=\"index, follow, max-snippet:-1, max-image-preview:large, max-video-preview:-1\" \/>\n<link rel=\"canonical\" href=\"https:\/\/beautybaltic.com\/?product=staleks-bezskiedru-salvetes-expert-400gb-we-400&lang=lv\" \/>\n<meta property=\"og:locale\" content=\"en_US\" \/>\n<meta property=\"og:type\" content=\"article\" \/>\n<meta property=\"og:title\" content=\"STALEKS Bez\u0161\u0137iedru salvetes EXPERT 400gb. [WE-400]\" \/>\n<meta property=\"og:description\" content=\"EXPERT perfor\u0113t\u0101s salvetes, kas nesatur \u0161\u0137iedras, maigi no\u0146em lip\u012bgo g\u0113la lakas, akrila un biog\u0113la sl\u0101ni un ir ide\u0101li piem\u0113rotas dab\u012bgo un m\u0101ksl\u012bgo nagu pl\u0101ksn\u012b\u0161u attauko\u0161anai, neatst\u0101j \u0161\u0137iedras. Izmanto profesion\u0101liem m\u0113r\u0137iem, veicot manik\u012bru un pedik\u012bru, k\u0101 ar\u012b suku t\u012br\u012b\u0161anai no g\u0113la un akrila. \u012apa\u0161\u012bbas: &#8211; Materi\u0101ls &#8211; spunbond. &#8211; 400 gab. iepakojum\u0101. &#8211; Salvetes izm\u0113rs ir &hellip;\" \/>\n<meta property=\"og:url\" content=\"https:\/\/beautybaltic.com\/?product=staleks-bezskiedru-salvetes-expert-400gb-we-400&amp;lang=lv\" \/>\n<meta property=\"og:site_name\" content=\"Beauty Baltic\" \/>\n<meta property=\"article:publisher\" content=\"https:\/\/www.facebook.com\/siabeautybaltic\/?eid=ARDs6xwwnnHaxWoXNQhS1sgYf1tbsdYaa9nRKgzW46Bm5i4PkSKw97xrztQlMJEv9gOVxTp-o3Sq_Uwq\" \/>\n<meta property=\"article:modified_time\" content=\"2026-02-18T16:51:53+00:00\" \/>\n<meta property=\"og:image\" content=\"https:\/\/beautybaltic.com\/wp-content\/uploads\/2026\/02\/WE-400-1.jpg\" \/>\n\t<meta property=\"og:image:width\" content=\"2000\" \/>\n\t<meta property=\"og:image:height\" content=\"2000\" \/>\n\t<meta property=\"og:image:type\" content=\"image\/jpeg\" \/>\n<meta name=\"twitter:card\" content=\"summary_large_image\" \/>\n<meta name=\"twitter:label1\" content=\"Est. reading time\" \/>\n\t<meta name=\"twitter:data1\" content=\"1 minute\" \/>\n<script type=\"application\/ld+json\" class=\"yoast-schema-graph\">{\"@context\":\"https:\/\/schema.org\",\"@graph\":[{\"@type\":\"WebPage\",\"@id\":\"https:\/\/beautybaltic.com\/?product=staleks-bezskiedru-salvetes-expert-400gb-we-400&lang=lv\",\"url\":\"https:\/\/beautybaltic.com\/?product=staleks-bezskiedru-salvetes-expert-400gb-we-400&lang=lv\",\"name\":\"Beauty Baltic &#183; STALEKS Bez\u0161\u0137iedru salvetes EXPERT 400gb. [WE-400]\",\"isPartOf\":{\"@id\":\"https:\/\/beautybaltic.com\/#website\"},\"primaryImageOfPage\":{\"@id\":\"https:\/\/beautybaltic.com\/?product=staleks-bezskiedru-salvetes-expert-400gb-we-400&lang=lv#primaryimage\"},\"image\":{\"@id\":\"https:\/\/beautybaltic.com\/?product=staleks-bezskiedru-salvetes-expert-400gb-we-400&lang=lv#primaryimage\"},\"thumbnailUrl\":\"https:\/\/beautybaltic.com\/wp-content\/uploads\/2026\/02\/WE-400-1.jpg\",\"datePublished\":\"2026-02-18T16:51:52+00:00\",\"dateModified\":\"2026-02-18T16:51:53+00:00\",\"breadcrumb\":{\"@id\":\"https:\/\/beautybaltic.com\/?product=staleks-bezskiedru-salvetes-expert-400gb-we-400&lang=lv#breadcrumb\"},\"inLanguage\":\"en-US\",\"potentialAction\":[{\"@type\":\"ReadAction\",\"target\":[\"https:\/\/beautybaltic.com\/?product=staleks-bezskiedru-salvetes-expert-400gb-we-400&lang=lv\"]}]},{\"@type\":\"ImageObject\",\"inLanguage\":\"en-US\",\"@id\":\"https:\/\/beautybaltic.com\/?product=staleks-bezskiedru-salvetes-expert-400gb-we-400&lang=lv#primaryimage\",\"url\":\"https:\/\/beautybaltic.com\/wp-content\/uploads\/2026\/02\/WE-400-1.jpg\",\"contentUrl\":\"https:\/\/beautybaltic.com\/wp-content\/uploads\/2026\/02\/WE-400-1.jpg\",\"width\":2000,\"height\":2000},{\"@type\":\"BreadcrumbList\",\"@id\":\"https:\/\/beautybaltic.com\/?product=staleks-bezskiedru-salvetes-expert-400gb-we-400&lang=lv#breadcrumb\",\"itemListElement\":[{\"@type\":\"ListItem\",\"position\":1,\"name\":\"Home Page\",\"item\":\"https:\/\/beautybaltic.com\/\"},{\"@type\":\"ListItem\",\"position\":2,\"name\":\"All products\",\"item\":\"https:\/\/beautybaltic.com\/?page_id=113\"},{\"@type\":\"ListItem\",\"position\":3,\"name\":\"STALEKS Bez\u0161\u0137iedru salvetes EXPERT 400gb. [WE-400]\"}]},{\"@type\":\"WebSite\",\"@id\":\"https:\/\/beautybaltic.com\/#website\",\"url\":\"https:\/\/beautybaltic.com\/\",\"name\":\"Beauty Baltic\",\"description\":\"\",\"publisher\":{\"@id\":\"https:\/\/beautybaltic.com\/#organization\"},\"potentialAction\":[{\"@type\":\"SearchAction\",\"target\":{\"@type\":\"EntryPoint\",\"urlTemplate\":\"https:\/\/beautybaltic.com\/?s={search_term_string}\"},\"query-input\":{\"@type\":\"PropertyValueSpecification\",\"valueRequired\":true,\"valueName\":\"search_term_string\"}}],\"inLanguage\":\"en-US\"},{\"@type\":\"Organization\",\"@id\":\"https:\/\/beautybaltic.com\/#organization\",\"name\":\"SIA \\\"Beauty Baltic\\\"\",\"url\":\"https:\/\/beautybaltic.com\/\",\"logo\":{\"@type\":\"ImageObject\",\"inLanguage\":\"en-US\",\"@id\":\"https:\/\/beautybaltic.com\/#\/schema\/logo\/image\/\",\"url\":\"https:\/\/beautybaltic.com\/wp-content\/uploads\/2020\/04\/logo-4.png\",\"contentUrl\":\"https:\/\/beautybaltic.com\/wp-content\/uploads\/2020\/04\/logo-4.png\",\"width\":704,\"height\":206,\"caption\":\"SIA \\\"Beauty Baltic\\\"\"},\"image\":{\"@id\":\"https:\/\/beautybaltic.com\/#\/schema\/logo\/image\/\"},\"sameAs\":[\"https:\/\/www.facebook.com\/siabeautybaltic\/?eid=ARDs6xwwnnHaxWoXNQhS1sgYf1tbsdYaa9nRKgzW46Bm5i4PkSKw97xrztQlMJEv9gOVxTp-o3Sq_Uwq\",\"https:\/\/www.instagram.com\/beauty_baltic\/\"]}]}<\/script>\n<!-- \/ Yoast SEO Premium plugin. -->","yoast_head_json":{"title":"Beauty Baltic &#183; STALEKS Bez\u0161\u0137iedru salvetes EXPERT 400gb. [WE-400]","robots":{"index":"index","follow":"follow","max-snippet":"max-snippet:-1","max-image-preview":"max-image-preview:large","max-video-preview":"max-video-preview:-1"},"canonical":"https:\/\/beautybaltic.com\/?product=staleks-bezskiedru-salvetes-expert-400gb-we-400&lang=lv","og_locale":"en_US","og_type":"article","og_title":"STALEKS Bez\u0161\u0137iedru salvetes EXPERT 400gb. [WE-400]","og_description":"EXPERT perfor\u0113t\u0101s salvetes, kas nesatur \u0161\u0137iedras, maigi no\u0146em lip\u012bgo g\u0113la lakas, akrila un biog\u0113la sl\u0101ni un ir ide\u0101li piem\u0113rotas dab\u012bgo un m\u0101ksl\u012bgo nagu pl\u0101ksn\u012b\u0161u attauko\u0161anai, neatst\u0101j \u0161\u0137iedras. Izmanto profesion\u0101liem m\u0113r\u0137iem, veicot manik\u012bru un pedik\u012bru, k\u0101 ar\u012b suku t\u012br\u012b\u0161anai no g\u0113la un akrila. \u012apa\u0161\u012bbas: &#8211; Materi\u0101ls &#8211; spunbond. &#8211; 400 gab. iepakojum\u0101. &#8211; Salvetes izm\u0113rs ir &hellip;","og_url":"https:\/\/beautybaltic.com\/?product=staleks-bezskiedru-salvetes-expert-400gb-we-400&lang=lv","og_site_name":"Beauty Baltic","article_publisher":"https:\/\/www.facebook.com\/siabeautybaltic\/?eid=ARDs6xwwnnHaxWoXNQhS1sgYf1tbsdYaa9nRKgzW46Bm5i4PkSKw97xrztQlMJEv9gOVxTp-o3Sq_Uwq","article_modified_time":"2026-02-18T16:51:53+00:00","og_image":[{"width":2000,"height":2000,"url":"https:\/\/beautybaltic.com\/wp-content\/uploads\/2026\/02\/WE-400-1.jpg","type":"image\/jpeg"}],"twitter_card":"summary_large_image","twitter_misc":{"Est. reading time":"1 minute"},"schema":{"@context":"https:\/\/schema.org","@graph":[{"@type":"WebPage","@id":"https:\/\/beautybaltic.com\/?product=staleks-bezskiedru-salvetes-expert-400gb-we-400&lang=lv","url":"https:\/\/beautybaltic.com\/?product=staleks-bezskiedru-salvetes-expert-400gb-we-400&lang=lv","name":"Beauty Baltic &#183; STALEKS Bez\u0161\u0137iedru salvetes EXPERT 400gb. [WE-400]","isPartOf":{"@id":"https:\/\/beautybaltic.com\/#website"},"primaryImageOfPage":{"@id":"https:\/\/beautybaltic.com\/?product=staleks-bezskiedru-salvetes-expert-400gb-we-400&lang=lv#primaryimage"},"image":{"@id":"https:\/\/beautybaltic.com\/?product=staleks-bezskiedru-salvetes-expert-400gb-we-400&lang=lv#primaryimage"},"thumbnailUrl":"https:\/\/beautybaltic.com\/wp-content\/uploads\/2026\/02\/WE-400-1.jpg","datePublished":"2026-02-18T16:51:52+00:00","dateModified":"2026-02-18T16:51:53+00:00","breadcrumb":{"@id":"https:\/\/beautybaltic.com\/?product=staleks-bezskiedru-salvetes-expert-400gb-we-400&lang=lv#breadcrumb"},"inLanguage":"en-US","potentialAction":[{"@type":"ReadAction","target":["https:\/\/beautybaltic.com\/?product=staleks-bezskiedru-salvetes-expert-400gb-we-400&lang=lv"]}]},{"@type":"ImageObject","inLanguage":"en-US","@id":"https:\/\/beautybaltic.com\/?product=staleks-bezskiedru-salvetes-expert-400gb-we-400&lang=lv#primaryimage","url":"https:\/\/beautybaltic.com\/wp-content\/uploads\/2026\/02\/WE-400-1.jpg","contentUrl":"https:\/\/beautybaltic.com\/wp-content\/uploads\/2026\/02\/WE-400-1.jpg","width":2000,"height":2000},{"@type":"BreadcrumbList","@id":"https:\/\/beautybaltic.com\/?product=staleks-bezskiedru-salvetes-expert-400gb-we-400&lang=lv#breadcrumb","itemListElement":[{"@type":"ListItem","position":1,"name":"Home Page","item":"https:\/\/beautybaltic.com\/"},{"@type":"ListItem","position":2,"name":"All products","item":"https:\/\/beautybaltic.com\/?page_id=113"},{"@type":"ListItem","position":3,"name":"STALEKS Bez\u0161\u0137iedru salvetes EXPERT 400gb. [WE-400]"}]},{"@type":"WebSite","@id":"https:\/\/beautybaltic.com\/#website","url":"https:\/\/beautybaltic.com\/","name":"Beauty Baltic","description":"","publisher":{"@id":"https:\/\/beautybaltic.com\/#organization"},"potentialAction":[{"@type":"SearchAction","target":{"@type":"EntryPoint","urlTemplate":"https:\/\/beautybaltic.com\/?s={search_term_string}"},"query-input":{"@type":"PropertyValueSpecification","valueRequired":true,"valueName":"search_term_string"}}],"inLanguage":"en-US"},{"@type":"Organization","@id":"https:\/\/beautybaltic.com\/#organization","name":"SIA \"Beauty Baltic\"","url":"https:\/\/beautybaltic.com\/","logo":{"@type":"ImageObject","inLanguage":"en-US","@id":"https:\/\/beautybaltic.com\/#\/schema\/logo\/image\/","url":"https:\/\/beautybaltic.com\/wp-content\/uploads\/2020\/04\/logo-4.png","contentUrl":"https:\/\/beautybaltic.com\/wp-content\/uploads\/2020\/04\/logo-4.png","width":704,"height":206,"caption":"SIA \"Beauty Baltic\""},"image":{"@id":"https:\/\/beautybaltic.com\/#\/schema\/logo\/image\/"},"sameAs":["https:\/\/www.facebook.com\/siabeautybaltic\/?eid=ARDs6xwwnnHaxWoXNQhS1sgYf1tbsdYaa9nRKgzW46Bm5i4PkSKw97xrztQlMJEv9gOVxTp-o3Sq_Uwq","https:\/\/www.instagram.com\/beauty_baltic\/"]}]}},"_links":{"self":[{"href":"https:\/\/beautybaltic.com\/index.php?rest_route=\/wp\/v2\/product\/27514","targetHints":{"allow":["GET"]}}],"collection":[{"href":"https:\/\/beautybaltic.com\/index.php?rest_route=\/wp\/v2\/product"}],"about":[{"href":"https:\/\/beautybaltic.com\/index.php?rest_route=\/wp\/v2\/types\/product"}],"replies":[{"embeddable":true,"href":"https:\/\/beautybaltic.com\/index.php?rest_route=%2Fwp%2Fv2%2Fcomments&post=27514"}],"wp:featuredmedia":[{"embeddable":true,"href":"https:\/\/beautybaltic.com\/index.php?rest_route=\/wp\/v2\/media\/27515"}],"wp:attachment":[{"href":"https:\/\/beautybaltic.com\/index.php?rest_route=%2Fwp%2Fv2%2Fmedia&parent=27514"}],"wp:term":[{"taxonomy":"product_brand","embeddable":true,"href":"https:\/\/beautybaltic.com\/index.php?rest_route=%2Fwp%2Fv2%2Fproduct_brand&post=27514"},{"taxonomy":"product_cat","embeddable":true,"href":"https:\/\/beautybaltic.com\/index.php?rest_route=%2Fwp%2Fv2%2Fproduct_cat&post=27514"},{"taxonomy":"product_tag","embeddable":true,"href":"https:\/\/beautybaltic.com\/index.php?rest_route=%2Fwp%2Fv2%2Fproduct_tag&post=27514"}],"curies":[{"name":"wp","href":"https:\/\/api.w.org\/{rel}","templated":true}]}}