{"id":27270,"date":"2026-02-17T15:27:46","date_gmt":"2026-02-17T12:27:46","guid":{"rendered":"https:\/\/beautybaltic.com\/?post_type=product&#038;p=27270"},"modified":"2026-03-14T22:15:29","modified_gmt":"2026-03-14T19:15:29","slug":"staleks-dvipusis-manikiuro-irankis-smart-ps-51-2","status":"publish","type":"product","link":"https:\/\/beautybaltic.com\/?product=staleks-dvipusis-manikiuro-irankis-smart-ps-51-2&lang=lt","title":{"rendered":"STALEKS Dvipusis maniki\u016bro \u012frankis SMART [PS-51\/2]"},"content":{"rendered":"<div class=\"translate-tooltip-mtz translator-hidden\">\n<div class=\"translated-text\">\n<div class=\"sentences\">\u201eSMART 51 TYPE 2\u201c PROFESIONALUS \u012eRANKIS ODEL\u0116MS<\/div>\n<\/div>\n<\/div>\n<div>\n<div>\n<p>Profesionalus \u012frankis pad\u0117siantis susitvarkyti su odel\u0117mis. Efektyviai pakelia odel\u0119 ir nepalieka \u0161ereli\u0173. \u0160is modelis turi dvi darbines dalis &#8211; u\u017eapvalint\u0105 st\u016bmikl\u012f (pusher\u012f) ir peiliuk\u0105.<\/p>\n<\/div>\n<p>&#8211; tinka tiek pediki\u016brui tiek maniki\u016brui.<\/p>\n<div>\n<div>&#8211; suapvalintas st\u016bmiklis ir peiliukas;<\/div>\n<div>\n<p>&#8211; \u012frankis pagal\u0105stas rankiniu b\u016bdu kvalifikuot\u0173 STALEKS specialist\u0173.<\/p>\n<\/div>\n<div>\n<p>&#8211; gofruota rankena patogesniam ir tvirtesniam laikymui rankose;<\/p>\n<\/div>\n<\/div>\n<div>\n<p>&#8211; pagamintas i\u0161 ner\u016bdijan\u010dio chirurginio plieno AISI 420, kuris neoksiduoja dezinfekcijos metu bei pasi\u017eymi ypatingu patvarumu.<\/p>\n<\/div>\n<\/div>\n","protected":false},"excerpt":{"rendered":"<p>\u201eSMART 51 TYPE 2\u201c PROFESIONALUS \u012eRANKIS ODEL\u0116MS Profesionalus \u012frankis pad\u0117siantis susitvarkyti su odel\u0117mis. Efektyviai pakelia odel\u0119 ir nepalieka \u0161ereli\u0173. \u0160is modelis turi dvi darbines dalis &#8211; u\u017eapvalint\u0105 st\u016bmikl\u012f (pusher\u012f) ir peiliuk\u0105. &#8211; tinka tiek pediki\u016brui tiek maniki\u016brui. &#8211; suapvalintas st\u016bmiklis ir peiliukas; &#8211; \u012frankis pagal\u0105stas rankiniu b\u016bdu kvalifikuot\u0173 STALEKS specialist\u0173. &#8211; gofruota rankena patogesniam ir &hellip; <\/p>\n","protected":false},"featured_media":27271,"comment_status":"open","ping_status":"closed","template":"","meta":[],"product_brand":[2850],"product_cat":[3164,1829],"product_tag":[],"class_list":{"0":"post-27270","1":"product","2":"type-product","3":"status-publish","4":"has-post-thumbnail","6":"product_brand-staleks","7":"product_cat-atstumejai","8":"product_cat-staleks-instrumentai","10":"first","11":"instock","12":"taxable","13":"shipping-taxable","14":"purchasable","15":"product-type-simple"},"yoast_head":"<!-- This site is optimized with the Yoast SEO Premium plugin v23.0 (Yoast SEO v26.9) - https:\/\/yoast.com\/product\/yoast-seo-premium-wordpress\/ -->\n<title>Beauty Baltic &#183; STALEKS Dvipusis maniki\u016bro \u012frankis SMART [PS-51\/2]<\/title>\n<meta name=\"robots\" content=\"index, follow, max-snippet:-1, max-image-preview:large, max-video-preview:-1\" \/>\n<link rel=\"canonical\" href=\"https:\/\/beautybaltic.com\/?product=staleks-dvipusis-manikiuro-irankis-smart-ps-51-2&lang=lt\" \/>\n<meta property=\"og:locale\" content=\"en_US\" \/>\n<meta property=\"og:type\" content=\"article\" \/>\n<meta property=\"og:title\" content=\"STALEKS Dvipusis maniki\u016bro \u012frankis SMART [PS-51\/2]\" \/>\n<meta property=\"og:description\" content=\"\u201eSMART 51 TYPE 2\u201c PROFESIONALUS \u012eRANKIS ODEL\u0116MS Profesionalus \u012frankis pad\u0117siantis susitvarkyti su odel\u0117mis. Efektyviai pakelia odel\u0119 ir nepalieka \u0161ereli\u0173. \u0160is modelis turi dvi darbines dalis &#8211; u\u017eapvalint\u0105 st\u016bmikl\u012f (pusher\u012f) ir peiliuk\u0105. &#8211; tinka tiek pediki\u016brui tiek maniki\u016brui. &#8211; suapvalintas st\u016bmiklis ir peiliukas; &#8211; \u012frankis pagal\u0105stas rankiniu b\u016bdu kvalifikuot\u0173 STALEKS specialist\u0173. &#8211; gofruota rankena patogesniam ir &hellip;\" \/>\n<meta property=\"og:url\" content=\"https:\/\/beautybaltic.com\/?product=staleks-dvipusis-manikiuro-irankis-smart-ps-51-2&amp;lang=lt\" \/>\n<meta property=\"og:site_name\" content=\"Beauty Baltic\" \/>\n<meta property=\"article:publisher\" content=\"https:\/\/www.facebook.com\/siabeautybaltic\/?eid=ARDs6xwwnnHaxWoXNQhS1sgYf1tbsdYaa9nRKgzW46Bm5i4PkSKw97xrztQlMJEv9gOVxTp-o3Sq_Uwq\" \/>\n<meta property=\"article:modified_time\" content=\"2026-03-14T19:15:29+00:00\" \/>\n<meta property=\"og:image\" content=\"https:\/\/beautybaltic.com\/wp-content\/uploads\/2026\/02\/PS-51-2_1-scaled.png\" \/>\n\t<meta property=\"og:image:width\" content=\"1369\" \/>\n\t<meta property=\"og:image:height\" content=\"2048\" \/>\n\t<meta property=\"og:image:type\" content=\"image\/png\" \/>\n<meta name=\"twitter:card\" content=\"summary_large_image\" \/>\n<meta name=\"twitter:label1\" content=\"Est. reading time\" \/>\n\t<meta name=\"twitter:data1\" content=\"1 minute\" \/>\n<script type=\"application\/ld+json\" class=\"yoast-schema-graph\">{\"@context\":\"https:\/\/schema.org\",\"@graph\":[{\"@type\":\"WebPage\",\"@id\":\"https:\/\/beautybaltic.com\/?product=staleks-dvipusis-manikiuro-irankis-smart-ps-51-2&lang=lt\",\"url\":\"https:\/\/beautybaltic.com\/?product=staleks-dvipusis-manikiuro-irankis-smart-ps-51-2&lang=lt\",\"name\":\"Beauty Baltic &#183; STALEKS Dvipusis maniki\u016bro \u012frankis SMART [PS-51\/2]\",\"isPartOf\":{\"@id\":\"https:\/\/beautybaltic.com\/#website\"},\"primaryImageOfPage\":{\"@id\":\"https:\/\/beautybaltic.com\/?product=staleks-dvipusis-manikiuro-irankis-smart-ps-51-2&lang=lt#primaryimage\"},\"image\":{\"@id\":\"https:\/\/beautybaltic.com\/?product=staleks-dvipusis-manikiuro-irankis-smart-ps-51-2&lang=lt#primaryimage\"},\"thumbnailUrl\":\"https:\/\/beautybaltic.com\/wp-content\/uploads\/2026\/02\/PS-51-2_1-scaled.png\",\"datePublished\":\"2026-02-17T12:27:46+00:00\",\"dateModified\":\"2026-03-14T19:15:29+00:00\",\"breadcrumb\":{\"@id\":\"https:\/\/beautybaltic.com\/?product=staleks-dvipusis-manikiuro-irankis-smart-ps-51-2&lang=lt#breadcrumb\"},\"inLanguage\":\"en-US\",\"potentialAction\":[{\"@type\":\"ReadAction\",\"target\":[\"https:\/\/beautybaltic.com\/?product=staleks-dvipusis-manikiuro-irankis-smart-ps-51-2&lang=lt\"]}]},{\"@type\":\"ImageObject\",\"inLanguage\":\"en-US\",\"@id\":\"https:\/\/beautybaltic.com\/?product=staleks-dvipusis-manikiuro-irankis-smart-ps-51-2&lang=lt#primaryimage\",\"url\":\"https:\/\/beautybaltic.com\/wp-content\/uploads\/2026\/02\/PS-51-2_1-scaled.png\",\"contentUrl\":\"https:\/\/beautybaltic.com\/wp-content\/uploads\/2026\/02\/PS-51-2_1-scaled.png\",\"width\":1369,\"height\":2048},{\"@type\":\"BreadcrumbList\",\"@id\":\"https:\/\/beautybaltic.com\/?product=staleks-dvipusis-manikiuro-irankis-smart-ps-51-2&lang=lt#breadcrumb\",\"itemListElement\":[{\"@type\":\"ListItem\",\"position\":1,\"name\":\"Home Page\",\"item\":\"https:\/\/beautybaltic.com\/\"},{\"@type\":\"ListItem\",\"position\":2,\"name\":\"All products\",\"item\":\"https:\/\/beautybaltic.com\/?page_id=113\"},{\"@type\":\"ListItem\",\"position\":3,\"name\":\"STALEKS Dvipusis maniki\u016bro \u012frankis SMART [PS-51\/2]\"}]},{\"@type\":\"WebSite\",\"@id\":\"https:\/\/beautybaltic.com\/#website\",\"url\":\"https:\/\/beautybaltic.com\/\",\"name\":\"Beauty Baltic\",\"description\":\"\",\"publisher\":{\"@id\":\"https:\/\/beautybaltic.com\/#organization\"},\"potentialAction\":[{\"@type\":\"SearchAction\",\"target\":{\"@type\":\"EntryPoint\",\"urlTemplate\":\"https:\/\/beautybaltic.com\/?s={search_term_string}\"},\"query-input\":{\"@type\":\"PropertyValueSpecification\",\"valueRequired\":true,\"valueName\":\"search_term_string\"}}],\"inLanguage\":\"en-US\"},{\"@type\":\"Organization\",\"@id\":\"https:\/\/beautybaltic.com\/#organization\",\"name\":\"SIA \\\"Beauty Baltic\\\"\",\"url\":\"https:\/\/beautybaltic.com\/\",\"logo\":{\"@type\":\"ImageObject\",\"inLanguage\":\"en-US\",\"@id\":\"https:\/\/beautybaltic.com\/#\/schema\/logo\/image\/\",\"url\":\"https:\/\/beautybaltic.com\/wp-content\/uploads\/2020\/04\/logo-4.png\",\"contentUrl\":\"https:\/\/beautybaltic.com\/wp-content\/uploads\/2020\/04\/logo-4.png\",\"width\":704,\"height\":206,\"caption\":\"SIA \\\"Beauty Baltic\\\"\"},\"image\":{\"@id\":\"https:\/\/beautybaltic.com\/#\/schema\/logo\/image\/\"},\"sameAs\":[\"https:\/\/www.facebook.com\/siabeautybaltic\/?eid=ARDs6xwwnnHaxWoXNQhS1sgYf1tbsdYaa9nRKgzW46Bm5i4PkSKw97xrztQlMJEv9gOVxTp-o3Sq_Uwq\",\"https:\/\/www.instagram.com\/beauty_baltic\/\"]}]}<\/script>\n<!-- \/ Yoast SEO Premium plugin. -->","yoast_head_json":{"title":"Beauty Baltic &#183; STALEKS Dvipusis maniki\u016bro \u012frankis SMART [PS-51\/2]","robots":{"index":"index","follow":"follow","max-snippet":"max-snippet:-1","max-image-preview":"max-image-preview:large","max-video-preview":"max-video-preview:-1"},"canonical":"https:\/\/beautybaltic.com\/?product=staleks-dvipusis-manikiuro-irankis-smart-ps-51-2&lang=lt","og_locale":"en_US","og_type":"article","og_title":"STALEKS Dvipusis maniki\u016bro \u012frankis SMART [PS-51\/2]","og_description":"\u201eSMART 51 TYPE 2\u201c PROFESIONALUS \u012eRANKIS ODEL\u0116MS Profesionalus \u012frankis pad\u0117siantis susitvarkyti su odel\u0117mis. Efektyviai pakelia odel\u0119 ir nepalieka \u0161ereli\u0173. \u0160is modelis turi dvi darbines dalis &#8211; u\u017eapvalint\u0105 st\u016bmikl\u012f (pusher\u012f) ir peiliuk\u0105. &#8211; tinka tiek pediki\u016brui tiek maniki\u016brui. &#8211; suapvalintas st\u016bmiklis ir peiliukas; &#8211; \u012frankis pagal\u0105stas rankiniu b\u016bdu kvalifikuot\u0173 STALEKS specialist\u0173. &#8211; gofruota rankena patogesniam ir &hellip;","og_url":"https:\/\/beautybaltic.com\/?product=staleks-dvipusis-manikiuro-irankis-smart-ps-51-2&lang=lt","og_site_name":"Beauty Baltic","article_publisher":"https:\/\/www.facebook.com\/siabeautybaltic\/?eid=ARDs6xwwnnHaxWoXNQhS1sgYf1tbsdYaa9nRKgzW46Bm5i4PkSKw97xrztQlMJEv9gOVxTp-o3Sq_Uwq","article_modified_time":"2026-03-14T19:15:29+00:00","og_image":[{"width":1369,"height":2048,"url":"https:\/\/beautybaltic.com\/wp-content\/uploads\/2026\/02\/PS-51-2_1-scaled.png","type":"image\/png"}],"twitter_card":"summary_large_image","twitter_misc":{"Est. reading time":"1 minute"},"schema":{"@context":"https:\/\/schema.org","@graph":[{"@type":"WebPage","@id":"https:\/\/beautybaltic.com\/?product=staleks-dvipusis-manikiuro-irankis-smart-ps-51-2&lang=lt","url":"https:\/\/beautybaltic.com\/?product=staleks-dvipusis-manikiuro-irankis-smart-ps-51-2&lang=lt","name":"Beauty Baltic &#183; STALEKS Dvipusis maniki\u016bro \u012frankis SMART [PS-51\/2]","isPartOf":{"@id":"https:\/\/beautybaltic.com\/#website"},"primaryImageOfPage":{"@id":"https:\/\/beautybaltic.com\/?product=staleks-dvipusis-manikiuro-irankis-smart-ps-51-2&lang=lt#primaryimage"},"image":{"@id":"https:\/\/beautybaltic.com\/?product=staleks-dvipusis-manikiuro-irankis-smart-ps-51-2&lang=lt#primaryimage"},"thumbnailUrl":"https:\/\/beautybaltic.com\/wp-content\/uploads\/2026\/02\/PS-51-2_1-scaled.png","datePublished":"2026-02-17T12:27:46+00:00","dateModified":"2026-03-14T19:15:29+00:00","breadcrumb":{"@id":"https:\/\/beautybaltic.com\/?product=staleks-dvipusis-manikiuro-irankis-smart-ps-51-2&lang=lt#breadcrumb"},"inLanguage":"en-US","potentialAction":[{"@type":"ReadAction","target":["https:\/\/beautybaltic.com\/?product=staleks-dvipusis-manikiuro-irankis-smart-ps-51-2&lang=lt"]}]},{"@type":"ImageObject","inLanguage":"en-US","@id":"https:\/\/beautybaltic.com\/?product=staleks-dvipusis-manikiuro-irankis-smart-ps-51-2&lang=lt#primaryimage","url":"https:\/\/beautybaltic.com\/wp-content\/uploads\/2026\/02\/PS-51-2_1-scaled.png","contentUrl":"https:\/\/beautybaltic.com\/wp-content\/uploads\/2026\/02\/PS-51-2_1-scaled.png","width":1369,"height":2048},{"@type":"BreadcrumbList","@id":"https:\/\/beautybaltic.com\/?product=staleks-dvipusis-manikiuro-irankis-smart-ps-51-2&lang=lt#breadcrumb","itemListElement":[{"@type":"ListItem","position":1,"name":"Home Page","item":"https:\/\/beautybaltic.com\/"},{"@type":"ListItem","position":2,"name":"All products","item":"https:\/\/beautybaltic.com\/?page_id=113"},{"@type":"ListItem","position":3,"name":"STALEKS Dvipusis maniki\u016bro \u012frankis SMART [PS-51\/2]"}]},{"@type":"WebSite","@id":"https:\/\/beautybaltic.com\/#website","url":"https:\/\/beautybaltic.com\/","name":"Beauty Baltic","description":"","publisher":{"@id":"https:\/\/beautybaltic.com\/#organization"},"potentialAction":[{"@type":"SearchAction","target":{"@type":"EntryPoint","urlTemplate":"https:\/\/beautybaltic.com\/?s={search_term_string}"},"query-input":{"@type":"PropertyValueSpecification","valueRequired":true,"valueName":"search_term_string"}}],"inLanguage":"en-US"},{"@type":"Organization","@id":"https:\/\/beautybaltic.com\/#organization","name":"SIA \"Beauty Baltic\"","url":"https:\/\/beautybaltic.com\/","logo":{"@type":"ImageObject","inLanguage":"en-US","@id":"https:\/\/beautybaltic.com\/#\/schema\/logo\/image\/","url":"https:\/\/beautybaltic.com\/wp-content\/uploads\/2020\/04\/logo-4.png","contentUrl":"https:\/\/beautybaltic.com\/wp-content\/uploads\/2020\/04\/logo-4.png","width":704,"height":206,"caption":"SIA \"Beauty Baltic\""},"image":{"@id":"https:\/\/beautybaltic.com\/#\/schema\/logo\/image\/"},"sameAs":["https:\/\/www.facebook.com\/siabeautybaltic\/?eid=ARDs6xwwnnHaxWoXNQhS1sgYf1tbsdYaa9nRKgzW46Bm5i4PkSKw97xrztQlMJEv9gOVxTp-o3Sq_Uwq","https:\/\/www.instagram.com\/beauty_baltic\/"]}]}},"_links":{"self":[{"href":"https:\/\/beautybaltic.com\/index.php?rest_route=\/wp\/v2\/product\/27270","targetHints":{"allow":["GET"]}}],"collection":[{"href":"https:\/\/beautybaltic.com\/index.php?rest_route=\/wp\/v2\/product"}],"about":[{"href":"https:\/\/beautybaltic.com\/index.php?rest_route=\/wp\/v2\/types\/product"}],"replies":[{"embeddable":true,"href":"https:\/\/beautybaltic.com\/index.php?rest_route=%2Fwp%2Fv2%2Fcomments&post=27270"}],"wp:featuredmedia":[{"embeddable":true,"href":"https:\/\/beautybaltic.com\/index.php?rest_route=\/wp\/v2\/media\/27271"}],"wp:attachment":[{"href":"https:\/\/beautybaltic.com\/index.php?rest_route=%2Fwp%2Fv2%2Fmedia&parent=27270"}],"wp:term":[{"taxonomy":"product_brand","embeddable":true,"href":"https:\/\/beautybaltic.com\/index.php?rest_route=%2Fwp%2Fv2%2Fproduct_brand&post=27270"},{"taxonomy":"product_cat","embeddable":true,"href":"https:\/\/beautybaltic.com\/index.php?rest_route=%2Fwp%2Fv2%2Fproduct_cat&post=27270"},{"taxonomy":"product_tag","embeddable":true,"href":"https:\/\/beautybaltic.com\/index.php?rest_route=%2Fwp%2Fv2%2Fproduct_tag&post=27270"}],"curies":[{"name":"wp","href":"https:\/\/api.w.org\/{rel}","templated":true}]}}