{"id":27088,"date":"2026-02-15T23:55:32","date_gmt":"2026-02-15T20:55:32","guid":{"rendered":"https:\/\/beautybaltic.com\/?post_type=product&#038;p=27088"},"modified":"2026-04-16T12:37:04","modified_gmt":"2026-04-16T09:37:04","slug":"staleks-kutikulas-kocini-11cm-100gab-dos-30-100","status":"publish","type":"product","link":"https:\/\/beautybaltic.com\/?product=staleks-kutikulas-kocini-11cm-100gab-dos-30-100&lang=lv","title":{"rendered":"STALEKS Kutikulas koci\u0146i 11cm &#8211; 100gab. [DOS-30\/100]"},"content":{"rendered":"<p>Galven\u0101s \u012bpa\u0161\u012bbas:<br \/>\nOptim\u0101ls izm\u0113rs un forma.<br \/>\nIzgatavots no dab\u012bg\u0101 koka.<br \/>\nIztur\u012bgs, nesadal\u0101s. Aizsarg\u0101 nagu pl\u0101ksni un kutikulu no traum\u0101m.<br \/>\nAsin\u0101ts, kas atvieglo jebkuras proced\u016bras veik\u0161anu.<br \/>\nViegli p\u0101rstr\u0101d\u0101jams.<br \/>\nParedz\u0113ts vienreiz\u0113jai lieto\u0161anai.<br \/>\nLietojams individu\u0101li. Tas palielina dro\u0161\u012bbas l\u012bmeni un atvieglo higi\u0113nas standartu iev\u0113ro\u0161anu proced\u016bru laik\u0101.<\/p>\n","protected":false},"excerpt":{"rendered":"<p>Galven\u0101s \u012bpa\u0161\u012bbas: Optim\u0101ls izm\u0113rs un forma. Izgatavots no dab\u012bg\u0101 koka. Iztur\u012bgs, nesadal\u0101s. Aizsarg\u0101 nagu pl\u0101ksni un kutikulu no traum\u0101m. Asin\u0101ts, kas atvieglo jebkuras proced\u016bras veik\u0161anu. Viegli p\u0101rstr\u0101d\u0101jams. Paredz\u0113ts vienreiz\u0113jai lieto\u0161anai. Lietojams individu\u0101li. Tas palielina dro\u0161\u012bbas l\u012bmeni un atvieglo higi\u0113nas standartu iev\u0113ro\u0161anu proced\u016bru laik\u0101.<\/p>\n","protected":false},"featured_media":27089,"comment_status":"open","ping_status":"closed","template":"","meta":[],"product_brand":[2850],"product_cat":[3170,1438],"product_tag":[],"class_list":{"0":"post-27088","1":"product","2":"type-product","3":"status-publish","4":"has-post-thumbnail","6":"product_brand-staleks","7":"product_cat-aksesuari","8":"product_cat-staleks-lv","10":"first","11":"instock","12":"taxable","13":"shipping-taxable","14":"purchasable","15":"product-type-simple"},"yoast_head":"<!-- This site is optimized with the Yoast SEO Premium plugin v23.0 (Yoast SEO v26.9) - https:\/\/yoast.com\/product\/yoast-seo-premium-wordpress\/ -->\n<title>Beauty Baltic &#183; STALEKS Kutikulas koci\u0146i 11cm - 100gab. [DOS-30\/100]<\/title>\n<meta name=\"robots\" content=\"index, follow, max-snippet:-1, max-image-preview:large, max-video-preview:-1\" \/>\n<link rel=\"canonical\" href=\"https:\/\/beautybaltic.com\/?product=staleks-kutikulas-kocini-11cm-100gab-dos-30-100&lang=lv\" \/>\n<meta property=\"og:locale\" content=\"en_US\" \/>\n<meta property=\"og:type\" content=\"article\" \/>\n<meta property=\"og:title\" content=\"STALEKS Kutikulas koci\u0146i 11cm - 100gab. [DOS-30\/100]\" \/>\n<meta property=\"og:description\" content=\"Galven\u0101s \u012bpa\u0161\u012bbas: Optim\u0101ls izm\u0113rs un forma. Izgatavots no dab\u012bg\u0101 koka. Iztur\u012bgs, nesadal\u0101s. Aizsarg\u0101 nagu pl\u0101ksni un kutikulu no traum\u0101m. Asin\u0101ts, kas atvieglo jebkuras proced\u016bras veik\u0161anu. Viegli p\u0101rstr\u0101d\u0101jams. Paredz\u0113ts vienreiz\u0113jai lieto\u0161anai. Lietojams individu\u0101li. Tas palielina dro\u0161\u012bbas l\u012bmeni un atvieglo higi\u0113nas standartu iev\u0113ro\u0161anu proced\u016bru laik\u0101.\" \/>\n<meta property=\"og:url\" content=\"https:\/\/beautybaltic.com\/?product=staleks-kutikulas-kocini-11cm-100gab-dos-30-100&amp;lang=lv\" \/>\n<meta property=\"og:site_name\" content=\"Beauty Baltic\" \/>\n<meta property=\"article:publisher\" content=\"https:\/\/www.facebook.com\/siabeautybaltic\/?eid=ARDs6xwwnnHaxWoXNQhS1sgYf1tbsdYaa9nRKgzW46Bm5i4PkSKw97xrztQlMJEv9gOVxTp-o3Sq_Uwq\" \/>\n<meta property=\"article:modified_time\" content=\"2026-04-16T09:37:04+00:00\" \/>\n<meta property=\"og:image\" content=\"https:\/\/beautybaltic.com\/wp-content\/uploads\/2026\/02\/DOS-30-100-\u0446\u0432\u0435\u0442\u043d\u043e\u0439-\u0444\u043e\u043d-\u043e\u0441\u043d\u043e\u0432\u043d\u0430\u044f.jpg\" \/>\n\t<meta property=\"og:image:width\" content=\"1300\" \/>\n\t<meta property=\"og:image:height\" content=\"1300\" \/>\n\t<meta property=\"og:image:type\" content=\"image\/jpeg\" \/>\n<meta name=\"twitter:card\" content=\"summary_large_image\" \/>\n<meta name=\"twitter:label1\" content=\"Est. reading time\" \/>\n\t<meta name=\"twitter:data1\" content=\"1 minute\" \/>\n<script type=\"application\/ld+json\" class=\"yoast-schema-graph\">{\"@context\":\"https:\/\/schema.org\",\"@graph\":[{\"@type\":\"WebPage\",\"@id\":\"https:\/\/beautybaltic.com\/?product=staleks-kutikulas-kocini-11cm-100gab-dos-30-100&lang=lv\",\"url\":\"https:\/\/beautybaltic.com\/?product=staleks-kutikulas-kocini-11cm-100gab-dos-30-100&lang=lv\",\"name\":\"Beauty Baltic &#183; STALEKS Kutikulas koci\u0146i 11cm - 100gab. [DOS-30\/100]\",\"isPartOf\":{\"@id\":\"https:\/\/beautybaltic.com\/#website\"},\"primaryImageOfPage\":{\"@id\":\"https:\/\/beautybaltic.com\/?product=staleks-kutikulas-kocini-11cm-100gab-dos-30-100&lang=lv#primaryimage\"},\"image\":{\"@id\":\"https:\/\/beautybaltic.com\/?product=staleks-kutikulas-kocini-11cm-100gab-dos-30-100&lang=lv#primaryimage\"},\"thumbnailUrl\":\"https:\/\/beautybaltic.com\/wp-content\/uploads\/2026\/02\/DOS-30-100-\u0446\u0432\u0435\u0442\u043d\u043e\u0439-\u0444\u043e\u043d-\u043e\u0441\u043d\u043e\u0432\u043d\u0430\u044f.jpg\",\"datePublished\":\"2026-02-15T20:55:32+00:00\",\"dateModified\":\"2026-04-16T09:37:04+00:00\",\"breadcrumb\":{\"@id\":\"https:\/\/beautybaltic.com\/?product=staleks-kutikulas-kocini-11cm-100gab-dos-30-100&lang=lv#breadcrumb\"},\"inLanguage\":\"en-US\",\"potentialAction\":[{\"@type\":\"ReadAction\",\"target\":[\"https:\/\/beautybaltic.com\/?product=staleks-kutikulas-kocini-11cm-100gab-dos-30-100&lang=lv\"]}]},{\"@type\":\"ImageObject\",\"inLanguage\":\"en-US\",\"@id\":\"https:\/\/beautybaltic.com\/?product=staleks-kutikulas-kocini-11cm-100gab-dos-30-100&lang=lv#primaryimage\",\"url\":\"https:\/\/beautybaltic.com\/wp-content\/uploads\/2026\/02\/DOS-30-100-\u0446\u0432\u0435\u0442\u043d\u043e\u0439-\u0444\u043e\u043d-\u043e\u0441\u043d\u043e\u0432\u043d\u0430\u044f.jpg\",\"contentUrl\":\"https:\/\/beautybaltic.com\/wp-content\/uploads\/2026\/02\/DOS-30-100-\u0446\u0432\u0435\u0442\u043d\u043e\u0439-\u0444\u043e\u043d-\u043e\u0441\u043d\u043e\u0432\u043d\u0430\u044f.jpg\",\"width\":1300,\"height\":1300},{\"@type\":\"BreadcrumbList\",\"@id\":\"https:\/\/beautybaltic.com\/?product=staleks-kutikulas-kocini-11cm-100gab-dos-30-100&lang=lv#breadcrumb\",\"itemListElement\":[{\"@type\":\"ListItem\",\"position\":1,\"name\":\"Home Page\",\"item\":\"https:\/\/beautybaltic.com\/\"},{\"@type\":\"ListItem\",\"position\":2,\"name\":\"All products\",\"item\":\"https:\/\/beautybaltic.com\/?page_id=113\"},{\"@type\":\"ListItem\",\"position\":3,\"name\":\"STALEKS Kutikulas koci\u0146i 11cm &#8211; 100gab. [DOS-30\/100]\"}]},{\"@type\":\"WebSite\",\"@id\":\"https:\/\/beautybaltic.com\/#website\",\"url\":\"https:\/\/beautybaltic.com\/\",\"name\":\"Beauty Baltic\",\"description\":\"\",\"publisher\":{\"@id\":\"https:\/\/beautybaltic.com\/#organization\"},\"potentialAction\":[{\"@type\":\"SearchAction\",\"target\":{\"@type\":\"EntryPoint\",\"urlTemplate\":\"https:\/\/beautybaltic.com\/?s={search_term_string}\"},\"query-input\":{\"@type\":\"PropertyValueSpecification\",\"valueRequired\":true,\"valueName\":\"search_term_string\"}}],\"inLanguage\":\"en-US\"},{\"@type\":\"Organization\",\"@id\":\"https:\/\/beautybaltic.com\/#organization\",\"name\":\"SIA \\\"Beauty Baltic\\\"\",\"url\":\"https:\/\/beautybaltic.com\/\",\"logo\":{\"@type\":\"ImageObject\",\"inLanguage\":\"en-US\",\"@id\":\"https:\/\/beautybaltic.com\/#\/schema\/logo\/image\/\",\"url\":\"https:\/\/beautybaltic.com\/wp-content\/uploads\/2020\/04\/logo-4.png\",\"contentUrl\":\"https:\/\/beautybaltic.com\/wp-content\/uploads\/2020\/04\/logo-4.png\",\"width\":704,\"height\":206,\"caption\":\"SIA \\\"Beauty Baltic\\\"\"},\"image\":{\"@id\":\"https:\/\/beautybaltic.com\/#\/schema\/logo\/image\/\"},\"sameAs\":[\"https:\/\/www.facebook.com\/siabeautybaltic\/?eid=ARDs6xwwnnHaxWoXNQhS1sgYf1tbsdYaa9nRKgzW46Bm5i4PkSKw97xrztQlMJEv9gOVxTp-o3Sq_Uwq\",\"https:\/\/www.instagram.com\/beauty_baltic\/\"]}]}<\/script>\n<!-- \/ Yoast SEO Premium plugin. -->","yoast_head_json":{"title":"Beauty Baltic &#183; STALEKS Kutikulas koci\u0146i 11cm - 100gab. [DOS-30\/100]","robots":{"index":"index","follow":"follow","max-snippet":"max-snippet:-1","max-image-preview":"max-image-preview:large","max-video-preview":"max-video-preview:-1"},"canonical":"https:\/\/beautybaltic.com\/?product=staleks-kutikulas-kocini-11cm-100gab-dos-30-100&lang=lv","og_locale":"en_US","og_type":"article","og_title":"STALEKS Kutikulas koci\u0146i 11cm - 100gab. [DOS-30\/100]","og_description":"Galven\u0101s \u012bpa\u0161\u012bbas: Optim\u0101ls izm\u0113rs un forma. Izgatavots no dab\u012bg\u0101 koka. Iztur\u012bgs, nesadal\u0101s. Aizsarg\u0101 nagu pl\u0101ksni un kutikulu no traum\u0101m. Asin\u0101ts, kas atvieglo jebkuras proced\u016bras veik\u0161anu. Viegli p\u0101rstr\u0101d\u0101jams. Paredz\u0113ts vienreiz\u0113jai lieto\u0161anai. Lietojams individu\u0101li. Tas palielina dro\u0161\u012bbas l\u012bmeni un atvieglo higi\u0113nas standartu iev\u0113ro\u0161anu proced\u016bru laik\u0101.","og_url":"https:\/\/beautybaltic.com\/?product=staleks-kutikulas-kocini-11cm-100gab-dos-30-100&lang=lv","og_site_name":"Beauty Baltic","article_publisher":"https:\/\/www.facebook.com\/siabeautybaltic\/?eid=ARDs6xwwnnHaxWoXNQhS1sgYf1tbsdYaa9nRKgzW46Bm5i4PkSKw97xrztQlMJEv9gOVxTp-o3Sq_Uwq","article_modified_time":"2026-04-16T09:37:04+00:00","og_image":[{"width":1300,"height":1300,"url":"https:\/\/beautybaltic.com\/wp-content\/uploads\/2026\/02\/DOS-30-100-\u0446\u0432\u0435\u0442\u043d\u043e\u0439-\u0444\u043e\u043d-\u043e\u0441\u043d\u043e\u0432\u043d\u0430\u044f.jpg","type":"image\/jpeg"}],"twitter_card":"summary_large_image","twitter_misc":{"Est. reading time":"1 minute"},"schema":{"@context":"https:\/\/schema.org","@graph":[{"@type":"WebPage","@id":"https:\/\/beautybaltic.com\/?product=staleks-kutikulas-kocini-11cm-100gab-dos-30-100&lang=lv","url":"https:\/\/beautybaltic.com\/?product=staleks-kutikulas-kocini-11cm-100gab-dos-30-100&lang=lv","name":"Beauty Baltic &#183; STALEKS Kutikulas koci\u0146i 11cm - 100gab. [DOS-30\/100]","isPartOf":{"@id":"https:\/\/beautybaltic.com\/#website"},"primaryImageOfPage":{"@id":"https:\/\/beautybaltic.com\/?product=staleks-kutikulas-kocini-11cm-100gab-dos-30-100&lang=lv#primaryimage"},"image":{"@id":"https:\/\/beautybaltic.com\/?product=staleks-kutikulas-kocini-11cm-100gab-dos-30-100&lang=lv#primaryimage"},"thumbnailUrl":"https:\/\/beautybaltic.com\/wp-content\/uploads\/2026\/02\/DOS-30-100-\u0446\u0432\u0435\u0442\u043d\u043e\u0439-\u0444\u043e\u043d-\u043e\u0441\u043d\u043e\u0432\u043d\u0430\u044f.jpg","datePublished":"2026-02-15T20:55:32+00:00","dateModified":"2026-04-16T09:37:04+00:00","breadcrumb":{"@id":"https:\/\/beautybaltic.com\/?product=staleks-kutikulas-kocini-11cm-100gab-dos-30-100&lang=lv#breadcrumb"},"inLanguage":"en-US","potentialAction":[{"@type":"ReadAction","target":["https:\/\/beautybaltic.com\/?product=staleks-kutikulas-kocini-11cm-100gab-dos-30-100&lang=lv"]}]},{"@type":"ImageObject","inLanguage":"en-US","@id":"https:\/\/beautybaltic.com\/?product=staleks-kutikulas-kocini-11cm-100gab-dos-30-100&lang=lv#primaryimage","url":"https:\/\/beautybaltic.com\/wp-content\/uploads\/2026\/02\/DOS-30-100-\u0446\u0432\u0435\u0442\u043d\u043e\u0439-\u0444\u043e\u043d-\u043e\u0441\u043d\u043e\u0432\u043d\u0430\u044f.jpg","contentUrl":"https:\/\/beautybaltic.com\/wp-content\/uploads\/2026\/02\/DOS-30-100-\u0446\u0432\u0435\u0442\u043d\u043e\u0439-\u0444\u043e\u043d-\u043e\u0441\u043d\u043e\u0432\u043d\u0430\u044f.jpg","width":1300,"height":1300},{"@type":"BreadcrumbList","@id":"https:\/\/beautybaltic.com\/?product=staleks-kutikulas-kocini-11cm-100gab-dos-30-100&lang=lv#breadcrumb","itemListElement":[{"@type":"ListItem","position":1,"name":"Home Page","item":"https:\/\/beautybaltic.com\/"},{"@type":"ListItem","position":2,"name":"All products","item":"https:\/\/beautybaltic.com\/?page_id=113"},{"@type":"ListItem","position":3,"name":"STALEKS Kutikulas koci\u0146i 11cm &#8211; 100gab. [DOS-30\/100]"}]},{"@type":"WebSite","@id":"https:\/\/beautybaltic.com\/#website","url":"https:\/\/beautybaltic.com\/","name":"Beauty Baltic","description":"","publisher":{"@id":"https:\/\/beautybaltic.com\/#organization"},"potentialAction":[{"@type":"SearchAction","target":{"@type":"EntryPoint","urlTemplate":"https:\/\/beautybaltic.com\/?s={search_term_string}"},"query-input":{"@type":"PropertyValueSpecification","valueRequired":true,"valueName":"search_term_string"}}],"inLanguage":"en-US"},{"@type":"Organization","@id":"https:\/\/beautybaltic.com\/#organization","name":"SIA \"Beauty Baltic\"","url":"https:\/\/beautybaltic.com\/","logo":{"@type":"ImageObject","inLanguage":"en-US","@id":"https:\/\/beautybaltic.com\/#\/schema\/logo\/image\/","url":"https:\/\/beautybaltic.com\/wp-content\/uploads\/2020\/04\/logo-4.png","contentUrl":"https:\/\/beautybaltic.com\/wp-content\/uploads\/2020\/04\/logo-4.png","width":704,"height":206,"caption":"SIA \"Beauty Baltic\""},"image":{"@id":"https:\/\/beautybaltic.com\/#\/schema\/logo\/image\/"},"sameAs":["https:\/\/www.facebook.com\/siabeautybaltic\/?eid=ARDs6xwwnnHaxWoXNQhS1sgYf1tbsdYaa9nRKgzW46Bm5i4PkSKw97xrztQlMJEv9gOVxTp-o3Sq_Uwq","https:\/\/www.instagram.com\/beauty_baltic\/"]}]}},"_links":{"self":[{"href":"https:\/\/beautybaltic.com\/index.php?rest_route=\/wp\/v2\/product\/27088","targetHints":{"allow":["GET"]}}],"collection":[{"href":"https:\/\/beautybaltic.com\/index.php?rest_route=\/wp\/v2\/product"}],"about":[{"href":"https:\/\/beautybaltic.com\/index.php?rest_route=\/wp\/v2\/types\/product"}],"replies":[{"embeddable":true,"href":"https:\/\/beautybaltic.com\/index.php?rest_route=%2Fwp%2Fv2%2Fcomments&post=27088"}],"wp:featuredmedia":[{"embeddable":true,"href":"https:\/\/beautybaltic.com\/index.php?rest_route=\/wp\/v2\/media\/27089"}],"wp:attachment":[{"href":"https:\/\/beautybaltic.com\/index.php?rest_route=%2Fwp%2Fv2%2Fmedia&parent=27088"}],"wp:term":[{"taxonomy":"product_brand","embeddable":true,"href":"https:\/\/beautybaltic.com\/index.php?rest_route=%2Fwp%2Fv2%2Fproduct_brand&post=27088"},{"taxonomy":"product_cat","embeddable":true,"href":"https:\/\/beautybaltic.com\/index.php?rest_route=%2Fwp%2Fv2%2Fproduct_cat&post=27088"},{"taxonomy":"product_tag","embeddable":true,"href":"https:\/\/beautybaltic.com\/index.php?rest_route=%2Fwp%2Fv2%2Fproduct_tag&post=27088"}],"curies":[{"name":"wp","href":"https:\/\/api.w.org\/{rel}","templated":true}]}}