{"id":26316,"date":"2025-12-29T23:13:03","date_gmt":"2025-12-29T20:13:03","guid":{"rendered":"https:\/\/beautybaltic.com\/?post_type=product&#038;p=26316"},"modified":"2026-04-02T10:19:24","modified_gmt":"2026-04-02T07:19:24","slug":"dnka-cover-base-0080-furor-5","status":"publish","type":"product","link":"https:\/\/beautybaltic.com\/?product=dnka-cover-base-0080-furor-5&lang=lt","title":{"rendered":"DNKa&#8217; Cover Base #0080 Furor"},"content":{"rendered":"<p>&#8220;DNKa&#8217; Cover Bases&#8221; yra auk\u0161\u010diausios kokyb\u0117s universal\u016bs maskuojamieji pagrindai, gerai dengiantys nag\u0173 plok\u0161tel\u0119 ir greitai d\u017ei\u016bstantys. Ypatinga pagrindo savyb\u0117 &#8211; vidutinio kietumo storis, kuris lengvai i\u0161lyginamas ir tolygiai pasiskirsto ant nago plok\u0161tel\u0117s. D\u0117l to jis sukuria nepriekai\u0161ting\u0105 atspind\u012f, nesusitraukia ne\u0161iojimo metu ir pasi\u017eymi lipnumo savyb\u0117mis.<\/p>\n<p>Naudojimo technika<\/p>\n<p>1) U\u017etepkite nuriebalinimo priemon\u0119 ant pertvarinio nago pavir\u0161iaus.<br \/>\n2) Naudokite r\u016bg\u0161\u010di\u0173 neturint\u012f grunt\u0105, kad b\u016bt\u0173 u\u017etikrintas papildomas sukibimas.<br \/>\n3) U\u017etepkite DNKa&#8217; (gumin\u012f pagrind\u0105), palaikykite po LED lempa 60 sekund\u017ei\u0173. UV lempa &#8211; 2 min.<br \/>\n4) U\u017etepkite i\u0161lyginam\u0105j\u012f DNKa&#8217; Cover Base sluoksn\u012f ir pakartokite ankstesn\u012f punkt\u0105 &#8211; d\u017eiovinkite po LED lempa 60 sekund\u017ei\u0173 arba 2 min. po UV lempa.<br \/>\n5) Padenkite nagus DNKa&#8217; Top No Wipe arba DNKa&#8217; Top Matt No Wipe. Kad pasiektum\u0117te tobul\u0105 blizgumo arba mati\u0161kumo efekt\u0105, rekomenduojame papildomai d\u017eiovinti apie 2 minutes po LED lempa. Naudojant UV lemp\u0105 \u0161is laikas pailg\u0117ja iki 3 minu\u010di\u0173.<\/p>\n<p>Sud\u0117tis:- di-hema trimethylhexyl dicarbamate,<br \/>\n&#8211; hydroxypropyl methacrylate,<br \/>\n&#8211; hema (hydroxyethyl methacrylate),<br \/>\n&#8211; 3-methylbenzyl diphenylphosphine oxide,<br \/>\n&#8211; hydroxycyclohexyl phenyl ketone,<br \/>\n&#8211; glyceryl dimethacrylate pyromellitate,<br \/>\n&#8211; p-hydroxyanisole.<\/p>\n","protected":false},"excerpt":{"rendered":"<p>&#8220;DNKa&#8217; Cover Bases&#8221; yra auk\u0161\u010diausios kokyb\u0117s universal\u016bs maskuojamieji pagrindai, gerai dengiantys nag\u0173 plok\u0161tel\u0119 ir greitai d\u017ei\u016bstantys. Ypatinga pagrindo savyb\u0117 &#8211; vidutinio kietumo storis, kuris lengvai i\u0161lyginamas ir tolygiai pasiskirsto ant nago plok\u0161tel\u0117s. D\u0117l to jis sukuria nepriekai\u0161ting\u0105 atspind\u012f, nesusitraukia ne\u0161iojimo metu ir pasi\u017eymi lipnumo savyb\u0117mis. Naudojimo technika 1) U\u017etepkite nuriebalinimo priemon\u0119 ant pertvarinio nago pavir\u0161iaus. &hellip; <\/p>\n","protected":false},"featured_media":17143,"comment_status":"open","ping_status":"closed","template":"","meta":[],"product_brand":[2853],"product_cat":[2071,2028],"product_tag":[],"class_list":{"0":"post-26316","1":"product","2":"type-product","3":"status-publish","4":"has-post-thumbnail","6":"product_brand-dnka","7":"product_cat-dnka-lt","8":"product_cat-bazes-lt","10":"first","11":"outofstock","12":"taxable","13":"shipping-taxable","14":"purchasable","15":"product-type-simple"},"yoast_head":"<!-- This site is optimized with the Yoast SEO Premium plugin v23.0 (Yoast SEO v26.9) - https:\/\/yoast.com\/product\/yoast-seo-premium-wordpress\/ -->\n<title>Beauty Baltic &#183; DNKa&#039; Cover Base #0080 Furor<\/title>\n<meta name=\"robots\" content=\"index, follow, max-snippet:-1, max-image-preview:large, max-video-preview:-1\" \/>\n<link rel=\"canonical\" href=\"https:\/\/beautybaltic.com\/?product=dnka-cover-base-0080-furor-5&lang=lt\" \/>\n<meta property=\"og:locale\" content=\"en_US\" \/>\n<meta property=\"og:type\" content=\"article\" \/>\n<meta property=\"og:title\" content=\"DNKa&#039; Cover Base #0080 Furor\" \/>\n<meta property=\"og:description\" content=\"&#8220;DNKa&#8217; Cover Bases&#8221; yra auk\u0161\u010diausios kokyb\u0117s universal\u016bs maskuojamieji pagrindai, gerai dengiantys nag\u0173 plok\u0161tel\u0119 ir greitai d\u017ei\u016bstantys. Ypatinga pagrindo savyb\u0117 &#8211; vidutinio kietumo storis, kuris lengvai i\u0161lyginamas ir tolygiai pasiskirsto ant nago plok\u0161tel\u0117s. D\u0117l to jis sukuria nepriekai\u0161ting\u0105 atspind\u012f, nesusitraukia ne\u0161iojimo metu ir pasi\u017eymi lipnumo savyb\u0117mis. Naudojimo technika 1) U\u017etepkite nuriebalinimo priemon\u0119 ant pertvarinio nago pavir\u0161iaus. &hellip;\" \/>\n<meta property=\"og:url\" content=\"https:\/\/beautybaltic.com\/?product=dnka-cover-base-0080-furor-5&amp;lang=lt\" \/>\n<meta property=\"og:site_name\" content=\"Beauty Baltic\" \/>\n<meta property=\"article:publisher\" content=\"https:\/\/www.facebook.com\/siabeautybaltic\/?eid=ARDs6xwwnnHaxWoXNQhS1sgYf1tbsdYaa9nRKgzW46Bm5i4PkSKw97xrztQlMJEv9gOVxTp-o3Sq_Uwq\" \/>\n<meta property=\"article:modified_time\" content=\"2026-04-02T07:19:24+00:00\" \/>\n<meta property=\"og:image\" content=\"https:\/\/beautybaltic.com\/wp-content\/uploads\/2024\/12\/code-0080.jpg\" \/>\n\t<meta property=\"og:image:width\" content=\"1000\" \/>\n\t<meta property=\"og:image:height\" content=\"1001\" \/>\n\t<meta property=\"og:image:type\" content=\"image\/jpeg\" \/>\n<meta name=\"twitter:card\" content=\"summary_large_image\" \/>\n<meta name=\"twitter:label1\" content=\"Est. reading time\" \/>\n\t<meta name=\"twitter:data1\" content=\"1 minute\" \/>\n<script type=\"application\/ld+json\" class=\"yoast-schema-graph\">{\"@context\":\"https:\/\/schema.org\",\"@graph\":[{\"@type\":\"WebPage\",\"@id\":\"https:\/\/beautybaltic.com\/?product=dnka-cover-base-0080-furor-5&lang=lt\",\"url\":\"https:\/\/beautybaltic.com\/?product=dnka-cover-base-0080-furor-5&lang=lt\",\"name\":\"Beauty Baltic &#183; DNKa' Cover Base #0080 Furor\",\"isPartOf\":{\"@id\":\"https:\/\/beautybaltic.com\/#website\"},\"primaryImageOfPage\":{\"@id\":\"https:\/\/beautybaltic.com\/?product=dnka-cover-base-0080-furor-5&lang=lt#primaryimage\"},\"image\":{\"@id\":\"https:\/\/beautybaltic.com\/?product=dnka-cover-base-0080-furor-5&lang=lt#primaryimage\"},\"thumbnailUrl\":\"https:\/\/beautybaltic.com\/wp-content\/uploads\/2024\/12\/code-0080.jpg\",\"datePublished\":\"2025-12-29T20:13:03+00:00\",\"dateModified\":\"2026-04-02T07:19:24+00:00\",\"breadcrumb\":{\"@id\":\"https:\/\/beautybaltic.com\/?product=dnka-cover-base-0080-furor-5&lang=lt#breadcrumb\"},\"inLanguage\":\"en-US\",\"potentialAction\":[{\"@type\":\"ReadAction\",\"target\":[\"https:\/\/beautybaltic.com\/?product=dnka-cover-base-0080-furor-5&lang=lt\"]}]},{\"@type\":\"ImageObject\",\"inLanguage\":\"en-US\",\"@id\":\"https:\/\/beautybaltic.com\/?product=dnka-cover-base-0080-furor-5&lang=lt#primaryimage\",\"url\":\"https:\/\/beautybaltic.com\/wp-content\/uploads\/2024\/12\/code-0080.jpg\",\"contentUrl\":\"https:\/\/beautybaltic.com\/wp-content\/uploads\/2024\/12\/code-0080.jpg\",\"width\":1000,\"height\":1001},{\"@type\":\"BreadcrumbList\",\"@id\":\"https:\/\/beautybaltic.com\/?product=dnka-cover-base-0080-furor-5&lang=lt#breadcrumb\",\"itemListElement\":[{\"@type\":\"ListItem\",\"position\":1,\"name\":\"Home Page\",\"item\":\"https:\/\/beautybaltic.com\/\"},{\"@type\":\"ListItem\",\"position\":2,\"name\":\"All products\",\"item\":\"https:\/\/beautybaltic.com\/?page_id=113\"},{\"@type\":\"ListItem\",\"position\":3,\"name\":\"DNKa&#8217; Cover Base #0080 Furor\"}]},{\"@type\":\"WebSite\",\"@id\":\"https:\/\/beautybaltic.com\/#website\",\"url\":\"https:\/\/beautybaltic.com\/\",\"name\":\"Beauty Baltic\",\"description\":\"\",\"publisher\":{\"@id\":\"https:\/\/beautybaltic.com\/#organization\"},\"potentialAction\":[{\"@type\":\"SearchAction\",\"target\":{\"@type\":\"EntryPoint\",\"urlTemplate\":\"https:\/\/beautybaltic.com\/?s={search_term_string}\"},\"query-input\":{\"@type\":\"PropertyValueSpecification\",\"valueRequired\":true,\"valueName\":\"search_term_string\"}}],\"inLanguage\":\"en-US\"},{\"@type\":\"Organization\",\"@id\":\"https:\/\/beautybaltic.com\/#organization\",\"name\":\"SIA \\\"Beauty Baltic\\\"\",\"url\":\"https:\/\/beautybaltic.com\/\",\"logo\":{\"@type\":\"ImageObject\",\"inLanguage\":\"en-US\",\"@id\":\"https:\/\/beautybaltic.com\/#\/schema\/logo\/image\/\",\"url\":\"https:\/\/beautybaltic.com\/wp-content\/uploads\/2020\/04\/logo-4.png\",\"contentUrl\":\"https:\/\/beautybaltic.com\/wp-content\/uploads\/2020\/04\/logo-4.png\",\"width\":704,\"height\":206,\"caption\":\"SIA \\\"Beauty Baltic\\\"\"},\"image\":{\"@id\":\"https:\/\/beautybaltic.com\/#\/schema\/logo\/image\/\"},\"sameAs\":[\"https:\/\/www.facebook.com\/siabeautybaltic\/?eid=ARDs6xwwnnHaxWoXNQhS1sgYf1tbsdYaa9nRKgzW46Bm5i4PkSKw97xrztQlMJEv9gOVxTp-o3Sq_Uwq\",\"https:\/\/www.instagram.com\/beauty_baltic\/\"]}]}<\/script>\n<!-- \/ Yoast SEO Premium plugin. -->","yoast_head_json":{"title":"Beauty Baltic &#183; DNKa' Cover Base #0080 Furor","robots":{"index":"index","follow":"follow","max-snippet":"max-snippet:-1","max-image-preview":"max-image-preview:large","max-video-preview":"max-video-preview:-1"},"canonical":"https:\/\/beautybaltic.com\/?product=dnka-cover-base-0080-furor-5&lang=lt","og_locale":"en_US","og_type":"article","og_title":"DNKa' Cover Base #0080 Furor","og_description":"&#8220;DNKa&#8217; Cover Bases&#8221; yra auk\u0161\u010diausios kokyb\u0117s universal\u016bs maskuojamieji pagrindai, gerai dengiantys nag\u0173 plok\u0161tel\u0119 ir greitai d\u017ei\u016bstantys. Ypatinga pagrindo savyb\u0117 &#8211; vidutinio kietumo storis, kuris lengvai i\u0161lyginamas ir tolygiai pasiskirsto ant nago plok\u0161tel\u0117s. D\u0117l to jis sukuria nepriekai\u0161ting\u0105 atspind\u012f, nesusitraukia ne\u0161iojimo metu ir pasi\u017eymi lipnumo savyb\u0117mis. Naudojimo technika 1) U\u017etepkite nuriebalinimo priemon\u0119 ant pertvarinio nago pavir\u0161iaus. &hellip;","og_url":"https:\/\/beautybaltic.com\/?product=dnka-cover-base-0080-furor-5&lang=lt","og_site_name":"Beauty Baltic","article_publisher":"https:\/\/www.facebook.com\/siabeautybaltic\/?eid=ARDs6xwwnnHaxWoXNQhS1sgYf1tbsdYaa9nRKgzW46Bm5i4PkSKw97xrztQlMJEv9gOVxTp-o3Sq_Uwq","article_modified_time":"2026-04-02T07:19:24+00:00","og_image":[{"width":1000,"height":1001,"url":"https:\/\/beautybaltic.com\/wp-content\/uploads\/2024\/12\/code-0080.jpg","type":"image\/jpeg"}],"twitter_card":"summary_large_image","twitter_misc":{"Est. reading time":"1 minute"},"schema":{"@context":"https:\/\/schema.org","@graph":[{"@type":"WebPage","@id":"https:\/\/beautybaltic.com\/?product=dnka-cover-base-0080-furor-5&lang=lt","url":"https:\/\/beautybaltic.com\/?product=dnka-cover-base-0080-furor-5&lang=lt","name":"Beauty Baltic &#183; DNKa' Cover Base #0080 Furor","isPartOf":{"@id":"https:\/\/beautybaltic.com\/#website"},"primaryImageOfPage":{"@id":"https:\/\/beautybaltic.com\/?product=dnka-cover-base-0080-furor-5&lang=lt#primaryimage"},"image":{"@id":"https:\/\/beautybaltic.com\/?product=dnka-cover-base-0080-furor-5&lang=lt#primaryimage"},"thumbnailUrl":"https:\/\/beautybaltic.com\/wp-content\/uploads\/2024\/12\/code-0080.jpg","datePublished":"2025-12-29T20:13:03+00:00","dateModified":"2026-04-02T07:19:24+00:00","breadcrumb":{"@id":"https:\/\/beautybaltic.com\/?product=dnka-cover-base-0080-furor-5&lang=lt#breadcrumb"},"inLanguage":"en-US","potentialAction":[{"@type":"ReadAction","target":["https:\/\/beautybaltic.com\/?product=dnka-cover-base-0080-furor-5&lang=lt"]}]},{"@type":"ImageObject","inLanguage":"en-US","@id":"https:\/\/beautybaltic.com\/?product=dnka-cover-base-0080-furor-5&lang=lt#primaryimage","url":"https:\/\/beautybaltic.com\/wp-content\/uploads\/2024\/12\/code-0080.jpg","contentUrl":"https:\/\/beautybaltic.com\/wp-content\/uploads\/2024\/12\/code-0080.jpg","width":1000,"height":1001},{"@type":"BreadcrumbList","@id":"https:\/\/beautybaltic.com\/?product=dnka-cover-base-0080-furor-5&lang=lt#breadcrumb","itemListElement":[{"@type":"ListItem","position":1,"name":"Home Page","item":"https:\/\/beautybaltic.com\/"},{"@type":"ListItem","position":2,"name":"All products","item":"https:\/\/beautybaltic.com\/?page_id=113"},{"@type":"ListItem","position":3,"name":"DNKa&#8217; Cover Base #0080 Furor"}]},{"@type":"WebSite","@id":"https:\/\/beautybaltic.com\/#website","url":"https:\/\/beautybaltic.com\/","name":"Beauty Baltic","description":"","publisher":{"@id":"https:\/\/beautybaltic.com\/#organization"},"potentialAction":[{"@type":"SearchAction","target":{"@type":"EntryPoint","urlTemplate":"https:\/\/beautybaltic.com\/?s={search_term_string}"},"query-input":{"@type":"PropertyValueSpecification","valueRequired":true,"valueName":"search_term_string"}}],"inLanguage":"en-US"},{"@type":"Organization","@id":"https:\/\/beautybaltic.com\/#organization","name":"SIA \"Beauty Baltic\"","url":"https:\/\/beautybaltic.com\/","logo":{"@type":"ImageObject","inLanguage":"en-US","@id":"https:\/\/beautybaltic.com\/#\/schema\/logo\/image\/","url":"https:\/\/beautybaltic.com\/wp-content\/uploads\/2020\/04\/logo-4.png","contentUrl":"https:\/\/beautybaltic.com\/wp-content\/uploads\/2020\/04\/logo-4.png","width":704,"height":206,"caption":"SIA \"Beauty Baltic\""},"image":{"@id":"https:\/\/beautybaltic.com\/#\/schema\/logo\/image\/"},"sameAs":["https:\/\/www.facebook.com\/siabeautybaltic\/?eid=ARDs6xwwnnHaxWoXNQhS1sgYf1tbsdYaa9nRKgzW46Bm5i4PkSKw97xrztQlMJEv9gOVxTp-o3Sq_Uwq","https:\/\/www.instagram.com\/beauty_baltic\/"]}]}},"_links":{"self":[{"href":"https:\/\/beautybaltic.com\/index.php?rest_route=\/wp\/v2\/product\/26316","targetHints":{"allow":["GET"]}}],"collection":[{"href":"https:\/\/beautybaltic.com\/index.php?rest_route=\/wp\/v2\/product"}],"about":[{"href":"https:\/\/beautybaltic.com\/index.php?rest_route=\/wp\/v2\/types\/product"}],"replies":[{"embeddable":true,"href":"https:\/\/beautybaltic.com\/index.php?rest_route=%2Fwp%2Fv2%2Fcomments&post=26316"}],"wp:featuredmedia":[{"embeddable":true,"href":"https:\/\/beautybaltic.com\/index.php?rest_route=\/wp\/v2\/media\/17143"}],"wp:attachment":[{"href":"https:\/\/beautybaltic.com\/index.php?rest_route=%2Fwp%2Fv2%2Fmedia&parent=26316"}],"wp:term":[{"taxonomy":"product_brand","embeddable":true,"href":"https:\/\/beautybaltic.com\/index.php?rest_route=%2Fwp%2Fv2%2Fproduct_brand&post=26316"},{"taxonomy":"product_cat","embeddable":true,"href":"https:\/\/beautybaltic.com\/index.php?rest_route=%2Fwp%2Fv2%2Fproduct_cat&post=26316"},{"taxonomy":"product_tag","embeddable":true,"href":"https:\/\/beautybaltic.com\/index.php?rest_route=%2Fwp%2Fv2%2Fproduct_tag&post=26316"}],"curies":[{"name":"wp","href":"https:\/\/api.w.org\/{rel}","templated":true}]}}