{"id":23073,"date":"2025-09-23T13:27:14","date_gmt":"2025-09-23T10:27:14","guid":{"rendered":"https:\/\/beautybaltic.com\/?post_type=product&#038;p=23073"},"modified":"2026-03-24T19:54:34","modified_gmt":"2026-03-24T16:54:34","slug":"neilona-birste-frezes-uzgalu-tirisanai","status":"publish","type":"product","link":"https:\/\/beautybaltic.com\/?product=neilona-birste-frezes-uzgalu-tirisanai&lang=lv","title":{"rendered":"Neilona birste fr\u0113zes uzga\u013cu t\u012br\u012b\u0161anai"},"content":{"rendered":"<p data-start=\"56\" data-end=\"347\"><strong data-start=\"56\" data-end=\"98\">Augstas kvalit\u0101tes t\u012br\u012b\u0161anas birste<\/strong><br data-start=\"98\" data-end=\"101\" \/>Profesion\u0101la\u00a0<strong data-start=\"114\" data-end=\"132\">neilona birste<\/strong>, kas paredz\u0113ta fr\u0113zes urbju uzga\u013cu\u00a0<strong data-start=\"168\" data-end=\"231\">saudz\u012bgai un efekt\u012bvai t\u012br\u012b\u0161anai no putek\u013ciem un atlikumiem<\/strong>. Izgatavota no\u00a0<strong data-start=\"247\" data-end=\"277\">iztur\u012bgas neilona stieples<\/strong>, kas nodro\u0161ina r\u016bp\u012bgu att\u012br\u012b\u0161anu, nekait\u0113jot fr\u0113zes uzga\u013ca virsmai.<\/p>\n<p data-start=\"349\" data-end=\"680\"><strong data-start=\"351\" data-end=\"383\">Maiga, bet efekt\u012bva t\u012br\u012b\u0161ana<\/strong>\u00a0\u2013 \u012bpa\u0161i piem\u0113rota keramikas, karb\u012bda un met\u0101la uzga\u013ciem.<br data-start=\"440\" data-end=\"443\" \/><strong data-start=\"445\" data-end=\"484\">Augstas kvalit\u0101tes neilona \u0161\u0137iedras<\/strong>\u00a0\u2013 nodro\u0161ina ilgsto\u0161u lieto\u0161anu un nesaskr\u0101p\u0113 fr\u0113zes.<br data-start=\"537\" data-end=\"540\" \/><strong data-start=\"542\" data-end=\"564\">Ergonomisks izm\u0113rs<\/strong>\u00a0\u2013\u00a0<strong data-start=\"567\" data-end=\"582\">25mm x 70mm<\/strong>, \u0113rts un viegli lietojams.<br data-start=\"609\" data-end=\"612\" \/><strong data-start=\"614\" data-end=\"631\">Ra\u017eots V\u0101cij\u0101<\/strong>\u00a0\u2013 atbilst augst\u0101kajiem kvalit\u0101tes standartiem.<\/p>\n<p data-start=\"682\" data-end=\"775\">Ieteikums: regul\u0101ri t\u012briet fr\u0113zes uzga\u013cus, lai saglab\u0101tu to efektivit\u0101ti un higi\u0113nu!<\/p>\n","protected":false},"excerpt":{"rendered":"<p>Augstas kvalit\u0101tes t\u012br\u012b\u0161anas birsteProfesion\u0101la\u00a0neilona birste, kas paredz\u0113ta fr\u0113zes urbju uzga\u013cu\u00a0saudz\u012bgai un efekt\u012bvai t\u012br\u012b\u0161anai no putek\u013ciem un atlikumiem. Izgatavota no\u00a0iztur\u012bgas neilona stieples, kas nodro\u0161ina r\u016bp\u012bgu att\u012br\u012b\u0161anu, nekait\u0113jot fr\u0113zes uzga\u013ca virsmai. Maiga, bet efekt\u012bva t\u012br\u012b\u0161ana\u00a0\u2013 \u012bpa\u0161i piem\u0113rota keramikas, karb\u012bda un met\u0101la uzga\u013ciem.Augstas kvalit\u0101tes neilona \u0161\u0137iedras\u00a0\u2013 nodro\u0161ina ilgsto\u0161u lieto\u0161anu un nesaskr\u0101p\u0113 fr\u0113zes.Ergonomisks izm\u0113rs\u00a0\u2013\u00a025mm x 70mm, \u0113rts un viegli &hellip; <\/p>\n","protected":false},"featured_media":22419,"comment_status":"open","ping_status":"closed","template":"","meta":[],"product_brand":[2852],"product_cat":[3170,1438],"product_tag":[],"class_list":{"0":"post-23073","1":"product","2":"type-product","3":"status-publish","4":"has-post-thumbnail","6":"product_brand-wilson","7":"product_cat-aksesuari","8":"product_cat-staleks-lv","10":"first","11":"instock","12":"taxable","13":"shipping-taxable","14":"purchasable","15":"product-type-simple"},"yoast_head":"<!-- This site is optimized with the Yoast SEO Premium plugin v23.0 (Yoast SEO v26.9) - https:\/\/yoast.com\/product\/yoast-seo-premium-wordpress\/ -->\n<title>Beauty Baltic &#183; Neilona birste fr\u0113zes uzga\u013cu t\u012br\u012b\u0161anai<\/title>\n<meta name=\"robots\" content=\"index, follow, max-snippet:-1, max-image-preview:large, max-video-preview:-1\" \/>\n<link rel=\"canonical\" href=\"https:\/\/beautybaltic.com\/?product=neilona-birste-frezes-uzgalu-tirisanai&lang=lv\" \/>\n<meta property=\"og:locale\" content=\"en_US\" \/>\n<meta property=\"og:type\" content=\"article\" \/>\n<meta property=\"og:title\" content=\"Neilona birste fr\u0113zes uzga\u013cu t\u012br\u012b\u0161anai\" \/>\n<meta property=\"og:description\" content=\"Augstas kvalit\u0101tes t\u012br\u012b\u0161anas birsteProfesion\u0101la\u00a0neilona birste, kas paredz\u0113ta fr\u0113zes urbju uzga\u013cu\u00a0saudz\u012bgai un efekt\u012bvai t\u012br\u012b\u0161anai no putek\u013ciem un atlikumiem. Izgatavota no\u00a0iztur\u012bgas neilona stieples, kas nodro\u0161ina r\u016bp\u012bgu att\u012br\u012b\u0161anu, nekait\u0113jot fr\u0113zes uzga\u013ca virsmai. Maiga, bet efekt\u012bva t\u012br\u012b\u0161ana\u00a0\u2013 \u012bpa\u0161i piem\u0113rota keramikas, karb\u012bda un met\u0101la uzga\u013ciem.Augstas kvalit\u0101tes neilona \u0161\u0137iedras\u00a0\u2013 nodro\u0161ina ilgsto\u0161u lieto\u0161anu un nesaskr\u0101p\u0113 fr\u0113zes.Ergonomisks izm\u0113rs\u00a0\u2013\u00a025mm x 70mm, \u0113rts un viegli &hellip;\" \/>\n<meta property=\"og:url\" content=\"https:\/\/beautybaltic.com\/?product=neilona-birste-frezes-uzgalu-tirisanai&amp;lang=lv\" \/>\n<meta property=\"og:site_name\" content=\"Beauty Baltic\" \/>\n<meta property=\"article:publisher\" content=\"https:\/\/www.facebook.com\/siabeautybaltic\/?eid=ARDs6xwwnnHaxWoXNQhS1sgYf1tbsdYaa9nRKgzW46Bm5i4PkSKw97xrztQlMJEv9gOVxTp-o3Sq_Uwq\" \/>\n<meta property=\"article:modified_time\" content=\"2026-03-24T16:54:34+00:00\" \/>\n<meta property=\"og:image\" content=\"https:\/\/beautybaltic.com\/wp-content\/uploads\/2025\/08\/Brush-for-cutters-neilon.jpg\" \/>\n\t<meta property=\"og:image:width\" content=\"2000\" \/>\n\t<meta property=\"og:image:height\" content=\"2000\" \/>\n\t<meta property=\"og:image:type\" content=\"image\/jpeg\" \/>\n<meta name=\"twitter:card\" content=\"summary_large_image\" \/>\n<meta name=\"twitter:label1\" content=\"Est. reading time\" \/>\n\t<meta name=\"twitter:data1\" content=\"1 minute\" \/>\n<script type=\"application\/ld+json\" class=\"yoast-schema-graph\">{\"@context\":\"https:\/\/schema.org\",\"@graph\":[{\"@type\":\"WebPage\",\"@id\":\"https:\/\/beautybaltic.com\/?product=neilona-birste-frezes-uzgalu-tirisanai&lang=lv\",\"url\":\"https:\/\/beautybaltic.com\/?product=neilona-birste-frezes-uzgalu-tirisanai&lang=lv\",\"name\":\"Beauty Baltic &#183; Neilona birste fr\u0113zes uzga\u013cu t\u012br\u012b\u0161anai\",\"isPartOf\":{\"@id\":\"https:\/\/beautybaltic.com\/#website\"},\"primaryImageOfPage\":{\"@id\":\"https:\/\/beautybaltic.com\/?product=neilona-birste-frezes-uzgalu-tirisanai&lang=lv#primaryimage\"},\"image\":{\"@id\":\"https:\/\/beautybaltic.com\/?product=neilona-birste-frezes-uzgalu-tirisanai&lang=lv#primaryimage\"},\"thumbnailUrl\":\"https:\/\/beautybaltic.com\/wp-content\/uploads\/2025\/08\/Brush-for-cutters-neilon.jpg\",\"datePublished\":\"2025-09-23T10:27:14+00:00\",\"dateModified\":\"2026-03-24T16:54:34+00:00\",\"breadcrumb\":{\"@id\":\"https:\/\/beautybaltic.com\/?product=neilona-birste-frezes-uzgalu-tirisanai&lang=lv#breadcrumb\"},\"inLanguage\":\"en-US\",\"potentialAction\":[{\"@type\":\"ReadAction\",\"target\":[\"https:\/\/beautybaltic.com\/?product=neilona-birste-frezes-uzgalu-tirisanai&lang=lv\"]}]},{\"@type\":\"ImageObject\",\"inLanguage\":\"en-US\",\"@id\":\"https:\/\/beautybaltic.com\/?product=neilona-birste-frezes-uzgalu-tirisanai&lang=lv#primaryimage\",\"url\":\"https:\/\/beautybaltic.com\/wp-content\/uploads\/2025\/08\/Brush-for-cutters-neilon.jpg\",\"contentUrl\":\"https:\/\/beautybaltic.com\/wp-content\/uploads\/2025\/08\/Brush-for-cutters-neilon.jpg\",\"width\":2000,\"height\":2000},{\"@type\":\"BreadcrumbList\",\"@id\":\"https:\/\/beautybaltic.com\/?product=neilona-birste-frezes-uzgalu-tirisanai&lang=lv#breadcrumb\",\"itemListElement\":[{\"@type\":\"ListItem\",\"position\":1,\"name\":\"Home Page\",\"item\":\"https:\/\/beautybaltic.com\/\"},{\"@type\":\"ListItem\",\"position\":2,\"name\":\"All products\",\"item\":\"https:\/\/beautybaltic.com\/?page_id=113\"},{\"@type\":\"ListItem\",\"position\":3,\"name\":\"Neilona birste fr\u0113zes uzga\u013cu t\u012br\u012b\u0161anai\"}]},{\"@type\":\"WebSite\",\"@id\":\"https:\/\/beautybaltic.com\/#website\",\"url\":\"https:\/\/beautybaltic.com\/\",\"name\":\"Beauty Baltic\",\"description\":\"\",\"publisher\":{\"@id\":\"https:\/\/beautybaltic.com\/#organization\"},\"potentialAction\":[{\"@type\":\"SearchAction\",\"target\":{\"@type\":\"EntryPoint\",\"urlTemplate\":\"https:\/\/beautybaltic.com\/?s={search_term_string}\"},\"query-input\":{\"@type\":\"PropertyValueSpecification\",\"valueRequired\":true,\"valueName\":\"search_term_string\"}}],\"inLanguage\":\"en-US\"},{\"@type\":\"Organization\",\"@id\":\"https:\/\/beautybaltic.com\/#organization\",\"name\":\"SIA \\\"Beauty Baltic\\\"\",\"url\":\"https:\/\/beautybaltic.com\/\",\"logo\":{\"@type\":\"ImageObject\",\"inLanguage\":\"en-US\",\"@id\":\"https:\/\/beautybaltic.com\/#\/schema\/logo\/image\/\",\"url\":\"https:\/\/beautybaltic.com\/wp-content\/uploads\/2020\/04\/logo-4.png\",\"contentUrl\":\"https:\/\/beautybaltic.com\/wp-content\/uploads\/2020\/04\/logo-4.png\",\"width\":704,\"height\":206,\"caption\":\"SIA \\\"Beauty Baltic\\\"\"},\"image\":{\"@id\":\"https:\/\/beautybaltic.com\/#\/schema\/logo\/image\/\"},\"sameAs\":[\"https:\/\/www.facebook.com\/siabeautybaltic\/?eid=ARDs6xwwnnHaxWoXNQhS1sgYf1tbsdYaa9nRKgzW46Bm5i4PkSKw97xrztQlMJEv9gOVxTp-o3Sq_Uwq\",\"https:\/\/www.instagram.com\/beauty_baltic\/\"]}]}<\/script>\n<!-- \/ Yoast SEO Premium plugin. -->","yoast_head_json":{"title":"Beauty Baltic &#183; Neilona birste fr\u0113zes uzga\u013cu t\u012br\u012b\u0161anai","robots":{"index":"index","follow":"follow","max-snippet":"max-snippet:-1","max-image-preview":"max-image-preview:large","max-video-preview":"max-video-preview:-1"},"canonical":"https:\/\/beautybaltic.com\/?product=neilona-birste-frezes-uzgalu-tirisanai&lang=lv","og_locale":"en_US","og_type":"article","og_title":"Neilona birste fr\u0113zes uzga\u013cu t\u012br\u012b\u0161anai","og_description":"Augstas kvalit\u0101tes t\u012br\u012b\u0161anas birsteProfesion\u0101la\u00a0neilona birste, kas paredz\u0113ta fr\u0113zes urbju uzga\u013cu\u00a0saudz\u012bgai un efekt\u012bvai t\u012br\u012b\u0161anai no putek\u013ciem un atlikumiem. Izgatavota no\u00a0iztur\u012bgas neilona stieples, kas nodro\u0161ina r\u016bp\u012bgu att\u012br\u012b\u0161anu, nekait\u0113jot fr\u0113zes uzga\u013ca virsmai. Maiga, bet efekt\u012bva t\u012br\u012b\u0161ana\u00a0\u2013 \u012bpa\u0161i piem\u0113rota keramikas, karb\u012bda un met\u0101la uzga\u013ciem.Augstas kvalit\u0101tes neilona \u0161\u0137iedras\u00a0\u2013 nodro\u0161ina ilgsto\u0161u lieto\u0161anu un nesaskr\u0101p\u0113 fr\u0113zes.Ergonomisks izm\u0113rs\u00a0\u2013\u00a025mm x 70mm, \u0113rts un viegli &hellip;","og_url":"https:\/\/beautybaltic.com\/?product=neilona-birste-frezes-uzgalu-tirisanai&lang=lv","og_site_name":"Beauty Baltic","article_publisher":"https:\/\/www.facebook.com\/siabeautybaltic\/?eid=ARDs6xwwnnHaxWoXNQhS1sgYf1tbsdYaa9nRKgzW46Bm5i4PkSKw97xrztQlMJEv9gOVxTp-o3Sq_Uwq","article_modified_time":"2026-03-24T16:54:34+00:00","og_image":[{"width":2000,"height":2000,"url":"https:\/\/beautybaltic.com\/wp-content\/uploads\/2025\/08\/Brush-for-cutters-neilon.jpg","type":"image\/jpeg"}],"twitter_card":"summary_large_image","twitter_misc":{"Est. reading time":"1 minute"},"schema":{"@context":"https:\/\/schema.org","@graph":[{"@type":"WebPage","@id":"https:\/\/beautybaltic.com\/?product=neilona-birste-frezes-uzgalu-tirisanai&lang=lv","url":"https:\/\/beautybaltic.com\/?product=neilona-birste-frezes-uzgalu-tirisanai&lang=lv","name":"Beauty Baltic &#183; Neilona birste fr\u0113zes uzga\u013cu t\u012br\u012b\u0161anai","isPartOf":{"@id":"https:\/\/beautybaltic.com\/#website"},"primaryImageOfPage":{"@id":"https:\/\/beautybaltic.com\/?product=neilona-birste-frezes-uzgalu-tirisanai&lang=lv#primaryimage"},"image":{"@id":"https:\/\/beautybaltic.com\/?product=neilona-birste-frezes-uzgalu-tirisanai&lang=lv#primaryimage"},"thumbnailUrl":"https:\/\/beautybaltic.com\/wp-content\/uploads\/2025\/08\/Brush-for-cutters-neilon.jpg","datePublished":"2025-09-23T10:27:14+00:00","dateModified":"2026-03-24T16:54:34+00:00","breadcrumb":{"@id":"https:\/\/beautybaltic.com\/?product=neilona-birste-frezes-uzgalu-tirisanai&lang=lv#breadcrumb"},"inLanguage":"en-US","potentialAction":[{"@type":"ReadAction","target":["https:\/\/beautybaltic.com\/?product=neilona-birste-frezes-uzgalu-tirisanai&lang=lv"]}]},{"@type":"ImageObject","inLanguage":"en-US","@id":"https:\/\/beautybaltic.com\/?product=neilona-birste-frezes-uzgalu-tirisanai&lang=lv#primaryimage","url":"https:\/\/beautybaltic.com\/wp-content\/uploads\/2025\/08\/Brush-for-cutters-neilon.jpg","contentUrl":"https:\/\/beautybaltic.com\/wp-content\/uploads\/2025\/08\/Brush-for-cutters-neilon.jpg","width":2000,"height":2000},{"@type":"BreadcrumbList","@id":"https:\/\/beautybaltic.com\/?product=neilona-birste-frezes-uzgalu-tirisanai&lang=lv#breadcrumb","itemListElement":[{"@type":"ListItem","position":1,"name":"Home Page","item":"https:\/\/beautybaltic.com\/"},{"@type":"ListItem","position":2,"name":"All products","item":"https:\/\/beautybaltic.com\/?page_id=113"},{"@type":"ListItem","position":3,"name":"Neilona birste fr\u0113zes uzga\u013cu t\u012br\u012b\u0161anai"}]},{"@type":"WebSite","@id":"https:\/\/beautybaltic.com\/#website","url":"https:\/\/beautybaltic.com\/","name":"Beauty Baltic","description":"","publisher":{"@id":"https:\/\/beautybaltic.com\/#organization"},"potentialAction":[{"@type":"SearchAction","target":{"@type":"EntryPoint","urlTemplate":"https:\/\/beautybaltic.com\/?s={search_term_string}"},"query-input":{"@type":"PropertyValueSpecification","valueRequired":true,"valueName":"search_term_string"}}],"inLanguage":"en-US"},{"@type":"Organization","@id":"https:\/\/beautybaltic.com\/#organization","name":"SIA \"Beauty Baltic\"","url":"https:\/\/beautybaltic.com\/","logo":{"@type":"ImageObject","inLanguage":"en-US","@id":"https:\/\/beautybaltic.com\/#\/schema\/logo\/image\/","url":"https:\/\/beautybaltic.com\/wp-content\/uploads\/2020\/04\/logo-4.png","contentUrl":"https:\/\/beautybaltic.com\/wp-content\/uploads\/2020\/04\/logo-4.png","width":704,"height":206,"caption":"SIA \"Beauty Baltic\""},"image":{"@id":"https:\/\/beautybaltic.com\/#\/schema\/logo\/image\/"},"sameAs":["https:\/\/www.facebook.com\/siabeautybaltic\/?eid=ARDs6xwwnnHaxWoXNQhS1sgYf1tbsdYaa9nRKgzW46Bm5i4PkSKw97xrztQlMJEv9gOVxTp-o3Sq_Uwq","https:\/\/www.instagram.com\/beauty_baltic\/"]}]}},"_links":{"self":[{"href":"https:\/\/beautybaltic.com\/index.php?rest_route=\/wp\/v2\/product\/23073","targetHints":{"allow":["GET"]}}],"collection":[{"href":"https:\/\/beautybaltic.com\/index.php?rest_route=\/wp\/v2\/product"}],"about":[{"href":"https:\/\/beautybaltic.com\/index.php?rest_route=\/wp\/v2\/types\/product"}],"replies":[{"embeddable":true,"href":"https:\/\/beautybaltic.com\/index.php?rest_route=%2Fwp%2Fv2%2Fcomments&post=23073"}],"wp:featuredmedia":[{"embeddable":true,"href":"https:\/\/beautybaltic.com\/index.php?rest_route=\/wp\/v2\/media\/22419"}],"wp:attachment":[{"href":"https:\/\/beautybaltic.com\/index.php?rest_route=%2Fwp%2Fv2%2Fmedia&parent=23073"}],"wp:term":[{"taxonomy":"product_brand","embeddable":true,"href":"https:\/\/beautybaltic.com\/index.php?rest_route=%2Fwp%2Fv2%2Fproduct_brand&post=23073"},{"taxonomy":"product_cat","embeddable":true,"href":"https:\/\/beautybaltic.com\/index.php?rest_route=%2Fwp%2Fv2%2Fproduct_cat&post=23073"},{"taxonomy":"product_tag","embeddable":true,"href":"https:\/\/beautybaltic.com\/index.php?rest_route=%2Fwp%2Fv2%2Fproduct_tag&post=23073"}],"curies":[{"name":"wp","href":"https:\/\/api.w.org\/{rel}","templated":true}]}}