{"id":20665,"date":"2025-05-16T15:47:56","date_gmt":"2025-05-16T12:47:56","guid":{"rendered":"https:\/\/beautybaltic.com\/?post_type=product&#038;p=20665"},"modified":"2026-02-05T13:38:18","modified_gmt":"2026-02-05T10:38:18","slug":"staleks-profesionalios-zirkles-uniq-sq-20-4-2","status":"publish","type":"product","link":"https:\/\/beautybaltic.com\/?product=staleks-profesionalios-zirkles-uniq-sq-20-4-2&lang=lt","title":{"rendered":"STALEKS Profesionalios \u017eirkl\u0117s UNIQ [SQ-30\/4]"},"content":{"rendered":"<p class=\"p1\">Eleganti\u0161kiausios \u017eirklut\u0117s i\u0161 visos STALEKS PRO linijos.<\/p>\n<p class=\"p1\">PAGRINDIN\u0116S SAVYB\u0116S<\/p>\n<p class=\"p1\">patobulinta nauja \u017eirklu\u010di\u0173 forma u\u017etikrina lengv\u0105 naudojim\u0105 ir tikslum\u0105 kiekviename judesyje<\/p>\n<p class=\"p1\">eleganti\u0161kos ranken\u0117l\u0117s tarsi prat\u0119sia meistro pir\u0161tus, u\u017etikrindamos tobul\u0105 pad\u0117t\u012f rankoje<\/p>\n<p class=\"p1\">satininis pavir\u0161ius malonus liesti, neatspindi \u0161viesos ir nevargina aki\u0173<\/p>\n<p class=\"p1\">ploni, smail\u0117jantys a\u0161menys leid\u017eia tiksliai kirpti<\/p>\n<p class=\"p1\">auk\u0161tos kokyb\u0117s ner\u016bdijantis plienas<\/p>\n<p class=\"p1\">atsparios kar\u0161to oro sterilizacijai ir autoklavavimui, neprarandant kokyb\u0117s<\/p>\n<p class=\"p3\">gali b\u016bti dezinfekuojamos specialiomis priemon\u0117mis<\/p>\n<hr \/>\n<table width=\"870\">\n<tbody>\n<tr>\n<td colspan=\"10\" width=\"870\"><span style=\"font-size: 12px;\">Gamintojas pagal GPSR: STALEKS SP. Z O.O., Williama Heerleina Lindleya 16, 02-013 Warszawa, Polen, store@staleks.com<\/span><\/td>\n<\/tr>\n<\/tbody>\n<\/table>\n","protected":false},"excerpt":{"rendered":"<p>Profesionalios odeli\u0173 \u017eirkl\u0117s<\/p>\n<p>a\u0161men\u0173 forma: klasikin\u0117<br \/>\nrankenos forma: tiesi<br \/>\nrankenos ilgis: asimetri\u0161ka ilga L \/ ypa\u010d ilga XL<br \/>\nmodelis: UNIQ SQ-30\/4<\/p>\n","protected":false},"featured_media":28415,"comment_status":"open","ping_status":"closed","template":"","meta":[],"product_brand":[2850],"product_cat":[3148,1829],"product_tag":[],"class_list":{"0":"post-20665","1":"product","2":"type-product","3":"status-publish","4":"has-post-thumbnail","6":"product_brand-staleks","7":"product_cat-zirklutes","8":"product_cat-staleks-instrumentai","10":"first","11":"instock","12":"taxable","13":"shipping-taxable","14":"purchasable","15":"product-type-simple"},"yoast_head":"<!-- This site is optimized with the Yoast SEO Premium plugin v23.0 (Yoast SEO v26.9) - https:\/\/yoast.com\/product\/yoast-seo-premium-wordpress\/ -->\n<title>Beauty Baltic &#183; STALEKS Profesionalios \u017eirkl\u0117s UNIQ [SQ-30\/4]<\/title>\n<meta name=\"robots\" content=\"index, follow, max-snippet:-1, max-image-preview:large, max-video-preview:-1\" \/>\n<link rel=\"canonical\" href=\"https:\/\/beautybaltic.com\/?product=staleks-profesionalios-zirkles-uniq-sq-20-4-2&lang=lt\" \/>\n<meta property=\"og:locale\" content=\"en_US\" \/>\n<meta property=\"og:type\" content=\"article\" \/>\n<meta property=\"og:title\" content=\"STALEKS Profesionalios \u017eirkl\u0117s UNIQ [SQ-30\/4]\" \/>\n<meta property=\"og:description\" content=\"Profesionalios odeli\u0173 \u017eirkl\u0117s  a\u0161men\u0173 forma: klasikin\u0117 rankenos forma: tiesi rankenos ilgis: asimetri\u0161ka ilga L \/ ypa\u010d ilga XL modelis: UNIQ SQ-30\/4\" \/>\n<meta property=\"og:url\" content=\"https:\/\/beautybaltic.com\/?product=staleks-profesionalios-zirkles-uniq-sq-20-4-2&amp;lang=lt\" \/>\n<meta property=\"og:site_name\" content=\"Beauty Baltic\" \/>\n<meta property=\"article:publisher\" content=\"https:\/\/www.facebook.com\/siabeautybaltic\/?eid=ARDs6xwwnnHaxWoXNQhS1sgYf1tbsdYaa9nRKgzW46Bm5i4PkSKw97xrztQlMJEv9gOVxTp-o3Sq_Uwq\" \/>\n<meta property=\"article:modified_time\" content=\"2026-02-05T10:38:18+00:00\" \/>\n<meta property=\"og:image\" content=\"https:\/\/beautybaltic.com\/wp-content\/uploads\/2025\/05\/SQ-30-4-1-n-scaled.png\" \/>\n\t<meta property=\"og:image:width\" content=\"1704\" \/>\n\t<meta property=\"og:image:height\" content=\"2560\" \/>\n\t<meta property=\"og:image:type\" content=\"image\/png\" \/>\n<meta name=\"twitter:card\" content=\"summary_large_image\" \/>\n<meta name=\"twitter:label1\" content=\"Est. reading time\" \/>\n\t<meta name=\"twitter:data1\" content=\"1 minute\" \/>\n<script type=\"application\/ld+json\" class=\"yoast-schema-graph\">{\"@context\":\"https:\/\/schema.org\",\"@graph\":[{\"@type\":\"WebPage\",\"@id\":\"https:\/\/beautybaltic.com\/?product=staleks-profesionalios-zirkles-uniq-sq-20-4-2&lang=lt\",\"url\":\"https:\/\/beautybaltic.com\/?product=staleks-profesionalios-zirkles-uniq-sq-20-4-2&lang=lt\",\"name\":\"Beauty Baltic &#183; STALEKS Profesionalios \u017eirkl\u0117s UNIQ [SQ-30\/4]\",\"isPartOf\":{\"@id\":\"https:\/\/beautybaltic.com\/#website\"},\"primaryImageOfPage\":{\"@id\":\"https:\/\/beautybaltic.com\/?product=staleks-profesionalios-zirkles-uniq-sq-20-4-2&lang=lt#primaryimage\"},\"image\":{\"@id\":\"https:\/\/beautybaltic.com\/?product=staleks-profesionalios-zirkles-uniq-sq-20-4-2&lang=lt#primaryimage\"},\"thumbnailUrl\":\"https:\/\/beautybaltic.com\/wp-content\/uploads\/2025\/05\/SQ-30-4-1-n-1-scaled.png\",\"datePublished\":\"2025-05-16T12:47:56+00:00\",\"dateModified\":\"2026-02-05T10:38:18+00:00\",\"breadcrumb\":{\"@id\":\"https:\/\/beautybaltic.com\/?product=staleks-profesionalios-zirkles-uniq-sq-20-4-2&lang=lt#breadcrumb\"},\"inLanguage\":\"en-US\",\"potentialAction\":[{\"@type\":\"ReadAction\",\"target\":[\"https:\/\/beautybaltic.com\/?product=staleks-profesionalios-zirkles-uniq-sq-20-4-2&lang=lt\"]}]},{\"@type\":\"ImageObject\",\"inLanguage\":\"en-US\",\"@id\":\"https:\/\/beautybaltic.com\/?product=staleks-profesionalios-zirkles-uniq-sq-20-4-2&lang=lt#primaryimage\",\"url\":\"https:\/\/beautybaltic.com\/wp-content\/uploads\/2025\/05\/SQ-30-4-1-n-1-scaled.png\",\"contentUrl\":\"https:\/\/beautybaltic.com\/wp-content\/uploads\/2025\/05\/SQ-30-4-1-n-1-scaled.png\",\"width\":1363,\"height\":2048},{\"@type\":\"BreadcrumbList\",\"@id\":\"https:\/\/beautybaltic.com\/?product=staleks-profesionalios-zirkles-uniq-sq-20-4-2&lang=lt#breadcrumb\",\"itemListElement\":[{\"@type\":\"ListItem\",\"position\":1,\"name\":\"Home Page\",\"item\":\"https:\/\/beautybaltic.com\/\"},{\"@type\":\"ListItem\",\"position\":2,\"name\":\"All products\",\"item\":\"https:\/\/beautybaltic.com\/?page_id=113\"},{\"@type\":\"ListItem\",\"position\":3,\"name\":\"STALEKS Profesionalios \u017eirkl\u0117s UNIQ [SQ-30\/4]\"}]},{\"@type\":\"WebSite\",\"@id\":\"https:\/\/beautybaltic.com\/#website\",\"url\":\"https:\/\/beautybaltic.com\/\",\"name\":\"Beauty Baltic\",\"description\":\"\",\"publisher\":{\"@id\":\"https:\/\/beautybaltic.com\/#organization\"},\"potentialAction\":[{\"@type\":\"SearchAction\",\"target\":{\"@type\":\"EntryPoint\",\"urlTemplate\":\"https:\/\/beautybaltic.com\/?s={search_term_string}\"},\"query-input\":{\"@type\":\"PropertyValueSpecification\",\"valueRequired\":true,\"valueName\":\"search_term_string\"}}],\"inLanguage\":\"en-US\"},{\"@type\":\"Organization\",\"@id\":\"https:\/\/beautybaltic.com\/#organization\",\"name\":\"SIA \\\"Beauty Baltic\\\"\",\"url\":\"https:\/\/beautybaltic.com\/\",\"logo\":{\"@type\":\"ImageObject\",\"inLanguage\":\"en-US\",\"@id\":\"https:\/\/beautybaltic.com\/#\/schema\/logo\/image\/\",\"url\":\"https:\/\/beautybaltic.com\/wp-content\/uploads\/2020\/04\/logo-4.png\",\"contentUrl\":\"https:\/\/beautybaltic.com\/wp-content\/uploads\/2020\/04\/logo-4.png\",\"width\":704,\"height\":206,\"caption\":\"SIA \\\"Beauty Baltic\\\"\"},\"image\":{\"@id\":\"https:\/\/beautybaltic.com\/#\/schema\/logo\/image\/\"},\"sameAs\":[\"https:\/\/www.facebook.com\/siabeautybaltic\/?eid=ARDs6xwwnnHaxWoXNQhS1sgYf1tbsdYaa9nRKgzW46Bm5i4PkSKw97xrztQlMJEv9gOVxTp-o3Sq_Uwq\",\"https:\/\/www.instagram.com\/beauty_baltic\/\"]}]}<\/script>\n<!-- \/ Yoast SEO Premium plugin. -->","yoast_head_json":{"title":"Beauty Baltic &#183; STALEKS Profesionalios \u017eirkl\u0117s UNIQ [SQ-30\/4]","robots":{"index":"index","follow":"follow","max-snippet":"max-snippet:-1","max-image-preview":"max-image-preview:large","max-video-preview":"max-video-preview:-1"},"canonical":"https:\/\/beautybaltic.com\/?product=staleks-profesionalios-zirkles-uniq-sq-20-4-2&lang=lt","og_locale":"en_US","og_type":"article","og_title":"STALEKS Profesionalios \u017eirkl\u0117s UNIQ [SQ-30\/4]","og_description":"Profesionalios odeli\u0173 \u017eirkl\u0117s  a\u0161men\u0173 forma: klasikin\u0117 rankenos forma: tiesi rankenos ilgis: asimetri\u0161ka ilga L \/ ypa\u010d ilga XL modelis: UNIQ SQ-30\/4","og_url":"https:\/\/beautybaltic.com\/?product=staleks-profesionalios-zirkles-uniq-sq-20-4-2&lang=lt","og_site_name":"Beauty Baltic","article_publisher":"https:\/\/www.facebook.com\/siabeautybaltic\/?eid=ARDs6xwwnnHaxWoXNQhS1sgYf1tbsdYaa9nRKgzW46Bm5i4PkSKw97xrztQlMJEv9gOVxTp-o3Sq_Uwq","article_modified_time":"2026-02-05T10:38:18+00:00","og_image":[{"width":1704,"height":2560,"url":"https:\/\/beautybaltic.com\/wp-content\/uploads\/2025\/05\/SQ-30-4-1-n-scaled.png","type":"image\/png"}],"twitter_card":"summary_large_image","twitter_misc":{"Est. reading time":"1 minute"},"schema":{"@context":"https:\/\/schema.org","@graph":[{"@type":"WebPage","@id":"https:\/\/beautybaltic.com\/?product=staleks-profesionalios-zirkles-uniq-sq-20-4-2&lang=lt","url":"https:\/\/beautybaltic.com\/?product=staleks-profesionalios-zirkles-uniq-sq-20-4-2&lang=lt","name":"Beauty Baltic &#183; STALEKS Profesionalios \u017eirkl\u0117s UNIQ [SQ-30\/4]","isPartOf":{"@id":"https:\/\/beautybaltic.com\/#website"},"primaryImageOfPage":{"@id":"https:\/\/beautybaltic.com\/?product=staleks-profesionalios-zirkles-uniq-sq-20-4-2&lang=lt#primaryimage"},"image":{"@id":"https:\/\/beautybaltic.com\/?product=staleks-profesionalios-zirkles-uniq-sq-20-4-2&lang=lt#primaryimage"},"thumbnailUrl":"https:\/\/beautybaltic.com\/wp-content\/uploads\/2025\/05\/SQ-30-4-1-n-1-scaled.png","datePublished":"2025-05-16T12:47:56+00:00","dateModified":"2026-02-05T10:38:18+00:00","breadcrumb":{"@id":"https:\/\/beautybaltic.com\/?product=staleks-profesionalios-zirkles-uniq-sq-20-4-2&lang=lt#breadcrumb"},"inLanguage":"en-US","potentialAction":[{"@type":"ReadAction","target":["https:\/\/beautybaltic.com\/?product=staleks-profesionalios-zirkles-uniq-sq-20-4-2&lang=lt"]}]},{"@type":"ImageObject","inLanguage":"en-US","@id":"https:\/\/beautybaltic.com\/?product=staleks-profesionalios-zirkles-uniq-sq-20-4-2&lang=lt#primaryimage","url":"https:\/\/beautybaltic.com\/wp-content\/uploads\/2025\/05\/SQ-30-4-1-n-1-scaled.png","contentUrl":"https:\/\/beautybaltic.com\/wp-content\/uploads\/2025\/05\/SQ-30-4-1-n-1-scaled.png","width":1363,"height":2048},{"@type":"BreadcrumbList","@id":"https:\/\/beautybaltic.com\/?product=staleks-profesionalios-zirkles-uniq-sq-20-4-2&lang=lt#breadcrumb","itemListElement":[{"@type":"ListItem","position":1,"name":"Home Page","item":"https:\/\/beautybaltic.com\/"},{"@type":"ListItem","position":2,"name":"All products","item":"https:\/\/beautybaltic.com\/?page_id=113"},{"@type":"ListItem","position":3,"name":"STALEKS Profesionalios \u017eirkl\u0117s UNIQ [SQ-30\/4]"}]},{"@type":"WebSite","@id":"https:\/\/beautybaltic.com\/#website","url":"https:\/\/beautybaltic.com\/","name":"Beauty Baltic","description":"","publisher":{"@id":"https:\/\/beautybaltic.com\/#organization"},"potentialAction":[{"@type":"SearchAction","target":{"@type":"EntryPoint","urlTemplate":"https:\/\/beautybaltic.com\/?s={search_term_string}"},"query-input":{"@type":"PropertyValueSpecification","valueRequired":true,"valueName":"search_term_string"}}],"inLanguage":"en-US"},{"@type":"Organization","@id":"https:\/\/beautybaltic.com\/#organization","name":"SIA \"Beauty Baltic\"","url":"https:\/\/beautybaltic.com\/","logo":{"@type":"ImageObject","inLanguage":"en-US","@id":"https:\/\/beautybaltic.com\/#\/schema\/logo\/image\/","url":"https:\/\/beautybaltic.com\/wp-content\/uploads\/2020\/04\/logo-4.png","contentUrl":"https:\/\/beautybaltic.com\/wp-content\/uploads\/2020\/04\/logo-4.png","width":704,"height":206,"caption":"SIA \"Beauty Baltic\""},"image":{"@id":"https:\/\/beautybaltic.com\/#\/schema\/logo\/image\/"},"sameAs":["https:\/\/www.facebook.com\/siabeautybaltic\/?eid=ARDs6xwwnnHaxWoXNQhS1sgYf1tbsdYaa9nRKgzW46Bm5i4PkSKw97xrztQlMJEv9gOVxTp-o3Sq_Uwq","https:\/\/www.instagram.com\/beauty_baltic\/"]}]}},"_links":{"self":[{"href":"https:\/\/beautybaltic.com\/index.php?rest_route=\/wp\/v2\/product\/20665","targetHints":{"allow":["GET"]}}],"collection":[{"href":"https:\/\/beautybaltic.com\/index.php?rest_route=\/wp\/v2\/product"}],"about":[{"href":"https:\/\/beautybaltic.com\/index.php?rest_route=\/wp\/v2\/types\/product"}],"replies":[{"embeddable":true,"href":"https:\/\/beautybaltic.com\/index.php?rest_route=%2Fwp%2Fv2%2Fcomments&post=20665"}],"wp:featuredmedia":[{"embeddable":true,"href":"https:\/\/beautybaltic.com\/index.php?rest_route=\/wp\/v2\/media\/28415"}],"wp:attachment":[{"href":"https:\/\/beautybaltic.com\/index.php?rest_route=%2Fwp%2Fv2%2Fmedia&parent=20665"}],"wp:term":[{"taxonomy":"product_brand","embeddable":true,"href":"https:\/\/beautybaltic.com\/index.php?rest_route=%2Fwp%2Fv2%2Fproduct_brand&post=20665"},{"taxonomy":"product_cat","embeddable":true,"href":"https:\/\/beautybaltic.com\/index.php?rest_route=%2Fwp%2Fv2%2Fproduct_cat&post=20665"},{"taxonomy":"product_tag","embeddable":true,"href":"https:\/\/beautybaltic.com\/index.php?rest_route=%2Fwp%2Fv2%2Fproduct_tag&post=20665"}],"curies":[{"name":"wp","href":"https:\/\/api.w.org\/{rel}","templated":true}]}}