{"id":20283,"date":"2025-04-24T20:55:00","date_gmt":"2025-04-24T17:55:00","guid":{"rendered":"https:\/\/beautybaltic.com\/?post_type=product&#038;p=20283"},"modified":"2026-03-24T16:06:39","modified_gmt":"2026-03-24T13:06:39","slug":"diamond-pro-antgalis-kugis-018-raudonas","status":"publish","type":"product","link":"https:\/\/beautybaltic.com\/?product=diamond-pro-antgalis-kugis-018-raudonas&lang=lt","title":{"rendered":"Diamond PRO antgalis &#8220;k\u016bgis\u201d 018 raudonas"},"content":{"rendered":"<p class=\"p1\">Diamond PRO technologija sujungia precizin\u012f deimantin\u012f pjovim\u0105 su didelio tankio deimantine danga, u\u017etikrinan\u010dia:<\/p>\n<p class=\"p1\">\u2022gerokai ilgesn\u012f frezos tarnavimo laik\u0105<\/p>\n<p class=\"p1\">\u2022didel\u012f pjovimo efektyvum\u0105 \u0161variam ir tiksliam darbui<\/p>\n<p class=\"p1\">\u2022saugesn\u012f ir \u0161velnesn\u012f odos \u0161lifavim\u0105 maniki\u016bro metu<\/p>\n<p class=\"p1\">Tinka:<\/p>\n<p class=\"p1\">\u2022\u0161onini\u0173 nago voleli\u0173 ir sinus\u0173 apdorojimui<\/p>\n<p class=\"p1\">\u2022odeli\u0173 ir pterigijaus \u0161alinimui<\/p>\n<p class=\"p1\">\u2022\u0161iurk\u0161taus odos pavir\u0161iaus<\/p>\n<p class=\"p1\">Puikiai tinka profesionaliam naudojimui salonuose ir pa\u017eengusiems naudotojams namuose.<\/p>\n<p>Gamintojas pagal GPSR: Shanghai Wilson Precision Technology Co. LTD, 1st Floor, Building 6, No.868 Zhenchen Road, Shanghai, Shanghai, CN<br \/>\nAtsakingas asmuo pagal GPSR: Success Courier SL, CALLE RIO TORMES, 1 \u2013 1 DR 28947, FUENLABRADA, Madrid, Spain, successservice2@hotmail.com<\/p>\n","protected":false},"excerpt":{"rendered":"<p>Diamond PRO antgalis &#8220;k\u016bgis\u201d<\/p>\n<p>Darbin\u0117s dalies skersmuo, mm: 1,80<\/p>\n<p>Gr\u016bdeli\u0173 dydis: ma\u017eas (raudonas)<\/p>\n<div class=\"woocommerce-product-details__short-description\">\n<p>Modelis: 8003242<\/p>\n<\/div>\n","protected":false},"featured_media":20284,"comment_status":"open","ping_status":"closed","template":"","meta":[],"product_brand":[2852],"product_cat":[2478,2488,1799,1825,2056],"product_tag":[],"class_list":{"0":"post-20283","1":"product","2":"type-product","3":"status-publish","4":"has-post-thumbnail","6":"product_brand-wilson","7":"product_cat-deimantiniai-antgaliai-shanghai-wilson","8":"product_cat-diamond-pro-lt","9":"product_cat-deimantiniai-antgaliai","10":"product_cat-kugis-apvalus-ir-astriu-galu","11":"product_cat-frezu-antgaliukai","13":"first","14":"instock","15":"taxable","16":"shipping-taxable","17":"purchasable","18":"product-type-simple"},"yoast_head":"<!-- This site is optimized with the Yoast SEO Premium plugin v23.0 (Yoast SEO v26.9) - https:\/\/yoast.com\/product\/yoast-seo-premium-wordpress\/ -->\n<title>Beauty Baltic &#183; Diamond PRO antgalis &quot;k\u016bgis\u201d 018 raudonas<\/title>\n<meta name=\"robots\" content=\"index, follow, max-snippet:-1, max-image-preview:large, max-video-preview:-1\" \/>\n<link rel=\"canonical\" href=\"https:\/\/beautybaltic.com\/?product=diamond-pro-antgalis-kugis-018-raudonas&lang=lt\" \/>\n<meta property=\"og:locale\" content=\"en_US\" \/>\n<meta property=\"og:type\" content=\"article\" \/>\n<meta property=\"og:title\" content=\"Diamond PRO antgalis &quot;k\u016bgis\u201d 018 raudonas\" \/>\n<meta property=\"og:description\" content=\"Diamond PRO antgalis &quot;k\u016bgis\u201d  Darbin\u0117s dalies skersmuo, mm: 1,80  Gr\u016bdeli\u0173 dydis: ma\u017eas (raudonas)   Modelis: 8003242\" \/>\n<meta property=\"og:url\" content=\"https:\/\/beautybaltic.com\/?product=diamond-pro-antgalis-kugis-018-raudonas&amp;lang=lt\" \/>\n<meta property=\"og:site_name\" content=\"Beauty Baltic\" \/>\n<meta property=\"article:publisher\" content=\"https:\/\/www.facebook.com\/siabeautybaltic\/?eid=ARDs6xwwnnHaxWoXNQhS1sgYf1tbsdYaa9nRKgzW46Bm5i4PkSKw97xrztQlMJEv9gOVxTp-o3Sq_Uwq\" \/>\n<meta property=\"article:modified_time\" content=\"2026-03-24T13:06:39+00:00\" \/>\n<meta property=\"og:image\" content=\"https:\/\/beautybaltic.com\/wp-content\/uploads\/2025\/04\/8003242.jpg\" \/>\n\t<meta property=\"og:image:width\" content=\"2000\" \/>\n\t<meta property=\"og:image:height\" content=\"2000\" \/>\n\t<meta property=\"og:image:type\" content=\"image\/jpeg\" \/>\n<meta name=\"twitter:card\" content=\"summary_large_image\" \/>\n<meta name=\"twitter:label1\" content=\"Est. reading time\" \/>\n\t<meta name=\"twitter:data1\" content=\"1 minute\" \/>\n<script type=\"application\/ld+json\" class=\"yoast-schema-graph\">{\"@context\":\"https:\/\/schema.org\",\"@graph\":[{\"@type\":\"WebPage\",\"@id\":\"https:\/\/beautybaltic.com\/?product=diamond-pro-antgalis-kugis-018-raudonas&lang=lt\",\"url\":\"https:\/\/beautybaltic.com\/?product=diamond-pro-antgalis-kugis-018-raudonas&lang=lt\",\"name\":\"Beauty Baltic &#183; Diamond PRO antgalis \\\"k\u016bgis\u201d 018 raudonas\",\"isPartOf\":{\"@id\":\"https:\/\/beautybaltic.com\/#website\"},\"primaryImageOfPage\":{\"@id\":\"https:\/\/beautybaltic.com\/?product=diamond-pro-antgalis-kugis-018-raudonas&lang=lt#primaryimage\"},\"image\":{\"@id\":\"https:\/\/beautybaltic.com\/?product=diamond-pro-antgalis-kugis-018-raudonas&lang=lt#primaryimage\"},\"thumbnailUrl\":\"https:\/\/beautybaltic.com\/wp-content\/uploads\/2025\/04\/8003242.jpg\",\"datePublished\":\"2025-04-24T17:55:00+00:00\",\"dateModified\":\"2026-03-24T13:06:39+00:00\",\"breadcrumb\":{\"@id\":\"https:\/\/beautybaltic.com\/?product=diamond-pro-antgalis-kugis-018-raudonas&lang=lt#breadcrumb\"},\"inLanguage\":\"en-US\",\"potentialAction\":[{\"@type\":\"ReadAction\",\"target\":[\"https:\/\/beautybaltic.com\/?product=diamond-pro-antgalis-kugis-018-raudonas&lang=lt\"]}]},{\"@type\":\"ImageObject\",\"inLanguage\":\"en-US\",\"@id\":\"https:\/\/beautybaltic.com\/?product=diamond-pro-antgalis-kugis-018-raudonas&lang=lt#primaryimage\",\"url\":\"https:\/\/beautybaltic.com\/wp-content\/uploads\/2025\/04\/8003242.jpg\",\"contentUrl\":\"https:\/\/beautybaltic.com\/wp-content\/uploads\/2025\/04\/8003242.jpg\",\"width\":2000,\"height\":2000},{\"@type\":\"BreadcrumbList\",\"@id\":\"https:\/\/beautybaltic.com\/?product=diamond-pro-antgalis-kugis-018-raudonas&lang=lt#breadcrumb\",\"itemListElement\":[{\"@type\":\"ListItem\",\"position\":1,\"name\":\"Home Page\",\"item\":\"https:\/\/beautybaltic.com\/\"},{\"@type\":\"ListItem\",\"position\":2,\"name\":\"All products\",\"item\":\"https:\/\/beautybaltic.com\/?page_id=113\"},{\"@type\":\"ListItem\",\"position\":3,\"name\":\"Diamond PRO antgalis &#8220;k\u016bgis\u201d 018 raudonas\"}]},{\"@type\":\"WebSite\",\"@id\":\"https:\/\/beautybaltic.com\/#website\",\"url\":\"https:\/\/beautybaltic.com\/\",\"name\":\"Beauty Baltic\",\"description\":\"\",\"publisher\":{\"@id\":\"https:\/\/beautybaltic.com\/#organization\"},\"potentialAction\":[{\"@type\":\"SearchAction\",\"target\":{\"@type\":\"EntryPoint\",\"urlTemplate\":\"https:\/\/beautybaltic.com\/?s={search_term_string}\"},\"query-input\":{\"@type\":\"PropertyValueSpecification\",\"valueRequired\":true,\"valueName\":\"search_term_string\"}}],\"inLanguage\":\"en-US\"},{\"@type\":\"Organization\",\"@id\":\"https:\/\/beautybaltic.com\/#organization\",\"name\":\"SIA \\\"Beauty Baltic\\\"\",\"url\":\"https:\/\/beautybaltic.com\/\",\"logo\":{\"@type\":\"ImageObject\",\"inLanguage\":\"en-US\",\"@id\":\"https:\/\/beautybaltic.com\/#\/schema\/logo\/image\/\",\"url\":\"https:\/\/beautybaltic.com\/wp-content\/uploads\/2020\/04\/logo-4.png\",\"contentUrl\":\"https:\/\/beautybaltic.com\/wp-content\/uploads\/2020\/04\/logo-4.png\",\"width\":704,\"height\":206,\"caption\":\"SIA \\\"Beauty Baltic\\\"\"},\"image\":{\"@id\":\"https:\/\/beautybaltic.com\/#\/schema\/logo\/image\/\"},\"sameAs\":[\"https:\/\/www.facebook.com\/siabeautybaltic\/?eid=ARDs6xwwnnHaxWoXNQhS1sgYf1tbsdYaa9nRKgzW46Bm5i4PkSKw97xrztQlMJEv9gOVxTp-o3Sq_Uwq\",\"https:\/\/www.instagram.com\/beauty_baltic\/\"]}]}<\/script>\n<!-- \/ Yoast SEO Premium plugin. -->","yoast_head_json":{"title":"Beauty Baltic &#183; Diamond PRO antgalis \"k\u016bgis\u201d 018 raudonas","robots":{"index":"index","follow":"follow","max-snippet":"max-snippet:-1","max-image-preview":"max-image-preview:large","max-video-preview":"max-video-preview:-1"},"canonical":"https:\/\/beautybaltic.com\/?product=diamond-pro-antgalis-kugis-018-raudonas&lang=lt","og_locale":"en_US","og_type":"article","og_title":"Diamond PRO antgalis \"k\u016bgis\u201d 018 raudonas","og_description":"Diamond PRO antgalis \"k\u016bgis\u201d  Darbin\u0117s dalies skersmuo, mm: 1,80  Gr\u016bdeli\u0173 dydis: ma\u017eas (raudonas)   Modelis: 8003242","og_url":"https:\/\/beautybaltic.com\/?product=diamond-pro-antgalis-kugis-018-raudonas&lang=lt","og_site_name":"Beauty Baltic","article_publisher":"https:\/\/www.facebook.com\/siabeautybaltic\/?eid=ARDs6xwwnnHaxWoXNQhS1sgYf1tbsdYaa9nRKgzW46Bm5i4PkSKw97xrztQlMJEv9gOVxTp-o3Sq_Uwq","article_modified_time":"2026-03-24T13:06:39+00:00","og_image":[{"width":2000,"height":2000,"url":"https:\/\/beautybaltic.com\/wp-content\/uploads\/2025\/04\/8003242.jpg","type":"image\/jpeg"}],"twitter_card":"summary_large_image","twitter_misc":{"Est. reading time":"1 minute"},"schema":{"@context":"https:\/\/schema.org","@graph":[{"@type":"WebPage","@id":"https:\/\/beautybaltic.com\/?product=diamond-pro-antgalis-kugis-018-raudonas&lang=lt","url":"https:\/\/beautybaltic.com\/?product=diamond-pro-antgalis-kugis-018-raudonas&lang=lt","name":"Beauty Baltic &#183; Diamond PRO antgalis \"k\u016bgis\u201d 018 raudonas","isPartOf":{"@id":"https:\/\/beautybaltic.com\/#website"},"primaryImageOfPage":{"@id":"https:\/\/beautybaltic.com\/?product=diamond-pro-antgalis-kugis-018-raudonas&lang=lt#primaryimage"},"image":{"@id":"https:\/\/beautybaltic.com\/?product=diamond-pro-antgalis-kugis-018-raudonas&lang=lt#primaryimage"},"thumbnailUrl":"https:\/\/beautybaltic.com\/wp-content\/uploads\/2025\/04\/8003242.jpg","datePublished":"2025-04-24T17:55:00+00:00","dateModified":"2026-03-24T13:06:39+00:00","breadcrumb":{"@id":"https:\/\/beautybaltic.com\/?product=diamond-pro-antgalis-kugis-018-raudonas&lang=lt#breadcrumb"},"inLanguage":"en-US","potentialAction":[{"@type":"ReadAction","target":["https:\/\/beautybaltic.com\/?product=diamond-pro-antgalis-kugis-018-raudonas&lang=lt"]}]},{"@type":"ImageObject","inLanguage":"en-US","@id":"https:\/\/beautybaltic.com\/?product=diamond-pro-antgalis-kugis-018-raudonas&lang=lt#primaryimage","url":"https:\/\/beautybaltic.com\/wp-content\/uploads\/2025\/04\/8003242.jpg","contentUrl":"https:\/\/beautybaltic.com\/wp-content\/uploads\/2025\/04\/8003242.jpg","width":2000,"height":2000},{"@type":"BreadcrumbList","@id":"https:\/\/beautybaltic.com\/?product=diamond-pro-antgalis-kugis-018-raudonas&lang=lt#breadcrumb","itemListElement":[{"@type":"ListItem","position":1,"name":"Home Page","item":"https:\/\/beautybaltic.com\/"},{"@type":"ListItem","position":2,"name":"All products","item":"https:\/\/beautybaltic.com\/?page_id=113"},{"@type":"ListItem","position":3,"name":"Diamond PRO antgalis &#8220;k\u016bgis\u201d 018 raudonas"}]},{"@type":"WebSite","@id":"https:\/\/beautybaltic.com\/#website","url":"https:\/\/beautybaltic.com\/","name":"Beauty Baltic","description":"","publisher":{"@id":"https:\/\/beautybaltic.com\/#organization"},"potentialAction":[{"@type":"SearchAction","target":{"@type":"EntryPoint","urlTemplate":"https:\/\/beautybaltic.com\/?s={search_term_string}"},"query-input":{"@type":"PropertyValueSpecification","valueRequired":true,"valueName":"search_term_string"}}],"inLanguage":"en-US"},{"@type":"Organization","@id":"https:\/\/beautybaltic.com\/#organization","name":"SIA \"Beauty Baltic\"","url":"https:\/\/beautybaltic.com\/","logo":{"@type":"ImageObject","inLanguage":"en-US","@id":"https:\/\/beautybaltic.com\/#\/schema\/logo\/image\/","url":"https:\/\/beautybaltic.com\/wp-content\/uploads\/2020\/04\/logo-4.png","contentUrl":"https:\/\/beautybaltic.com\/wp-content\/uploads\/2020\/04\/logo-4.png","width":704,"height":206,"caption":"SIA \"Beauty Baltic\""},"image":{"@id":"https:\/\/beautybaltic.com\/#\/schema\/logo\/image\/"},"sameAs":["https:\/\/www.facebook.com\/siabeautybaltic\/?eid=ARDs6xwwnnHaxWoXNQhS1sgYf1tbsdYaa9nRKgzW46Bm5i4PkSKw97xrztQlMJEv9gOVxTp-o3Sq_Uwq","https:\/\/www.instagram.com\/beauty_baltic\/"]}]}},"_links":{"self":[{"href":"https:\/\/beautybaltic.com\/index.php?rest_route=\/wp\/v2\/product\/20283","targetHints":{"allow":["GET"]}}],"collection":[{"href":"https:\/\/beautybaltic.com\/index.php?rest_route=\/wp\/v2\/product"}],"about":[{"href":"https:\/\/beautybaltic.com\/index.php?rest_route=\/wp\/v2\/types\/product"}],"replies":[{"embeddable":true,"href":"https:\/\/beautybaltic.com\/index.php?rest_route=%2Fwp%2Fv2%2Fcomments&post=20283"}],"wp:featuredmedia":[{"embeddable":true,"href":"https:\/\/beautybaltic.com\/index.php?rest_route=\/wp\/v2\/media\/20284"}],"wp:attachment":[{"href":"https:\/\/beautybaltic.com\/index.php?rest_route=%2Fwp%2Fv2%2Fmedia&parent=20283"}],"wp:term":[{"taxonomy":"product_brand","embeddable":true,"href":"https:\/\/beautybaltic.com\/index.php?rest_route=%2Fwp%2Fv2%2Fproduct_brand&post=20283"},{"taxonomy":"product_cat","embeddable":true,"href":"https:\/\/beautybaltic.com\/index.php?rest_route=%2Fwp%2Fv2%2Fproduct_cat&post=20283"},{"taxonomy":"product_tag","embeddable":true,"href":"https:\/\/beautybaltic.com\/index.php?rest_route=%2Fwp%2Fv2%2Fproduct_tag&post=20283"}],"curies":[{"name":"wp","href":"https:\/\/api.w.org\/{rel}","templated":true}]}}