{"id":20255,"date":"2025-04-23T23:00:32","date_gmt":"2025-04-23T20:00:32","guid":{"rendered":"https:\/\/beautybaltic.com\/?post_type=product&#038;p=20255"},"modified":"2026-03-24T16:01:28","modified_gmt":"2026-03-24T13:01:28","slug":"diamond-pro-freze-liesma-021-zila-8-mm","status":"publish","type":"product","link":"https:\/\/beautybaltic.com\/?product=diamond-pro-freze-liesma-021-zila-8-mm&lang=lv","title":{"rendered":"Diamond PRO fr\u0113ze \u201cliesma\u201d 021 zila, 8 mm"},"content":{"rendered":"<div><strong>Diamond PRO tehnolo\u0123ija<\/strong>\u00a0apvieno prec\u012bzu dimanta grie\u0161anu ar augstas bl\u012bvuma dimanta p\u0101rkl\u0101jumu, nodro\u0161inot:<\/div>\n<div>\u2022b\u016btiski ilg\u0101ku fr\u0113zes kalpo\u0161anas laiku<\/div>\n<div>\u2022augstu grie\u0161anas efektivit\u0101ti t\u012bram un prec\u012bzam darbam<\/div>\n<div>\u2022dro\u0161\u0101ku un maig\u0101ku \u0101das apstr\u0101di manik\u012bra laik\u0101<\/div>\n<div><\/div>\n<div><strong>Piem\u0113rota:<\/strong><\/div>\n<div>\u2022s\u0101nu nagu valn\u012b\u0161u un sinusu apstr\u0101dei<\/div>\n<div>\u2022kutikulas un pter\u012bgija apstr\u0101dei<\/div>\n<div>\u2022nel\u012bdzenas \u0101das virsmas izl\u012bdzin\u0101\u0161anai<\/div>\n<div><\/div>\n<div>Ide\u0101li piem\u0113rota profesion\u0101lai lieto\u0161anai salonos un pieredz\u0113ju\u0161iem m\u0101jas lietot\u0101jiem.<\/div>\n<div><\/div>\n<div>Ra\u017eot\u0101js saska\u0146\u0101 ar GPSR: Shanghai Wilson Precision Technology Co. LTD, 1st Floor, Building 6, No.868 Zhenchen Road, Shanghai, Shanghai, CN<br \/>\nAtbild\u012bg\u0101 persona saska\u0146\u0101 ar GPSR: Success Courier SL, CALLE RIO TORMES, 1 \u2013 1 DR 28947, FUENLABRADA, Madrid, Spain, successservice2@hotmail.com<\/div>\n","protected":false},"excerpt":{"rendered":"<p>Diamond PRO fr\u0113ze \u201cliesma\u201d<\/p>\n<p>Darba da\u013ca diametrs, mm: 2,10<\/p>\n<p>Graudain\u012bba: vid\u0113ji (zila)<\/p>\n<div class=\"woocommerce-product-details__short-description\">\n<div class=\"woocommerce-product-details__short-description\">\n<p>Modelis: 8003321<\/p>\n<\/div>\n<\/div>\n","protected":false},"featured_media":20256,"comment_status":"open","ping_status":"closed","template":"","meta":[],"product_brand":[2852],"product_cat":[2486,2476,2898,2053],"product_tag":[],"class_list":{"0":"post-20255","1":"product","2":"type-product","3":"status-publish","4":"has-post-thumbnail","6":"product_brand-wilson","7":"product_cat-diamond-pro-lv","8":"product_cat-dimanta-frezes-shanghai-wilson","9":"product_cat-liesma-dimanta-frezes-2","10":"product_cat-frezes-uzgali","12":"first","13":"instock","14":"taxable","15":"shipping-taxable","16":"purchasable","17":"product-type-simple"},"yoast_head":"<!-- This site is optimized with the Yoast SEO Premium plugin v23.0 (Yoast SEO v26.9) - https:\/\/yoast.com\/product\/yoast-seo-premium-wordpress\/ -->\n<title>Beauty Baltic &#183; Diamond PRO fr\u0113ze \u201cliesma\u201d 021 zila, 8 mm<\/title>\n<meta name=\"robots\" content=\"index, follow, max-snippet:-1, max-image-preview:large, max-video-preview:-1\" \/>\n<link rel=\"canonical\" href=\"https:\/\/beautybaltic.com\/?product=diamond-pro-freze-liesma-021-zila-8-mm&lang=lv\" \/>\n<meta property=\"og:locale\" content=\"en_US\" \/>\n<meta property=\"og:type\" content=\"article\" \/>\n<meta property=\"og:title\" content=\"Diamond PRO fr\u0113ze \u201cliesma\u201d 021 zila, 8 mm\" \/>\n<meta property=\"og:description\" content=\"Diamond PRO fr\u0113ze \u201cliesma\u201d  Darba da\u013ca diametrs, mm: 2,10  Graudain\u012bba: vid\u0113ji (zila)    Modelis: 8003321\" \/>\n<meta property=\"og:url\" content=\"https:\/\/beautybaltic.com\/?product=diamond-pro-freze-liesma-021-zila-8-mm&amp;lang=lv\" \/>\n<meta property=\"og:site_name\" content=\"Beauty Baltic\" \/>\n<meta property=\"article:publisher\" content=\"https:\/\/www.facebook.com\/siabeautybaltic\/?eid=ARDs6xwwnnHaxWoXNQhS1sgYf1tbsdYaa9nRKgzW46Bm5i4PkSKw97xrztQlMJEv9gOVxTp-o3Sq_Uwq\" \/>\n<meta property=\"article:modified_time\" content=\"2026-03-24T13:01:28+00:00\" \/>\n<meta property=\"og:image\" content=\"https:\/\/beautybaltic.com\/wp-content\/uploads\/2025\/04\/8003321.jpg\" \/>\n\t<meta property=\"og:image:width\" content=\"2000\" \/>\n\t<meta property=\"og:image:height\" content=\"2000\" \/>\n\t<meta property=\"og:image:type\" content=\"image\/jpeg\" \/>\n<meta name=\"twitter:card\" content=\"summary_large_image\" \/>\n<meta name=\"twitter:label1\" content=\"Est. reading time\" \/>\n\t<meta name=\"twitter:data1\" content=\"1 minute\" \/>\n<script type=\"application\/ld+json\" class=\"yoast-schema-graph\">{\"@context\":\"https:\/\/schema.org\",\"@graph\":[{\"@type\":\"WebPage\",\"@id\":\"https:\/\/beautybaltic.com\/?product=diamond-pro-freze-liesma-021-zila-8-mm&lang=lv\",\"url\":\"https:\/\/beautybaltic.com\/?product=diamond-pro-freze-liesma-021-zila-8-mm&lang=lv\",\"name\":\"Beauty Baltic &#183; Diamond PRO fr\u0113ze \u201cliesma\u201d 021 zila, 8 mm\",\"isPartOf\":{\"@id\":\"https:\/\/beautybaltic.com\/#website\"},\"primaryImageOfPage\":{\"@id\":\"https:\/\/beautybaltic.com\/?product=diamond-pro-freze-liesma-021-zila-8-mm&lang=lv#primaryimage\"},\"image\":{\"@id\":\"https:\/\/beautybaltic.com\/?product=diamond-pro-freze-liesma-021-zila-8-mm&lang=lv#primaryimage\"},\"thumbnailUrl\":\"https:\/\/beautybaltic.com\/wp-content\/uploads\/2025\/04\/8003321.jpg\",\"datePublished\":\"2025-04-23T20:00:32+00:00\",\"dateModified\":\"2026-03-24T13:01:28+00:00\",\"breadcrumb\":{\"@id\":\"https:\/\/beautybaltic.com\/?product=diamond-pro-freze-liesma-021-zila-8-mm&lang=lv#breadcrumb\"},\"inLanguage\":\"en-US\",\"potentialAction\":[{\"@type\":\"ReadAction\",\"target\":[\"https:\/\/beautybaltic.com\/?product=diamond-pro-freze-liesma-021-zila-8-mm&lang=lv\"]}]},{\"@type\":\"ImageObject\",\"inLanguage\":\"en-US\",\"@id\":\"https:\/\/beautybaltic.com\/?product=diamond-pro-freze-liesma-021-zila-8-mm&lang=lv#primaryimage\",\"url\":\"https:\/\/beautybaltic.com\/wp-content\/uploads\/2025\/04\/8003321.jpg\",\"contentUrl\":\"https:\/\/beautybaltic.com\/wp-content\/uploads\/2025\/04\/8003321.jpg\",\"width\":2000,\"height\":2000},{\"@type\":\"BreadcrumbList\",\"@id\":\"https:\/\/beautybaltic.com\/?product=diamond-pro-freze-liesma-021-zila-8-mm&lang=lv#breadcrumb\",\"itemListElement\":[{\"@type\":\"ListItem\",\"position\":1,\"name\":\"Home Page\",\"item\":\"https:\/\/beautybaltic.com\/\"},{\"@type\":\"ListItem\",\"position\":2,\"name\":\"All products\",\"item\":\"https:\/\/beautybaltic.com\/?page_id=113\"},{\"@type\":\"ListItem\",\"position\":3,\"name\":\"Diamond PRO fr\u0113ze \u201cliesma\u201d 021 zila, 8 mm\"}]},{\"@type\":\"WebSite\",\"@id\":\"https:\/\/beautybaltic.com\/#website\",\"url\":\"https:\/\/beautybaltic.com\/\",\"name\":\"Beauty Baltic\",\"description\":\"\",\"publisher\":{\"@id\":\"https:\/\/beautybaltic.com\/#organization\"},\"potentialAction\":[{\"@type\":\"SearchAction\",\"target\":{\"@type\":\"EntryPoint\",\"urlTemplate\":\"https:\/\/beautybaltic.com\/?s={search_term_string}\"},\"query-input\":{\"@type\":\"PropertyValueSpecification\",\"valueRequired\":true,\"valueName\":\"search_term_string\"}}],\"inLanguage\":\"en-US\"},{\"@type\":\"Organization\",\"@id\":\"https:\/\/beautybaltic.com\/#organization\",\"name\":\"SIA \\\"Beauty Baltic\\\"\",\"url\":\"https:\/\/beautybaltic.com\/\",\"logo\":{\"@type\":\"ImageObject\",\"inLanguage\":\"en-US\",\"@id\":\"https:\/\/beautybaltic.com\/#\/schema\/logo\/image\/\",\"url\":\"https:\/\/beautybaltic.com\/wp-content\/uploads\/2020\/04\/logo-4.png\",\"contentUrl\":\"https:\/\/beautybaltic.com\/wp-content\/uploads\/2020\/04\/logo-4.png\",\"width\":704,\"height\":206,\"caption\":\"SIA \\\"Beauty Baltic\\\"\"},\"image\":{\"@id\":\"https:\/\/beautybaltic.com\/#\/schema\/logo\/image\/\"},\"sameAs\":[\"https:\/\/www.facebook.com\/siabeautybaltic\/?eid=ARDs6xwwnnHaxWoXNQhS1sgYf1tbsdYaa9nRKgzW46Bm5i4PkSKw97xrztQlMJEv9gOVxTp-o3Sq_Uwq\",\"https:\/\/www.instagram.com\/beauty_baltic\/\"]}]}<\/script>\n<!-- \/ Yoast SEO Premium plugin. -->","yoast_head_json":{"title":"Beauty Baltic &#183; Diamond PRO fr\u0113ze \u201cliesma\u201d 021 zila, 8 mm","robots":{"index":"index","follow":"follow","max-snippet":"max-snippet:-1","max-image-preview":"max-image-preview:large","max-video-preview":"max-video-preview:-1"},"canonical":"https:\/\/beautybaltic.com\/?product=diamond-pro-freze-liesma-021-zila-8-mm&lang=lv","og_locale":"en_US","og_type":"article","og_title":"Diamond PRO fr\u0113ze \u201cliesma\u201d 021 zila, 8 mm","og_description":"Diamond PRO fr\u0113ze \u201cliesma\u201d  Darba da\u013ca diametrs, mm: 2,10  Graudain\u012bba: vid\u0113ji (zila)    Modelis: 8003321","og_url":"https:\/\/beautybaltic.com\/?product=diamond-pro-freze-liesma-021-zila-8-mm&lang=lv","og_site_name":"Beauty Baltic","article_publisher":"https:\/\/www.facebook.com\/siabeautybaltic\/?eid=ARDs6xwwnnHaxWoXNQhS1sgYf1tbsdYaa9nRKgzW46Bm5i4PkSKw97xrztQlMJEv9gOVxTp-o3Sq_Uwq","article_modified_time":"2026-03-24T13:01:28+00:00","og_image":[{"width":2000,"height":2000,"url":"https:\/\/beautybaltic.com\/wp-content\/uploads\/2025\/04\/8003321.jpg","type":"image\/jpeg"}],"twitter_card":"summary_large_image","twitter_misc":{"Est. reading time":"1 minute"},"schema":{"@context":"https:\/\/schema.org","@graph":[{"@type":"WebPage","@id":"https:\/\/beautybaltic.com\/?product=diamond-pro-freze-liesma-021-zila-8-mm&lang=lv","url":"https:\/\/beautybaltic.com\/?product=diamond-pro-freze-liesma-021-zila-8-mm&lang=lv","name":"Beauty Baltic &#183; Diamond PRO fr\u0113ze \u201cliesma\u201d 021 zila, 8 mm","isPartOf":{"@id":"https:\/\/beautybaltic.com\/#website"},"primaryImageOfPage":{"@id":"https:\/\/beautybaltic.com\/?product=diamond-pro-freze-liesma-021-zila-8-mm&lang=lv#primaryimage"},"image":{"@id":"https:\/\/beautybaltic.com\/?product=diamond-pro-freze-liesma-021-zila-8-mm&lang=lv#primaryimage"},"thumbnailUrl":"https:\/\/beautybaltic.com\/wp-content\/uploads\/2025\/04\/8003321.jpg","datePublished":"2025-04-23T20:00:32+00:00","dateModified":"2026-03-24T13:01:28+00:00","breadcrumb":{"@id":"https:\/\/beautybaltic.com\/?product=diamond-pro-freze-liesma-021-zila-8-mm&lang=lv#breadcrumb"},"inLanguage":"en-US","potentialAction":[{"@type":"ReadAction","target":["https:\/\/beautybaltic.com\/?product=diamond-pro-freze-liesma-021-zila-8-mm&lang=lv"]}]},{"@type":"ImageObject","inLanguage":"en-US","@id":"https:\/\/beautybaltic.com\/?product=diamond-pro-freze-liesma-021-zila-8-mm&lang=lv#primaryimage","url":"https:\/\/beautybaltic.com\/wp-content\/uploads\/2025\/04\/8003321.jpg","contentUrl":"https:\/\/beautybaltic.com\/wp-content\/uploads\/2025\/04\/8003321.jpg","width":2000,"height":2000},{"@type":"BreadcrumbList","@id":"https:\/\/beautybaltic.com\/?product=diamond-pro-freze-liesma-021-zila-8-mm&lang=lv#breadcrumb","itemListElement":[{"@type":"ListItem","position":1,"name":"Home Page","item":"https:\/\/beautybaltic.com\/"},{"@type":"ListItem","position":2,"name":"All products","item":"https:\/\/beautybaltic.com\/?page_id=113"},{"@type":"ListItem","position":3,"name":"Diamond PRO fr\u0113ze \u201cliesma\u201d 021 zila, 8 mm"}]},{"@type":"WebSite","@id":"https:\/\/beautybaltic.com\/#website","url":"https:\/\/beautybaltic.com\/","name":"Beauty Baltic","description":"","publisher":{"@id":"https:\/\/beautybaltic.com\/#organization"},"potentialAction":[{"@type":"SearchAction","target":{"@type":"EntryPoint","urlTemplate":"https:\/\/beautybaltic.com\/?s={search_term_string}"},"query-input":{"@type":"PropertyValueSpecification","valueRequired":true,"valueName":"search_term_string"}}],"inLanguage":"en-US"},{"@type":"Organization","@id":"https:\/\/beautybaltic.com\/#organization","name":"SIA \"Beauty Baltic\"","url":"https:\/\/beautybaltic.com\/","logo":{"@type":"ImageObject","inLanguage":"en-US","@id":"https:\/\/beautybaltic.com\/#\/schema\/logo\/image\/","url":"https:\/\/beautybaltic.com\/wp-content\/uploads\/2020\/04\/logo-4.png","contentUrl":"https:\/\/beautybaltic.com\/wp-content\/uploads\/2020\/04\/logo-4.png","width":704,"height":206,"caption":"SIA \"Beauty Baltic\""},"image":{"@id":"https:\/\/beautybaltic.com\/#\/schema\/logo\/image\/"},"sameAs":["https:\/\/www.facebook.com\/siabeautybaltic\/?eid=ARDs6xwwnnHaxWoXNQhS1sgYf1tbsdYaa9nRKgzW46Bm5i4PkSKw97xrztQlMJEv9gOVxTp-o3Sq_Uwq","https:\/\/www.instagram.com\/beauty_baltic\/"]}]}},"_links":{"self":[{"href":"https:\/\/beautybaltic.com\/index.php?rest_route=\/wp\/v2\/product\/20255","targetHints":{"allow":["GET"]}}],"collection":[{"href":"https:\/\/beautybaltic.com\/index.php?rest_route=\/wp\/v2\/product"}],"about":[{"href":"https:\/\/beautybaltic.com\/index.php?rest_route=\/wp\/v2\/types\/product"}],"replies":[{"embeddable":true,"href":"https:\/\/beautybaltic.com\/index.php?rest_route=%2Fwp%2Fv2%2Fcomments&post=20255"}],"wp:featuredmedia":[{"embeddable":true,"href":"https:\/\/beautybaltic.com\/index.php?rest_route=\/wp\/v2\/media\/20256"}],"wp:attachment":[{"href":"https:\/\/beautybaltic.com\/index.php?rest_route=%2Fwp%2Fv2%2Fmedia&parent=20255"}],"wp:term":[{"taxonomy":"product_brand","embeddable":true,"href":"https:\/\/beautybaltic.com\/index.php?rest_route=%2Fwp%2Fv2%2Fproduct_brand&post=20255"},{"taxonomy":"product_cat","embeddable":true,"href":"https:\/\/beautybaltic.com\/index.php?rest_route=%2Fwp%2Fv2%2Fproduct_cat&post=20255"},{"taxonomy":"product_tag","embeddable":true,"href":"https:\/\/beautybaltic.com\/index.php?rest_route=%2Fwp%2Fv2%2Fproduct_tag&post=20255"}],"curies":[{"name":"wp","href":"https:\/\/api.w.org\/{rel}","templated":true}]}}