{"id":19274,"date":"2025-03-17T15:58:39","date_gmt":"2025-03-17T12:58:39","guid":{"rendered":"https:\/\/beautybaltic.com\/?post_type=product&#038;p=19274"},"modified":"2026-02-05T10:26:33","modified_gmt":"2026-02-05T07:26:33","slug":"dnka-virsutines-priauginimo-formeles-square-120-vnt-2","status":"publish","type":"product","link":"https:\/\/beautybaltic.com\/?product=dnka-virsutines-priauginimo-formeles-square-120-vnt-2&lang=lt","title":{"rendered":"DNKa\u2019 Vir\u0161utin\u0117s Priauginimo Formel\u0117s Long Square, 120 vnt"},"content":{"rendered":"<p>DNKa Professional Top Nail Forms yra daugkartinio naudojimo nag\u0173 priauginimo formos, pagamintos i\u0161 optimalaus standumo ir lankstumo plastiko. Jas galima naudoti norint pagreitinti nag\u0173 modeliavimo proces\u0105 ir i\u0161vengti vir\u0161utinio nag\u0173 priauginimo. Tinka esteti\u0161koms ir gra\u017eioms nag\u0173 plok\u0161tel\u0117ms kurti. Lengvai nuimamos po polimerizacijos. Tinka DNKa&#8217; Acryl Gel, DNKa&#8217; Builder Gel ir DNKa&#8217; Jelly Gel. Maksimalus komfortas net pradedantiesiems. D\u0117ka 12 skirting\u0173 dyd\u017ei\u0173 (po 10 vnt. i\u0161 kiekvieno) galite pasirinkti geriausi\u0105 variant\u0105, atsi\u017evelgdami \u012f nat\u016bralaus nago savybes.<\/p>\n","protected":false},"excerpt":{"rendered":"<p>DNKa Professional Top Nail Forms yra daugkartinio naudojimo nag\u0173 priauginimo formos, pagamintos i\u0161 optimalaus standumo ir lankstumo plastiko. Jas galima naudoti norint pagreitinti nag\u0173 modeliavimo proces\u0105 ir i\u0161vengti vir\u0161utinio nag\u0173 priauginimo. Tinka esteti\u0161koms ir gra\u017eioms nag\u0173 plok\u0161tel\u0117ms kurti. Lengvai nuimamos po polimerizacijos. Tinka DNKa&#8217; Acryl Gel, DNKa&#8217; Builder Gel ir DNKa&#8217; Jelly Gel. Maksimalus komfortas &hellip; <\/p>\n","protected":false},"featured_media":19275,"comment_status":"open","ping_status":"closed","template":"","meta":[],"product_brand":[2853],"product_cat":[2337],"product_tag":[],"class_list":{"0":"post-19274","1":"product","2":"type-product","3":"status-publish","4":"has-post-thumbnail","6":"product_brand-dnka","7":"product_cat-virsutines-apatines-formos","9":"first","10":"instock","11":"taxable","12":"shipping-taxable","13":"purchasable","14":"product-type-simple"},"yoast_head":"<!-- This site is optimized with the Yoast SEO Premium plugin v23.0 (Yoast SEO v26.9) - https:\/\/yoast.com\/product\/yoast-seo-premium-wordpress\/ -->\n<title>Beauty Baltic &#183; DNKa\u2019 Vir\u0161utin\u0117s Priauginimo Formel\u0117s Long Square, 120 vnt<\/title>\n<meta name=\"robots\" content=\"index, follow, max-snippet:-1, max-image-preview:large, max-video-preview:-1\" \/>\n<link rel=\"canonical\" href=\"https:\/\/beautybaltic.com\/?product=dnka-virsutines-priauginimo-formeles-square-120-vnt-2&lang=lt\" \/>\n<meta property=\"og:locale\" content=\"en_US\" \/>\n<meta property=\"og:type\" content=\"article\" \/>\n<meta property=\"og:title\" content=\"DNKa\u2019 Vir\u0161utin\u0117s Priauginimo Formel\u0117s Long Square, 120 vnt\" \/>\n<meta property=\"og:description\" content=\"DNKa Professional Top Nail Forms yra daugkartinio naudojimo nag\u0173 priauginimo formos, pagamintos i\u0161 optimalaus standumo ir lankstumo plastiko. Jas galima naudoti norint pagreitinti nag\u0173 modeliavimo proces\u0105 ir i\u0161vengti vir\u0161utinio nag\u0173 priauginimo. Tinka esteti\u0161koms ir gra\u017eioms nag\u0173 plok\u0161tel\u0117ms kurti. Lengvai nuimamos po polimerizacijos. Tinka DNKa&#8217; Acryl Gel, DNKa&#8217; Builder Gel ir DNKa&#8217; Jelly Gel. Maksimalus komfortas &hellip;\" \/>\n<meta property=\"og:url\" content=\"https:\/\/beautybaltic.com\/?product=dnka-virsutines-priauginimo-formeles-square-120-vnt-2&amp;lang=lt\" \/>\n<meta property=\"og:site_name\" content=\"Beauty Baltic\" \/>\n<meta property=\"article:publisher\" content=\"https:\/\/www.facebook.com\/siabeautybaltic\/?eid=ARDs6xwwnnHaxWoXNQhS1sgYf1tbsdYaa9nRKgzW46Bm5i4PkSKw97xrztQlMJEv9gOVxTp-o3Sq_Uwq\" \/>\n<meta property=\"article:modified_time\" content=\"2026-02-05T07:26:33+00:00\" \/>\n<meta property=\"og:image\" content=\"https:\/\/beautybaltic.com\/wp-content\/uploads\/2025\/03\/dnka-long-square.jpg\" \/>\n\t<meta property=\"og:image:width\" content=\"1760\" \/>\n\t<meta property=\"og:image:height\" content=\"1760\" \/>\n\t<meta property=\"og:image:type\" content=\"image\/jpeg\" \/>\n<meta name=\"twitter:card\" content=\"summary_large_image\" \/>\n<meta name=\"twitter:label1\" content=\"Est. reading time\" \/>\n\t<meta name=\"twitter:data1\" content=\"1 minute\" \/>\n<script type=\"application\/ld+json\" class=\"yoast-schema-graph\">{\"@context\":\"https:\/\/schema.org\",\"@graph\":[{\"@type\":\"WebPage\",\"@id\":\"https:\/\/beautybaltic.com\/?product=dnka-virsutines-priauginimo-formeles-square-120-vnt-2&lang=lt\",\"url\":\"https:\/\/beautybaltic.com\/?product=dnka-virsutines-priauginimo-formeles-square-120-vnt-2&lang=lt\",\"name\":\"Beauty Baltic &#183; DNKa\u2019 Vir\u0161utin\u0117s Priauginimo Formel\u0117s Long Square, 120 vnt\",\"isPartOf\":{\"@id\":\"https:\/\/beautybaltic.com\/#website\"},\"primaryImageOfPage\":{\"@id\":\"https:\/\/beautybaltic.com\/?product=dnka-virsutines-priauginimo-formeles-square-120-vnt-2&lang=lt#primaryimage\"},\"image\":{\"@id\":\"https:\/\/beautybaltic.com\/?product=dnka-virsutines-priauginimo-formeles-square-120-vnt-2&lang=lt#primaryimage\"},\"thumbnailUrl\":\"https:\/\/beautybaltic.com\/wp-content\/uploads\/2025\/03\/dnka-long-square.jpg\",\"datePublished\":\"2025-03-17T12:58:39+00:00\",\"dateModified\":\"2026-02-05T07:26:33+00:00\",\"breadcrumb\":{\"@id\":\"https:\/\/beautybaltic.com\/?product=dnka-virsutines-priauginimo-formeles-square-120-vnt-2&lang=lt#breadcrumb\"},\"inLanguage\":\"en-US\",\"potentialAction\":[{\"@type\":\"ReadAction\",\"target\":[\"https:\/\/beautybaltic.com\/?product=dnka-virsutines-priauginimo-formeles-square-120-vnt-2&lang=lt\"]}]},{\"@type\":\"ImageObject\",\"inLanguage\":\"en-US\",\"@id\":\"https:\/\/beautybaltic.com\/?product=dnka-virsutines-priauginimo-formeles-square-120-vnt-2&lang=lt#primaryimage\",\"url\":\"https:\/\/beautybaltic.com\/wp-content\/uploads\/2025\/03\/dnka-long-square.jpg\",\"contentUrl\":\"https:\/\/beautybaltic.com\/wp-content\/uploads\/2025\/03\/dnka-long-square.jpg\",\"width\":1760,\"height\":1760},{\"@type\":\"BreadcrumbList\",\"@id\":\"https:\/\/beautybaltic.com\/?product=dnka-virsutines-priauginimo-formeles-square-120-vnt-2&lang=lt#breadcrumb\",\"itemListElement\":[{\"@type\":\"ListItem\",\"position\":1,\"name\":\"Home Page\",\"item\":\"https:\/\/beautybaltic.com\/\"},{\"@type\":\"ListItem\",\"position\":2,\"name\":\"All products\",\"item\":\"https:\/\/beautybaltic.com\/?page_id=113\"},{\"@type\":\"ListItem\",\"position\":3,\"name\":\"DNKa\u2019 Vir\u0161utin\u0117s Priauginimo Formel\u0117s Long Square, 120 vnt\"}]},{\"@type\":\"WebSite\",\"@id\":\"https:\/\/beautybaltic.com\/#website\",\"url\":\"https:\/\/beautybaltic.com\/\",\"name\":\"Beauty Baltic\",\"description\":\"\",\"publisher\":{\"@id\":\"https:\/\/beautybaltic.com\/#organization\"},\"potentialAction\":[{\"@type\":\"SearchAction\",\"target\":{\"@type\":\"EntryPoint\",\"urlTemplate\":\"https:\/\/beautybaltic.com\/?s={search_term_string}\"},\"query-input\":{\"@type\":\"PropertyValueSpecification\",\"valueRequired\":true,\"valueName\":\"search_term_string\"}}],\"inLanguage\":\"en-US\"},{\"@type\":\"Organization\",\"@id\":\"https:\/\/beautybaltic.com\/#organization\",\"name\":\"SIA \\\"Beauty Baltic\\\"\",\"url\":\"https:\/\/beautybaltic.com\/\",\"logo\":{\"@type\":\"ImageObject\",\"inLanguage\":\"en-US\",\"@id\":\"https:\/\/beautybaltic.com\/#\/schema\/logo\/image\/\",\"url\":\"https:\/\/beautybaltic.com\/wp-content\/uploads\/2020\/04\/logo-4.png\",\"contentUrl\":\"https:\/\/beautybaltic.com\/wp-content\/uploads\/2020\/04\/logo-4.png\",\"width\":704,\"height\":206,\"caption\":\"SIA \\\"Beauty Baltic\\\"\"},\"image\":{\"@id\":\"https:\/\/beautybaltic.com\/#\/schema\/logo\/image\/\"},\"sameAs\":[\"https:\/\/www.facebook.com\/siabeautybaltic\/?eid=ARDs6xwwnnHaxWoXNQhS1sgYf1tbsdYaa9nRKgzW46Bm5i4PkSKw97xrztQlMJEv9gOVxTp-o3Sq_Uwq\",\"https:\/\/www.instagram.com\/beauty_baltic\/\"]}]}<\/script>\n<!-- \/ Yoast SEO Premium plugin. -->","yoast_head_json":{"title":"Beauty Baltic &#183; DNKa\u2019 Vir\u0161utin\u0117s Priauginimo Formel\u0117s Long Square, 120 vnt","robots":{"index":"index","follow":"follow","max-snippet":"max-snippet:-1","max-image-preview":"max-image-preview:large","max-video-preview":"max-video-preview:-1"},"canonical":"https:\/\/beautybaltic.com\/?product=dnka-virsutines-priauginimo-formeles-square-120-vnt-2&lang=lt","og_locale":"en_US","og_type":"article","og_title":"DNKa\u2019 Vir\u0161utin\u0117s Priauginimo Formel\u0117s Long Square, 120 vnt","og_description":"DNKa Professional Top Nail Forms yra daugkartinio naudojimo nag\u0173 priauginimo formos, pagamintos i\u0161 optimalaus standumo ir lankstumo plastiko. Jas galima naudoti norint pagreitinti nag\u0173 modeliavimo proces\u0105 ir i\u0161vengti vir\u0161utinio nag\u0173 priauginimo. Tinka esteti\u0161koms ir gra\u017eioms nag\u0173 plok\u0161tel\u0117ms kurti. Lengvai nuimamos po polimerizacijos. Tinka DNKa&#8217; Acryl Gel, DNKa&#8217; Builder Gel ir DNKa&#8217; Jelly Gel. Maksimalus komfortas &hellip;","og_url":"https:\/\/beautybaltic.com\/?product=dnka-virsutines-priauginimo-formeles-square-120-vnt-2&lang=lt","og_site_name":"Beauty Baltic","article_publisher":"https:\/\/www.facebook.com\/siabeautybaltic\/?eid=ARDs6xwwnnHaxWoXNQhS1sgYf1tbsdYaa9nRKgzW46Bm5i4PkSKw97xrztQlMJEv9gOVxTp-o3Sq_Uwq","article_modified_time":"2026-02-05T07:26:33+00:00","og_image":[{"width":1760,"height":1760,"url":"https:\/\/beautybaltic.com\/wp-content\/uploads\/2025\/03\/dnka-long-square.jpg","type":"image\/jpeg"}],"twitter_card":"summary_large_image","twitter_misc":{"Est. reading time":"1 minute"},"schema":{"@context":"https:\/\/schema.org","@graph":[{"@type":"WebPage","@id":"https:\/\/beautybaltic.com\/?product=dnka-virsutines-priauginimo-formeles-square-120-vnt-2&lang=lt","url":"https:\/\/beautybaltic.com\/?product=dnka-virsutines-priauginimo-formeles-square-120-vnt-2&lang=lt","name":"Beauty Baltic &#183; DNKa\u2019 Vir\u0161utin\u0117s Priauginimo Formel\u0117s Long Square, 120 vnt","isPartOf":{"@id":"https:\/\/beautybaltic.com\/#website"},"primaryImageOfPage":{"@id":"https:\/\/beautybaltic.com\/?product=dnka-virsutines-priauginimo-formeles-square-120-vnt-2&lang=lt#primaryimage"},"image":{"@id":"https:\/\/beautybaltic.com\/?product=dnka-virsutines-priauginimo-formeles-square-120-vnt-2&lang=lt#primaryimage"},"thumbnailUrl":"https:\/\/beautybaltic.com\/wp-content\/uploads\/2025\/03\/dnka-long-square.jpg","datePublished":"2025-03-17T12:58:39+00:00","dateModified":"2026-02-05T07:26:33+00:00","breadcrumb":{"@id":"https:\/\/beautybaltic.com\/?product=dnka-virsutines-priauginimo-formeles-square-120-vnt-2&lang=lt#breadcrumb"},"inLanguage":"en-US","potentialAction":[{"@type":"ReadAction","target":["https:\/\/beautybaltic.com\/?product=dnka-virsutines-priauginimo-formeles-square-120-vnt-2&lang=lt"]}]},{"@type":"ImageObject","inLanguage":"en-US","@id":"https:\/\/beautybaltic.com\/?product=dnka-virsutines-priauginimo-formeles-square-120-vnt-2&lang=lt#primaryimage","url":"https:\/\/beautybaltic.com\/wp-content\/uploads\/2025\/03\/dnka-long-square.jpg","contentUrl":"https:\/\/beautybaltic.com\/wp-content\/uploads\/2025\/03\/dnka-long-square.jpg","width":1760,"height":1760},{"@type":"BreadcrumbList","@id":"https:\/\/beautybaltic.com\/?product=dnka-virsutines-priauginimo-formeles-square-120-vnt-2&lang=lt#breadcrumb","itemListElement":[{"@type":"ListItem","position":1,"name":"Home Page","item":"https:\/\/beautybaltic.com\/"},{"@type":"ListItem","position":2,"name":"All products","item":"https:\/\/beautybaltic.com\/?page_id=113"},{"@type":"ListItem","position":3,"name":"DNKa\u2019 Vir\u0161utin\u0117s Priauginimo Formel\u0117s Long Square, 120 vnt"}]},{"@type":"WebSite","@id":"https:\/\/beautybaltic.com\/#website","url":"https:\/\/beautybaltic.com\/","name":"Beauty Baltic","description":"","publisher":{"@id":"https:\/\/beautybaltic.com\/#organization"},"potentialAction":[{"@type":"SearchAction","target":{"@type":"EntryPoint","urlTemplate":"https:\/\/beautybaltic.com\/?s={search_term_string}"},"query-input":{"@type":"PropertyValueSpecification","valueRequired":true,"valueName":"search_term_string"}}],"inLanguage":"en-US"},{"@type":"Organization","@id":"https:\/\/beautybaltic.com\/#organization","name":"SIA \"Beauty Baltic\"","url":"https:\/\/beautybaltic.com\/","logo":{"@type":"ImageObject","inLanguage":"en-US","@id":"https:\/\/beautybaltic.com\/#\/schema\/logo\/image\/","url":"https:\/\/beautybaltic.com\/wp-content\/uploads\/2020\/04\/logo-4.png","contentUrl":"https:\/\/beautybaltic.com\/wp-content\/uploads\/2020\/04\/logo-4.png","width":704,"height":206,"caption":"SIA \"Beauty Baltic\""},"image":{"@id":"https:\/\/beautybaltic.com\/#\/schema\/logo\/image\/"},"sameAs":["https:\/\/www.facebook.com\/siabeautybaltic\/?eid=ARDs6xwwnnHaxWoXNQhS1sgYf1tbsdYaa9nRKgzW46Bm5i4PkSKw97xrztQlMJEv9gOVxTp-o3Sq_Uwq","https:\/\/www.instagram.com\/beauty_baltic\/"]}]}},"_links":{"self":[{"href":"https:\/\/beautybaltic.com\/index.php?rest_route=\/wp\/v2\/product\/19274","targetHints":{"allow":["GET"]}}],"collection":[{"href":"https:\/\/beautybaltic.com\/index.php?rest_route=\/wp\/v2\/product"}],"about":[{"href":"https:\/\/beautybaltic.com\/index.php?rest_route=\/wp\/v2\/types\/product"}],"replies":[{"embeddable":true,"href":"https:\/\/beautybaltic.com\/index.php?rest_route=%2Fwp%2Fv2%2Fcomments&post=19274"}],"wp:featuredmedia":[{"embeddable":true,"href":"https:\/\/beautybaltic.com\/index.php?rest_route=\/wp\/v2\/media\/19275"}],"wp:attachment":[{"href":"https:\/\/beautybaltic.com\/index.php?rest_route=%2Fwp%2Fv2%2Fmedia&parent=19274"}],"wp:term":[{"taxonomy":"product_brand","embeddable":true,"href":"https:\/\/beautybaltic.com\/index.php?rest_route=%2Fwp%2Fv2%2Fproduct_brand&post=19274"},{"taxonomy":"product_cat","embeddable":true,"href":"https:\/\/beautybaltic.com\/index.php?rest_route=%2Fwp%2Fv2%2Fproduct_cat&post=19274"},{"taxonomy":"product_tag","embeddable":true,"href":"https:\/\/beautybaltic.com\/index.php?rest_route=%2Fwp%2Fv2%2Fproduct_tag&post=19274"}],"curies":[{"name":"wp","href":"https:\/\/api.w.org\/{rel}","templated":true}]}}