{"id":19225,"date":"2025-03-17T14:39:53","date_gmt":"2025-03-17T11:39:53","guid":{"rendered":"https:\/\/beautybaltic.com\/?post_type=product&#038;p=19225"},"modified":"2026-01-21T21:48:25","modified_gmt":"2026-01-21T18:48:25","slug":"dnka-augsas-formas-pieaudzesanai-ballerina-120-gb","status":"publish","type":"product","link":"https:\/\/beautybaltic.com\/?product=dnka-augsas-formas-pieaudzesanai-ballerina-120-gb&lang=lv","title":{"rendered":"DNKa&#8217; Aug\u0161as Formas Pieaudz\u0113\u0161anai Ballerina, 120 gb"},"content":{"rendered":"<p>Aug\u0161\u0113j\u0101s atk\u0101rtoti lietojam\u0101s formas nagu model\u0113\u0161anai ir praktisks un \u0101trs veids, k\u0101 ietaup\u012bt laiku, str\u0101d\u0101jot, jo \u013cauj izvair\u012bties no nagu apv\u012bl\u0113\u0161anas, atk\u0101rtotas pieaudz\u0113\u0161anas un profilakses laik\u0101. T\u0101m ir univers\u0101la forma, kas ir piem\u0113rota da\u017e\u0101du formu nagu pieaudz\u0113\u0161anai. Pateicoties cietajai, bet elast\u012bgajai plastmasai, DNKa&#8217; Professional Top Nail Forms ir viegli no\u0146emamas p\u0113c polimeriz\u0101cijas. Ide\u0101li piem\u0113rotas lieto\u0161anai ar DNKa&#8217; Acryl Gel, DNKa&#8217; Builder Gel un DNKa&#8217; Jelly Gel. \u013boti viegli un \u0113rti lietojamas pat ies\u0101c\u0113jiem. Komplekt\u0101 ir 120 gabali, taj\u0101 skait\u0101 12 izm\u0113ri pa 10 gab., kas \u013cauj \u0113rti izv\u0113l\u0113ties nepiecie\u0161amo formu jebkura veida nagu pl\u0101ksnei.<\/p>\n","protected":false},"excerpt":{"rendered":"<p>Aug\u0161\u0113j\u0101s atk\u0101rtoti lietojam\u0101s formas nagu model\u0113\u0161anai ir praktisks un \u0101trs veids, k\u0101 ietaup\u012bt laiku, str\u0101d\u0101jot, jo \u013cauj izvair\u012bties no nagu apv\u012bl\u0113\u0161anas, atk\u0101rtotas pieaudz\u0113\u0161anas un profilakses laik\u0101. T\u0101m ir univers\u0101la forma, kas ir piem\u0113rota da\u017e\u0101du formu nagu pieaudz\u0113\u0161anai. Pateicoties cietajai, bet elast\u012bgajai plastmasai, DNKa&#8217; Professional Top Nail Forms ir viegli no\u0146emamas p\u0113c polimeriz\u0101cijas. Ide\u0101li piem\u0113rotas lieto\u0161anai &hellip; <\/p>\n","protected":false},"featured_media":19226,"comment_status":"open","ping_status":"closed","template":"","meta":[],"product_brand":[2853],"product_cat":[2335],"product_tag":[],"class_list":{"0":"post-19225","1":"product","2":"type-product","3":"status-publish","4":"has-post-thumbnail","6":"product_brand-dnka","7":"product_cat-augsejas-apaksejas-formas","9":"first","10":"instock","11":"taxable","12":"shipping-taxable","13":"purchasable","14":"product-type-simple"},"yoast_head":"<!-- This site is optimized with the Yoast SEO Premium plugin v23.0 (Yoast SEO v26.9) - https:\/\/yoast.com\/product\/yoast-seo-premium-wordpress\/ -->\n<title>Beauty Baltic &#183; DNKa&#039; Aug\u0161as Formas Pieaudz\u0113\u0161anai Ballerina, 120 gb<\/title>\n<meta name=\"robots\" content=\"index, follow, max-snippet:-1, max-image-preview:large, max-video-preview:-1\" \/>\n<link rel=\"canonical\" href=\"https:\/\/beautybaltic.com\/?product=dnka-augsas-formas-pieaudzesanai-ballerina-120-gb&lang=lv\" \/>\n<meta property=\"og:locale\" content=\"en_US\" \/>\n<meta property=\"og:type\" content=\"article\" \/>\n<meta property=\"og:title\" content=\"DNKa&#039; Aug\u0161as Formas Pieaudz\u0113\u0161anai Ballerina, 120 gb\" \/>\n<meta property=\"og:description\" content=\"Aug\u0161\u0113j\u0101s atk\u0101rtoti lietojam\u0101s formas nagu model\u0113\u0161anai ir praktisks un \u0101trs veids, k\u0101 ietaup\u012bt laiku, str\u0101d\u0101jot, jo \u013cauj izvair\u012bties no nagu apv\u012bl\u0113\u0161anas, atk\u0101rtotas pieaudz\u0113\u0161anas un profilakses laik\u0101. T\u0101m ir univers\u0101la forma, kas ir piem\u0113rota da\u017e\u0101du formu nagu pieaudz\u0113\u0161anai. Pateicoties cietajai, bet elast\u012bgajai plastmasai, DNKa&#8217; Professional Top Nail Forms ir viegli no\u0146emamas p\u0113c polimeriz\u0101cijas. Ide\u0101li piem\u0113rotas lieto\u0161anai &hellip;\" \/>\n<meta property=\"og:url\" content=\"https:\/\/beautybaltic.com\/?product=dnka-augsas-formas-pieaudzesanai-ballerina-120-gb&amp;lang=lv\" \/>\n<meta property=\"og:site_name\" content=\"Beauty Baltic\" \/>\n<meta property=\"article:publisher\" content=\"https:\/\/www.facebook.com\/siabeautybaltic\/?eid=ARDs6xwwnnHaxWoXNQhS1sgYf1tbsdYaa9nRKgzW46Bm5i4PkSKw97xrztQlMJEv9gOVxTp-o3Sq_Uwq\" \/>\n<meta property=\"article:modified_time\" content=\"2026-01-21T18:48:25+00:00\" \/>\n<meta property=\"og:image\" content=\"https:\/\/beautybaltic.com\/wp-content\/uploads\/2025\/03\/Ballerina.jpg\" \/>\n\t<meta property=\"og:image:width\" content=\"880\" \/>\n\t<meta property=\"og:image:height\" content=\"880\" \/>\n\t<meta property=\"og:image:type\" content=\"image\/jpeg\" \/>\n<meta name=\"twitter:card\" content=\"summary_large_image\" \/>\n<meta name=\"twitter:label1\" content=\"Est. reading time\" \/>\n\t<meta name=\"twitter:data1\" content=\"1 minute\" \/>\n<script type=\"application\/ld+json\" class=\"yoast-schema-graph\">{\"@context\":\"https:\/\/schema.org\",\"@graph\":[{\"@type\":\"WebPage\",\"@id\":\"https:\/\/beautybaltic.com\/?product=dnka-augsas-formas-pieaudzesanai-ballerina-120-gb&lang=lv\",\"url\":\"https:\/\/beautybaltic.com\/?product=dnka-augsas-formas-pieaudzesanai-ballerina-120-gb&lang=lv\",\"name\":\"Beauty Baltic &#183; DNKa' Aug\u0161as Formas Pieaudz\u0113\u0161anai Ballerina, 120 gb\",\"isPartOf\":{\"@id\":\"https:\/\/beautybaltic.com\/#website\"},\"primaryImageOfPage\":{\"@id\":\"https:\/\/beautybaltic.com\/?product=dnka-augsas-formas-pieaudzesanai-ballerina-120-gb&lang=lv#primaryimage\"},\"image\":{\"@id\":\"https:\/\/beautybaltic.com\/?product=dnka-augsas-formas-pieaudzesanai-ballerina-120-gb&lang=lv#primaryimage\"},\"thumbnailUrl\":\"https:\/\/beautybaltic.com\/wp-content\/uploads\/2025\/03\/Ballerina.jpg\",\"datePublished\":\"2025-03-17T11:39:53+00:00\",\"dateModified\":\"2026-01-21T18:48:25+00:00\",\"breadcrumb\":{\"@id\":\"https:\/\/beautybaltic.com\/?product=dnka-augsas-formas-pieaudzesanai-ballerina-120-gb&lang=lv#breadcrumb\"},\"inLanguage\":\"en-US\",\"potentialAction\":[{\"@type\":\"ReadAction\",\"target\":[\"https:\/\/beautybaltic.com\/?product=dnka-augsas-formas-pieaudzesanai-ballerina-120-gb&lang=lv\"]}]},{\"@type\":\"ImageObject\",\"inLanguage\":\"en-US\",\"@id\":\"https:\/\/beautybaltic.com\/?product=dnka-augsas-formas-pieaudzesanai-ballerina-120-gb&lang=lv#primaryimage\",\"url\":\"https:\/\/beautybaltic.com\/wp-content\/uploads\/2025\/03\/Ballerina.jpg\",\"contentUrl\":\"https:\/\/beautybaltic.com\/wp-content\/uploads\/2025\/03\/Ballerina.jpg\",\"width\":880,\"height\":880},{\"@type\":\"BreadcrumbList\",\"@id\":\"https:\/\/beautybaltic.com\/?product=dnka-augsas-formas-pieaudzesanai-ballerina-120-gb&lang=lv#breadcrumb\",\"itemListElement\":[{\"@type\":\"ListItem\",\"position\":1,\"name\":\"Home Page\",\"item\":\"https:\/\/beautybaltic.com\/\"},{\"@type\":\"ListItem\",\"position\":2,\"name\":\"All products\",\"item\":\"https:\/\/beautybaltic.com\/?page_id=113\"},{\"@type\":\"ListItem\",\"position\":3,\"name\":\"DNKa&#8217; Aug\u0161as Formas Pieaudz\u0113\u0161anai Ballerina, 120 gb\"}]},{\"@type\":\"WebSite\",\"@id\":\"https:\/\/beautybaltic.com\/#website\",\"url\":\"https:\/\/beautybaltic.com\/\",\"name\":\"Beauty Baltic\",\"description\":\"\",\"publisher\":{\"@id\":\"https:\/\/beautybaltic.com\/#organization\"},\"potentialAction\":[{\"@type\":\"SearchAction\",\"target\":{\"@type\":\"EntryPoint\",\"urlTemplate\":\"https:\/\/beautybaltic.com\/?s={search_term_string}\"},\"query-input\":{\"@type\":\"PropertyValueSpecification\",\"valueRequired\":true,\"valueName\":\"search_term_string\"}}],\"inLanguage\":\"en-US\"},{\"@type\":\"Organization\",\"@id\":\"https:\/\/beautybaltic.com\/#organization\",\"name\":\"SIA \\\"Beauty Baltic\\\"\",\"url\":\"https:\/\/beautybaltic.com\/\",\"logo\":{\"@type\":\"ImageObject\",\"inLanguage\":\"en-US\",\"@id\":\"https:\/\/beautybaltic.com\/#\/schema\/logo\/image\/\",\"url\":\"https:\/\/beautybaltic.com\/wp-content\/uploads\/2020\/04\/logo-4.png\",\"contentUrl\":\"https:\/\/beautybaltic.com\/wp-content\/uploads\/2020\/04\/logo-4.png\",\"width\":704,\"height\":206,\"caption\":\"SIA \\\"Beauty Baltic\\\"\"},\"image\":{\"@id\":\"https:\/\/beautybaltic.com\/#\/schema\/logo\/image\/\"},\"sameAs\":[\"https:\/\/www.facebook.com\/siabeautybaltic\/?eid=ARDs6xwwnnHaxWoXNQhS1sgYf1tbsdYaa9nRKgzW46Bm5i4PkSKw97xrztQlMJEv9gOVxTp-o3Sq_Uwq\",\"https:\/\/www.instagram.com\/beauty_baltic\/\"]}]}<\/script>\n<!-- \/ Yoast SEO Premium plugin. -->","yoast_head_json":{"title":"Beauty Baltic &#183; DNKa' Aug\u0161as Formas Pieaudz\u0113\u0161anai Ballerina, 120 gb","robots":{"index":"index","follow":"follow","max-snippet":"max-snippet:-1","max-image-preview":"max-image-preview:large","max-video-preview":"max-video-preview:-1"},"canonical":"https:\/\/beautybaltic.com\/?product=dnka-augsas-formas-pieaudzesanai-ballerina-120-gb&lang=lv","og_locale":"en_US","og_type":"article","og_title":"DNKa' Aug\u0161as Formas Pieaudz\u0113\u0161anai Ballerina, 120 gb","og_description":"Aug\u0161\u0113j\u0101s atk\u0101rtoti lietojam\u0101s formas nagu model\u0113\u0161anai ir praktisks un \u0101trs veids, k\u0101 ietaup\u012bt laiku, str\u0101d\u0101jot, jo \u013cauj izvair\u012bties no nagu apv\u012bl\u0113\u0161anas, atk\u0101rtotas pieaudz\u0113\u0161anas un profilakses laik\u0101. T\u0101m ir univers\u0101la forma, kas ir piem\u0113rota da\u017e\u0101du formu nagu pieaudz\u0113\u0161anai. Pateicoties cietajai, bet elast\u012bgajai plastmasai, DNKa&#8217; Professional Top Nail Forms ir viegli no\u0146emamas p\u0113c polimeriz\u0101cijas. Ide\u0101li piem\u0113rotas lieto\u0161anai &hellip;","og_url":"https:\/\/beautybaltic.com\/?product=dnka-augsas-formas-pieaudzesanai-ballerina-120-gb&lang=lv","og_site_name":"Beauty Baltic","article_publisher":"https:\/\/www.facebook.com\/siabeautybaltic\/?eid=ARDs6xwwnnHaxWoXNQhS1sgYf1tbsdYaa9nRKgzW46Bm5i4PkSKw97xrztQlMJEv9gOVxTp-o3Sq_Uwq","article_modified_time":"2026-01-21T18:48:25+00:00","og_image":[{"width":880,"height":880,"url":"https:\/\/beautybaltic.com\/wp-content\/uploads\/2025\/03\/Ballerina.jpg","type":"image\/jpeg"}],"twitter_card":"summary_large_image","twitter_misc":{"Est. reading time":"1 minute"},"schema":{"@context":"https:\/\/schema.org","@graph":[{"@type":"WebPage","@id":"https:\/\/beautybaltic.com\/?product=dnka-augsas-formas-pieaudzesanai-ballerina-120-gb&lang=lv","url":"https:\/\/beautybaltic.com\/?product=dnka-augsas-formas-pieaudzesanai-ballerina-120-gb&lang=lv","name":"Beauty Baltic &#183; DNKa' Aug\u0161as Formas Pieaudz\u0113\u0161anai Ballerina, 120 gb","isPartOf":{"@id":"https:\/\/beautybaltic.com\/#website"},"primaryImageOfPage":{"@id":"https:\/\/beautybaltic.com\/?product=dnka-augsas-formas-pieaudzesanai-ballerina-120-gb&lang=lv#primaryimage"},"image":{"@id":"https:\/\/beautybaltic.com\/?product=dnka-augsas-formas-pieaudzesanai-ballerina-120-gb&lang=lv#primaryimage"},"thumbnailUrl":"https:\/\/beautybaltic.com\/wp-content\/uploads\/2025\/03\/Ballerina.jpg","datePublished":"2025-03-17T11:39:53+00:00","dateModified":"2026-01-21T18:48:25+00:00","breadcrumb":{"@id":"https:\/\/beautybaltic.com\/?product=dnka-augsas-formas-pieaudzesanai-ballerina-120-gb&lang=lv#breadcrumb"},"inLanguage":"en-US","potentialAction":[{"@type":"ReadAction","target":["https:\/\/beautybaltic.com\/?product=dnka-augsas-formas-pieaudzesanai-ballerina-120-gb&lang=lv"]}]},{"@type":"ImageObject","inLanguage":"en-US","@id":"https:\/\/beautybaltic.com\/?product=dnka-augsas-formas-pieaudzesanai-ballerina-120-gb&lang=lv#primaryimage","url":"https:\/\/beautybaltic.com\/wp-content\/uploads\/2025\/03\/Ballerina.jpg","contentUrl":"https:\/\/beautybaltic.com\/wp-content\/uploads\/2025\/03\/Ballerina.jpg","width":880,"height":880},{"@type":"BreadcrumbList","@id":"https:\/\/beautybaltic.com\/?product=dnka-augsas-formas-pieaudzesanai-ballerina-120-gb&lang=lv#breadcrumb","itemListElement":[{"@type":"ListItem","position":1,"name":"Home Page","item":"https:\/\/beautybaltic.com\/"},{"@type":"ListItem","position":2,"name":"All products","item":"https:\/\/beautybaltic.com\/?page_id=113"},{"@type":"ListItem","position":3,"name":"DNKa&#8217; Aug\u0161as Formas Pieaudz\u0113\u0161anai Ballerina, 120 gb"}]},{"@type":"WebSite","@id":"https:\/\/beautybaltic.com\/#website","url":"https:\/\/beautybaltic.com\/","name":"Beauty Baltic","description":"","publisher":{"@id":"https:\/\/beautybaltic.com\/#organization"},"potentialAction":[{"@type":"SearchAction","target":{"@type":"EntryPoint","urlTemplate":"https:\/\/beautybaltic.com\/?s={search_term_string}"},"query-input":{"@type":"PropertyValueSpecification","valueRequired":true,"valueName":"search_term_string"}}],"inLanguage":"en-US"},{"@type":"Organization","@id":"https:\/\/beautybaltic.com\/#organization","name":"SIA \"Beauty Baltic\"","url":"https:\/\/beautybaltic.com\/","logo":{"@type":"ImageObject","inLanguage":"en-US","@id":"https:\/\/beautybaltic.com\/#\/schema\/logo\/image\/","url":"https:\/\/beautybaltic.com\/wp-content\/uploads\/2020\/04\/logo-4.png","contentUrl":"https:\/\/beautybaltic.com\/wp-content\/uploads\/2020\/04\/logo-4.png","width":704,"height":206,"caption":"SIA \"Beauty Baltic\""},"image":{"@id":"https:\/\/beautybaltic.com\/#\/schema\/logo\/image\/"},"sameAs":["https:\/\/www.facebook.com\/siabeautybaltic\/?eid=ARDs6xwwnnHaxWoXNQhS1sgYf1tbsdYaa9nRKgzW46Bm5i4PkSKw97xrztQlMJEv9gOVxTp-o3Sq_Uwq","https:\/\/www.instagram.com\/beauty_baltic\/"]}]}},"_links":{"self":[{"href":"https:\/\/beautybaltic.com\/index.php?rest_route=\/wp\/v2\/product\/19225","targetHints":{"allow":["GET"]}}],"collection":[{"href":"https:\/\/beautybaltic.com\/index.php?rest_route=\/wp\/v2\/product"}],"about":[{"href":"https:\/\/beautybaltic.com\/index.php?rest_route=\/wp\/v2\/types\/product"}],"replies":[{"embeddable":true,"href":"https:\/\/beautybaltic.com\/index.php?rest_route=%2Fwp%2Fv2%2Fcomments&post=19225"}],"wp:featuredmedia":[{"embeddable":true,"href":"https:\/\/beautybaltic.com\/index.php?rest_route=\/wp\/v2\/media\/19226"}],"wp:attachment":[{"href":"https:\/\/beautybaltic.com\/index.php?rest_route=%2Fwp%2Fv2%2Fmedia&parent=19225"}],"wp:term":[{"taxonomy":"product_brand","embeddable":true,"href":"https:\/\/beautybaltic.com\/index.php?rest_route=%2Fwp%2Fv2%2Fproduct_brand&post=19225"},{"taxonomy":"product_cat","embeddable":true,"href":"https:\/\/beautybaltic.com\/index.php?rest_route=%2Fwp%2Fv2%2Fproduct_cat&post=19225"},{"taxonomy":"product_tag","embeddable":true,"href":"https:\/\/beautybaltic.com\/index.php?rest_route=%2Fwp%2Fv2%2Fproduct_tag&post=19225"}],"curies":[{"name":"wp","href":"https:\/\/api.w.org\/{rel}","templated":true}]}}