{"id":19181,"date":"2025-03-14T00:54:49","date_gmt":"2025-03-13T21:54:49","guid":{"rendered":"https:\/\/beautybaltic.com\/?post_type=product&#038;p=19181"},"modified":"2026-02-05T10:30:36","modified_gmt":"2026-02-05T07:30:36","slug":"dnka-popierine-nagams-priauginimo-formeles-500-vnt","status":"publish","type":"product","link":"https:\/\/beautybaltic.com\/?product=dnka-popierine-nagams-priauginimo-formeles-500-vnt&lang=lt","title":{"rendered":"DNKa` popierin\u0117 nagams priauginimo formel\u0117s, 500 vnt"},"content":{"rendered":"<p>DNKa Professional Builder Nail Forms &#8211; nag\u0173 priauginimo formel\u0117s i\u0161 kieto popieriaus. Skirtas nag\u0173 priauginimui naudojant gel\u012f, akril\u0105, \u017eel\u0117 gel\u012f. Puikiai pritaikyta \u012fvairaus lygio ir patirties nag\u0173 technik\u0173 poreikiams. Jie palengvina modeliavimo proces\u0105 ir daro j\u012f patogesn\u012f.<\/p>\n<p>\u0160ios formel\u0117s turi kokybi\u0161k\u0105 lipn\u0173 sluoksn\u012f, tod\u0117l j\u0173 fiksacija nesukelia problem\u0173, o naudojimo metu jos neskilin\u0117ja, nenuken\u010dia dirbtinio nago architekt\u016bra. \u012erengtas \u017eym\u0117jimas, kad b\u016bt\u0173 lengviau orientuotis. Jie leid\u017eia \u012fgyvendinti bet kokias id\u0117jas ir padaryti profesionalius \u012fvairaus ilgio ir form\u0173 priedus.<\/p>\n","protected":false},"excerpt":{"rendered":"<p>DNKa Professional Builder Nail Forms &#8211; nag\u0173 priauginimo formel\u0117s i\u0161 kieto popieriaus. Skirtas nag\u0173 priauginimui naudojant gel\u012f, akril\u0105, \u017eel\u0117 gel\u012f. Puikiai pritaikyta \u012fvairaus lygio ir patirties nag\u0173 technik\u0173 poreikiams. Jie palengvina modeliavimo proces\u0105 ir daro j\u012f patogesn\u012f. \u0160ios formel\u0117s turi kokybi\u0161k\u0105 lipn\u0173 sluoksn\u012f, tod\u0117l j\u0173 fiksacija nesukelia problem\u0173, o naudojimo metu jos neskilin\u0117ja, nenuken\u010dia dirbtinio &hellip; <\/p>\n","protected":false},"featured_media":19182,"comment_status":"open","ping_status":"closed","template":"","meta":[],"product_brand":[2853],"product_cat":[2337],"product_tag":[1946],"class_list":{"0":"post-19181","1":"product","2":"type-product","3":"status-publish","4":"has-post-thumbnail","6":"product_brand-dnka","7":"product_cat-virsutines-apatines-formos","8":"product_tag-akcijos","10":"first","11":"instock","12":"sale","13":"taxable","14":"shipping-taxable","15":"purchasable","16":"product-type-simple"},"yoast_head":"<!-- This site is optimized with the Yoast SEO Premium plugin v23.0 (Yoast SEO v26.9) - https:\/\/yoast.com\/product\/yoast-seo-premium-wordpress\/ -->\n<title>Beauty Baltic &#183; DNKa` popierin\u0117 nagams priauginimo formel\u0117s, 500 vnt<\/title>\n<meta name=\"robots\" content=\"index, follow, max-snippet:-1, max-image-preview:large, max-video-preview:-1\" \/>\n<link rel=\"canonical\" href=\"https:\/\/beautybaltic.com\/?product=dnka-popierine-nagams-priauginimo-formeles-500-vnt&lang=lt\" \/>\n<meta property=\"og:locale\" content=\"en_US\" \/>\n<meta property=\"og:type\" content=\"article\" \/>\n<meta property=\"og:title\" content=\"DNKa` popierin\u0117 nagams priauginimo formel\u0117s, 500 vnt\" \/>\n<meta property=\"og:description\" content=\"DNKa Professional Builder Nail Forms &#8211; nag\u0173 priauginimo formel\u0117s i\u0161 kieto popieriaus. Skirtas nag\u0173 priauginimui naudojant gel\u012f, akril\u0105, \u017eel\u0117 gel\u012f. Puikiai pritaikyta \u012fvairaus lygio ir patirties nag\u0173 technik\u0173 poreikiams. Jie palengvina modeliavimo proces\u0105 ir daro j\u012f patogesn\u012f. \u0160ios formel\u0117s turi kokybi\u0161k\u0105 lipn\u0173 sluoksn\u012f, tod\u0117l j\u0173 fiksacija nesukelia problem\u0173, o naudojimo metu jos neskilin\u0117ja, nenuken\u010dia dirbtinio &hellip;\" \/>\n<meta property=\"og:url\" content=\"https:\/\/beautybaltic.com\/?product=dnka-popierine-nagams-priauginimo-formeles-500-vnt&amp;lang=lt\" \/>\n<meta property=\"og:site_name\" content=\"Beauty Baltic\" \/>\n<meta property=\"article:publisher\" content=\"https:\/\/www.facebook.com\/siabeautybaltic\/?eid=ARDs6xwwnnHaxWoXNQhS1sgYf1tbsdYaa9nRKgzW46Bm5i4PkSKw97xrztQlMJEv9gOVxTp-o3Sq_Uwq\" \/>\n<meta property=\"article:modified_time\" content=\"2026-02-05T07:30:36+00:00\" \/>\n<meta property=\"og:image\" content=\"https:\/\/beautybaltic.com\/wp-content\/uploads\/2025\/03\/Builder-nail-forms.jpg\" \/>\n\t<meta property=\"og:image:width\" content=\"880\" \/>\n\t<meta property=\"og:image:height\" content=\"880\" \/>\n\t<meta property=\"og:image:type\" content=\"image\/jpeg\" \/>\n<meta name=\"twitter:card\" content=\"summary_large_image\" \/>\n<meta name=\"twitter:label1\" content=\"Est. reading time\" \/>\n\t<meta name=\"twitter:data1\" content=\"1 minute\" \/>\n<script type=\"application\/ld+json\" class=\"yoast-schema-graph\">{\"@context\":\"https:\/\/schema.org\",\"@graph\":[{\"@type\":\"WebPage\",\"@id\":\"https:\/\/beautybaltic.com\/?product=dnka-popierine-nagams-priauginimo-formeles-500-vnt&lang=lt\",\"url\":\"https:\/\/beautybaltic.com\/?product=dnka-popierine-nagams-priauginimo-formeles-500-vnt&lang=lt\",\"name\":\"Beauty Baltic &#183; DNKa` popierin\u0117 nagams priauginimo formel\u0117s, 500 vnt\",\"isPartOf\":{\"@id\":\"https:\/\/beautybaltic.com\/#website\"},\"primaryImageOfPage\":{\"@id\":\"https:\/\/beautybaltic.com\/?product=dnka-popierine-nagams-priauginimo-formeles-500-vnt&lang=lt#primaryimage\"},\"image\":{\"@id\":\"https:\/\/beautybaltic.com\/?product=dnka-popierine-nagams-priauginimo-formeles-500-vnt&lang=lt#primaryimage\"},\"thumbnailUrl\":\"https:\/\/beautybaltic.com\/wp-content\/uploads\/2025\/03\/Builder-nail-forms.jpg\",\"datePublished\":\"2025-03-13T21:54:49+00:00\",\"dateModified\":\"2026-02-05T07:30:36+00:00\",\"breadcrumb\":{\"@id\":\"https:\/\/beautybaltic.com\/?product=dnka-popierine-nagams-priauginimo-formeles-500-vnt&lang=lt#breadcrumb\"},\"inLanguage\":\"en-US\",\"potentialAction\":[{\"@type\":\"ReadAction\",\"target\":[\"https:\/\/beautybaltic.com\/?product=dnka-popierine-nagams-priauginimo-formeles-500-vnt&lang=lt\"]}]},{\"@type\":\"ImageObject\",\"inLanguage\":\"en-US\",\"@id\":\"https:\/\/beautybaltic.com\/?product=dnka-popierine-nagams-priauginimo-formeles-500-vnt&lang=lt#primaryimage\",\"url\":\"https:\/\/beautybaltic.com\/wp-content\/uploads\/2025\/03\/Builder-nail-forms.jpg\",\"contentUrl\":\"https:\/\/beautybaltic.com\/wp-content\/uploads\/2025\/03\/Builder-nail-forms.jpg\",\"width\":880,\"height\":880},{\"@type\":\"BreadcrumbList\",\"@id\":\"https:\/\/beautybaltic.com\/?product=dnka-popierine-nagams-priauginimo-formeles-500-vnt&lang=lt#breadcrumb\",\"itemListElement\":[{\"@type\":\"ListItem\",\"position\":1,\"name\":\"Home Page\",\"item\":\"https:\/\/beautybaltic.com\/\"},{\"@type\":\"ListItem\",\"position\":2,\"name\":\"All products\",\"item\":\"https:\/\/beautybaltic.com\/?page_id=113\"},{\"@type\":\"ListItem\",\"position\":3,\"name\":\"DNKa` popierin\u0117 nagams priauginimo formel\u0117s, 500 vnt\"}]},{\"@type\":\"WebSite\",\"@id\":\"https:\/\/beautybaltic.com\/#website\",\"url\":\"https:\/\/beautybaltic.com\/\",\"name\":\"Beauty Baltic\",\"description\":\"\",\"publisher\":{\"@id\":\"https:\/\/beautybaltic.com\/#organization\"},\"potentialAction\":[{\"@type\":\"SearchAction\",\"target\":{\"@type\":\"EntryPoint\",\"urlTemplate\":\"https:\/\/beautybaltic.com\/?s={search_term_string}\"},\"query-input\":{\"@type\":\"PropertyValueSpecification\",\"valueRequired\":true,\"valueName\":\"search_term_string\"}}],\"inLanguage\":\"en-US\"},{\"@type\":\"Organization\",\"@id\":\"https:\/\/beautybaltic.com\/#organization\",\"name\":\"SIA \\\"Beauty Baltic\\\"\",\"url\":\"https:\/\/beautybaltic.com\/\",\"logo\":{\"@type\":\"ImageObject\",\"inLanguage\":\"en-US\",\"@id\":\"https:\/\/beautybaltic.com\/#\/schema\/logo\/image\/\",\"url\":\"https:\/\/beautybaltic.com\/wp-content\/uploads\/2020\/04\/logo-4.png\",\"contentUrl\":\"https:\/\/beautybaltic.com\/wp-content\/uploads\/2020\/04\/logo-4.png\",\"width\":704,\"height\":206,\"caption\":\"SIA \\\"Beauty Baltic\\\"\"},\"image\":{\"@id\":\"https:\/\/beautybaltic.com\/#\/schema\/logo\/image\/\"},\"sameAs\":[\"https:\/\/www.facebook.com\/siabeautybaltic\/?eid=ARDs6xwwnnHaxWoXNQhS1sgYf1tbsdYaa9nRKgzW46Bm5i4PkSKw97xrztQlMJEv9gOVxTp-o3Sq_Uwq\",\"https:\/\/www.instagram.com\/beauty_baltic\/\"]}]}<\/script>\n<!-- \/ Yoast SEO Premium plugin. -->","yoast_head_json":{"title":"Beauty Baltic &#183; DNKa` popierin\u0117 nagams priauginimo formel\u0117s, 500 vnt","robots":{"index":"index","follow":"follow","max-snippet":"max-snippet:-1","max-image-preview":"max-image-preview:large","max-video-preview":"max-video-preview:-1"},"canonical":"https:\/\/beautybaltic.com\/?product=dnka-popierine-nagams-priauginimo-formeles-500-vnt&lang=lt","og_locale":"en_US","og_type":"article","og_title":"DNKa` popierin\u0117 nagams priauginimo formel\u0117s, 500 vnt","og_description":"DNKa Professional Builder Nail Forms &#8211; nag\u0173 priauginimo formel\u0117s i\u0161 kieto popieriaus. Skirtas nag\u0173 priauginimui naudojant gel\u012f, akril\u0105, \u017eel\u0117 gel\u012f. Puikiai pritaikyta \u012fvairaus lygio ir patirties nag\u0173 technik\u0173 poreikiams. Jie palengvina modeliavimo proces\u0105 ir daro j\u012f patogesn\u012f. \u0160ios formel\u0117s turi kokybi\u0161k\u0105 lipn\u0173 sluoksn\u012f, tod\u0117l j\u0173 fiksacija nesukelia problem\u0173, o naudojimo metu jos neskilin\u0117ja, nenuken\u010dia dirbtinio &hellip;","og_url":"https:\/\/beautybaltic.com\/?product=dnka-popierine-nagams-priauginimo-formeles-500-vnt&lang=lt","og_site_name":"Beauty Baltic","article_publisher":"https:\/\/www.facebook.com\/siabeautybaltic\/?eid=ARDs6xwwnnHaxWoXNQhS1sgYf1tbsdYaa9nRKgzW46Bm5i4PkSKw97xrztQlMJEv9gOVxTp-o3Sq_Uwq","article_modified_time":"2026-02-05T07:30:36+00:00","og_image":[{"width":880,"height":880,"url":"https:\/\/beautybaltic.com\/wp-content\/uploads\/2025\/03\/Builder-nail-forms.jpg","type":"image\/jpeg"}],"twitter_card":"summary_large_image","twitter_misc":{"Est. reading time":"1 minute"},"schema":{"@context":"https:\/\/schema.org","@graph":[{"@type":"WebPage","@id":"https:\/\/beautybaltic.com\/?product=dnka-popierine-nagams-priauginimo-formeles-500-vnt&lang=lt","url":"https:\/\/beautybaltic.com\/?product=dnka-popierine-nagams-priauginimo-formeles-500-vnt&lang=lt","name":"Beauty Baltic &#183; DNKa` popierin\u0117 nagams priauginimo formel\u0117s, 500 vnt","isPartOf":{"@id":"https:\/\/beautybaltic.com\/#website"},"primaryImageOfPage":{"@id":"https:\/\/beautybaltic.com\/?product=dnka-popierine-nagams-priauginimo-formeles-500-vnt&lang=lt#primaryimage"},"image":{"@id":"https:\/\/beautybaltic.com\/?product=dnka-popierine-nagams-priauginimo-formeles-500-vnt&lang=lt#primaryimage"},"thumbnailUrl":"https:\/\/beautybaltic.com\/wp-content\/uploads\/2025\/03\/Builder-nail-forms.jpg","datePublished":"2025-03-13T21:54:49+00:00","dateModified":"2026-02-05T07:30:36+00:00","breadcrumb":{"@id":"https:\/\/beautybaltic.com\/?product=dnka-popierine-nagams-priauginimo-formeles-500-vnt&lang=lt#breadcrumb"},"inLanguage":"en-US","potentialAction":[{"@type":"ReadAction","target":["https:\/\/beautybaltic.com\/?product=dnka-popierine-nagams-priauginimo-formeles-500-vnt&lang=lt"]}]},{"@type":"ImageObject","inLanguage":"en-US","@id":"https:\/\/beautybaltic.com\/?product=dnka-popierine-nagams-priauginimo-formeles-500-vnt&lang=lt#primaryimage","url":"https:\/\/beautybaltic.com\/wp-content\/uploads\/2025\/03\/Builder-nail-forms.jpg","contentUrl":"https:\/\/beautybaltic.com\/wp-content\/uploads\/2025\/03\/Builder-nail-forms.jpg","width":880,"height":880},{"@type":"BreadcrumbList","@id":"https:\/\/beautybaltic.com\/?product=dnka-popierine-nagams-priauginimo-formeles-500-vnt&lang=lt#breadcrumb","itemListElement":[{"@type":"ListItem","position":1,"name":"Home Page","item":"https:\/\/beautybaltic.com\/"},{"@type":"ListItem","position":2,"name":"All products","item":"https:\/\/beautybaltic.com\/?page_id=113"},{"@type":"ListItem","position":3,"name":"DNKa` popierin\u0117 nagams priauginimo formel\u0117s, 500 vnt"}]},{"@type":"WebSite","@id":"https:\/\/beautybaltic.com\/#website","url":"https:\/\/beautybaltic.com\/","name":"Beauty Baltic","description":"","publisher":{"@id":"https:\/\/beautybaltic.com\/#organization"},"potentialAction":[{"@type":"SearchAction","target":{"@type":"EntryPoint","urlTemplate":"https:\/\/beautybaltic.com\/?s={search_term_string}"},"query-input":{"@type":"PropertyValueSpecification","valueRequired":true,"valueName":"search_term_string"}}],"inLanguage":"en-US"},{"@type":"Organization","@id":"https:\/\/beautybaltic.com\/#organization","name":"SIA \"Beauty Baltic\"","url":"https:\/\/beautybaltic.com\/","logo":{"@type":"ImageObject","inLanguage":"en-US","@id":"https:\/\/beautybaltic.com\/#\/schema\/logo\/image\/","url":"https:\/\/beautybaltic.com\/wp-content\/uploads\/2020\/04\/logo-4.png","contentUrl":"https:\/\/beautybaltic.com\/wp-content\/uploads\/2020\/04\/logo-4.png","width":704,"height":206,"caption":"SIA \"Beauty Baltic\""},"image":{"@id":"https:\/\/beautybaltic.com\/#\/schema\/logo\/image\/"},"sameAs":["https:\/\/www.facebook.com\/siabeautybaltic\/?eid=ARDs6xwwnnHaxWoXNQhS1sgYf1tbsdYaa9nRKgzW46Bm5i4PkSKw97xrztQlMJEv9gOVxTp-o3Sq_Uwq","https:\/\/www.instagram.com\/beauty_baltic\/"]}]}},"_links":{"self":[{"href":"https:\/\/beautybaltic.com\/index.php?rest_route=\/wp\/v2\/product\/19181","targetHints":{"allow":["GET"]}}],"collection":[{"href":"https:\/\/beautybaltic.com\/index.php?rest_route=\/wp\/v2\/product"}],"about":[{"href":"https:\/\/beautybaltic.com\/index.php?rest_route=\/wp\/v2\/types\/product"}],"replies":[{"embeddable":true,"href":"https:\/\/beautybaltic.com\/index.php?rest_route=%2Fwp%2Fv2%2Fcomments&post=19181"}],"wp:featuredmedia":[{"embeddable":true,"href":"https:\/\/beautybaltic.com\/index.php?rest_route=\/wp\/v2\/media\/19182"}],"wp:attachment":[{"href":"https:\/\/beautybaltic.com\/index.php?rest_route=%2Fwp%2Fv2%2Fmedia&parent=19181"}],"wp:term":[{"taxonomy":"product_brand","embeddable":true,"href":"https:\/\/beautybaltic.com\/index.php?rest_route=%2Fwp%2Fv2%2Fproduct_brand&post=19181"},{"taxonomy":"product_cat","embeddable":true,"href":"https:\/\/beautybaltic.com\/index.php?rest_route=%2Fwp%2Fv2%2Fproduct_cat&post=19181"},{"taxonomy":"product_tag","embeddable":true,"href":"https:\/\/beautybaltic.com\/index.php?rest_route=%2Fwp%2Fv2%2Fproduct_tag&post=19181"}],"curies":[{"name":"wp","href":"https:\/\/api.w.org\/{rel}","templated":true}]}}