{"id":19067,"date":"2025-03-13T00:25:12","date_gmt":"2025-03-12T21:25:12","guid":{"rendered":"https:\/\/beautybaltic.com\/?post_type=product&#038;p=19067"},"modified":"2026-02-05T10:37:01","modified_gmt":"2026-02-05T07:37:01","slug":"dnka-%d0%b0cryl-gel-0003-paradise-tube-3","status":"publish","type":"product","link":"https:\/\/beautybaltic.com\/?product=dnka-%D0%B0cryl-gel-0003-paradise-tube-3&lang=lt","title":{"rendered":"DNKa&#8217; \u0410cryl Gel #0003 Paradise (tube)"},"content":{"rendered":"<p>Akrilo gelis yra universali med\u017eiaga, kuri\u0105 galima lengvai modeliuoti ant \u0161ablon\u0173 ar form\u0173, suteikiant labai nat\u016brali\u0105 i\u0161vaizd\u0105 ir koreguojant nat\u016brali\u0173 nag\u0173 architekt\u016br\u0105. Naudodami \u0161\u012f produkt\u0105 galite lengvai sustiprinti ir pataisyti nagus, taip pat sutvarkyti pa\u017eeistus kra\u0161tus ar \u012ftr\u016bkimus. D\u0117l mink\u0161tos, savaime i\u0161silyginan\u010dios konsistencijos su \u0161ia med\u017eiaga lengva dirbti ir suma\u017e\u0117ja poreikis pernelyg daug pildyti. Ji lengvai tepama ant pavir\u0161iaus mink\u0161tu \u0161epet\u0117liu ir specialiu skys\u010diu, o kiet\u0117jimo metu nesukelia degimo. Po kiet\u0117jimo lieka lengvas klij\u0173 sluoksnis.<\/p>\n<p>Naudojimo technologija:<\/p>\n<p>1) Atlikite standartin\u012f nag\u0173 paruo\u0161im\u0105: pa\u0161alinkite ankstesn\u0119 dang\u0105, nu\u0161veiskite pavir\u0161i\u0173, suteikite nagams norim\u0105 form\u0105 ir atlikite maniki\u016br\u0105.<br \/>\n2) U\u017etepkite DNKa\u2019 Ultrabond, r\u016bg\u0161\u010di\u0173 neturint\u012f grunt\u0105, kad b\u016bt\u0173 u\u017etikrintas papildomas sukibimas.<br \/>\n3) U\u017etepkite DNKa\u2019 Rubber\/Fibre Base ant nag\u0173. Polimerizuokite UV lempoje 1 minut\u0119, LED lempoje \u2013 30 sekund\u017ei\u0173.<br \/>\n4) Naudodami mentel\u0119 arba apelsin\u0173 lazdel\u0119, u\u017etepkite reikiam\u0105 DNKa\u2019 Acryl Gel kiek\u012f ant nago.<br \/>\n5) \u0160epet\u0117liu, suvilgytu nuriebalinimo priemon\u0117je, i\u0161lyginamaisiais judesiais paskirstykite med\u017eiag\u0105 ant nago plok\u0161tel\u0117s, kol ji bus visi\u0161kai lygi. Jei reikia, ant teptuko esant\u012f skys\u010dio pertekli\u0173 nuvalykite nep\u016bkuota arba popierine servet\u0117le.<br \/>\n6) Polimerizuokite UV lempoje \u2013 2 minutes, LED lempoje \u2013 60 sekund\u017ei\u0173. Dispersijos sluoksn\u012f pa\u0161alinkite nuriebalinimo priemone.<br \/>\n7) Jei reikia, padarome fail\u0105. Tada nagas paruo\u0161tas DNKa\u2019 Cover Base \/ DNKa\u2019 Builder Gel \/ DNKa\u2019 Gel Polish arba DNKa\u2019 Top lakavimui.<br \/>\n8) B\u016btinai i\u0161piliuokite nago vid\u0173. Kad \u0161i danga puikiai d\u0117v\u0117t\u0173si, u\u017etenka net 1 mm.<\/p>\n","protected":false},"excerpt":{"rendered":"<p>Akrilo gelis yra universali med\u017eiaga, kuri\u0105 galima lengvai modeliuoti ant \u0161ablon\u0173 ar form\u0173, suteikiant labai nat\u016brali\u0105 i\u0161vaizd\u0105 ir koreguojant nat\u016brali\u0173 nag\u0173 architekt\u016br\u0105. Naudodami \u0161\u012f produkt\u0105 galite lengvai sustiprinti ir pataisyti nagus, taip pat sutvarkyti pa\u017eeistus kra\u0161tus ar \u012ftr\u016bkimus. D\u0117l mink\u0161tos, savaime i\u0161silyginan\u010dios konsistencijos su \u0161ia med\u017eiaga lengva dirbti ir suma\u017e\u0117ja poreikis pernelyg daug pildyti. Ji &hellip; <\/p>\n","protected":false},"featured_media":19068,"comment_status":"open","ping_status":"closed","template":"","meta":[],"product_brand":[2853],"product_cat":[2305],"product_tag":[],"class_list":{"0":"post-19067","1":"product","2":"type-product","3":"status-publish","4":"has-post-thumbnail","6":"product_brand-dnka","7":"product_cat-poligeliai","9":"first","10":"outofstock","11":"taxable","12":"shipping-taxable","13":"purchasable","14":"product-type-simple"},"yoast_head":"<!-- This site is optimized with the Yoast SEO Premium plugin v23.0 (Yoast SEO v26.9) - https:\/\/yoast.com\/product\/yoast-seo-premium-wordpress\/ -->\n<title>Beauty Baltic &#183; DNKa&#039; \u0410cryl Gel #0003 Paradise (tube)<\/title>\n<meta name=\"robots\" content=\"index, follow, max-snippet:-1, max-image-preview:large, max-video-preview:-1\" \/>\n<link rel=\"canonical\" href=\"https:\/\/beautybaltic.com\/?product=dnka-\u0430cryl-gel-0003-paradise-tube-3&lang=lt\" \/>\n<meta property=\"og:locale\" content=\"en_US\" \/>\n<meta property=\"og:type\" content=\"article\" \/>\n<meta property=\"og:title\" content=\"DNKa&#039; \u0410cryl Gel #0003 Paradise (tube)\" \/>\n<meta property=\"og:description\" content=\"Akrilo gelis yra universali med\u017eiaga, kuri\u0105 galima lengvai modeliuoti ant \u0161ablon\u0173 ar form\u0173, suteikiant labai nat\u016brali\u0105 i\u0161vaizd\u0105 ir koreguojant nat\u016brali\u0173 nag\u0173 architekt\u016br\u0105. Naudodami \u0161\u012f produkt\u0105 galite lengvai sustiprinti ir pataisyti nagus, taip pat sutvarkyti pa\u017eeistus kra\u0161tus ar \u012ftr\u016bkimus. D\u0117l mink\u0161tos, savaime i\u0161silyginan\u010dios konsistencijos su \u0161ia med\u017eiaga lengva dirbti ir suma\u017e\u0117ja poreikis pernelyg daug pildyti. Ji &hellip;\" \/>\n<meta property=\"og:url\" content=\"https:\/\/beautybaltic.com\/?product=dnka-\u0430cryl-gel-0003-paradise-tube-3&amp;lang=lt\" \/>\n<meta property=\"og:site_name\" content=\"Beauty Baltic\" \/>\n<meta property=\"article:publisher\" content=\"https:\/\/www.facebook.com\/siabeautybaltic\/?eid=ARDs6xwwnnHaxWoXNQhS1sgYf1tbsdYaa9nRKgzW46Bm5i4PkSKw97xrztQlMJEv9gOVxTp-o3Sq_Uwq\" \/>\n<meta property=\"article:modified_time\" content=\"2026-02-05T07:37:01+00:00\" \/>\n<meta property=\"og:image\" content=\"https:\/\/beautybaltic.com\/wp-content\/uploads\/2025\/03\/DNKa_acryl-gel_03.jpg\" \/>\n\t<meta property=\"og:image:width\" content=\"1000\" \/>\n\t<meta property=\"og:image:height\" content=\"1001\" \/>\n\t<meta property=\"og:image:type\" content=\"image\/jpeg\" \/>\n<meta name=\"twitter:card\" content=\"summary_large_image\" \/>\n<meta name=\"twitter:label1\" content=\"Est. reading time\" \/>\n\t<meta name=\"twitter:data1\" content=\"2 minutes\" \/>\n<script type=\"application\/ld+json\" class=\"yoast-schema-graph\">{\"@context\":\"https:\/\/schema.org\",\"@graph\":[{\"@type\":\"WebPage\",\"@id\":\"https:\/\/beautybaltic.com\/?product=dnka-%D0%B0cryl-gel-0003-paradise-tube-3&lang=lt\",\"url\":\"https:\/\/beautybaltic.com\/?product=dnka-%D0%B0cryl-gel-0003-paradise-tube-3&lang=lt\",\"name\":\"Beauty Baltic &#183; DNKa' \u0410cryl Gel #0003 Paradise (tube)\",\"isPartOf\":{\"@id\":\"https:\/\/beautybaltic.com\/#website\"},\"primaryImageOfPage\":{\"@id\":\"https:\/\/beautybaltic.com\/?product=dnka-%D0%B0cryl-gel-0003-paradise-tube-3&lang=lt#primaryimage\"},\"image\":{\"@id\":\"https:\/\/beautybaltic.com\/?product=dnka-%D0%B0cryl-gel-0003-paradise-tube-3&lang=lt#primaryimage\"},\"thumbnailUrl\":\"https:\/\/beautybaltic.com\/wp-content\/uploads\/2025\/03\/DNKa_acryl-gel_03.jpg\",\"datePublished\":\"2025-03-12T21:25:12+00:00\",\"dateModified\":\"2026-02-05T07:37:01+00:00\",\"breadcrumb\":{\"@id\":\"https:\/\/beautybaltic.com\/?product=dnka-%D0%B0cryl-gel-0003-paradise-tube-3&lang=lt#breadcrumb\"},\"inLanguage\":\"en-US\",\"potentialAction\":[{\"@type\":\"ReadAction\",\"target\":[\"https:\/\/beautybaltic.com\/?product=dnka-%D0%B0cryl-gel-0003-paradise-tube-3&lang=lt\"]}]},{\"@type\":\"ImageObject\",\"inLanguage\":\"en-US\",\"@id\":\"https:\/\/beautybaltic.com\/?product=dnka-%D0%B0cryl-gel-0003-paradise-tube-3&lang=lt#primaryimage\",\"url\":\"https:\/\/beautybaltic.com\/wp-content\/uploads\/2025\/03\/DNKa_acryl-gel_03.jpg\",\"contentUrl\":\"https:\/\/beautybaltic.com\/wp-content\/uploads\/2025\/03\/DNKa_acryl-gel_03.jpg\",\"width\":1000,\"height\":1001},{\"@type\":\"BreadcrumbList\",\"@id\":\"https:\/\/beautybaltic.com\/?product=dnka-%D0%B0cryl-gel-0003-paradise-tube-3&lang=lt#breadcrumb\",\"itemListElement\":[{\"@type\":\"ListItem\",\"position\":1,\"name\":\"Home Page\",\"item\":\"https:\/\/beautybaltic.com\/\"},{\"@type\":\"ListItem\",\"position\":2,\"name\":\"All products\",\"item\":\"https:\/\/beautybaltic.com\/?page_id=113\"},{\"@type\":\"ListItem\",\"position\":3,\"name\":\"DNKa&#8217; \u0410cryl Gel #0003 Paradise (tube)\"}]},{\"@type\":\"WebSite\",\"@id\":\"https:\/\/beautybaltic.com\/#website\",\"url\":\"https:\/\/beautybaltic.com\/\",\"name\":\"Beauty Baltic\",\"description\":\"\",\"publisher\":{\"@id\":\"https:\/\/beautybaltic.com\/#organization\"},\"potentialAction\":[{\"@type\":\"SearchAction\",\"target\":{\"@type\":\"EntryPoint\",\"urlTemplate\":\"https:\/\/beautybaltic.com\/?s={search_term_string}\"},\"query-input\":{\"@type\":\"PropertyValueSpecification\",\"valueRequired\":true,\"valueName\":\"search_term_string\"}}],\"inLanguage\":\"en-US\"},{\"@type\":\"Organization\",\"@id\":\"https:\/\/beautybaltic.com\/#organization\",\"name\":\"SIA \\\"Beauty Baltic\\\"\",\"url\":\"https:\/\/beautybaltic.com\/\",\"logo\":{\"@type\":\"ImageObject\",\"inLanguage\":\"en-US\",\"@id\":\"https:\/\/beautybaltic.com\/#\/schema\/logo\/image\/\",\"url\":\"https:\/\/beautybaltic.com\/wp-content\/uploads\/2020\/04\/logo-4.png\",\"contentUrl\":\"https:\/\/beautybaltic.com\/wp-content\/uploads\/2020\/04\/logo-4.png\",\"width\":704,\"height\":206,\"caption\":\"SIA \\\"Beauty Baltic\\\"\"},\"image\":{\"@id\":\"https:\/\/beautybaltic.com\/#\/schema\/logo\/image\/\"},\"sameAs\":[\"https:\/\/www.facebook.com\/siabeautybaltic\/?eid=ARDs6xwwnnHaxWoXNQhS1sgYf1tbsdYaa9nRKgzW46Bm5i4PkSKw97xrztQlMJEv9gOVxTp-o3Sq_Uwq\",\"https:\/\/www.instagram.com\/beauty_baltic\/\"]}]}<\/script>\n<!-- \/ Yoast SEO Premium plugin. -->","yoast_head_json":{"title":"Beauty Baltic &#183; DNKa' \u0410cryl Gel #0003 Paradise (tube)","robots":{"index":"index","follow":"follow","max-snippet":"max-snippet:-1","max-image-preview":"max-image-preview:large","max-video-preview":"max-video-preview:-1"},"canonical":"https:\/\/beautybaltic.com\/?product=dnka-\u0430cryl-gel-0003-paradise-tube-3&lang=lt","og_locale":"en_US","og_type":"article","og_title":"DNKa' \u0410cryl Gel #0003 Paradise (tube)","og_description":"Akrilo gelis yra universali med\u017eiaga, kuri\u0105 galima lengvai modeliuoti ant \u0161ablon\u0173 ar form\u0173, suteikiant labai nat\u016brali\u0105 i\u0161vaizd\u0105 ir koreguojant nat\u016brali\u0173 nag\u0173 architekt\u016br\u0105. Naudodami \u0161\u012f produkt\u0105 galite lengvai sustiprinti ir pataisyti nagus, taip pat sutvarkyti pa\u017eeistus kra\u0161tus ar \u012ftr\u016bkimus. D\u0117l mink\u0161tos, savaime i\u0161silyginan\u010dios konsistencijos su \u0161ia med\u017eiaga lengva dirbti ir suma\u017e\u0117ja poreikis pernelyg daug pildyti. Ji &hellip;","og_url":"https:\/\/beautybaltic.com\/?product=dnka-\u0430cryl-gel-0003-paradise-tube-3&lang=lt","og_site_name":"Beauty Baltic","article_publisher":"https:\/\/www.facebook.com\/siabeautybaltic\/?eid=ARDs6xwwnnHaxWoXNQhS1sgYf1tbsdYaa9nRKgzW46Bm5i4PkSKw97xrztQlMJEv9gOVxTp-o3Sq_Uwq","article_modified_time":"2026-02-05T07:37:01+00:00","og_image":[{"width":1000,"height":1001,"url":"https:\/\/beautybaltic.com\/wp-content\/uploads\/2025\/03\/DNKa_acryl-gel_03.jpg","type":"image\/jpeg"}],"twitter_card":"summary_large_image","twitter_misc":{"Est. reading time":"2 minutes"},"schema":{"@context":"https:\/\/schema.org","@graph":[{"@type":"WebPage","@id":"https:\/\/beautybaltic.com\/?product=dnka-%D0%B0cryl-gel-0003-paradise-tube-3&lang=lt","url":"https:\/\/beautybaltic.com\/?product=dnka-%D0%B0cryl-gel-0003-paradise-tube-3&lang=lt","name":"Beauty Baltic &#183; DNKa' \u0410cryl Gel #0003 Paradise (tube)","isPartOf":{"@id":"https:\/\/beautybaltic.com\/#website"},"primaryImageOfPage":{"@id":"https:\/\/beautybaltic.com\/?product=dnka-%D0%B0cryl-gel-0003-paradise-tube-3&lang=lt#primaryimage"},"image":{"@id":"https:\/\/beautybaltic.com\/?product=dnka-%D0%B0cryl-gel-0003-paradise-tube-3&lang=lt#primaryimage"},"thumbnailUrl":"https:\/\/beautybaltic.com\/wp-content\/uploads\/2025\/03\/DNKa_acryl-gel_03.jpg","datePublished":"2025-03-12T21:25:12+00:00","dateModified":"2026-02-05T07:37:01+00:00","breadcrumb":{"@id":"https:\/\/beautybaltic.com\/?product=dnka-%D0%B0cryl-gel-0003-paradise-tube-3&lang=lt#breadcrumb"},"inLanguage":"en-US","potentialAction":[{"@type":"ReadAction","target":["https:\/\/beautybaltic.com\/?product=dnka-%D0%B0cryl-gel-0003-paradise-tube-3&lang=lt"]}]},{"@type":"ImageObject","inLanguage":"en-US","@id":"https:\/\/beautybaltic.com\/?product=dnka-%D0%B0cryl-gel-0003-paradise-tube-3&lang=lt#primaryimage","url":"https:\/\/beautybaltic.com\/wp-content\/uploads\/2025\/03\/DNKa_acryl-gel_03.jpg","contentUrl":"https:\/\/beautybaltic.com\/wp-content\/uploads\/2025\/03\/DNKa_acryl-gel_03.jpg","width":1000,"height":1001},{"@type":"BreadcrumbList","@id":"https:\/\/beautybaltic.com\/?product=dnka-%D0%B0cryl-gel-0003-paradise-tube-3&lang=lt#breadcrumb","itemListElement":[{"@type":"ListItem","position":1,"name":"Home Page","item":"https:\/\/beautybaltic.com\/"},{"@type":"ListItem","position":2,"name":"All products","item":"https:\/\/beautybaltic.com\/?page_id=113"},{"@type":"ListItem","position":3,"name":"DNKa&#8217; \u0410cryl Gel #0003 Paradise (tube)"}]},{"@type":"WebSite","@id":"https:\/\/beautybaltic.com\/#website","url":"https:\/\/beautybaltic.com\/","name":"Beauty Baltic","description":"","publisher":{"@id":"https:\/\/beautybaltic.com\/#organization"},"potentialAction":[{"@type":"SearchAction","target":{"@type":"EntryPoint","urlTemplate":"https:\/\/beautybaltic.com\/?s={search_term_string}"},"query-input":{"@type":"PropertyValueSpecification","valueRequired":true,"valueName":"search_term_string"}}],"inLanguage":"en-US"},{"@type":"Organization","@id":"https:\/\/beautybaltic.com\/#organization","name":"SIA \"Beauty Baltic\"","url":"https:\/\/beautybaltic.com\/","logo":{"@type":"ImageObject","inLanguage":"en-US","@id":"https:\/\/beautybaltic.com\/#\/schema\/logo\/image\/","url":"https:\/\/beautybaltic.com\/wp-content\/uploads\/2020\/04\/logo-4.png","contentUrl":"https:\/\/beautybaltic.com\/wp-content\/uploads\/2020\/04\/logo-4.png","width":704,"height":206,"caption":"SIA \"Beauty Baltic\""},"image":{"@id":"https:\/\/beautybaltic.com\/#\/schema\/logo\/image\/"},"sameAs":["https:\/\/www.facebook.com\/siabeautybaltic\/?eid=ARDs6xwwnnHaxWoXNQhS1sgYf1tbsdYaa9nRKgzW46Bm5i4PkSKw97xrztQlMJEv9gOVxTp-o3Sq_Uwq","https:\/\/www.instagram.com\/beauty_baltic\/"]}]}},"_links":{"self":[{"href":"https:\/\/beautybaltic.com\/index.php?rest_route=\/wp\/v2\/product\/19067","targetHints":{"allow":["GET"]}}],"collection":[{"href":"https:\/\/beautybaltic.com\/index.php?rest_route=\/wp\/v2\/product"}],"about":[{"href":"https:\/\/beautybaltic.com\/index.php?rest_route=\/wp\/v2\/types\/product"}],"replies":[{"embeddable":true,"href":"https:\/\/beautybaltic.com\/index.php?rest_route=%2Fwp%2Fv2%2Fcomments&post=19067"}],"wp:featuredmedia":[{"embeddable":true,"href":"https:\/\/beautybaltic.com\/index.php?rest_route=\/wp\/v2\/media\/19068"}],"wp:attachment":[{"href":"https:\/\/beautybaltic.com\/index.php?rest_route=%2Fwp%2Fv2%2Fmedia&parent=19067"}],"wp:term":[{"taxonomy":"product_brand","embeddable":true,"href":"https:\/\/beautybaltic.com\/index.php?rest_route=%2Fwp%2Fv2%2Fproduct_brand&post=19067"},{"taxonomy":"product_cat","embeddable":true,"href":"https:\/\/beautybaltic.com\/index.php?rest_route=%2Fwp%2Fv2%2Fproduct_cat&post=19067"},{"taxonomy":"product_tag","embeddable":true,"href":"https:\/\/beautybaltic.com\/index.php?rest_route=%2Fwp%2Fv2%2Fproduct_tag&post=19067"}],"curies":[{"name":"wp","href":"https:\/\/api.w.org\/{rel}","templated":true}]}}