{"id":19034,"date":"2025-03-12T23:47:03","date_gmt":"2025-03-12T20:47:03","guid":{"rendered":"https:\/\/beautybaltic.com\/?post_type=product&#038;p=19034"},"modified":"2026-01-22T09:39:31","modified_gmt":"2026-01-22T06:39:31","slug":"dnka-%d0%b0cryl-gel-0001-glass-tube-2","status":"publish","type":"product","link":"https:\/\/beautybaltic.com\/?product=dnka-%D0%B0cryl-gel-0001-glass-tube-2&lang=lv","title":{"rendered":"DNKa&#8217; \u0410cryl Gel #0001 Glass (tube)"},"content":{"rendered":"<p>Akrila g\u0113ls ir univers\u0101ls materi\u0101ls, kas \u013cauj viegli model\u0113t uz \u0161abloniem vai form\u0101m, nodro\u0161inot \u013coti dabisku izskatu un kori\u0123\u0113jot dabisko nagu arhitekt\u016bru. Izmantojot \u0161o produktu, j\u016bs varat viegli nostiprin\u0101t un labot nagus, k\u0101 ar\u012b labot boj\u0101tas malas vai plaisas. Pateicoties m\u012bkstai, pa\u0161izl\u012bdzino\u0161ai konsistencei, ar \u0161o materi\u0101lu ir viegli str\u0101d\u0101t, un tas samazina nepiecie\u0161am\u012bbu p\u0113c p\u0101rm\u0113r\u012bgas v\u012bl\u0113\u0161anas. Tas viegli kl\u0101jas uz virsmas ar m\u012bkstu oti\u0146u un speci\u0101lu \u0161\u0137idrumu, un saciet\u0113\u0161anas laik\u0101 nerada apdegumus. P\u0113c saciet\u0113\u0161anas tas atst\u0101j vieglu l\u012bmes sl\u0101ni.<\/p>\n<p>Pielieto\u0161anas tehnolo\u0123ija:<\/p>\n<p>1) Veiciet standarta nagu sagatavo\u0161anu: no\u0146emiet iepriek\u0161\u0113jo p\u0101rkl\u0101jumu, nosl\u012bp\u0113jiet virsmu, pie\u0161\u0137iriet nagiem v\u0113lamo formu un veiciet manik\u012bru.<br \/>\n2) Uzkl\u0101jiet DNKa&#8217; Ultrabond, primeri, kas nesatur sk\u0101bes un nodro\u0161ina papildu sa\u0137eri.<br \/>\n3) Uz naga uzkl\u0101jiet DNKa&#8217; gumijas\/\u0161\u0137iedras b\u0101zi. Polimeriz\u0113jiet UV lamp\u0101 1 min\u016bti, LED lamp\u0101 30 sekundes.<br \/>\n4) Izmantojot l\u0101psti\u0146u vai apels\u012bnu koci\u0146u, uzkl\u0101jiet uz naga vajadz\u012bgo DNKa&#8217; Acryl Gel daudzumu.<br \/>\n5) Izmantojot attaukot\u0101j\u0101 samitrin\u0101tu oti\u0146u, ar izl\u012bdzino\u0161\u0101m kust\u012bb\u0101m izl\u012bdziniet materi\u0101lu pa naga pl\u0101ksni, l\u012bdz tas ir piln\u012bgi gluds. Ja nepiecie\u0161ams, noslaukiet \u0161\u0137idruma p\u0101rpalikumu uz oti\u0146as ar bezpl\u016bksnu vai pap\u012bra salveti.<br \/>\n6) Polimeriz\u0113jiet UV lamp\u0101 &#8211; 2 min\u016btes, LED lamp\u0101 &#8211; 60 sekundes. No\u0146emiet dispersijas sl\u0101ni ar attauko\u0161anas l\u012bdzekli.<br \/>\n7) Ja nepiecie\u0161ams, veicam failu. P\u0113c tam nags ir gatavs DNKa&#8217; Cover Base \/ DNKa&#8217; Builder Gel \/ DNKa&#8217; Gel Polish vai DNKa&#8217; Top.<br \/>\n8) Neaizmirstiet izpilin\u0101t naga iek\u0161pusi. Pat 1 mm ir pietiekami, lai \u0161is p\u0101rkl\u0101jums b\u016btu perfekti notur\u012bgs.<\/p>\n","protected":false},"excerpt":{"rendered":"<p>Akrila g\u0113ls ir univers\u0101ls materi\u0101ls, kas \u013cauj viegli model\u0113t uz \u0161abloniem vai form\u0101m, nodro\u0161inot \u013coti dabisku izskatu un kori\u0123\u0113jot dabisko nagu arhitekt\u016bru. Izmantojot \u0161o produktu, j\u016bs varat viegli nostiprin\u0101t un labot nagus, k\u0101 ar\u012b labot boj\u0101tas malas vai plaisas. Pateicoties m\u012bkstai, pa\u0161izl\u012bdzino\u0161ai konsistencei, ar \u0161o materi\u0101lu ir viegli str\u0101d\u0101t, un tas samazina nepiecie\u0161am\u012bbu p\u0113c p\u0101rm\u0113r\u012bgas &hellip; <\/p>\n","protected":false},"featured_media":19035,"comment_status":"open","ping_status":"closed","template":"","meta":[],"product_brand":[2853],"product_cat":[2303],"product_tag":[],"class_list":{"0":"post-19034","1":"product","2":"type-product","3":"status-publish","4":"has-post-thumbnail","6":"product_brand-dnka","7":"product_cat-akrigels-poligels-lv","9":"first","10":"instock","11":"taxable","12":"shipping-taxable","13":"purchasable","14":"product-type-simple"},"yoast_head":"<!-- This site is optimized with the Yoast SEO Premium plugin v23.0 (Yoast SEO v26.9) - https:\/\/yoast.com\/product\/yoast-seo-premium-wordpress\/ -->\n<title>Beauty Baltic &#183; DNKa&#039; \u0410cryl Gel #0001 Glass (tube)<\/title>\n<meta name=\"robots\" content=\"index, follow, max-snippet:-1, max-image-preview:large, max-video-preview:-1\" \/>\n<link rel=\"canonical\" href=\"https:\/\/beautybaltic.com\/?product=dnka-\u0430cryl-gel-0001-glass-tube-2&lang=lv\" \/>\n<meta property=\"og:locale\" content=\"en_US\" \/>\n<meta property=\"og:type\" content=\"article\" \/>\n<meta property=\"og:title\" content=\"DNKa&#039; \u0410cryl Gel #0001 Glass (tube)\" \/>\n<meta property=\"og:description\" content=\"Akrila g\u0113ls ir univers\u0101ls materi\u0101ls, kas \u013cauj viegli model\u0113t uz \u0161abloniem vai form\u0101m, nodro\u0161inot \u013coti dabisku izskatu un kori\u0123\u0113jot dabisko nagu arhitekt\u016bru. Izmantojot \u0161o produktu, j\u016bs varat viegli nostiprin\u0101t un labot nagus, k\u0101 ar\u012b labot boj\u0101tas malas vai plaisas. Pateicoties m\u012bkstai, pa\u0161izl\u012bdzino\u0161ai konsistencei, ar \u0161o materi\u0101lu ir viegli str\u0101d\u0101t, un tas samazina nepiecie\u0161am\u012bbu p\u0113c p\u0101rm\u0113r\u012bgas &hellip;\" \/>\n<meta property=\"og:url\" content=\"https:\/\/beautybaltic.com\/?product=dnka-\u0430cryl-gel-0001-glass-tube-2&amp;lang=lv\" \/>\n<meta property=\"og:site_name\" content=\"Beauty Baltic\" \/>\n<meta property=\"article:publisher\" content=\"https:\/\/www.facebook.com\/siabeautybaltic\/?eid=ARDs6xwwnnHaxWoXNQhS1sgYf1tbsdYaa9nRKgzW46Bm5i4PkSKw97xrztQlMJEv9gOVxTp-o3Sq_Uwq\" \/>\n<meta property=\"article:modified_time\" content=\"2026-01-22T06:39:31+00:00\" \/>\n<meta property=\"og:image\" content=\"https:\/\/beautybaltic.com\/wp-content\/uploads\/2025\/03\/DNKa_acryl-gel_01.jpg\" \/>\n\t<meta property=\"og:image:width\" content=\"1000\" \/>\n\t<meta property=\"og:image:height\" content=\"1001\" \/>\n\t<meta property=\"og:image:type\" content=\"image\/jpeg\" \/>\n<meta name=\"twitter:card\" content=\"summary_large_image\" \/>\n<meta name=\"twitter:label1\" content=\"Est. reading time\" \/>\n\t<meta name=\"twitter:data1\" content=\"2 minutes\" \/>\n<script type=\"application\/ld+json\" class=\"yoast-schema-graph\">{\"@context\":\"https:\/\/schema.org\",\"@graph\":[{\"@type\":\"WebPage\",\"@id\":\"https:\/\/beautybaltic.com\/?product=dnka-%D0%B0cryl-gel-0001-glass-tube-2&lang=lv\",\"url\":\"https:\/\/beautybaltic.com\/?product=dnka-%D0%B0cryl-gel-0001-glass-tube-2&lang=lv\",\"name\":\"Beauty Baltic &#183; DNKa' \u0410cryl Gel #0001 Glass (tube)\",\"isPartOf\":{\"@id\":\"https:\/\/beautybaltic.com\/#website\"},\"primaryImageOfPage\":{\"@id\":\"https:\/\/beautybaltic.com\/?product=dnka-%D0%B0cryl-gel-0001-glass-tube-2&lang=lv#primaryimage\"},\"image\":{\"@id\":\"https:\/\/beautybaltic.com\/?product=dnka-%D0%B0cryl-gel-0001-glass-tube-2&lang=lv#primaryimage\"},\"thumbnailUrl\":\"https:\/\/beautybaltic.com\/wp-content\/uploads\/2025\/03\/DNKa_acryl-gel_01.jpg\",\"datePublished\":\"2025-03-12T20:47:03+00:00\",\"dateModified\":\"2026-01-22T06:39:31+00:00\",\"breadcrumb\":{\"@id\":\"https:\/\/beautybaltic.com\/?product=dnka-%D0%B0cryl-gel-0001-glass-tube-2&lang=lv#breadcrumb\"},\"inLanguage\":\"en-US\",\"potentialAction\":[{\"@type\":\"ReadAction\",\"target\":[\"https:\/\/beautybaltic.com\/?product=dnka-%D0%B0cryl-gel-0001-glass-tube-2&lang=lv\"]}]},{\"@type\":\"ImageObject\",\"inLanguage\":\"en-US\",\"@id\":\"https:\/\/beautybaltic.com\/?product=dnka-%D0%B0cryl-gel-0001-glass-tube-2&lang=lv#primaryimage\",\"url\":\"https:\/\/beautybaltic.com\/wp-content\/uploads\/2025\/03\/DNKa_acryl-gel_01.jpg\",\"contentUrl\":\"https:\/\/beautybaltic.com\/wp-content\/uploads\/2025\/03\/DNKa_acryl-gel_01.jpg\",\"width\":1000,\"height\":1001},{\"@type\":\"BreadcrumbList\",\"@id\":\"https:\/\/beautybaltic.com\/?product=dnka-%D0%B0cryl-gel-0001-glass-tube-2&lang=lv#breadcrumb\",\"itemListElement\":[{\"@type\":\"ListItem\",\"position\":1,\"name\":\"Home Page\",\"item\":\"https:\/\/beautybaltic.com\/\"},{\"@type\":\"ListItem\",\"position\":2,\"name\":\"All products\",\"item\":\"https:\/\/beautybaltic.com\/?page_id=113\"},{\"@type\":\"ListItem\",\"position\":3,\"name\":\"DNKa&#8217; \u0410cryl Gel #0001 Glass (tube)\"}]},{\"@type\":\"WebSite\",\"@id\":\"https:\/\/beautybaltic.com\/#website\",\"url\":\"https:\/\/beautybaltic.com\/\",\"name\":\"Beauty Baltic\",\"description\":\"\",\"publisher\":{\"@id\":\"https:\/\/beautybaltic.com\/#organization\"},\"potentialAction\":[{\"@type\":\"SearchAction\",\"target\":{\"@type\":\"EntryPoint\",\"urlTemplate\":\"https:\/\/beautybaltic.com\/?s={search_term_string}\"},\"query-input\":{\"@type\":\"PropertyValueSpecification\",\"valueRequired\":true,\"valueName\":\"search_term_string\"}}],\"inLanguage\":\"en-US\"},{\"@type\":\"Organization\",\"@id\":\"https:\/\/beautybaltic.com\/#organization\",\"name\":\"SIA \\\"Beauty Baltic\\\"\",\"url\":\"https:\/\/beautybaltic.com\/\",\"logo\":{\"@type\":\"ImageObject\",\"inLanguage\":\"en-US\",\"@id\":\"https:\/\/beautybaltic.com\/#\/schema\/logo\/image\/\",\"url\":\"https:\/\/beautybaltic.com\/wp-content\/uploads\/2020\/04\/logo-4.png\",\"contentUrl\":\"https:\/\/beautybaltic.com\/wp-content\/uploads\/2020\/04\/logo-4.png\",\"width\":704,\"height\":206,\"caption\":\"SIA \\\"Beauty Baltic\\\"\"},\"image\":{\"@id\":\"https:\/\/beautybaltic.com\/#\/schema\/logo\/image\/\"},\"sameAs\":[\"https:\/\/www.facebook.com\/siabeautybaltic\/?eid=ARDs6xwwnnHaxWoXNQhS1sgYf1tbsdYaa9nRKgzW46Bm5i4PkSKw97xrztQlMJEv9gOVxTp-o3Sq_Uwq\",\"https:\/\/www.instagram.com\/beauty_baltic\/\"]}]}<\/script>\n<!-- \/ Yoast SEO Premium plugin. -->","yoast_head_json":{"title":"Beauty Baltic &#183; DNKa' \u0410cryl Gel #0001 Glass (tube)","robots":{"index":"index","follow":"follow","max-snippet":"max-snippet:-1","max-image-preview":"max-image-preview:large","max-video-preview":"max-video-preview:-1"},"canonical":"https:\/\/beautybaltic.com\/?product=dnka-\u0430cryl-gel-0001-glass-tube-2&lang=lv","og_locale":"en_US","og_type":"article","og_title":"DNKa' \u0410cryl Gel #0001 Glass (tube)","og_description":"Akrila g\u0113ls ir univers\u0101ls materi\u0101ls, kas \u013cauj viegli model\u0113t uz \u0161abloniem vai form\u0101m, nodro\u0161inot \u013coti dabisku izskatu un kori\u0123\u0113jot dabisko nagu arhitekt\u016bru. Izmantojot \u0161o produktu, j\u016bs varat viegli nostiprin\u0101t un labot nagus, k\u0101 ar\u012b labot boj\u0101tas malas vai plaisas. Pateicoties m\u012bkstai, pa\u0161izl\u012bdzino\u0161ai konsistencei, ar \u0161o materi\u0101lu ir viegli str\u0101d\u0101t, un tas samazina nepiecie\u0161am\u012bbu p\u0113c p\u0101rm\u0113r\u012bgas &hellip;","og_url":"https:\/\/beautybaltic.com\/?product=dnka-\u0430cryl-gel-0001-glass-tube-2&lang=lv","og_site_name":"Beauty Baltic","article_publisher":"https:\/\/www.facebook.com\/siabeautybaltic\/?eid=ARDs6xwwnnHaxWoXNQhS1sgYf1tbsdYaa9nRKgzW46Bm5i4PkSKw97xrztQlMJEv9gOVxTp-o3Sq_Uwq","article_modified_time":"2026-01-22T06:39:31+00:00","og_image":[{"width":1000,"height":1001,"url":"https:\/\/beautybaltic.com\/wp-content\/uploads\/2025\/03\/DNKa_acryl-gel_01.jpg","type":"image\/jpeg"}],"twitter_card":"summary_large_image","twitter_misc":{"Est. reading time":"2 minutes"},"schema":{"@context":"https:\/\/schema.org","@graph":[{"@type":"WebPage","@id":"https:\/\/beautybaltic.com\/?product=dnka-%D0%B0cryl-gel-0001-glass-tube-2&lang=lv","url":"https:\/\/beautybaltic.com\/?product=dnka-%D0%B0cryl-gel-0001-glass-tube-2&lang=lv","name":"Beauty Baltic &#183; DNKa' \u0410cryl Gel #0001 Glass (tube)","isPartOf":{"@id":"https:\/\/beautybaltic.com\/#website"},"primaryImageOfPage":{"@id":"https:\/\/beautybaltic.com\/?product=dnka-%D0%B0cryl-gel-0001-glass-tube-2&lang=lv#primaryimage"},"image":{"@id":"https:\/\/beautybaltic.com\/?product=dnka-%D0%B0cryl-gel-0001-glass-tube-2&lang=lv#primaryimage"},"thumbnailUrl":"https:\/\/beautybaltic.com\/wp-content\/uploads\/2025\/03\/DNKa_acryl-gel_01.jpg","datePublished":"2025-03-12T20:47:03+00:00","dateModified":"2026-01-22T06:39:31+00:00","breadcrumb":{"@id":"https:\/\/beautybaltic.com\/?product=dnka-%D0%B0cryl-gel-0001-glass-tube-2&lang=lv#breadcrumb"},"inLanguage":"en-US","potentialAction":[{"@type":"ReadAction","target":["https:\/\/beautybaltic.com\/?product=dnka-%D0%B0cryl-gel-0001-glass-tube-2&lang=lv"]}]},{"@type":"ImageObject","inLanguage":"en-US","@id":"https:\/\/beautybaltic.com\/?product=dnka-%D0%B0cryl-gel-0001-glass-tube-2&lang=lv#primaryimage","url":"https:\/\/beautybaltic.com\/wp-content\/uploads\/2025\/03\/DNKa_acryl-gel_01.jpg","contentUrl":"https:\/\/beautybaltic.com\/wp-content\/uploads\/2025\/03\/DNKa_acryl-gel_01.jpg","width":1000,"height":1001},{"@type":"BreadcrumbList","@id":"https:\/\/beautybaltic.com\/?product=dnka-%D0%B0cryl-gel-0001-glass-tube-2&lang=lv#breadcrumb","itemListElement":[{"@type":"ListItem","position":1,"name":"Home Page","item":"https:\/\/beautybaltic.com\/"},{"@type":"ListItem","position":2,"name":"All products","item":"https:\/\/beautybaltic.com\/?page_id=113"},{"@type":"ListItem","position":3,"name":"DNKa&#8217; \u0410cryl Gel #0001 Glass (tube)"}]},{"@type":"WebSite","@id":"https:\/\/beautybaltic.com\/#website","url":"https:\/\/beautybaltic.com\/","name":"Beauty Baltic","description":"","publisher":{"@id":"https:\/\/beautybaltic.com\/#organization"},"potentialAction":[{"@type":"SearchAction","target":{"@type":"EntryPoint","urlTemplate":"https:\/\/beautybaltic.com\/?s={search_term_string}"},"query-input":{"@type":"PropertyValueSpecification","valueRequired":true,"valueName":"search_term_string"}}],"inLanguage":"en-US"},{"@type":"Organization","@id":"https:\/\/beautybaltic.com\/#organization","name":"SIA \"Beauty Baltic\"","url":"https:\/\/beautybaltic.com\/","logo":{"@type":"ImageObject","inLanguage":"en-US","@id":"https:\/\/beautybaltic.com\/#\/schema\/logo\/image\/","url":"https:\/\/beautybaltic.com\/wp-content\/uploads\/2020\/04\/logo-4.png","contentUrl":"https:\/\/beautybaltic.com\/wp-content\/uploads\/2020\/04\/logo-4.png","width":704,"height":206,"caption":"SIA \"Beauty Baltic\""},"image":{"@id":"https:\/\/beautybaltic.com\/#\/schema\/logo\/image\/"},"sameAs":["https:\/\/www.facebook.com\/siabeautybaltic\/?eid=ARDs6xwwnnHaxWoXNQhS1sgYf1tbsdYaa9nRKgzW46Bm5i4PkSKw97xrztQlMJEv9gOVxTp-o3Sq_Uwq","https:\/\/www.instagram.com\/beauty_baltic\/"]}]}},"_links":{"self":[{"href":"https:\/\/beautybaltic.com\/index.php?rest_route=\/wp\/v2\/product\/19034","targetHints":{"allow":["GET"]}}],"collection":[{"href":"https:\/\/beautybaltic.com\/index.php?rest_route=\/wp\/v2\/product"}],"about":[{"href":"https:\/\/beautybaltic.com\/index.php?rest_route=\/wp\/v2\/types\/product"}],"replies":[{"embeddable":true,"href":"https:\/\/beautybaltic.com\/index.php?rest_route=%2Fwp%2Fv2%2Fcomments&post=19034"}],"wp:featuredmedia":[{"embeddable":true,"href":"https:\/\/beautybaltic.com\/index.php?rest_route=\/wp\/v2\/media\/19035"}],"wp:attachment":[{"href":"https:\/\/beautybaltic.com\/index.php?rest_route=%2Fwp%2Fv2%2Fmedia&parent=19034"}],"wp:term":[{"taxonomy":"product_brand","embeddable":true,"href":"https:\/\/beautybaltic.com\/index.php?rest_route=%2Fwp%2Fv2%2Fproduct_brand&post=19034"},{"taxonomy":"product_cat","embeddable":true,"href":"https:\/\/beautybaltic.com\/index.php?rest_route=%2Fwp%2Fv2%2Fproduct_cat&post=19034"},{"taxonomy":"product_tag","embeddable":true,"href":"https:\/\/beautybaltic.com\/index.php?rest_route=%2Fwp%2Fv2%2Fproduct_tag&post=19034"}],"curies":[{"name":"wp","href":"https:\/\/api.w.org\/{rel}","templated":true}]}}