{"id":18528,"date":"2025-03-06T00:07:58","date_gmt":"2025-03-05T21:07:58","guid":{"rendered":"https:\/\/beautybaltic.com\/?post_type=product&#038;p=18528"},"modified":"2026-03-30T00:01:39","modified_gmt":"2026-03-29T21:01:39","slug":"dnka-gel-polish-ultra-black-12-ml-3","status":"publish","type":"product","link":"https:\/\/beautybaltic.com\/?product=dnka-gel-polish-ultra-black-12-ml-3&lang=lt","title":{"rendered":"DNKa\u2019 Gel Polish ULTRA BLACK \u2014 12 ml"},"content":{"rendered":"<p>\u201eDNKa\u2019 Gel Polish\u201d \u2013 tai itin pigmentuot\u0173 gelini\u0173 lako lak\u0173, kurie tepami vienu sluoksniu, kolekcija. D\u0117l savo sud\u0117ties jie tvirtai prilimpa prie nago pavir\u0161iaus ir puikiai i\u0161d\u017ei\u016bsta. Atspar\u016bs d\u0117v\u0117jimuisi, lengvai tepami ir lengvai tirpstantys. Nekonfliktuoja su kit\u0173 prek\u0117s \u017eenkl\u0173 lakais.<\/p>\n<p>Naudojimo technologija<\/p>\n<p>1) U\u017etepkite nuriebalinimo priemon\u0117s ant pertvarinio nago pavir\u0161iaus.<br \/>\n2) U\u017etepkite DNKa\u2019 Ultrabond r\u016bg\u0161\u010di\u0173 neturint\u012f grunt\u0105 papildomam sukibimui.<br \/>\n3) U\u017etepkite DNKa\u2019 Nano Base \/ Rubber Base \/ Fiber Base, d\u017eiovinkite LED lempoje 60 sekund\u017ei\u0173 (arba UV lempoje 2 minutes).<br \/>\n4) U\u017etepkite DNKa\u2019 Gel Polish, d\u017eiovinkite LED lempoje 60 sekund\u017ei\u0173 (arba UV lempoje 2 minutes).<br \/>\n5) U\u017etepkite DNKa\u2019 Top No Wipe arba DNKa\u2019 Top Matt No Wipe, d\u017eiovinkite LED lempoje 2 minutes (arba UV lempoje 3 minutes), kad pasiektum\u0117te puik\u0173 blizgesio arba mati\u0161kumo efekt\u0105.<\/p>\n","protected":false},"excerpt":{"rendered":"<p>\u201eDNKa\u2019 Gel Polish\u201d \u2013 tai itin pigmentuot\u0173 gelini\u0173 lako lak\u0173, kurie tepami vienu sluoksniu, kolekcija. D\u0117l savo sud\u0117ties jie tvirtai prilimpa prie nago pavir\u0161iaus ir puikiai i\u0161d\u017ei\u016bsta. Atspar\u016bs d\u0117v\u0117jimuisi, lengvai tepami ir lengvai tirpstantys. Nekonfliktuoja su kit\u0173 prek\u0117s \u017eenkl\u0173 lakais. Naudojimo technologija 1) U\u017etepkite nuriebalinimo priemon\u0117s ant pertvarinio nago pavir\u0161iaus. 2) U\u017etepkite DNKa\u2019 Ultrabond r\u016bg\u0161\u010di\u0173 &hellip; <\/p>\n","protected":false},"featured_media":18529,"comment_status":"open","ping_status":"closed","template":"","meta":[],"product_brand":[2853],"product_cat":[2040],"product_tag":[],"class_list":{"0":"post-18528","1":"product","2":"type-product","3":"status-publish","4":"has-post-thumbnail","6":"product_brand-dnka","7":"product_cat-geliniai-lakai","9":"first","10":"outofstock","11":"taxable","12":"shipping-taxable","13":"purchasable","14":"product-type-simple"},"yoast_head":"<!-- This site is optimized with the Yoast SEO Premium plugin v23.0 (Yoast SEO v26.9) - https:\/\/yoast.com\/product\/yoast-seo-premium-wordpress\/ -->\n<title>Beauty Baltic &#183; DNKa\u2019 Gel Polish ULTRA BLACK \u2014 12 ml<\/title>\n<meta name=\"robots\" content=\"index, follow, max-snippet:-1, max-image-preview:large, max-video-preview:-1\" \/>\n<link rel=\"canonical\" href=\"https:\/\/beautybaltic.com\/?product=dnka-gel-polish-ultra-black-12-ml-3&lang=lt\" \/>\n<meta property=\"og:locale\" content=\"en_US\" \/>\n<meta property=\"og:type\" content=\"article\" \/>\n<meta property=\"og:title\" content=\"DNKa\u2019 Gel Polish ULTRA BLACK \u2014 12 ml\" \/>\n<meta property=\"og:description\" content=\"\u201eDNKa\u2019 Gel Polish\u201d \u2013 tai itin pigmentuot\u0173 gelini\u0173 lako lak\u0173, kurie tepami vienu sluoksniu, kolekcija. D\u0117l savo sud\u0117ties jie tvirtai prilimpa prie nago pavir\u0161iaus ir puikiai i\u0161d\u017ei\u016bsta. Atspar\u016bs d\u0117v\u0117jimuisi, lengvai tepami ir lengvai tirpstantys. Nekonfliktuoja su kit\u0173 prek\u0117s \u017eenkl\u0173 lakais. Naudojimo technologija 1) U\u017etepkite nuriebalinimo priemon\u0117s ant pertvarinio nago pavir\u0161iaus. 2) U\u017etepkite DNKa\u2019 Ultrabond r\u016bg\u0161\u010di\u0173 &hellip;\" \/>\n<meta property=\"og:url\" content=\"https:\/\/beautybaltic.com\/?product=dnka-gel-polish-ultra-black-12-ml-3&amp;lang=lt\" \/>\n<meta property=\"og:site_name\" content=\"Beauty Baltic\" \/>\n<meta property=\"article:publisher\" content=\"https:\/\/www.facebook.com\/siabeautybaltic\/?eid=ARDs6xwwnnHaxWoXNQhS1sgYf1tbsdYaa9nRKgzW46Bm5i4PkSKw97xrztQlMJEv9gOVxTp-o3Sq_Uwq\" \/>\n<meta property=\"article:modified_time\" content=\"2026-03-29T21:01:39+00:00\" \/>\n<meta property=\"og:image\" content=\"https:\/\/beautybaltic.com\/wp-content\/uploads\/2025\/03\/Ultra-Black.jpg\" \/>\n\t<meta property=\"og:image:width\" content=\"1000\" \/>\n\t<meta property=\"og:image:height\" content=\"1001\" \/>\n\t<meta property=\"og:image:type\" content=\"image\/jpeg\" \/>\n<meta name=\"twitter:card\" content=\"summary_large_image\" \/>\n<meta name=\"twitter:label1\" content=\"Est. reading time\" \/>\n\t<meta name=\"twitter:data1\" content=\"1 minute\" \/>\n<script type=\"application\/ld+json\" class=\"yoast-schema-graph\">{\"@context\":\"https:\/\/schema.org\",\"@graph\":[{\"@type\":\"WebPage\",\"@id\":\"https:\/\/beautybaltic.com\/?product=dnka-gel-polish-ultra-black-12-ml-3&lang=lt\",\"url\":\"https:\/\/beautybaltic.com\/?product=dnka-gel-polish-ultra-black-12-ml-3&lang=lt\",\"name\":\"Beauty Baltic &#183; DNKa\u2019 Gel Polish ULTRA BLACK \u2014 12 ml\",\"isPartOf\":{\"@id\":\"https:\/\/beautybaltic.com\/#website\"},\"primaryImageOfPage\":{\"@id\":\"https:\/\/beautybaltic.com\/?product=dnka-gel-polish-ultra-black-12-ml-3&lang=lt#primaryimage\"},\"image\":{\"@id\":\"https:\/\/beautybaltic.com\/?product=dnka-gel-polish-ultra-black-12-ml-3&lang=lt#primaryimage\"},\"thumbnailUrl\":\"https:\/\/beautybaltic.com\/wp-content\/uploads\/2025\/03\/Ultra-Black.jpg\",\"datePublished\":\"2025-03-05T21:07:58+00:00\",\"dateModified\":\"2026-03-29T21:01:39+00:00\",\"breadcrumb\":{\"@id\":\"https:\/\/beautybaltic.com\/?product=dnka-gel-polish-ultra-black-12-ml-3&lang=lt#breadcrumb\"},\"inLanguage\":\"en-US\",\"potentialAction\":[{\"@type\":\"ReadAction\",\"target\":[\"https:\/\/beautybaltic.com\/?product=dnka-gel-polish-ultra-black-12-ml-3&lang=lt\"]}]},{\"@type\":\"ImageObject\",\"inLanguage\":\"en-US\",\"@id\":\"https:\/\/beautybaltic.com\/?product=dnka-gel-polish-ultra-black-12-ml-3&lang=lt#primaryimage\",\"url\":\"https:\/\/beautybaltic.com\/wp-content\/uploads\/2025\/03\/Ultra-Black.jpg\",\"contentUrl\":\"https:\/\/beautybaltic.com\/wp-content\/uploads\/2025\/03\/Ultra-Black.jpg\",\"width\":1000,\"height\":1001},{\"@type\":\"BreadcrumbList\",\"@id\":\"https:\/\/beautybaltic.com\/?product=dnka-gel-polish-ultra-black-12-ml-3&lang=lt#breadcrumb\",\"itemListElement\":[{\"@type\":\"ListItem\",\"position\":1,\"name\":\"Home Page\",\"item\":\"https:\/\/beautybaltic.com\/\"},{\"@type\":\"ListItem\",\"position\":2,\"name\":\"All products\",\"item\":\"https:\/\/beautybaltic.com\/?page_id=113\"},{\"@type\":\"ListItem\",\"position\":3,\"name\":\"DNKa\u2019 Gel Polish ULTRA BLACK \u2014 12 ml\"}]},{\"@type\":\"WebSite\",\"@id\":\"https:\/\/beautybaltic.com\/#website\",\"url\":\"https:\/\/beautybaltic.com\/\",\"name\":\"Beauty Baltic\",\"description\":\"\",\"publisher\":{\"@id\":\"https:\/\/beautybaltic.com\/#organization\"},\"potentialAction\":[{\"@type\":\"SearchAction\",\"target\":{\"@type\":\"EntryPoint\",\"urlTemplate\":\"https:\/\/beautybaltic.com\/?s={search_term_string}\"},\"query-input\":{\"@type\":\"PropertyValueSpecification\",\"valueRequired\":true,\"valueName\":\"search_term_string\"}}],\"inLanguage\":\"en-US\"},{\"@type\":\"Organization\",\"@id\":\"https:\/\/beautybaltic.com\/#organization\",\"name\":\"SIA \\\"Beauty Baltic\\\"\",\"url\":\"https:\/\/beautybaltic.com\/\",\"logo\":{\"@type\":\"ImageObject\",\"inLanguage\":\"en-US\",\"@id\":\"https:\/\/beautybaltic.com\/#\/schema\/logo\/image\/\",\"url\":\"https:\/\/beautybaltic.com\/wp-content\/uploads\/2020\/04\/logo-4.png\",\"contentUrl\":\"https:\/\/beautybaltic.com\/wp-content\/uploads\/2020\/04\/logo-4.png\",\"width\":704,\"height\":206,\"caption\":\"SIA \\\"Beauty Baltic\\\"\"},\"image\":{\"@id\":\"https:\/\/beautybaltic.com\/#\/schema\/logo\/image\/\"},\"sameAs\":[\"https:\/\/www.facebook.com\/siabeautybaltic\/?eid=ARDs6xwwnnHaxWoXNQhS1sgYf1tbsdYaa9nRKgzW46Bm5i4PkSKw97xrztQlMJEv9gOVxTp-o3Sq_Uwq\",\"https:\/\/www.instagram.com\/beauty_baltic\/\"]}]}<\/script>\n<!-- \/ Yoast SEO Premium plugin. -->","yoast_head_json":{"title":"Beauty Baltic &#183; DNKa\u2019 Gel Polish ULTRA BLACK \u2014 12 ml","robots":{"index":"index","follow":"follow","max-snippet":"max-snippet:-1","max-image-preview":"max-image-preview:large","max-video-preview":"max-video-preview:-1"},"canonical":"https:\/\/beautybaltic.com\/?product=dnka-gel-polish-ultra-black-12-ml-3&lang=lt","og_locale":"en_US","og_type":"article","og_title":"DNKa\u2019 Gel Polish ULTRA BLACK \u2014 12 ml","og_description":"\u201eDNKa\u2019 Gel Polish\u201d \u2013 tai itin pigmentuot\u0173 gelini\u0173 lako lak\u0173, kurie tepami vienu sluoksniu, kolekcija. D\u0117l savo sud\u0117ties jie tvirtai prilimpa prie nago pavir\u0161iaus ir puikiai i\u0161d\u017ei\u016bsta. Atspar\u016bs d\u0117v\u0117jimuisi, lengvai tepami ir lengvai tirpstantys. Nekonfliktuoja su kit\u0173 prek\u0117s \u017eenkl\u0173 lakais. Naudojimo technologija 1) U\u017etepkite nuriebalinimo priemon\u0117s ant pertvarinio nago pavir\u0161iaus. 2) U\u017etepkite DNKa\u2019 Ultrabond r\u016bg\u0161\u010di\u0173 &hellip;","og_url":"https:\/\/beautybaltic.com\/?product=dnka-gel-polish-ultra-black-12-ml-3&lang=lt","og_site_name":"Beauty Baltic","article_publisher":"https:\/\/www.facebook.com\/siabeautybaltic\/?eid=ARDs6xwwnnHaxWoXNQhS1sgYf1tbsdYaa9nRKgzW46Bm5i4PkSKw97xrztQlMJEv9gOVxTp-o3Sq_Uwq","article_modified_time":"2026-03-29T21:01:39+00:00","og_image":[{"width":1000,"height":1001,"url":"https:\/\/beautybaltic.com\/wp-content\/uploads\/2025\/03\/Ultra-Black.jpg","type":"image\/jpeg"}],"twitter_card":"summary_large_image","twitter_misc":{"Est. reading time":"1 minute"},"schema":{"@context":"https:\/\/schema.org","@graph":[{"@type":"WebPage","@id":"https:\/\/beautybaltic.com\/?product=dnka-gel-polish-ultra-black-12-ml-3&lang=lt","url":"https:\/\/beautybaltic.com\/?product=dnka-gel-polish-ultra-black-12-ml-3&lang=lt","name":"Beauty Baltic &#183; DNKa\u2019 Gel Polish ULTRA BLACK \u2014 12 ml","isPartOf":{"@id":"https:\/\/beautybaltic.com\/#website"},"primaryImageOfPage":{"@id":"https:\/\/beautybaltic.com\/?product=dnka-gel-polish-ultra-black-12-ml-3&lang=lt#primaryimage"},"image":{"@id":"https:\/\/beautybaltic.com\/?product=dnka-gel-polish-ultra-black-12-ml-3&lang=lt#primaryimage"},"thumbnailUrl":"https:\/\/beautybaltic.com\/wp-content\/uploads\/2025\/03\/Ultra-Black.jpg","datePublished":"2025-03-05T21:07:58+00:00","dateModified":"2026-03-29T21:01:39+00:00","breadcrumb":{"@id":"https:\/\/beautybaltic.com\/?product=dnka-gel-polish-ultra-black-12-ml-3&lang=lt#breadcrumb"},"inLanguage":"en-US","potentialAction":[{"@type":"ReadAction","target":["https:\/\/beautybaltic.com\/?product=dnka-gel-polish-ultra-black-12-ml-3&lang=lt"]}]},{"@type":"ImageObject","inLanguage":"en-US","@id":"https:\/\/beautybaltic.com\/?product=dnka-gel-polish-ultra-black-12-ml-3&lang=lt#primaryimage","url":"https:\/\/beautybaltic.com\/wp-content\/uploads\/2025\/03\/Ultra-Black.jpg","contentUrl":"https:\/\/beautybaltic.com\/wp-content\/uploads\/2025\/03\/Ultra-Black.jpg","width":1000,"height":1001},{"@type":"BreadcrumbList","@id":"https:\/\/beautybaltic.com\/?product=dnka-gel-polish-ultra-black-12-ml-3&lang=lt#breadcrumb","itemListElement":[{"@type":"ListItem","position":1,"name":"Home Page","item":"https:\/\/beautybaltic.com\/"},{"@type":"ListItem","position":2,"name":"All products","item":"https:\/\/beautybaltic.com\/?page_id=113"},{"@type":"ListItem","position":3,"name":"DNKa\u2019 Gel Polish ULTRA BLACK \u2014 12 ml"}]},{"@type":"WebSite","@id":"https:\/\/beautybaltic.com\/#website","url":"https:\/\/beautybaltic.com\/","name":"Beauty Baltic","description":"","publisher":{"@id":"https:\/\/beautybaltic.com\/#organization"},"potentialAction":[{"@type":"SearchAction","target":{"@type":"EntryPoint","urlTemplate":"https:\/\/beautybaltic.com\/?s={search_term_string}"},"query-input":{"@type":"PropertyValueSpecification","valueRequired":true,"valueName":"search_term_string"}}],"inLanguage":"en-US"},{"@type":"Organization","@id":"https:\/\/beautybaltic.com\/#organization","name":"SIA \"Beauty Baltic\"","url":"https:\/\/beautybaltic.com\/","logo":{"@type":"ImageObject","inLanguage":"en-US","@id":"https:\/\/beautybaltic.com\/#\/schema\/logo\/image\/","url":"https:\/\/beautybaltic.com\/wp-content\/uploads\/2020\/04\/logo-4.png","contentUrl":"https:\/\/beautybaltic.com\/wp-content\/uploads\/2020\/04\/logo-4.png","width":704,"height":206,"caption":"SIA \"Beauty Baltic\""},"image":{"@id":"https:\/\/beautybaltic.com\/#\/schema\/logo\/image\/"},"sameAs":["https:\/\/www.facebook.com\/siabeautybaltic\/?eid=ARDs6xwwnnHaxWoXNQhS1sgYf1tbsdYaa9nRKgzW46Bm5i4PkSKw97xrztQlMJEv9gOVxTp-o3Sq_Uwq","https:\/\/www.instagram.com\/beauty_baltic\/"]}]}},"_links":{"self":[{"href":"https:\/\/beautybaltic.com\/index.php?rest_route=\/wp\/v2\/product\/18528","targetHints":{"allow":["GET"]}}],"collection":[{"href":"https:\/\/beautybaltic.com\/index.php?rest_route=\/wp\/v2\/product"}],"about":[{"href":"https:\/\/beautybaltic.com\/index.php?rest_route=\/wp\/v2\/types\/product"}],"replies":[{"embeddable":true,"href":"https:\/\/beautybaltic.com\/index.php?rest_route=%2Fwp%2Fv2%2Fcomments&post=18528"}],"wp:featuredmedia":[{"embeddable":true,"href":"https:\/\/beautybaltic.com\/index.php?rest_route=\/wp\/v2\/media\/18529"}],"wp:attachment":[{"href":"https:\/\/beautybaltic.com\/index.php?rest_route=%2Fwp%2Fv2%2Fmedia&parent=18528"}],"wp:term":[{"taxonomy":"product_brand","embeddable":true,"href":"https:\/\/beautybaltic.com\/index.php?rest_route=%2Fwp%2Fv2%2Fproduct_brand&post=18528"},{"taxonomy":"product_cat","embeddable":true,"href":"https:\/\/beautybaltic.com\/index.php?rest_route=%2Fwp%2Fv2%2Fproduct_cat&post=18528"},{"taxonomy":"product_tag","embeddable":true,"href":"https:\/\/beautybaltic.com\/index.php?rest_route=%2Fwp%2Fv2%2Fproduct_tag&post=18528"}],"curies":[{"name":"wp","href":"https:\/\/api.w.org\/{rel}","templated":true}]}}