{"id":18526,"date":"2025-03-06T00:07:05","date_gmt":"2025-03-05T21:07:05","guid":{"rendered":"https:\/\/beautybaltic.com\/?post_type=product&#038;p=18526"},"modified":"2026-04-15T18:37:56","modified_gmt":"2026-04-15T15:37:56","slug":"dnka-gel-polish-ultra-black-12-ml-2","status":"publish","type":"product","link":"https:\/\/beautybaltic.com\/?product=dnka-gel-polish-ultra-black-12-ml-2&lang=lv","title":{"rendered":"DNKa\u2019 Gel Polish ULTRA BLACK \u2014 12 ml"},"content":{"rendered":"<p>DNKa\u2019 Gel Polish ir \u013coti pigment\u0113tu g\u0113la laku kolekcija, kas tiek uzkl\u0101ta vien\u0101 sl\u0101n\u012b. Pateicoties to sast\u0101vam, tie cie\u0161i piegu\u013c naga virsmai un lieliski no\u017e\u016bst. Iztur\u012bgi pret nodilumu, viegli uzkl\u0101jami un viegli \u0161\u0137\u012bsto\u0161i. Nekonflikt\u0113 ar citiem z\u012bmoliem.<\/p>\n<p>Uzkl\u0101\u0161anas tehnolo\u0123ija<\/p>\n<p>1) Uzkl\u0101jiet attaukojo\u0161o l\u012bdzekli uz naga virsmas.<br \/>\n2) Uzkl\u0101jiet DNKa\u2019 Ultrabond gruntskr\u0101su nesaturo\u0161u gruntskr\u0101su papildu sa\u0137erei.<br \/>\n3) Uzkl\u0101jiet DNKa\u2019 Nano Base \/ Rubber Base \/ Fiber Base, \u017e\u0101v\u0113jiet LED lamp\u0101 60 sekundes (vai UV lamp\u0101 2 min\u016btes).<br \/>\n4) Uzkl\u0101jiet DNKa\u2019 Gel Polish, \u017e\u0101v\u0113jiet LED lamp\u0101 60 sekundes (vai UV lamp\u0101 2 min\u016btes).<br \/>\n5) Uzkl\u0101jiet DNKa\u2019 Top No Wipe vai DNKa\u2019 Top Matt No Wipe, \u017e\u0101v\u0113jiet LED lamp\u0101 2 min\u016btes (vai UV lamp\u0101 3 min\u016btes), lai ieg\u016btu perfektu sp\u012bduma vai mat\u0113jumu.<\/p>\n","protected":false},"excerpt":{"rendered":"<p>DNKa\u2019 Gel Polish ir \u013coti pigment\u0113tu g\u0113la laku kolekcija, kas tiek uzkl\u0101ta vien\u0101 sl\u0101n\u012b. Pateicoties to sast\u0101vam, tie cie\u0161i piegu\u013c naga virsmai un lieliski no\u017e\u016bst. Iztur\u012bgi pret nodilumu, viegli uzkl\u0101jami un viegli \u0161\u0137\u012bsto\u0161i. Nekonflikt\u0113 ar citiem z\u012bmoliem. Uzkl\u0101\u0161anas tehnolo\u0123ija 1) Uzkl\u0101jiet attaukojo\u0161o l\u012bdzekli uz naga virsmas. 2) Uzkl\u0101jiet DNKa\u2019 Ultrabond gruntskr\u0101su nesaturo\u0161u gruntskr\u0101su papildu sa\u0137erei. &hellip; <\/p>\n","protected":false},"featured_media":18527,"comment_status":"open","ping_status":"closed","template":"","meta":[],"product_brand":[2853],"product_cat":[2038],"product_tag":[],"class_list":{"0":"post-18526","1":"product","2":"type-product","3":"status-publish","4":"has-post-thumbnail","6":"product_brand-dnka","7":"product_cat-gellakas","9":"first","10":"instock","11":"taxable","12":"shipping-taxable","13":"purchasable","14":"product-type-simple"},"yoast_head":"<!-- This site is optimized with the Yoast SEO Premium plugin v23.0 (Yoast SEO v26.9) - https:\/\/yoast.com\/product\/yoast-seo-premium-wordpress\/ -->\n<title>Beauty Baltic &#183; DNKa\u2019 Gel Polish ULTRA BLACK \u2014 12 ml<\/title>\n<meta name=\"robots\" content=\"index, follow, max-snippet:-1, max-image-preview:large, max-video-preview:-1\" \/>\n<link rel=\"canonical\" href=\"https:\/\/beautybaltic.com\/?product=dnka-gel-polish-ultra-black-12-ml-2&lang=lv\" \/>\n<meta property=\"og:locale\" content=\"en_US\" \/>\n<meta property=\"og:type\" content=\"article\" \/>\n<meta property=\"og:title\" content=\"DNKa\u2019 Gel Polish ULTRA BLACK \u2014 12 ml\" \/>\n<meta property=\"og:description\" content=\"DNKa\u2019 Gel Polish ir \u013coti pigment\u0113tu g\u0113la laku kolekcija, kas tiek uzkl\u0101ta vien\u0101 sl\u0101n\u012b. Pateicoties to sast\u0101vam, tie cie\u0161i piegu\u013c naga virsmai un lieliski no\u017e\u016bst. Iztur\u012bgi pret nodilumu, viegli uzkl\u0101jami un viegli \u0161\u0137\u012bsto\u0161i. Nekonflikt\u0113 ar citiem z\u012bmoliem. Uzkl\u0101\u0161anas tehnolo\u0123ija 1) Uzkl\u0101jiet attaukojo\u0161o l\u012bdzekli uz naga virsmas. 2) Uzkl\u0101jiet DNKa\u2019 Ultrabond gruntskr\u0101su nesaturo\u0161u gruntskr\u0101su papildu sa\u0137erei. &hellip;\" \/>\n<meta property=\"og:url\" content=\"https:\/\/beautybaltic.com\/?product=dnka-gel-polish-ultra-black-12-ml-2&amp;lang=lv\" \/>\n<meta property=\"og:site_name\" content=\"Beauty Baltic\" \/>\n<meta property=\"article:publisher\" content=\"https:\/\/www.facebook.com\/siabeautybaltic\/?eid=ARDs6xwwnnHaxWoXNQhS1sgYf1tbsdYaa9nRKgzW46Bm5i4PkSKw97xrztQlMJEv9gOVxTp-o3Sq_Uwq\" \/>\n<meta property=\"article:modified_time\" content=\"2026-04-15T15:37:56+00:00\" \/>\n<meta property=\"og:image\" content=\"https:\/\/beautybaltic.com\/wp-content\/uploads\/2025\/03\/Ultra-Black.jpg\" \/>\n\t<meta property=\"og:image:width\" content=\"1000\" \/>\n\t<meta property=\"og:image:height\" content=\"1001\" \/>\n\t<meta property=\"og:image:type\" content=\"image\/jpeg\" \/>\n<meta name=\"twitter:card\" content=\"summary_large_image\" \/>\n<meta name=\"twitter:label1\" content=\"Est. reading time\" \/>\n\t<meta name=\"twitter:data1\" content=\"1 minute\" \/>\n<script type=\"application\/ld+json\" class=\"yoast-schema-graph\">{\"@context\":\"https:\/\/schema.org\",\"@graph\":[{\"@type\":\"WebPage\",\"@id\":\"https:\/\/beautybaltic.com\/?product=dnka-gel-polish-ultra-black-12-ml-2&lang=lv\",\"url\":\"https:\/\/beautybaltic.com\/?product=dnka-gel-polish-ultra-black-12-ml-2&lang=lv\",\"name\":\"Beauty Baltic &#183; DNKa\u2019 Gel Polish ULTRA BLACK \u2014 12 ml\",\"isPartOf\":{\"@id\":\"https:\/\/beautybaltic.com\/#website\"},\"primaryImageOfPage\":{\"@id\":\"https:\/\/beautybaltic.com\/?product=dnka-gel-polish-ultra-black-12-ml-2&lang=lv#primaryimage\"},\"image\":{\"@id\":\"https:\/\/beautybaltic.com\/?product=dnka-gel-polish-ultra-black-12-ml-2&lang=lv#primaryimage\"},\"thumbnailUrl\":\"https:\/\/beautybaltic.com\/wp-content\/uploads\/2025\/03\/Ultra-Black.jpg\",\"datePublished\":\"2025-03-05T21:07:05+00:00\",\"dateModified\":\"2026-04-15T15:37:56+00:00\",\"breadcrumb\":{\"@id\":\"https:\/\/beautybaltic.com\/?product=dnka-gel-polish-ultra-black-12-ml-2&lang=lv#breadcrumb\"},\"inLanguage\":\"en-US\",\"potentialAction\":[{\"@type\":\"ReadAction\",\"target\":[\"https:\/\/beautybaltic.com\/?product=dnka-gel-polish-ultra-black-12-ml-2&lang=lv\"]}]},{\"@type\":\"ImageObject\",\"inLanguage\":\"en-US\",\"@id\":\"https:\/\/beautybaltic.com\/?product=dnka-gel-polish-ultra-black-12-ml-2&lang=lv#primaryimage\",\"url\":\"https:\/\/beautybaltic.com\/wp-content\/uploads\/2025\/03\/Ultra-Black.jpg\",\"contentUrl\":\"https:\/\/beautybaltic.com\/wp-content\/uploads\/2025\/03\/Ultra-Black.jpg\",\"width\":1000,\"height\":1001},{\"@type\":\"BreadcrumbList\",\"@id\":\"https:\/\/beautybaltic.com\/?product=dnka-gel-polish-ultra-black-12-ml-2&lang=lv#breadcrumb\",\"itemListElement\":[{\"@type\":\"ListItem\",\"position\":1,\"name\":\"Home Page\",\"item\":\"https:\/\/beautybaltic.com\/\"},{\"@type\":\"ListItem\",\"position\":2,\"name\":\"All products\",\"item\":\"https:\/\/beautybaltic.com\/?page_id=113\"},{\"@type\":\"ListItem\",\"position\":3,\"name\":\"DNKa\u2019 Gel Polish ULTRA BLACK \u2014 12 ml\"}]},{\"@type\":\"WebSite\",\"@id\":\"https:\/\/beautybaltic.com\/#website\",\"url\":\"https:\/\/beautybaltic.com\/\",\"name\":\"Beauty Baltic\",\"description\":\"\",\"publisher\":{\"@id\":\"https:\/\/beautybaltic.com\/#organization\"},\"potentialAction\":[{\"@type\":\"SearchAction\",\"target\":{\"@type\":\"EntryPoint\",\"urlTemplate\":\"https:\/\/beautybaltic.com\/?s={search_term_string}\"},\"query-input\":{\"@type\":\"PropertyValueSpecification\",\"valueRequired\":true,\"valueName\":\"search_term_string\"}}],\"inLanguage\":\"en-US\"},{\"@type\":\"Organization\",\"@id\":\"https:\/\/beautybaltic.com\/#organization\",\"name\":\"SIA \\\"Beauty Baltic\\\"\",\"url\":\"https:\/\/beautybaltic.com\/\",\"logo\":{\"@type\":\"ImageObject\",\"inLanguage\":\"en-US\",\"@id\":\"https:\/\/beautybaltic.com\/#\/schema\/logo\/image\/\",\"url\":\"https:\/\/beautybaltic.com\/wp-content\/uploads\/2020\/04\/logo-4.png\",\"contentUrl\":\"https:\/\/beautybaltic.com\/wp-content\/uploads\/2020\/04\/logo-4.png\",\"width\":704,\"height\":206,\"caption\":\"SIA \\\"Beauty Baltic\\\"\"},\"image\":{\"@id\":\"https:\/\/beautybaltic.com\/#\/schema\/logo\/image\/\"},\"sameAs\":[\"https:\/\/www.facebook.com\/siabeautybaltic\/?eid=ARDs6xwwnnHaxWoXNQhS1sgYf1tbsdYaa9nRKgzW46Bm5i4PkSKw97xrztQlMJEv9gOVxTp-o3Sq_Uwq\",\"https:\/\/www.instagram.com\/beauty_baltic\/\"]}]}<\/script>\n<!-- \/ Yoast SEO Premium plugin. -->","yoast_head_json":{"title":"Beauty Baltic &#183; DNKa\u2019 Gel Polish ULTRA BLACK \u2014 12 ml","robots":{"index":"index","follow":"follow","max-snippet":"max-snippet:-1","max-image-preview":"max-image-preview:large","max-video-preview":"max-video-preview:-1"},"canonical":"https:\/\/beautybaltic.com\/?product=dnka-gel-polish-ultra-black-12-ml-2&lang=lv","og_locale":"en_US","og_type":"article","og_title":"DNKa\u2019 Gel Polish ULTRA BLACK \u2014 12 ml","og_description":"DNKa\u2019 Gel Polish ir \u013coti pigment\u0113tu g\u0113la laku kolekcija, kas tiek uzkl\u0101ta vien\u0101 sl\u0101n\u012b. Pateicoties to sast\u0101vam, tie cie\u0161i piegu\u013c naga virsmai un lieliski no\u017e\u016bst. Iztur\u012bgi pret nodilumu, viegli uzkl\u0101jami un viegli \u0161\u0137\u012bsto\u0161i. Nekonflikt\u0113 ar citiem z\u012bmoliem. Uzkl\u0101\u0161anas tehnolo\u0123ija 1) Uzkl\u0101jiet attaukojo\u0161o l\u012bdzekli uz naga virsmas. 2) Uzkl\u0101jiet DNKa\u2019 Ultrabond gruntskr\u0101su nesaturo\u0161u gruntskr\u0101su papildu sa\u0137erei. &hellip;","og_url":"https:\/\/beautybaltic.com\/?product=dnka-gel-polish-ultra-black-12-ml-2&lang=lv","og_site_name":"Beauty Baltic","article_publisher":"https:\/\/www.facebook.com\/siabeautybaltic\/?eid=ARDs6xwwnnHaxWoXNQhS1sgYf1tbsdYaa9nRKgzW46Bm5i4PkSKw97xrztQlMJEv9gOVxTp-o3Sq_Uwq","article_modified_time":"2026-04-15T15:37:56+00:00","og_image":[{"width":1000,"height":1001,"url":"https:\/\/beautybaltic.com\/wp-content\/uploads\/2025\/03\/Ultra-Black.jpg","type":"image\/jpeg"}],"twitter_card":"summary_large_image","twitter_misc":{"Est. reading time":"1 minute"},"schema":{"@context":"https:\/\/schema.org","@graph":[{"@type":"WebPage","@id":"https:\/\/beautybaltic.com\/?product=dnka-gel-polish-ultra-black-12-ml-2&lang=lv","url":"https:\/\/beautybaltic.com\/?product=dnka-gel-polish-ultra-black-12-ml-2&lang=lv","name":"Beauty Baltic &#183; DNKa\u2019 Gel Polish ULTRA BLACK \u2014 12 ml","isPartOf":{"@id":"https:\/\/beautybaltic.com\/#website"},"primaryImageOfPage":{"@id":"https:\/\/beautybaltic.com\/?product=dnka-gel-polish-ultra-black-12-ml-2&lang=lv#primaryimage"},"image":{"@id":"https:\/\/beautybaltic.com\/?product=dnka-gel-polish-ultra-black-12-ml-2&lang=lv#primaryimage"},"thumbnailUrl":"https:\/\/beautybaltic.com\/wp-content\/uploads\/2025\/03\/Ultra-Black.jpg","datePublished":"2025-03-05T21:07:05+00:00","dateModified":"2026-04-15T15:37:56+00:00","breadcrumb":{"@id":"https:\/\/beautybaltic.com\/?product=dnka-gel-polish-ultra-black-12-ml-2&lang=lv#breadcrumb"},"inLanguage":"en-US","potentialAction":[{"@type":"ReadAction","target":["https:\/\/beautybaltic.com\/?product=dnka-gel-polish-ultra-black-12-ml-2&lang=lv"]}]},{"@type":"ImageObject","inLanguage":"en-US","@id":"https:\/\/beautybaltic.com\/?product=dnka-gel-polish-ultra-black-12-ml-2&lang=lv#primaryimage","url":"https:\/\/beautybaltic.com\/wp-content\/uploads\/2025\/03\/Ultra-Black.jpg","contentUrl":"https:\/\/beautybaltic.com\/wp-content\/uploads\/2025\/03\/Ultra-Black.jpg","width":1000,"height":1001},{"@type":"BreadcrumbList","@id":"https:\/\/beautybaltic.com\/?product=dnka-gel-polish-ultra-black-12-ml-2&lang=lv#breadcrumb","itemListElement":[{"@type":"ListItem","position":1,"name":"Home Page","item":"https:\/\/beautybaltic.com\/"},{"@type":"ListItem","position":2,"name":"All products","item":"https:\/\/beautybaltic.com\/?page_id=113"},{"@type":"ListItem","position":3,"name":"DNKa\u2019 Gel Polish ULTRA BLACK \u2014 12 ml"}]},{"@type":"WebSite","@id":"https:\/\/beautybaltic.com\/#website","url":"https:\/\/beautybaltic.com\/","name":"Beauty Baltic","description":"","publisher":{"@id":"https:\/\/beautybaltic.com\/#organization"},"potentialAction":[{"@type":"SearchAction","target":{"@type":"EntryPoint","urlTemplate":"https:\/\/beautybaltic.com\/?s={search_term_string}"},"query-input":{"@type":"PropertyValueSpecification","valueRequired":true,"valueName":"search_term_string"}}],"inLanguage":"en-US"},{"@type":"Organization","@id":"https:\/\/beautybaltic.com\/#organization","name":"SIA \"Beauty Baltic\"","url":"https:\/\/beautybaltic.com\/","logo":{"@type":"ImageObject","inLanguage":"en-US","@id":"https:\/\/beautybaltic.com\/#\/schema\/logo\/image\/","url":"https:\/\/beautybaltic.com\/wp-content\/uploads\/2020\/04\/logo-4.png","contentUrl":"https:\/\/beautybaltic.com\/wp-content\/uploads\/2020\/04\/logo-4.png","width":704,"height":206,"caption":"SIA \"Beauty Baltic\""},"image":{"@id":"https:\/\/beautybaltic.com\/#\/schema\/logo\/image\/"},"sameAs":["https:\/\/www.facebook.com\/siabeautybaltic\/?eid=ARDs6xwwnnHaxWoXNQhS1sgYf1tbsdYaa9nRKgzW46Bm5i4PkSKw97xrztQlMJEv9gOVxTp-o3Sq_Uwq","https:\/\/www.instagram.com\/beauty_baltic\/"]}]}},"_links":{"self":[{"href":"https:\/\/beautybaltic.com\/index.php?rest_route=\/wp\/v2\/product\/18526","targetHints":{"allow":["GET"]}}],"collection":[{"href":"https:\/\/beautybaltic.com\/index.php?rest_route=\/wp\/v2\/product"}],"about":[{"href":"https:\/\/beautybaltic.com\/index.php?rest_route=\/wp\/v2\/types\/product"}],"replies":[{"embeddable":true,"href":"https:\/\/beautybaltic.com\/index.php?rest_route=%2Fwp%2Fv2%2Fcomments&post=18526"}],"wp:featuredmedia":[{"embeddable":true,"href":"https:\/\/beautybaltic.com\/index.php?rest_route=\/wp\/v2\/media\/18527"}],"wp:attachment":[{"href":"https:\/\/beautybaltic.com\/index.php?rest_route=%2Fwp%2Fv2%2Fmedia&parent=18526"}],"wp:term":[{"taxonomy":"product_brand","embeddable":true,"href":"https:\/\/beautybaltic.com\/index.php?rest_route=%2Fwp%2Fv2%2Fproduct_brand&post=18526"},{"taxonomy":"product_cat","embeddable":true,"href":"https:\/\/beautybaltic.com\/index.php?rest_route=%2Fwp%2Fv2%2Fproduct_cat&post=18526"},{"taxonomy":"product_tag","embeddable":true,"href":"https:\/\/beautybaltic.com\/index.php?rest_route=%2Fwp%2Fv2%2Fproduct_tag&post=18526"}],"curies":[{"name":"wp","href":"https:\/\/api.w.org\/{rel}","templated":true}]}}