{"id":18490,"date":"2025-03-05T23:21:05","date_gmt":"2025-03-05T20:21:05","guid":{"rendered":"https:\/\/beautybaltic.com\/?post_type=product&#038;p=18490"},"modified":"2026-04-02T10:19:21","modified_gmt":"2026-04-02T07:19:21","slug":"dnka-cover-base-0024-%d1%81reative-2","status":"publish","type":"product","link":"https:\/\/beautybaltic.com\/?product=dnka-cover-base-0024-%D1%81reative-2&lang=lv","title":{"rendered":"DNKa\u2019 Cover Base #0024 \u0421reative"},"content":{"rendered":"<p>DNKa\u2019 Cover Bases ir augst\u0101k\u0101s kvalit\u0101tes univers\u0101las kamufl\u0101\u017eas b\u0101zes, kas labi p\u0101rkl\u0101j nagu pl\u0101ksn\u012bti un \u0101tri no\u017e\u016bst. B\u0101zes \u012bpa\u0161\u0101 iez\u012bme ir t\u0101s vid\u0113ji cietais biezums, kas ir viegli izl\u012bdzin\u0101ms un vienm\u0113r\u012bgi sadal\u0101s uz naga pl\u0101ksn\u012btes. Pateicoties tam, t\u0101 rada nevainojamu sp\u012bdumu, n\u0113s\u0101\u0161anas laik\u0101 nesaraujas un tai piem\u012bt lip\u012bgas \u012bpa\u0161\u012bbas.<\/p>\n<p>Uzkl\u0101\u0161anas tehnika<\/p>\n<p>1) Uzkl\u0101jiet attaukojo\u0161u l\u012bdzekli uz naga priek\u0161\u0113j\u0101s virsmas.<br \/>\n2) Lietojiet primeri, kas nesatur sk\u0101bes, lai nodro\u0161in\u0101tu papildu sa\u0137eri.<br \/>\n3) Uzkl\u0101jiet DNKa\u2019 (\u201cRubber Base\u201d), turiet zem LED lampas 60 sekundes. UV lampa \u2013 2 min\u016btes<br \/>\n4) Uzkl\u0101jiet izl\u012bdzino\u0161o DNKa\u2019 Cover Base sl\u0101ni un atk\u0101rtojiet iepriek\u0161\u0113jo soli \u2013 \u017e\u0101v\u0113jiet zem LED lampas 60 sekundes vai 2 min\u016btes zem UV lampas.<br \/>\n5) P\u0101rkl\u0101jiet nagus ar DNKa\u2019 Top No Wipe vai DNKa\u2019 Top Matt No Wipe. Lai ieg\u016btu perfektu sp\u012bduma vai mat\u0113juma efektu, m\u0113s iesak\u0101m papildus \u017e\u0101v\u0113\u0161anas laiku aptuveni 2 min\u016btes zem LED lampas. UV lampai \u0161is laiks palielin\u0101s l\u012bdz 3 min\u016bt\u0113m.<\/p>\n<p>Sast\u0101vs:<\/p>\n<p>\u2013 di-hema trimethylhexyl dicarbamate,<br \/>\n\u2013 hydroxypropyl methacrylate,<br \/>\n\u2013 hema (hydroxyethyl methacrylate),<br \/>\n\u2013 3-methylbenzyl diphenylphosphine oxide,<br \/>\n\u2013 hydroxycyclohexyl phenyl ketone,<br \/>\n\u2013 glyceryl dimethacrylate pyromellitate,<br \/>\n\u2013 p-hydroxyanisole.<\/p>\n<hr \/>\n<table width=\"1003\">\n<tbody>\n<tr>\n<td colspan=\"7\" width=\"742\"><span style=\"font-size: 12px;\">Ra\u017eot\u0101js saska\u0146\u0101 ar GPSR: LLC NAILSWORLDUKRAINE, 14a Rudnenska St., Lviv, Lviv Region, 79052, Ukraine<\/span><\/td>\n<td width=\"87\"><\/td>\n<td width=\"87\"><\/td>\n<td width=\"87\"><\/td>\n<\/tr>\n<tr>\n<td colspan=\"10\"><span style=\"font-size: 12px;\">Atbild\u012bg\u0101 persona saska\u0146\u0101 ar GPSR: NAILSWORLDUKRAINE SP. Z O.O., 6 Reformacka St., 35-026 Rzesz\u00f3w, Poland, nailworld.ukraine@gmail.com<\/span><\/td>\n<\/tr>\n<\/tbody>\n<\/table>\n","protected":false},"excerpt":{"rendered":"<p>DNKa\u2019 Cover Bases ir augst\u0101k\u0101s kvalit\u0101tes univers\u0101las kamufl\u0101\u017eas b\u0101zes, kas labi p\u0101rkl\u0101j nagu pl\u0101ksn\u012bti un \u0101tri no\u017e\u016bst. B\u0101zes \u012bpa\u0161\u0101 iez\u012bme ir t\u0101s vid\u0113ji cietais biezums, kas ir viegli izl\u012bdzin\u0101ms un vienm\u0113r\u012bgi sadal\u0101s uz naga pl\u0101ksn\u012btes. Pateicoties tam, t\u0101 rada nevainojamu sp\u012bdumu, n\u0113s\u0101\u0161anas laik\u0101 nesaraujas un tai piem\u012bt lip\u012bgas \u012bpa\u0161\u012bbas. Uzkl\u0101\u0161anas tehnika 1) Uzkl\u0101jiet attaukojo\u0161u l\u012bdzekli &hellip; <\/p>\n","protected":false},"featured_media":18491,"comment_status":"open","ping_status":"closed","template":"","meta":[],"product_brand":[2853],"product_cat":[2026],"product_tag":[],"class_list":{"0":"post-18490","1":"product","2":"type-product","3":"status-publish","4":"has-post-thumbnail","6":"product_brand-dnka","7":"product_cat-bazes","9":"first","10":"outofstock","11":"taxable","12":"shipping-taxable","13":"purchasable","14":"product-type-simple"},"yoast_head":"<!-- This site is optimized with the Yoast SEO Premium plugin v23.0 (Yoast SEO v26.9) - https:\/\/yoast.com\/product\/yoast-seo-premium-wordpress\/ -->\n<title>Beauty Baltic &#183; DNKa\u2019 Cover Base #0024 \u0421reative<\/title>\n<meta name=\"robots\" content=\"index, follow, max-snippet:-1, max-image-preview:large, max-video-preview:-1\" \/>\n<link rel=\"canonical\" href=\"https:\/\/beautybaltic.com\/?product=dnka-cover-base-0024-\u0441reative-2&lang=lv\" \/>\n<meta property=\"og:locale\" content=\"en_US\" \/>\n<meta property=\"og:type\" content=\"article\" \/>\n<meta property=\"og:title\" content=\"DNKa\u2019 Cover Base #0024 \u0421reative\" \/>\n<meta property=\"og:description\" content=\"DNKa\u2019 Cover Bases ir augst\u0101k\u0101s kvalit\u0101tes univers\u0101las kamufl\u0101\u017eas b\u0101zes, kas labi p\u0101rkl\u0101j nagu pl\u0101ksn\u012bti un \u0101tri no\u017e\u016bst. B\u0101zes \u012bpa\u0161\u0101 iez\u012bme ir t\u0101s vid\u0113ji cietais biezums, kas ir viegli izl\u012bdzin\u0101ms un vienm\u0113r\u012bgi sadal\u0101s uz naga pl\u0101ksn\u012btes. Pateicoties tam, t\u0101 rada nevainojamu sp\u012bdumu, n\u0113s\u0101\u0161anas laik\u0101 nesaraujas un tai piem\u012bt lip\u012bgas \u012bpa\u0161\u012bbas. Uzkl\u0101\u0161anas tehnika 1) Uzkl\u0101jiet attaukojo\u0161u l\u012bdzekli &hellip;\" \/>\n<meta property=\"og:url\" content=\"https:\/\/beautybaltic.com\/?product=dnka-cover-base-0024-\u0441reative-2&amp;lang=lv\" \/>\n<meta property=\"og:site_name\" content=\"Beauty Baltic\" \/>\n<meta property=\"article:publisher\" content=\"https:\/\/www.facebook.com\/siabeautybaltic\/?eid=ARDs6xwwnnHaxWoXNQhS1sgYf1tbsdYaa9nRKgzW46Bm5i4PkSKw97xrztQlMJEv9gOVxTp-o3Sq_Uwq\" \/>\n<meta property=\"article:modified_time\" content=\"2026-04-02T07:19:21+00:00\" \/>\n<meta property=\"og:image\" content=\"https:\/\/beautybaltic.com\/wp-content\/uploads\/2025\/03\/code-0024.jpg\" \/>\n\t<meta property=\"og:image:width\" content=\"880\" \/>\n\t<meta property=\"og:image:height\" content=\"880\" \/>\n\t<meta property=\"og:image:type\" content=\"image\/jpeg\" \/>\n<meta name=\"twitter:card\" content=\"summary_large_image\" \/>\n<meta name=\"twitter:label1\" content=\"Est. reading time\" \/>\n\t<meta name=\"twitter:data1\" content=\"2 minutes\" \/>\n<script type=\"application\/ld+json\" class=\"yoast-schema-graph\">{\"@context\":\"https:\/\/schema.org\",\"@graph\":[{\"@type\":\"WebPage\",\"@id\":\"https:\/\/beautybaltic.com\/?product=dnka-cover-base-0024-%D1%81reative-2&lang=lv\",\"url\":\"https:\/\/beautybaltic.com\/?product=dnka-cover-base-0024-%D1%81reative-2&lang=lv\",\"name\":\"Beauty Baltic &#183; DNKa\u2019 Cover Base #0024 \u0421reative\",\"isPartOf\":{\"@id\":\"https:\/\/beautybaltic.com\/#website\"},\"primaryImageOfPage\":{\"@id\":\"https:\/\/beautybaltic.com\/?product=dnka-cover-base-0024-%D1%81reative-2&lang=lv#primaryimage\"},\"image\":{\"@id\":\"https:\/\/beautybaltic.com\/?product=dnka-cover-base-0024-%D1%81reative-2&lang=lv#primaryimage\"},\"thumbnailUrl\":\"https:\/\/beautybaltic.com\/wp-content\/uploads\/2025\/03\/code-0024.jpg\",\"datePublished\":\"2025-03-05T20:21:05+00:00\",\"dateModified\":\"2026-04-02T07:19:21+00:00\",\"breadcrumb\":{\"@id\":\"https:\/\/beautybaltic.com\/?product=dnka-cover-base-0024-%D1%81reative-2&lang=lv#breadcrumb\"},\"inLanguage\":\"en-US\",\"potentialAction\":[{\"@type\":\"ReadAction\",\"target\":[\"https:\/\/beautybaltic.com\/?product=dnka-cover-base-0024-%D1%81reative-2&lang=lv\"]}]},{\"@type\":\"ImageObject\",\"inLanguage\":\"en-US\",\"@id\":\"https:\/\/beautybaltic.com\/?product=dnka-cover-base-0024-%D1%81reative-2&lang=lv#primaryimage\",\"url\":\"https:\/\/beautybaltic.com\/wp-content\/uploads\/2025\/03\/code-0024.jpg\",\"contentUrl\":\"https:\/\/beautybaltic.com\/wp-content\/uploads\/2025\/03\/code-0024.jpg\",\"width\":880,\"height\":880},{\"@type\":\"BreadcrumbList\",\"@id\":\"https:\/\/beautybaltic.com\/?product=dnka-cover-base-0024-%D1%81reative-2&lang=lv#breadcrumb\",\"itemListElement\":[{\"@type\":\"ListItem\",\"position\":1,\"name\":\"Home Page\",\"item\":\"https:\/\/beautybaltic.com\/\"},{\"@type\":\"ListItem\",\"position\":2,\"name\":\"All products\",\"item\":\"https:\/\/beautybaltic.com\/?page_id=113\"},{\"@type\":\"ListItem\",\"position\":3,\"name\":\"DNKa\u2019 Cover Base #0024 \u0421reative\"}]},{\"@type\":\"WebSite\",\"@id\":\"https:\/\/beautybaltic.com\/#website\",\"url\":\"https:\/\/beautybaltic.com\/\",\"name\":\"Beauty Baltic\",\"description\":\"\",\"publisher\":{\"@id\":\"https:\/\/beautybaltic.com\/#organization\"},\"potentialAction\":[{\"@type\":\"SearchAction\",\"target\":{\"@type\":\"EntryPoint\",\"urlTemplate\":\"https:\/\/beautybaltic.com\/?s={search_term_string}\"},\"query-input\":{\"@type\":\"PropertyValueSpecification\",\"valueRequired\":true,\"valueName\":\"search_term_string\"}}],\"inLanguage\":\"en-US\"},{\"@type\":\"Organization\",\"@id\":\"https:\/\/beautybaltic.com\/#organization\",\"name\":\"SIA \\\"Beauty Baltic\\\"\",\"url\":\"https:\/\/beautybaltic.com\/\",\"logo\":{\"@type\":\"ImageObject\",\"inLanguage\":\"en-US\",\"@id\":\"https:\/\/beautybaltic.com\/#\/schema\/logo\/image\/\",\"url\":\"https:\/\/beautybaltic.com\/wp-content\/uploads\/2020\/04\/logo-4.png\",\"contentUrl\":\"https:\/\/beautybaltic.com\/wp-content\/uploads\/2020\/04\/logo-4.png\",\"width\":704,\"height\":206,\"caption\":\"SIA \\\"Beauty Baltic\\\"\"},\"image\":{\"@id\":\"https:\/\/beautybaltic.com\/#\/schema\/logo\/image\/\"},\"sameAs\":[\"https:\/\/www.facebook.com\/siabeautybaltic\/?eid=ARDs6xwwnnHaxWoXNQhS1sgYf1tbsdYaa9nRKgzW46Bm5i4PkSKw97xrztQlMJEv9gOVxTp-o3Sq_Uwq\",\"https:\/\/www.instagram.com\/beauty_baltic\/\"]}]}<\/script>\n<!-- \/ Yoast SEO Premium plugin. -->","yoast_head_json":{"title":"Beauty Baltic &#183; DNKa\u2019 Cover Base #0024 \u0421reative","robots":{"index":"index","follow":"follow","max-snippet":"max-snippet:-1","max-image-preview":"max-image-preview:large","max-video-preview":"max-video-preview:-1"},"canonical":"https:\/\/beautybaltic.com\/?product=dnka-cover-base-0024-\u0441reative-2&lang=lv","og_locale":"en_US","og_type":"article","og_title":"DNKa\u2019 Cover Base #0024 \u0421reative","og_description":"DNKa\u2019 Cover Bases ir augst\u0101k\u0101s kvalit\u0101tes univers\u0101las kamufl\u0101\u017eas b\u0101zes, kas labi p\u0101rkl\u0101j nagu pl\u0101ksn\u012bti un \u0101tri no\u017e\u016bst. B\u0101zes \u012bpa\u0161\u0101 iez\u012bme ir t\u0101s vid\u0113ji cietais biezums, kas ir viegli izl\u012bdzin\u0101ms un vienm\u0113r\u012bgi sadal\u0101s uz naga pl\u0101ksn\u012btes. Pateicoties tam, t\u0101 rada nevainojamu sp\u012bdumu, n\u0113s\u0101\u0161anas laik\u0101 nesaraujas un tai piem\u012bt lip\u012bgas \u012bpa\u0161\u012bbas. Uzkl\u0101\u0161anas tehnika 1) Uzkl\u0101jiet attaukojo\u0161u l\u012bdzekli &hellip;","og_url":"https:\/\/beautybaltic.com\/?product=dnka-cover-base-0024-\u0441reative-2&lang=lv","og_site_name":"Beauty Baltic","article_publisher":"https:\/\/www.facebook.com\/siabeautybaltic\/?eid=ARDs6xwwnnHaxWoXNQhS1sgYf1tbsdYaa9nRKgzW46Bm5i4PkSKw97xrztQlMJEv9gOVxTp-o3Sq_Uwq","article_modified_time":"2026-04-02T07:19:21+00:00","og_image":[{"width":880,"height":880,"url":"https:\/\/beautybaltic.com\/wp-content\/uploads\/2025\/03\/code-0024.jpg","type":"image\/jpeg"}],"twitter_card":"summary_large_image","twitter_misc":{"Est. reading time":"2 minutes"},"schema":{"@context":"https:\/\/schema.org","@graph":[{"@type":"WebPage","@id":"https:\/\/beautybaltic.com\/?product=dnka-cover-base-0024-%D1%81reative-2&lang=lv","url":"https:\/\/beautybaltic.com\/?product=dnka-cover-base-0024-%D1%81reative-2&lang=lv","name":"Beauty Baltic &#183; DNKa\u2019 Cover Base #0024 \u0421reative","isPartOf":{"@id":"https:\/\/beautybaltic.com\/#website"},"primaryImageOfPage":{"@id":"https:\/\/beautybaltic.com\/?product=dnka-cover-base-0024-%D1%81reative-2&lang=lv#primaryimage"},"image":{"@id":"https:\/\/beautybaltic.com\/?product=dnka-cover-base-0024-%D1%81reative-2&lang=lv#primaryimage"},"thumbnailUrl":"https:\/\/beautybaltic.com\/wp-content\/uploads\/2025\/03\/code-0024.jpg","datePublished":"2025-03-05T20:21:05+00:00","dateModified":"2026-04-02T07:19:21+00:00","breadcrumb":{"@id":"https:\/\/beautybaltic.com\/?product=dnka-cover-base-0024-%D1%81reative-2&lang=lv#breadcrumb"},"inLanguage":"en-US","potentialAction":[{"@type":"ReadAction","target":["https:\/\/beautybaltic.com\/?product=dnka-cover-base-0024-%D1%81reative-2&lang=lv"]}]},{"@type":"ImageObject","inLanguage":"en-US","@id":"https:\/\/beautybaltic.com\/?product=dnka-cover-base-0024-%D1%81reative-2&lang=lv#primaryimage","url":"https:\/\/beautybaltic.com\/wp-content\/uploads\/2025\/03\/code-0024.jpg","contentUrl":"https:\/\/beautybaltic.com\/wp-content\/uploads\/2025\/03\/code-0024.jpg","width":880,"height":880},{"@type":"BreadcrumbList","@id":"https:\/\/beautybaltic.com\/?product=dnka-cover-base-0024-%D1%81reative-2&lang=lv#breadcrumb","itemListElement":[{"@type":"ListItem","position":1,"name":"Home Page","item":"https:\/\/beautybaltic.com\/"},{"@type":"ListItem","position":2,"name":"All products","item":"https:\/\/beautybaltic.com\/?page_id=113"},{"@type":"ListItem","position":3,"name":"DNKa\u2019 Cover Base #0024 \u0421reative"}]},{"@type":"WebSite","@id":"https:\/\/beautybaltic.com\/#website","url":"https:\/\/beautybaltic.com\/","name":"Beauty Baltic","description":"","publisher":{"@id":"https:\/\/beautybaltic.com\/#organization"},"potentialAction":[{"@type":"SearchAction","target":{"@type":"EntryPoint","urlTemplate":"https:\/\/beautybaltic.com\/?s={search_term_string}"},"query-input":{"@type":"PropertyValueSpecification","valueRequired":true,"valueName":"search_term_string"}}],"inLanguage":"en-US"},{"@type":"Organization","@id":"https:\/\/beautybaltic.com\/#organization","name":"SIA \"Beauty Baltic\"","url":"https:\/\/beautybaltic.com\/","logo":{"@type":"ImageObject","inLanguage":"en-US","@id":"https:\/\/beautybaltic.com\/#\/schema\/logo\/image\/","url":"https:\/\/beautybaltic.com\/wp-content\/uploads\/2020\/04\/logo-4.png","contentUrl":"https:\/\/beautybaltic.com\/wp-content\/uploads\/2020\/04\/logo-4.png","width":704,"height":206,"caption":"SIA \"Beauty Baltic\""},"image":{"@id":"https:\/\/beautybaltic.com\/#\/schema\/logo\/image\/"},"sameAs":["https:\/\/www.facebook.com\/siabeautybaltic\/?eid=ARDs6xwwnnHaxWoXNQhS1sgYf1tbsdYaa9nRKgzW46Bm5i4PkSKw97xrztQlMJEv9gOVxTp-o3Sq_Uwq","https:\/\/www.instagram.com\/beauty_baltic\/"]}]}},"_links":{"self":[{"href":"https:\/\/beautybaltic.com\/index.php?rest_route=\/wp\/v2\/product\/18490","targetHints":{"allow":["GET"]}}],"collection":[{"href":"https:\/\/beautybaltic.com\/index.php?rest_route=\/wp\/v2\/product"}],"about":[{"href":"https:\/\/beautybaltic.com\/index.php?rest_route=\/wp\/v2\/types\/product"}],"replies":[{"embeddable":true,"href":"https:\/\/beautybaltic.com\/index.php?rest_route=%2Fwp%2Fv2%2Fcomments&post=18490"}],"wp:featuredmedia":[{"embeddable":true,"href":"https:\/\/beautybaltic.com\/index.php?rest_route=\/wp\/v2\/media\/18491"}],"wp:attachment":[{"href":"https:\/\/beautybaltic.com\/index.php?rest_route=%2Fwp%2Fv2%2Fmedia&parent=18490"}],"wp:term":[{"taxonomy":"product_brand","embeddable":true,"href":"https:\/\/beautybaltic.com\/index.php?rest_route=%2Fwp%2Fv2%2Fproduct_brand&post=18490"},{"taxonomy":"product_cat","embeddable":true,"href":"https:\/\/beautybaltic.com\/index.php?rest_route=%2Fwp%2Fv2%2Fproduct_cat&post=18490"},{"taxonomy":"product_tag","embeddable":true,"href":"https:\/\/beautybaltic.com\/index.php?rest_route=%2Fwp%2Fv2%2Fproduct_tag&post=18490"}],"curies":[{"name":"wp","href":"https:\/\/api.w.org\/{rel}","templated":true}]}}