{"id":17596,"date":"2024-12-09T00:39:02","date_gmt":"2024-12-08T21:39:02","guid":{"rendered":"https:\/\/beautybaltic.com\/?post_type=product&#038;p=17596"},"modified":"2026-02-05T12:44:14","modified_gmt":"2026-02-05T09:44:14","slug":"dnka-gel-polish-color-0012-3","status":"publish","type":"product","link":"https:\/\/beautybaltic.com\/?product=dnka-gel-polish-color-0012-3&lang=lt","title":{"rendered":"DNKa&#8217; Gel Polish Color #0012"},"content":{"rendered":"<p>&#8220;DNKa&#8217; Gel Polish Color&#8221; &#8211; tai gelini\u0173 lak\u0173 kolekcija, kurie tvirtai laikosi, puikiai d\u017ei\u016bsta, yra atspar\u016bs d\u0117v\u0117jimuisi, lengvai tepami, savaime i\u0161silygina ant nago plok\u0161tel\u0117s, lengvai tirpsta ir nekonfliktuoja su kitais TM. Kolekcijoje yra 100 unikalaus dizaino atspalvi\u0173.<\/p>\n<p>1) U\u017etepkite nuriebalinimo priemon\u0119 ant pertvarinio nago pavir\u0161iaus.<br \/>\n2) U\u017etepkite DNKa&#8217; Ultrabond r\u016bg\u0161\u010di\u0173 neturint\u012f grunt\u0105 papildomam sukibimui.<br \/>\n3) U\u017etepkite DNKa&#8217; Nano Base \/ Rubber Base \/ Fiber Base, d\u017eiovinkite LED \/ hibridin\u0117je lempoje 60 sekund\u017ei\u0173 (arba UV lempoje 2 minutes).<br \/>\n4) U\u017etepkite &#8220;DNKa&#8217; Gel Polish&#8221;, d\u017eiovinkite LED \/ hibridin\u0117je lempoje 60 sekund\u017ei\u0173 (arba UV lempoje 2 minutes).<br \/>\n5) U\u017etepkite DNKa&#8217; Top No Wipe arba DNKa&#8217; Top Matt No Wipe, d\u017eiovinkite LED \/ hibridin\u0117je lempoje 2 minutes (arba UV lempoje 3 minutes), kad pasiektum\u0117te puik\u0173 blizgumo arba mati\u0161kumo efekt\u0105.<\/p>\n","protected":false},"excerpt":{"rendered":"<p>&#8220;DNKa&#8217; Gel Polish Color&#8221; &#8211; tai gelini\u0173 lak\u0173 kolekcija, kurie tvirtai laikosi, puikiai d\u017ei\u016bsta, yra atspar\u016bs d\u0117v\u0117jimuisi, lengvai tepami, savaime i\u0161silygina ant nago plok\u0161tel\u0117s, lengvai tirpsta ir nekonfliktuoja su kitais TM. Kolekcijoje yra 100 unikalaus dizaino atspalvi\u0173. 1) U\u017etepkite nuriebalinimo priemon\u0119 ant pertvarinio nago pavir\u0161iaus. 2) U\u017etepkite DNKa&#8217; Ultrabond r\u016bg\u0161\u010di\u0173 neturint\u012f grunt\u0105 papildomam sukibimui. 3) &hellip; <\/p>\n","protected":false},"featured_media":17626,"comment_status":"open","ping_status":"closed","template":"","meta":[],"product_brand":[2853],"product_cat":[2071,2040],"product_tag":[],"class_list":{"0":"post-17596","1":"product","2":"type-product","3":"status-publish","4":"has-post-thumbnail","6":"product_brand-dnka","7":"product_cat-dnka-lt","8":"product_cat-geliniai-lakai","10":"first","11":"instock","12":"taxable","13":"shipping-taxable","14":"purchasable","15":"product-type-simple"},"yoast_head":"<!-- This site is optimized with the Yoast SEO Premium plugin v23.0 (Yoast SEO v26.9) - https:\/\/yoast.com\/product\/yoast-seo-premium-wordpress\/ -->\n<title>Beauty Baltic &#183; DNKa&#039; Gel Polish Color #0012<\/title>\n<meta name=\"robots\" content=\"index, follow, max-snippet:-1, max-image-preview:large, max-video-preview:-1\" \/>\n<link rel=\"canonical\" href=\"https:\/\/beautybaltic.com\/?product=dnka-gel-polish-color-0012-3&lang=lt\" \/>\n<meta property=\"og:locale\" content=\"en_US\" \/>\n<meta property=\"og:type\" content=\"article\" \/>\n<meta property=\"og:title\" content=\"DNKa&#039; Gel Polish Color #0012\" \/>\n<meta property=\"og:description\" content=\"&#8220;DNKa&#8217; Gel Polish Color&#8221; &#8211; tai gelini\u0173 lak\u0173 kolekcija, kurie tvirtai laikosi, puikiai d\u017ei\u016bsta, yra atspar\u016bs d\u0117v\u0117jimuisi, lengvai tepami, savaime i\u0161silygina ant nago plok\u0161tel\u0117s, lengvai tirpsta ir nekonfliktuoja su kitais TM. Kolekcijoje yra 100 unikalaus dizaino atspalvi\u0173. 1) U\u017etepkite nuriebalinimo priemon\u0119 ant pertvarinio nago pavir\u0161iaus. 2) U\u017etepkite DNKa&#8217; Ultrabond r\u016bg\u0161\u010di\u0173 neturint\u012f grunt\u0105 papildomam sukibimui. 3) &hellip;\" \/>\n<meta property=\"og:url\" content=\"https:\/\/beautybaltic.com\/?product=dnka-gel-polish-color-0012-3&amp;lang=lt\" \/>\n<meta property=\"og:site_name\" content=\"Beauty Baltic\" \/>\n<meta property=\"article:publisher\" content=\"https:\/\/www.facebook.com\/siabeautybaltic\/?eid=ARDs6xwwnnHaxWoXNQhS1sgYf1tbsdYaa9nRKgzW46Bm5i4PkSKw97xrztQlMJEv9gOVxTp-o3Sq_Uwq\" \/>\n<meta property=\"article:modified_time\" content=\"2026-02-05T09:44:14+00:00\" \/>\n<meta property=\"og:image\" content=\"https:\/\/beautybaltic.com\/wp-content\/uploads\/2024\/12\/0012-1.jpg\" \/>\n\t<meta property=\"og:image:width\" content=\"1000\" \/>\n\t<meta property=\"og:image:height\" content=\"1001\" \/>\n\t<meta property=\"og:image:type\" content=\"image\/jpeg\" \/>\n<meta name=\"twitter:card\" content=\"summary_large_image\" \/>\n<meta name=\"twitter:label1\" content=\"Est. reading time\" \/>\n\t<meta name=\"twitter:data1\" content=\"1 minute\" \/>\n<script type=\"application\/ld+json\" class=\"yoast-schema-graph\">{\"@context\":\"https:\/\/schema.org\",\"@graph\":[{\"@type\":\"WebPage\",\"@id\":\"https:\/\/beautybaltic.com\/?product=dnka-gel-polish-color-0012-3&lang=lt\",\"url\":\"https:\/\/beautybaltic.com\/?product=dnka-gel-polish-color-0012-3&lang=lt\",\"name\":\"Beauty Baltic &#183; DNKa' Gel Polish Color #0012\",\"isPartOf\":{\"@id\":\"https:\/\/beautybaltic.com\/#website\"},\"primaryImageOfPage\":{\"@id\":\"https:\/\/beautybaltic.com\/?product=dnka-gel-polish-color-0012-3&lang=lt#primaryimage\"},\"image\":{\"@id\":\"https:\/\/beautybaltic.com\/?product=dnka-gel-polish-color-0012-3&lang=lt#primaryimage\"},\"thumbnailUrl\":\"https:\/\/beautybaltic.com\/wp-content\/uploads\/2024\/12\/0012-1.jpg\",\"datePublished\":\"2024-12-08T21:39:02+00:00\",\"dateModified\":\"2026-02-05T09:44:14+00:00\",\"breadcrumb\":{\"@id\":\"https:\/\/beautybaltic.com\/?product=dnka-gel-polish-color-0012-3&lang=lt#breadcrumb\"},\"inLanguage\":\"en-US\",\"potentialAction\":[{\"@type\":\"ReadAction\",\"target\":[\"https:\/\/beautybaltic.com\/?product=dnka-gel-polish-color-0012-3&lang=lt\"]}]},{\"@type\":\"ImageObject\",\"inLanguage\":\"en-US\",\"@id\":\"https:\/\/beautybaltic.com\/?product=dnka-gel-polish-color-0012-3&lang=lt#primaryimage\",\"url\":\"https:\/\/beautybaltic.com\/wp-content\/uploads\/2024\/12\/0012-1.jpg\",\"contentUrl\":\"https:\/\/beautybaltic.com\/wp-content\/uploads\/2024\/12\/0012-1.jpg\",\"width\":1000,\"height\":1001},{\"@type\":\"BreadcrumbList\",\"@id\":\"https:\/\/beautybaltic.com\/?product=dnka-gel-polish-color-0012-3&lang=lt#breadcrumb\",\"itemListElement\":[{\"@type\":\"ListItem\",\"position\":1,\"name\":\"Home Page\",\"item\":\"https:\/\/beautybaltic.com\/\"},{\"@type\":\"ListItem\",\"position\":2,\"name\":\"All products\",\"item\":\"https:\/\/beautybaltic.com\/?page_id=113\"},{\"@type\":\"ListItem\",\"position\":3,\"name\":\"DNKa&#8217; Gel Polish Color #0012\"}]},{\"@type\":\"WebSite\",\"@id\":\"https:\/\/beautybaltic.com\/#website\",\"url\":\"https:\/\/beautybaltic.com\/\",\"name\":\"Beauty Baltic\",\"description\":\"\",\"publisher\":{\"@id\":\"https:\/\/beautybaltic.com\/#organization\"},\"potentialAction\":[{\"@type\":\"SearchAction\",\"target\":{\"@type\":\"EntryPoint\",\"urlTemplate\":\"https:\/\/beautybaltic.com\/?s={search_term_string}\"},\"query-input\":{\"@type\":\"PropertyValueSpecification\",\"valueRequired\":true,\"valueName\":\"search_term_string\"}}],\"inLanguage\":\"en-US\"},{\"@type\":\"Organization\",\"@id\":\"https:\/\/beautybaltic.com\/#organization\",\"name\":\"SIA \\\"Beauty Baltic\\\"\",\"url\":\"https:\/\/beautybaltic.com\/\",\"logo\":{\"@type\":\"ImageObject\",\"inLanguage\":\"en-US\",\"@id\":\"https:\/\/beautybaltic.com\/#\/schema\/logo\/image\/\",\"url\":\"https:\/\/beautybaltic.com\/wp-content\/uploads\/2020\/04\/logo-4.png\",\"contentUrl\":\"https:\/\/beautybaltic.com\/wp-content\/uploads\/2020\/04\/logo-4.png\",\"width\":704,\"height\":206,\"caption\":\"SIA \\\"Beauty Baltic\\\"\"},\"image\":{\"@id\":\"https:\/\/beautybaltic.com\/#\/schema\/logo\/image\/\"},\"sameAs\":[\"https:\/\/www.facebook.com\/siabeautybaltic\/?eid=ARDs6xwwnnHaxWoXNQhS1sgYf1tbsdYaa9nRKgzW46Bm5i4PkSKw97xrztQlMJEv9gOVxTp-o3Sq_Uwq\",\"https:\/\/www.instagram.com\/beauty_baltic\/\"]}]}<\/script>\n<!-- \/ Yoast SEO Premium plugin. -->","yoast_head_json":{"title":"Beauty Baltic &#183; DNKa' Gel Polish Color #0012","robots":{"index":"index","follow":"follow","max-snippet":"max-snippet:-1","max-image-preview":"max-image-preview:large","max-video-preview":"max-video-preview:-1"},"canonical":"https:\/\/beautybaltic.com\/?product=dnka-gel-polish-color-0012-3&lang=lt","og_locale":"en_US","og_type":"article","og_title":"DNKa' Gel Polish Color #0012","og_description":"&#8220;DNKa&#8217; Gel Polish Color&#8221; &#8211; tai gelini\u0173 lak\u0173 kolekcija, kurie tvirtai laikosi, puikiai d\u017ei\u016bsta, yra atspar\u016bs d\u0117v\u0117jimuisi, lengvai tepami, savaime i\u0161silygina ant nago plok\u0161tel\u0117s, lengvai tirpsta ir nekonfliktuoja su kitais TM. Kolekcijoje yra 100 unikalaus dizaino atspalvi\u0173. 1) U\u017etepkite nuriebalinimo priemon\u0119 ant pertvarinio nago pavir\u0161iaus. 2) U\u017etepkite DNKa&#8217; Ultrabond r\u016bg\u0161\u010di\u0173 neturint\u012f grunt\u0105 papildomam sukibimui. 3) &hellip;","og_url":"https:\/\/beautybaltic.com\/?product=dnka-gel-polish-color-0012-3&lang=lt","og_site_name":"Beauty Baltic","article_publisher":"https:\/\/www.facebook.com\/siabeautybaltic\/?eid=ARDs6xwwnnHaxWoXNQhS1sgYf1tbsdYaa9nRKgzW46Bm5i4PkSKw97xrztQlMJEv9gOVxTp-o3Sq_Uwq","article_modified_time":"2026-02-05T09:44:14+00:00","og_image":[{"width":1000,"height":1001,"url":"https:\/\/beautybaltic.com\/wp-content\/uploads\/2024\/12\/0012-1.jpg","type":"image\/jpeg"}],"twitter_card":"summary_large_image","twitter_misc":{"Est. reading time":"1 minute"},"schema":{"@context":"https:\/\/schema.org","@graph":[{"@type":"WebPage","@id":"https:\/\/beautybaltic.com\/?product=dnka-gel-polish-color-0012-3&lang=lt","url":"https:\/\/beautybaltic.com\/?product=dnka-gel-polish-color-0012-3&lang=lt","name":"Beauty Baltic &#183; DNKa' Gel Polish Color #0012","isPartOf":{"@id":"https:\/\/beautybaltic.com\/#website"},"primaryImageOfPage":{"@id":"https:\/\/beautybaltic.com\/?product=dnka-gel-polish-color-0012-3&lang=lt#primaryimage"},"image":{"@id":"https:\/\/beautybaltic.com\/?product=dnka-gel-polish-color-0012-3&lang=lt#primaryimage"},"thumbnailUrl":"https:\/\/beautybaltic.com\/wp-content\/uploads\/2024\/12\/0012-1.jpg","datePublished":"2024-12-08T21:39:02+00:00","dateModified":"2026-02-05T09:44:14+00:00","breadcrumb":{"@id":"https:\/\/beautybaltic.com\/?product=dnka-gel-polish-color-0012-3&lang=lt#breadcrumb"},"inLanguage":"en-US","potentialAction":[{"@type":"ReadAction","target":["https:\/\/beautybaltic.com\/?product=dnka-gel-polish-color-0012-3&lang=lt"]}]},{"@type":"ImageObject","inLanguage":"en-US","@id":"https:\/\/beautybaltic.com\/?product=dnka-gel-polish-color-0012-3&lang=lt#primaryimage","url":"https:\/\/beautybaltic.com\/wp-content\/uploads\/2024\/12\/0012-1.jpg","contentUrl":"https:\/\/beautybaltic.com\/wp-content\/uploads\/2024\/12\/0012-1.jpg","width":1000,"height":1001},{"@type":"BreadcrumbList","@id":"https:\/\/beautybaltic.com\/?product=dnka-gel-polish-color-0012-3&lang=lt#breadcrumb","itemListElement":[{"@type":"ListItem","position":1,"name":"Home Page","item":"https:\/\/beautybaltic.com\/"},{"@type":"ListItem","position":2,"name":"All products","item":"https:\/\/beautybaltic.com\/?page_id=113"},{"@type":"ListItem","position":3,"name":"DNKa&#8217; Gel Polish Color #0012"}]},{"@type":"WebSite","@id":"https:\/\/beautybaltic.com\/#website","url":"https:\/\/beautybaltic.com\/","name":"Beauty Baltic","description":"","publisher":{"@id":"https:\/\/beautybaltic.com\/#organization"},"potentialAction":[{"@type":"SearchAction","target":{"@type":"EntryPoint","urlTemplate":"https:\/\/beautybaltic.com\/?s={search_term_string}"},"query-input":{"@type":"PropertyValueSpecification","valueRequired":true,"valueName":"search_term_string"}}],"inLanguage":"en-US"},{"@type":"Organization","@id":"https:\/\/beautybaltic.com\/#organization","name":"SIA \"Beauty Baltic\"","url":"https:\/\/beautybaltic.com\/","logo":{"@type":"ImageObject","inLanguage":"en-US","@id":"https:\/\/beautybaltic.com\/#\/schema\/logo\/image\/","url":"https:\/\/beautybaltic.com\/wp-content\/uploads\/2020\/04\/logo-4.png","contentUrl":"https:\/\/beautybaltic.com\/wp-content\/uploads\/2020\/04\/logo-4.png","width":704,"height":206,"caption":"SIA \"Beauty Baltic\""},"image":{"@id":"https:\/\/beautybaltic.com\/#\/schema\/logo\/image\/"},"sameAs":["https:\/\/www.facebook.com\/siabeautybaltic\/?eid=ARDs6xwwnnHaxWoXNQhS1sgYf1tbsdYaa9nRKgzW46Bm5i4PkSKw97xrztQlMJEv9gOVxTp-o3Sq_Uwq","https:\/\/www.instagram.com\/beauty_baltic\/"]}]}},"_links":{"self":[{"href":"https:\/\/beautybaltic.com\/index.php?rest_route=\/wp\/v2\/product\/17596","targetHints":{"allow":["GET"]}}],"collection":[{"href":"https:\/\/beautybaltic.com\/index.php?rest_route=\/wp\/v2\/product"}],"about":[{"href":"https:\/\/beautybaltic.com\/index.php?rest_route=\/wp\/v2\/types\/product"}],"replies":[{"embeddable":true,"href":"https:\/\/beautybaltic.com\/index.php?rest_route=%2Fwp%2Fv2%2Fcomments&post=17596"}],"wp:featuredmedia":[{"embeddable":true,"href":"https:\/\/beautybaltic.com\/index.php?rest_route=\/wp\/v2\/media\/17626"}],"wp:attachment":[{"href":"https:\/\/beautybaltic.com\/index.php?rest_route=%2Fwp%2Fv2%2Fmedia&parent=17596"}],"wp:term":[{"taxonomy":"product_brand","embeddable":true,"href":"https:\/\/beautybaltic.com\/index.php?rest_route=%2Fwp%2Fv2%2Fproduct_brand&post=17596"},{"taxonomy":"product_cat","embeddable":true,"href":"https:\/\/beautybaltic.com\/index.php?rest_route=%2Fwp%2Fv2%2Fproduct_cat&post=17596"},{"taxonomy":"product_tag","embeddable":true,"href":"https:\/\/beautybaltic.com\/index.php?rest_route=%2Fwp%2Fv2%2Fproduct_tag&post=17596"}],"curies":[{"name":"wp","href":"https:\/\/api.w.org\/{rel}","templated":true}]}}