{"id":17301,"date":"2024-12-07T00:29:22","date_gmt":"2024-12-06T21:29:22","guid":{"rendered":"https:\/\/beautybaltic.com\/?post_type=product&#038;p=17301"},"modified":"2026-04-17T13:13:37","modified_gmt":"2026-04-17T10:13:37","slug":"dnka-multi-top-12-ml-2","status":"publish","type":"product","link":"https:\/\/beautybaltic.com\/?product=dnka-multi-top-12-ml-2&lang=lv","title":{"rendered":"DNKa&#8217; Multi Top &#8211; 12 ml"},"content":{"rendered":"<p>DNKa Multi Top ir DNKa jaun\u0101s paaudzes daudzfunkcion\u0101ls virs\u0113jais p\u0101rkl\u0101jums bez lip\u012bga sl\u0101\u0146a, kas bag\u0101tin\u0101ts ar optim\u0101lu UV filtru daudzumu. Tas ir \u012bpa\u0161i iztur\u012bgs pret \u0101r\u0113jo meh\u0101nisko iedarb\u012bbu un nov\u0113r\u0161 plais\u0101\u0161anu un plais\u0101\u0161anu. Pateicoties t\u0101s sabalans\u0113tajai konsistencei, kas ir tuva \u0161\u0137idr\u0101kai konsistencei, t\u0101 ir efekt\u012bvi pa\u0161izl\u012bdzino\u0161a, neiek\u013c\u016bstot nagu degun\u0101.<\/p>\n<p>DNKa Multi Top saglab\u0101 kr\u0101sas intensit\u0101ti un pie\u0161\u0137ir nagiem ilgsto\u0161u sp\u012bdumu. \u0160\u012b daudzfunkcion\u0101l\u0101 apdares k\u0101rta nodro\u0161ina uzticamu aizsardz\u012bbu un lielisku izskatu, padarot to par perfektu manik\u012bra nobeiguma elementu.<\/p>\n<p>DNKa virs\u0113j\u0101 p\u0101rkl\u0101juma uzkl\u0101\u0161anas tehnolo\u0123ija:<br \/>\nVirsk\u0101rtas uzkl\u0101\u0161anas tehnolo\u0123ija: Virsk\u0101rta j\u0101kl\u0101j pl\u0101n\u0101 sl\u0101n\u012b, lai t\u0101 nesapl\u016bst un nesadedzas lamp\u0101.<br \/>\nUzkl\u0101jot, oti\u0146a j\u0101novieto paral\u0113li nagam un j\u0101virza no centra, sadalot materi\u0101lu uz kutikulu un s\u0101nu rull\u012b\u0161iem.<br \/>\nPolimeriz\u0113 UV spuldz\u0113 &#8211; 3 min. vai LED spuldz\u0113 &#8211; 2 min.<\/p>\n","protected":false},"excerpt":{"rendered":"<p>DNKa Multi Top ir DNKa jaun\u0101s paaudzes daudzfunkcion\u0101ls virs\u0113jais p\u0101rkl\u0101jums bez lip\u012bga sl\u0101\u0146a, kas bag\u0101tin\u0101ts ar optim\u0101lu UV filtru daudzumu. Tas ir \u012bpa\u0161i iztur\u012bgs pret \u0101r\u0113jo meh\u0101nisko iedarb\u012bbu un nov\u0113r\u0161 plais\u0101\u0161anu un plais\u0101\u0161anu. Pateicoties t\u0101s sabalans\u0113tajai konsistencei, kas ir tuva \u0161\u0137idr\u0101kai konsistencei, t\u0101 ir efekt\u012bvi pa\u0161izl\u012bdzino\u0161a, neiek\u013c\u016bstot nagu degun\u0101. DNKa Multi Top saglab\u0101 kr\u0101sas intensit\u0101ti &hellip; <\/p>\n","protected":false},"featured_media":17302,"comment_status":"open","ping_status":"closed","template":"","meta":[],"product_brand":[2853],"product_cat":[2069,2032],"product_tag":[],"class_list":{"0":"post-17301","1":"product","2":"type-product","3":"status-publish","4":"has-post-thumbnail","6":"product_brand-dnka","7":"product_cat-dnka-lv","8":"product_cat-topi","10":"first","11":"instock","12":"taxable","13":"shipping-taxable","14":"purchasable","15":"product-type-simple"},"yoast_head":"<!-- This site is optimized with the Yoast SEO Premium plugin v23.0 (Yoast SEO v26.9) - https:\/\/yoast.com\/product\/yoast-seo-premium-wordpress\/ -->\n<title>Beauty Baltic &#183; DNKa&#039; Multi Top - 12 ml<\/title>\n<meta name=\"robots\" content=\"index, follow, max-snippet:-1, max-image-preview:large, max-video-preview:-1\" \/>\n<link rel=\"canonical\" href=\"https:\/\/beautybaltic.com\/?product=dnka-multi-top-12-ml-2&lang=lv\" \/>\n<meta property=\"og:locale\" content=\"en_US\" \/>\n<meta property=\"og:type\" content=\"article\" \/>\n<meta property=\"og:title\" content=\"DNKa&#039; Multi Top - 12 ml\" \/>\n<meta property=\"og:description\" content=\"DNKa Multi Top ir DNKa jaun\u0101s paaudzes daudzfunkcion\u0101ls virs\u0113jais p\u0101rkl\u0101jums bez lip\u012bga sl\u0101\u0146a, kas bag\u0101tin\u0101ts ar optim\u0101lu UV filtru daudzumu. Tas ir \u012bpa\u0161i iztur\u012bgs pret \u0101r\u0113jo meh\u0101nisko iedarb\u012bbu un nov\u0113r\u0161 plais\u0101\u0161anu un plais\u0101\u0161anu. Pateicoties t\u0101s sabalans\u0113tajai konsistencei, kas ir tuva \u0161\u0137idr\u0101kai konsistencei, t\u0101 ir efekt\u012bvi pa\u0161izl\u012bdzino\u0161a, neiek\u013c\u016bstot nagu degun\u0101. DNKa Multi Top saglab\u0101 kr\u0101sas intensit\u0101ti &hellip;\" \/>\n<meta property=\"og:url\" content=\"https:\/\/beautybaltic.com\/?product=dnka-multi-top-12-ml-2&amp;lang=lv\" \/>\n<meta property=\"og:site_name\" content=\"Beauty Baltic\" \/>\n<meta property=\"article:publisher\" content=\"https:\/\/www.facebook.com\/siabeautybaltic\/?eid=ARDs6xwwnnHaxWoXNQhS1sgYf1tbsdYaa9nRKgzW46Bm5i4PkSKw97xrztQlMJEv9gOVxTp-o3Sq_Uwq\" \/>\n<meta property=\"article:modified_time\" content=\"2026-04-17T10:13:37+00:00\" \/>\n<meta property=\"og:image\" content=\"https:\/\/beautybaltic.com\/wp-content\/uploads\/2024\/12\/MULTI-TOP.jpg\" \/>\n\t<meta property=\"og:image:width\" content=\"880\" \/>\n\t<meta property=\"og:image:height\" content=\"880\" \/>\n\t<meta property=\"og:image:type\" content=\"image\/jpeg\" \/>\n<meta name=\"twitter:card\" content=\"summary_large_image\" \/>\n<meta name=\"twitter:label1\" content=\"Est. reading time\" \/>\n\t<meta name=\"twitter:data1\" content=\"1 minute\" \/>\n<script type=\"application\/ld+json\" class=\"yoast-schema-graph\">{\"@context\":\"https:\/\/schema.org\",\"@graph\":[{\"@type\":\"WebPage\",\"@id\":\"https:\/\/beautybaltic.com\/?product=dnka-multi-top-12-ml-2&lang=lv\",\"url\":\"https:\/\/beautybaltic.com\/?product=dnka-multi-top-12-ml-2&lang=lv\",\"name\":\"Beauty Baltic &#183; DNKa' Multi Top - 12 ml\",\"isPartOf\":{\"@id\":\"https:\/\/beautybaltic.com\/#website\"},\"primaryImageOfPage\":{\"@id\":\"https:\/\/beautybaltic.com\/?product=dnka-multi-top-12-ml-2&lang=lv#primaryimage\"},\"image\":{\"@id\":\"https:\/\/beautybaltic.com\/?product=dnka-multi-top-12-ml-2&lang=lv#primaryimage\"},\"thumbnailUrl\":\"https:\/\/beautybaltic.com\/wp-content\/uploads\/2024\/12\/MULTI-TOP.jpg\",\"datePublished\":\"2024-12-06T21:29:22+00:00\",\"dateModified\":\"2026-04-17T10:13:37+00:00\",\"breadcrumb\":{\"@id\":\"https:\/\/beautybaltic.com\/?product=dnka-multi-top-12-ml-2&lang=lv#breadcrumb\"},\"inLanguage\":\"en-US\",\"potentialAction\":[{\"@type\":\"ReadAction\",\"target\":[\"https:\/\/beautybaltic.com\/?product=dnka-multi-top-12-ml-2&lang=lv\"]}]},{\"@type\":\"ImageObject\",\"inLanguage\":\"en-US\",\"@id\":\"https:\/\/beautybaltic.com\/?product=dnka-multi-top-12-ml-2&lang=lv#primaryimage\",\"url\":\"https:\/\/beautybaltic.com\/wp-content\/uploads\/2024\/12\/MULTI-TOP.jpg\",\"contentUrl\":\"https:\/\/beautybaltic.com\/wp-content\/uploads\/2024\/12\/MULTI-TOP.jpg\",\"width\":880,\"height\":880},{\"@type\":\"BreadcrumbList\",\"@id\":\"https:\/\/beautybaltic.com\/?product=dnka-multi-top-12-ml-2&lang=lv#breadcrumb\",\"itemListElement\":[{\"@type\":\"ListItem\",\"position\":1,\"name\":\"Home Page\",\"item\":\"https:\/\/beautybaltic.com\/\"},{\"@type\":\"ListItem\",\"position\":2,\"name\":\"All products\",\"item\":\"https:\/\/beautybaltic.com\/?page_id=113\"},{\"@type\":\"ListItem\",\"position\":3,\"name\":\"DNKa&#8217; Multi Top &#8211; 12 ml\"}]},{\"@type\":\"WebSite\",\"@id\":\"https:\/\/beautybaltic.com\/#website\",\"url\":\"https:\/\/beautybaltic.com\/\",\"name\":\"Beauty Baltic\",\"description\":\"\",\"publisher\":{\"@id\":\"https:\/\/beautybaltic.com\/#organization\"},\"potentialAction\":[{\"@type\":\"SearchAction\",\"target\":{\"@type\":\"EntryPoint\",\"urlTemplate\":\"https:\/\/beautybaltic.com\/?s={search_term_string}\"},\"query-input\":{\"@type\":\"PropertyValueSpecification\",\"valueRequired\":true,\"valueName\":\"search_term_string\"}}],\"inLanguage\":\"en-US\"},{\"@type\":\"Organization\",\"@id\":\"https:\/\/beautybaltic.com\/#organization\",\"name\":\"SIA \\\"Beauty Baltic\\\"\",\"url\":\"https:\/\/beautybaltic.com\/\",\"logo\":{\"@type\":\"ImageObject\",\"inLanguage\":\"en-US\",\"@id\":\"https:\/\/beautybaltic.com\/#\/schema\/logo\/image\/\",\"url\":\"https:\/\/beautybaltic.com\/wp-content\/uploads\/2020\/04\/logo-4.png\",\"contentUrl\":\"https:\/\/beautybaltic.com\/wp-content\/uploads\/2020\/04\/logo-4.png\",\"width\":704,\"height\":206,\"caption\":\"SIA \\\"Beauty Baltic\\\"\"},\"image\":{\"@id\":\"https:\/\/beautybaltic.com\/#\/schema\/logo\/image\/\"},\"sameAs\":[\"https:\/\/www.facebook.com\/siabeautybaltic\/?eid=ARDs6xwwnnHaxWoXNQhS1sgYf1tbsdYaa9nRKgzW46Bm5i4PkSKw97xrztQlMJEv9gOVxTp-o3Sq_Uwq\",\"https:\/\/www.instagram.com\/beauty_baltic\/\"]}]}<\/script>\n<!-- \/ Yoast SEO Premium plugin. -->","yoast_head_json":{"title":"Beauty Baltic &#183; DNKa' Multi Top - 12 ml","robots":{"index":"index","follow":"follow","max-snippet":"max-snippet:-1","max-image-preview":"max-image-preview:large","max-video-preview":"max-video-preview:-1"},"canonical":"https:\/\/beautybaltic.com\/?product=dnka-multi-top-12-ml-2&lang=lv","og_locale":"en_US","og_type":"article","og_title":"DNKa' Multi Top - 12 ml","og_description":"DNKa Multi Top ir DNKa jaun\u0101s paaudzes daudzfunkcion\u0101ls virs\u0113jais p\u0101rkl\u0101jums bez lip\u012bga sl\u0101\u0146a, kas bag\u0101tin\u0101ts ar optim\u0101lu UV filtru daudzumu. Tas ir \u012bpa\u0161i iztur\u012bgs pret \u0101r\u0113jo meh\u0101nisko iedarb\u012bbu un nov\u0113r\u0161 plais\u0101\u0161anu un plais\u0101\u0161anu. Pateicoties t\u0101s sabalans\u0113tajai konsistencei, kas ir tuva \u0161\u0137idr\u0101kai konsistencei, t\u0101 ir efekt\u012bvi pa\u0161izl\u012bdzino\u0161a, neiek\u013c\u016bstot nagu degun\u0101. DNKa Multi Top saglab\u0101 kr\u0101sas intensit\u0101ti &hellip;","og_url":"https:\/\/beautybaltic.com\/?product=dnka-multi-top-12-ml-2&lang=lv","og_site_name":"Beauty Baltic","article_publisher":"https:\/\/www.facebook.com\/siabeautybaltic\/?eid=ARDs6xwwnnHaxWoXNQhS1sgYf1tbsdYaa9nRKgzW46Bm5i4PkSKw97xrztQlMJEv9gOVxTp-o3Sq_Uwq","article_modified_time":"2026-04-17T10:13:37+00:00","og_image":[{"width":880,"height":880,"url":"https:\/\/beautybaltic.com\/wp-content\/uploads\/2024\/12\/MULTI-TOP.jpg","type":"image\/jpeg"}],"twitter_card":"summary_large_image","twitter_misc":{"Est. reading time":"1 minute"},"schema":{"@context":"https:\/\/schema.org","@graph":[{"@type":"WebPage","@id":"https:\/\/beautybaltic.com\/?product=dnka-multi-top-12-ml-2&lang=lv","url":"https:\/\/beautybaltic.com\/?product=dnka-multi-top-12-ml-2&lang=lv","name":"Beauty Baltic &#183; DNKa' Multi Top - 12 ml","isPartOf":{"@id":"https:\/\/beautybaltic.com\/#website"},"primaryImageOfPage":{"@id":"https:\/\/beautybaltic.com\/?product=dnka-multi-top-12-ml-2&lang=lv#primaryimage"},"image":{"@id":"https:\/\/beautybaltic.com\/?product=dnka-multi-top-12-ml-2&lang=lv#primaryimage"},"thumbnailUrl":"https:\/\/beautybaltic.com\/wp-content\/uploads\/2024\/12\/MULTI-TOP.jpg","datePublished":"2024-12-06T21:29:22+00:00","dateModified":"2026-04-17T10:13:37+00:00","breadcrumb":{"@id":"https:\/\/beautybaltic.com\/?product=dnka-multi-top-12-ml-2&lang=lv#breadcrumb"},"inLanguage":"en-US","potentialAction":[{"@type":"ReadAction","target":["https:\/\/beautybaltic.com\/?product=dnka-multi-top-12-ml-2&lang=lv"]}]},{"@type":"ImageObject","inLanguage":"en-US","@id":"https:\/\/beautybaltic.com\/?product=dnka-multi-top-12-ml-2&lang=lv#primaryimage","url":"https:\/\/beautybaltic.com\/wp-content\/uploads\/2024\/12\/MULTI-TOP.jpg","contentUrl":"https:\/\/beautybaltic.com\/wp-content\/uploads\/2024\/12\/MULTI-TOP.jpg","width":880,"height":880},{"@type":"BreadcrumbList","@id":"https:\/\/beautybaltic.com\/?product=dnka-multi-top-12-ml-2&lang=lv#breadcrumb","itemListElement":[{"@type":"ListItem","position":1,"name":"Home Page","item":"https:\/\/beautybaltic.com\/"},{"@type":"ListItem","position":2,"name":"All products","item":"https:\/\/beautybaltic.com\/?page_id=113"},{"@type":"ListItem","position":3,"name":"DNKa&#8217; Multi Top &#8211; 12 ml"}]},{"@type":"WebSite","@id":"https:\/\/beautybaltic.com\/#website","url":"https:\/\/beautybaltic.com\/","name":"Beauty Baltic","description":"","publisher":{"@id":"https:\/\/beautybaltic.com\/#organization"},"potentialAction":[{"@type":"SearchAction","target":{"@type":"EntryPoint","urlTemplate":"https:\/\/beautybaltic.com\/?s={search_term_string}"},"query-input":{"@type":"PropertyValueSpecification","valueRequired":true,"valueName":"search_term_string"}}],"inLanguage":"en-US"},{"@type":"Organization","@id":"https:\/\/beautybaltic.com\/#organization","name":"SIA \"Beauty Baltic\"","url":"https:\/\/beautybaltic.com\/","logo":{"@type":"ImageObject","inLanguage":"en-US","@id":"https:\/\/beautybaltic.com\/#\/schema\/logo\/image\/","url":"https:\/\/beautybaltic.com\/wp-content\/uploads\/2020\/04\/logo-4.png","contentUrl":"https:\/\/beautybaltic.com\/wp-content\/uploads\/2020\/04\/logo-4.png","width":704,"height":206,"caption":"SIA \"Beauty Baltic\""},"image":{"@id":"https:\/\/beautybaltic.com\/#\/schema\/logo\/image\/"},"sameAs":["https:\/\/www.facebook.com\/siabeautybaltic\/?eid=ARDs6xwwnnHaxWoXNQhS1sgYf1tbsdYaa9nRKgzW46Bm5i4PkSKw97xrztQlMJEv9gOVxTp-o3Sq_Uwq","https:\/\/www.instagram.com\/beauty_baltic\/"]}]}},"_links":{"self":[{"href":"https:\/\/beautybaltic.com\/index.php?rest_route=\/wp\/v2\/product\/17301","targetHints":{"allow":["GET"]}}],"collection":[{"href":"https:\/\/beautybaltic.com\/index.php?rest_route=\/wp\/v2\/product"}],"about":[{"href":"https:\/\/beautybaltic.com\/index.php?rest_route=\/wp\/v2\/types\/product"}],"replies":[{"embeddable":true,"href":"https:\/\/beautybaltic.com\/index.php?rest_route=%2Fwp%2Fv2%2Fcomments&post=17301"}],"wp:featuredmedia":[{"embeddable":true,"href":"https:\/\/beautybaltic.com\/index.php?rest_route=\/wp\/v2\/media\/17302"}],"wp:attachment":[{"href":"https:\/\/beautybaltic.com\/index.php?rest_route=%2Fwp%2Fv2%2Fmedia&parent=17301"}],"wp:term":[{"taxonomy":"product_brand","embeddable":true,"href":"https:\/\/beautybaltic.com\/index.php?rest_route=%2Fwp%2Fv2%2Fproduct_brand&post=17301"},{"taxonomy":"product_cat","embeddable":true,"href":"https:\/\/beautybaltic.com\/index.php?rest_route=%2Fwp%2Fv2%2Fproduct_cat&post=17301"},{"taxonomy":"product_tag","embeddable":true,"href":"https:\/\/beautybaltic.com\/index.php?rest_route=%2Fwp%2Fv2%2Fproduct_tag&post=17301"}],"curies":[{"name":"wp","href":"https:\/\/api.w.org\/{rel}","templated":true}]}}