{"id":17279,"date":"2024-12-06T23:45:48","date_gmt":"2024-12-06T20:45:48","guid":{"rendered":"https:\/\/beautybaltic.com\/?post_type=product&#038;p=17279"},"modified":"2026-01-22T12:56:04","modified_gmt":"2026-01-22T09:56:04","slug":"top-matt-no-wipe-dnka-12-ml-2","status":"publish","type":"product","link":"https:\/\/beautybaltic.com\/?product=top-matt-no-wipe-dnka-12-ml-2&lang=lv","title":{"rendered":"Top Matt No Wipe DNKa &#8211; 12 ml"},"content":{"rendered":"<p>DNKa&#8217; Top Matt No Wipe ir nelip\u012bga mat\u0113ta fini\u0161a p\u0101rkl\u0101jums, kas piem\u0113rots gan gai\u0161iem, gan tum\u0161iem to\u0146iem un saglab\u0101 nevainojamu izskatu l\u012bdz pat trim ned\u0113\u013c\u0101m. DNKa&#8217; Top Matt No Wipe galven\u0101 \u012bpa\u0161\u012bba ir t\u0101s p\u0101rsteidzo\u0161ais nubuka efekts. Turkl\u0101t apdare ir pa\u0161izl\u012bdzino\u0161a, laika gait\u0101 nedzelt\u0113 un aizsarg\u0101 pret meh\u0101niskiem boj\u0101jumiem.<\/p>\n<p>Uzkl\u0101\u0161anas pa\u0146\u0113miens<\/p>\n<p>1) Sagatavojiet nagus darbam un uzkl\u0101jiet g\u0113la lakas sist\u0113mu.<br \/>\n2) P\u0101rkl\u0101jiet visas nagu pl\u0101ksn\u012btes ar Top No Wipe, nosedzot galus.<br \/>\n3) Polimeriz\u0113jiet nagus zem LED lampas 60 sekundes vai zem UV stariem 2 min\u016btes. P\u0113c polimeriz\u0101cijas noteikti \u013caujiet da\u017eas min\u016btes atdzist.<\/p>\n<p>Sast\u0101vs:<br \/>\n&#8211; ACRYLATES COPOLYMER,<br \/>\n&#8211; DIPROPYLENE GLYCOL DIACRYLATE,<br \/>\n&#8211; BUMETRIZOLE,<br \/>\n&#8211; SILICA<\/p>\n","protected":false},"excerpt":{"rendered":"<p>DNKa&#8217; Top Matt No Wipe ir nelip\u012bga mat\u0113ta fini\u0161a p\u0101rkl\u0101jums, kas piem\u0113rots gan gai\u0161iem, gan tum\u0161iem to\u0146iem un saglab\u0101 nevainojamu izskatu l\u012bdz pat trim ned\u0113\u013c\u0101m. DNKa&#8217; Top Matt No Wipe galven\u0101 \u012bpa\u0161\u012bba ir t\u0101s p\u0101rsteidzo\u0161ais nubuka efekts. Turkl\u0101t apdare ir pa\u0161izl\u012bdzino\u0161a, laika gait\u0101 nedzelt\u0113 un aizsarg\u0101 pret meh\u0101niskiem boj\u0101jumiem. Uzkl\u0101\u0161anas pa\u0146\u0113miens 1) Sagatavojiet nagus darbam &hellip; <\/p>\n","protected":false},"featured_media":17280,"comment_status":"open","ping_status":"closed","template":"","meta":[],"product_brand":[2853],"product_cat":[2069,2032],"product_tag":[],"class_list":{"0":"post-17279","1":"product","2":"type-product","3":"status-publish","4":"has-post-thumbnail","6":"product_brand-dnka","7":"product_cat-dnka-lv","8":"product_cat-topi","10":"first","11":"instock","12":"taxable","13":"shipping-taxable","14":"purchasable","15":"product-type-simple"},"yoast_head":"<!-- This site is optimized with the Yoast SEO Premium plugin v23.0 (Yoast SEO v26.9) - https:\/\/yoast.com\/product\/yoast-seo-premium-wordpress\/ -->\n<title>Beauty Baltic &#183; Top Matt No Wipe DNKa - 12 ml<\/title>\n<meta name=\"robots\" content=\"index, follow, max-snippet:-1, max-image-preview:large, max-video-preview:-1\" \/>\n<link rel=\"canonical\" href=\"https:\/\/beautybaltic.com\/?product=top-matt-no-wipe-dnka-12-ml-2&lang=lv\" \/>\n<meta property=\"og:locale\" content=\"en_US\" \/>\n<meta property=\"og:type\" content=\"article\" \/>\n<meta property=\"og:title\" content=\"Top Matt No Wipe DNKa - 12 ml\" \/>\n<meta property=\"og:description\" content=\"DNKa&#8217; Top Matt No Wipe ir nelip\u012bga mat\u0113ta fini\u0161a p\u0101rkl\u0101jums, kas piem\u0113rots gan gai\u0161iem, gan tum\u0161iem to\u0146iem un saglab\u0101 nevainojamu izskatu l\u012bdz pat trim ned\u0113\u013c\u0101m. DNKa&#8217; Top Matt No Wipe galven\u0101 \u012bpa\u0161\u012bba ir t\u0101s p\u0101rsteidzo\u0161ais nubuka efekts. Turkl\u0101t apdare ir pa\u0161izl\u012bdzino\u0161a, laika gait\u0101 nedzelt\u0113 un aizsarg\u0101 pret meh\u0101niskiem boj\u0101jumiem. Uzkl\u0101\u0161anas pa\u0146\u0113miens 1) Sagatavojiet nagus darbam &hellip;\" \/>\n<meta property=\"og:url\" content=\"https:\/\/beautybaltic.com\/?product=top-matt-no-wipe-dnka-12-ml-2&amp;lang=lv\" \/>\n<meta property=\"og:site_name\" content=\"Beauty Baltic\" \/>\n<meta property=\"article:publisher\" content=\"https:\/\/www.facebook.com\/siabeautybaltic\/?eid=ARDs6xwwnnHaxWoXNQhS1sgYf1tbsdYaa9nRKgzW46Bm5i4PkSKw97xrztQlMJEv9gOVxTp-o3Sq_Uwq\" \/>\n<meta property=\"article:modified_time\" content=\"2026-01-22T09:56:04+00:00\" \/>\n<meta property=\"og:image\" content=\"https:\/\/beautybaltic.com\/wp-content\/uploads\/2024\/12\/TOP-MATT-NO-WIPE.jpg\" \/>\n\t<meta property=\"og:image:width\" content=\"880\" \/>\n\t<meta property=\"og:image:height\" content=\"880\" \/>\n\t<meta property=\"og:image:type\" content=\"image\/jpeg\" \/>\n<meta name=\"twitter:card\" content=\"summary_large_image\" \/>\n<meta name=\"twitter:label1\" content=\"Est. reading time\" \/>\n\t<meta name=\"twitter:data1\" content=\"1 minute\" \/>\n<script type=\"application\/ld+json\" class=\"yoast-schema-graph\">{\"@context\":\"https:\/\/schema.org\",\"@graph\":[{\"@type\":\"WebPage\",\"@id\":\"https:\/\/beautybaltic.com\/?product=top-matt-no-wipe-dnka-12-ml-2&lang=lv\",\"url\":\"https:\/\/beautybaltic.com\/?product=top-matt-no-wipe-dnka-12-ml-2&lang=lv\",\"name\":\"Beauty Baltic &#183; Top Matt No Wipe DNKa - 12 ml\",\"isPartOf\":{\"@id\":\"https:\/\/beautybaltic.com\/#website\"},\"primaryImageOfPage\":{\"@id\":\"https:\/\/beautybaltic.com\/?product=top-matt-no-wipe-dnka-12-ml-2&lang=lv#primaryimage\"},\"image\":{\"@id\":\"https:\/\/beautybaltic.com\/?product=top-matt-no-wipe-dnka-12-ml-2&lang=lv#primaryimage\"},\"thumbnailUrl\":\"https:\/\/beautybaltic.com\/wp-content\/uploads\/2024\/12\/TOP-MATT-NO-WIPE.jpg\",\"datePublished\":\"2024-12-06T20:45:48+00:00\",\"dateModified\":\"2026-01-22T09:56:04+00:00\",\"breadcrumb\":{\"@id\":\"https:\/\/beautybaltic.com\/?product=top-matt-no-wipe-dnka-12-ml-2&lang=lv#breadcrumb\"},\"inLanguage\":\"en-US\",\"potentialAction\":[{\"@type\":\"ReadAction\",\"target\":[\"https:\/\/beautybaltic.com\/?product=top-matt-no-wipe-dnka-12-ml-2&lang=lv\"]}]},{\"@type\":\"ImageObject\",\"inLanguage\":\"en-US\",\"@id\":\"https:\/\/beautybaltic.com\/?product=top-matt-no-wipe-dnka-12-ml-2&lang=lv#primaryimage\",\"url\":\"https:\/\/beautybaltic.com\/wp-content\/uploads\/2024\/12\/TOP-MATT-NO-WIPE.jpg\",\"contentUrl\":\"https:\/\/beautybaltic.com\/wp-content\/uploads\/2024\/12\/TOP-MATT-NO-WIPE.jpg\",\"width\":880,\"height\":880},{\"@type\":\"BreadcrumbList\",\"@id\":\"https:\/\/beautybaltic.com\/?product=top-matt-no-wipe-dnka-12-ml-2&lang=lv#breadcrumb\",\"itemListElement\":[{\"@type\":\"ListItem\",\"position\":1,\"name\":\"Home Page\",\"item\":\"https:\/\/beautybaltic.com\/\"},{\"@type\":\"ListItem\",\"position\":2,\"name\":\"All products\",\"item\":\"https:\/\/beautybaltic.com\/?page_id=113\"},{\"@type\":\"ListItem\",\"position\":3,\"name\":\"Top Matt No Wipe DNKa &#8211; 12 ml\"}]},{\"@type\":\"WebSite\",\"@id\":\"https:\/\/beautybaltic.com\/#website\",\"url\":\"https:\/\/beautybaltic.com\/\",\"name\":\"Beauty Baltic\",\"description\":\"\",\"publisher\":{\"@id\":\"https:\/\/beautybaltic.com\/#organization\"},\"potentialAction\":[{\"@type\":\"SearchAction\",\"target\":{\"@type\":\"EntryPoint\",\"urlTemplate\":\"https:\/\/beautybaltic.com\/?s={search_term_string}\"},\"query-input\":{\"@type\":\"PropertyValueSpecification\",\"valueRequired\":true,\"valueName\":\"search_term_string\"}}],\"inLanguage\":\"en-US\"},{\"@type\":\"Organization\",\"@id\":\"https:\/\/beautybaltic.com\/#organization\",\"name\":\"SIA \\\"Beauty Baltic\\\"\",\"url\":\"https:\/\/beautybaltic.com\/\",\"logo\":{\"@type\":\"ImageObject\",\"inLanguage\":\"en-US\",\"@id\":\"https:\/\/beautybaltic.com\/#\/schema\/logo\/image\/\",\"url\":\"https:\/\/beautybaltic.com\/wp-content\/uploads\/2020\/04\/logo-4.png\",\"contentUrl\":\"https:\/\/beautybaltic.com\/wp-content\/uploads\/2020\/04\/logo-4.png\",\"width\":704,\"height\":206,\"caption\":\"SIA \\\"Beauty Baltic\\\"\"},\"image\":{\"@id\":\"https:\/\/beautybaltic.com\/#\/schema\/logo\/image\/\"},\"sameAs\":[\"https:\/\/www.facebook.com\/siabeautybaltic\/?eid=ARDs6xwwnnHaxWoXNQhS1sgYf1tbsdYaa9nRKgzW46Bm5i4PkSKw97xrztQlMJEv9gOVxTp-o3Sq_Uwq\",\"https:\/\/www.instagram.com\/beauty_baltic\/\"]}]}<\/script>\n<!-- \/ Yoast SEO Premium plugin. -->","yoast_head_json":{"title":"Beauty Baltic &#183; Top Matt No Wipe DNKa - 12 ml","robots":{"index":"index","follow":"follow","max-snippet":"max-snippet:-1","max-image-preview":"max-image-preview:large","max-video-preview":"max-video-preview:-1"},"canonical":"https:\/\/beautybaltic.com\/?product=top-matt-no-wipe-dnka-12-ml-2&lang=lv","og_locale":"en_US","og_type":"article","og_title":"Top Matt No Wipe DNKa - 12 ml","og_description":"DNKa&#8217; Top Matt No Wipe ir nelip\u012bga mat\u0113ta fini\u0161a p\u0101rkl\u0101jums, kas piem\u0113rots gan gai\u0161iem, gan tum\u0161iem to\u0146iem un saglab\u0101 nevainojamu izskatu l\u012bdz pat trim ned\u0113\u013c\u0101m. DNKa&#8217; Top Matt No Wipe galven\u0101 \u012bpa\u0161\u012bba ir t\u0101s p\u0101rsteidzo\u0161ais nubuka efekts. Turkl\u0101t apdare ir pa\u0161izl\u012bdzino\u0161a, laika gait\u0101 nedzelt\u0113 un aizsarg\u0101 pret meh\u0101niskiem boj\u0101jumiem. Uzkl\u0101\u0161anas pa\u0146\u0113miens 1) Sagatavojiet nagus darbam &hellip;","og_url":"https:\/\/beautybaltic.com\/?product=top-matt-no-wipe-dnka-12-ml-2&lang=lv","og_site_name":"Beauty Baltic","article_publisher":"https:\/\/www.facebook.com\/siabeautybaltic\/?eid=ARDs6xwwnnHaxWoXNQhS1sgYf1tbsdYaa9nRKgzW46Bm5i4PkSKw97xrztQlMJEv9gOVxTp-o3Sq_Uwq","article_modified_time":"2026-01-22T09:56:04+00:00","og_image":[{"width":880,"height":880,"url":"https:\/\/beautybaltic.com\/wp-content\/uploads\/2024\/12\/TOP-MATT-NO-WIPE.jpg","type":"image\/jpeg"}],"twitter_card":"summary_large_image","twitter_misc":{"Est. reading time":"1 minute"},"schema":{"@context":"https:\/\/schema.org","@graph":[{"@type":"WebPage","@id":"https:\/\/beautybaltic.com\/?product=top-matt-no-wipe-dnka-12-ml-2&lang=lv","url":"https:\/\/beautybaltic.com\/?product=top-matt-no-wipe-dnka-12-ml-2&lang=lv","name":"Beauty Baltic &#183; Top Matt No Wipe DNKa - 12 ml","isPartOf":{"@id":"https:\/\/beautybaltic.com\/#website"},"primaryImageOfPage":{"@id":"https:\/\/beautybaltic.com\/?product=top-matt-no-wipe-dnka-12-ml-2&lang=lv#primaryimage"},"image":{"@id":"https:\/\/beautybaltic.com\/?product=top-matt-no-wipe-dnka-12-ml-2&lang=lv#primaryimage"},"thumbnailUrl":"https:\/\/beautybaltic.com\/wp-content\/uploads\/2024\/12\/TOP-MATT-NO-WIPE.jpg","datePublished":"2024-12-06T20:45:48+00:00","dateModified":"2026-01-22T09:56:04+00:00","breadcrumb":{"@id":"https:\/\/beautybaltic.com\/?product=top-matt-no-wipe-dnka-12-ml-2&lang=lv#breadcrumb"},"inLanguage":"en-US","potentialAction":[{"@type":"ReadAction","target":["https:\/\/beautybaltic.com\/?product=top-matt-no-wipe-dnka-12-ml-2&lang=lv"]}]},{"@type":"ImageObject","inLanguage":"en-US","@id":"https:\/\/beautybaltic.com\/?product=top-matt-no-wipe-dnka-12-ml-2&lang=lv#primaryimage","url":"https:\/\/beautybaltic.com\/wp-content\/uploads\/2024\/12\/TOP-MATT-NO-WIPE.jpg","contentUrl":"https:\/\/beautybaltic.com\/wp-content\/uploads\/2024\/12\/TOP-MATT-NO-WIPE.jpg","width":880,"height":880},{"@type":"BreadcrumbList","@id":"https:\/\/beautybaltic.com\/?product=top-matt-no-wipe-dnka-12-ml-2&lang=lv#breadcrumb","itemListElement":[{"@type":"ListItem","position":1,"name":"Home Page","item":"https:\/\/beautybaltic.com\/"},{"@type":"ListItem","position":2,"name":"All products","item":"https:\/\/beautybaltic.com\/?page_id=113"},{"@type":"ListItem","position":3,"name":"Top Matt No Wipe DNKa &#8211; 12 ml"}]},{"@type":"WebSite","@id":"https:\/\/beautybaltic.com\/#website","url":"https:\/\/beautybaltic.com\/","name":"Beauty Baltic","description":"","publisher":{"@id":"https:\/\/beautybaltic.com\/#organization"},"potentialAction":[{"@type":"SearchAction","target":{"@type":"EntryPoint","urlTemplate":"https:\/\/beautybaltic.com\/?s={search_term_string}"},"query-input":{"@type":"PropertyValueSpecification","valueRequired":true,"valueName":"search_term_string"}}],"inLanguage":"en-US"},{"@type":"Organization","@id":"https:\/\/beautybaltic.com\/#organization","name":"SIA \"Beauty Baltic\"","url":"https:\/\/beautybaltic.com\/","logo":{"@type":"ImageObject","inLanguage":"en-US","@id":"https:\/\/beautybaltic.com\/#\/schema\/logo\/image\/","url":"https:\/\/beautybaltic.com\/wp-content\/uploads\/2020\/04\/logo-4.png","contentUrl":"https:\/\/beautybaltic.com\/wp-content\/uploads\/2020\/04\/logo-4.png","width":704,"height":206,"caption":"SIA \"Beauty Baltic\""},"image":{"@id":"https:\/\/beautybaltic.com\/#\/schema\/logo\/image\/"},"sameAs":["https:\/\/www.facebook.com\/siabeautybaltic\/?eid=ARDs6xwwnnHaxWoXNQhS1sgYf1tbsdYaa9nRKgzW46Bm5i4PkSKw97xrztQlMJEv9gOVxTp-o3Sq_Uwq","https:\/\/www.instagram.com\/beauty_baltic\/"]}]}},"_links":{"self":[{"href":"https:\/\/beautybaltic.com\/index.php?rest_route=\/wp\/v2\/product\/17279","targetHints":{"allow":["GET"]}}],"collection":[{"href":"https:\/\/beautybaltic.com\/index.php?rest_route=\/wp\/v2\/product"}],"about":[{"href":"https:\/\/beautybaltic.com\/index.php?rest_route=\/wp\/v2\/types\/product"}],"replies":[{"embeddable":true,"href":"https:\/\/beautybaltic.com\/index.php?rest_route=%2Fwp%2Fv2%2Fcomments&post=17279"}],"wp:featuredmedia":[{"embeddable":true,"href":"https:\/\/beautybaltic.com\/index.php?rest_route=\/wp\/v2\/media\/17280"}],"wp:attachment":[{"href":"https:\/\/beautybaltic.com\/index.php?rest_route=%2Fwp%2Fv2%2Fmedia&parent=17279"}],"wp:term":[{"taxonomy":"product_brand","embeddable":true,"href":"https:\/\/beautybaltic.com\/index.php?rest_route=%2Fwp%2Fv2%2Fproduct_brand&post=17279"},{"taxonomy":"product_cat","embeddable":true,"href":"https:\/\/beautybaltic.com\/index.php?rest_route=%2Fwp%2Fv2%2Fproduct_cat&post=17279"},{"taxonomy":"product_tag","embeddable":true,"href":"https:\/\/beautybaltic.com\/index.php?rest_route=%2Fwp%2Fv2%2Fproduct_tag&post=17279"}],"curies":[{"name":"wp","href":"https:\/\/api.w.org\/{rel}","templated":true}]}}