{"id":17006,"date":"2024-12-05T12:23:36","date_gmt":"2024-12-05T09:23:36","guid":{"rendered":"https:\/\/beautybaltic.com\/?post_type=product&#038;p=17006"},"modified":"2026-04-15T14:56:48","modified_gmt":"2026-04-15T11:56:48","slug":"dnka-multi-base-12ml","status":"publish","type":"product","link":"https:\/\/beautybaltic.com\/?product=dnka-multi-base-12ml&lang=lv","title":{"rendered":"DNKa\u2019 Multi Base 12ml"},"content":{"rendered":"<div>DNKa Multi Base ir daudzfunkcion\u0101la b\u0101ze \u0161\u0137idrajam gelam, \u0161\u0137idrajam akrig\u0113lam un cietaj\u0101m b\u0101z\u0113m (Dnka Cover base). Tas ir univers\u0101ls, \u013coti elast\u012bgs, \u013coti lip\u012bgs p\u0101rkl\u0101jums. Piem\u0113rots manik\u012bram un pedik\u012bram. T\u0101 nodro\u0161ina optim\u0101lu sa\u0137eri starp naga virsmu un m\u0101ksl\u012bgo materi\u0101lu. Stingri turas pat uz pl\u0101n\u0101m nagu pl\u0101ksn\u012bt\u0113m. Nodro\u0161ina pareizu nagu arhitekt\u016bru un perfektu sp\u012bdumu. Piem\u012bt augstas pa\u0161izl\u012bdzino\u0161\u0101s \u012bpa\u0161\u012bbas. To uzkl\u0101j pl\u0101n\u0101 sl\u0101n\u012b, kas \u013cauj ieg\u016bt p\u0113c iesp\u0113jas pl\u0101n\u0101ku p\u0101rkl\u0101jumu bez p\u0101rm\u0113r\u012bga apjoma. Konsistence ir \u0161\u0137idra. <strong>\u0160\u012b b\u0101ze nav ieteicama jut\u012bg\u0101m nagu pl\u0101ksn\u0113m.<\/strong><\/div>\n<div>Sk\u0101bums (pH) 4,5.<\/div>\n<div>Polimeriz\u0101cija: 2 min. UV lamp\u0101, 1 min. LED lamp\u0101.<\/div>\n<div><\/div>\n<div>\n<hr \/>\n<\/div>\n<div>\n<table width=\"1003\">\n<tbody>\n<tr>\n<td colspan=\"7\" width=\"742\"><span style=\"font-size: 12px;\">Ra\u017eot\u0101js saska\u0146\u0101 ar GPSR: LLC NAILSWORLDUKRAINE, 14a Rudnenska St., Lviv, Lviv Region, 79052, Ukraine<\/span><\/td>\n<td width=\"87\"><\/td>\n<td width=\"87\"><\/td>\n<td width=\"87\"><\/td>\n<\/tr>\n<tr>\n<td colspan=\"10\"><span style=\"font-size: 12px;\">Atbild\u012bg\u0101 persona saska\u0146\u0101 ar GPSR: NAILSWORLDUKRAINE SP. Z O.O., 6 Reformacka St., 35-026 Rzesz\u00f3w, Poland, nailworld.ukraine@gmail.com<\/span><\/td>\n<\/tr>\n<\/tbody>\n<\/table>\n<hr \/>\n<\/div>\n","protected":false},"excerpt":{"rendered":"<p>DNKa Multi Base ir daudzfunkcion\u0101la b\u0101ze \u0161\u0137idrajam gelam, \u0161\u0137idrajam akrig\u0113lam un cietaj\u0101m b\u0101z\u0113m (Dnka Cover base). Tas ir univers\u0101ls, \u013coti elast\u012bgs, \u013coti lip\u012bgs p\u0101rkl\u0101jums. Piem\u0113rots manik\u012bram un pedik\u012bram. T\u0101 nodro\u0161ina optim\u0101lu sa\u0137eri starp naga virsmu un m\u0101ksl\u012bgo materi\u0101lu. Stingri turas pat uz pl\u0101n\u0101m nagu pl\u0101ksn\u012bt\u0113m. Nodro\u0161ina pareizu nagu arhitekt\u016bru un perfektu sp\u012bdumu. Piem\u012bt augstas pa\u0161izl\u012bdzino\u0161\u0101s &hellip; <\/p>\n","protected":false},"featured_media":17007,"comment_status":"open","ping_status":"closed","template":"","meta":[],"product_brand":[2853],"product_cat":[2069,2026],"product_tag":[],"class_list":{"0":"post-17006","1":"product","2":"type-product","3":"status-publish","4":"has-post-thumbnail","6":"product_brand-dnka","7":"product_cat-dnka-lv","8":"product_cat-bazes","10":"first","11":"instock","12":"taxable","13":"shipping-taxable","14":"purchasable","15":"product-type-simple"},"yoast_head":"<!-- This site is optimized with the Yoast SEO Premium plugin v23.0 (Yoast SEO v26.9) - https:\/\/yoast.com\/product\/yoast-seo-premium-wordpress\/ -->\n<title>Beauty Baltic &#183; DNKa\u2019 Multi Base 12ml<\/title>\n<meta name=\"robots\" content=\"index, follow, max-snippet:-1, max-image-preview:large, max-video-preview:-1\" \/>\n<link rel=\"canonical\" href=\"https:\/\/beautybaltic.com\/?product=dnka-multi-base-12ml&lang=lv\" \/>\n<meta property=\"og:locale\" content=\"en_US\" \/>\n<meta property=\"og:type\" content=\"article\" \/>\n<meta property=\"og:title\" content=\"DNKa\u2019 Multi Base 12ml\" \/>\n<meta property=\"og:description\" content=\"DNKa Multi Base ir daudzfunkcion\u0101la b\u0101ze \u0161\u0137idrajam gelam, \u0161\u0137idrajam akrig\u0113lam un cietaj\u0101m b\u0101z\u0113m (Dnka Cover base). Tas ir univers\u0101ls, \u013coti elast\u012bgs, \u013coti lip\u012bgs p\u0101rkl\u0101jums. Piem\u0113rots manik\u012bram un pedik\u012bram. T\u0101 nodro\u0161ina optim\u0101lu sa\u0137eri starp naga virsmu un m\u0101ksl\u012bgo materi\u0101lu. Stingri turas pat uz pl\u0101n\u0101m nagu pl\u0101ksn\u012bt\u0113m. Nodro\u0161ina pareizu nagu arhitekt\u016bru un perfektu sp\u012bdumu. Piem\u012bt augstas pa\u0161izl\u012bdzino\u0161\u0101s &hellip;\" \/>\n<meta property=\"og:url\" content=\"https:\/\/beautybaltic.com\/?product=dnka-multi-base-12ml&amp;lang=lv\" \/>\n<meta property=\"og:site_name\" content=\"Beauty Baltic\" \/>\n<meta property=\"article:publisher\" content=\"https:\/\/www.facebook.com\/siabeautybaltic\/?eid=ARDs6xwwnnHaxWoXNQhS1sgYf1tbsdYaa9nRKgzW46Bm5i4PkSKw97xrztQlMJEv9gOVxTp-o3Sq_Uwq\" \/>\n<meta property=\"article:modified_time\" content=\"2026-04-15T11:56:48+00:00\" \/>\n<meta property=\"og:image\" content=\"https:\/\/beautybaltic.com\/wp-content\/uploads\/2024\/12\/MULTI-BASE.jpg\" \/>\n\t<meta property=\"og:image:width\" content=\"880\" \/>\n\t<meta property=\"og:image:height\" content=\"880\" \/>\n\t<meta property=\"og:image:type\" content=\"image\/jpeg\" \/>\n<meta name=\"twitter:card\" content=\"summary_large_image\" \/>\n<meta name=\"twitter:label1\" content=\"Est. reading time\" \/>\n\t<meta name=\"twitter:data1\" content=\"1 minute\" \/>\n<script type=\"application\/ld+json\" class=\"yoast-schema-graph\">{\"@context\":\"https:\/\/schema.org\",\"@graph\":[{\"@type\":\"WebPage\",\"@id\":\"https:\/\/beautybaltic.com\/?product=dnka-multi-base-12ml&lang=lv\",\"url\":\"https:\/\/beautybaltic.com\/?product=dnka-multi-base-12ml&lang=lv\",\"name\":\"Beauty Baltic &#183; DNKa\u2019 Multi Base 12ml\",\"isPartOf\":{\"@id\":\"https:\/\/beautybaltic.com\/#website\"},\"primaryImageOfPage\":{\"@id\":\"https:\/\/beautybaltic.com\/?product=dnka-multi-base-12ml&lang=lv#primaryimage\"},\"image\":{\"@id\":\"https:\/\/beautybaltic.com\/?product=dnka-multi-base-12ml&lang=lv#primaryimage\"},\"thumbnailUrl\":\"https:\/\/beautybaltic.com\/wp-content\/uploads\/2024\/12\/MULTI-BASE.jpg\",\"datePublished\":\"2024-12-05T09:23:36+00:00\",\"dateModified\":\"2026-04-15T11:56:48+00:00\",\"breadcrumb\":{\"@id\":\"https:\/\/beautybaltic.com\/?product=dnka-multi-base-12ml&lang=lv#breadcrumb\"},\"inLanguage\":\"en-US\",\"potentialAction\":[{\"@type\":\"ReadAction\",\"target\":[\"https:\/\/beautybaltic.com\/?product=dnka-multi-base-12ml&lang=lv\"]}]},{\"@type\":\"ImageObject\",\"inLanguage\":\"en-US\",\"@id\":\"https:\/\/beautybaltic.com\/?product=dnka-multi-base-12ml&lang=lv#primaryimage\",\"url\":\"https:\/\/beautybaltic.com\/wp-content\/uploads\/2024\/12\/MULTI-BASE.jpg\",\"contentUrl\":\"https:\/\/beautybaltic.com\/wp-content\/uploads\/2024\/12\/MULTI-BASE.jpg\",\"width\":880,\"height\":880},{\"@type\":\"BreadcrumbList\",\"@id\":\"https:\/\/beautybaltic.com\/?product=dnka-multi-base-12ml&lang=lv#breadcrumb\",\"itemListElement\":[{\"@type\":\"ListItem\",\"position\":1,\"name\":\"Home Page\",\"item\":\"https:\/\/beautybaltic.com\/\"},{\"@type\":\"ListItem\",\"position\":2,\"name\":\"All products\",\"item\":\"https:\/\/beautybaltic.com\/?page_id=113\"},{\"@type\":\"ListItem\",\"position\":3,\"name\":\"DNKa\u2019 Multi Base 12ml\"}]},{\"@type\":\"WebSite\",\"@id\":\"https:\/\/beautybaltic.com\/#website\",\"url\":\"https:\/\/beautybaltic.com\/\",\"name\":\"Beauty Baltic\",\"description\":\"\",\"publisher\":{\"@id\":\"https:\/\/beautybaltic.com\/#organization\"},\"potentialAction\":[{\"@type\":\"SearchAction\",\"target\":{\"@type\":\"EntryPoint\",\"urlTemplate\":\"https:\/\/beautybaltic.com\/?s={search_term_string}\"},\"query-input\":{\"@type\":\"PropertyValueSpecification\",\"valueRequired\":true,\"valueName\":\"search_term_string\"}}],\"inLanguage\":\"en-US\"},{\"@type\":\"Organization\",\"@id\":\"https:\/\/beautybaltic.com\/#organization\",\"name\":\"SIA \\\"Beauty Baltic\\\"\",\"url\":\"https:\/\/beautybaltic.com\/\",\"logo\":{\"@type\":\"ImageObject\",\"inLanguage\":\"en-US\",\"@id\":\"https:\/\/beautybaltic.com\/#\/schema\/logo\/image\/\",\"url\":\"https:\/\/beautybaltic.com\/wp-content\/uploads\/2020\/04\/logo-4.png\",\"contentUrl\":\"https:\/\/beautybaltic.com\/wp-content\/uploads\/2020\/04\/logo-4.png\",\"width\":704,\"height\":206,\"caption\":\"SIA \\\"Beauty Baltic\\\"\"},\"image\":{\"@id\":\"https:\/\/beautybaltic.com\/#\/schema\/logo\/image\/\"},\"sameAs\":[\"https:\/\/www.facebook.com\/siabeautybaltic\/?eid=ARDs6xwwnnHaxWoXNQhS1sgYf1tbsdYaa9nRKgzW46Bm5i4PkSKw97xrztQlMJEv9gOVxTp-o3Sq_Uwq\",\"https:\/\/www.instagram.com\/beauty_baltic\/\"]}]}<\/script>\n<!-- \/ Yoast SEO Premium plugin. -->","yoast_head_json":{"title":"Beauty Baltic &#183; DNKa\u2019 Multi Base 12ml","robots":{"index":"index","follow":"follow","max-snippet":"max-snippet:-1","max-image-preview":"max-image-preview:large","max-video-preview":"max-video-preview:-1"},"canonical":"https:\/\/beautybaltic.com\/?product=dnka-multi-base-12ml&lang=lv","og_locale":"en_US","og_type":"article","og_title":"DNKa\u2019 Multi Base 12ml","og_description":"DNKa Multi Base ir daudzfunkcion\u0101la b\u0101ze \u0161\u0137idrajam gelam, \u0161\u0137idrajam akrig\u0113lam un cietaj\u0101m b\u0101z\u0113m (Dnka Cover base). Tas ir univers\u0101ls, \u013coti elast\u012bgs, \u013coti lip\u012bgs p\u0101rkl\u0101jums. Piem\u0113rots manik\u012bram un pedik\u012bram. T\u0101 nodro\u0161ina optim\u0101lu sa\u0137eri starp naga virsmu un m\u0101ksl\u012bgo materi\u0101lu. Stingri turas pat uz pl\u0101n\u0101m nagu pl\u0101ksn\u012bt\u0113m. Nodro\u0161ina pareizu nagu arhitekt\u016bru un perfektu sp\u012bdumu. Piem\u012bt augstas pa\u0161izl\u012bdzino\u0161\u0101s &hellip;","og_url":"https:\/\/beautybaltic.com\/?product=dnka-multi-base-12ml&lang=lv","og_site_name":"Beauty Baltic","article_publisher":"https:\/\/www.facebook.com\/siabeautybaltic\/?eid=ARDs6xwwnnHaxWoXNQhS1sgYf1tbsdYaa9nRKgzW46Bm5i4PkSKw97xrztQlMJEv9gOVxTp-o3Sq_Uwq","article_modified_time":"2026-04-15T11:56:48+00:00","og_image":[{"width":880,"height":880,"url":"https:\/\/beautybaltic.com\/wp-content\/uploads\/2024\/12\/MULTI-BASE.jpg","type":"image\/jpeg"}],"twitter_card":"summary_large_image","twitter_misc":{"Est. reading time":"1 minute"},"schema":{"@context":"https:\/\/schema.org","@graph":[{"@type":"WebPage","@id":"https:\/\/beautybaltic.com\/?product=dnka-multi-base-12ml&lang=lv","url":"https:\/\/beautybaltic.com\/?product=dnka-multi-base-12ml&lang=lv","name":"Beauty Baltic &#183; DNKa\u2019 Multi Base 12ml","isPartOf":{"@id":"https:\/\/beautybaltic.com\/#website"},"primaryImageOfPage":{"@id":"https:\/\/beautybaltic.com\/?product=dnka-multi-base-12ml&lang=lv#primaryimage"},"image":{"@id":"https:\/\/beautybaltic.com\/?product=dnka-multi-base-12ml&lang=lv#primaryimage"},"thumbnailUrl":"https:\/\/beautybaltic.com\/wp-content\/uploads\/2024\/12\/MULTI-BASE.jpg","datePublished":"2024-12-05T09:23:36+00:00","dateModified":"2026-04-15T11:56:48+00:00","breadcrumb":{"@id":"https:\/\/beautybaltic.com\/?product=dnka-multi-base-12ml&lang=lv#breadcrumb"},"inLanguage":"en-US","potentialAction":[{"@type":"ReadAction","target":["https:\/\/beautybaltic.com\/?product=dnka-multi-base-12ml&lang=lv"]}]},{"@type":"ImageObject","inLanguage":"en-US","@id":"https:\/\/beautybaltic.com\/?product=dnka-multi-base-12ml&lang=lv#primaryimage","url":"https:\/\/beautybaltic.com\/wp-content\/uploads\/2024\/12\/MULTI-BASE.jpg","contentUrl":"https:\/\/beautybaltic.com\/wp-content\/uploads\/2024\/12\/MULTI-BASE.jpg","width":880,"height":880},{"@type":"BreadcrumbList","@id":"https:\/\/beautybaltic.com\/?product=dnka-multi-base-12ml&lang=lv#breadcrumb","itemListElement":[{"@type":"ListItem","position":1,"name":"Home Page","item":"https:\/\/beautybaltic.com\/"},{"@type":"ListItem","position":2,"name":"All products","item":"https:\/\/beautybaltic.com\/?page_id=113"},{"@type":"ListItem","position":3,"name":"DNKa\u2019 Multi Base 12ml"}]},{"@type":"WebSite","@id":"https:\/\/beautybaltic.com\/#website","url":"https:\/\/beautybaltic.com\/","name":"Beauty Baltic","description":"","publisher":{"@id":"https:\/\/beautybaltic.com\/#organization"},"potentialAction":[{"@type":"SearchAction","target":{"@type":"EntryPoint","urlTemplate":"https:\/\/beautybaltic.com\/?s={search_term_string}"},"query-input":{"@type":"PropertyValueSpecification","valueRequired":true,"valueName":"search_term_string"}}],"inLanguage":"en-US"},{"@type":"Organization","@id":"https:\/\/beautybaltic.com\/#organization","name":"SIA \"Beauty Baltic\"","url":"https:\/\/beautybaltic.com\/","logo":{"@type":"ImageObject","inLanguage":"en-US","@id":"https:\/\/beautybaltic.com\/#\/schema\/logo\/image\/","url":"https:\/\/beautybaltic.com\/wp-content\/uploads\/2020\/04\/logo-4.png","contentUrl":"https:\/\/beautybaltic.com\/wp-content\/uploads\/2020\/04\/logo-4.png","width":704,"height":206,"caption":"SIA \"Beauty Baltic\""},"image":{"@id":"https:\/\/beautybaltic.com\/#\/schema\/logo\/image\/"},"sameAs":["https:\/\/www.facebook.com\/siabeautybaltic\/?eid=ARDs6xwwnnHaxWoXNQhS1sgYf1tbsdYaa9nRKgzW46Bm5i4PkSKw97xrztQlMJEv9gOVxTp-o3Sq_Uwq","https:\/\/www.instagram.com\/beauty_baltic\/"]}]}},"_links":{"self":[{"href":"https:\/\/beautybaltic.com\/index.php?rest_route=\/wp\/v2\/product\/17006","targetHints":{"allow":["GET"]}}],"collection":[{"href":"https:\/\/beautybaltic.com\/index.php?rest_route=\/wp\/v2\/product"}],"about":[{"href":"https:\/\/beautybaltic.com\/index.php?rest_route=\/wp\/v2\/types\/product"}],"replies":[{"embeddable":true,"href":"https:\/\/beautybaltic.com\/index.php?rest_route=%2Fwp%2Fv2%2Fcomments&post=17006"}],"wp:featuredmedia":[{"embeddable":true,"href":"https:\/\/beautybaltic.com\/index.php?rest_route=\/wp\/v2\/media\/17007"}],"wp:attachment":[{"href":"https:\/\/beautybaltic.com\/index.php?rest_route=%2Fwp%2Fv2%2Fmedia&parent=17006"}],"wp:term":[{"taxonomy":"product_brand","embeddable":true,"href":"https:\/\/beautybaltic.com\/index.php?rest_route=%2Fwp%2Fv2%2Fproduct_brand&post=17006"},{"taxonomy":"product_cat","embeddable":true,"href":"https:\/\/beautybaltic.com\/index.php?rest_route=%2Fwp%2Fv2%2Fproduct_cat&post=17006"},{"taxonomy":"product_tag","embeddable":true,"href":"https:\/\/beautybaltic.com\/index.php?rest_route=%2Fwp%2Fv2%2Fproduct_tag&post=17006"}],"curies":[{"name":"wp","href":"https:\/\/api.w.org\/{rel}","templated":true}]}}