{"id":16971,"date":"2024-12-05T11:53:52","date_gmt":"2024-12-05T08:53:52","guid":{"rendered":"https:\/\/beautybaltic.com\/?post_type=product&#038;p=16971"},"modified":"2026-02-05T13:20:27","modified_gmt":"2026-02-05T10:20:27","slug":"dnka-rubber-base-12-ml-3","status":"publish","type":"product","link":"https:\/\/beautybaltic.com\/?product=dnka-rubber-base-12-ml-3&lang=lt","title":{"rendered":"DNKa&#8217; Rubber Base &#8211; 12 ml"},"content":{"rendered":"<p>DNKa&#8217; guminis pagrindas yra universalus guminis pagrindas, tinkamas vis\u0173 tip\u0173 nagams. J\u012f galima naudoti kaip i\u0161lyginam\u0105j\u012f sluoksn\u012f arba kaip pagrind\u0105 DNKa&#8217; Cover Base arba Pro Gel. D\u0117l guminio pagrindo jis tinka vis\u0173 tip\u0173 nagams, d\u0117vint nesusitraukia ir nenusilupin\u0117ja. Pagrindin\u0117 &#8220;DNKa&#8217; Rubber Base&#8221; savyb\u0117 yra ta, kad su ja lengva dirbti. \u0160is pagrindas u\u017etikrina puik\u0173 dangos stabilum\u0105 ir apsaugo nuo at\u0161okimo ir lupimosi 4 savaites. Jis yra neutralaus kvapo. DNKa&#8217; Rubber Base r\u016bg\u0161tingumas: pH 3-4<\/p>\n<hr \/>\n<table width=\"1003\">\n<tbody>\n<tr>\n<td colspan=\"7\" width=\"742\"><span style=\"font-size: 12px;\">Gamintojas pagal GPSR: LLC NAILSWORLDUKRAINE, 14a Rudnenska St., Lviv, Lviv Region, 79052, Ukraine<\/span><\/td>\n<td width=\"87\"><\/td>\n<td width=\"87\"><\/td>\n<td width=\"87\"><\/td>\n<\/tr>\n<tr>\n<td colspan=\"10\"><span style=\"font-size: 12px;\">Atsakingas asmuo pagal GPSR: NAILSWORLDUKRAINE SP. Z O.O., 6 Reformacka St., 35-026 Rzesz\u00f3w, Poland, nailworld.ukraine@gmail.com<\/span><\/td>\n<\/tr>\n<\/tbody>\n<\/table>\n","protected":false},"excerpt":{"rendered":"<p>DNKa&#8217; guminis pagrindas yra universalus guminis pagrindas, tinkamas vis\u0173 tip\u0173 nagams. J\u012f galima naudoti kaip i\u0161lyginam\u0105j\u012f sluoksn\u012f arba kaip pagrind\u0105 DNKa&#8217; Cover Base arba Pro Gel. D\u0117l guminio pagrindo jis tinka vis\u0173 tip\u0173 nagams, d\u0117vint nesusitraukia ir nenusilupin\u0117ja. Pagrindin\u0117 &#8220;DNKa&#8217; Rubber Base&#8221; savyb\u0117 yra ta, kad su ja lengva dirbti. \u0160is pagrindas u\u017etikrina puik\u0173 dangos &hellip; <\/p>\n","protected":false},"featured_media":16972,"comment_status":"open","ping_status":"closed","template":"","meta":[],"product_brand":[2853],"product_cat":[2071,2028],"product_tag":[],"class_list":{"0":"post-16971","1":"product","2":"type-product","3":"status-publish","4":"has-post-thumbnail","6":"product_brand-dnka","7":"product_cat-dnka-lt","8":"product_cat-bazes-lt","10":"first","11":"instock","12":"taxable","13":"shipping-taxable","14":"purchasable","15":"product-type-simple"},"yoast_head":"<!-- This site is optimized with the Yoast SEO Premium plugin v23.0 (Yoast SEO v26.9) - https:\/\/yoast.com\/product\/yoast-seo-premium-wordpress\/ -->\n<title>Beauty Baltic &#183; DNKa&#039; Rubber Base - 12 ml<\/title>\n<meta name=\"robots\" content=\"index, follow, max-snippet:-1, max-image-preview:large, max-video-preview:-1\" \/>\n<link rel=\"canonical\" href=\"https:\/\/beautybaltic.com\/?product=dnka-rubber-base-12-ml-3&lang=lt\" \/>\n<meta property=\"og:locale\" content=\"en_US\" \/>\n<meta property=\"og:type\" content=\"article\" \/>\n<meta property=\"og:title\" content=\"DNKa&#039; Rubber Base - 12 ml\" \/>\n<meta property=\"og:description\" content=\"DNKa&#8217; guminis pagrindas yra universalus guminis pagrindas, tinkamas vis\u0173 tip\u0173 nagams. J\u012f galima naudoti kaip i\u0161lyginam\u0105j\u012f sluoksn\u012f arba kaip pagrind\u0105 DNKa&#8217; Cover Base arba Pro Gel. D\u0117l guminio pagrindo jis tinka vis\u0173 tip\u0173 nagams, d\u0117vint nesusitraukia ir nenusilupin\u0117ja. Pagrindin\u0117 &#8220;DNKa&#8217; Rubber Base&#8221; savyb\u0117 yra ta, kad su ja lengva dirbti. \u0160is pagrindas u\u017etikrina puik\u0173 dangos &hellip;\" \/>\n<meta property=\"og:url\" content=\"https:\/\/beautybaltic.com\/?product=dnka-rubber-base-12-ml-3&amp;lang=lt\" \/>\n<meta property=\"og:site_name\" content=\"Beauty Baltic\" \/>\n<meta property=\"article:publisher\" content=\"https:\/\/www.facebook.com\/siabeautybaltic\/?eid=ARDs6xwwnnHaxWoXNQhS1sgYf1tbsdYaa9nRKgzW46Bm5i4PkSKw97xrztQlMJEv9gOVxTp-o3Sq_Uwq\" \/>\n<meta property=\"article:modified_time\" content=\"2026-02-05T10:20:27+00:00\" \/>\n<meta property=\"og:image\" content=\"https:\/\/beautybaltic.com\/wp-content\/uploads\/2024\/12\/RUBBER-BASE.jpg\" \/>\n\t<meta property=\"og:image:width\" content=\"880\" \/>\n\t<meta property=\"og:image:height\" content=\"880\" \/>\n\t<meta property=\"og:image:type\" content=\"image\/jpeg\" \/>\n<meta name=\"twitter:card\" content=\"summary_large_image\" \/>\n<meta name=\"twitter:label1\" content=\"Est. reading time\" \/>\n\t<meta name=\"twitter:data1\" content=\"1 minute\" \/>\n<script type=\"application\/ld+json\" class=\"yoast-schema-graph\">{\"@context\":\"https:\/\/schema.org\",\"@graph\":[{\"@type\":\"WebPage\",\"@id\":\"https:\/\/beautybaltic.com\/?product=dnka-rubber-base-12-ml-3&lang=lt\",\"url\":\"https:\/\/beautybaltic.com\/?product=dnka-rubber-base-12-ml-3&lang=lt\",\"name\":\"Beauty Baltic &#183; DNKa' Rubber Base - 12 ml\",\"isPartOf\":{\"@id\":\"https:\/\/beautybaltic.com\/#website\"},\"primaryImageOfPage\":{\"@id\":\"https:\/\/beautybaltic.com\/?product=dnka-rubber-base-12-ml-3&lang=lt#primaryimage\"},\"image\":{\"@id\":\"https:\/\/beautybaltic.com\/?product=dnka-rubber-base-12-ml-3&lang=lt#primaryimage\"},\"thumbnailUrl\":\"https:\/\/beautybaltic.com\/wp-content\/uploads\/2024\/12\/RUBBER-BASE.jpg\",\"datePublished\":\"2024-12-05T08:53:52+00:00\",\"dateModified\":\"2026-02-05T10:20:27+00:00\",\"breadcrumb\":{\"@id\":\"https:\/\/beautybaltic.com\/?product=dnka-rubber-base-12-ml-3&lang=lt#breadcrumb\"},\"inLanguage\":\"en-US\",\"potentialAction\":[{\"@type\":\"ReadAction\",\"target\":[\"https:\/\/beautybaltic.com\/?product=dnka-rubber-base-12-ml-3&lang=lt\"]}]},{\"@type\":\"ImageObject\",\"inLanguage\":\"en-US\",\"@id\":\"https:\/\/beautybaltic.com\/?product=dnka-rubber-base-12-ml-3&lang=lt#primaryimage\",\"url\":\"https:\/\/beautybaltic.com\/wp-content\/uploads\/2024\/12\/RUBBER-BASE.jpg\",\"contentUrl\":\"https:\/\/beautybaltic.com\/wp-content\/uploads\/2024\/12\/RUBBER-BASE.jpg\",\"width\":880,\"height\":880},{\"@type\":\"BreadcrumbList\",\"@id\":\"https:\/\/beautybaltic.com\/?product=dnka-rubber-base-12-ml-3&lang=lt#breadcrumb\",\"itemListElement\":[{\"@type\":\"ListItem\",\"position\":1,\"name\":\"Home Page\",\"item\":\"https:\/\/beautybaltic.com\/\"},{\"@type\":\"ListItem\",\"position\":2,\"name\":\"All products\",\"item\":\"https:\/\/beautybaltic.com\/?page_id=113\"},{\"@type\":\"ListItem\",\"position\":3,\"name\":\"DNKa&#8217; Rubber Base &#8211; 12 ml\"}]},{\"@type\":\"WebSite\",\"@id\":\"https:\/\/beautybaltic.com\/#website\",\"url\":\"https:\/\/beautybaltic.com\/\",\"name\":\"Beauty Baltic\",\"description\":\"\",\"publisher\":{\"@id\":\"https:\/\/beautybaltic.com\/#organization\"},\"potentialAction\":[{\"@type\":\"SearchAction\",\"target\":{\"@type\":\"EntryPoint\",\"urlTemplate\":\"https:\/\/beautybaltic.com\/?s={search_term_string}\"},\"query-input\":{\"@type\":\"PropertyValueSpecification\",\"valueRequired\":true,\"valueName\":\"search_term_string\"}}],\"inLanguage\":\"en-US\"},{\"@type\":\"Organization\",\"@id\":\"https:\/\/beautybaltic.com\/#organization\",\"name\":\"SIA \\\"Beauty Baltic\\\"\",\"url\":\"https:\/\/beautybaltic.com\/\",\"logo\":{\"@type\":\"ImageObject\",\"inLanguage\":\"en-US\",\"@id\":\"https:\/\/beautybaltic.com\/#\/schema\/logo\/image\/\",\"url\":\"https:\/\/beautybaltic.com\/wp-content\/uploads\/2020\/04\/logo-4.png\",\"contentUrl\":\"https:\/\/beautybaltic.com\/wp-content\/uploads\/2020\/04\/logo-4.png\",\"width\":704,\"height\":206,\"caption\":\"SIA \\\"Beauty Baltic\\\"\"},\"image\":{\"@id\":\"https:\/\/beautybaltic.com\/#\/schema\/logo\/image\/\"},\"sameAs\":[\"https:\/\/www.facebook.com\/siabeautybaltic\/?eid=ARDs6xwwnnHaxWoXNQhS1sgYf1tbsdYaa9nRKgzW46Bm5i4PkSKw97xrztQlMJEv9gOVxTp-o3Sq_Uwq\",\"https:\/\/www.instagram.com\/beauty_baltic\/\"]}]}<\/script>\n<!-- \/ Yoast SEO Premium plugin. -->","yoast_head_json":{"title":"Beauty Baltic &#183; DNKa' Rubber Base - 12 ml","robots":{"index":"index","follow":"follow","max-snippet":"max-snippet:-1","max-image-preview":"max-image-preview:large","max-video-preview":"max-video-preview:-1"},"canonical":"https:\/\/beautybaltic.com\/?product=dnka-rubber-base-12-ml-3&lang=lt","og_locale":"en_US","og_type":"article","og_title":"DNKa' Rubber Base - 12 ml","og_description":"DNKa&#8217; guminis pagrindas yra universalus guminis pagrindas, tinkamas vis\u0173 tip\u0173 nagams. J\u012f galima naudoti kaip i\u0161lyginam\u0105j\u012f sluoksn\u012f arba kaip pagrind\u0105 DNKa&#8217; Cover Base arba Pro Gel. D\u0117l guminio pagrindo jis tinka vis\u0173 tip\u0173 nagams, d\u0117vint nesusitraukia ir nenusilupin\u0117ja. Pagrindin\u0117 &#8220;DNKa&#8217; Rubber Base&#8221; savyb\u0117 yra ta, kad su ja lengva dirbti. \u0160is pagrindas u\u017etikrina puik\u0173 dangos &hellip;","og_url":"https:\/\/beautybaltic.com\/?product=dnka-rubber-base-12-ml-3&lang=lt","og_site_name":"Beauty Baltic","article_publisher":"https:\/\/www.facebook.com\/siabeautybaltic\/?eid=ARDs6xwwnnHaxWoXNQhS1sgYf1tbsdYaa9nRKgzW46Bm5i4PkSKw97xrztQlMJEv9gOVxTp-o3Sq_Uwq","article_modified_time":"2026-02-05T10:20:27+00:00","og_image":[{"width":880,"height":880,"url":"https:\/\/beautybaltic.com\/wp-content\/uploads\/2024\/12\/RUBBER-BASE.jpg","type":"image\/jpeg"}],"twitter_card":"summary_large_image","twitter_misc":{"Est. reading time":"1 minute"},"schema":{"@context":"https:\/\/schema.org","@graph":[{"@type":"WebPage","@id":"https:\/\/beautybaltic.com\/?product=dnka-rubber-base-12-ml-3&lang=lt","url":"https:\/\/beautybaltic.com\/?product=dnka-rubber-base-12-ml-3&lang=lt","name":"Beauty Baltic &#183; DNKa' Rubber Base - 12 ml","isPartOf":{"@id":"https:\/\/beautybaltic.com\/#website"},"primaryImageOfPage":{"@id":"https:\/\/beautybaltic.com\/?product=dnka-rubber-base-12-ml-3&lang=lt#primaryimage"},"image":{"@id":"https:\/\/beautybaltic.com\/?product=dnka-rubber-base-12-ml-3&lang=lt#primaryimage"},"thumbnailUrl":"https:\/\/beautybaltic.com\/wp-content\/uploads\/2024\/12\/RUBBER-BASE.jpg","datePublished":"2024-12-05T08:53:52+00:00","dateModified":"2026-02-05T10:20:27+00:00","breadcrumb":{"@id":"https:\/\/beautybaltic.com\/?product=dnka-rubber-base-12-ml-3&lang=lt#breadcrumb"},"inLanguage":"en-US","potentialAction":[{"@type":"ReadAction","target":["https:\/\/beautybaltic.com\/?product=dnka-rubber-base-12-ml-3&lang=lt"]}]},{"@type":"ImageObject","inLanguage":"en-US","@id":"https:\/\/beautybaltic.com\/?product=dnka-rubber-base-12-ml-3&lang=lt#primaryimage","url":"https:\/\/beautybaltic.com\/wp-content\/uploads\/2024\/12\/RUBBER-BASE.jpg","contentUrl":"https:\/\/beautybaltic.com\/wp-content\/uploads\/2024\/12\/RUBBER-BASE.jpg","width":880,"height":880},{"@type":"BreadcrumbList","@id":"https:\/\/beautybaltic.com\/?product=dnka-rubber-base-12-ml-3&lang=lt#breadcrumb","itemListElement":[{"@type":"ListItem","position":1,"name":"Home Page","item":"https:\/\/beautybaltic.com\/"},{"@type":"ListItem","position":2,"name":"All products","item":"https:\/\/beautybaltic.com\/?page_id=113"},{"@type":"ListItem","position":3,"name":"DNKa&#8217; Rubber Base &#8211; 12 ml"}]},{"@type":"WebSite","@id":"https:\/\/beautybaltic.com\/#website","url":"https:\/\/beautybaltic.com\/","name":"Beauty Baltic","description":"","publisher":{"@id":"https:\/\/beautybaltic.com\/#organization"},"potentialAction":[{"@type":"SearchAction","target":{"@type":"EntryPoint","urlTemplate":"https:\/\/beautybaltic.com\/?s={search_term_string}"},"query-input":{"@type":"PropertyValueSpecification","valueRequired":true,"valueName":"search_term_string"}}],"inLanguage":"en-US"},{"@type":"Organization","@id":"https:\/\/beautybaltic.com\/#organization","name":"SIA \"Beauty Baltic\"","url":"https:\/\/beautybaltic.com\/","logo":{"@type":"ImageObject","inLanguage":"en-US","@id":"https:\/\/beautybaltic.com\/#\/schema\/logo\/image\/","url":"https:\/\/beautybaltic.com\/wp-content\/uploads\/2020\/04\/logo-4.png","contentUrl":"https:\/\/beautybaltic.com\/wp-content\/uploads\/2020\/04\/logo-4.png","width":704,"height":206,"caption":"SIA \"Beauty Baltic\""},"image":{"@id":"https:\/\/beautybaltic.com\/#\/schema\/logo\/image\/"},"sameAs":["https:\/\/www.facebook.com\/siabeautybaltic\/?eid=ARDs6xwwnnHaxWoXNQhS1sgYf1tbsdYaa9nRKgzW46Bm5i4PkSKw97xrztQlMJEv9gOVxTp-o3Sq_Uwq","https:\/\/www.instagram.com\/beauty_baltic\/"]}]}},"_links":{"self":[{"href":"https:\/\/beautybaltic.com\/index.php?rest_route=\/wp\/v2\/product\/16971","targetHints":{"allow":["GET"]}}],"collection":[{"href":"https:\/\/beautybaltic.com\/index.php?rest_route=\/wp\/v2\/product"}],"about":[{"href":"https:\/\/beautybaltic.com\/index.php?rest_route=\/wp\/v2\/types\/product"}],"replies":[{"embeddable":true,"href":"https:\/\/beautybaltic.com\/index.php?rest_route=%2Fwp%2Fv2%2Fcomments&post=16971"}],"wp:featuredmedia":[{"embeddable":true,"href":"https:\/\/beautybaltic.com\/index.php?rest_route=\/wp\/v2\/media\/16972"}],"wp:attachment":[{"href":"https:\/\/beautybaltic.com\/index.php?rest_route=%2Fwp%2Fv2%2Fmedia&parent=16971"}],"wp:term":[{"taxonomy":"product_brand","embeddable":true,"href":"https:\/\/beautybaltic.com\/index.php?rest_route=%2Fwp%2Fv2%2Fproduct_brand&post=16971"},{"taxonomy":"product_cat","embeddable":true,"href":"https:\/\/beautybaltic.com\/index.php?rest_route=%2Fwp%2Fv2%2Fproduct_cat&post=16971"},{"taxonomy":"product_tag","embeddable":true,"href":"https:\/\/beautybaltic.com\/index.php?rest_route=%2Fwp%2Fv2%2Fproduct_tag&post=16971"}],"curies":[{"name":"wp","href":"https:\/\/api.w.org\/{rel}","templated":true}]}}