{"id":15844,"date":"2024-10-04T10:59:40","date_gmt":"2024-10-04T07:59:40","guid":{"rendered":"https:\/\/beautybaltic.com\/?post_type=product&#038;p=15844"},"modified":"2026-03-24T18:00:54","modified_gmt":"2026-03-24T15:00:54","slug":"victoria-vynn-karbidinis-antgaliukas-volcano","status":"publish","type":"product","link":"https:\/\/beautybaltic.com\/?product=victoria-vynn-karbidinis-antgaliukas-volcano&lang=lt","title":{"rendered":"Karbidinis antgaliukas &#8220;Volcano&#8221;, vidutinio (1180542)"},"content":{"rendered":"<p>Gamintojas pagal GPSR: Shanghai Wilson Precision Technology Co. LTD, 1st Floor, Building 6, No.868 Zhenchen Road, Shanghai, Shanghai, CN<br \/>\nAtsakingas asmuo pagal GPSR: Success Courier SL, CALLE RIO TORMES, 1 \u2013 1 DR 28947, FUENLABRADA, Madrid, Spain, successservice2@hotmail.com<\/p>\n","protected":false},"excerpt":{"rendered":"<p>Karbido antgalis med\u017eiagoms (gelio ir akrilo) \u0161alinti.<\/p>\n<p>Forma: K\u016bgis<br \/>\n\u0160iurk\u0161tumas: Vidutinio (M\u0117lynas)<br \/>\nDarbin\u0117s dalies ilgis:\u00a0 15 mm.<br \/>\nDarbin\u0117s dalies skersmuo: 7 mm.<br \/>\nModelis: 1180542<\/p>\n","protected":false},"featured_media":15845,"comment_status":"open","ping_status":"closed","template":"","meta":[],"product_brand":[2852],"product_cat":[3126,1792,1784],"product_tag":[],"class_list":{"0":"post-15844","1":"product","2":"type-product","3":"status-publish","4":"has-post-thumbnail","6":"product_brand-wilson","7":"product_cat-karbidiniai-antgaliai-visi","8":"product_cat-karbidiniai-antgaliai-kinija","9":"product_cat-melyna-vidutinio-rupumo","11":"first","12":"instock","13":"taxable","14":"shipping-taxable","15":"purchasable","16":"product-type-simple"},"yoast_head":"<!-- This site is optimized with the Yoast SEO Premium plugin v23.0 (Yoast SEO v26.9) - https:\/\/yoast.com\/product\/yoast-seo-premium-wordpress\/ -->\n<title>Beauty Baltic &#183; Karbidinis antgaliukas &quot;Volcano&quot;, vidutinio (1180542)<\/title>\n<meta name=\"robots\" content=\"index, follow, max-snippet:-1, max-image-preview:large, max-video-preview:-1\" \/>\n<link rel=\"canonical\" href=\"https:\/\/beautybaltic.com\/?product=victoria-vynn-karbidinis-antgaliukas-volcano&lang=lt\" \/>\n<meta property=\"og:locale\" content=\"en_US\" \/>\n<meta property=\"og:type\" content=\"article\" \/>\n<meta property=\"og:title\" content=\"Karbidinis antgaliukas &quot;Volcano&quot;, vidutinio (1180542)\" \/>\n<meta property=\"og:description\" content=\"Karbido antgalis med\u017eiagoms (gelio ir akrilo) \u0161alinti.  Forma: K\u016bgis \u0160iurk\u0161tumas: Vidutinio (M\u0117lynas) Darbin\u0117s dalies ilgis:\u00a0 15 mm. Darbin\u0117s dalies skersmuo: 7 mm. Modelis: 1180542\" \/>\n<meta property=\"og:url\" content=\"https:\/\/beautybaltic.com\/?product=victoria-vynn-karbidinis-antgaliukas-volcano&amp;lang=lt\" \/>\n<meta property=\"og:site_name\" content=\"Beauty Baltic\" \/>\n<meta property=\"article:publisher\" content=\"https:\/\/www.facebook.com\/siabeautybaltic\/?eid=ARDs6xwwnnHaxWoXNQhS1sgYf1tbsdYaa9nRKgzW46Bm5i4PkSKw97xrztQlMJEv9gOVxTp-o3Sq_Uwq\" \/>\n<meta property=\"article:modified_time\" content=\"2026-03-24T15:00:54+00:00\" \/>\n<meta property=\"og:image\" content=\"https:\/\/beautybaltic.com\/wp-content\/uploads\/2022\/08\/Chiyan-Volcano-Bit-Medium.jpg\" \/>\n\t<meta property=\"og:image:width\" content=\"1300\" \/>\n\t<meta property=\"og:image:height\" content=\"1300\" \/>\n\t<meta property=\"og:image:type\" content=\"image\/jpeg\" \/>\n<meta name=\"twitter:card\" content=\"summary_large_image\" \/>\n<meta name=\"twitter:label1\" content=\"Est. reading time\" \/>\n\t<meta name=\"twitter:data1\" content=\"1 minute\" \/>\n<script type=\"application\/ld+json\" class=\"yoast-schema-graph\">{\"@context\":\"https:\/\/schema.org\",\"@graph\":[{\"@type\":\"WebPage\",\"@id\":\"https:\/\/beautybaltic.com\/?product=victoria-vynn-karbidinis-antgaliukas-volcano&lang=lt\",\"url\":\"https:\/\/beautybaltic.com\/?product=victoria-vynn-karbidinis-antgaliukas-volcano&lang=lt\",\"name\":\"Beauty Baltic &#183; Karbidinis antgaliukas \\\"Volcano\\\", vidutinio (1180542)\",\"isPartOf\":{\"@id\":\"https:\/\/beautybaltic.com\/#website\"},\"primaryImageOfPage\":{\"@id\":\"https:\/\/beautybaltic.com\/?product=victoria-vynn-karbidinis-antgaliukas-volcano&lang=lt#primaryimage\"},\"image\":{\"@id\":\"https:\/\/beautybaltic.com\/?product=victoria-vynn-karbidinis-antgaliukas-volcano&lang=lt#primaryimage\"},\"thumbnailUrl\":\"https:\/\/beautybaltic.com\/wp-content\/uploads\/2022\/08\/Chiyan-Volcano-Bit-Medium.jpg\",\"datePublished\":\"2024-10-04T07:59:40+00:00\",\"dateModified\":\"2026-03-24T15:00:54+00:00\",\"breadcrumb\":{\"@id\":\"https:\/\/beautybaltic.com\/?product=victoria-vynn-karbidinis-antgaliukas-volcano&lang=lt#breadcrumb\"},\"inLanguage\":\"en-US\",\"potentialAction\":[{\"@type\":\"ReadAction\",\"target\":[\"https:\/\/beautybaltic.com\/?product=victoria-vynn-karbidinis-antgaliukas-volcano&lang=lt\"]}]},{\"@type\":\"ImageObject\",\"inLanguage\":\"en-US\",\"@id\":\"https:\/\/beautybaltic.com\/?product=victoria-vynn-karbidinis-antgaliukas-volcano&lang=lt#primaryimage\",\"url\":\"https:\/\/beautybaltic.com\/wp-content\/uploads\/2022\/08\/Chiyan-Volcano-Bit-Medium.jpg\",\"contentUrl\":\"https:\/\/beautybaltic.com\/wp-content\/uploads\/2022\/08\/Chiyan-Volcano-Bit-Medium.jpg\",\"width\":1300,\"height\":1300},{\"@type\":\"BreadcrumbList\",\"@id\":\"https:\/\/beautybaltic.com\/?product=victoria-vynn-karbidinis-antgaliukas-volcano&lang=lt#breadcrumb\",\"itemListElement\":[{\"@type\":\"ListItem\",\"position\":1,\"name\":\"Home Page\",\"item\":\"https:\/\/beautybaltic.com\/\"},{\"@type\":\"ListItem\",\"position\":2,\"name\":\"All products\",\"item\":\"https:\/\/beautybaltic.com\/?page_id=113\"},{\"@type\":\"ListItem\",\"position\":3,\"name\":\"Karbidinis antgaliukas &#8220;Volcano&#8221;, vidutinio (1180542)\"}]},{\"@type\":\"WebSite\",\"@id\":\"https:\/\/beautybaltic.com\/#website\",\"url\":\"https:\/\/beautybaltic.com\/\",\"name\":\"Beauty Baltic\",\"description\":\"\",\"publisher\":{\"@id\":\"https:\/\/beautybaltic.com\/#organization\"},\"potentialAction\":[{\"@type\":\"SearchAction\",\"target\":{\"@type\":\"EntryPoint\",\"urlTemplate\":\"https:\/\/beautybaltic.com\/?s={search_term_string}\"},\"query-input\":{\"@type\":\"PropertyValueSpecification\",\"valueRequired\":true,\"valueName\":\"search_term_string\"}}],\"inLanguage\":\"en-US\"},{\"@type\":\"Organization\",\"@id\":\"https:\/\/beautybaltic.com\/#organization\",\"name\":\"SIA \\\"Beauty Baltic\\\"\",\"url\":\"https:\/\/beautybaltic.com\/\",\"logo\":{\"@type\":\"ImageObject\",\"inLanguage\":\"en-US\",\"@id\":\"https:\/\/beautybaltic.com\/#\/schema\/logo\/image\/\",\"url\":\"https:\/\/beautybaltic.com\/wp-content\/uploads\/2020\/04\/logo-4.png\",\"contentUrl\":\"https:\/\/beautybaltic.com\/wp-content\/uploads\/2020\/04\/logo-4.png\",\"width\":704,\"height\":206,\"caption\":\"SIA \\\"Beauty Baltic\\\"\"},\"image\":{\"@id\":\"https:\/\/beautybaltic.com\/#\/schema\/logo\/image\/\"},\"sameAs\":[\"https:\/\/www.facebook.com\/siabeautybaltic\/?eid=ARDs6xwwnnHaxWoXNQhS1sgYf1tbsdYaa9nRKgzW46Bm5i4PkSKw97xrztQlMJEv9gOVxTp-o3Sq_Uwq\",\"https:\/\/www.instagram.com\/beauty_baltic\/\"]}]}<\/script>\n<!-- \/ Yoast SEO Premium plugin. -->","yoast_head_json":{"title":"Beauty Baltic &#183; Karbidinis antgaliukas \"Volcano\", vidutinio (1180542)","robots":{"index":"index","follow":"follow","max-snippet":"max-snippet:-1","max-image-preview":"max-image-preview:large","max-video-preview":"max-video-preview:-1"},"canonical":"https:\/\/beautybaltic.com\/?product=victoria-vynn-karbidinis-antgaliukas-volcano&lang=lt","og_locale":"en_US","og_type":"article","og_title":"Karbidinis antgaliukas \"Volcano\", vidutinio (1180542)","og_description":"Karbido antgalis med\u017eiagoms (gelio ir akrilo) \u0161alinti.  Forma: K\u016bgis \u0160iurk\u0161tumas: Vidutinio (M\u0117lynas) Darbin\u0117s dalies ilgis:\u00a0 15 mm. Darbin\u0117s dalies skersmuo: 7 mm. Modelis: 1180542","og_url":"https:\/\/beautybaltic.com\/?product=victoria-vynn-karbidinis-antgaliukas-volcano&lang=lt","og_site_name":"Beauty Baltic","article_publisher":"https:\/\/www.facebook.com\/siabeautybaltic\/?eid=ARDs6xwwnnHaxWoXNQhS1sgYf1tbsdYaa9nRKgzW46Bm5i4PkSKw97xrztQlMJEv9gOVxTp-o3Sq_Uwq","article_modified_time":"2026-03-24T15:00:54+00:00","og_image":[{"width":1300,"height":1300,"url":"https:\/\/beautybaltic.com\/wp-content\/uploads\/2022\/08\/Chiyan-Volcano-Bit-Medium.jpg","type":"image\/jpeg"}],"twitter_card":"summary_large_image","twitter_misc":{"Est. reading time":"1 minute"},"schema":{"@context":"https:\/\/schema.org","@graph":[{"@type":"WebPage","@id":"https:\/\/beautybaltic.com\/?product=victoria-vynn-karbidinis-antgaliukas-volcano&lang=lt","url":"https:\/\/beautybaltic.com\/?product=victoria-vynn-karbidinis-antgaliukas-volcano&lang=lt","name":"Beauty Baltic &#183; Karbidinis antgaliukas \"Volcano\", vidutinio (1180542)","isPartOf":{"@id":"https:\/\/beautybaltic.com\/#website"},"primaryImageOfPage":{"@id":"https:\/\/beautybaltic.com\/?product=victoria-vynn-karbidinis-antgaliukas-volcano&lang=lt#primaryimage"},"image":{"@id":"https:\/\/beautybaltic.com\/?product=victoria-vynn-karbidinis-antgaliukas-volcano&lang=lt#primaryimage"},"thumbnailUrl":"https:\/\/beautybaltic.com\/wp-content\/uploads\/2022\/08\/Chiyan-Volcano-Bit-Medium.jpg","datePublished":"2024-10-04T07:59:40+00:00","dateModified":"2026-03-24T15:00:54+00:00","breadcrumb":{"@id":"https:\/\/beautybaltic.com\/?product=victoria-vynn-karbidinis-antgaliukas-volcano&lang=lt#breadcrumb"},"inLanguage":"en-US","potentialAction":[{"@type":"ReadAction","target":["https:\/\/beautybaltic.com\/?product=victoria-vynn-karbidinis-antgaliukas-volcano&lang=lt"]}]},{"@type":"ImageObject","inLanguage":"en-US","@id":"https:\/\/beautybaltic.com\/?product=victoria-vynn-karbidinis-antgaliukas-volcano&lang=lt#primaryimage","url":"https:\/\/beautybaltic.com\/wp-content\/uploads\/2022\/08\/Chiyan-Volcano-Bit-Medium.jpg","contentUrl":"https:\/\/beautybaltic.com\/wp-content\/uploads\/2022\/08\/Chiyan-Volcano-Bit-Medium.jpg","width":1300,"height":1300},{"@type":"BreadcrumbList","@id":"https:\/\/beautybaltic.com\/?product=victoria-vynn-karbidinis-antgaliukas-volcano&lang=lt#breadcrumb","itemListElement":[{"@type":"ListItem","position":1,"name":"Home Page","item":"https:\/\/beautybaltic.com\/"},{"@type":"ListItem","position":2,"name":"All products","item":"https:\/\/beautybaltic.com\/?page_id=113"},{"@type":"ListItem","position":3,"name":"Karbidinis antgaliukas &#8220;Volcano&#8221;, vidutinio (1180542)"}]},{"@type":"WebSite","@id":"https:\/\/beautybaltic.com\/#website","url":"https:\/\/beautybaltic.com\/","name":"Beauty Baltic","description":"","publisher":{"@id":"https:\/\/beautybaltic.com\/#organization"},"potentialAction":[{"@type":"SearchAction","target":{"@type":"EntryPoint","urlTemplate":"https:\/\/beautybaltic.com\/?s={search_term_string}"},"query-input":{"@type":"PropertyValueSpecification","valueRequired":true,"valueName":"search_term_string"}}],"inLanguage":"en-US"},{"@type":"Organization","@id":"https:\/\/beautybaltic.com\/#organization","name":"SIA \"Beauty Baltic\"","url":"https:\/\/beautybaltic.com\/","logo":{"@type":"ImageObject","inLanguage":"en-US","@id":"https:\/\/beautybaltic.com\/#\/schema\/logo\/image\/","url":"https:\/\/beautybaltic.com\/wp-content\/uploads\/2020\/04\/logo-4.png","contentUrl":"https:\/\/beautybaltic.com\/wp-content\/uploads\/2020\/04\/logo-4.png","width":704,"height":206,"caption":"SIA \"Beauty Baltic\""},"image":{"@id":"https:\/\/beautybaltic.com\/#\/schema\/logo\/image\/"},"sameAs":["https:\/\/www.facebook.com\/siabeautybaltic\/?eid=ARDs6xwwnnHaxWoXNQhS1sgYf1tbsdYaa9nRKgzW46Bm5i4PkSKw97xrztQlMJEv9gOVxTp-o3Sq_Uwq","https:\/\/www.instagram.com\/beauty_baltic\/"]}]}},"_links":{"self":[{"href":"https:\/\/beautybaltic.com\/index.php?rest_route=\/wp\/v2\/product\/15844","targetHints":{"allow":["GET"]}}],"collection":[{"href":"https:\/\/beautybaltic.com\/index.php?rest_route=\/wp\/v2\/product"}],"about":[{"href":"https:\/\/beautybaltic.com\/index.php?rest_route=\/wp\/v2\/types\/product"}],"replies":[{"embeddable":true,"href":"https:\/\/beautybaltic.com\/index.php?rest_route=%2Fwp%2Fv2%2Fcomments&post=15844"}],"wp:featuredmedia":[{"embeddable":true,"href":"https:\/\/beautybaltic.com\/index.php?rest_route=\/wp\/v2\/media\/15845"}],"wp:attachment":[{"href":"https:\/\/beautybaltic.com\/index.php?rest_route=%2Fwp%2Fv2%2Fmedia&parent=15844"}],"wp:term":[{"taxonomy":"product_brand","embeddable":true,"href":"https:\/\/beautybaltic.com\/index.php?rest_route=%2Fwp%2Fv2%2Fproduct_brand&post=15844"},{"taxonomy":"product_cat","embeddable":true,"href":"https:\/\/beautybaltic.com\/index.php?rest_route=%2Fwp%2Fv2%2Fproduct_cat&post=15844"},{"taxonomy":"product_tag","embeddable":true,"href":"https:\/\/beautybaltic.com\/index.php?rest_route=%2Fwp%2Fv2%2Fproduct_tag&post=15844"}],"curies":[{"name":"wp","href":"https:\/\/api.w.org\/{rel}","templated":true}]}}