{"id":15094,"date":"2024-07-30T12:31:28","date_gmt":"2024-07-30T09:31:28","guid":{"rendered":"https:\/\/beautybaltic.com\/?post_type=product&#038;p=15094"},"modified":"2026-04-14T13:27:52","modified_gmt":"2026-04-14T10:27:52","slug":"mave-organiska-pasta-adas-atjaunosanai-15-ml","status":"publish","type":"product","link":"https:\/\/beautybaltic.com\/?product=mave-organiska-pasta-adas-atjaunosanai-15-ml&lang=lv","title":{"rendered":"MAVE Organisk\u0101 pasta \u0101das atjauno\u0161anai 15 ml"},"content":{"rendered":"<p>Unik\u0101lais pastas sast\u0101vs satur tikai dab\u012bgas sast\u0101vda\u013cas un ne tikai nodro\u0161ina \u0101tru dz\u012b\u0161anu, bet ar\u012b veido aizsargbarjeru pl\u0113vi, kas pasarg\u0101 no \u016bdens, putek\u013ciem un cit\u0101m vides ietekm\u0113m un ne\u013cauj bakt\u0113rij\u0101m iek\u013c\u016bt. Efekts ilgst l\u012bdz 24 stund\u0101m.<\/p>\n<p><strong>\u012apa\u0161\u012bbas<\/strong>:<br \/>\n\u2022 Ide\u0101li piem\u0113rots k\u0101 p\u0113d\u0113j\u0101 proced\u016bra p\u0113c manik\u012bra un pedik\u012bra<br \/>\n\u2022 Antibakteri\u0101la iedarb\u012bba<br \/>\n\u2022 Veido aizsargbarjeras pl\u0113vi uz \u0101das<br \/>\n\u2022 Veicina br\u016b\u010du dz\u012b\u0161anu un ir profilaktiska iedarb\u012bba<br \/>\n\u2022 Aizsardz\u012bba pret onihol\u012bzi<br \/>\nSast\u0101vs: Kokosriekstu e\u013c\u013ca, glic\u012bna sojas e\u013c\u013ca, rap\u0161u e\u013c\u013ca, propolisa ekstrakts, monardas e\u013c\u013cas serums, za\u013c\u0101s t\u0113jas e\u013c\u013ca, strute\u0146u ekstrakts, kumel\u012b\u0161u ekstrakts, ol\u012bvu kodolu e\u013c\u013ca, A un E vitam\u012bns, oktenid\u012bns, smar\u017eviela<\/p>\n","protected":false},"excerpt":{"rendered":"<p>MAVE Organisk\u0101 pasta \u0101das atjauno\u0161anai 15 ml<\/p>\n<p>Popul\u0101r\u0101 Mave Organic e\u013c\u013ca pastas veid\u0101 &#8211; 100% dab\u012bgs produkts<br \/>\nIeteicams onihol\u012bzes, \u0101das vai pap\u0113\u017eu plaisu, traumu, piem\u0113ram, griezumu un nobr\u0101zumu, apdegumu un pat p\u016bt\u012b\u0161u \u0101rst\u0113\u0161anai un profilaksei.<\/p>\n","protected":false},"featured_media":15095,"comment_status":"open","ping_status":"closed","template":"","meta":[],"product_brand":[2846],"product_cat":[1908],"product_tag":[1942],"class_list":{"0":"post-15094","1":"product","2":"type-product","3":"status-publish","4":"has-post-thumbnail","6":"product_brand-mave","7":"product_cat-mave-cosmetics-lv","8":"product_tag-akcijas","10":"first","11":"instock","12":"sale","13":"taxable","14":"shipping-taxable","15":"purchasable","16":"product-type-simple"},"yoast_head":"<!-- This site is optimized with the Yoast SEO Premium plugin v23.0 (Yoast SEO v26.9) - https:\/\/yoast.com\/product\/yoast-seo-premium-wordpress\/ -->\n<title>Beauty Baltic &#183; MAVE Organisk\u0101 pasta \u0101das atjauno\u0161anai 15 ml<\/title>\n<meta name=\"robots\" content=\"index, follow, max-snippet:-1, max-image-preview:large, max-video-preview:-1\" \/>\n<link rel=\"canonical\" href=\"https:\/\/beautybaltic.com\/?product=mave-organiska-pasta-adas-atjaunosanai-15-ml&lang=lv\" \/>\n<meta property=\"og:locale\" content=\"en_US\" \/>\n<meta property=\"og:type\" content=\"article\" \/>\n<meta property=\"og:title\" content=\"MAVE Organisk\u0101 pasta \u0101das atjauno\u0161anai 15 ml\" \/>\n<meta property=\"og:description\" content=\"MAVE Organisk\u0101 pasta \u0101das atjauno\u0161anai 15 ml  Popul\u0101r\u0101 Mave Organic e\u013c\u013ca pastas veid\u0101 - 100% dab\u012bgs produkts Ieteicams onihol\u012bzes, \u0101das vai pap\u0113\u017eu plaisu, traumu, piem\u0113ram, griezumu un nobr\u0101zumu, apdegumu un pat p\u016bt\u012b\u0161u \u0101rst\u0113\u0161anai un profilaksei.\" \/>\n<meta property=\"og:url\" content=\"https:\/\/beautybaltic.com\/?product=mave-organiska-pasta-adas-atjaunosanai-15-ml&amp;lang=lv\" \/>\n<meta property=\"og:site_name\" content=\"Beauty Baltic\" \/>\n<meta property=\"article:publisher\" content=\"https:\/\/www.facebook.com\/siabeautybaltic\/?eid=ARDs6xwwnnHaxWoXNQhS1sgYf1tbsdYaa9nRKgzW46Bm5i4PkSKw97xrztQlMJEv9gOVxTp-o3Sq_Uwq\" \/>\n<meta property=\"article:modified_time\" content=\"2026-04-14T10:27:52+00:00\" \/>\n<meta property=\"og:image\" content=\"https:\/\/beautybaltic.com\/wp-content\/uploads\/2024\/07\/01.jpg\" \/>\n\t<meta property=\"og:image:width\" content=\"1000\" \/>\n\t<meta property=\"og:image:height\" content=\"1000\" \/>\n\t<meta property=\"og:image:type\" content=\"image\/jpeg\" \/>\n<meta name=\"twitter:card\" content=\"summary_large_image\" \/>\n<meta name=\"twitter:label1\" content=\"Est. reading time\" \/>\n\t<meta name=\"twitter:data1\" content=\"1 minute\" \/>\n<script type=\"application\/ld+json\" class=\"yoast-schema-graph\">{\"@context\":\"https:\/\/schema.org\",\"@graph\":[{\"@type\":\"WebPage\",\"@id\":\"https:\/\/beautybaltic.com\/?product=mave-organiska-pasta-adas-atjaunosanai-15-ml&lang=lv\",\"url\":\"https:\/\/beautybaltic.com\/?product=mave-organiska-pasta-adas-atjaunosanai-15-ml&lang=lv\",\"name\":\"Beauty Baltic &#183; MAVE Organisk\u0101 pasta \u0101das atjauno\u0161anai 15 ml\",\"isPartOf\":{\"@id\":\"https:\/\/beautybaltic.com\/#website\"},\"primaryImageOfPage\":{\"@id\":\"https:\/\/beautybaltic.com\/?product=mave-organiska-pasta-adas-atjaunosanai-15-ml&lang=lv#primaryimage\"},\"image\":{\"@id\":\"https:\/\/beautybaltic.com\/?product=mave-organiska-pasta-adas-atjaunosanai-15-ml&lang=lv#primaryimage\"},\"thumbnailUrl\":\"https:\/\/beautybaltic.com\/wp-content\/uploads\/2024\/07\/01.jpg\",\"datePublished\":\"2024-07-30T09:31:28+00:00\",\"dateModified\":\"2026-04-14T10:27:52+00:00\",\"breadcrumb\":{\"@id\":\"https:\/\/beautybaltic.com\/?product=mave-organiska-pasta-adas-atjaunosanai-15-ml&lang=lv#breadcrumb\"},\"inLanguage\":\"en-US\",\"potentialAction\":[{\"@type\":\"ReadAction\",\"target\":[\"https:\/\/beautybaltic.com\/?product=mave-organiska-pasta-adas-atjaunosanai-15-ml&lang=lv\"]}]},{\"@type\":\"ImageObject\",\"inLanguage\":\"en-US\",\"@id\":\"https:\/\/beautybaltic.com\/?product=mave-organiska-pasta-adas-atjaunosanai-15-ml&lang=lv#primaryimage\",\"url\":\"https:\/\/beautybaltic.com\/wp-content\/uploads\/2024\/07\/01.jpg\",\"contentUrl\":\"https:\/\/beautybaltic.com\/wp-content\/uploads\/2024\/07\/01.jpg\",\"width\":1000,\"height\":1000},{\"@type\":\"BreadcrumbList\",\"@id\":\"https:\/\/beautybaltic.com\/?product=mave-organiska-pasta-adas-atjaunosanai-15-ml&lang=lv#breadcrumb\",\"itemListElement\":[{\"@type\":\"ListItem\",\"position\":1,\"name\":\"Home Page\",\"item\":\"https:\/\/beautybaltic.com\/\"},{\"@type\":\"ListItem\",\"position\":2,\"name\":\"All products\",\"item\":\"https:\/\/beautybaltic.com\/?page_id=113\"},{\"@type\":\"ListItem\",\"position\":3,\"name\":\"MAVE Organisk\u0101 pasta \u0101das atjauno\u0161anai 15 ml\"}]},{\"@type\":\"WebSite\",\"@id\":\"https:\/\/beautybaltic.com\/#website\",\"url\":\"https:\/\/beautybaltic.com\/\",\"name\":\"Beauty Baltic\",\"description\":\"\",\"publisher\":{\"@id\":\"https:\/\/beautybaltic.com\/#organization\"},\"potentialAction\":[{\"@type\":\"SearchAction\",\"target\":{\"@type\":\"EntryPoint\",\"urlTemplate\":\"https:\/\/beautybaltic.com\/?s={search_term_string}\"},\"query-input\":{\"@type\":\"PropertyValueSpecification\",\"valueRequired\":true,\"valueName\":\"search_term_string\"}}],\"inLanguage\":\"en-US\"},{\"@type\":\"Organization\",\"@id\":\"https:\/\/beautybaltic.com\/#organization\",\"name\":\"SIA \\\"Beauty Baltic\\\"\",\"url\":\"https:\/\/beautybaltic.com\/\",\"logo\":{\"@type\":\"ImageObject\",\"inLanguage\":\"en-US\",\"@id\":\"https:\/\/beautybaltic.com\/#\/schema\/logo\/image\/\",\"url\":\"https:\/\/beautybaltic.com\/wp-content\/uploads\/2020\/04\/logo-4.png\",\"contentUrl\":\"https:\/\/beautybaltic.com\/wp-content\/uploads\/2020\/04\/logo-4.png\",\"width\":704,\"height\":206,\"caption\":\"SIA \\\"Beauty Baltic\\\"\"},\"image\":{\"@id\":\"https:\/\/beautybaltic.com\/#\/schema\/logo\/image\/\"},\"sameAs\":[\"https:\/\/www.facebook.com\/siabeautybaltic\/?eid=ARDs6xwwnnHaxWoXNQhS1sgYf1tbsdYaa9nRKgzW46Bm5i4PkSKw97xrztQlMJEv9gOVxTp-o3Sq_Uwq\",\"https:\/\/www.instagram.com\/beauty_baltic\/\"]}]}<\/script>\n<!-- \/ Yoast SEO Premium plugin. -->","yoast_head_json":{"title":"Beauty Baltic &#183; MAVE Organisk\u0101 pasta \u0101das atjauno\u0161anai 15 ml","robots":{"index":"index","follow":"follow","max-snippet":"max-snippet:-1","max-image-preview":"max-image-preview:large","max-video-preview":"max-video-preview:-1"},"canonical":"https:\/\/beautybaltic.com\/?product=mave-organiska-pasta-adas-atjaunosanai-15-ml&lang=lv","og_locale":"en_US","og_type":"article","og_title":"MAVE Organisk\u0101 pasta \u0101das atjauno\u0161anai 15 ml","og_description":"MAVE Organisk\u0101 pasta \u0101das atjauno\u0161anai 15 ml  Popul\u0101r\u0101 Mave Organic e\u013c\u013ca pastas veid\u0101 - 100% dab\u012bgs produkts Ieteicams onihol\u012bzes, \u0101das vai pap\u0113\u017eu plaisu, traumu, piem\u0113ram, griezumu un nobr\u0101zumu, apdegumu un pat p\u016bt\u012b\u0161u \u0101rst\u0113\u0161anai un profilaksei.","og_url":"https:\/\/beautybaltic.com\/?product=mave-organiska-pasta-adas-atjaunosanai-15-ml&lang=lv","og_site_name":"Beauty Baltic","article_publisher":"https:\/\/www.facebook.com\/siabeautybaltic\/?eid=ARDs6xwwnnHaxWoXNQhS1sgYf1tbsdYaa9nRKgzW46Bm5i4PkSKw97xrztQlMJEv9gOVxTp-o3Sq_Uwq","article_modified_time":"2026-04-14T10:27:52+00:00","og_image":[{"width":1000,"height":1000,"url":"https:\/\/beautybaltic.com\/wp-content\/uploads\/2024\/07\/01.jpg","type":"image\/jpeg"}],"twitter_card":"summary_large_image","twitter_misc":{"Est. reading time":"1 minute"},"schema":{"@context":"https:\/\/schema.org","@graph":[{"@type":"WebPage","@id":"https:\/\/beautybaltic.com\/?product=mave-organiska-pasta-adas-atjaunosanai-15-ml&lang=lv","url":"https:\/\/beautybaltic.com\/?product=mave-organiska-pasta-adas-atjaunosanai-15-ml&lang=lv","name":"Beauty Baltic &#183; MAVE Organisk\u0101 pasta \u0101das atjauno\u0161anai 15 ml","isPartOf":{"@id":"https:\/\/beautybaltic.com\/#website"},"primaryImageOfPage":{"@id":"https:\/\/beautybaltic.com\/?product=mave-organiska-pasta-adas-atjaunosanai-15-ml&lang=lv#primaryimage"},"image":{"@id":"https:\/\/beautybaltic.com\/?product=mave-organiska-pasta-adas-atjaunosanai-15-ml&lang=lv#primaryimage"},"thumbnailUrl":"https:\/\/beautybaltic.com\/wp-content\/uploads\/2024\/07\/01.jpg","datePublished":"2024-07-30T09:31:28+00:00","dateModified":"2026-04-14T10:27:52+00:00","breadcrumb":{"@id":"https:\/\/beautybaltic.com\/?product=mave-organiska-pasta-adas-atjaunosanai-15-ml&lang=lv#breadcrumb"},"inLanguage":"en-US","potentialAction":[{"@type":"ReadAction","target":["https:\/\/beautybaltic.com\/?product=mave-organiska-pasta-adas-atjaunosanai-15-ml&lang=lv"]}]},{"@type":"ImageObject","inLanguage":"en-US","@id":"https:\/\/beautybaltic.com\/?product=mave-organiska-pasta-adas-atjaunosanai-15-ml&lang=lv#primaryimage","url":"https:\/\/beautybaltic.com\/wp-content\/uploads\/2024\/07\/01.jpg","contentUrl":"https:\/\/beautybaltic.com\/wp-content\/uploads\/2024\/07\/01.jpg","width":1000,"height":1000},{"@type":"BreadcrumbList","@id":"https:\/\/beautybaltic.com\/?product=mave-organiska-pasta-adas-atjaunosanai-15-ml&lang=lv#breadcrumb","itemListElement":[{"@type":"ListItem","position":1,"name":"Home Page","item":"https:\/\/beautybaltic.com\/"},{"@type":"ListItem","position":2,"name":"All products","item":"https:\/\/beautybaltic.com\/?page_id=113"},{"@type":"ListItem","position":3,"name":"MAVE Organisk\u0101 pasta \u0101das atjauno\u0161anai 15 ml"}]},{"@type":"WebSite","@id":"https:\/\/beautybaltic.com\/#website","url":"https:\/\/beautybaltic.com\/","name":"Beauty Baltic","description":"","publisher":{"@id":"https:\/\/beautybaltic.com\/#organization"},"potentialAction":[{"@type":"SearchAction","target":{"@type":"EntryPoint","urlTemplate":"https:\/\/beautybaltic.com\/?s={search_term_string}"},"query-input":{"@type":"PropertyValueSpecification","valueRequired":true,"valueName":"search_term_string"}}],"inLanguage":"en-US"},{"@type":"Organization","@id":"https:\/\/beautybaltic.com\/#organization","name":"SIA \"Beauty Baltic\"","url":"https:\/\/beautybaltic.com\/","logo":{"@type":"ImageObject","inLanguage":"en-US","@id":"https:\/\/beautybaltic.com\/#\/schema\/logo\/image\/","url":"https:\/\/beautybaltic.com\/wp-content\/uploads\/2020\/04\/logo-4.png","contentUrl":"https:\/\/beautybaltic.com\/wp-content\/uploads\/2020\/04\/logo-4.png","width":704,"height":206,"caption":"SIA \"Beauty Baltic\""},"image":{"@id":"https:\/\/beautybaltic.com\/#\/schema\/logo\/image\/"},"sameAs":["https:\/\/www.facebook.com\/siabeautybaltic\/?eid=ARDs6xwwnnHaxWoXNQhS1sgYf1tbsdYaa9nRKgzW46Bm5i4PkSKw97xrztQlMJEv9gOVxTp-o3Sq_Uwq","https:\/\/www.instagram.com\/beauty_baltic\/"]}]}},"_links":{"self":[{"href":"https:\/\/beautybaltic.com\/index.php?rest_route=\/wp\/v2\/product\/15094","targetHints":{"allow":["GET"]}}],"collection":[{"href":"https:\/\/beautybaltic.com\/index.php?rest_route=\/wp\/v2\/product"}],"about":[{"href":"https:\/\/beautybaltic.com\/index.php?rest_route=\/wp\/v2\/types\/product"}],"replies":[{"embeddable":true,"href":"https:\/\/beautybaltic.com\/index.php?rest_route=%2Fwp%2Fv2%2Fcomments&post=15094"}],"wp:featuredmedia":[{"embeddable":true,"href":"https:\/\/beautybaltic.com\/index.php?rest_route=\/wp\/v2\/media\/15095"}],"wp:attachment":[{"href":"https:\/\/beautybaltic.com\/index.php?rest_route=%2Fwp%2Fv2%2Fmedia&parent=15094"}],"wp:term":[{"taxonomy":"product_brand","embeddable":true,"href":"https:\/\/beautybaltic.com\/index.php?rest_route=%2Fwp%2Fv2%2Fproduct_brand&post=15094"},{"taxonomy":"product_cat","embeddable":true,"href":"https:\/\/beautybaltic.com\/index.php?rest_route=%2Fwp%2Fv2%2Fproduct_cat&post=15094"},{"taxonomy":"product_tag","embeddable":true,"href":"https:\/\/beautybaltic.com\/index.php?rest_route=%2Fwp%2Fv2%2Fproduct_tag&post=15094"}],"curies":[{"name":"wp","href":"https:\/\/api.w.org\/{rel}","templated":true}]}}