{"id":13387,"date":"2024-02-26T14:15:21","date_gmt":"2024-02-26T11:15:21","guid":{"rendered":"https:\/\/beautybaltic.com\/?post_type=product&#038;p=13387"},"modified":"2026-02-05T13:45:28","modified_gmt":"2026-02-05T10:45:28","slug":"staleks-manikiuro-stumiklis-odelems-kirpti-oranzine-lazdele-expert-pe-90-3","status":"publish","type":"product","link":"https:\/\/beautybaltic.com\/?product=staleks-manikiuro-stumiklis-odelems-kirpti-oranzine-lazdele-expert-pe-90-3&lang=lt","title":{"rendered":"STALEKS Maniki\u016bro st\u016bmiklis odel\u0117ms kirpti &#8220;Oran\u017ein\u0117 lazdel\u0117&#8221; EXPERT [PE-90\/3]"},"content":{"rendered":"<p>Maniki\u016bro st\u016bmiklis odel\u0117ms nukirpti. Speciali \u012frankio danga apsaugo j\u012f nuo ankstyvo nudilimo.<\/p>\n<p>PAGRINDIN\u0116S SAVYB\u0116S<\/p>\n<p>darbin\u0117 dalis &#8220;\u012fstri\u017eas st\u016bmiklis&#8221; naudojama \u0161iurk\u0161\u010diai ir stipriai prilipusiai odelei pakelti ir atstumti, laisvam nago kra\u0161tui nuvalyti ir polimerizuotiems gelinio lako la\u0161eliams pa\u0161alinti.<br \/>\ndarbin\u0117 dalis &#8220;valiklis&#8221; naudojama nago plok\u0161telei nuo peteli\u0161k\u0117s i\u0161valyti.<br \/>\ndydis: 141\u00b11 mm<br \/>\nRantyta rankena pagerina \u012frankio sukibim\u0105<br \/>\npapildomas \u012frankio atsparumas korozijai, kuris u\u017etikrinamas poliruojant GOI pasta<br \/>\nner\u016bdijantis plienas 20X13<\/p>\n<p>Instrumentai STALEKS &#8211; tai auk\u0161tos klas\u0117s ner\u016bdijantis, chirurginio plieno jungtis, pasi\u017eyminti puikiu profesionalumu. D\u0117l to, kad kiekvienas \u012frankis galandamas rankiniu b\u016bdu, pjovimo briaunos labai ilgai i\u0161laiko a\u0161trum\u0105, tod\u0117l galite atlikti auk\u0161tos kokyb\u0117s maniki\u016br\u0105 ir pediki\u016br\u0105. Medicinoje naudojamas ner\u016bdijantis plienas, i\u0161 kurio pagaminti visi STALEKS instrumentai, yra apsaugotas nuo korozijos<\/p>\n<hr \/>\n<table width=\"870\">\n<tbody>\n<tr>\n<td colspan=\"10\" width=\"870\"><span style=\"font-size: 12px;\">Gamintojas pagal GPSR: STALEKS SP. Z O.O., Williama Heerleina Lindleya 16, 02-013 Warszawa, Polen, store@staleks.com<\/span><\/td>\n<\/tr>\n<\/tbody>\n<\/table>\n","protected":false},"excerpt":{"rendered":"<p>Maniki\u016bro st\u016bmiklis odel\u0117ms nukirpti. Speciali \u012frankio danga apsaugo j\u012f nuo ankstyvo nudilimo. PAGRINDIN\u0116S SAVYB\u0116S darbin\u0117 dalis &#8220;\u012fstri\u017eas st\u016bmiklis&#8221; naudojama \u0161iurk\u0161\u010diai ir stipriai prilipusiai odelei pakelti ir atstumti, laisvam nago kra\u0161tui nuvalyti ir polimerizuotiems gelinio lako la\u0161eliams pa\u0161alinti. darbin\u0117 dalis &#8220;valiklis&#8221; naudojama nago plok\u0161telei nuo peteli\u0161k\u0117s i\u0161valyti. dydis: 141\u00b11 mm Rantyta rankena pagerina \u012frankio sukibim\u0105 papildomas &hellip; <\/p>\n","protected":false},"featured_media":13388,"comment_status":"open","ping_status":"closed","template":"","meta":[],"product_brand":[2850],"product_cat":[3164,1829],"product_tag":[],"class_list":{"0":"post-13387","1":"product","2":"type-product","3":"status-publish","4":"has-post-thumbnail","6":"product_brand-staleks","7":"product_cat-atstumejai","8":"product_cat-staleks-instrumentai","10":"first","11":"instock","12":"taxable","13":"shipping-taxable","14":"purchasable","15":"product-type-simple"},"yoast_head":"<!-- This site is optimized with the Yoast SEO Premium plugin v23.0 (Yoast SEO v26.9) - https:\/\/yoast.com\/product\/yoast-seo-premium-wordpress\/ -->\n<title>Beauty Baltic &#183; STALEKS Maniki\u016bro st\u016bmiklis odel\u0117ms kirpti &quot;Oran\u017ein\u0117 lazdel\u0117&quot; EXPERT [PE-90\/3]<\/title>\n<meta name=\"robots\" content=\"index, follow, max-snippet:-1, max-image-preview:large, max-video-preview:-1\" \/>\n<link rel=\"canonical\" href=\"https:\/\/beautybaltic.com\/?product=staleks-manikiuro-stumiklis-odelems-kirpti-oranzine-lazdele-expert-pe-90-3&lang=lt\" \/>\n<meta property=\"og:locale\" content=\"en_US\" \/>\n<meta property=\"og:type\" content=\"article\" \/>\n<meta property=\"og:title\" content=\"STALEKS Maniki\u016bro st\u016bmiklis odel\u0117ms kirpti &quot;Oran\u017ein\u0117 lazdel\u0117&quot; EXPERT [PE-90\/3]\" \/>\n<meta property=\"og:description\" content=\"Maniki\u016bro st\u016bmiklis odel\u0117ms nukirpti. Speciali \u012frankio danga apsaugo j\u012f nuo ankstyvo nudilimo. PAGRINDIN\u0116S SAVYB\u0116S darbin\u0117 dalis &#8220;\u012fstri\u017eas st\u016bmiklis&#8221; naudojama \u0161iurk\u0161\u010diai ir stipriai prilipusiai odelei pakelti ir atstumti, laisvam nago kra\u0161tui nuvalyti ir polimerizuotiems gelinio lako la\u0161eliams pa\u0161alinti. darbin\u0117 dalis &#8220;valiklis&#8221; naudojama nago plok\u0161telei nuo peteli\u0161k\u0117s i\u0161valyti. dydis: 141\u00b11 mm Rantyta rankena pagerina \u012frankio sukibim\u0105 papildomas &hellip;\" \/>\n<meta property=\"og:url\" content=\"https:\/\/beautybaltic.com\/?product=staleks-manikiuro-stumiklis-odelems-kirpti-oranzine-lazdele-expert-pe-90-3&amp;lang=lt\" \/>\n<meta property=\"og:site_name\" content=\"Beauty Baltic\" \/>\n<meta property=\"article:publisher\" content=\"https:\/\/www.facebook.com\/siabeautybaltic\/?eid=ARDs6xwwnnHaxWoXNQhS1sgYf1tbsdYaa9nRKgzW46Bm5i4PkSKw97xrztQlMJEv9gOVxTp-o3Sq_Uwq\" \/>\n<meta property=\"article:modified_time\" content=\"2026-02-05T10:45:28+00:00\" \/>\n<meta property=\"og:image\" content=\"https:\/\/beautybaltic.com\/wp-content\/uploads\/2023\/08\/PE-90_3-n-scaled.png\" \/>\n\t<meta property=\"og:image:width\" content=\"1714\" \/>\n\t<meta property=\"og:image:height\" content=\"2560\" \/>\n\t<meta property=\"og:image:type\" content=\"image\/png\" \/>\n<meta name=\"twitter:card\" content=\"summary_large_image\" \/>\n<meta name=\"twitter:label1\" content=\"Est. reading time\" \/>\n\t<meta name=\"twitter:data1\" content=\"1 minute\" \/>\n<script type=\"application\/ld+json\" class=\"yoast-schema-graph\">{\"@context\":\"https:\/\/schema.org\",\"@graph\":[{\"@type\":\"WebPage\",\"@id\":\"https:\/\/beautybaltic.com\/?product=staleks-manikiuro-stumiklis-odelems-kirpti-oranzine-lazdele-expert-pe-90-3&lang=lt\",\"url\":\"https:\/\/beautybaltic.com\/?product=staleks-manikiuro-stumiklis-odelems-kirpti-oranzine-lazdele-expert-pe-90-3&lang=lt\",\"name\":\"Beauty Baltic &#183; STALEKS Maniki\u016bro st\u016bmiklis odel\u0117ms kirpti \\\"Oran\u017ein\u0117 lazdel\u0117\\\" EXPERT [PE-90\/3]\",\"isPartOf\":{\"@id\":\"https:\/\/beautybaltic.com\/#website\"},\"primaryImageOfPage\":{\"@id\":\"https:\/\/beautybaltic.com\/?product=staleks-manikiuro-stumiklis-odelems-kirpti-oranzine-lazdele-expert-pe-90-3&lang=lt#primaryimage\"},\"image\":{\"@id\":\"https:\/\/beautybaltic.com\/?product=staleks-manikiuro-stumiklis-odelems-kirpti-oranzine-lazdele-expert-pe-90-3&lang=lt#primaryimage\"},\"thumbnailUrl\":\"https:\/\/beautybaltic.com\/wp-content\/uploads\/2023\/08\/PE-90_3-n-scaled.png\",\"datePublished\":\"2024-02-26T11:15:21+00:00\",\"dateModified\":\"2026-02-05T10:45:28+00:00\",\"breadcrumb\":{\"@id\":\"https:\/\/beautybaltic.com\/?product=staleks-manikiuro-stumiklis-odelems-kirpti-oranzine-lazdele-expert-pe-90-3&lang=lt#breadcrumb\"},\"inLanguage\":\"en-US\",\"potentialAction\":[{\"@type\":\"ReadAction\",\"target\":[\"https:\/\/beautybaltic.com\/?product=staleks-manikiuro-stumiklis-odelems-kirpti-oranzine-lazdele-expert-pe-90-3&lang=lt\"]}]},{\"@type\":\"ImageObject\",\"inLanguage\":\"en-US\",\"@id\":\"https:\/\/beautybaltic.com\/?product=staleks-manikiuro-stumiklis-odelems-kirpti-oranzine-lazdele-expert-pe-90-3&lang=lt#primaryimage\",\"url\":\"https:\/\/beautybaltic.com\/wp-content\/uploads\/2023\/08\/PE-90_3-n-scaled.png\",\"contentUrl\":\"https:\/\/beautybaltic.com\/wp-content\/uploads\/2023\/08\/PE-90_3-n-scaled.png\",\"width\":1714,\"height\":2560},{\"@type\":\"BreadcrumbList\",\"@id\":\"https:\/\/beautybaltic.com\/?product=staleks-manikiuro-stumiklis-odelems-kirpti-oranzine-lazdele-expert-pe-90-3&lang=lt#breadcrumb\",\"itemListElement\":[{\"@type\":\"ListItem\",\"position\":1,\"name\":\"Home Page\",\"item\":\"https:\/\/beautybaltic.com\/\"},{\"@type\":\"ListItem\",\"position\":2,\"name\":\"All products\",\"item\":\"https:\/\/beautybaltic.com\/?page_id=113\"},{\"@type\":\"ListItem\",\"position\":3,\"name\":\"STALEKS Maniki\u016bro st\u016bmiklis odel\u0117ms kirpti &#8220;Oran\u017ein\u0117 lazdel\u0117&#8221; EXPERT [PE-90\/3]\"}]},{\"@type\":\"WebSite\",\"@id\":\"https:\/\/beautybaltic.com\/#website\",\"url\":\"https:\/\/beautybaltic.com\/\",\"name\":\"Beauty Baltic\",\"description\":\"\",\"publisher\":{\"@id\":\"https:\/\/beautybaltic.com\/#organization\"},\"potentialAction\":[{\"@type\":\"SearchAction\",\"target\":{\"@type\":\"EntryPoint\",\"urlTemplate\":\"https:\/\/beautybaltic.com\/?s={search_term_string}\"},\"query-input\":{\"@type\":\"PropertyValueSpecification\",\"valueRequired\":true,\"valueName\":\"search_term_string\"}}],\"inLanguage\":\"en-US\"},{\"@type\":\"Organization\",\"@id\":\"https:\/\/beautybaltic.com\/#organization\",\"name\":\"SIA \\\"Beauty Baltic\\\"\",\"url\":\"https:\/\/beautybaltic.com\/\",\"logo\":{\"@type\":\"ImageObject\",\"inLanguage\":\"en-US\",\"@id\":\"https:\/\/beautybaltic.com\/#\/schema\/logo\/image\/\",\"url\":\"https:\/\/beautybaltic.com\/wp-content\/uploads\/2020\/04\/logo-4.png\",\"contentUrl\":\"https:\/\/beautybaltic.com\/wp-content\/uploads\/2020\/04\/logo-4.png\",\"width\":704,\"height\":206,\"caption\":\"SIA \\\"Beauty Baltic\\\"\"},\"image\":{\"@id\":\"https:\/\/beautybaltic.com\/#\/schema\/logo\/image\/\"},\"sameAs\":[\"https:\/\/www.facebook.com\/siabeautybaltic\/?eid=ARDs6xwwnnHaxWoXNQhS1sgYf1tbsdYaa9nRKgzW46Bm5i4PkSKw97xrztQlMJEv9gOVxTp-o3Sq_Uwq\",\"https:\/\/www.instagram.com\/beauty_baltic\/\"]}]}<\/script>\n<!-- \/ Yoast SEO Premium plugin. -->","yoast_head_json":{"title":"Beauty Baltic &#183; STALEKS Maniki\u016bro st\u016bmiklis odel\u0117ms kirpti \"Oran\u017ein\u0117 lazdel\u0117\" EXPERT [PE-90\/3]","robots":{"index":"index","follow":"follow","max-snippet":"max-snippet:-1","max-image-preview":"max-image-preview:large","max-video-preview":"max-video-preview:-1"},"canonical":"https:\/\/beautybaltic.com\/?product=staleks-manikiuro-stumiklis-odelems-kirpti-oranzine-lazdele-expert-pe-90-3&lang=lt","og_locale":"en_US","og_type":"article","og_title":"STALEKS Maniki\u016bro st\u016bmiklis odel\u0117ms kirpti \"Oran\u017ein\u0117 lazdel\u0117\" EXPERT [PE-90\/3]","og_description":"Maniki\u016bro st\u016bmiklis odel\u0117ms nukirpti. Speciali \u012frankio danga apsaugo j\u012f nuo ankstyvo nudilimo. PAGRINDIN\u0116S SAVYB\u0116S darbin\u0117 dalis &#8220;\u012fstri\u017eas st\u016bmiklis&#8221; naudojama \u0161iurk\u0161\u010diai ir stipriai prilipusiai odelei pakelti ir atstumti, laisvam nago kra\u0161tui nuvalyti ir polimerizuotiems gelinio lako la\u0161eliams pa\u0161alinti. darbin\u0117 dalis &#8220;valiklis&#8221; naudojama nago plok\u0161telei nuo peteli\u0161k\u0117s i\u0161valyti. dydis: 141\u00b11 mm Rantyta rankena pagerina \u012frankio sukibim\u0105 papildomas &hellip;","og_url":"https:\/\/beautybaltic.com\/?product=staleks-manikiuro-stumiklis-odelems-kirpti-oranzine-lazdele-expert-pe-90-3&lang=lt","og_site_name":"Beauty Baltic","article_publisher":"https:\/\/www.facebook.com\/siabeautybaltic\/?eid=ARDs6xwwnnHaxWoXNQhS1sgYf1tbsdYaa9nRKgzW46Bm5i4PkSKw97xrztQlMJEv9gOVxTp-o3Sq_Uwq","article_modified_time":"2026-02-05T10:45:28+00:00","og_image":[{"width":1714,"height":2560,"url":"https:\/\/beautybaltic.com\/wp-content\/uploads\/2023\/08\/PE-90_3-n-scaled.png","type":"image\/png"}],"twitter_card":"summary_large_image","twitter_misc":{"Est. reading time":"1 minute"},"schema":{"@context":"https:\/\/schema.org","@graph":[{"@type":"WebPage","@id":"https:\/\/beautybaltic.com\/?product=staleks-manikiuro-stumiklis-odelems-kirpti-oranzine-lazdele-expert-pe-90-3&lang=lt","url":"https:\/\/beautybaltic.com\/?product=staleks-manikiuro-stumiklis-odelems-kirpti-oranzine-lazdele-expert-pe-90-3&lang=lt","name":"Beauty Baltic &#183; STALEKS Maniki\u016bro st\u016bmiklis odel\u0117ms kirpti \"Oran\u017ein\u0117 lazdel\u0117\" EXPERT [PE-90\/3]","isPartOf":{"@id":"https:\/\/beautybaltic.com\/#website"},"primaryImageOfPage":{"@id":"https:\/\/beautybaltic.com\/?product=staleks-manikiuro-stumiklis-odelems-kirpti-oranzine-lazdele-expert-pe-90-3&lang=lt#primaryimage"},"image":{"@id":"https:\/\/beautybaltic.com\/?product=staleks-manikiuro-stumiklis-odelems-kirpti-oranzine-lazdele-expert-pe-90-3&lang=lt#primaryimage"},"thumbnailUrl":"https:\/\/beautybaltic.com\/wp-content\/uploads\/2023\/08\/PE-90_3-n-scaled.png","datePublished":"2024-02-26T11:15:21+00:00","dateModified":"2026-02-05T10:45:28+00:00","breadcrumb":{"@id":"https:\/\/beautybaltic.com\/?product=staleks-manikiuro-stumiklis-odelems-kirpti-oranzine-lazdele-expert-pe-90-3&lang=lt#breadcrumb"},"inLanguage":"en-US","potentialAction":[{"@type":"ReadAction","target":["https:\/\/beautybaltic.com\/?product=staleks-manikiuro-stumiklis-odelems-kirpti-oranzine-lazdele-expert-pe-90-3&lang=lt"]}]},{"@type":"ImageObject","inLanguage":"en-US","@id":"https:\/\/beautybaltic.com\/?product=staleks-manikiuro-stumiklis-odelems-kirpti-oranzine-lazdele-expert-pe-90-3&lang=lt#primaryimage","url":"https:\/\/beautybaltic.com\/wp-content\/uploads\/2023\/08\/PE-90_3-n-scaled.png","contentUrl":"https:\/\/beautybaltic.com\/wp-content\/uploads\/2023\/08\/PE-90_3-n-scaled.png","width":1714,"height":2560},{"@type":"BreadcrumbList","@id":"https:\/\/beautybaltic.com\/?product=staleks-manikiuro-stumiklis-odelems-kirpti-oranzine-lazdele-expert-pe-90-3&lang=lt#breadcrumb","itemListElement":[{"@type":"ListItem","position":1,"name":"Home Page","item":"https:\/\/beautybaltic.com\/"},{"@type":"ListItem","position":2,"name":"All products","item":"https:\/\/beautybaltic.com\/?page_id=113"},{"@type":"ListItem","position":3,"name":"STALEKS Maniki\u016bro st\u016bmiklis odel\u0117ms kirpti &#8220;Oran\u017ein\u0117 lazdel\u0117&#8221; EXPERT [PE-90\/3]"}]},{"@type":"WebSite","@id":"https:\/\/beautybaltic.com\/#website","url":"https:\/\/beautybaltic.com\/","name":"Beauty Baltic","description":"","publisher":{"@id":"https:\/\/beautybaltic.com\/#organization"},"potentialAction":[{"@type":"SearchAction","target":{"@type":"EntryPoint","urlTemplate":"https:\/\/beautybaltic.com\/?s={search_term_string}"},"query-input":{"@type":"PropertyValueSpecification","valueRequired":true,"valueName":"search_term_string"}}],"inLanguage":"en-US"},{"@type":"Organization","@id":"https:\/\/beautybaltic.com\/#organization","name":"SIA \"Beauty Baltic\"","url":"https:\/\/beautybaltic.com\/","logo":{"@type":"ImageObject","inLanguage":"en-US","@id":"https:\/\/beautybaltic.com\/#\/schema\/logo\/image\/","url":"https:\/\/beautybaltic.com\/wp-content\/uploads\/2020\/04\/logo-4.png","contentUrl":"https:\/\/beautybaltic.com\/wp-content\/uploads\/2020\/04\/logo-4.png","width":704,"height":206,"caption":"SIA \"Beauty Baltic\""},"image":{"@id":"https:\/\/beautybaltic.com\/#\/schema\/logo\/image\/"},"sameAs":["https:\/\/www.facebook.com\/siabeautybaltic\/?eid=ARDs6xwwnnHaxWoXNQhS1sgYf1tbsdYaa9nRKgzW46Bm5i4PkSKw97xrztQlMJEv9gOVxTp-o3Sq_Uwq","https:\/\/www.instagram.com\/beauty_baltic\/"]}]}},"_links":{"self":[{"href":"https:\/\/beautybaltic.com\/index.php?rest_route=\/wp\/v2\/product\/13387","targetHints":{"allow":["GET"]}}],"collection":[{"href":"https:\/\/beautybaltic.com\/index.php?rest_route=\/wp\/v2\/product"}],"about":[{"href":"https:\/\/beautybaltic.com\/index.php?rest_route=\/wp\/v2\/types\/product"}],"replies":[{"embeddable":true,"href":"https:\/\/beautybaltic.com\/index.php?rest_route=%2Fwp%2Fv2%2Fcomments&post=13387"}],"wp:featuredmedia":[{"embeddable":true,"href":"https:\/\/beautybaltic.com\/index.php?rest_route=\/wp\/v2\/media\/13388"}],"wp:attachment":[{"href":"https:\/\/beautybaltic.com\/index.php?rest_route=%2Fwp%2Fv2%2Fmedia&parent=13387"}],"wp:term":[{"taxonomy":"product_brand","embeddable":true,"href":"https:\/\/beautybaltic.com\/index.php?rest_route=%2Fwp%2Fv2%2Fproduct_brand&post=13387"},{"taxonomy":"product_cat","embeddable":true,"href":"https:\/\/beautybaltic.com\/index.php?rest_route=%2Fwp%2Fv2%2Fproduct_cat&post=13387"},{"taxonomy":"product_tag","embeddable":true,"href":"https:\/\/beautybaltic.com\/index.php?rest_route=%2Fwp%2Fv2%2Fproduct_tag&post=13387"}],"curies":[{"name":"wp","href":"https:\/\/api.w.org\/{rel}","templated":true}]}}