{"id":13355,"date":"2024-02-26T13:19:26","date_gmt":"2024-02-26T10:19:26","guid":{"rendered":"https:\/\/beautybaltic.com\/?post_type=product&#038;p=13355"},"modified":"2026-02-18T20:35:37","modified_gmt":"2026-02-18T17:35:37","slug":"mave-organinis-aliejus-30ml","status":"publish","type":"product","link":"https:\/\/beautybaltic.com\/?product=mave-organinis-aliejus-30ml&lang=lt","title":{"rendered":"MAVE Organinis aliejus 30ml"},"content":{"rendered":"<p><strong>ORGANINIO ALIEJUS SUD\u0116TIS IR POVEIKIS<\/strong><\/p>\n<p><strong>Monardos aliejus<\/strong> \u2013 kovoja su bakterij\u0173 ir grybeli\u0173 mikroflora, stiprina nago plok\u0161tel\u0119, \u0161velniai maitina odeles. Padeda esant tokioms problemoms kaip nag\u0173 grybelis, onicholiz\u0117, p\u016bslelin\u0117<br \/>\n<strong>Celandine ekstraktas<\/strong> \u2013 pasi\u017eymi antivirusin\u0117mis savyb\u0117mis, mal\u0161ina skausm\u0105 ir l\u0117tina odeli\u0173 augim\u0105<br \/>\n<strong>Vitaminai A ir E<\/strong> \u2013 lygina ir maitina od\u0105, stiprina nago plok\u0161tel\u0119<br \/>\n<strong>Ramun\u0117li\u0173 ekstraktas<\/strong> \u2013 vietinis nat\u016bralus antibiotikas \u2013 prie\u0161u\u017edegiminis ir gydomasis poveikis<br \/>\n<strong>\u017dalioji arbata<\/strong> \u2013 vienas stipriausi\u0173 antioksidant\u0173 \u0161altini\u0173, kok\u012f gali pasi\u016blyti gamta. Antioksidacin\u0117s ir regeneruojan\u010dios savyb\u0117s apsaugo od\u0105 nuo prie\u0161laikinio sen\u0117jimo ir rauk\u0161li\u0173. Jis taip pat puikiai padeda esant odos patinimui ir u\u017edegimui. \u0160tai kod\u0117l \u017ealiosios arbatos aliejus labai rekomenduojamas d\u0117m\u0117tai odai ir spuogams.<br \/>\n<strong>Molekuliniai laidininkai<\/strong> \u2013 naudojant biologi\u0161kai aktyvius elementus kartu su organin\u0117mis med\u017eiagomis, labai greitai ir giliai \u012fsiskverbia \u012f od\u0105, taip pagreitindami aliejaus efektyvum\u0105.<\/p>\n<p><strong>Ekologi\u0161kas aliejus skirtas gydyti ir u\u017ekirsti keli\u0105:<\/strong><\/p>\n<p class=\"p1\">\u2022 Onicholiz\u0117<br \/>\n\u2022 Nag\u0173 ir odos grybelis<br \/>\n\u2022 \u012etr\u016bkimai ir ypa\u010d sausa oda<br \/>\n\u2022 Egzema<br \/>\n\u2022 Herpes<br \/>\n\u2022 Nedideli \u012fpjovimai ir \u017eaizdos, saul\u0117s nudegimai ir net spuogai ir daug daugiau.<\/p>\n<p>Sud\u0117tis: Monardos aliejaus serumas, \u017ealiosios arbatos aliejus, ugnia\u017eol\u0117s ekstraktas, vitaminas E, vitaminas A, ramun\u0117li\u0173 ekstraktas, alyvuogi\u0173 s\u0117kl\u0173 aliejus.<\/p>\n","protected":false},"excerpt":{"rendered":"<p>Absoliutus privalomas dalykas kiekviename nam\u0173 \u016bkyje ir nag\u0173 studijoje!<\/p>\n<p>MAVE Organic Oil &#8211; turi gydom\u0105j\u012f poveik\u012f odai, rankoms ir kojoms. Oganic Repair Oil i\u0161sprend\u017eia kelet\u0105 nag\u0173 ir odos problem\u0173 vos keliais u\u017etepimais, o turi dezinfekuojant\u012f, \u017eaizdas gydant\u012f ir skausm\u0105 mal\u0161inant\u012f poveik\u012f.<\/p>\n","protected":false},"featured_media":13356,"comment_status":"open","ping_status":"closed","template":"","meta":[],"product_brand":[2846],"product_cat":[1910],"product_tag":[1946],"class_list":{"0":"post-13355","1":"product","2":"type-product","3":"status-publish","4":"has-post-thumbnail","6":"product_brand-mave","7":"product_cat-mave-cosmetics-lt","8":"product_tag-akcijos","10":"first","11":"instock","12":"sale","13":"taxable","14":"shipping-taxable","15":"purchasable","16":"product-type-simple"},"yoast_head":"<!-- This site is optimized with the Yoast SEO Premium plugin v23.0 (Yoast SEO v26.9) - https:\/\/yoast.com\/product\/yoast-seo-premium-wordpress\/ -->\n<title>Beauty Baltic &#183; MAVE Organinis aliejus 30ml<\/title>\n<meta name=\"robots\" content=\"index, follow, max-snippet:-1, max-image-preview:large, max-video-preview:-1\" \/>\n<link rel=\"canonical\" href=\"https:\/\/beautybaltic.com\/?product=mave-organinis-aliejus-30ml&lang=lt\" \/>\n<meta property=\"og:locale\" content=\"en_US\" \/>\n<meta property=\"og:type\" content=\"article\" \/>\n<meta property=\"og:title\" content=\"MAVE Organinis aliejus 30ml\" \/>\n<meta property=\"og:description\" content=\"Absoliutus privalomas dalykas kiekviename nam\u0173 \u016bkyje ir nag\u0173 studijoje!  MAVE Organic Oil - turi gydom\u0105j\u012f poveik\u012f odai, rankoms ir kojoms. Oganic Repair Oil i\u0161sprend\u017eia kelet\u0105 nag\u0173 ir odos problem\u0173 vos keliais u\u017etepimais, o turi dezinfekuojant\u012f, \u017eaizdas gydant\u012f ir skausm\u0105 mal\u0161inant\u012f poveik\u012f.\" \/>\n<meta property=\"og:url\" content=\"https:\/\/beautybaltic.com\/?product=mave-organinis-aliejus-30ml&amp;lang=lt\" \/>\n<meta property=\"og:site_name\" content=\"Beauty Baltic\" \/>\n<meta property=\"article:publisher\" content=\"https:\/\/www.facebook.com\/siabeautybaltic\/?eid=ARDs6xwwnnHaxWoXNQhS1sgYf1tbsdYaa9nRKgzW46Bm5i4PkSKw97xrztQlMJEv9gOVxTp-o3Sq_Uwq\" \/>\n<meta property=\"article:modified_time\" content=\"2026-02-18T17:35:37+00:00\" \/>\n<meta property=\"og:image\" content=\"https:\/\/beautybaltic.com\/wp-content\/uploads\/2023\/10\/IMG-0922.jpg\" \/>\n\t<meta property=\"og:image:width\" content=\"1000\" \/>\n\t<meta property=\"og:image:height\" content=\"1000\" \/>\n\t<meta property=\"og:image:type\" content=\"image\/jpeg\" \/>\n<meta name=\"twitter:card\" content=\"summary_large_image\" \/>\n<meta name=\"twitter:label1\" content=\"Est. reading time\" \/>\n\t<meta name=\"twitter:data1\" content=\"1 minute\" \/>\n<script type=\"application\/ld+json\" class=\"yoast-schema-graph\">{\"@context\":\"https:\/\/schema.org\",\"@graph\":[{\"@type\":\"WebPage\",\"@id\":\"https:\/\/beautybaltic.com\/?product=mave-organinis-aliejus-30ml&lang=lt\",\"url\":\"https:\/\/beautybaltic.com\/?product=mave-organinis-aliejus-30ml&lang=lt\",\"name\":\"Beauty Baltic &#183; MAVE Organinis aliejus 30ml\",\"isPartOf\":{\"@id\":\"https:\/\/beautybaltic.com\/#website\"},\"primaryImageOfPage\":{\"@id\":\"https:\/\/beautybaltic.com\/?product=mave-organinis-aliejus-30ml&lang=lt#primaryimage\"},\"image\":{\"@id\":\"https:\/\/beautybaltic.com\/?product=mave-organinis-aliejus-30ml&lang=lt#primaryimage\"},\"thumbnailUrl\":\"https:\/\/beautybaltic.com\/wp-content\/uploads\/2023\/10\/IMG-0922.jpg\",\"datePublished\":\"2024-02-26T10:19:26+00:00\",\"dateModified\":\"2026-02-18T17:35:37+00:00\",\"breadcrumb\":{\"@id\":\"https:\/\/beautybaltic.com\/?product=mave-organinis-aliejus-30ml&lang=lt#breadcrumb\"},\"inLanguage\":\"en-US\",\"potentialAction\":[{\"@type\":\"ReadAction\",\"target\":[\"https:\/\/beautybaltic.com\/?product=mave-organinis-aliejus-30ml&lang=lt\"]}]},{\"@type\":\"ImageObject\",\"inLanguage\":\"en-US\",\"@id\":\"https:\/\/beautybaltic.com\/?product=mave-organinis-aliejus-30ml&lang=lt#primaryimage\",\"url\":\"https:\/\/beautybaltic.com\/wp-content\/uploads\/2023\/10\/IMG-0922.jpg\",\"contentUrl\":\"https:\/\/beautybaltic.com\/wp-content\/uploads\/2023\/10\/IMG-0922.jpg\",\"width\":1000,\"height\":1000},{\"@type\":\"BreadcrumbList\",\"@id\":\"https:\/\/beautybaltic.com\/?product=mave-organinis-aliejus-30ml&lang=lt#breadcrumb\",\"itemListElement\":[{\"@type\":\"ListItem\",\"position\":1,\"name\":\"Home Page\",\"item\":\"https:\/\/beautybaltic.com\/\"},{\"@type\":\"ListItem\",\"position\":2,\"name\":\"All products\",\"item\":\"https:\/\/beautybaltic.com\/?page_id=113\"},{\"@type\":\"ListItem\",\"position\":3,\"name\":\"MAVE Organinis aliejus 30ml\"}]},{\"@type\":\"WebSite\",\"@id\":\"https:\/\/beautybaltic.com\/#website\",\"url\":\"https:\/\/beautybaltic.com\/\",\"name\":\"Beauty Baltic\",\"description\":\"\",\"publisher\":{\"@id\":\"https:\/\/beautybaltic.com\/#organization\"},\"potentialAction\":[{\"@type\":\"SearchAction\",\"target\":{\"@type\":\"EntryPoint\",\"urlTemplate\":\"https:\/\/beautybaltic.com\/?s={search_term_string}\"},\"query-input\":{\"@type\":\"PropertyValueSpecification\",\"valueRequired\":true,\"valueName\":\"search_term_string\"}}],\"inLanguage\":\"en-US\"},{\"@type\":\"Organization\",\"@id\":\"https:\/\/beautybaltic.com\/#organization\",\"name\":\"SIA \\\"Beauty Baltic\\\"\",\"url\":\"https:\/\/beautybaltic.com\/\",\"logo\":{\"@type\":\"ImageObject\",\"inLanguage\":\"en-US\",\"@id\":\"https:\/\/beautybaltic.com\/#\/schema\/logo\/image\/\",\"url\":\"https:\/\/beautybaltic.com\/wp-content\/uploads\/2020\/04\/logo-4.png\",\"contentUrl\":\"https:\/\/beautybaltic.com\/wp-content\/uploads\/2020\/04\/logo-4.png\",\"width\":704,\"height\":206,\"caption\":\"SIA \\\"Beauty Baltic\\\"\"},\"image\":{\"@id\":\"https:\/\/beautybaltic.com\/#\/schema\/logo\/image\/\"},\"sameAs\":[\"https:\/\/www.facebook.com\/siabeautybaltic\/?eid=ARDs6xwwnnHaxWoXNQhS1sgYf1tbsdYaa9nRKgzW46Bm5i4PkSKw97xrztQlMJEv9gOVxTp-o3Sq_Uwq\",\"https:\/\/www.instagram.com\/beauty_baltic\/\"]}]}<\/script>\n<!-- \/ Yoast SEO Premium plugin. -->","yoast_head_json":{"title":"Beauty Baltic &#183; MAVE Organinis aliejus 30ml","robots":{"index":"index","follow":"follow","max-snippet":"max-snippet:-1","max-image-preview":"max-image-preview:large","max-video-preview":"max-video-preview:-1"},"canonical":"https:\/\/beautybaltic.com\/?product=mave-organinis-aliejus-30ml&lang=lt","og_locale":"en_US","og_type":"article","og_title":"MAVE Organinis aliejus 30ml","og_description":"Absoliutus privalomas dalykas kiekviename nam\u0173 \u016bkyje ir nag\u0173 studijoje!  MAVE Organic Oil - turi gydom\u0105j\u012f poveik\u012f odai, rankoms ir kojoms. Oganic Repair Oil i\u0161sprend\u017eia kelet\u0105 nag\u0173 ir odos problem\u0173 vos keliais u\u017etepimais, o turi dezinfekuojant\u012f, \u017eaizdas gydant\u012f ir skausm\u0105 mal\u0161inant\u012f poveik\u012f.","og_url":"https:\/\/beautybaltic.com\/?product=mave-organinis-aliejus-30ml&lang=lt","og_site_name":"Beauty Baltic","article_publisher":"https:\/\/www.facebook.com\/siabeautybaltic\/?eid=ARDs6xwwnnHaxWoXNQhS1sgYf1tbsdYaa9nRKgzW46Bm5i4PkSKw97xrztQlMJEv9gOVxTp-o3Sq_Uwq","article_modified_time":"2026-02-18T17:35:37+00:00","og_image":[{"width":1000,"height":1000,"url":"https:\/\/beautybaltic.com\/wp-content\/uploads\/2023\/10\/IMG-0922.jpg","type":"image\/jpeg"}],"twitter_card":"summary_large_image","twitter_misc":{"Est. reading time":"1 minute"},"schema":{"@context":"https:\/\/schema.org","@graph":[{"@type":"WebPage","@id":"https:\/\/beautybaltic.com\/?product=mave-organinis-aliejus-30ml&lang=lt","url":"https:\/\/beautybaltic.com\/?product=mave-organinis-aliejus-30ml&lang=lt","name":"Beauty Baltic &#183; MAVE Organinis aliejus 30ml","isPartOf":{"@id":"https:\/\/beautybaltic.com\/#website"},"primaryImageOfPage":{"@id":"https:\/\/beautybaltic.com\/?product=mave-organinis-aliejus-30ml&lang=lt#primaryimage"},"image":{"@id":"https:\/\/beautybaltic.com\/?product=mave-organinis-aliejus-30ml&lang=lt#primaryimage"},"thumbnailUrl":"https:\/\/beautybaltic.com\/wp-content\/uploads\/2023\/10\/IMG-0922.jpg","datePublished":"2024-02-26T10:19:26+00:00","dateModified":"2026-02-18T17:35:37+00:00","breadcrumb":{"@id":"https:\/\/beautybaltic.com\/?product=mave-organinis-aliejus-30ml&lang=lt#breadcrumb"},"inLanguage":"en-US","potentialAction":[{"@type":"ReadAction","target":["https:\/\/beautybaltic.com\/?product=mave-organinis-aliejus-30ml&lang=lt"]}]},{"@type":"ImageObject","inLanguage":"en-US","@id":"https:\/\/beautybaltic.com\/?product=mave-organinis-aliejus-30ml&lang=lt#primaryimage","url":"https:\/\/beautybaltic.com\/wp-content\/uploads\/2023\/10\/IMG-0922.jpg","contentUrl":"https:\/\/beautybaltic.com\/wp-content\/uploads\/2023\/10\/IMG-0922.jpg","width":1000,"height":1000},{"@type":"BreadcrumbList","@id":"https:\/\/beautybaltic.com\/?product=mave-organinis-aliejus-30ml&lang=lt#breadcrumb","itemListElement":[{"@type":"ListItem","position":1,"name":"Home Page","item":"https:\/\/beautybaltic.com\/"},{"@type":"ListItem","position":2,"name":"All products","item":"https:\/\/beautybaltic.com\/?page_id=113"},{"@type":"ListItem","position":3,"name":"MAVE Organinis aliejus 30ml"}]},{"@type":"WebSite","@id":"https:\/\/beautybaltic.com\/#website","url":"https:\/\/beautybaltic.com\/","name":"Beauty Baltic","description":"","publisher":{"@id":"https:\/\/beautybaltic.com\/#organization"},"potentialAction":[{"@type":"SearchAction","target":{"@type":"EntryPoint","urlTemplate":"https:\/\/beautybaltic.com\/?s={search_term_string}"},"query-input":{"@type":"PropertyValueSpecification","valueRequired":true,"valueName":"search_term_string"}}],"inLanguage":"en-US"},{"@type":"Organization","@id":"https:\/\/beautybaltic.com\/#organization","name":"SIA \"Beauty Baltic\"","url":"https:\/\/beautybaltic.com\/","logo":{"@type":"ImageObject","inLanguage":"en-US","@id":"https:\/\/beautybaltic.com\/#\/schema\/logo\/image\/","url":"https:\/\/beautybaltic.com\/wp-content\/uploads\/2020\/04\/logo-4.png","contentUrl":"https:\/\/beautybaltic.com\/wp-content\/uploads\/2020\/04\/logo-4.png","width":704,"height":206,"caption":"SIA \"Beauty Baltic\""},"image":{"@id":"https:\/\/beautybaltic.com\/#\/schema\/logo\/image\/"},"sameAs":["https:\/\/www.facebook.com\/siabeautybaltic\/?eid=ARDs6xwwnnHaxWoXNQhS1sgYf1tbsdYaa9nRKgzW46Bm5i4PkSKw97xrztQlMJEv9gOVxTp-o3Sq_Uwq","https:\/\/www.instagram.com\/beauty_baltic\/"]}]}},"_links":{"self":[{"href":"https:\/\/beautybaltic.com\/index.php?rest_route=\/wp\/v2\/product\/13355","targetHints":{"allow":["GET"]}}],"collection":[{"href":"https:\/\/beautybaltic.com\/index.php?rest_route=\/wp\/v2\/product"}],"about":[{"href":"https:\/\/beautybaltic.com\/index.php?rest_route=\/wp\/v2\/types\/product"}],"replies":[{"embeddable":true,"href":"https:\/\/beautybaltic.com\/index.php?rest_route=%2Fwp%2Fv2%2Fcomments&post=13355"}],"wp:featuredmedia":[{"embeddable":true,"href":"https:\/\/beautybaltic.com\/index.php?rest_route=\/wp\/v2\/media\/13356"}],"wp:attachment":[{"href":"https:\/\/beautybaltic.com\/index.php?rest_route=%2Fwp%2Fv2%2Fmedia&parent=13355"}],"wp:term":[{"taxonomy":"product_brand","embeddable":true,"href":"https:\/\/beautybaltic.com\/index.php?rest_route=%2Fwp%2Fv2%2Fproduct_brand&post=13355"},{"taxonomy":"product_cat","embeddable":true,"href":"https:\/\/beautybaltic.com\/index.php?rest_route=%2Fwp%2Fv2%2Fproduct_cat&post=13355"},{"taxonomy":"product_tag","embeddable":true,"href":"https:\/\/beautybaltic.com\/index.php?rest_route=%2Fwp%2Fv2%2Fproduct_tag&post=13355"}],"curies":[{"name":"wp","href":"https:\/\/api.w.org\/{rel}","templated":true}]}}