{"id":13313,"date":"2024-02-26T12:39:36","date_gmt":"2024-02-26T09:39:36","guid":{"rendered":"https:\/\/beautybaltic.com\/?post_type=product&#038;p=13313"},"modified":"2026-03-24T22:51:16","modified_gmt":"2026-03-24T19:51:16","slug":"silikoninis-nagu-poliruoklis-3-32-%e2%8c%801024mm-zalias-c","status":"publish","type":"product","link":"https:\/\/beautybaltic.com\/?product=silikoninis-nagu-poliruoklis-3-32-%E2%8C%801024mm-zalias-c&lang=lt","title":{"rendered":"Silikoninis poliruoklis, 3\/32&#8243;, \u230010*24mm, \u017ealias (C)"},"content":{"rendered":"<p>Silikoninis poliruoklis.<\/p>\n<p>Jis naudojamas aparatiniam maniki\u016brui ir pediki\u016brui:<\/p>\n<p>Kukur\u016bz\u0173 ir nelygumo gydymas;<br \/>\nBaigiamasis p\u0117dos gydymas;<br \/>\nSustor\u0117jusi\u0173 nag\u0173 gydymas.<\/p>\n<p>Spalva: \u017ealia (C)<\/p>\n<p>Galvut\u0117s dydis: \u230010mm \/ L 24mm<\/p>\n<p>Koto skersmuo: 3\/32 colio (2,35 mm)<\/p>\n","protected":false},"excerpt":{"rendered":"<p>Silikoninis poliruoklis. Jis naudojamas aparatiniam maniki\u016brui ir pediki\u016brui: Kukur\u016bz\u0173 ir nelygumo gydymas; Baigiamasis p\u0117dos gydymas; Sustor\u0117jusi\u0173 nag\u0173 gydymas. Spalva: \u017ealia (C) Galvut\u0117s dydis: \u230010mm \/ L 24mm Koto skersmuo: 3\/32 colio (2,35 mm)<\/p>\n","protected":false},"featured_media":13314,"comment_status":"open","ping_status":"closed","template":"","meta":[],"product_brand":[3375],"product_cat":[1815],"product_tag":[],"class_list":{"0":"post-13313","1":"product","2":"type-product","3":"status-publish","4":"has-post-thumbnail","6":"product_brand-wuxi-yaqin-trading-co","7":"product_cat-silikoniniai-antgaliai","9":"first","10":"instock","11":"taxable","12":"shipping-taxable","13":"purchasable","14":"product-type-simple"},"yoast_head":"<!-- This site is optimized with the Yoast SEO Premium plugin v23.0 (Yoast SEO v26.9) - https:\/\/yoast.com\/product\/yoast-seo-premium-wordpress\/ -->\n<title>Beauty Baltic &#183; Silikoninis poliruoklis, 3\/32&quot;, \u230010*24mm, \u017ealias (C)<\/title>\n<meta name=\"robots\" content=\"index, follow, max-snippet:-1, max-image-preview:large, max-video-preview:-1\" \/>\n<link rel=\"canonical\" href=\"https:\/\/beautybaltic.com\/?product=silikoninis-nagu-poliruoklis-3-32-\u23001024mm-zalias-c&lang=lt\" \/>\n<meta property=\"og:locale\" content=\"en_US\" \/>\n<meta property=\"og:type\" content=\"article\" \/>\n<meta property=\"og:title\" content=\"Silikoninis poliruoklis, 3\/32&quot;, \u230010*24mm, \u017ealias (C)\" \/>\n<meta property=\"og:description\" content=\"Silikoninis poliruoklis. Jis naudojamas aparatiniam maniki\u016brui ir pediki\u016brui: Kukur\u016bz\u0173 ir nelygumo gydymas; Baigiamasis p\u0117dos gydymas; Sustor\u0117jusi\u0173 nag\u0173 gydymas. Spalva: \u017ealia (C) Galvut\u0117s dydis: \u230010mm \/ L 24mm Koto skersmuo: 3\/32 colio (2,35 mm)\" \/>\n<meta property=\"og:url\" content=\"https:\/\/beautybaltic.com\/?product=silikoninis-nagu-poliruoklis-3-32-\u23001024mm-zalias-c&amp;lang=lt\" \/>\n<meta property=\"og:site_name\" content=\"Beauty Baltic\" \/>\n<meta property=\"article:publisher\" content=\"https:\/\/www.facebook.com\/siabeautybaltic\/?eid=ARDs6xwwnnHaxWoXNQhS1sgYf1tbsdYaa9nRKgzW46Bm5i4PkSKw97xrztQlMJEv9gOVxTp-o3Sq_Uwq\" \/>\n<meta property=\"article:modified_time\" content=\"2026-03-24T19:51:16+00:00\" \/>\n<meta property=\"og:image\" content=\"https:\/\/beautybaltic.com\/wp-content\/uploads\/2020\/11\/Silicone-L-Green-2.jpg\" \/>\n\t<meta property=\"og:image:width\" content=\"2000\" \/>\n\t<meta property=\"og:image:height\" content=\"2000\" \/>\n\t<meta property=\"og:image:type\" content=\"image\/jpeg\" \/>\n<meta name=\"twitter:card\" content=\"summary_large_image\" \/>\n<meta name=\"twitter:label1\" content=\"Est. reading time\" \/>\n\t<meta name=\"twitter:data1\" content=\"1 minute\" \/>\n<script type=\"application\/ld+json\" class=\"yoast-schema-graph\">{\"@context\":\"https:\/\/schema.org\",\"@graph\":[{\"@type\":\"WebPage\",\"@id\":\"https:\/\/beautybaltic.com\/?product=silikoninis-nagu-poliruoklis-3-32-%E2%8C%801024mm-zalias-c&lang=lt\",\"url\":\"https:\/\/beautybaltic.com\/?product=silikoninis-nagu-poliruoklis-3-32-%E2%8C%801024mm-zalias-c&lang=lt\",\"name\":\"Beauty Baltic &#183; Silikoninis poliruoklis, 3\/32\\\", \u230010*24mm, \u017ealias (C)\",\"isPartOf\":{\"@id\":\"https:\/\/beautybaltic.com\/#website\"},\"primaryImageOfPage\":{\"@id\":\"https:\/\/beautybaltic.com\/?product=silikoninis-nagu-poliruoklis-3-32-%E2%8C%801024mm-zalias-c&lang=lt#primaryimage\"},\"image\":{\"@id\":\"https:\/\/beautybaltic.com\/?product=silikoninis-nagu-poliruoklis-3-32-%E2%8C%801024mm-zalias-c&lang=lt#primaryimage\"},\"thumbnailUrl\":\"https:\/\/beautybaltic.com\/wp-content\/uploads\/2020\/11\/Silicone-L-Green-2.jpg\",\"datePublished\":\"2024-02-26T09:39:36+00:00\",\"dateModified\":\"2026-03-24T19:51:16+00:00\",\"breadcrumb\":{\"@id\":\"https:\/\/beautybaltic.com\/?product=silikoninis-nagu-poliruoklis-3-32-%E2%8C%801024mm-zalias-c&lang=lt#breadcrumb\"},\"inLanguage\":\"en-US\",\"potentialAction\":[{\"@type\":\"ReadAction\",\"target\":[\"https:\/\/beautybaltic.com\/?product=silikoninis-nagu-poliruoklis-3-32-%E2%8C%801024mm-zalias-c&lang=lt\"]}]},{\"@type\":\"ImageObject\",\"inLanguage\":\"en-US\",\"@id\":\"https:\/\/beautybaltic.com\/?product=silikoninis-nagu-poliruoklis-3-32-%E2%8C%801024mm-zalias-c&lang=lt#primaryimage\",\"url\":\"https:\/\/beautybaltic.com\/wp-content\/uploads\/2020\/11\/Silicone-L-Green-2.jpg\",\"contentUrl\":\"https:\/\/beautybaltic.com\/wp-content\/uploads\/2020\/11\/Silicone-L-Green-2.jpg\",\"width\":2000,\"height\":2000},{\"@type\":\"BreadcrumbList\",\"@id\":\"https:\/\/beautybaltic.com\/?product=silikoninis-nagu-poliruoklis-3-32-%E2%8C%801024mm-zalias-c&lang=lt#breadcrumb\",\"itemListElement\":[{\"@type\":\"ListItem\",\"position\":1,\"name\":\"Home Page\",\"item\":\"https:\/\/beautybaltic.com\/\"},{\"@type\":\"ListItem\",\"position\":2,\"name\":\"All products\",\"item\":\"https:\/\/beautybaltic.com\/?page_id=113\"},{\"@type\":\"ListItem\",\"position\":3,\"name\":\"Silikoninis poliruoklis, 3\/32&#8243;, \u230010*24mm, \u017ealias (C)\"}]},{\"@type\":\"WebSite\",\"@id\":\"https:\/\/beautybaltic.com\/#website\",\"url\":\"https:\/\/beautybaltic.com\/\",\"name\":\"Beauty Baltic\",\"description\":\"\",\"publisher\":{\"@id\":\"https:\/\/beautybaltic.com\/#organization\"},\"potentialAction\":[{\"@type\":\"SearchAction\",\"target\":{\"@type\":\"EntryPoint\",\"urlTemplate\":\"https:\/\/beautybaltic.com\/?s={search_term_string}\"},\"query-input\":{\"@type\":\"PropertyValueSpecification\",\"valueRequired\":true,\"valueName\":\"search_term_string\"}}],\"inLanguage\":\"en-US\"},{\"@type\":\"Organization\",\"@id\":\"https:\/\/beautybaltic.com\/#organization\",\"name\":\"SIA \\\"Beauty Baltic\\\"\",\"url\":\"https:\/\/beautybaltic.com\/\",\"logo\":{\"@type\":\"ImageObject\",\"inLanguage\":\"en-US\",\"@id\":\"https:\/\/beautybaltic.com\/#\/schema\/logo\/image\/\",\"url\":\"https:\/\/beautybaltic.com\/wp-content\/uploads\/2020\/04\/logo-4.png\",\"contentUrl\":\"https:\/\/beautybaltic.com\/wp-content\/uploads\/2020\/04\/logo-4.png\",\"width\":704,\"height\":206,\"caption\":\"SIA \\\"Beauty Baltic\\\"\"},\"image\":{\"@id\":\"https:\/\/beautybaltic.com\/#\/schema\/logo\/image\/\"},\"sameAs\":[\"https:\/\/www.facebook.com\/siabeautybaltic\/?eid=ARDs6xwwnnHaxWoXNQhS1sgYf1tbsdYaa9nRKgzW46Bm5i4PkSKw97xrztQlMJEv9gOVxTp-o3Sq_Uwq\",\"https:\/\/www.instagram.com\/beauty_baltic\/\"]}]}<\/script>\n<!-- \/ Yoast SEO Premium plugin. -->","yoast_head_json":{"title":"Beauty Baltic &#183; Silikoninis poliruoklis, 3\/32\", \u230010*24mm, \u017ealias (C)","robots":{"index":"index","follow":"follow","max-snippet":"max-snippet:-1","max-image-preview":"max-image-preview:large","max-video-preview":"max-video-preview:-1"},"canonical":"https:\/\/beautybaltic.com\/?product=silikoninis-nagu-poliruoklis-3-32-\u23001024mm-zalias-c&lang=lt","og_locale":"en_US","og_type":"article","og_title":"Silikoninis poliruoklis, 3\/32\", \u230010*24mm, \u017ealias (C)","og_description":"Silikoninis poliruoklis. Jis naudojamas aparatiniam maniki\u016brui ir pediki\u016brui: Kukur\u016bz\u0173 ir nelygumo gydymas; Baigiamasis p\u0117dos gydymas; Sustor\u0117jusi\u0173 nag\u0173 gydymas. Spalva: \u017ealia (C) Galvut\u0117s dydis: \u230010mm \/ L 24mm Koto skersmuo: 3\/32 colio (2,35 mm)","og_url":"https:\/\/beautybaltic.com\/?product=silikoninis-nagu-poliruoklis-3-32-\u23001024mm-zalias-c&lang=lt","og_site_name":"Beauty Baltic","article_publisher":"https:\/\/www.facebook.com\/siabeautybaltic\/?eid=ARDs6xwwnnHaxWoXNQhS1sgYf1tbsdYaa9nRKgzW46Bm5i4PkSKw97xrztQlMJEv9gOVxTp-o3Sq_Uwq","article_modified_time":"2026-03-24T19:51:16+00:00","og_image":[{"width":2000,"height":2000,"url":"https:\/\/beautybaltic.com\/wp-content\/uploads\/2020\/11\/Silicone-L-Green-2.jpg","type":"image\/jpeg"}],"twitter_card":"summary_large_image","twitter_misc":{"Est. reading time":"1 minute"},"schema":{"@context":"https:\/\/schema.org","@graph":[{"@type":"WebPage","@id":"https:\/\/beautybaltic.com\/?product=silikoninis-nagu-poliruoklis-3-32-%E2%8C%801024mm-zalias-c&lang=lt","url":"https:\/\/beautybaltic.com\/?product=silikoninis-nagu-poliruoklis-3-32-%E2%8C%801024mm-zalias-c&lang=lt","name":"Beauty Baltic &#183; Silikoninis poliruoklis, 3\/32\", \u230010*24mm, \u017ealias (C)","isPartOf":{"@id":"https:\/\/beautybaltic.com\/#website"},"primaryImageOfPage":{"@id":"https:\/\/beautybaltic.com\/?product=silikoninis-nagu-poliruoklis-3-32-%E2%8C%801024mm-zalias-c&lang=lt#primaryimage"},"image":{"@id":"https:\/\/beautybaltic.com\/?product=silikoninis-nagu-poliruoklis-3-32-%E2%8C%801024mm-zalias-c&lang=lt#primaryimage"},"thumbnailUrl":"https:\/\/beautybaltic.com\/wp-content\/uploads\/2020\/11\/Silicone-L-Green-2.jpg","datePublished":"2024-02-26T09:39:36+00:00","dateModified":"2026-03-24T19:51:16+00:00","breadcrumb":{"@id":"https:\/\/beautybaltic.com\/?product=silikoninis-nagu-poliruoklis-3-32-%E2%8C%801024mm-zalias-c&lang=lt#breadcrumb"},"inLanguage":"en-US","potentialAction":[{"@type":"ReadAction","target":["https:\/\/beautybaltic.com\/?product=silikoninis-nagu-poliruoklis-3-32-%E2%8C%801024mm-zalias-c&lang=lt"]}]},{"@type":"ImageObject","inLanguage":"en-US","@id":"https:\/\/beautybaltic.com\/?product=silikoninis-nagu-poliruoklis-3-32-%E2%8C%801024mm-zalias-c&lang=lt#primaryimage","url":"https:\/\/beautybaltic.com\/wp-content\/uploads\/2020\/11\/Silicone-L-Green-2.jpg","contentUrl":"https:\/\/beautybaltic.com\/wp-content\/uploads\/2020\/11\/Silicone-L-Green-2.jpg","width":2000,"height":2000},{"@type":"BreadcrumbList","@id":"https:\/\/beautybaltic.com\/?product=silikoninis-nagu-poliruoklis-3-32-%E2%8C%801024mm-zalias-c&lang=lt#breadcrumb","itemListElement":[{"@type":"ListItem","position":1,"name":"Home Page","item":"https:\/\/beautybaltic.com\/"},{"@type":"ListItem","position":2,"name":"All products","item":"https:\/\/beautybaltic.com\/?page_id=113"},{"@type":"ListItem","position":3,"name":"Silikoninis poliruoklis, 3\/32&#8243;, \u230010*24mm, \u017ealias (C)"}]},{"@type":"WebSite","@id":"https:\/\/beautybaltic.com\/#website","url":"https:\/\/beautybaltic.com\/","name":"Beauty Baltic","description":"","publisher":{"@id":"https:\/\/beautybaltic.com\/#organization"},"potentialAction":[{"@type":"SearchAction","target":{"@type":"EntryPoint","urlTemplate":"https:\/\/beautybaltic.com\/?s={search_term_string}"},"query-input":{"@type":"PropertyValueSpecification","valueRequired":true,"valueName":"search_term_string"}}],"inLanguage":"en-US"},{"@type":"Organization","@id":"https:\/\/beautybaltic.com\/#organization","name":"SIA \"Beauty Baltic\"","url":"https:\/\/beautybaltic.com\/","logo":{"@type":"ImageObject","inLanguage":"en-US","@id":"https:\/\/beautybaltic.com\/#\/schema\/logo\/image\/","url":"https:\/\/beautybaltic.com\/wp-content\/uploads\/2020\/04\/logo-4.png","contentUrl":"https:\/\/beautybaltic.com\/wp-content\/uploads\/2020\/04\/logo-4.png","width":704,"height":206,"caption":"SIA \"Beauty Baltic\""},"image":{"@id":"https:\/\/beautybaltic.com\/#\/schema\/logo\/image\/"},"sameAs":["https:\/\/www.facebook.com\/siabeautybaltic\/?eid=ARDs6xwwnnHaxWoXNQhS1sgYf1tbsdYaa9nRKgzW46Bm5i4PkSKw97xrztQlMJEv9gOVxTp-o3Sq_Uwq","https:\/\/www.instagram.com\/beauty_baltic\/"]}]}},"_links":{"self":[{"href":"https:\/\/beautybaltic.com\/index.php?rest_route=\/wp\/v2\/product\/13313","targetHints":{"allow":["GET"]}}],"collection":[{"href":"https:\/\/beautybaltic.com\/index.php?rest_route=\/wp\/v2\/product"}],"about":[{"href":"https:\/\/beautybaltic.com\/index.php?rest_route=\/wp\/v2\/types\/product"}],"replies":[{"embeddable":true,"href":"https:\/\/beautybaltic.com\/index.php?rest_route=%2Fwp%2Fv2%2Fcomments&post=13313"}],"wp:featuredmedia":[{"embeddable":true,"href":"https:\/\/beautybaltic.com\/index.php?rest_route=\/wp\/v2\/media\/13314"}],"wp:attachment":[{"href":"https:\/\/beautybaltic.com\/index.php?rest_route=%2Fwp%2Fv2%2Fmedia&parent=13313"}],"wp:term":[{"taxonomy":"product_brand","embeddable":true,"href":"https:\/\/beautybaltic.com\/index.php?rest_route=%2Fwp%2Fv2%2Fproduct_brand&post=13313"},{"taxonomy":"product_cat","embeddable":true,"href":"https:\/\/beautybaltic.com\/index.php?rest_route=%2Fwp%2Fv2%2Fproduct_cat&post=13313"},{"taxonomy":"product_tag","embeddable":true,"href":"https:\/\/beautybaltic.com\/index.php?rest_route=%2Fwp%2Fv2%2Fproduct_tag&post=13313"}],"curies":[{"name":"wp","href":"https:\/\/api.w.org\/{rel}","templated":true}]}}