{"id":12739,"date":"2024-02-21T12:58:35","date_gmt":"2024-02-21T09:58:35","guid":{"rendered":"https:\/\/beautybaltic.com\/?post_type=product&#038;p=12739"},"modified":"2026-03-31T06:00:41","modified_gmt":"2026-03-31T03:00:41","slug":"deimantinis-antgalis-liepsna-021-raudonas-8mm","status":"publish","type":"product","link":"https:\/\/beautybaltic.com\/?product=deimantinis-antgalis-liepsna-021-raudonas-8mm&lang=lt","title":{"rendered":"Deimantinis antgalis &#8220;liepsnel\u0117&#8221; 021 raudonas, 8mm"},"content":{"rendered":"<p>Profesionali deimantin\u0117 freza aparatiniam maniki\u016brui ir pediki\u016brui.<\/p>\n<p>Naudojama odos ir odeli\u0173 apdorojimui, \u0161onini\u0173 voleli\u0173 valymui ir nago pavir\u0161iaus i\u0161lyginimui.<\/p>\n<p>Tinka nat\u016braliems ir dirbtiniams nagams.<\/p>\n<p>Frez\u0173 naudojimo pavyzd\u017eiai pateikiami kaip rekomendacija ir gali skirtis priklausomai nuo meistro darbo technikos.<\/p>\n<p>Naudojimo instrukcijas ir saugos nurodymai <a href=\"https:\/\/beautybaltic.com\/?page_id=24030&amp;lang=lt\">pasiekiami \u010dia<\/a>.<\/p>\n","protected":false},"excerpt":{"rendered":"<p>Forma: liepsnel\u0117<\/p>\n<p>Darbin\u0117s dalies skersmuo, mm: 2,1<\/p>\n<p>Darbin\u0117s dalies ilgis, mm: 8,0<\/p>\n<p>Kotelio skersmuo, mm: 2.35<\/p>\n<p>Gr\u016bd\u0117tumas: ma\u017eas (raudonas)<\/p>\n<p>ISO: 856.104.243.080.021<\/p>\n","protected":false},"featured_media":12740,"comment_status":"open","ping_status":"closed","template":"","meta":[],"product_brand":[2854],"product_cat":[2900,1803],"product_tag":[],"class_list":{"0":"post-12739","1":"product","2":"type-product","3":"status-publish","4":"has-post-thumbnail","6":"product_brand-sistema","7":"product_cat-liepsnele-deimantiniai-antgaliai","8":"product_cat-deimantiniai-antgaliai-sistema","10":"first","11":"outofstock","12":"taxable","13":"shipping-taxable","14":"purchasable","15":"product-type-simple"},"yoast_head":"<!-- This site is optimized with the Yoast SEO Premium plugin v23.0 (Yoast SEO v26.9) - https:\/\/yoast.com\/product\/yoast-seo-premium-wordpress\/ -->\n<title>Beauty Baltic &#183; Deimantinis antgalis &quot;liepsnel\u0117&quot; 021 raudonas, 8mm<\/title>\n<meta name=\"robots\" content=\"index, follow, max-snippet:-1, max-image-preview:large, max-video-preview:-1\" \/>\n<link rel=\"canonical\" href=\"https:\/\/beautybaltic.com\/?product=deimantinis-antgalis-liepsna-021-raudonas-8mm&lang=lt\" \/>\n<meta property=\"og:locale\" content=\"en_US\" \/>\n<meta property=\"og:type\" content=\"article\" \/>\n<meta property=\"og:title\" content=\"Deimantinis antgalis &quot;liepsnel\u0117&quot; 021 raudonas, 8mm\" \/>\n<meta property=\"og:description\" content=\"Forma: liepsnel\u0117  Darbin\u0117s dalies skersmuo, mm: 2,1  Darbin\u0117s dalies ilgis, mm: 8,0  Kotelio skersmuo, mm: 2.35  Gr\u016bd\u0117tumas: ma\u017eas (raudonas)  ISO: 856.104.243.080.021\" \/>\n<meta property=\"og:url\" content=\"https:\/\/beautybaltic.com\/?product=deimantinis-antgalis-liepsna-021-raudonas-8mm&amp;lang=lt\" \/>\n<meta property=\"og:site_name\" content=\"Beauty Baltic\" \/>\n<meta property=\"article:publisher\" content=\"https:\/\/www.facebook.com\/siabeautybaltic\/?eid=ARDs6xwwnnHaxWoXNQhS1sgYf1tbsdYaa9nRKgzW46Bm5i4PkSKw97xrztQlMJEv9gOVxTp-o3Sq_Uwq\" \/>\n<meta property=\"article:modified_time\" content=\"2026-03-31T03:00:41+00:00\" \/>\n<meta property=\"og:image\" content=\"https:\/\/beautybaltic.com\/wp-content\/uploads\/2020\/03\/856.104.243.080.021-2.jpg\" \/>\n\t<meta property=\"og:image:width\" content=\"2000\" \/>\n\t<meta property=\"og:image:height\" content=\"2000\" \/>\n\t<meta property=\"og:image:type\" content=\"image\/jpeg\" \/>\n<meta name=\"twitter:card\" content=\"summary_large_image\" \/>\n<meta name=\"twitter:label1\" content=\"Est. reading time\" \/>\n\t<meta name=\"twitter:data1\" content=\"1 minute\" \/>\n<script type=\"application\/ld+json\" class=\"yoast-schema-graph\">{\"@context\":\"https:\/\/schema.org\",\"@graph\":[{\"@type\":\"WebPage\",\"@id\":\"https:\/\/beautybaltic.com\/?product=deimantinis-antgalis-liepsna-021-raudonas-8mm&lang=lt\",\"url\":\"https:\/\/beautybaltic.com\/?product=deimantinis-antgalis-liepsna-021-raudonas-8mm&lang=lt\",\"name\":\"Beauty Baltic &#183; Deimantinis antgalis \\\"liepsnel\u0117\\\" 021 raudonas, 8mm\",\"isPartOf\":{\"@id\":\"https:\/\/beautybaltic.com\/#website\"},\"primaryImageOfPage\":{\"@id\":\"https:\/\/beautybaltic.com\/?product=deimantinis-antgalis-liepsna-021-raudonas-8mm&lang=lt#primaryimage\"},\"image\":{\"@id\":\"https:\/\/beautybaltic.com\/?product=deimantinis-antgalis-liepsna-021-raudonas-8mm&lang=lt#primaryimage\"},\"thumbnailUrl\":\"https:\/\/beautybaltic.com\/wp-content\/uploads\/2020\/03\/856.104.243.080.021-2.jpg\",\"datePublished\":\"2024-02-21T09:58:35+00:00\",\"dateModified\":\"2026-03-31T03:00:41+00:00\",\"breadcrumb\":{\"@id\":\"https:\/\/beautybaltic.com\/?product=deimantinis-antgalis-liepsna-021-raudonas-8mm&lang=lt#breadcrumb\"},\"inLanguage\":\"en-US\",\"potentialAction\":[{\"@type\":\"ReadAction\",\"target\":[\"https:\/\/beautybaltic.com\/?product=deimantinis-antgalis-liepsna-021-raudonas-8mm&lang=lt\"]}]},{\"@type\":\"ImageObject\",\"inLanguage\":\"en-US\",\"@id\":\"https:\/\/beautybaltic.com\/?product=deimantinis-antgalis-liepsna-021-raudonas-8mm&lang=lt#primaryimage\",\"url\":\"https:\/\/beautybaltic.com\/wp-content\/uploads\/2020\/03\/856.104.243.080.021-2.jpg\",\"contentUrl\":\"https:\/\/beautybaltic.com\/wp-content\/uploads\/2020\/03\/856.104.243.080.021-2.jpg\",\"width\":2000,\"height\":2000},{\"@type\":\"BreadcrumbList\",\"@id\":\"https:\/\/beautybaltic.com\/?product=deimantinis-antgalis-liepsna-021-raudonas-8mm&lang=lt#breadcrumb\",\"itemListElement\":[{\"@type\":\"ListItem\",\"position\":1,\"name\":\"Home Page\",\"item\":\"https:\/\/beautybaltic.com\/\"},{\"@type\":\"ListItem\",\"position\":2,\"name\":\"All products\",\"item\":\"https:\/\/beautybaltic.com\/?page_id=113\"},{\"@type\":\"ListItem\",\"position\":3,\"name\":\"Deimantinis antgalis &#8220;liepsnel\u0117&#8221; 021 raudonas, 8mm\"}]},{\"@type\":\"WebSite\",\"@id\":\"https:\/\/beautybaltic.com\/#website\",\"url\":\"https:\/\/beautybaltic.com\/\",\"name\":\"Beauty Baltic\",\"description\":\"\",\"publisher\":{\"@id\":\"https:\/\/beautybaltic.com\/#organization\"},\"potentialAction\":[{\"@type\":\"SearchAction\",\"target\":{\"@type\":\"EntryPoint\",\"urlTemplate\":\"https:\/\/beautybaltic.com\/?s={search_term_string}\"},\"query-input\":{\"@type\":\"PropertyValueSpecification\",\"valueRequired\":true,\"valueName\":\"search_term_string\"}}],\"inLanguage\":\"en-US\"},{\"@type\":\"Organization\",\"@id\":\"https:\/\/beautybaltic.com\/#organization\",\"name\":\"SIA \\\"Beauty Baltic\\\"\",\"url\":\"https:\/\/beautybaltic.com\/\",\"logo\":{\"@type\":\"ImageObject\",\"inLanguage\":\"en-US\",\"@id\":\"https:\/\/beautybaltic.com\/#\/schema\/logo\/image\/\",\"url\":\"https:\/\/beautybaltic.com\/wp-content\/uploads\/2020\/04\/logo-4.png\",\"contentUrl\":\"https:\/\/beautybaltic.com\/wp-content\/uploads\/2020\/04\/logo-4.png\",\"width\":704,\"height\":206,\"caption\":\"SIA \\\"Beauty Baltic\\\"\"},\"image\":{\"@id\":\"https:\/\/beautybaltic.com\/#\/schema\/logo\/image\/\"},\"sameAs\":[\"https:\/\/www.facebook.com\/siabeautybaltic\/?eid=ARDs6xwwnnHaxWoXNQhS1sgYf1tbsdYaa9nRKgzW46Bm5i4PkSKw97xrztQlMJEv9gOVxTp-o3Sq_Uwq\",\"https:\/\/www.instagram.com\/beauty_baltic\/\"]}]}<\/script>\n<!-- \/ Yoast SEO Premium plugin. -->","yoast_head_json":{"title":"Beauty Baltic &#183; Deimantinis antgalis \"liepsnel\u0117\" 021 raudonas, 8mm","robots":{"index":"index","follow":"follow","max-snippet":"max-snippet:-1","max-image-preview":"max-image-preview:large","max-video-preview":"max-video-preview:-1"},"canonical":"https:\/\/beautybaltic.com\/?product=deimantinis-antgalis-liepsna-021-raudonas-8mm&lang=lt","og_locale":"en_US","og_type":"article","og_title":"Deimantinis antgalis \"liepsnel\u0117\" 021 raudonas, 8mm","og_description":"Forma: liepsnel\u0117  Darbin\u0117s dalies skersmuo, mm: 2,1  Darbin\u0117s dalies ilgis, mm: 8,0  Kotelio skersmuo, mm: 2.35  Gr\u016bd\u0117tumas: ma\u017eas (raudonas)  ISO: 856.104.243.080.021","og_url":"https:\/\/beautybaltic.com\/?product=deimantinis-antgalis-liepsna-021-raudonas-8mm&lang=lt","og_site_name":"Beauty Baltic","article_publisher":"https:\/\/www.facebook.com\/siabeautybaltic\/?eid=ARDs6xwwnnHaxWoXNQhS1sgYf1tbsdYaa9nRKgzW46Bm5i4PkSKw97xrztQlMJEv9gOVxTp-o3Sq_Uwq","article_modified_time":"2026-03-31T03:00:41+00:00","og_image":[{"width":2000,"height":2000,"url":"https:\/\/beautybaltic.com\/wp-content\/uploads\/2020\/03\/856.104.243.080.021-2.jpg","type":"image\/jpeg"}],"twitter_card":"summary_large_image","twitter_misc":{"Est. reading time":"1 minute"},"schema":{"@context":"https:\/\/schema.org","@graph":[{"@type":"WebPage","@id":"https:\/\/beautybaltic.com\/?product=deimantinis-antgalis-liepsna-021-raudonas-8mm&lang=lt","url":"https:\/\/beautybaltic.com\/?product=deimantinis-antgalis-liepsna-021-raudonas-8mm&lang=lt","name":"Beauty Baltic &#183; Deimantinis antgalis \"liepsnel\u0117\" 021 raudonas, 8mm","isPartOf":{"@id":"https:\/\/beautybaltic.com\/#website"},"primaryImageOfPage":{"@id":"https:\/\/beautybaltic.com\/?product=deimantinis-antgalis-liepsna-021-raudonas-8mm&lang=lt#primaryimage"},"image":{"@id":"https:\/\/beautybaltic.com\/?product=deimantinis-antgalis-liepsna-021-raudonas-8mm&lang=lt#primaryimage"},"thumbnailUrl":"https:\/\/beautybaltic.com\/wp-content\/uploads\/2020\/03\/856.104.243.080.021-2.jpg","datePublished":"2024-02-21T09:58:35+00:00","dateModified":"2026-03-31T03:00:41+00:00","breadcrumb":{"@id":"https:\/\/beautybaltic.com\/?product=deimantinis-antgalis-liepsna-021-raudonas-8mm&lang=lt#breadcrumb"},"inLanguage":"en-US","potentialAction":[{"@type":"ReadAction","target":["https:\/\/beautybaltic.com\/?product=deimantinis-antgalis-liepsna-021-raudonas-8mm&lang=lt"]}]},{"@type":"ImageObject","inLanguage":"en-US","@id":"https:\/\/beautybaltic.com\/?product=deimantinis-antgalis-liepsna-021-raudonas-8mm&lang=lt#primaryimage","url":"https:\/\/beautybaltic.com\/wp-content\/uploads\/2020\/03\/856.104.243.080.021-2.jpg","contentUrl":"https:\/\/beautybaltic.com\/wp-content\/uploads\/2020\/03\/856.104.243.080.021-2.jpg","width":2000,"height":2000},{"@type":"BreadcrumbList","@id":"https:\/\/beautybaltic.com\/?product=deimantinis-antgalis-liepsna-021-raudonas-8mm&lang=lt#breadcrumb","itemListElement":[{"@type":"ListItem","position":1,"name":"Home Page","item":"https:\/\/beautybaltic.com\/"},{"@type":"ListItem","position":2,"name":"All products","item":"https:\/\/beautybaltic.com\/?page_id=113"},{"@type":"ListItem","position":3,"name":"Deimantinis antgalis &#8220;liepsnel\u0117&#8221; 021 raudonas, 8mm"}]},{"@type":"WebSite","@id":"https:\/\/beautybaltic.com\/#website","url":"https:\/\/beautybaltic.com\/","name":"Beauty Baltic","description":"","publisher":{"@id":"https:\/\/beautybaltic.com\/#organization"},"potentialAction":[{"@type":"SearchAction","target":{"@type":"EntryPoint","urlTemplate":"https:\/\/beautybaltic.com\/?s={search_term_string}"},"query-input":{"@type":"PropertyValueSpecification","valueRequired":true,"valueName":"search_term_string"}}],"inLanguage":"en-US"},{"@type":"Organization","@id":"https:\/\/beautybaltic.com\/#organization","name":"SIA \"Beauty Baltic\"","url":"https:\/\/beautybaltic.com\/","logo":{"@type":"ImageObject","inLanguage":"en-US","@id":"https:\/\/beautybaltic.com\/#\/schema\/logo\/image\/","url":"https:\/\/beautybaltic.com\/wp-content\/uploads\/2020\/04\/logo-4.png","contentUrl":"https:\/\/beautybaltic.com\/wp-content\/uploads\/2020\/04\/logo-4.png","width":704,"height":206,"caption":"SIA \"Beauty Baltic\""},"image":{"@id":"https:\/\/beautybaltic.com\/#\/schema\/logo\/image\/"},"sameAs":["https:\/\/www.facebook.com\/siabeautybaltic\/?eid=ARDs6xwwnnHaxWoXNQhS1sgYf1tbsdYaa9nRKgzW46Bm5i4PkSKw97xrztQlMJEv9gOVxTp-o3Sq_Uwq","https:\/\/www.instagram.com\/beauty_baltic\/"]}]}},"_links":{"self":[{"href":"https:\/\/beautybaltic.com\/index.php?rest_route=\/wp\/v2\/product\/12739","targetHints":{"allow":["GET"]}}],"collection":[{"href":"https:\/\/beautybaltic.com\/index.php?rest_route=\/wp\/v2\/product"}],"about":[{"href":"https:\/\/beautybaltic.com\/index.php?rest_route=\/wp\/v2\/types\/product"}],"replies":[{"embeddable":true,"href":"https:\/\/beautybaltic.com\/index.php?rest_route=%2Fwp%2Fv2%2Fcomments&post=12739"}],"wp:featuredmedia":[{"embeddable":true,"href":"https:\/\/beautybaltic.com\/index.php?rest_route=\/wp\/v2\/media\/12740"}],"wp:attachment":[{"href":"https:\/\/beautybaltic.com\/index.php?rest_route=%2Fwp%2Fv2%2Fmedia&parent=12739"}],"wp:term":[{"taxonomy":"product_brand","embeddable":true,"href":"https:\/\/beautybaltic.com\/index.php?rest_route=%2Fwp%2Fv2%2Fproduct_brand&post=12739"},{"taxonomy":"product_cat","embeddable":true,"href":"https:\/\/beautybaltic.com\/index.php?rest_route=%2Fwp%2Fv2%2Fproduct_cat&post=12739"},{"taxonomy":"product_tag","embeddable":true,"href":"https:\/\/beautybaltic.com\/index.php?rest_route=%2Fwp%2Fv2%2Fproduct_tag&post=12739"}],"curies":[{"name":"wp","href":"https:\/\/api.w.org\/{rel}","templated":true}]}}