{"id":12568,"date":"2024-02-15T14:20:54","date_gmt":"2024-02-15T11:20:54","guid":{"rendered":"https:\/\/beautybaltic.com\/?post_type=product&#038;p=12568"},"modified":"2026-03-03T14:32:29","modified_gmt":"2026-03-03T11:32:29","slug":"karbidinis-antgalis-kmiz-fzpdl-050-c-kairiarankiams","status":"publish","type":"product","link":"https:\/\/beautybaltic.com\/?product=karbidinis-antgalis-kmiz-fzpdl-050-c-kairiarankiams&lang=lt","title":{"rendered":"Karbidinis antgalis KMIZ FZPDL 050-C (kairiarankiams) [117973]"},"content":{"rendered":"<p>Profesionali karbido freza med\u017eiagos \u0161alinimui maniki\u016bro ir pediki\u016bro proced\u016brose.<\/p>\n<p>Skirta saugiam ir efektyviam gelio, gelinio lako, akrilo ar hibridini\u0173 dang\u0173 \u0161alinimui ir apdorojimui \u2014 priklausomai nuo frezos kietumo lygio.<\/p>\n<p>U\u017etikrina tolyg\u0173 ir tiksl\u0173 darb\u0105 be perkaitimo.<\/p>\n<p>Frez\u0173 naudojimo pavyzd\u017eiai pateikiami kaip rekomendacija ir gali skirtis priklausomai nuo meistro darbo technikos.<\/p>\n<p>Naudojimo instrukcijas ir saugos nurodymai <a href=\"https:\/\/beautybaltic.com\/?page_id=24030&amp;lang=lt\">pasiekiami \u010dia<\/a>.<\/p>\n","protected":false},"excerpt":{"rendered":"<p>Karbido antgalis med\u017eiagoms (geliui ir akrilui) \u0161alinti &#8211; skirtas kairiarankiams.<\/p>\n<p>Forma: K\u016bgio formos<\/p>\n<p>\u0160iurk\u0161tumas: Didelio skersinio pj\u016bvio (m\u0117lyna)<\/p>\n<p>Darbin\u0117s dalies ilgis: 14,00 mm.<\/p>\n<p>Darbin\u0117s dalies skersmuo: 5 mm.<\/p>\n<p>Modelis: FZPDL 050-C (kairiarankiams)<\/p>\n","protected":false},"featured_media":12569,"comment_status":"open","ping_status":"closed","template":"","meta":[],"product_brand":[2849],"product_cat":[1794,1776,1833],"product_tag":[],"class_list":{"0":"post-12568","1":"product","2":"type-product","3":"status-publish","4":"has-post-thumbnail","6":"product_brand-kmiz","7":"product_cat-karbidiniai-antgaliai-kmiz","8":"product_cat-kairiarankiai","9":"product_cat-kmiz-kazane-antgaliai","11":"first","12":"outofstock","13":"taxable","14":"shipping-taxable","15":"purchasable","16":"product-type-simple"},"yoast_head":"<!-- This site is optimized with the Yoast SEO Premium plugin v23.0 (Yoast SEO v26.9) - https:\/\/yoast.com\/product\/yoast-seo-premium-wordpress\/ -->\n<title>Beauty Baltic &#183; Karbidinis antgalis KMIZ FZPDL 050-C (kairiarankiams) [117973]<\/title>\n<meta name=\"robots\" content=\"index, follow, max-snippet:-1, max-image-preview:large, max-video-preview:-1\" \/>\n<link rel=\"canonical\" href=\"https:\/\/beautybaltic.com\/?product=karbidinis-antgalis-kmiz-fzpdl-050-c-kairiarankiams&lang=lt\" \/>\n<meta property=\"og:locale\" content=\"en_US\" \/>\n<meta property=\"og:type\" content=\"article\" \/>\n<meta property=\"og:title\" content=\"Karbidinis antgalis KMIZ FZPDL 050-C (kairiarankiams) [117973]\" \/>\n<meta property=\"og:description\" content=\"Karbido antgalis med\u017eiagoms (geliui ir akrilui) \u0161alinti - skirtas kairiarankiams.  Forma: K\u016bgio formos  \u0160iurk\u0161tumas: Didelio skersinio pj\u016bvio (m\u0117lyna)  Darbin\u0117s dalies ilgis: 14,00 mm.  Darbin\u0117s dalies skersmuo: 5 mm.  Modelis: FZPDL 050-C (kairiarankiams)\" \/>\n<meta property=\"og:url\" content=\"https:\/\/beautybaltic.com\/?product=karbidinis-antgalis-kmiz-fzpdl-050-c-kairiarankiams&amp;lang=lt\" \/>\n<meta property=\"og:site_name\" content=\"Beauty Baltic\" \/>\n<meta property=\"article:publisher\" content=\"https:\/\/www.facebook.com\/siabeautybaltic\/?eid=ARDs6xwwnnHaxWoXNQhS1sgYf1tbsdYaa9nRKgzW46Bm5i4PkSKw97xrztQlMJEv9gOVxTp-o3Sq_Uwq\" \/>\n<meta property=\"article:modified_time\" content=\"2026-03-03T11:32:29+00:00\" \/>\n<meta property=\"og:image\" content=\"https:\/\/beautybaltic.com\/wp-content\/uploads\/2021\/01\/FPDL-050-C-1.jpg\" \/>\n\t<meta property=\"og:image:width\" content=\"1300\" \/>\n\t<meta property=\"og:image:height\" content=\"1300\" \/>\n\t<meta property=\"og:image:type\" content=\"image\/jpeg\" \/>\n<meta name=\"twitter:card\" content=\"summary_large_image\" \/>\n<meta name=\"twitter:label1\" content=\"Est. reading time\" \/>\n\t<meta name=\"twitter:data1\" content=\"1 minute\" \/>\n<script type=\"application\/ld+json\" class=\"yoast-schema-graph\">{\"@context\":\"https:\/\/schema.org\",\"@graph\":[{\"@type\":\"WebPage\",\"@id\":\"https:\/\/beautybaltic.com\/?product=karbidinis-antgalis-kmiz-fzpdl-050-c-kairiarankiams&lang=lt\",\"url\":\"https:\/\/beautybaltic.com\/?product=karbidinis-antgalis-kmiz-fzpdl-050-c-kairiarankiams&lang=lt\",\"name\":\"Beauty Baltic &#183; Karbidinis antgalis KMIZ FZPDL 050-C (kairiarankiams) [117973]\",\"isPartOf\":{\"@id\":\"https:\/\/beautybaltic.com\/#website\"},\"primaryImageOfPage\":{\"@id\":\"https:\/\/beautybaltic.com\/?product=karbidinis-antgalis-kmiz-fzpdl-050-c-kairiarankiams&lang=lt#primaryimage\"},\"image\":{\"@id\":\"https:\/\/beautybaltic.com\/?product=karbidinis-antgalis-kmiz-fzpdl-050-c-kairiarankiams&lang=lt#primaryimage\"},\"thumbnailUrl\":\"https:\/\/beautybaltic.com\/wp-content\/uploads\/2021\/01\/FPDL-050-C-1.jpg\",\"datePublished\":\"2024-02-15T11:20:54+00:00\",\"dateModified\":\"2026-03-03T11:32:29+00:00\",\"breadcrumb\":{\"@id\":\"https:\/\/beautybaltic.com\/?product=karbidinis-antgalis-kmiz-fzpdl-050-c-kairiarankiams&lang=lt#breadcrumb\"},\"inLanguage\":\"en-US\",\"potentialAction\":[{\"@type\":\"ReadAction\",\"target\":[\"https:\/\/beautybaltic.com\/?product=karbidinis-antgalis-kmiz-fzpdl-050-c-kairiarankiams&lang=lt\"]}]},{\"@type\":\"ImageObject\",\"inLanguage\":\"en-US\",\"@id\":\"https:\/\/beautybaltic.com\/?product=karbidinis-antgalis-kmiz-fzpdl-050-c-kairiarankiams&lang=lt#primaryimage\",\"url\":\"https:\/\/beautybaltic.com\/wp-content\/uploads\/2021\/01\/FPDL-050-C-1.jpg\",\"contentUrl\":\"https:\/\/beautybaltic.com\/wp-content\/uploads\/2021\/01\/FPDL-050-C-1.jpg\",\"width\":1300,\"height\":1300},{\"@type\":\"BreadcrumbList\",\"@id\":\"https:\/\/beautybaltic.com\/?product=karbidinis-antgalis-kmiz-fzpdl-050-c-kairiarankiams&lang=lt#breadcrumb\",\"itemListElement\":[{\"@type\":\"ListItem\",\"position\":1,\"name\":\"Home Page\",\"item\":\"https:\/\/beautybaltic.com\/\"},{\"@type\":\"ListItem\",\"position\":2,\"name\":\"All products\",\"item\":\"https:\/\/beautybaltic.com\/?page_id=113\"},{\"@type\":\"ListItem\",\"position\":3,\"name\":\"Karbidinis antgalis KMIZ FZPDL 050-C (kairiarankiams) [117973]\"}]},{\"@type\":\"WebSite\",\"@id\":\"https:\/\/beautybaltic.com\/#website\",\"url\":\"https:\/\/beautybaltic.com\/\",\"name\":\"Beauty Baltic\",\"description\":\"\",\"publisher\":{\"@id\":\"https:\/\/beautybaltic.com\/#organization\"},\"potentialAction\":[{\"@type\":\"SearchAction\",\"target\":{\"@type\":\"EntryPoint\",\"urlTemplate\":\"https:\/\/beautybaltic.com\/?s={search_term_string}\"},\"query-input\":{\"@type\":\"PropertyValueSpecification\",\"valueRequired\":true,\"valueName\":\"search_term_string\"}}],\"inLanguage\":\"en-US\"},{\"@type\":\"Organization\",\"@id\":\"https:\/\/beautybaltic.com\/#organization\",\"name\":\"SIA \\\"Beauty Baltic\\\"\",\"url\":\"https:\/\/beautybaltic.com\/\",\"logo\":{\"@type\":\"ImageObject\",\"inLanguage\":\"en-US\",\"@id\":\"https:\/\/beautybaltic.com\/#\/schema\/logo\/image\/\",\"url\":\"https:\/\/beautybaltic.com\/wp-content\/uploads\/2020\/04\/logo-4.png\",\"contentUrl\":\"https:\/\/beautybaltic.com\/wp-content\/uploads\/2020\/04\/logo-4.png\",\"width\":704,\"height\":206,\"caption\":\"SIA \\\"Beauty Baltic\\\"\"},\"image\":{\"@id\":\"https:\/\/beautybaltic.com\/#\/schema\/logo\/image\/\"},\"sameAs\":[\"https:\/\/www.facebook.com\/siabeautybaltic\/?eid=ARDs6xwwnnHaxWoXNQhS1sgYf1tbsdYaa9nRKgzW46Bm5i4PkSKw97xrztQlMJEv9gOVxTp-o3Sq_Uwq\",\"https:\/\/www.instagram.com\/beauty_baltic\/\"]}]}<\/script>\n<!-- \/ Yoast SEO Premium plugin. -->","yoast_head_json":{"title":"Beauty Baltic &#183; Karbidinis antgalis KMIZ FZPDL 050-C (kairiarankiams) [117973]","robots":{"index":"index","follow":"follow","max-snippet":"max-snippet:-1","max-image-preview":"max-image-preview:large","max-video-preview":"max-video-preview:-1"},"canonical":"https:\/\/beautybaltic.com\/?product=karbidinis-antgalis-kmiz-fzpdl-050-c-kairiarankiams&lang=lt","og_locale":"en_US","og_type":"article","og_title":"Karbidinis antgalis KMIZ FZPDL 050-C (kairiarankiams) [117973]","og_description":"Karbido antgalis med\u017eiagoms (geliui ir akrilui) \u0161alinti - skirtas kairiarankiams.  Forma: K\u016bgio formos  \u0160iurk\u0161tumas: Didelio skersinio pj\u016bvio (m\u0117lyna)  Darbin\u0117s dalies ilgis: 14,00 mm.  Darbin\u0117s dalies skersmuo: 5 mm.  Modelis: FZPDL 050-C (kairiarankiams)","og_url":"https:\/\/beautybaltic.com\/?product=karbidinis-antgalis-kmiz-fzpdl-050-c-kairiarankiams&lang=lt","og_site_name":"Beauty Baltic","article_publisher":"https:\/\/www.facebook.com\/siabeautybaltic\/?eid=ARDs6xwwnnHaxWoXNQhS1sgYf1tbsdYaa9nRKgzW46Bm5i4PkSKw97xrztQlMJEv9gOVxTp-o3Sq_Uwq","article_modified_time":"2026-03-03T11:32:29+00:00","og_image":[{"width":1300,"height":1300,"url":"https:\/\/beautybaltic.com\/wp-content\/uploads\/2021\/01\/FPDL-050-C-1.jpg","type":"image\/jpeg"}],"twitter_card":"summary_large_image","twitter_misc":{"Est. reading time":"1 minute"},"schema":{"@context":"https:\/\/schema.org","@graph":[{"@type":"WebPage","@id":"https:\/\/beautybaltic.com\/?product=karbidinis-antgalis-kmiz-fzpdl-050-c-kairiarankiams&lang=lt","url":"https:\/\/beautybaltic.com\/?product=karbidinis-antgalis-kmiz-fzpdl-050-c-kairiarankiams&lang=lt","name":"Beauty Baltic &#183; Karbidinis antgalis KMIZ FZPDL 050-C (kairiarankiams) [117973]","isPartOf":{"@id":"https:\/\/beautybaltic.com\/#website"},"primaryImageOfPage":{"@id":"https:\/\/beautybaltic.com\/?product=karbidinis-antgalis-kmiz-fzpdl-050-c-kairiarankiams&lang=lt#primaryimage"},"image":{"@id":"https:\/\/beautybaltic.com\/?product=karbidinis-antgalis-kmiz-fzpdl-050-c-kairiarankiams&lang=lt#primaryimage"},"thumbnailUrl":"https:\/\/beautybaltic.com\/wp-content\/uploads\/2021\/01\/FPDL-050-C-1.jpg","datePublished":"2024-02-15T11:20:54+00:00","dateModified":"2026-03-03T11:32:29+00:00","breadcrumb":{"@id":"https:\/\/beautybaltic.com\/?product=karbidinis-antgalis-kmiz-fzpdl-050-c-kairiarankiams&lang=lt#breadcrumb"},"inLanguage":"en-US","potentialAction":[{"@type":"ReadAction","target":["https:\/\/beautybaltic.com\/?product=karbidinis-antgalis-kmiz-fzpdl-050-c-kairiarankiams&lang=lt"]}]},{"@type":"ImageObject","inLanguage":"en-US","@id":"https:\/\/beautybaltic.com\/?product=karbidinis-antgalis-kmiz-fzpdl-050-c-kairiarankiams&lang=lt#primaryimage","url":"https:\/\/beautybaltic.com\/wp-content\/uploads\/2021\/01\/FPDL-050-C-1.jpg","contentUrl":"https:\/\/beautybaltic.com\/wp-content\/uploads\/2021\/01\/FPDL-050-C-1.jpg","width":1300,"height":1300},{"@type":"BreadcrumbList","@id":"https:\/\/beautybaltic.com\/?product=karbidinis-antgalis-kmiz-fzpdl-050-c-kairiarankiams&lang=lt#breadcrumb","itemListElement":[{"@type":"ListItem","position":1,"name":"Home Page","item":"https:\/\/beautybaltic.com\/"},{"@type":"ListItem","position":2,"name":"All products","item":"https:\/\/beautybaltic.com\/?page_id=113"},{"@type":"ListItem","position":3,"name":"Karbidinis antgalis KMIZ FZPDL 050-C (kairiarankiams) [117973]"}]},{"@type":"WebSite","@id":"https:\/\/beautybaltic.com\/#website","url":"https:\/\/beautybaltic.com\/","name":"Beauty Baltic","description":"","publisher":{"@id":"https:\/\/beautybaltic.com\/#organization"},"potentialAction":[{"@type":"SearchAction","target":{"@type":"EntryPoint","urlTemplate":"https:\/\/beautybaltic.com\/?s={search_term_string}"},"query-input":{"@type":"PropertyValueSpecification","valueRequired":true,"valueName":"search_term_string"}}],"inLanguage":"en-US"},{"@type":"Organization","@id":"https:\/\/beautybaltic.com\/#organization","name":"SIA \"Beauty Baltic\"","url":"https:\/\/beautybaltic.com\/","logo":{"@type":"ImageObject","inLanguage":"en-US","@id":"https:\/\/beautybaltic.com\/#\/schema\/logo\/image\/","url":"https:\/\/beautybaltic.com\/wp-content\/uploads\/2020\/04\/logo-4.png","contentUrl":"https:\/\/beautybaltic.com\/wp-content\/uploads\/2020\/04\/logo-4.png","width":704,"height":206,"caption":"SIA \"Beauty Baltic\""},"image":{"@id":"https:\/\/beautybaltic.com\/#\/schema\/logo\/image\/"},"sameAs":["https:\/\/www.facebook.com\/siabeautybaltic\/?eid=ARDs6xwwnnHaxWoXNQhS1sgYf1tbsdYaa9nRKgzW46Bm5i4PkSKw97xrztQlMJEv9gOVxTp-o3Sq_Uwq","https:\/\/www.instagram.com\/beauty_baltic\/"]}]}},"_links":{"self":[{"href":"https:\/\/beautybaltic.com\/index.php?rest_route=\/wp\/v2\/product\/12568","targetHints":{"allow":["GET"]}}],"collection":[{"href":"https:\/\/beautybaltic.com\/index.php?rest_route=\/wp\/v2\/product"}],"about":[{"href":"https:\/\/beautybaltic.com\/index.php?rest_route=\/wp\/v2\/types\/product"}],"replies":[{"embeddable":true,"href":"https:\/\/beautybaltic.com\/index.php?rest_route=%2Fwp%2Fv2%2Fcomments&post=12568"}],"wp:featuredmedia":[{"embeddable":true,"href":"https:\/\/beautybaltic.com\/index.php?rest_route=\/wp\/v2\/media\/12569"}],"wp:attachment":[{"href":"https:\/\/beautybaltic.com\/index.php?rest_route=%2Fwp%2Fv2%2Fmedia&parent=12568"}],"wp:term":[{"taxonomy":"product_brand","embeddable":true,"href":"https:\/\/beautybaltic.com\/index.php?rest_route=%2Fwp%2Fv2%2Fproduct_brand&post=12568"},{"taxonomy":"product_cat","embeddable":true,"href":"https:\/\/beautybaltic.com\/index.php?rest_route=%2Fwp%2Fv2%2Fproduct_cat&post=12568"},{"taxonomy":"product_tag","embeddable":true,"href":"https:\/\/beautybaltic.com\/index.php?rest_route=%2Fwp%2Fv2%2Fproduct_tag&post=12568"}],"curies":[{"name":"wp","href":"https:\/\/api.w.org\/{rel}","templated":true}]}}