{"id":11206,"date":"2023-10-06T11:43:51","date_gmt":"2023-10-06T08:43:51","guid":{"rendered":"https:\/\/beautybaltic.com\/?post_type=product&#038;p=11206"},"modified":"2026-03-24T19:50:09","modified_gmt":"2026-03-24T16:50:09","slug":"tirisanas-birste-freziem","status":"publish","type":"product","link":"https:\/\/beautybaltic.com\/?product=tirisanas-birste-freziem&lang=lv","title":{"rendered":"T\u012br\u012b\u0161anas birste fr\u0113ziem"},"content":{"rendered":"<div class=\"translateTextResult flex-fill h4 font-weight-normal\" lang=\"lv\">Raksturlielumi:<br \/>\nNo\u0146em kartot\u0113kas putek\u013cus un atlikumus<br \/>\nRobusta suka rot\u0101cijas instrumentu intens\u012bvai t\u012br\u012b\u0161anai<br \/>\n\u013boti piem\u0113rots darba proces\u0101, ja griez\u0113ja kodums aizs\u0113r\u0113jis ar g\u0113la atlikumu vai laku<br \/>\nIde\u0101li piem\u0113rots fr\u0113zes piederumu intens\u012bvai t\u012br\u012b\u0161anai pirms dezinfekcijas vannas vai ultraska\u0146as t\u012br\u012b\u0161anas<br \/>\nMateri\u0101ls: misi\u0146a stieple<\/div>\n","protected":false},"excerpt":{"rendered":"<div class=\"translateTextResult flex-fill h4 font-weight-normal\" lang=\"lv\">\n<p id=\"mt-result-3\" class=\"mt-translation hover\" aria-haspopup=\"true\"><span class=\"sentence sentence-3-0\"><span class=\"phrase phrase-3-0-1-2-3-4-5-6-7-8-9-10-11-12-13-14-15-16-17-0-1-2-3-4-5-6-7-8-9-10-11-12-13-14-15-16-17\"><span class=\"word word-3-0-0\">Izmantojot<\/span> <span class=\"word word-3-1-1\">\u0161o<\/span> <span class=\"word word-3-2-2\">nelielo<\/span><span class=\"word word-3-3-3\">,<\/span> <span class=\"word word-3-4-4\">paroc\u012bgo<\/span> <span class=\"word word-3-5-5\">met\u0101la<\/span> <span class=\"word word-3-6-6\">birsti<\/span><span class=\"word word-3-8-7\">,<\/span> <span class=\"word word-3-7-8\">var<\/span> <span class=\"word word-3-9-9\">viegli<\/span> <span class=\"word word-3-10-10\">not\u012br\u012bt<\/span> <span class=\"word word-3-11-11\">savus<\/span> <span class=\"word word-3-12-12\">karb\u012bda<\/span> <span class=\"word word-3-14-14\">un<\/span> <span class=\"word word-3-15-15\">keramikas<\/span> <span class=\"word word-3-16-16\">uzga\u013cus<\/span><span class=\"word word-3-17-17\">.<\/span><\/span><\/span> <span class=\"sentence sentence-3-1\"><span class=\"phrase phrase-3-18-19-20-21-22-23-24-25-26-27-28-29-30-31-32-33-34-35-36-37-18-19-20-21-22-23-24-25-26-27-28-29-30-31-32-33-34\"><span class=\"word word-3-18-18 word-3-19-18\">V\u0113rptie<\/span> <span class=\"word word-3-20-19\">sari<\/span> <span class=\"word word-3-21-20\">\u012bpa\u0161i<\/span> <span class=\"word word-3-22-21\">no\u0146em<\/span> <span class=\"word word-3-23-22\">smalkus<\/span> <span class=\"word word-3-24-23\">v\u012bl\u0113\u0161anas<\/span> <span class=\"word word-3-25-24\">putek\u013cus<\/span> <span class=\"word word-3-26-25\">un<\/span> <span class=\"word word-3-27-26\">\u017eelejas<\/span> <span class=\"word word-3-28-27\">atlikumus<\/span> <span class=\"word word-3-29-28\">no<\/span> <span class=\"word word-3-30-29 word-3-31-29\">fr\u0113zes<\/span> <span class=\"word word-3-32-30\">stiprin\u0101juma<\/span><span class=\"word word-3-33-31\">,<\/span> <span class=\"word word-3-34-32 word-3-35-32\">nesaboj\u0101jot<\/span> <span class=\"word word-3-36-33\">tos<\/span><span class=\"word word-3-37-34\">.<\/span><\/span><\/span><\/p>\n<\/div>\n","protected":false},"featured_media":11209,"comment_status":"open","ping_status":"closed","template":"","meta":[],"product_brand":[2852],"product_cat":[3170,1438],"product_tag":[],"class_list":{"0":"post-11206","1":"product","2":"type-product","3":"status-publish","4":"has-post-thumbnail","6":"product_brand-wilson","7":"product_cat-aksesuari","8":"product_cat-staleks-lv","10":"first","11":"instock","12":"taxable","13":"shipping-taxable","14":"purchasable","15":"product-type-simple"},"yoast_head":"<!-- This site is optimized with the Yoast SEO Premium plugin v23.0 (Yoast SEO v26.9) - https:\/\/yoast.com\/product\/yoast-seo-premium-wordpress\/ -->\n<title>Beauty Baltic &#183; T\u012br\u012b\u0161anas birste fr\u0113ziem<\/title>\n<meta name=\"robots\" content=\"index, follow, max-snippet:-1, max-image-preview:large, max-video-preview:-1\" \/>\n<link rel=\"canonical\" href=\"https:\/\/beautybaltic.com\/?product=tirisanas-birste-freziem&lang=lv\" \/>\n<meta property=\"og:locale\" content=\"en_US\" \/>\n<meta property=\"og:type\" content=\"article\" \/>\n<meta property=\"og:title\" content=\"T\u012br\u012b\u0161anas birste fr\u0113ziem\" \/>\n<meta property=\"og:description\" content=\"Izmantojot \u0161o nelielo, paroc\u012bgo met\u0101la birsti, var viegli not\u012br\u012bt savus karb\u012bda un keramikas uzga\u013cus. V\u0113rptie sari \u012bpa\u0161i no\u0146em smalkus v\u012bl\u0113\u0161anas putek\u013cus un \u017eelejas atlikumus no fr\u0113zes stiprin\u0101juma, nesaboj\u0101jot tos.\" \/>\n<meta property=\"og:url\" content=\"https:\/\/beautybaltic.com\/?product=tirisanas-birste-freziem&amp;lang=lv\" \/>\n<meta property=\"og:site_name\" content=\"Beauty Baltic\" \/>\n<meta property=\"article:publisher\" content=\"https:\/\/www.facebook.com\/siabeautybaltic\/?eid=ARDs6xwwnnHaxWoXNQhS1sgYf1tbsdYaa9nRKgzW46Bm5i4PkSKw97xrztQlMJEv9gOVxTp-o3Sq_Uwq\" \/>\n<meta property=\"article:modified_time\" content=\"2026-03-24T16:50:09+00:00\" \/>\n<meta property=\"og:image\" content=\"https:\/\/beautybaltic.com\/wp-content\/uploads\/2023\/10\/Brush-for-cutters.jpg\" \/>\n\t<meta property=\"og:image:width\" content=\"2000\" \/>\n\t<meta property=\"og:image:height\" content=\"2000\" \/>\n\t<meta property=\"og:image:type\" content=\"image\/jpeg\" \/>\n<meta name=\"twitter:card\" content=\"summary_large_image\" \/>\n<meta name=\"twitter:label1\" content=\"Est. reading time\" \/>\n\t<meta name=\"twitter:data1\" content=\"1 minute\" \/>\n<script type=\"application\/ld+json\" class=\"yoast-schema-graph\">{\"@context\":\"https:\/\/schema.org\",\"@graph\":[{\"@type\":\"WebPage\",\"@id\":\"https:\/\/beautybaltic.com\/?product=tirisanas-birste-freziem&lang=lv\",\"url\":\"https:\/\/beautybaltic.com\/?product=tirisanas-birste-freziem&lang=lv\",\"name\":\"Beauty Baltic &#183; T\u012br\u012b\u0161anas birste fr\u0113ziem\",\"isPartOf\":{\"@id\":\"https:\/\/beautybaltic.com\/#website\"},\"primaryImageOfPage\":{\"@id\":\"https:\/\/beautybaltic.com\/?product=tirisanas-birste-freziem&lang=lv#primaryimage\"},\"image\":{\"@id\":\"https:\/\/beautybaltic.com\/?product=tirisanas-birste-freziem&lang=lv#primaryimage\"},\"thumbnailUrl\":\"https:\/\/beautybaltic.com\/wp-content\/uploads\/2023\/10\/Brush-for-cutters.jpg\",\"datePublished\":\"2023-10-06T08:43:51+00:00\",\"dateModified\":\"2026-03-24T16:50:09+00:00\",\"breadcrumb\":{\"@id\":\"https:\/\/beautybaltic.com\/?product=tirisanas-birste-freziem&lang=lv#breadcrumb\"},\"inLanguage\":\"en-US\",\"potentialAction\":[{\"@type\":\"ReadAction\",\"target\":[\"https:\/\/beautybaltic.com\/?product=tirisanas-birste-freziem&lang=lv\"]}]},{\"@type\":\"ImageObject\",\"inLanguage\":\"en-US\",\"@id\":\"https:\/\/beautybaltic.com\/?product=tirisanas-birste-freziem&lang=lv#primaryimage\",\"url\":\"https:\/\/beautybaltic.com\/wp-content\/uploads\/2023\/10\/Brush-for-cutters.jpg\",\"contentUrl\":\"https:\/\/beautybaltic.com\/wp-content\/uploads\/2023\/10\/Brush-for-cutters.jpg\",\"width\":2000,\"height\":2000},{\"@type\":\"BreadcrumbList\",\"@id\":\"https:\/\/beautybaltic.com\/?product=tirisanas-birste-freziem&lang=lv#breadcrumb\",\"itemListElement\":[{\"@type\":\"ListItem\",\"position\":1,\"name\":\"Home Page\",\"item\":\"https:\/\/beautybaltic.com\/\"},{\"@type\":\"ListItem\",\"position\":2,\"name\":\"All products\",\"item\":\"https:\/\/beautybaltic.com\/?page_id=113\"},{\"@type\":\"ListItem\",\"position\":3,\"name\":\"T\u012br\u012b\u0161anas birste fr\u0113ziem\"}]},{\"@type\":\"WebSite\",\"@id\":\"https:\/\/beautybaltic.com\/#website\",\"url\":\"https:\/\/beautybaltic.com\/\",\"name\":\"Beauty Baltic\",\"description\":\"\",\"publisher\":{\"@id\":\"https:\/\/beautybaltic.com\/#organization\"},\"potentialAction\":[{\"@type\":\"SearchAction\",\"target\":{\"@type\":\"EntryPoint\",\"urlTemplate\":\"https:\/\/beautybaltic.com\/?s={search_term_string}\"},\"query-input\":{\"@type\":\"PropertyValueSpecification\",\"valueRequired\":true,\"valueName\":\"search_term_string\"}}],\"inLanguage\":\"en-US\"},{\"@type\":\"Organization\",\"@id\":\"https:\/\/beautybaltic.com\/#organization\",\"name\":\"SIA \\\"Beauty Baltic\\\"\",\"url\":\"https:\/\/beautybaltic.com\/\",\"logo\":{\"@type\":\"ImageObject\",\"inLanguage\":\"en-US\",\"@id\":\"https:\/\/beautybaltic.com\/#\/schema\/logo\/image\/\",\"url\":\"https:\/\/beautybaltic.com\/wp-content\/uploads\/2020\/04\/logo-4.png\",\"contentUrl\":\"https:\/\/beautybaltic.com\/wp-content\/uploads\/2020\/04\/logo-4.png\",\"width\":704,\"height\":206,\"caption\":\"SIA \\\"Beauty Baltic\\\"\"},\"image\":{\"@id\":\"https:\/\/beautybaltic.com\/#\/schema\/logo\/image\/\"},\"sameAs\":[\"https:\/\/www.facebook.com\/siabeautybaltic\/?eid=ARDs6xwwnnHaxWoXNQhS1sgYf1tbsdYaa9nRKgzW46Bm5i4PkSKw97xrztQlMJEv9gOVxTp-o3Sq_Uwq\",\"https:\/\/www.instagram.com\/beauty_baltic\/\"]}]}<\/script>\n<!-- \/ Yoast SEO Premium plugin. -->","yoast_head_json":{"title":"Beauty Baltic &#183; T\u012br\u012b\u0161anas birste fr\u0113ziem","robots":{"index":"index","follow":"follow","max-snippet":"max-snippet:-1","max-image-preview":"max-image-preview:large","max-video-preview":"max-video-preview:-1"},"canonical":"https:\/\/beautybaltic.com\/?product=tirisanas-birste-freziem&lang=lv","og_locale":"en_US","og_type":"article","og_title":"T\u012br\u012b\u0161anas birste fr\u0113ziem","og_description":"Izmantojot \u0161o nelielo, paroc\u012bgo met\u0101la birsti, var viegli not\u012br\u012bt savus karb\u012bda un keramikas uzga\u013cus. V\u0113rptie sari \u012bpa\u0161i no\u0146em smalkus v\u012bl\u0113\u0161anas putek\u013cus un \u017eelejas atlikumus no fr\u0113zes stiprin\u0101juma, nesaboj\u0101jot tos.","og_url":"https:\/\/beautybaltic.com\/?product=tirisanas-birste-freziem&lang=lv","og_site_name":"Beauty Baltic","article_publisher":"https:\/\/www.facebook.com\/siabeautybaltic\/?eid=ARDs6xwwnnHaxWoXNQhS1sgYf1tbsdYaa9nRKgzW46Bm5i4PkSKw97xrztQlMJEv9gOVxTp-o3Sq_Uwq","article_modified_time":"2026-03-24T16:50:09+00:00","og_image":[{"width":2000,"height":2000,"url":"https:\/\/beautybaltic.com\/wp-content\/uploads\/2023\/10\/Brush-for-cutters.jpg","type":"image\/jpeg"}],"twitter_card":"summary_large_image","twitter_misc":{"Est. reading time":"1 minute"},"schema":{"@context":"https:\/\/schema.org","@graph":[{"@type":"WebPage","@id":"https:\/\/beautybaltic.com\/?product=tirisanas-birste-freziem&lang=lv","url":"https:\/\/beautybaltic.com\/?product=tirisanas-birste-freziem&lang=lv","name":"Beauty Baltic &#183; T\u012br\u012b\u0161anas birste fr\u0113ziem","isPartOf":{"@id":"https:\/\/beautybaltic.com\/#website"},"primaryImageOfPage":{"@id":"https:\/\/beautybaltic.com\/?product=tirisanas-birste-freziem&lang=lv#primaryimage"},"image":{"@id":"https:\/\/beautybaltic.com\/?product=tirisanas-birste-freziem&lang=lv#primaryimage"},"thumbnailUrl":"https:\/\/beautybaltic.com\/wp-content\/uploads\/2023\/10\/Brush-for-cutters.jpg","datePublished":"2023-10-06T08:43:51+00:00","dateModified":"2026-03-24T16:50:09+00:00","breadcrumb":{"@id":"https:\/\/beautybaltic.com\/?product=tirisanas-birste-freziem&lang=lv#breadcrumb"},"inLanguage":"en-US","potentialAction":[{"@type":"ReadAction","target":["https:\/\/beautybaltic.com\/?product=tirisanas-birste-freziem&lang=lv"]}]},{"@type":"ImageObject","inLanguage":"en-US","@id":"https:\/\/beautybaltic.com\/?product=tirisanas-birste-freziem&lang=lv#primaryimage","url":"https:\/\/beautybaltic.com\/wp-content\/uploads\/2023\/10\/Brush-for-cutters.jpg","contentUrl":"https:\/\/beautybaltic.com\/wp-content\/uploads\/2023\/10\/Brush-for-cutters.jpg","width":2000,"height":2000},{"@type":"BreadcrumbList","@id":"https:\/\/beautybaltic.com\/?product=tirisanas-birste-freziem&lang=lv#breadcrumb","itemListElement":[{"@type":"ListItem","position":1,"name":"Home Page","item":"https:\/\/beautybaltic.com\/"},{"@type":"ListItem","position":2,"name":"All products","item":"https:\/\/beautybaltic.com\/?page_id=113"},{"@type":"ListItem","position":3,"name":"T\u012br\u012b\u0161anas birste fr\u0113ziem"}]},{"@type":"WebSite","@id":"https:\/\/beautybaltic.com\/#website","url":"https:\/\/beautybaltic.com\/","name":"Beauty Baltic","description":"","publisher":{"@id":"https:\/\/beautybaltic.com\/#organization"},"potentialAction":[{"@type":"SearchAction","target":{"@type":"EntryPoint","urlTemplate":"https:\/\/beautybaltic.com\/?s={search_term_string}"},"query-input":{"@type":"PropertyValueSpecification","valueRequired":true,"valueName":"search_term_string"}}],"inLanguage":"en-US"},{"@type":"Organization","@id":"https:\/\/beautybaltic.com\/#organization","name":"SIA \"Beauty Baltic\"","url":"https:\/\/beautybaltic.com\/","logo":{"@type":"ImageObject","inLanguage":"en-US","@id":"https:\/\/beautybaltic.com\/#\/schema\/logo\/image\/","url":"https:\/\/beautybaltic.com\/wp-content\/uploads\/2020\/04\/logo-4.png","contentUrl":"https:\/\/beautybaltic.com\/wp-content\/uploads\/2020\/04\/logo-4.png","width":704,"height":206,"caption":"SIA \"Beauty Baltic\""},"image":{"@id":"https:\/\/beautybaltic.com\/#\/schema\/logo\/image\/"},"sameAs":["https:\/\/www.facebook.com\/siabeautybaltic\/?eid=ARDs6xwwnnHaxWoXNQhS1sgYf1tbsdYaa9nRKgzW46Bm5i4PkSKw97xrztQlMJEv9gOVxTp-o3Sq_Uwq","https:\/\/www.instagram.com\/beauty_baltic\/"]}]}},"_links":{"self":[{"href":"https:\/\/beautybaltic.com\/index.php?rest_route=\/wp\/v2\/product\/11206","targetHints":{"allow":["GET"]}}],"collection":[{"href":"https:\/\/beautybaltic.com\/index.php?rest_route=\/wp\/v2\/product"}],"about":[{"href":"https:\/\/beautybaltic.com\/index.php?rest_route=\/wp\/v2\/types\/product"}],"replies":[{"embeddable":true,"href":"https:\/\/beautybaltic.com\/index.php?rest_route=%2Fwp%2Fv2%2Fcomments&post=11206"}],"wp:featuredmedia":[{"embeddable":true,"href":"https:\/\/beautybaltic.com\/index.php?rest_route=\/wp\/v2\/media\/11209"}],"wp:attachment":[{"href":"https:\/\/beautybaltic.com\/index.php?rest_route=%2Fwp%2Fv2%2Fmedia&parent=11206"}],"wp:term":[{"taxonomy":"product_brand","embeddable":true,"href":"https:\/\/beautybaltic.com\/index.php?rest_route=%2Fwp%2Fv2%2Fproduct_brand&post=11206"},{"taxonomy":"product_cat","embeddable":true,"href":"https:\/\/beautybaltic.com\/index.php?rest_route=%2Fwp%2Fv2%2Fproduct_cat&post=11206"},{"taxonomy":"product_tag","embeddable":true,"href":"https:\/\/beautybaltic.com\/index.php?rest_route=%2Fwp%2Fv2%2Fproduct_tag&post=11206"}],"curies":[{"name":"wp","href":"https:\/\/api.w.org\/{rel}","templated":true}]}}