{"id":11147,"date":"2023-10-03T17:05:48","date_gmt":"2023-10-03T14:05:48","guid":{"rendered":"https:\/\/beautybaltic.com\/?post_type=product&#038;p=11147"},"modified":"2026-04-14T13:27:52","modified_gmt":"2026-04-14T10:27:52","slug":"mave-organiska-ella-30ml","status":"publish","type":"product","link":"https:\/\/beautybaltic.com\/?product=mave-organiska-ella-30ml&lang=lv","title":{"rendered":"MAVE Organisk\u0101 e\u013c\u013ca 30ml"},"content":{"rendered":"<p><strong>ORGANISK\u0100S E\u013b\u013bAS SAST\u0100VS UN IETEKME<\/strong><\/p>\n<p><strong>Monarda e\u013c\u013ca<\/strong> \u2013 c\u012bn\u0101s ar bakt\u0113riju un s\u0113n\u012b\u0161u mikrofloru, stiprina nagu pl\u0101ksni, maigi baro kutikulas. Pal\u012bdz ar t\u0101d\u0101m probl\u0113m\u0101m k\u0101 nagu s\u0113n\u012bte, onihol\u012bze, herpes<br \/>\n<strong>Strutenes ekstrakts<\/strong> \u2013 piem\u012bt pretv\u012brusu \u012bpa\u0161\u012bbas, mazina s\u0101pes un pal\u0113nina kutikulu aug\u0161anu<br \/>\n<strong>A un E vitam\u012bns<\/strong> &#8211; izl\u012bdzina un baro \u0101du, stiprina nagu pl\u0101ksni<br \/>\n<strong>Kumel\u012b\u0161u ekstrakts<\/strong> \u2013 viet\u0113j\u0101 dab\u012bg\u0101 antibiotika \u2013 pretiekaisuma un dziedino\u0161a iedarb\u012bba<br \/>\n<strong>Za\u013c\u0101 t\u0113ja<\/strong> &#8211; ir viens no sp\u0113c\u012bg\u0101kajiem antioksidantu avotiem, ko daba var pied\u0101v\u0101t. Antioksidanta un atjaunojo\u0161\u0101s \u012bpa\u0161\u012bbas aizsarg\u0101 \u0101du no priek\u0161laic\u012bgas noveco\u0161an\u0101s un grumbu ra\u0161an\u0101s. Tas lieliski pal\u012bdz ar\u012b ar \u0101das piet\u016bkumu un iekaisumu. T\u0101p\u0113c za\u013c\u0101s t\u0113jas e\u013c\u013ca ir \u013coti ieteicama boj\u0101tai \u0101dai un p\u016bt\u012bt\u0113m.<br \/>\n<strong>Molekul\u0101rie vad\u012bt\u0101ji<\/strong> &#8211; izmantojot biolo\u0123iski akt\u012bvos elementus organisko vielu kombin\u0101cij\u0101, \u013coti \u0101tri un dzi\u013ci ies\u016bcas \u0101d\u0101, t\u0101d\u0113j\u0101di pa\u0101trinot e\u013c\u013cas efektivit\u0101ti.<\/p>\n<p><strong>Organisk\u0101 e\u013c\u013ca \u0101rst\u0113\u0161anai un profilaksei:<\/strong><\/p>\n<p class=\"p1\">\u2022 Onihol\u012bze<br \/>\n\u2022 Nagu un \u0101das s\u0113n\u012bte<br \/>\n\u2022 Plaisas un \u012bpa\u0161i sausa \u0101da<br \/>\n\u2022 Ekz\u0113ma<br \/>\n\u2022 Herpes<br \/>\n\u2022 Nelieli griezumi un br\u016bces, saules apdegumi un pat pinnes un daudz kas cits.<\/p>\n<p>Sast\u0101vs: Monarda e\u013c\u013cas serums, za\u013c\u0101s t\u0113jas e\u013c\u013ca, strute\u0146u ekstrakts, E vitam\u012bns, A vitam\u012bns, kumel\u012b\u0161u ekstrakts, ol\u012bvu s\u0113klu e\u013c\u013ca.<\/p>\n","protected":false},"excerpt":{"rendered":"<p><span class=\"HwtZe\" lang=\"lv\"><span class=\"jCAhz ChMk0b\"><span class=\"ryNqvb\">Absol\u016bti must have katr\u0101 m\u0101jsaimniec\u012bb\u0101 un studij\u0101!<\/span><\/span> <\/span><\/p>\n<p><span class=\"HwtZe\" lang=\"lv\"><span class=\"jCAhz ChMk0b\"><span class=\"ryNqvb\">MAVE Organisk\u0101 e\u013c\u013ca &#8211; ar \u0101rstniecisku iedarb\u012bbu uz \u0101du, rok\u0101m un k\u0101j\u0101m.<\/span><\/span>\u00a0<span class=\"jCAhz ChMk0b\"><span class=\"ryNqvb\">Organisk\u0101 e\u013c\u013ca atrisina vair\u0101kas nagu un \u0101das probl\u0113mas tikai ar da\u017eiem pielietojumiem, tai pat laik\u0101 tai ir dezinfic\u0113jo\u0161a, br\u016bces dzied\u0113jo\u0161a un s\u0101pes mazino\u0161a iedarb\u012bba.<\/span><\/span><\/span><\/p>\n","protected":false},"featured_media":11148,"comment_status":"open","ping_status":"closed","template":"","meta":[],"product_brand":[2846],"product_cat":[1908],"product_tag":[1942],"class_list":{"0":"post-11147","1":"product","2":"type-product","3":"status-publish","4":"has-post-thumbnail","6":"product_brand-mave","7":"product_cat-mave-cosmetics-lv","8":"product_tag-akcijas","10":"first","11":"instock","12":"sale","13":"taxable","14":"shipping-taxable","15":"purchasable","16":"product-type-simple"},"yoast_head":"<!-- This site is optimized with the Yoast SEO Premium plugin v23.0 (Yoast SEO v26.9) - https:\/\/yoast.com\/product\/yoast-seo-premium-wordpress\/ -->\n<title>Beauty Baltic &#183; MAVE Organisk\u0101 e\u013c\u013ca 30ml<\/title>\n<meta name=\"robots\" content=\"index, follow, max-snippet:-1, max-image-preview:large, max-video-preview:-1\" \/>\n<link rel=\"canonical\" href=\"https:\/\/beautybaltic.com\/?product=mave-organiska-ella-30ml&lang=lv\" \/>\n<meta property=\"og:locale\" content=\"en_US\" \/>\n<meta property=\"og:type\" content=\"article\" \/>\n<meta property=\"og:title\" content=\"MAVE Organisk\u0101 e\u013c\u013ca 30ml\" \/>\n<meta property=\"og:description\" content=\"Absol\u016bti must have katr\u0101 m\u0101jsaimniec\u012bb\u0101 un studij\u0101!   MAVE Organisk\u0101 e\u013c\u013ca - ar \u0101rstniecisku iedarb\u012bbu uz \u0101du, rok\u0101m un k\u0101j\u0101m.\u00a0Organisk\u0101 e\u013c\u013ca atrisina vair\u0101kas nagu un \u0101das probl\u0113mas tikai ar da\u017eiem pielietojumiem, tai pat laik\u0101 tai ir dezinfic\u0113jo\u0161a, br\u016bces dzied\u0113jo\u0161a un s\u0101pes mazino\u0161a iedarb\u012bba.\" \/>\n<meta property=\"og:url\" content=\"https:\/\/beautybaltic.com\/?product=mave-organiska-ella-30ml&amp;lang=lv\" \/>\n<meta property=\"og:site_name\" content=\"Beauty Baltic\" \/>\n<meta property=\"article:publisher\" content=\"https:\/\/www.facebook.com\/siabeautybaltic\/?eid=ARDs6xwwnnHaxWoXNQhS1sgYf1tbsdYaa9nRKgzW46Bm5i4PkSKw97xrztQlMJEv9gOVxTp-o3Sq_Uwq\" \/>\n<meta property=\"article:modified_time\" content=\"2026-04-14T10:27:52+00:00\" \/>\n<meta property=\"og:image\" content=\"https:\/\/beautybaltic.com\/wp-content\/uploads\/2023\/10\/IMG-0922.jpg\" \/>\n\t<meta property=\"og:image:width\" content=\"1000\" \/>\n\t<meta property=\"og:image:height\" content=\"1000\" \/>\n\t<meta property=\"og:image:type\" content=\"image\/jpeg\" \/>\n<meta name=\"twitter:card\" content=\"summary_large_image\" \/>\n<meta name=\"twitter:label1\" content=\"Est. reading time\" \/>\n\t<meta name=\"twitter:data1\" content=\"1 minute\" \/>\n<script type=\"application\/ld+json\" class=\"yoast-schema-graph\">{\"@context\":\"https:\/\/schema.org\",\"@graph\":[{\"@type\":\"WebPage\",\"@id\":\"https:\/\/beautybaltic.com\/?product=mave-organiska-ella-30ml&lang=lv\",\"url\":\"https:\/\/beautybaltic.com\/?product=mave-organiska-ella-30ml&lang=lv\",\"name\":\"Beauty Baltic &#183; MAVE Organisk\u0101 e\u013c\u013ca 30ml\",\"isPartOf\":{\"@id\":\"https:\/\/beautybaltic.com\/#website\"},\"primaryImageOfPage\":{\"@id\":\"https:\/\/beautybaltic.com\/?product=mave-organiska-ella-30ml&lang=lv#primaryimage\"},\"image\":{\"@id\":\"https:\/\/beautybaltic.com\/?product=mave-organiska-ella-30ml&lang=lv#primaryimage\"},\"thumbnailUrl\":\"https:\/\/beautybaltic.com\/wp-content\/uploads\/2023\/10\/IMG-0922.jpg\",\"datePublished\":\"2023-10-03T14:05:48+00:00\",\"dateModified\":\"2026-04-14T10:27:52+00:00\",\"breadcrumb\":{\"@id\":\"https:\/\/beautybaltic.com\/?product=mave-organiska-ella-30ml&lang=lv#breadcrumb\"},\"inLanguage\":\"en-US\",\"potentialAction\":[{\"@type\":\"ReadAction\",\"target\":[\"https:\/\/beautybaltic.com\/?product=mave-organiska-ella-30ml&lang=lv\"]}]},{\"@type\":\"ImageObject\",\"inLanguage\":\"en-US\",\"@id\":\"https:\/\/beautybaltic.com\/?product=mave-organiska-ella-30ml&lang=lv#primaryimage\",\"url\":\"https:\/\/beautybaltic.com\/wp-content\/uploads\/2023\/10\/IMG-0922.jpg\",\"contentUrl\":\"https:\/\/beautybaltic.com\/wp-content\/uploads\/2023\/10\/IMG-0922.jpg\",\"width\":1000,\"height\":1000},{\"@type\":\"BreadcrumbList\",\"@id\":\"https:\/\/beautybaltic.com\/?product=mave-organiska-ella-30ml&lang=lv#breadcrumb\",\"itemListElement\":[{\"@type\":\"ListItem\",\"position\":1,\"name\":\"Home Page\",\"item\":\"https:\/\/beautybaltic.com\/\"},{\"@type\":\"ListItem\",\"position\":2,\"name\":\"All products\",\"item\":\"https:\/\/beautybaltic.com\/?page_id=113\"},{\"@type\":\"ListItem\",\"position\":3,\"name\":\"MAVE Organisk\u0101 e\u013c\u013ca 30ml\"}]},{\"@type\":\"WebSite\",\"@id\":\"https:\/\/beautybaltic.com\/#website\",\"url\":\"https:\/\/beautybaltic.com\/\",\"name\":\"Beauty Baltic\",\"description\":\"\",\"publisher\":{\"@id\":\"https:\/\/beautybaltic.com\/#organization\"},\"potentialAction\":[{\"@type\":\"SearchAction\",\"target\":{\"@type\":\"EntryPoint\",\"urlTemplate\":\"https:\/\/beautybaltic.com\/?s={search_term_string}\"},\"query-input\":{\"@type\":\"PropertyValueSpecification\",\"valueRequired\":true,\"valueName\":\"search_term_string\"}}],\"inLanguage\":\"en-US\"},{\"@type\":\"Organization\",\"@id\":\"https:\/\/beautybaltic.com\/#organization\",\"name\":\"SIA \\\"Beauty Baltic\\\"\",\"url\":\"https:\/\/beautybaltic.com\/\",\"logo\":{\"@type\":\"ImageObject\",\"inLanguage\":\"en-US\",\"@id\":\"https:\/\/beautybaltic.com\/#\/schema\/logo\/image\/\",\"url\":\"https:\/\/beautybaltic.com\/wp-content\/uploads\/2020\/04\/logo-4.png\",\"contentUrl\":\"https:\/\/beautybaltic.com\/wp-content\/uploads\/2020\/04\/logo-4.png\",\"width\":704,\"height\":206,\"caption\":\"SIA \\\"Beauty Baltic\\\"\"},\"image\":{\"@id\":\"https:\/\/beautybaltic.com\/#\/schema\/logo\/image\/\"},\"sameAs\":[\"https:\/\/www.facebook.com\/siabeautybaltic\/?eid=ARDs6xwwnnHaxWoXNQhS1sgYf1tbsdYaa9nRKgzW46Bm5i4PkSKw97xrztQlMJEv9gOVxTp-o3Sq_Uwq\",\"https:\/\/www.instagram.com\/beauty_baltic\/\"]}]}<\/script>\n<!-- \/ Yoast SEO Premium plugin. -->","yoast_head_json":{"title":"Beauty Baltic &#183; MAVE Organisk\u0101 e\u013c\u013ca 30ml","robots":{"index":"index","follow":"follow","max-snippet":"max-snippet:-1","max-image-preview":"max-image-preview:large","max-video-preview":"max-video-preview:-1"},"canonical":"https:\/\/beautybaltic.com\/?product=mave-organiska-ella-30ml&lang=lv","og_locale":"en_US","og_type":"article","og_title":"MAVE Organisk\u0101 e\u013c\u013ca 30ml","og_description":"Absol\u016bti must have katr\u0101 m\u0101jsaimniec\u012bb\u0101 un studij\u0101!   MAVE Organisk\u0101 e\u013c\u013ca - ar \u0101rstniecisku iedarb\u012bbu uz \u0101du, rok\u0101m un k\u0101j\u0101m.\u00a0Organisk\u0101 e\u013c\u013ca atrisina vair\u0101kas nagu un \u0101das probl\u0113mas tikai ar da\u017eiem pielietojumiem, tai pat laik\u0101 tai ir dezinfic\u0113jo\u0161a, br\u016bces dzied\u0113jo\u0161a un s\u0101pes mazino\u0161a iedarb\u012bba.","og_url":"https:\/\/beautybaltic.com\/?product=mave-organiska-ella-30ml&lang=lv","og_site_name":"Beauty Baltic","article_publisher":"https:\/\/www.facebook.com\/siabeautybaltic\/?eid=ARDs6xwwnnHaxWoXNQhS1sgYf1tbsdYaa9nRKgzW46Bm5i4PkSKw97xrztQlMJEv9gOVxTp-o3Sq_Uwq","article_modified_time":"2026-04-14T10:27:52+00:00","og_image":[{"width":1000,"height":1000,"url":"https:\/\/beautybaltic.com\/wp-content\/uploads\/2023\/10\/IMG-0922.jpg","type":"image\/jpeg"}],"twitter_card":"summary_large_image","twitter_misc":{"Est. reading time":"1 minute"},"schema":{"@context":"https:\/\/schema.org","@graph":[{"@type":"WebPage","@id":"https:\/\/beautybaltic.com\/?product=mave-organiska-ella-30ml&lang=lv","url":"https:\/\/beautybaltic.com\/?product=mave-organiska-ella-30ml&lang=lv","name":"Beauty Baltic &#183; MAVE Organisk\u0101 e\u013c\u013ca 30ml","isPartOf":{"@id":"https:\/\/beautybaltic.com\/#website"},"primaryImageOfPage":{"@id":"https:\/\/beautybaltic.com\/?product=mave-organiska-ella-30ml&lang=lv#primaryimage"},"image":{"@id":"https:\/\/beautybaltic.com\/?product=mave-organiska-ella-30ml&lang=lv#primaryimage"},"thumbnailUrl":"https:\/\/beautybaltic.com\/wp-content\/uploads\/2023\/10\/IMG-0922.jpg","datePublished":"2023-10-03T14:05:48+00:00","dateModified":"2026-04-14T10:27:52+00:00","breadcrumb":{"@id":"https:\/\/beautybaltic.com\/?product=mave-organiska-ella-30ml&lang=lv#breadcrumb"},"inLanguage":"en-US","potentialAction":[{"@type":"ReadAction","target":["https:\/\/beautybaltic.com\/?product=mave-organiska-ella-30ml&lang=lv"]}]},{"@type":"ImageObject","inLanguage":"en-US","@id":"https:\/\/beautybaltic.com\/?product=mave-organiska-ella-30ml&lang=lv#primaryimage","url":"https:\/\/beautybaltic.com\/wp-content\/uploads\/2023\/10\/IMG-0922.jpg","contentUrl":"https:\/\/beautybaltic.com\/wp-content\/uploads\/2023\/10\/IMG-0922.jpg","width":1000,"height":1000},{"@type":"BreadcrumbList","@id":"https:\/\/beautybaltic.com\/?product=mave-organiska-ella-30ml&lang=lv#breadcrumb","itemListElement":[{"@type":"ListItem","position":1,"name":"Home Page","item":"https:\/\/beautybaltic.com\/"},{"@type":"ListItem","position":2,"name":"All products","item":"https:\/\/beautybaltic.com\/?page_id=113"},{"@type":"ListItem","position":3,"name":"MAVE Organisk\u0101 e\u013c\u013ca 30ml"}]},{"@type":"WebSite","@id":"https:\/\/beautybaltic.com\/#website","url":"https:\/\/beautybaltic.com\/","name":"Beauty Baltic","description":"","publisher":{"@id":"https:\/\/beautybaltic.com\/#organization"},"potentialAction":[{"@type":"SearchAction","target":{"@type":"EntryPoint","urlTemplate":"https:\/\/beautybaltic.com\/?s={search_term_string}"},"query-input":{"@type":"PropertyValueSpecification","valueRequired":true,"valueName":"search_term_string"}}],"inLanguage":"en-US"},{"@type":"Organization","@id":"https:\/\/beautybaltic.com\/#organization","name":"SIA \"Beauty Baltic\"","url":"https:\/\/beautybaltic.com\/","logo":{"@type":"ImageObject","inLanguage":"en-US","@id":"https:\/\/beautybaltic.com\/#\/schema\/logo\/image\/","url":"https:\/\/beautybaltic.com\/wp-content\/uploads\/2020\/04\/logo-4.png","contentUrl":"https:\/\/beautybaltic.com\/wp-content\/uploads\/2020\/04\/logo-4.png","width":704,"height":206,"caption":"SIA \"Beauty Baltic\""},"image":{"@id":"https:\/\/beautybaltic.com\/#\/schema\/logo\/image\/"},"sameAs":["https:\/\/www.facebook.com\/siabeautybaltic\/?eid=ARDs6xwwnnHaxWoXNQhS1sgYf1tbsdYaa9nRKgzW46Bm5i4PkSKw97xrztQlMJEv9gOVxTp-o3Sq_Uwq","https:\/\/www.instagram.com\/beauty_baltic\/"]}]}},"_links":{"self":[{"href":"https:\/\/beautybaltic.com\/index.php?rest_route=\/wp\/v2\/product\/11147","targetHints":{"allow":["GET"]}}],"collection":[{"href":"https:\/\/beautybaltic.com\/index.php?rest_route=\/wp\/v2\/product"}],"about":[{"href":"https:\/\/beautybaltic.com\/index.php?rest_route=\/wp\/v2\/types\/product"}],"replies":[{"embeddable":true,"href":"https:\/\/beautybaltic.com\/index.php?rest_route=%2Fwp%2Fv2%2Fcomments&post=11147"}],"wp:featuredmedia":[{"embeddable":true,"href":"https:\/\/beautybaltic.com\/index.php?rest_route=\/wp\/v2\/media\/11148"}],"wp:attachment":[{"href":"https:\/\/beautybaltic.com\/index.php?rest_route=%2Fwp%2Fv2%2Fmedia&parent=11147"}],"wp:term":[{"taxonomy":"product_brand","embeddable":true,"href":"https:\/\/beautybaltic.com\/index.php?rest_route=%2Fwp%2Fv2%2Fproduct_brand&post=11147"},{"taxonomy":"product_cat","embeddable":true,"href":"https:\/\/beautybaltic.com\/index.php?rest_route=%2Fwp%2Fv2%2Fproduct_cat&post=11147"},{"taxonomy":"product_tag","embeddable":true,"href":"https:\/\/beautybaltic.com\/index.php?rest_route=%2Fwp%2Fv2%2Fproduct_tag&post=11147"}],"curies":[{"name":"wp","href":"https:\/\/api.w.org\/{rel}","templated":true}]}}