{"id":10583,"date":"2023-08-11T13:37:47","date_gmt":"2023-08-11T10:37:47","guid":{"rendered":"https:\/\/beautybaltic.com\/?post_type=product&#038;p=10583"},"modified":"2026-02-05T17:48:53","modified_gmt":"2026-02-05T14:48:53","slug":"staleks-manikira-puseris-kutikulas-atbidisanai-apelsinu-kocina-expert-pe-90-3","status":"publish","type":"product","link":"https:\/\/beautybaltic.com\/?product=staleks-manikira-puseris-kutikulas-atbidisanai-apelsinu-kocina-expert-pe-90-3&lang=lv","title":{"rendered":"STALEKS Manik\u012bra pu\u0161eris kutikulas atb\u012bd\u012b\u0161anai &#8220;Apels\u012bnu koci\u0146a&#8221; EXPERT [PE-90\/3]"},"content":{"rendered":"<p>Manik\u012bra pu\u0161eris kutikulas atb\u012bd\u012b\u0161anai. Speci\u0101ls instrumenta p\u0101rklajums pasarg\u0101 to no p\u0101ragras notrulin\u0101\u0161anas.<\/p>\n<p>GALVEN\u0100S IEZ\u012aMES<\/p>\n<p>\u25cf darba da\u013ca &#8220;sl\u012bpa st\u016bm\u0113js&#8221; tiek izmantota, lai paceltu un atstumtu rupjas un stipri pielipu\u0161\u0101s kutikulas, not\u012br\u012btu naga br\u012bvo malu un no\u0146emtu polimeriz\u0113t\u0101s g\u0113la lakas pilienus<br \/>\n\u25cf darba da\u013ca &#8220;t\u012br\u012bt\u0101js&#8221; tiek izmantota, lai att\u012br\u012btu nagu pl\u0101ksni no pterigija.<br \/>\n\u25cf izm\u0113rs: 141 \u00b1 1 mm<br \/>\n\u25cf rievots rokturis uzlabo sa\u0137eri<br \/>\n\u25cf instrumenta papildu iztur\u012bba pret koroziju, ko nodro\u0161ina pul\u0113\u0161ana ar GOI pastu<br \/>\n\u25cf ner\u016bs\u0113jo\u0161ais t\u0113rauds 20X13<\/p>\n<p>Instrumenti STALEKS \u2013 tas ir augst\u0101k\u0101s klases ner\u016bs\u0113jo\u0161\u0101, \u0137irur\u0123isk\u0101 t\u0113rauda savienojums ar izcilu profesionalit\u0101ti. Pateicoties tam, ka katrs instruments tiek uzasin\u0101ts manu\u0101li, grie\u017eam\u0101s malas \u013coti ilgi saglab\u0101 savu asumu, \u013caujot veikt kvalitat\u012bvu manik\u012bru un pedik\u012bru. Ner\u016bs\u0113jo\u0161ais, medic\u012bn\u0101 lietojamais t\u0113rauds, no k\u0101 tiek izgatavoti visi STALEKS instrumenti ir pasarg\u0101ts pret koroziju.<\/p>\n<hr \/>\n<table width=\"870\">\n<tbody>\n<tr>\n<td colspan=\"10\" width=\"870\"><span style=\"font-size: 12px;\">Ra\u017eot\u0101js saska\u0146\u0101 ar GPSR: STALEKS SP. Z O.O., Williama Heerleina Lindleya 16, 02-013 Warszawa, Polen, store@staleks.com<\/span><\/td>\n<\/tr>\n<\/tbody>\n<\/table>\n","protected":false},"excerpt":{"rendered":"<p>Manik\u012bra pu\u0161eris kutikulas atb\u012bd\u012b\u0161anai. Speci\u0101ls instrumenta p\u0101rklajums pasarg\u0101 to no p\u0101ragras notrulin\u0101\u0161anas. GALVEN\u0100S IEZ\u012aMES \u25cf darba da\u013ca &#8220;sl\u012bpa st\u016bm\u0113js&#8221; tiek izmantota, lai paceltu un atstumtu rupjas un stipri pielipu\u0161\u0101s kutikulas, not\u012br\u012btu naga br\u012bvo malu un no\u0146emtu polimeriz\u0113t\u0101s g\u0113la lakas pilienus \u25cf darba da\u013ca &#8220;t\u012br\u012bt\u0101js&#8221; tiek izmantota, lai att\u012br\u012btu nagu pl\u0101ksni no pterigija. \u25cf izm\u0113rs: 141 &hellip; <\/p>\n","protected":false},"featured_media":10584,"comment_status":"open","ping_status":"closed","template":"","meta":[],"product_brand":[2850],"product_cat":[3162,1438],"product_tag":[],"class_list":{"0":"post-10583","1":"product","2":"type-product","3":"status-publish","4":"has-post-thumbnail","6":"product_brand-staleks","7":"product_cat-puseri","8":"product_cat-staleks-lv","10":"first","11":"instock","12":"taxable","13":"shipping-taxable","14":"purchasable","15":"product-type-simple"},"yoast_head":"<!-- This site is optimized with the Yoast SEO Premium plugin v23.0 (Yoast SEO v26.9) - https:\/\/yoast.com\/product\/yoast-seo-premium-wordpress\/ -->\n<title>Beauty Baltic &#183; STALEKS Manik\u012bra pu\u0161eris kutikulas atb\u012bd\u012b\u0161anai &quot;Apels\u012bnu koci\u0146a&quot; EXPERT [PE-90\/3]<\/title>\n<meta name=\"robots\" content=\"index, follow, max-snippet:-1, max-image-preview:large, max-video-preview:-1\" \/>\n<link rel=\"canonical\" href=\"https:\/\/beautybaltic.com\/?product=staleks-manikira-puseris-kutikulas-atbidisanai-apelsinu-kocina-expert-pe-90-3&lang=lv\" \/>\n<meta property=\"og:locale\" content=\"en_US\" \/>\n<meta property=\"og:type\" content=\"article\" \/>\n<meta property=\"og:title\" content=\"STALEKS Manik\u012bra pu\u0161eris kutikulas atb\u012bd\u012b\u0161anai &quot;Apels\u012bnu koci\u0146a&quot; EXPERT [PE-90\/3]\" \/>\n<meta property=\"og:description\" content=\"Manik\u012bra pu\u0161eris kutikulas atb\u012bd\u012b\u0161anai. Speci\u0101ls instrumenta p\u0101rklajums pasarg\u0101 to no p\u0101ragras notrulin\u0101\u0161anas. GALVEN\u0100S IEZ\u012aMES \u25cf darba da\u013ca &#8220;sl\u012bpa st\u016bm\u0113js&#8221; tiek izmantota, lai paceltu un atstumtu rupjas un stipri pielipu\u0161\u0101s kutikulas, not\u012br\u012btu naga br\u012bvo malu un no\u0146emtu polimeriz\u0113t\u0101s g\u0113la lakas pilienus \u25cf darba da\u013ca &#8220;t\u012br\u012bt\u0101js&#8221; tiek izmantota, lai att\u012br\u012btu nagu pl\u0101ksni no pterigija. \u25cf izm\u0113rs: 141 &hellip;\" \/>\n<meta property=\"og:url\" content=\"https:\/\/beautybaltic.com\/?product=staleks-manikira-puseris-kutikulas-atbidisanai-apelsinu-kocina-expert-pe-90-3&amp;lang=lv\" \/>\n<meta property=\"og:site_name\" content=\"Beauty Baltic\" \/>\n<meta property=\"article:publisher\" content=\"https:\/\/www.facebook.com\/siabeautybaltic\/?eid=ARDs6xwwnnHaxWoXNQhS1sgYf1tbsdYaa9nRKgzW46Bm5i4PkSKw97xrztQlMJEv9gOVxTp-o3Sq_Uwq\" \/>\n<meta property=\"article:modified_time\" content=\"2026-02-05T14:48:53+00:00\" \/>\n<meta property=\"og:image\" content=\"https:\/\/beautybaltic.com\/wp-content\/uploads\/2023\/08\/PE-90_3-n-scaled.png\" \/>\n\t<meta property=\"og:image:width\" content=\"1714\" \/>\n\t<meta property=\"og:image:height\" content=\"2560\" \/>\n\t<meta property=\"og:image:type\" content=\"image\/png\" \/>\n<meta name=\"twitter:card\" content=\"summary_large_image\" \/>\n<meta name=\"twitter:label1\" content=\"Est. reading time\" \/>\n\t<meta name=\"twitter:data1\" content=\"1 minute\" \/>\n<script type=\"application\/ld+json\" class=\"yoast-schema-graph\">{\"@context\":\"https:\/\/schema.org\",\"@graph\":[{\"@type\":\"WebPage\",\"@id\":\"https:\/\/beautybaltic.com\/?product=staleks-manikira-puseris-kutikulas-atbidisanai-apelsinu-kocina-expert-pe-90-3&lang=lv\",\"url\":\"https:\/\/beautybaltic.com\/?product=staleks-manikira-puseris-kutikulas-atbidisanai-apelsinu-kocina-expert-pe-90-3&lang=lv\",\"name\":\"Beauty Baltic &#183; STALEKS Manik\u012bra pu\u0161eris kutikulas atb\u012bd\u012b\u0161anai \\\"Apels\u012bnu koci\u0146a\\\" EXPERT [PE-90\/3]\",\"isPartOf\":{\"@id\":\"https:\/\/beautybaltic.com\/#website\"},\"primaryImageOfPage\":{\"@id\":\"https:\/\/beautybaltic.com\/?product=staleks-manikira-puseris-kutikulas-atbidisanai-apelsinu-kocina-expert-pe-90-3&lang=lv#primaryimage\"},\"image\":{\"@id\":\"https:\/\/beautybaltic.com\/?product=staleks-manikira-puseris-kutikulas-atbidisanai-apelsinu-kocina-expert-pe-90-3&lang=lv#primaryimage\"},\"thumbnailUrl\":\"https:\/\/beautybaltic.com\/wp-content\/uploads\/2023\/08\/PE-90_3-n-scaled.png\",\"datePublished\":\"2023-08-11T10:37:47+00:00\",\"dateModified\":\"2026-02-05T14:48:53+00:00\",\"breadcrumb\":{\"@id\":\"https:\/\/beautybaltic.com\/?product=staleks-manikira-puseris-kutikulas-atbidisanai-apelsinu-kocina-expert-pe-90-3&lang=lv#breadcrumb\"},\"inLanguage\":\"en-US\",\"potentialAction\":[{\"@type\":\"ReadAction\",\"target\":[\"https:\/\/beautybaltic.com\/?product=staleks-manikira-puseris-kutikulas-atbidisanai-apelsinu-kocina-expert-pe-90-3&lang=lv\"]}]},{\"@type\":\"ImageObject\",\"inLanguage\":\"en-US\",\"@id\":\"https:\/\/beautybaltic.com\/?product=staleks-manikira-puseris-kutikulas-atbidisanai-apelsinu-kocina-expert-pe-90-3&lang=lv#primaryimage\",\"url\":\"https:\/\/beautybaltic.com\/wp-content\/uploads\/2023\/08\/PE-90_3-n-scaled.png\",\"contentUrl\":\"https:\/\/beautybaltic.com\/wp-content\/uploads\/2023\/08\/PE-90_3-n-scaled.png\",\"width\":1714,\"height\":2560},{\"@type\":\"BreadcrumbList\",\"@id\":\"https:\/\/beautybaltic.com\/?product=staleks-manikira-puseris-kutikulas-atbidisanai-apelsinu-kocina-expert-pe-90-3&lang=lv#breadcrumb\",\"itemListElement\":[{\"@type\":\"ListItem\",\"position\":1,\"name\":\"Home Page\",\"item\":\"https:\/\/beautybaltic.com\/\"},{\"@type\":\"ListItem\",\"position\":2,\"name\":\"All products\",\"item\":\"https:\/\/beautybaltic.com\/?page_id=113\"},{\"@type\":\"ListItem\",\"position\":3,\"name\":\"STALEKS Manik\u012bra pu\u0161eris kutikulas atb\u012bd\u012b\u0161anai &#8220;Apels\u012bnu koci\u0146a&#8221; EXPERT [PE-90\/3]\"}]},{\"@type\":\"WebSite\",\"@id\":\"https:\/\/beautybaltic.com\/#website\",\"url\":\"https:\/\/beautybaltic.com\/\",\"name\":\"Beauty Baltic\",\"description\":\"\",\"publisher\":{\"@id\":\"https:\/\/beautybaltic.com\/#organization\"},\"potentialAction\":[{\"@type\":\"SearchAction\",\"target\":{\"@type\":\"EntryPoint\",\"urlTemplate\":\"https:\/\/beautybaltic.com\/?s={search_term_string}\"},\"query-input\":{\"@type\":\"PropertyValueSpecification\",\"valueRequired\":true,\"valueName\":\"search_term_string\"}}],\"inLanguage\":\"en-US\"},{\"@type\":\"Organization\",\"@id\":\"https:\/\/beautybaltic.com\/#organization\",\"name\":\"SIA \\\"Beauty Baltic\\\"\",\"url\":\"https:\/\/beautybaltic.com\/\",\"logo\":{\"@type\":\"ImageObject\",\"inLanguage\":\"en-US\",\"@id\":\"https:\/\/beautybaltic.com\/#\/schema\/logo\/image\/\",\"url\":\"https:\/\/beautybaltic.com\/wp-content\/uploads\/2020\/04\/logo-4.png\",\"contentUrl\":\"https:\/\/beautybaltic.com\/wp-content\/uploads\/2020\/04\/logo-4.png\",\"width\":704,\"height\":206,\"caption\":\"SIA \\\"Beauty Baltic\\\"\"},\"image\":{\"@id\":\"https:\/\/beautybaltic.com\/#\/schema\/logo\/image\/\"},\"sameAs\":[\"https:\/\/www.facebook.com\/siabeautybaltic\/?eid=ARDs6xwwnnHaxWoXNQhS1sgYf1tbsdYaa9nRKgzW46Bm5i4PkSKw97xrztQlMJEv9gOVxTp-o3Sq_Uwq\",\"https:\/\/www.instagram.com\/beauty_baltic\/\"]}]}<\/script>\n<!-- \/ Yoast SEO Premium plugin. -->","yoast_head_json":{"title":"Beauty Baltic &#183; STALEKS Manik\u012bra pu\u0161eris kutikulas atb\u012bd\u012b\u0161anai \"Apels\u012bnu koci\u0146a\" EXPERT [PE-90\/3]","robots":{"index":"index","follow":"follow","max-snippet":"max-snippet:-1","max-image-preview":"max-image-preview:large","max-video-preview":"max-video-preview:-1"},"canonical":"https:\/\/beautybaltic.com\/?product=staleks-manikira-puseris-kutikulas-atbidisanai-apelsinu-kocina-expert-pe-90-3&lang=lv","og_locale":"en_US","og_type":"article","og_title":"STALEKS Manik\u012bra pu\u0161eris kutikulas atb\u012bd\u012b\u0161anai \"Apels\u012bnu koci\u0146a\" EXPERT [PE-90\/3]","og_description":"Manik\u012bra pu\u0161eris kutikulas atb\u012bd\u012b\u0161anai. Speci\u0101ls instrumenta p\u0101rklajums pasarg\u0101 to no p\u0101ragras notrulin\u0101\u0161anas. GALVEN\u0100S IEZ\u012aMES \u25cf darba da\u013ca &#8220;sl\u012bpa st\u016bm\u0113js&#8221; tiek izmantota, lai paceltu un atstumtu rupjas un stipri pielipu\u0161\u0101s kutikulas, not\u012br\u012btu naga br\u012bvo malu un no\u0146emtu polimeriz\u0113t\u0101s g\u0113la lakas pilienus \u25cf darba da\u013ca &#8220;t\u012br\u012bt\u0101js&#8221; tiek izmantota, lai att\u012br\u012btu nagu pl\u0101ksni no pterigija. \u25cf izm\u0113rs: 141 &hellip;","og_url":"https:\/\/beautybaltic.com\/?product=staleks-manikira-puseris-kutikulas-atbidisanai-apelsinu-kocina-expert-pe-90-3&lang=lv","og_site_name":"Beauty Baltic","article_publisher":"https:\/\/www.facebook.com\/siabeautybaltic\/?eid=ARDs6xwwnnHaxWoXNQhS1sgYf1tbsdYaa9nRKgzW46Bm5i4PkSKw97xrztQlMJEv9gOVxTp-o3Sq_Uwq","article_modified_time":"2026-02-05T14:48:53+00:00","og_image":[{"width":1714,"height":2560,"url":"https:\/\/beautybaltic.com\/wp-content\/uploads\/2023\/08\/PE-90_3-n-scaled.png","type":"image\/png"}],"twitter_card":"summary_large_image","twitter_misc":{"Est. reading time":"1 minute"},"schema":{"@context":"https:\/\/schema.org","@graph":[{"@type":"WebPage","@id":"https:\/\/beautybaltic.com\/?product=staleks-manikira-puseris-kutikulas-atbidisanai-apelsinu-kocina-expert-pe-90-3&lang=lv","url":"https:\/\/beautybaltic.com\/?product=staleks-manikira-puseris-kutikulas-atbidisanai-apelsinu-kocina-expert-pe-90-3&lang=lv","name":"Beauty Baltic &#183; STALEKS Manik\u012bra pu\u0161eris kutikulas atb\u012bd\u012b\u0161anai \"Apels\u012bnu koci\u0146a\" EXPERT [PE-90\/3]","isPartOf":{"@id":"https:\/\/beautybaltic.com\/#website"},"primaryImageOfPage":{"@id":"https:\/\/beautybaltic.com\/?product=staleks-manikira-puseris-kutikulas-atbidisanai-apelsinu-kocina-expert-pe-90-3&lang=lv#primaryimage"},"image":{"@id":"https:\/\/beautybaltic.com\/?product=staleks-manikira-puseris-kutikulas-atbidisanai-apelsinu-kocina-expert-pe-90-3&lang=lv#primaryimage"},"thumbnailUrl":"https:\/\/beautybaltic.com\/wp-content\/uploads\/2023\/08\/PE-90_3-n-scaled.png","datePublished":"2023-08-11T10:37:47+00:00","dateModified":"2026-02-05T14:48:53+00:00","breadcrumb":{"@id":"https:\/\/beautybaltic.com\/?product=staleks-manikira-puseris-kutikulas-atbidisanai-apelsinu-kocina-expert-pe-90-3&lang=lv#breadcrumb"},"inLanguage":"en-US","potentialAction":[{"@type":"ReadAction","target":["https:\/\/beautybaltic.com\/?product=staleks-manikira-puseris-kutikulas-atbidisanai-apelsinu-kocina-expert-pe-90-3&lang=lv"]}]},{"@type":"ImageObject","inLanguage":"en-US","@id":"https:\/\/beautybaltic.com\/?product=staleks-manikira-puseris-kutikulas-atbidisanai-apelsinu-kocina-expert-pe-90-3&lang=lv#primaryimage","url":"https:\/\/beautybaltic.com\/wp-content\/uploads\/2023\/08\/PE-90_3-n-scaled.png","contentUrl":"https:\/\/beautybaltic.com\/wp-content\/uploads\/2023\/08\/PE-90_3-n-scaled.png","width":1714,"height":2560},{"@type":"BreadcrumbList","@id":"https:\/\/beautybaltic.com\/?product=staleks-manikira-puseris-kutikulas-atbidisanai-apelsinu-kocina-expert-pe-90-3&lang=lv#breadcrumb","itemListElement":[{"@type":"ListItem","position":1,"name":"Home Page","item":"https:\/\/beautybaltic.com\/"},{"@type":"ListItem","position":2,"name":"All products","item":"https:\/\/beautybaltic.com\/?page_id=113"},{"@type":"ListItem","position":3,"name":"STALEKS Manik\u012bra pu\u0161eris kutikulas atb\u012bd\u012b\u0161anai &#8220;Apels\u012bnu koci\u0146a&#8221; EXPERT [PE-90\/3]"}]},{"@type":"WebSite","@id":"https:\/\/beautybaltic.com\/#website","url":"https:\/\/beautybaltic.com\/","name":"Beauty Baltic","description":"","publisher":{"@id":"https:\/\/beautybaltic.com\/#organization"},"potentialAction":[{"@type":"SearchAction","target":{"@type":"EntryPoint","urlTemplate":"https:\/\/beautybaltic.com\/?s={search_term_string}"},"query-input":{"@type":"PropertyValueSpecification","valueRequired":true,"valueName":"search_term_string"}}],"inLanguage":"en-US"},{"@type":"Organization","@id":"https:\/\/beautybaltic.com\/#organization","name":"SIA \"Beauty Baltic\"","url":"https:\/\/beautybaltic.com\/","logo":{"@type":"ImageObject","inLanguage":"en-US","@id":"https:\/\/beautybaltic.com\/#\/schema\/logo\/image\/","url":"https:\/\/beautybaltic.com\/wp-content\/uploads\/2020\/04\/logo-4.png","contentUrl":"https:\/\/beautybaltic.com\/wp-content\/uploads\/2020\/04\/logo-4.png","width":704,"height":206,"caption":"SIA \"Beauty Baltic\""},"image":{"@id":"https:\/\/beautybaltic.com\/#\/schema\/logo\/image\/"},"sameAs":["https:\/\/www.facebook.com\/siabeautybaltic\/?eid=ARDs6xwwnnHaxWoXNQhS1sgYf1tbsdYaa9nRKgzW46Bm5i4PkSKw97xrztQlMJEv9gOVxTp-o3Sq_Uwq","https:\/\/www.instagram.com\/beauty_baltic\/"]}]}},"_links":{"self":[{"href":"https:\/\/beautybaltic.com\/index.php?rest_route=\/wp\/v2\/product\/10583","targetHints":{"allow":["GET"]}}],"collection":[{"href":"https:\/\/beautybaltic.com\/index.php?rest_route=\/wp\/v2\/product"}],"about":[{"href":"https:\/\/beautybaltic.com\/index.php?rest_route=\/wp\/v2\/types\/product"}],"replies":[{"embeddable":true,"href":"https:\/\/beautybaltic.com\/index.php?rest_route=%2Fwp%2Fv2%2Fcomments&post=10583"}],"wp:featuredmedia":[{"embeddable":true,"href":"https:\/\/beautybaltic.com\/index.php?rest_route=\/wp\/v2\/media\/10584"}],"wp:attachment":[{"href":"https:\/\/beautybaltic.com\/index.php?rest_route=%2Fwp%2Fv2%2Fmedia&parent=10583"}],"wp:term":[{"taxonomy":"product_brand","embeddable":true,"href":"https:\/\/beautybaltic.com\/index.php?rest_route=%2Fwp%2Fv2%2Fproduct_brand&post=10583"},{"taxonomy":"product_cat","embeddable":true,"href":"https:\/\/beautybaltic.com\/index.php?rest_route=%2Fwp%2Fv2%2Fproduct_cat&post=10583"},{"taxonomy":"product_tag","embeddable":true,"href":"https:\/\/beautybaltic.com\/index.php?rest_route=%2Fwp%2Fv2%2Fproduct_tag&post=10583"}],"curies":[{"name":"wp","href":"https:\/\/api.w.org\/{rel}","templated":true}]}}