{"id":4882,"date":"2022-02-19T15:47:00","date_gmt":"2022-02-19T12:47:00","guid":{"rendered":"https:\/\/beautybaltic.com\/?page_id=4882"},"modified":"2022-08-10T15:33:29","modified_gmt":"2022-08-10T12:33:29","slug":"lietosanas-noteikumi","status":"publish","type":"page","link":"https:\/\/beautybaltic.com\/?page_id=4882&lang=lv","title":{"rendered":"Noteikumi un nosac\u012bjumi"},"content":{"rendered":"\n<p><strong>Distances l\u012bgums<\/strong><\/p>\n\n\n\n<p>(Atjaunin\u0101ts 2022.&nbsp;gada mart\u0101)<\/p>\n\n\n\n<p class=\"has-text-align-left\">Veicot pas\u016bt\u012bjumu&nbsp;SIA \u201cBeauty Baltic\u201d&nbsp;interneta veikal\u0101, tal\u0101k&nbsp;Uz\u0146\u0113mums,&nbsp;re\u0123istr\u0101cijas numurs 40203077960, juridisk\u0101 adrese R\u016bpniec\u012bbas iela 32B &#8211; 1H, R\u012bga, LV-1045, Latvija, Pirc\u0113js apliecina, ka ir iepazinies ar distances l\u012bgumu un piekr\u012bt \u0161\u012b l\u012bguma saturam. P\u0113c pas\u016bt\u012bjuma veik\u0161anas, Pirc\u0113js ir nosl\u0113dzis ar Uz\u0146\u0113mumu distances l\u012bgumu, kas uzliek abpus\u0113jas saist\u012bbas un pien\u0101kumus. Uz\u0146\u0113muma interneta veikala adrese: https:\/\/beautybaltic.com\/<\/p>\n\n\n\n<p><strong>1. L\u012bguma priek\u0161mets<\/strong><strong><\/strong><\/p>\n\n\n\n<p>1.1. Distances l\u012bgums ir vieno\u0161an\u0101s starp Pirc\u0113ju un Uz\u0146\u0113mumu, pamatojoties uz Uz\u0146\u0113muma pied\u0101v\u0101jumu ar Interneta starpniec\u012bbu. Distances l\u012bgums attiecas uz visiem pas\u016bt\u012bjumiem un pirkumiem, kas veikti Uz\u0146\u0113muma interneta veikal\u0101.<\/p>\n\n\n\n<p>1.2. \u0160is l\u012bgums nosaka Uz\u0146\u0113muma un Pirc\u0113ja ties\u012bbas un pien\u0101kumus, un noteikumus attiec\u012bb\u0101 uz preces apmaksu un pieg\u0101di.<\/p>\n\n\n\n<p><strong>2. Distances l\u012bguma sp\u0113k\u0101 st\u0101\u0161an\u0101s<\/strong><strong><\/strong><\/p>\n\n\n\n<p>2.1. Distances l\u012bgums st\u0101jas sp\u0113k\u0101, tikl\u012bdz Pirc\u0113js ir veicis pas\u016bt\u012bjumu ar interneta pal\u012bdz\u012bbu un ir sa\u0146\u0113mis no Uz\u0146\u0113muma autom\u0101tisko r\u0113\u0137ina apstiprin\u0101jumu par veikto pas\u016bt\u012bjumu uz e-pastu.<\/p>\n\n\n\n<p><strong>3. Prece un tas raksturojums<\/strong><strong><\/strong><\/p>\n\n\n\n<p>3.1. Uz\u0146\u0113muma interneta veikala p\u0101rdo\u0161anas objekts ir instrumentu apr\u012bkojums nagu apkalpo\u0161anai un skaistumkop\u0161anas produktiem. Pre\u010du aprakstiem ir informat\u012bva noz\u012bme un sniegt\u0101s inform\u0101cijas izmanto\u0161ana nerada juridiskas saist\u012bbas starp interneta veikala apmekl\u0113t\u0101jiem un t\u0101 veidot\u0101jiem. Uz\u0146\u0113mums neuz\u0146emas atbild\u012bbu par pre\u010du att\u0113la kvalit\u0101ti \u2013 tas ir atkar\u012bgs no Pirc\u0113ja monitora tehnisk\u0101m iesp\u0113j\u0101m.<\/p>\n\n\n\n<p>3.2. Preces sortiments var main\u012bties regul\u0101ri, un Uz\u0146\u0113mums neuz\u0146emas atbild\u012bbu, ja konkr\u0113tas preces nav vai to nevar pieg\u0101d\u0101t.<\/p>\n\n\n\n<p>3.3 Prec\u012bzu inform\u0101ciju par to, vai interes\u0113jo\u0161\u0101s preces atrodas Uz\u0146\u0113muma noliktav\u0101, J\u016bs varat uzzin\u0101t darba dien\u0101s no 9:00 l\u012bdz 18:00, zvanot uz nor\u0101d\u012bto t\u0101lruni vai rakstot e-pastu. Ja Pirc\u0113ja izv\u0113l\u0113t\u0101 prece nav pieejama, Uz\u0146\u0113mums var pied\u0101v\u0101t to aizst\u0101t ar l\u012bdzv\u0113rt\u012bgu preci vai nos\u016bt\u012bt p\u0113c n\u0101kam\u0101s preces pieg\u0101des.<\/p>\n\n\n\n<p><strong>4. Preces cena<\/strong><strong><\/strong><\/p>\n\n\n\n<p>4.1. Pre\u010du cenas interneta veikal\u0101 ir nor\u0101d\u012btas bez pieg\u0101des izmaks\u0101m un ar PVN 21%&nbsp;(LV40003858729). Cenas un pre\u010du pied\u0101v\u0101jums ir aktu\u0101ls uz \u0161o br\u012bdi un tas var tikt main\u012bts bez br\u012bdin\u0101juma.<\/p>\n\n\n\n<p>4.2. Samaksas k\u0101rt\u012bba tiek veikta ar priek\u0161apmaksu, iz\u0146\u0113mot gad\u012bjumus, kad prece tiek apmaks\u0101ta un sa\u0146emta Uz\u0146\u0113muma biroj\u0101.<\/p>\n\n\n\n<p><strong>5. Pas\u016bt\u012bjuma pieg\u0101des noteikumi<\/strong><strong><\/strong><\/p>\n\n\n\n<p>5.1. Pas\u016bt\u012bjuma pieg\u0101des veidi ir t\u0101di, k\u0101 nor\u0101d\u012bts sada\u013c\u0101 \u201cPieg\u0101de\u201d pas\u016bt\u012bjuma veik\u0161anas br\u012bd\u012b, l\u012bdz pilnai saist\u012bbu izpildei. Pieg\u0101des maksa tiks pieskait\u012bta atsevi\u0161\u0137i pre\u010du v\u0113rt\u012bbai un t\u0101 ir atkar\u012bga no izv\u0113l\u0113t\u0101 pieg\u0101des veida.<\/p>\n\n\n\n<p>5.2. Pas\u016bt\u012bjuma apmaksas veidi ir t\u0101di, k\u0101di ir nor\u0101d\u012bti sada\u013c\u0101 \u201cApmaksa\u201d pas\u016bt\u012bjuma veik\u0161anas br\u012bd\u012b, l\u012bdz pilnai saist\u012bbu izpildei.<\/p>\n\n\n\n<p><strong>6. Noteikumi par preces pas\u016bt\u012b\u0161anu<\/strong><strong><\/strong><\/p>\n\n\n\n<p>6.1. Pas\u016bt\u012bjumus iesp\u0113jams veikt 24 stundu laik\u0101, re\u0123istr\u0113jot pas\u016bt\u012bjumu interneta veikal\u0101. Pirc\u0113js var iepirkties Uz\u0146\u0113muma interneta veikal\u0101 gan bez iepriek\u0161\u0113j\u0101s re\u0123istr\u0113\u0161an\u0101s, gan piere\u0123istr\u0113joties, kas dos iesp\u0113ju iepirkties \u0101tr\u0101k un \u0113rt\u0101k.<\/p>\n\n\n\n<p>Lai veiktu pas\u016bt\u012bjumu:<\/p>\n\n\n\n<ol class=\"wp-block-list\" type=\"1\"><li>Pirc\u0113jam pre\u010du katalog\u0101 ir j\u0101izv\u0113las v\u0113lamo preci, j\u0101nor\u0101da nepiecie\u0161amo izm\u0113ru un j\u0101nospie\u017e pogu &#8220;Pievienot grozam&#8221;. Pirc\u0113js uzreiz, autom\u0101tiski p\u0101ries uz savu grozu, kur vi\u0146am ir iesp\u0113jas veikt izmai\u0146as \u2013 main\u012bt pre\u010du daudzumu vai dz\u0113st nevajadz\u012bgas preces. T\u0101l\u0101k Pirc\u0113js var izv\u0113l\u0113ties turpin\u0101t iepirkties, vai nospiest pogu \u201cTurpin\u0101t noform\u0113t pirkumu\u201d.<\/li><li>Minim\u0101l\u0101 pas\u016bt\u012bjuma summa ir 25\u20ac.<\/li><li>Ja Pirc\u0113js ir re\u0123istr\u0113ts klients, vi\u0146am ir nepiecie\u0161ams autoriz\u0113ties. Ja Pirc\u0113js ir jauns klients, tad vi\u0146am ir izv\u0113le noform\u0113t pas\u016bt\u012bjumu bez re\u0123istr\u0101cijas, vai piere\u0123istr\u0113ties un sa\u0146emt iesp\u0113ju iepirkties \u0101tr\u0101k un \u0113rt\u0101k.<\/li><li>Ja Pirc\u0113js izv\u0113l\u0113j\u0101s noform\u0113t pas\u016bt\u012bjumu bez re\u0123istr\u0101cijas, tad vi\u0146am ir nepiecie\u0161ams ierakst\u012bt savus person\u012bgos datus. Re\u0123istr\u0113tiem klientiem person\u0101l\u0101 inform\u0101cija saglab\u0101jas un to nevajag rakst\u012bt no jauna.<\/li><li>Pirc\u0113jam ir nepiecie\u0161ams izv\u0113l\u0113ties pas\u016bt\u012bjuma pieg\u0101des veidu un uzr\u0101d\u012bt adresi.<\/li><li>T\u0101l\u0101k Pirc\u0113js nor\u0101da maks\u0101juma veidu.<\/li><li>Beig\u0101s Pirc\u0113js p\u0101rbauda ievad\u012bto inform\u0101ciju un apstiprina pas\u016bt\u012bjumu.<\/li><li>Lai apstiprin\u0101tu pas\u016bt\u012bjumu, jums ir j\u0101atz\u012bm\u0113 izv\u0113les r\u016bti\u0146a \u201cEs esmu izlas\u012bjis un piekr\u012btu lapas noteikumi un nosac\u012bjumi (saite uz noteikumiem un nosac\u012bjumiem)\u201d, k\u0101 ar\u012b atz\u012bm\u0113jiet r\u016bti\u0146u \u201cEs esmu izlas\u012bjis un piekr\u012btu lapas Priv\u0101tuma politika (saite uz Priv\u0101tuma politiku) \u201d un noklik\u0161\u0137iniet uz pogas \u201cVeikt pas\u016bt\u012bjumu\u201d.<\/li><li>P\u0113c veiksm\u012bgas pas\u016bt\u012bjuma noform\u0113\u0161anas, Uz\u0146\u0113mums autom\u0101tiski uz Pirc\u0113ja e-pastu nos\u016bt\u012bs r\u0113\u0137ina apstiprin\u0101jumu par veikto pas\u016bt\u012bjumu. Gad\u012bjum\u0101, ja nav sa\u0146emts Uz\u0146\u0113muma autom\u0101tiskais r\u0113\u0137ina apstiprin\u0101jums &#8211; tas noz\u012bm\u0113, ka Pirc\u0113js nav l\u012bdz galam noform\u0113jis pas\u016bt\u012bjumu, vai tika uzr\u0101d\u012bta nepareiza e-pasta adrese.<\/li><\/ol>\n\n\n\n<p><strong>7. L\u012bguma izpildes laiks<\/strong><strong><\/strong><\/p>\n\n\n\n<p>7.1. Uz\u0146\u0113mums ap\u0146emas izpild\u012bt distances l\u012bguma noteikumus ne v\u0113l\u0101k k\u0101 30 dienas p\u0113c pas\u016bt\u012bjuma priek\u0161apmaksas sa\u0146em\u0161anas no Pirc\u0113ja, ja vien l\u012bgumsl\u0113dz\u0113jas puses nav vienoju\u0161\u0101s par citu termi\u0146u. Ja Uz\u0146\u0113mums nevar izpild\u012bt l\u012bgumu t\u0101d\u0113\u013c, ka Pirc\u0113ja pas\u016bt\u012bt\u0101 prece nav pieejama k\u0101du iem\u0113slu d\u0113\u013c, tad Uz\u0146\u0113muma pien\u0101kums ir inform\u0113t par to Pirc\u0113ju un atgriezt naudu atpaka\u013c Pirc\u0113jam.<\/p>\n\n\n\n<p><strong>8. Atteikuma ties\u012bbas<\/strong><strong><\/strong><\/p>\n\n\n\n<p>8.1. Pirc\u0113jiem ir ties\u012bbas atgriezt preci 14 dienu laik\u0101 no pas\u016bt\u012bjuma sa\u0146em\u0161anas dienas&nbsp;(saska\u0146\u0101 ar LR Ministru Kabineta noteikumiem Nr. 207, LR Pat\u0113r\u0113t\u0101ju ties\u012bbu aizsardz\u012bbas likums 12 p.). Atgrie\u017eam\u0101 prece nedr\u012bkst b\u016bt lietota jeb izmantota (bez parf\u012bma un cit\u0101m smar\u017e\u0101m, bez kosm\u0113tikas un cigare\u0161u plankumiem, izrautiem diegiem utt&#8230;).<br>Uz\u0146\u0113mums neatbild par defektiem, kuri radu\u0161ies p\u0113c preces nodo\u0161anas pirc\u0113jam, k\u0101 ar\u012b par defektiem, kuru c\u0113lonis ir preces nepareiza lieto\u0161ana vai nolietojums.<\/p>\n\n\n\n<ul class=\"wp-block-list\"><li>Ja Pirc\u0113js izmanto atteikuma ties\u012bbas 14 dienu laik\u0101 atgriezt preci, tad vi\u0146\u0161 sedz visus ar atpaka\u013c pieg\u0101di saist\u012btos izdevumus.<\/li><li>Vis\u0101m, atpaka\u013c nos\u016bt\u0101m\u0101m prec\u0113m, j\u0101b\u016bt r\u016bp\u012bgi iepakot\u0101m ori\u0123in\u0101l\u0101 iepakojum\u0101, bez valk\u0101\u0161anas vai boj\u0101jumu paz\u012bm\u0113m.<\/li><li>S\u016btot preci atpaka\u013c Uz\u0146\u0113mumam, ir nepiecie\u0161ams pievienot visus dokumentus, kas apliecina pre\u010du sa\u0146em\u0161anu (r\u0113\u0137inu, pasta kv\u012bti). R\u0113\u0137ina apak\u0161\u0113j\u0101 da\u013c\u0101, kop\u0101 ar atteikuma noteikumiem, ir vieta pirkumu atgrie\u0161anas iemesla aprakst\u012b\u0161anai. Atteikuma gad\u012bjum\u0101 Pirc\u0113js aizpilda \u0161os laukumus un pievieno to precei kop\u0101 ar p\u0101r\u0113jiem dokumentiem.<\/li><li>Higi\u0113nisku iemeslu d\u0113\u013c Pirc\u0113jam nav ties\u012bbu 14 dienu laik\u0101, atgriezt apak\u0161ve\u013cu, ze\u0137es un ze\u0137ubikses&nbsp;(MK noteikumi Nr.207 15.3 p.).<\/li><li>Ja Pirc\u0113js atgrie\u017e preci atpaka\u013c, izmantojot atteikuma ties\u012bbas 14 dienu laik\u0101, nauda par notiku\u0161o pieg\u0101di netiks atmaks\u0101ta.<\/li><li>Ja visi atteikuma ties\u012bbu noteikumi tiks iev\u0113roti, tad Uz\u0146\u0113mums garant\u0113 atgriezt Pirc\u0113jam naudu par pas\u016bt\u012bjumu 15 dienu laik\u0101 p\u0113c preces atgrie\u0161anas Uz\u0146\u0113muma biroj\u0101. Nauda tiks p\u0101rskait\u012bta uz Pirc\u0113ja nor\u0101d\u012bto kontu. T\u0101pat Pirc\u0113js var atgriezt preci, atnesot to uz Uz\u0146\u0113muma biroju un sa\u0146emt atpaka\u013c skaidru naudu.<\/li><li>Prece j\u0101s\u016bta atpaka\u013c ar Latvijas Pasta st\u0101rpniec\u012bbu k\u0101 s\u012bkpaku.<\/li><\/ul>\n\n\n\n<p>8.2. Uz\u0146\u0113mumam ir ties\u012bbas nepie\u0146emt atgrie\u017eamo preci, ja t\u0101 tika lietota un \/ vai boj\u0101ta un, ja tai nav ori\u0123in\u0101l\u0101 iepakojuma vai tas ir b\u016btiski boj\u0101ts. Pirc\u0113js ir atbild\u012bgs par preces kvalit\u0101tes saglab\u0101\u0161anu atteikuma ties\u012bbu realiz\u0113\u0161anas termi\u0146\u0101.<br>Ar preces lieto\u0161anas uzs\u0101k\u0161anu Pirc\u0113js apliecina, ka prece atbilst pas\u016bt\u012bjumam un atpaka\u013c pie\u0146em\u0161anai netiek pak\u013cauta.<\/p>\n\n\n\n<p>8.3. Uz\u0146\u0113mumam ir ties\u012bbas atteikties no pas\u016bt\u012bjuma izpildes, ja Pirc\u0113js pas\u016bta preci un neapmaks\u0101 to 3 dienu laik\u0101, ja tikai puses nav vienoju\u0161\u0101s cit\u0101di.<\/p>\n\n\n\n<p><strong>9. Konfidencialit\u0101te<\/strong><strong><\/strong><\/p>\n\n\n\n<p>9.1. Personisk\u0101 inform\u0101cija, ko Pirc\u0113js sniedz Uz\u0146\u0113mumam, netiks nodota tre\u0161aj\u0101m person\u0101m bez vi\u0146a piekri\u0161anas, vai cit\u0101di izmantota bez iepriek\u0161\u0113jas saska\u0146o\u0161anas ar Pirc\u0113ju. No Pirc\u0113ja netiks pras\u012bta finan\u0161u inform\u0101cija, tikai dati, kas nepiecie\u0161ami pirkuma pieg\u0101des pavaddokumentu noform\u0113\u0161anai. Uz\u0146\u0113mums var izmantot Pirc\u0113ja personiskos datus, lai nodro\u0161in\u0101tu pas\u016bt\u012bjuma apstr\u0101di un veiktu to izpildi, k\u0101 ar\u012b statistikas nol\u016bkos un lai inform\u0113tu Pirc\u0113ju par papildus atlaid\u0113m vai jaun\u0101m prec\u0113m un pakalpojumiem.<\/p>\n\n\n\n<p><strong>10. Intelektu\u0101l\u0101 \u012bpa\u0161uma ties\u012bbas<\/strong><\/p>\n\n\n\n<p>Pirc\u0113js atz\u012bst, ka Uz\u0146\u0113mumam pieder intelektu\u0101l\u0101 \u012bpa\u0161uma ties\u012bbas uz Vietni un t\u0101 piln\u012bga vai da\u013c\u0113ja pavairo\u0161ana bez iepriek\u0161\u0113jas rakstiskas Sabiedr\u012bbas piekri\u0161anas ir aizliegta.<\/p>\n\n\n\n<p><strong>11. Citi noteikumi<\/strong><strong><\/strong><\/p>\n\n\n\n<p>11.1. \u0160is L\u012bgums st\u0101jas sp\u0113k\u0101 no t\u0101 nosl\u0113g\u0161anas br\u012b\u017ea.<\/p>\n\n\n\n<p>11.2. L\u012bdz\u0113ji nav ties\u012bgi piln\u012bgi vai da\u013c\u0113ji nodot \u0161aj\u0101 l\u012bgum\u0101 noteiktos pien\u0101kumus un saist\u012bbas tre\u0161aj\u0101m person\u0101m bez otra L\u012bdz\u0113ja rakstiskas piekri\u0161anas.<\/p>\n\n\n\n<p>11.3. Visi str\u012bdi un domstarp\u012bbas starp \u0161\u012b l\u012bguma l\u012bgumsl\u0113dz\u0113j\u0101m Pus\u0113m, kas var rasties \u0161\u012b l\u012bguma izpildes gait\u0101, tiek risin\u0101ti sarunu ce\u013c\u0101. Pret\u0113j\u0101 gad\u012bjum\u0101 str\u012bdi tiek izskat\u012bti Latvijas Republikas normat\u012bvajos aktos noteiktaj\u0101 k\u0101rt\u012bb\u0101.<\/p>\n\n\n\n<p><strong>12. Uz\u0146\u0113muma inform\u0101cija<\/strong><\/p>\n\n\n\n<p>Uz\u0146\u0113muma nosaukums: SIA &#8220;Beauty Baltic&#8221;<\/p>\n\n\n\n<p>Juridisk\u0101 adrese: R\u012bga, R\u016bpniec\u012bbas iela 32B &#8211; 1H, LV-1045, Latvia<\/p>\n\n\n\n<p>Re\u0123istr\u0101cijas numurs: 40203077960<\/p>\n\n\n\n<p>PVN maks\u0101t\u0101ja numurs: LV40203077960<\/p>\n\n\n\n<p>Banka: \u0410\u041e Rietumu Banka<\/p>\n\n\n\n<p>Kods: RTMBLV2X<\/p>\n\n\n\n<p>Konts: LV27RTMB0000700801511<\/p>\n","protected":false},"excerpt":{"rendered":"<p>Distances l\u012bgums (Atjaunin\u0101ts 2022.&nbsp;gada mart\u0101) Veicot pas\u016bt\u012bjumu&nbsp;SIA \u201cBeauty Baltic\u201d&nbsp;interneta veikal\u0101, tal\u0101k&nbsp;Uz\u0146\u0113mums,&nbsp;re\u0123istr\u0101cijas numurs 40203077960, juridisk\u0101 adrese R\u016bpniec\u012bbas iela 32B &#8211; 1H, R\u012bga, LV-1045, Latvija, Pirc\u0113js apliecina, ka ir iepazinies ar distances l\u012bgumu un piekr\u012bt \u0161\u012b l\u012bguma saturam. P\u0113c pas\u016bt\u012bjuma veik\u0161anas, Pirc\u0113js ir nosl\u0113dzis ar Uz\u0146\u0113mumu distances l\u012bgumu, kas uzliek abpus\u0113jas saist\u012bbas un pien\u0101kumus. Uz\u0146\u0113muma interneta veikala &hellip; <\/p>\n","protected":false},"author":1,"featured_media":0,"parent":0,"menu_order":0,"comment_status":"closed","ping_status":"closed","template":"","meta":{"footnotes":""},"class_list":["post-4882","page","type-page","status-publish","hentry"],"yoast_head":"<!-- This site is optimized with the Yoast SEO Premium plugin v23.0 (Yoast SEO v26.9) - https:\/\/yoast.com\/product\/yoast-seo-premium-wordpress\/ -->\n<title>&#183; Noteikumi un nosac\u012bjumi<\/title>\n<meta name=\"description\" content=\"Dimanta un karb\u012bda fr\u0113zes nagu meistariem\" \/>\n<meta name=\"robots\" content=\"index, follow, max-snippet:-1, max-image-preview:large, max-video-preview:-1\" \/>\n<link rel=\"canonical\" href=\"https:\/\/beautybaltic.com\/?page_id=4882&lang=lv\" \/>\n<meta property=\"og:locale\" content=\"en_US\" \/>\n<meta property=\"og:type\" content=\"article\" \/>\n<meta property=\"og:title\" content=\"Noteikumi un nosac\u012bjumi\" \/>\n<meta property=\"og:description\" content=\"Dimanta un karb\u012bda fr\u0113zes nagu meistariem\" \/>\n<meta property=\"og:url\" content=\"https:\/\/beautybaltic.com\/?page_id=4882&amp;lang=lv\" \/>\n<meta property=\"og:site_name\" content=\"Beauty Baltic\" \/>\n<meta property=\"article:publisher\" content=\"https:\/\/www.facebook.com\/siabeautybaltic\/?eid=ARDs6xwwnnHaxWoXNQhS1sgYf1tbsdYaa9nRKgzW46Bm5i4PkSKw97xrztQlMJEv9gOVxTp-o3Sq_Uwq\" \/>\n<meta property=\"article:modified_time\" content=\"2022-08-10T12:33:29+00:00\" \/>\n<meta name=\"twitter:card\" content=\"summary_large_image\" \/>\n<meta name=\"twitter:label1\" content=\"Est. reading time\" \/>\n\t<meta name=\"twitter:data1\" content=\"6 minutes\" \/>\n<script type=\"application\/ld+json\" class=\"yoast-schema-graph\">{\"@context\":\"https:\/\/schema.org\",\"@graph\":[{\"@type\":\"WebPage\",\"@id\":\"https:\/\/beautybaltic.com\/?page_id=4882&lang=lv\",\"url\":\"https:\/\/beautybaltic.com\/?page_id=4882&lang=lv\",\"name\":\"&#183; Noteikumi un nosac\u012bjumi\",\"isPartOf\":{\"@id\":\"https:\/\/beautybaltic.com\/#website\"},\"datePublished\":\"2022-02-19T12:47:00+00:00\",\"dateModified\":\"2022-08-10T12:33:29+00:00\",\"description\":\"Dimanta un karb\u012bda fr\u0113zes nagu meistariem\",\"breadcrumb\":{\"@id\":\"https:\/\/beautybaltic.com\/?page_id=4882&lang=lv#breadcrumb\"},\"inLanguage\":\"en-US\",\"potentialAction\":[{\"@type\":\"ReadAction\",\"target\":[\"https:\/\/beautybaltic.com\/?page_id=4882&lang=lv\"]}]},{\"@type\":\"BreadcrumbList\",\"@id\":\"https:\/\/beautybaltic.com\/?page_id=4882&lang=lv#breadcrumb\",\"itemListElement\":[{\"@type\":\"ListItem\",\"position\":1,\"name\":\"Home Page\",\"item\":\"https:\/\/beautybaltic.com\/\"},{\"@type\":\"ListItem\",\"position\":2,\"name\":\"Noteikumi un nosac\u012bjumi\"}]},{\"@type\":\"WebSite\",\"@id\":\"https:\/\/beautybaltic.com\/#website\",\"url\":\"https:\/\/beautybaltic.com\/\",\"name\":\"Beauty Baltic\",\"description\":\"\",\"publisher\":{\"@id\":\"https:\/\/beautybaltic.com\/#organization\"},\"potentialAction\":[{\"@type\":\"SearchAction\",\"target\":{\"@type\":\"EntryPoint\",\"urlTemplate\":\"https:\/\/beautybaltic.com\/?s={search_term_string}\"},\"query-input\":{\"@type\":\"PropertyValueSpecification\",\"valueRequired\":true,\"valueName\":\"search_term_string\"}}],\"inLanguage\":\"en-US\"},{\"@type\":\"Organization\",\"@id\":\"https:\/\/beautybaltic.com\/#organization\",\"name\":\"SIA \\\"Beauty Baltic\\\"\",\"url\":\"https:\/\/beautybaltic.com\/\",\"logo\":{\"@type\":\"ImageObject\",\"inLanguage\":\"en-US\",\"@id\":\"https:\/\/beautybaltic.com\/#\/schema\/logo\/image\/\",\"url\":\"https:\/\/beautybaltic.com\/wp-content\/uploads\/2020\/04\/logo-4.png\",\"contentUrl\":\"https:\/\/beautybaltic.com\/wp-content\/uploads\/2020\/04\/logo-4.png\",\"width\":704,\"height\":206,\"caption\":\"SIA \\\"Beauty Baltic\\\"\"},\"image\":{\"@id\":\"https:\/\/beautybaltic.com\/#\/schema\/logo\/image\/\"},\"sameAs\":[\"https:\/\/www.facebook.com\/siabeautybaltic\/?eid=ARDs6xwwnnHaxWoXNQhS1sgYf1tbsdYaa9nRKgzW46Bm5i4PkSKw97xrztQlMJEv9gOVxTp-o3Sq_Uwq\",\"https:\/\/www.instagram.com\/beauty_baltic\/\"]}]}<\/script>\n<!-- \/ Yoast SEO Premium plugin. -->","yoast_head_json":{"title":"&#183; Noteikumi un nosac\u012bjumi","description":"Dimanta un karb\u012bda fr\u0113zes nagu meistariem","robots":{"index":"index","follow":"follow","max-snippet":"max-snippet:-1","max-image-preview":"max-image-preview:large","max-video-preview":"max-video-preview:-1"},"canonical":"https:\/\/beautybaltic.com\/?page_id=4882&lang=lv","og_locale":"en_US","og_type":"article","og_title":"Noteikumi un nosac\u012bjumi","og_description":"Dimanta un karb\u012bda fr\u0113zes nagu meistariem","og_url":"https:\/\/beautybaltic.com\/?page_id=4882&lang=lv","og_site_name":"Beauty Baltic","article_publisher":"https:\/\/www.facebook.com\/siabeautybaltic\/?eid=ARDs6xwwnnHaxWoXNQhS1sgYf1tbsdYaa9nRKgzW46Bm5i4PkSKw97xrztQlMJEv9gOVxTp-o3Sq_Uwq","article_modified_time":"2022-08-10T12:33:29+00:00","twitter_card":"summary_large_image","twitter_misc":{"Est. reading time":"6 minutes"},"schema":{"@context":"https:\/\/schema.org","@graph":[{"@type":"WebPage","@id":"https:\/\/beautybaltic.com\/?page_id=4882&lang=lv","url":"https:\/\/beautybaltic.com\/?page_id=4882&lang=lv","name":"&#183; Noteikumi un nosac\u012bjumi","isPartOf":{"@id":"https:\/\/beautybaltic.com\/#website"},"datePublished":"2022-02-19T12:47:00+00:00","dateModified":"2022-08-10T12:33:29+00:00","description":"Dimanta un karb\u012bda fr\u0113zes nagu meistariem","breadcrumb":{"@id":"https:\/\/beautybaltic.com\/?page_id=4882&lang=lv#breadcrumb"},"inLanguage":"en-US","potentialAction":[{"@type":"ReadAction","target":["https:\/\/beautybaltic.com\/?page_id=4882&lang=lv"]}]},{"@type":"BreadcrumbList","@id":"https:\/\/beautybaltic.com\/?page_id=4882&lang=lv#breadcrumb","itemListElement":[{"@type":"ListItem","position":1,"name":"Home Page","item":"https:\/\/beautybaltic.com\/"},{"@type":"ListItem","position":2,"name":"Noteikumi un nosac\u012bjumi"}]},{"@type":"WebSite","@id":"https:\/\/beautybaltic.com\/#website","url":"https:\/\/beautybaltic.com\/","name":"Beauty Baltic","description":"","publisher":{"@id":"https:\/\/beautybaltic.com\/#organization"},"potentialAction":[{"@type":"SearchAction","target":{"@type":"EntryPoint","urlTemplate":"https:\/\/beautybaltic.com\/?s={search_term_string}"},"query-input":{"@type":"PropertyValueSpecification","valueRequired":true,"valueName":"search_term_string"}}],"inLanguage":"en-US"},{"@type":"Organization","@id":"https:\/\/beautybaltic.com\/#organization","name":"SIA \"Beauty Baltic\"","url":"https:\/\/beautybaltic.com\/","logo":{"@type":"ImageObject","inLanguage":"en-US","@id":"https:\/\/beautybaltic.com\/#\/schema\/logo\/image\/","url":"https:\/\/beautybaltic.com\/wp-content\/uploads\/2020\/04\/logo-4.png","contentUrl":"https:\/\/beautybaltic.com\/wp-content\/uploads\/2020\/04\/logo-4.png","width":704,"height":206,"caption":"SIA \"Beauty Baltic\""},"image":{"@id":"https:\/\/beautybaltic.com\/#\/schema\/logo\/image\/"},"sameAs":["https:\/\/www.facebook.com\/siabeautybaltic\/?eid=ARDs6xwwnnHaxWoXNQhS1sgYf1tbsdYaa9nRKgzW46Bm5i4PkSKw97xrztQlMJEv9gOVxTp-o3Sq_Uwq","https:\/\/www.instagram.com\/beauty_baltic\/"]}]}},"_links":{"self":[{"href":"https:\/\/beautybaltic.com\/index.php?rest_route=\/wp\/v2\/pages\/4882","targetHints":{"allow":["GET"]}}],"collection":[{"href":"https:\/\/beautybaltic.com\/index.php?rest_route=\/wp\/v2\/pages"}],"about":[{"href":"https:\/\/beautybaltic.com\/index.php?rest_route=\/wp\/v2\/types\/page"}],"author":[{"embeddable":true,"href":"https:\/\/beautybaltic.com\/index.php?rest_route=\/wp\/v2\/users\/1"}],"replies":[{"embeddable":true,"href":"https:\/\/beautybaltic.com\/index.php?rest_route=%2Fwp%2Fv2%2Fcomments&post=4882"}],"version-history":[{"count":0,"href":"https:\/\/beautybaltic.com\/index.php?rest_route=\/wp\/v2\/pages\/4882\/revisions"}],"wp:attachment":[{"href":"https:\/\/beautybaltic.com\/index.php?rest_route=%2Fwp%2Fv2%2Fmedia&parent=4882"}],"curies":[{"name":"wp","href":"https:\/\/api.w.org\/{rel}","templated":true}]}}