{"id":24028,"date":"2025-11-04T19:32:52","date_gmt":"2025-11-04T16:32:52","guid":{"rendered":"https:\/\/beautybaltic.com\/?page_id=24028"},"modified":"2025-12-29T22:01:10","modified_gmt":"2025-12-29T19:01:10","slug":"noradijumi","status":"publish","type":"page","link":"https:\/\/beautybaltic.com\/?page_id=24028&lang=lv","title":{"rendered":"Instrukcijas"},"content":{"rendered":"\n<p><strong><strong>Lieto\u0161anas instrukcija un dro\u0161\u012bbas nor\u0101d\u012bjumi<\/strong><\/strong><\/p>\n\n\n\n<p>1. Pielietojums<br><br>Fr\u0113zes paredz\u0113tas profesion\u0101lai manik\u012bra un pedik\u012bra lieto\u0161anai: p\u0101rkl\u0101juma no\u0146em\u0161anai, virsmas apstr\u0101dei, \u0101das un kutikulas kop\u0161anai.&nbsp;<br>Nav medic\u012bnas ier\u012bce.<br><br>2. Dro\u0161\u012bbas un lieto\u0161anas noteikumi<br><br>Izmantot tikai profesion\u0101liem nol\u016bkiem. Pirms lieto\u0161anas p\u0101rbaud\u012bt fr\u0113zi \u2014 t\u0101 nedr\u012bkst b\u016bt boj\u0101ta vai korod\u0113jusi.&nbsp;<br>Str\u0101d\u0101t vienm\u0113r\u012bgi, bez r\u0101vieniem un p\u0101rm\u0113r\u012bga spiediena. Izvair\u012bties no naga p\u0101rkar\u0161anas un s\u0101nu slodzes.&nbsp;<br>Ja par\u0101d\u0101s vibr\u0101cija vai deform\u0101cija, nekav\u0113joties p\u0101rtraukt lieto\u0161anu un nomain\u012bt fr\u0113zi.<br><br>3. Uzst\u0101d\u012b\u0161ana<br><br>Ievietot fr\u0113zi l\u012bdz galam uzgal\u012b, nostiprin\u0101t. Pirms darba p\u0101rbaud\u012bt vibr\u0101ciju.<br><br>4. Instrumenta apstr\u0101de<br><br>P\u0113c lieto\u0161anas veikt dezinfekciju, t\u012br\u012b\u0161anu un steriliz\u0101ciju. Izmantot tikai ES apstiprin\u0101tus (PT2) l\u012bdzek\u013cus un iev\u0113rot ra\u017eot\u0101ja nor\u0101d\u012bjumus par laiku un temperat\u016bru.<br><br>5. Uzglab\u0101\u0161ana un transports<br><br>Uzglab\u0101t saus\u0101, t\u012br\u0101, sl\u0113gt\u0101 viet\u0101. Sarg\u0101t no mitruma, saules un meh\u0101niskiem boj\u0101jumiem. Transport\u0113t aizsargiepakojum\u0101 vai konteiner\u0101.<br><br>6. Piez\u012bme<br><br>*Skatiet ra\u017eot\u0101ja PDF instrukciju, kas pievienota zem\u0101k.<\/p>\n\n\n\n<div class=\"wp-block-file\"><a id=\"wp-block-file--media-81453824-4ba8-4767-94fc-63982c3f64aa\" href=\"https:\/\/beautybaltic.com\/wp-content\/uploads\/2025\/12\/Sistema-Lietosanas-instrukcija-un-drosibas-noradijumi.pdf\">Sistema Lietos\u030canas instrukcija un dros\u030ci\u0304bas nora\u0304di\u0304jumi<\/a><a href=\"https:\/\/beautybaltic.com\/wp-content\/uploads\/2025\/12\/Sistema-Lietosanas-instrukcija-un-drosibas-noradijumi.pdf\" class=\"wp-block-file__button wp-element-button\" download aria-describedby=\"wp-block-file--media-81453824-4ba8-4767-94fc-63982c3f64aa\">Lejupiel\u0101d\u0113t<\/a><\/div>\n\n\n\n<div class=\"wp-block-file\"><a id=\"wp-block-file--media-928e1026-b45d-45ba-b3cb-aa0ef5dc5251\" href=\"https:\/\/beautybaltic.com\/wp-content\/uploads\/2025\/12\/KMIZ-Lietosanas-instrukcija-un-drosibas-noradijumi.pdf\">KMIZ Lietos\u030canas instrukcija un dros\u030ci\u0304bas nora\u0304di\u0304jumi<\/a><a href=\"https:\/\/beautybaltic.com\/wp-content\/uploads\/2025\/12\/KMIZ-Lietosanas-instrukcija-un-drosibas-noradijumi.pdf\" class=\"wp-block-file__button wp-element-button\" download aria-describedby=\"wp-block-file--media-928e1026-b45d-45ba-b3cb-aa0ef5dc5251\">Lejupiel\u0101d\u0113t<\/a><\/div>\n\n\n\n<div class=\"wp-block-file\"><a id=\"wp-block-file--media-ed9e1cb5-7f08-4be1-a0b8-1e9dea29b0bb\" href=\"https:\/\/beautybaltic.com\/wp-content\/uploads\/2025\/12\/ONA-Bits-Lietosanas-instrukcija-un-drosibas-noradijumi.pdf\">ONA Bits Lietos\u030canas instrukcija un dros\u030ci\u0304bas nora\u0304di\u0304jumi<\/a><a href=\"https:\/\/beautybaltic.com\/wp-content\/uploads\/2025\/12\/ONA-Bits-Lietosanas-instrukcija-un-drosibas-noradijumi.pdf\" class=\"wp-block-file__button wp-element-button\" download aria-describedby=\"wp-block-file--media-ed9e1cb5-7f08-4be1-a0b8-1e9dea29b0bb\">Lejupiel\u0101d\u0113t<\/a><\/div>\n\n\n\n<p><\/p>\n","protected":false},"excerpt":{"rendered":"<p>Lieto\u0161anas instrukcija un dro\u0161\u012bbas nor\u0101d\u012bjumi 1. Pielietojums Fr\u0113zes paredz\u0113tas profesion\u0101lai manik\u012bra un pedik\u012bra lieto\u0161anai: p\u0101rkl\u0101juma no\u0146em\u0161anai, virsmas apstr\u0101dei, \u0101das un kutikulas kop\u0161anai.&nbsp;Nav medic\u012bnas ier\u012bce. 2. Dro\u0161\u012bbas un lieto\u0161anas noteikumi Izmantot tikai profesion\u0101liem nol\u016bkiem. Pirms lieto\u0161anas p\u0101rbaud\u012bt fr\u0113zi \u2014 t\u0101 nedr\u012bkst b\u016bt boj\u0101ta vai korod\u0113jusi.&nbsp;Str\u0101d\u0101t vienm\u0113r\u012bgi, bez r\u0101vieniem un p\u0101rm\u0113r\u012bga spiediena. Izvair\u012bties no naga p\u0101rkar\u0161anas un &hellip; <\/p>\n","protected":false},"author":1,"featured_media":0,"parent":0,"menu_order":0,"comment_status":"closed","ping_status":"closed","template":"","meta":{"footnotes":""},"class_list":["post-24028","page","type-page","status-publish","hentry"],"yoast_head":"<!-- This site is optimized with the Yoast SEO Premium plugin v23.0 (Yoast SEO v26.9) - https:\/\/yoast.com\/product\/yoast-seo-premium-wordpress\/ -->\n<title>&#183; Instrukcijas<\/title>\n<meta name=\"description\" content=\"Dimanta un karb\u012bda fr\u0113zes nagu meistariem\" \/>\n<meta name=\"robots\" content=\"index, follow, max-snippet:-1, max-image-preview:large, max-video-preview:-1\" \/>\n<link rel=\"canonical\" href=\"https:\/\/beautybaltic.com\/?page_id=24028&lang=lv\" \/>\n<meta property=\"og:locale\" content=\"en_US\" \/>\n<meta property=\"og:type\" content=\"article\" \/>\n<meta property=\"og:title\" content=\"Instrukcijas\" \/>\n<meta property=\"og:description\" content=\"Dimanta un karb\u012bda fr\u0113zes nagu meistariem\" \/>\n<meta property=\"og:url\" content=\"https:\/\/beautybaltic.com\/?page_id=24028&amp;lang=lv\" \/>\n<meta property=\"og:site_name\" content=\"Beauty Baltic\" \/>\n<meta property=\"article:publisher\" content=\"https:\/\/www.facebook.com\/siabeautybaltic\/?eid=ARDs6xwwnnHaxWoXNQhS1sgYf1tbsdYaa9nRKgzW46Bm5i4PkSKw97xrztQlMJEv9gOVxTp-o3Sq_Uwq\" \/>\n<meta property=\"article:modified_time\" content=\"2025-12-29T19:01:10+00:00\" \/>\n<meta name=\"twitter:card\" content=\"summary_large_image\" \/>\n<meta name=\"twitter:label1\" content=\"Est. reading time\" \/>\n\t<meta name=\"twitter:data1\" content=\"1 minute\" \/>\n<script type=\"application\/ld+json\" class=\"yoast-schema-graph\">{\"@context\":\"https:\/\/schema.org\",\"@graph\":[{\"@type\":\"WebPage\",\"@id\":\"https:\/\/beautybaltic.com\/?page_id=24028&lang=lv\",\"url\":\"https:\/\/beautybaltic.com\/?page_id=24028&lang=lv\",\"name\":\"&#183; Instrukcijas\",\"isPartOf\":{\"@id\":\"https:\/\/beautybaltic.com\/#website\"},\"datePublished\":\"2025-11-04T16:32:52+00:00\",\"dateModified\":\"2025-12-29T19:01:10+00:00\",\"description\":\"Dimanta un karb\u012bda fr\u0113zes nagu meistariem\",\"breadcrumb\":{\"@id\":\"https:\/\/beautybaltic.com\/?page_id=24028&lang=lv#breadcrumb\"},\"inLanguage\":\"en-US\",\"potentialAction\":[{\"@type\":\"ReadAction\",\"target\":[\"https:\/\/beautybaltic.com\/?page_id=24028&lang=lv\"]}]},{\"@type\":\"BreadcrumbList\",\"@id\":\"https:\/\/beautybaltic.com\/?page_id=24028&lang=lv#breadcrumb\",\"itemListElement\":[{\"@type\":\"ListItem\",\"position\":1,\"name\":\"Home Page\",\"item\":\"https:\/\/beautybaltic.com\/\"},{\"@type\":\"ListItem\",\"position\":2,\"name\":\"Instrukcijas\"}]},{\"@type\":\"WebSite\",\"@id\":\"https:\/\/beautybaltic.com\/#website\",\"url\":\"https:\/\/beautybaltic.com\/\",\"name\":\"Beauty Baltic\",\"description\":\"\",\"publisher\":{\"@id\":\"https:\/\/beautybaltic.com\/#organization\"},\"potentialAction\":[{\"@type\":\"SearchAction\",\"target\":{\"@type\":\"EntryPoint\",\"urlTemplate\":\"https:\/\/beautybaltic.com\/?s={search_term_string}\"},\"query-input\":{\"@type\":\"PropertyValueSpecification\",\"valueRequired\":true,\"valueName\":\"search_term_string\"}}],\"inLanguage\":\"en-US\"},{\"@type\":\"Organization\",\"@id\":\"https:\/\/beautybaltic.com\/#organization\",\"name\":\"SIA \\\"Beauty Baltic\\\"\",\"url\":\"https:\/\/beautybaltic.com\/\",\"logo\":{\"@type\":\"ImageObject\",\"inLanguage\":\"en-US\",\"@id\":\"https:\/\/beautybaltic.com\/#\/schema\/logo\/image\/\",\"url\":\"https:\/\/beautybaltic.com\/wp-content\/uploads\/2020\/04\/logo-4.png\",\"contentUrl\":\"https:\/\/beautybaltic.com\/wp-content\/uploads\/2020\/04\/logo-4.png\",\"width\":704,\"height\":206,\"caption\":\"SIA \\\"Beauty Baltic\\\"\"},\"image\":{\"@id\":\"https:\/\/beautybaltic.com\/#\/schema\/logo\/image\/\"},\"sameAs\":[\"https:\/\/www.facebook.com\/siabeautybaltic\/?eid=ARDs6xwwnnHaxWoXNQhS1sgYf1tbsdYaa9nRKgzW46Bm5i4PkSKw97xrztQlMJEv9gOVxTp-o3Sq_Uwq\",\"https:\/\/www.instagram.com\/beauty_baltic\/\"]}]}<\/script>\n<!-- \/ Yoast SEO Premium plugin. -->","yoast_head_json":{"title":"&#183; Instrukcijas","description":"Dimanta un karb\u012bda fr\u0113zes nagu meistariem","robots":{"index":"index","follow":"follow","max-snippet":"max-snippet:-1","max-image-preview":"max-image-preview:large","max-video-preview":"max-video-preview:-1"},"canonical":"https:\/\/beautybaltic.com\/?page_id=24028&lang=lv","og_locale":"en_US","og_type":"article","og_title":"Instrukcijas","og_description":"Dimanta un karb\u012bda fr\u0113zes nagu meistariem","og_url":"https:\/\/beautybaltic.com\/?page_id=24028&lang=lv","og_site_name":"Beauty Baltic","article_publisher":"https:\/\/www.facebook.com\/siabeautybaltic\/?eid=ARDs6xwwnnHaxWoXNQhS1sgYf1tbsdYaa9nRKgzW46Bm5i4PkSKw97xrztQlMJEv9gOVxTp-o3Sq_Uwq","article_modified_time":"2025-12-29T19:01:10+00:00","twitter_card":"summary_large_image","twitter_misc":{"Est. reading time":"1 minute"},"schema":{"@context":"https:\/\/schema.org","@graph":[{"@type":"WebPage","@id":"https:\/\/beautybaltic.com\/?page_id=24028&lang=lv","url":"https:\/\/beautybaltic.com\/?page_id=24028&lang=lv","name":"&#183; Instrukcijas","isPartOf":{"@id":"https:\/\/beautybaltic.com\/#website"},"datePublished":"2025-11-04T16:32:52+00:00","dateModified":"2025-12-29T19:01:10+00:00","description":"Dimanta un karb\u012bda fr\u0113zes nagu meistariem","breadcrumb":{"@id":"https:\/\/beautybaltic.com\/?page_id=24028&lang=lv#breadcrumb"},"inLanguage":"en-US","potentialAction":[{"@type":"ReadAction","target":["https:\/\/beautybaltic.com\/?page_id=24028&lang=lv"]}]},{"@type":"BreadcrumbList","@id":"https:\/\/beautybaltic.com\/?page_id=24028&lang=lv#breadcrumb","itemListElement":[{"@type":"ListItem","position":1,"name":"Home Page","item":"https:\/\/beautybaltic.com\/"},{"@type":"ListItem","position":2,"name":"Instrukcijas"}]},{"@type":"WebSite","@id":"https:\/\/beautybaltic.com\/#website","url":"https:\/\/beautybaltic.com\/","name":"Beauty Baltic","description":"","publisher":{"@id":"https:\/\/beautybaltic.com\/#organization"},"potentialAction":[{"@type":"SearchAction","target":{"@type":"EntryPoint","urlTemplate":"https:\/\/beautybaltic.com\/?s={search_term_string}"},"query-input":{"@type":"PropertyValueSpecification","valueRequired":true,"valueName":"search_term_string"}}],"inLanguage":"en-US"},{"@type":"Organization","@id":"https:\/\/beautybaltic.com\/#organization","name":"SIA \"Beauty Baltic\"","url":"https:\/\/beautybaltic.com\/","logo":{"@type":"ImageObject","inLanguage":"en-US","@id":"https:\/\/beautybaltic.com\/#\/schema\/logo\/image\/","url":"https:\/\/beautybaltic.com\/wp-content\/uploads\/2020\/04\/logo-4.png","contentUrl":"https:\/\/beautybaltic.com\/wp-content\/uploads\/2020\/04\/logo-4.png","width":704,"height":206,"caption":"SIA \"Beauty Baltic\""},"image":{"@id":"https:\/\/beautybaltic.com\/#\/schema\/logo\/image\/"},"sameAs":["https:\/\/www.facebook.com\/siabeautybaltic\/?eid=ARDs6xwwnnHaxWoXNQhS1sgYf1tbsdYaa9nRKgzW46Bm5i4PkSKw97xrztQlMJEv9gOVxTp-o3Sq_Uwq","https:\/\/www.instagram.com\/beauty_baltic\/"]}]}},"_links":{"self":[{"href":"https:\/\/beautybaltic.com\/index.php?rest_route=\/wp\/v2\/pages\/24028","targetHints":{"allow":["GET"]}}],"collection":[{"href":"https:\/\/beautybaltic.com\/index.php?rest_route=\/wp\/v2\/pages"}],"about":[{"href":"https:\/\/beautybaltic.com\/index.php?rest_route=\/wp\/v2\/types\/page"}],"author":[{"embeddable":true,"href":"https:\/\/beautybaltic.com\/index.php?rest_route=\/wp\/v2\/users\/1"}],"replies":[{"embeddable":true,"href":"https:\/\/beautybaltic.com\/index.php?rest_route=%2Fwp%2Fv2%2Fcomments&post=24028"}],"version-history":[{"count":0,"href":"https:\/\/beautybaltic.com\/index.php?rest_route=\/wp\/v2\/pages\/24028\/revisions"}],"wp:attachment":[{"href":"https:\/\/beautybaltic.com\/index.php?rest_route=%2Fwp%2Fv2%2Fmedia&parent=24028"}],"curies":[{"name":"wp","href":"https:\/\/api.w.org\/{rel}","templated":true}]}}