{"id":180,"date":"2020-03-29T23:37:14","date_gmt":"2020-03-29T20:37:14","guid":{"rendered":"http:\/\/beautybaltic.com\/?page_id=180"},"modified":"2026-01-23T23:09:59","modified_gmt":"2026-01-23T20:09:59","slug":"%d0%ba%d0%be%d0%bd%d1%82%d0%b0%d0%ba%d1%82%d0%bd%d1%8b%d0%b5-%d0%b4%d0%b0%d0%bd%d0%bd%d1%8b%d0%b5","status":"publish","type":"page","link":"https:\/\/beautybaltic.com\/?page_id=180&lang=ru","title":{"rendered":"\u041a\u043e\u043d\u0442\u0430\u043a\u0442\u043d\u044b\u0435 \u0434\u0430\u043d\u043d\u044b\u0435"},"content":{"rendered":"\n<p><strong>\u041d\u0430\u0437\u0432\u0430\u043d\u0438\u0435:<\/strong> <strong>SIA \u201cBeauty Baltic\u201d<\/strong><\/p>\n\n\n\n<p>\u042e\u0440. \u0430\u0434\u0440\u0435\u0441: R\u016bpniec\u012bbas iela 32B &#8211; 1H, R\u012bga, LV-1045&nbsp;<\/p>\n\n\n\n<p>\u0420\u0435\u0433. \u043d\u043e\u043c\u0435\u0440: 40203077960&nbsp;<\/p>\n\n\n\n<p>\u041d\u0414\u0421 \u043d\u043e\u043c\u0435\u0440: LV40203077960<\/p>\n\n\n\n<p>\u0422\u0435\u043b\u0435\u0444\u043e\u043d: +371 25867806<\/p>\n\n\n\n<p>E-mail: siabeautybaltic@gmail.com<\/p>\n\n\n\n<p><strong>\u0422\u043e\u0432\u0430\u0440\u044b \u0432\u043e\u0437\u043c\u043e\u0436\u043d\u043e \u043f\u0440\u0438\u043e\u0431\u0440\u0435\u0441\u0442\u0438 \u0442\u043e\u043b\u044c\u043a\u043e \u043d\u0430 \u0441\u0430\u0439\u0442\u0435 \u043a\u043e\u043c\u043f\u0430\u043d\u0438\u0438.<\/strong> <\/p>\n\n\n\n<p>\u0421\u0430\u0439\u0442 \u043a\u043e\u043c\u043f\u0430\u043d\u0438\u0438:&nbsp;<a href=\"https:\/\/beautybaltic.com\/?page_id=166&amp;lang=ru\"><mark style=\"background-color:rgba(0, 0, 0, 0)\" class=\"has-inline-color has-vivid-cyan-blue-color\"><strong>https:\/\/beautybaltic.com\/<\/strong><\/mark><\/a><\/p>\n\n\n\n<p><strong>\u0420\u0435\u043a\u0432\u0438\u0437\u0438\u0442\u044b:<\/strong><\/p>\n\n\n\n<p>\u0411\u0430\u043d\u043a: AS INDUSTRA BANK<br>\u0411\u0430\u043d\u043a\u043e\u0432\u0441\u043a\u0438\u0439 \u043a\u043e\u0434: MULTLV2X<br>\u041d\u043e\u043c\u0435\u0440 \u0441\u0447\u0451\u0442\u0430: LV23MULT1010B99990010<\/p>\n","protected":false},"excerpt":{"rendered":"<p>\u041d\u0430\u0437\u0432\u0430\u043d\u0438\u0435: SIA \u201cBeauty Baltic\u201d \u042e\u0440. \u0430\u0434\u0440\u0435\u0441: R\u016bpniec\u012bbas iela 32B &#8211; 1H, R\u012bga, LV-1045&nbsp; \u0420\u0435\u0433. \u043d\u043e\u043c\u0435\u0440: 40203077960&nbsp; \u041d\u0414\u0421 \u043d\u043e\u043c\u0435\u0440: LV40203077960 \u0422\u0435\u043b\u0435\u0444\u043e\u043d: +371 25867806 E-mail: siabeautybaltic@gmail.com \u0422\u043e\u0432\u0430\u0440\u044b \u0432\u043e\u0437\u043c\u043e\u0436\u043d\u043e \u043f\u0440\u0438\u043e\u0431\u0440\u0435\u0441\u0442\u0438 \u0442\u043e\u043b\u044c\u043a\u043e \u043d\u0430 \u0441\u0430\u0439\u0442\u0435 \u043a\u043e\u043c\u043f\u0430\u043d\u0438\u0438. \u0421\u0430\u0439\u0442 \u043a\u043e\u043c\u043f\u0430\u043d\u0438\u0438:&nbsp;https:\/\/beautybaltic.com\/ \u0420\u0435\u043a\u0432\u0438\u0437\u0438\u0442\u044b: \u0411\u0430\u043d\u043a: AS INDUSTRA BANK\u0411\u0430\u043d\u043a\u043e\u0432\u0441\u043a\u0438\u0439 \u043a\u043e\u0434: MULTLV2X\u041d\u043e\u043c\u0435\u0440 \u0441\u0447\u0451\u0442\u0430: LV23MULT1010B99990010<\/p>\n","protected":false},"author":1,"featured_media":0,"parent":0,"menu_order":0,"comment_status":"closed","ping_status":"closed","template":"","meta":{"footnotes":""},"class_list":["post-180","page","type-page","status-publish","hentry"],"yoast_head":"<!-- This site is optimized with the Yoast SEO Premium plugin v23.0 (Yoast SEO v26.9) - https:\/\/yoast.com\/product\/yoast-seo-premium-wordpress\/ -->\n<title>&#183; \u041a\u043e\u043d\u0442\u0430\u043a\u0442\u043d\u044b\u0435 \u0434\u0430\u043d\u043d\u044b\u0435<\/title>\n<meta name=\"description\" content=\"Dimanta un karb\u012bda fr\u0113zes nagu meistariem\" \/>\n<meta name=\"robots\" content=\"index, follow, max-snippet:-1, max-image-preview:large, max-video-preview:-1\" \/>\n<link rel=\"canonical\" href=\"https:\/\/beautybaltic.com\/?page_id=180&lang=ru\" \/>\n<meta property=\"og:locale\" content=\"en_US\" \/>\n<meta property=\"og:type\" content=\"article\" \/>\n<meta property=\"og:title\" content=\"\u041a\u043e\u043d\u0442\u0430\u043a\u0442\u043d\u044b\u0435 \u0434\u0430\u043d\u043d\u044b\u0435\" \/>\n<meta property=\"og:description\" content=\"Dimanta un karb\u012bda fr\u0113zes nagu meistariem\" \/>\n<meta property=\"og:url\" content=\"https:\/\/beautybaltic.com\/?page_id=180&amp;lang=ru\" \/>\n<meta property=\"og:site_name\" content=\"Beauty Baltic\" \/>\n<meta property=\"article:publisher\" content=\"https:\/\/www.facebook.com\/siabeautybaltic\/?eid=ARDs6xwwnnHaxWoXNQhS1sgYf1tbsdYaa9nRKgzW46Bm5i4PkSKw97xrztQlMJEv9gOVxTp-o3Sq_Uwq\" \/>\n<meta property=\"article:modified_time\" content=\"2026-01-23T20:09:59+00:00\" \/>\n<meta name=\"twitter:card\" content=\"summary_large_image\" \/>\n<meta name=\"twitter:label1\" content=\"Est. reading time\" \/>\n\t<meta name=\"twitter:data1\" content=\"1 minute\" \/>\n<script type=\"application\/ld+json\" class=\"yoast-schema-graph\">{\"@context\":\"https:\/\/schema.org\",\"@graph\":[{\"@type\":\"WebPage\",\"@id\":\"https:\/\/beautybaltic.com\/?page_id=180&lang=ru\",\"url\":\"https:\/\/beautybaltic.com\/?page_id=180&lang=ru\",\"name\":\"&#183; \u041a\u043e\u043d\u0442\u0430\u043a\u0442\u043d\u044b\u0435 \u0434\u0430\u043d\u043d\u044b\u0435\",\"isPartOf\":{\"@id\":\"https:\/\/beautybaltic.com\/#website\"},\"datePublished\":\"2020-03-29T20:37:14+00:00\",\"dateModified\":\"2026-01-23T20:09:59+00:00\",\"description\":\"Dimanta un karb\u012bda fr\u0113zes nagu meistariem\",\"breadcrumb\":{\"@id\":\"https:\/\/beautybaltic.com\/?page_id=180&lang=ru#breadcrumb\"},\"inLanguage\":\"en-US\",\"potentialAction\":[{\"@type\":\"ReadAction\",\"target\":[\"https:\/\/beautybaltic.com\/?page_id=180&lang=ru\"]}]},{\"@type\":\"BreadcrumbList\",\"@id\":\"https:\/\/beautybaltic.com\/?page_id=180&lang=ru#breadcrumb\",\"itemListElement\":[{\"@type\":\"ListItem\",\"position\":1,\"name\":\"Home Page\",\"item\":\"https:\/\/beautybaltic.com\/\"},{\"@type\":\"ListItem\",\"position\":2,\"name\":\"\u041a\u043e\u043d\u0442\u0430\u043a\u0442\u043d\u044b\u0435 \u0434\u0430\u043d\u043d\u044b\u0435\"}]},{\"@type\":\"WebSite\",\"@id\":\"https:\/\/beautybaltic.com\/#website\",\"url\":\"https:\/\/beautybaltic.com\/\",\"name\":\"Beauty Baltic\",\"description\":\"\",\"publisher\":{\"@id\":\"https:\/\/beautybaltic.com\/#organization\"},\"potentialAction\":[{\"@type\":\"SearchAction\",\"target\":{\"@type\":\"EntryPoint\",\"urlTemplate\":\"https:\/\/beautybaltic.com\/?s={search_term_string}\"},\"query-input\":{\"@type\":\"PropertyValueSpecification\",\"valueRequired\":true,\"valueName\":\"search_term_string\"}}],\"inLanguage\":\"en-US\"},{\"@type\":\"Organization\",\"@id\":\"https:\/\/beautybaltic.com\/#organization\",\"name\":\"SIA \\\"Beauty Baltic\\\"\",\"url\":\"https:\/\/beautybaltic.com\/\",\"logo\":{\"@type\":\"ImageObject\",\"inLanguage\":\"en-US\",\"@id\":\"https:\/\/beautybaltic.com\/#\/schema\/logo\/image\/\",\"url\":\"https:\/\/beautybaltic.com\/wp-content\/uploads\/2020\/04\/logo-4.png\",\"contentUrl\":\"https:\/\/beautybaltic.com\/wp-content\/uploads\/2020\/04\/logo-4.png\",\"width\":704,\"height\":206,\"caption\":\"SIA \\\"Beauty Baltic\\\"\"},\"image\":{\"@id\":\"https:\/\/beautybaltic.com\/#\/schema\/logo\/image\/\"},\"sameAs\":[\"https:\/\/www.facebook.com\/siabeautybaltic\/?eid=ARDs6xwwnnHaxWoXNQhS1sgYf1tbsdYaa9nRKgzW46Bm5i4PkSKw97xrztQlMJEv9gOVxTp-o3Sq_Uwq\",\"https:\/\/www.instagram.com\/beauty_baltic\/\"]}]}<\/script>\n<!-- \/ Yoast SEO Premium plugin. -->","yoast_head_json":{"title":"&#183; \u041a\u043e\u043d\u0442\u0430\u043a\u0442\u043d\u044b\u0435 \u0434\u0430\u043d\u043d\u044b\u0435","description":"Dimanta un karb\u012bda fr\u0113zes nagu meistariem","robots":{"index":"index","follow":"follow","max-snippet":"max-snippet:-1","max-image-preview":"max-image-preview:large","max-video-preview":"max-video-preview:-1"},"canonical":"https:\/\/beautybaltic.com\/?page_id=180&lang=ru","og_locale":"en_US","og_type":"article","og_title":"\u041a\u043e\u043d\u0442\u0430\u043a\u0442\u043d\u044b\u0435 \u0434\u0430\u043d\u043d\u044b\u0435","og_description":"Dimanta un karb\u012bda fr\u0113zes nagu meistariem","og_url":"https:\/\/beautybaltic.com\/?page_id=180&lang=ru","og_site_name":"Beauty Baltic","article_publisher":"https:\/\/www.facebook.com\/siabeautybaltic\/?eid=ARDs6xwwnnHaxWoXNQhS1sgYf1tbsdYaa9nRKgzW46Bm5i4PkSKw97xrztQlMJEv9gOVxTp-o3Sq_Uwq","article_modified_time":"2026-01-23T20:09:59+00:00","twitter_card":"summary_large_image","twitter_misc":{"Est. reading time":"1 minute"},"schema":{"@context":"https:\/\/schema.org","@graph":[{"@type":"WebPage","@id":"https:\/\/beautybaltic.com\/?page_id=180&lang=ru","url":"https:\/\/beautybaltic.com\/?page_id=180&lang=ru","name":"&#183; \u041a\u043e\u043d\u0442\u0430\u043a\u0442\u043d\u044b\u0435 \u0434\u0430\u043d\u043d\u044b\u0435","isPartOf":{"@id":"https:\/\/beautybaltic.com\/#website"},"datePublished":"2020-03-29T20:37:14+00:00","dateModified":"2026-01-23T20:09:59+00:00","description":"Dimanta un karb\u012bda fr\u0113zes nagu meistariem","breadcrumb":{"@id":"https:\/\/beautybaltic.com\/?page_id=180&lang=ru#breadcrumb"},"inLanguage":"en-US","potentialAction":[{"@type":"ReadAction","target":["https:\/\/beautybaltic.com\/?page_id=180&lang=ru"]}]},{"@type":"BreadcrumbList","@id":"https:\/\/beautybaltic.com\/?page_id=180&lang=ru#breadcrumb","itemListElement":[{"@type":"ListItem","position":1,"name":"Home Page","item":"https:\/\/beautybaltic.com\/"},{"@type":"ListItem","position":2,"name":"\u041a\u043e\u043d\u0442\u0430\u043a\u0442\u043d\u044b\u0435 \u0434\u0430\u043d\u043d\u044b\u0435"}]},{"@type":"WebSite","@id":"https:\/\/beautybaltic.com\/#website","url":"https:\/\/beautybaltic.com\/","name":"Beauty Baltic","description":"","publisher":{"@id":"https:\/\/beautybaltic.com\/#organization"},"potentialAction":[{"@type":"SearchAction","target":{"@type":"EntryPoint","urlTemplate":"https:\/\/beautybaltic.com\/?s={search_term_string}"},"query-input":{"@type":"PropertyValueSpecification","valueRequired":true,"valueName":"search_term_string"}}],"inLanguage":"en-US"},{"@type":"Organization","@id":"https:\/\/beautybaltic.com\/#organization","name":"SIA \"Beauty Baltic\"","url":"https:\/\/beautybaltic.com\/","logo":{"@type":"ImageObject","inLanguage":"en-US","@id":"https:\/\/beautybaltic.com\/#\/schema\/logo\/image\/","url":"https:\/\/beautybaltic.com\/wp-content\/uploads\/2020\/04\/logo-4.png","contentUrl":"https:\/\/beautybaltic.com\/wp-content\/uploads\/2020\/04\/logo-4.png","width":704,"height":206,"caption":"SIA \"Beauty Baltic\""},"image":{"@id":"https:\/\/beautybaltic.com\/#\/schema\/logo\/image\/"},"sameAs":["https:\/\/www.facebook.com\/siabeautybaltic\/?eid=ARDs6xwwnnHaxWoXNQhS1sgYf1tbsdYaa9nRKgzW46Bm5i4PkSKw97xrztQlMJEv9gOVxTp-o3Sq_Uwq","https:\/\/www.instagram.com\/beauty_baltic\/"]}]}},"_links":{"self":[{"href":"https:\/\/beautybaltic.com\/index.php?rest_route=\/wp\/v2\/pages\/180","targetHints":{"allow":["GET"]}}],"collection":[{"href":"https:\/\/beautybaltic.com\/index.php?rest_route=\/wp\/v2\/pages"}],"about":[{"href":"https:\/\/beautybaltic.com\/index.php?rest_route=\/wp\/v2\/types\/page"}],"author":[{"embeddable":true,"href":"https:\/\/beautybaltic.com\/index.php?rest_route=\/wp\/v2\/users\/1"}],"replies":[{"embeddable":true,"href":"https:\/\/beautybaltic.com\/index.php?rest_route=%2Fwp%2Fv2%2Fcomments&post=180"}],"version-history":[{"count":0,"href":"https:\/\/beautybaltic.com\/index.php?rest_route=\/wp\/v2\/pages\/180\/revisions"}],"wp:attachment":[{"href":"https:\/\/beautybaltic.com\/index.php?rest_route=%2Fwp%2Fv2%2Fmedia&parent=180"}],"curies":[{"name":"wp","href":"https:\/\/api.w.org\/{rel}","templated":true}]}}