{"id":13515,"date":"2024-02-28T12:31:36","date_gmt":"2024-02-28T09:31:36","guid":{"rendered":"https:\/\/beautybaltic.com\/?page_id=13515"},"modified":"2024-02-28T12:34:42","modified_gmt":"2024-02-28T09:34:42","slug":"privatumo-politika","status":"publish","type":"page","link":"https:\/\/beautybaltic.com\/?page_id=13515&lang=lt","title":{"rendered":"Privatumo politika"},"content":{"rendered":"\n<p>Privatumo politika \u2013 beautybaltic.com<\/p>\n\n\n\n<p>(Atnaujinta 2022 m. kovo m\u0117n.)<\/p>\n\n\n\n<p>1. Svetain\u0117je https:\/\/beautybaltic.com (toliau \u2013 Svetain\u0117) renkami duomenys apie Svetain\u0117s lankytojus, tod\u0117l Svetain\u0117s pri\u017ei\u016br\u0117tojas gali \u012fvertinti Svetain\u0117s naudingum\u0105 ir kaip j\u0105 b\u016bt\u0173 galima patobulinti.<\/p>\n\n\n\n<p>2. Duomen\u0173 valdytojas, renkantis duomenis apie Svetain\u0117s lankytojus, yra UAB \u201eBeauty Baltic\u201c, Reg.Nr. 40203077960, toliau \u2013 Duomen\u0173 valdytojas).<\/p>\n\n\n\n<p>3. Valdytojo adresas: R\u016bpniec\u012bbas iela 32B &#8211; 1H, R\u012bga, LV-1045,<\/p>\n\n\n\n<p>pa\u0161tas: siabeautybaltic@gmail.com,<\/p>\n\n\n\n<p>Telefonas: +37125867806.<\/p>\n\n\n\n<p>4. Valdytojas nuolat atnaujina Svetain\u0119, siekdamas pagerinti jos naudojim\u0105, tod\u0117l Valdytojas turi \u017einoti, kokia informacija yra svarbi Svetain\u0117s lankytojams, kaip da\u017enai jie lankosi Svetain\u0117je, kokius \u012frenginius ir nar\u0161ykl\u0119 naudoja, \u012f kok\u012f region\u0105 atvyksta. i\u0161 ir kokio turinio skaitoma da\u017eniausiai.<\/p>\n\n\n\n<p>5. Duomen\u0173 valdytojas naudoja Google Analytics, kuri \u012fgalina Valdytoj\u0105 analizuoti, kaip lankytojai naudojasi Svetaine. Su\u017einokite, kaip veikia pagrindiniai \u201eGoogle Analytics\u201c principai, \u201eGoogle\u201c svetain\u0117je https:\/\/support.google.com\/analytics\/answer\/1012034?hl=lt&amp;ref_topic=6157800. Valdytojas naudoja surinktus duomenis savo teisiniais interesais, siekdamas geriau suprasti Svetain\u0117s lankytoj\u0173 poreikius ir pagerinti Valdytojo skelbiamos informacijos prieinamum\u0105. Bet kuriuo metu lankytojas gali nustoti rinkti duomenis \u201eGoogle Analytics\u201c, kaip apra\u0161yta \u010dia: https:\/\/tools.google.com\/dlpage\/gaoptout\/.<\/p>\n\n\n\n<p>6. Serveris, kuriame talpinama Svetain\u0117, gali registruoti lankytojo siun\u010diamas u\u017eklausas (naudojam\u0105 \u012frengin\u012f, nar\u0161ykl\u0119, IP adres\u0105, prieigos dat\u0105 ir laik\u0105). \u0160iame punkte nurodyti duomenys naudojami techniniais tikslais: u\u017etikrinti tinkam\u0105 Svetain\u0117s veikim\u0105 ir saugum\u0105 bei i\u0161tirti galimus saugumo incidentus.<\/p>\n\n\n\n<p>7. Slapukai yra ma\u017ei failai, kuriuos lankytojui apsilankius Svetain\u0117je nar\u0161ykl\u0117 i\u0161saugo lankytojo kompiuteryje tiek, kiek nurodyta lankytojo kompiuterio nar\u0161ykl\u0117s nustatymuose. Atskiri slapukai naudojami lankytojui si\u016blomai informacijai ir reklamoms parinkti ir pritaikyti pagal lankytojo anks\u010diau per\u017ei\u016br\u0117t\u0105 turin\u012f ir taip palengvinti, patogiai ir lankytojams pritaikyti naudotis Svetaine. Papildomos informacijos apie slapukus, slapuk\u0173 i\u0161trynim\u0105 ir valdym\u0105 rasite adresu www.aboutcookies.org.<\/p>\n\n\n\n<p>8. Svetain\u0117 naudoja slapukus, kad rinkt\u0173 vartotoj\u0173 IP adresus ir nar\u0161ymo informacij\u0105 bei leist\u0173 Svetainei prisiminti lankytojo pasirinkim\u0105. Slapukai leid\u017eia Valdikliui sekti Svetain\u0117s sraut\u0105 ir vartotojo s\u0105veik\u0105 su Svetaine. Valdytojas naudoja \u0161iuos duomenis lankytoj\u0173 elgsenai analizuoti ir Svetainei tobulinti. Teisinis slapuk\u0173 naudojimo pagrindas yra Valdytojo teis\u0117tas interesas u\u017etikrinti Svetain\u0117s funkcionalum\u0105, prieinamum\u0105 ir vientisum\u0105.<\/p>\n\n\n\n<p>9. Lankytojas gali valdyti ir\/ar i\u0161trinti slapukus savo nuo\u017ei\u016bra. Daugiau informacijos apie \u0161\u012f proces\u0105 rasite adresu www.aboutcookies.org. Lankytojas gali i\u0161trinti visus savo kompiuteryje esan\u010dius slapukus, o dauguma nar\u0161ykli\u0173 gali b\u016bti nustatytos taip, kad blokuot\u0173 slapukus kompiuteryje. Lankytojas gali atsisakyti slapuk\u0173 nar\u0161ykl\u0117s meniu arba adresu https:\/\/tools.google.com\/dlpage\/gaoptout. Norint atlikti reikiamus nustatymus, lankytojas turi susipa\u017einti su savo nar\u0161ykl\u0117s taisykl\u0117mis. Slapuk\u0173 blokavimo atveju lankytojas kiekvien\u0105 kart\u0105 lankydamasis Svetain\u0117je tur\u0117s rankiniu b\u016bdu koreguoti nustatymus ir kyla pavojus, kad kai kurios paslaugos ir funkcijos neveiks.<\/p>\n\n\n\n<p>10. Prie Svetain\u0117s lankytoj\u0173 statistikos gali susipa\u017einti tik Valdytojo darbuotojai, kurie yra atsakingi u\u017e toki\u0173 duomen\u0173 analiz\u0119.<\/p>\n\n\n\n<p>11. Jei nenurodyta kitaip, slapukai i\u0161saugomi, kol vykdoma veikla, d\u0117l kurios jie renkami, ir tada i\u0161trinami.<\/p>\n\n\n\n<p>12. Duomen\u0173 valdytojas patvirtina, kad slapukai ir statistin\u0117 informacija bus renkami, tvarkomi ir saugomi laikantis Europos S\u0105jungos normini\u0173 akt\u0173 reikalavim\u0173, \u012fskaitant 2016 m. baland\u017eio 27 d. Europos Parlamento ir Europos S\u0105jungos Tarybos Asmens duomen\u0173 apsaugos reglament\u0105. Nr.2016\/679.<\/p>\n\n\n\n<p>13. Jeigu asmens duomen\u0173 tvarkymas pradedamas ir vykdomas asmens duomen\u0173 subjekto sutikimu, asmens duomen\u0173 subjektas turi teis\u0119 j\u012f at\u0161aukti, atsi\u0173sdamas pra\u0161ym\u0105 adresu siabeautybaltic@gmail.com<\/p>\n\n\n\n<p>Sutikimo at\u0161aukimas neturi \u012ftakos duomen\u0173 tvarkymui, atliktam tuo metu, kai galiojo Kliento sutikimas. Sutikimo at\u0161aukimas nerei\u0161kia duomen\u0173 tvarkymo, atliekamo remiantis kitais teisiniais pagrindais, at\u0161aukimu.<\/p>\n\n\n\n<p>Vartotojas turi teis\u0119 i\u0161trinti savo profil\u012f atsi\u0173sdamas pra\u0161ym\u0105 adresu siabeautybaltic@gmail.com. Tokiu atveju u\u017eklausa bus priimta tik tuo atveju, jei ji bus i\u0161si\u0173sta i\u0161 to paties vartotojo savo profilyje u\u017eregistruoto el.<\/p>\n\n\n\n<p>14. Valdytojas pasilieka teis\u0119 bet kada pakeisti \u0161ias s\u0105lygas. Svetain\u0117s lankytojas turi pareig\u0105 savaranki\u0161kai patikrinti svetain\u0117s turin\u012f, kad susipa\u017eint\u0173 su taisykli\u0173 pakeitimais.<\/p>\n","protected":false},"excerpt":{"rendered":"<p>Privatumo politika \u2013 beautybaltic.com (Atnaujinta 2022 m. kovo m\u0117n.) 1. Svetain\u0117je https:\/\/beautybaltic.com (toliau \u2013 Svetain\u0117) renkami duomenys apie Svetain\u0117s lankytojus, tod\u0117l Svetain\u0117s pri\u017ei\u016br\u0117tojas gali \u012fvertinti Svetain\u0117s naudingum\u0105 ir kaip j\u0105 b\u016bt\u0173 galima patobulinti. 2. Duomen\u0173 valdytojas, renkantis duomenis apie Svetain\u0117s lankytojus, yra UAB \u201eBeauty Baltic\u201c, Reg.Nr. 40203077960, toliau \u2013 Duomen\u0173 valdytojas). 3. Valdytojo adresas: R\u016bpniec\u012bbas &hellip; <\/p>\n","protected":false},"author":1,"featured_media":0,"parent":0,"menu_order":0,"comment_status":"closed","ping_status":"closed","template":"","meta":{"footnotes":""},"class_list":["post-13515","page","type-page","status-publish","hentry"],"yoast_head":"<!-- This site is optimized with the Yoast SEO Premium plugin v23.0 (Yoast SEO v26.9) - https:\/\/yoast.com\/product\/yoast-seo-premium-wordpress\/ -->\n<title>&#183; Privatumo politika<\/title>\n<meta name=\"description\" content=\"Dimanta un karb\u012bda fr\u0113zes nagu meistariem\" \/>\n<meta name=\"robots\" content=\"index, follow, max-snippet:-1, max-image-preview:large, max-video-preview:-1\" \/>\n<link rel=\"canonical\" href=\"https:\/\/beautybaltic.com\/?page_id=13515&lang=lt\" \/>\n<meta property=\"og:locale\" content=\"en_US\" \/>\n<meta property=\"og:type\" content=\"article\" \/>\n<meta property=\"og:title\" content=\"Privatumo politika\" \/>\n<meta property=\"og:description\" content=\"Dimanta un karb\u012bda fr\u0113zes nagu meistariem\" \/>\n<meta property=\"og:url\" content=\"https:\/\/beautybaltic.com\/?page_id=13515&amp;lang=lt\" \/>\n<meta property=\"og:site_name\" content=\"Beauty Baltic\" \/>\n<meta property=\"article:publisher\" content=\"https:\/\/www.facebook.com\/siabeautybaltic\/?eid=ARDs6xwwnnHaxWoXNQhS1sgYf1tbsdYaa9nRKgzW46Bm5i4PkSKw97xrztQlMJEv9gOVxTp-o3Sq_Uwq\" \/>\n<meta property=\"article:modified_time\" content=\"2024-02-28T09:34:42+00:00\" \/>\n<meta name=\"twitter:card\" content=\"summary_large_image\" \/>\n<meta name=\"twitter:label1\" content=\"Est. reading time\" \/>\n\t<meta name=\"twitter:data1\" content=\"3 minutes\" \/>\n<script type=\"application\/ld+json\" class=\"yoast-schema-graph\">{\"@context\":\"https:\/\/schema.org\",\"@graph\":[{\"@type\":\"WebPage\",\"@id\":\"https:\/\/beautybaltic.com\/?page_id=13515&lang=lt\",\"url\":\"https:\/\/beautybaltic.com\/?page_id=13515&lang=lt\",\"name\":\"&#183; Privatumo politika\",\"isPartOf\":{\"@id\":\"https:\/\/beautybaltic.com\/#website\"},\"datePublished\":\"2024-02-28T09:31:36+00:00\",\"dateModified\":\"2024-02-28T09:34:42+00:00\",\"description\":\"Dimanta un karb\u012bda fr\u0113zes nagu meistariem\",\"breadcrumb\":{\"@id\":\"https:\/\/beautybaltic.com\/?page_id=13515&lang=lt#breadcrumb\"},\"inLanguage\":\"en-US\",\"potentialAction\":[{\"@type\":\"ReadAction\",\"target\":[\"https:\/\/beautybaltic.com\/?page_id=13515&lang=lt\"]}]},{\"@type\":\"BreadcrumbList\",\"@id\":\"https:\/\/beautybaltic.com\/?page_id=13515&lang=lt#breadcrumb\",\"itemListElement\":[{\"@type\":\"ListItem\",\"position\":1,\"name\":\"Home Page\",\"item\":\"https:\/\/beautybaltic.com\/\"},{\"@type\":\"ListItem\",\"position\":2,\"name\":\"Privatumo politika\"}]},{\"@type\":\"WebSite\",\"@id\":\"https:\/\/beautybaltic.com\/#website\",\"url\":\"https:\/\/beautybaltic.com\/\",\"name\":\"Beauty Baltic\",\"description\":\"\",\"publisher\":{\"@id\":\"https:\/\/beautybaltic.com\/#organization\"},\"potentialAction\":[{\"@type\":\"SearchAction\",\"target\":{\"@type\":\"EntryPoint\",\"urlTemplate\":\"https:\/\/beautybaltic.com\/?s={search_term_string}\"},\"query-input\":{\"@type\":\"PropertyValueSpecification\",\"valueRequired\":true,\"valueName\":\"search_term_string\"}}],\"inLanguage\":\"en-US\"},{\"@type\":\"Organization\",\"@id\":\"https:\/\/beautybaltic.com\/#organization\",\"name\":\"SIA \\\"Beauty Baltic\\\"\",\"url\":\"https:\/\/beautybaltic.com\/\",\"logo\":{\"@type\":\"ImageObject\",\"inLanguage\":\"en-US\",\"@id\":\"https:\/\/beautybaltic.com\/#\/schema\/logo\/image\/\",\"url\":\"https:\/\/beautybaltic.com\/wp-content\/uploads\/2020\/04\/logo-4.png\",\"contentUrl\":\"https:\/\/beautybaltic.com\/wp-content\/uploads\/2020\/04\/logo-4.png\",\"width\":704,\"height\":206,\"caption\":\"SIA \\\"Beauty Baltic\\\"\"},\"image\":{\"@id\":\"https:\/\/beautybaltic.com\/#\/schema\/logo\/image\/\"},\"sameAs\":[\"https:\/\/www.facebook.com\/siabeautybaltic\/?eid=ARDs6xwwnnHaxWoXNQhS1sgYf1tbsdYaa9nRKgzW46Bm5i4PkSKw97xrztQlMJEv9gOVxTp-o3Sq_Uwq\",\"https:\/\/www.instagram.com\/beauty_baltic\/\"]}]}<\/script>\n<!-- \/ Yoast SEO Premium plugin. -->","yoast_head_json":{"title":"&#183; Privatumo politika","description":"Dimanta un karb\u012bda fr\u0113zes nagu meistariem","robots":{"index":"index","follow":"follow","max-snippet":"max-snippet:-1","max-image-preview":"max-image-preview:large","max-video-preview":"max-video-preview:-1"},"canonical":"https:\/\/beautybaltic.com\/?page_id=13515&lang=lt","og_locale":"en_US","og_type":"article","og_title":"Privatumo politika","og_description":"Dimanta un karb\u012bda fr\u0113zes nagu meistariem","og_url":"https:\/\/beautybaltic.com\/?page_id=13515&lang=lt","og_site_name":"Beauty Baltic","article_publisher":"https:\/\/www.facebook.com\/siabeautybaltic\/?eid=ARDs6xwwnnHaxWoXNQhS1sgYf1tbsdYaa9nRKgzW46Bm5i4PkSKw97xrztQlMJEv9gOVxTp-o3Sq_Uwq","article_modified_time":"2024-02-28T09:34:42+00:00","twitter_card":"summary_large_image","twitter_misc":{"Est. reading time":"3 minutes"},"schema":{"@context":"https:\/\/schema.org","@graph":[{"@type":"WebPage","@id":"https:\/\/beautybaltic.com\/?page_id=13515&lang=lt","url":"https:\/\/beautybaltic.com\/?page_id=13515&lang=lt","name":"&#183; Privatumo politika","isPartOf":{"@id":"https:\/\/beautybaltic.com\/#website"},"datePublished":"2024-02-28T09:31:36+00:00","dateModified":"2024-02-28T09:34:42+00:00","description":"Dimanta un karb\u012bda fr\u0113zes nagu meistariem","breadcrumb":{"@id":"https:\/\/beautybaltic.com\/?page_id=13515&lang=lt#breadcrumb"},"inLanguage":"en-US","potentialAction":[{"@type":"ReadAction","target":["https:\/\/beautybaltic.com\/?page_id=13515&lang=lt"]}]},{"@type":"BreadcrumbList","@id":"https:\/\/beautybaltic.com\/?page_id=13515&lang=lt#breadcrumb","itemListElement":[{"@type":"ListItem","position":1,"name":"Home Page","item":"https:\/\/beautybaltic.com\/"},{"@type":"ListItem","position":2,"name":"Privatumo politika"}]},{"@type":"WebSite","@id":"https:\/\/beautybaltic.com\/#website","url":"https:\/\/beautybaltic.com\/","name":"Beauty Baltic","description":"","publisher":{"@id":"https:\/\/beautybaltic.com\/#organization"},"potentialAction":[{"@type":"SearchAction","target":{"@type":"EntryPoint","urlTemplate":"https:\/\/beautybaltic.com\/?s={search_term_string}"},"query-input":{"@type":"PropertyValueSpecification","valueRequired":true,"valueName":"search_term_string"}}],"inLanguage":"en-US"},{"@type":"Organization","@id":"https:\/\/beautybaltic.com\/#organization","name":"SIA \"Beauty Baltic\"","url":"https:\/\/beautybaltic.com\/","logo":{"@type":"ImageObject","inLanguage":"en-US","@id":"https:\/\/beautybaltic.com\/#\/schema\/logo\/image\/","url":"https:\/\/beautybaltic.com\/wp-content\/uploads\/2020\/04\/logo-4.png","contentUrl":"https:\/\/beautybaltic.com\/wp-content\/uploads\/2020\/04\/logo-4.png","width":704,"height":206,"caption":"SIA \"Beauty Baltic\""},"image":{"@id":"https:\/\/beautybaltic.com\/#\/schema\/logo\/image\/"},"sameAs":["https:\/\/www.facebook.com\/siabeautybaltic\/?eid=ARDs6xwwnnHaxWoXNQhS1sgYf1tbsdYaa9nRKgzW46Bm5i4PkSKw97xrztQlMJEv9gOVxTp-o3Sq_Uwq","https:\/\/www.instagram.com\/beauty_baltic\/"]}]}},"_links":{"self":[{"href":"https:\/\/beautybaltic.com\/index.php?rest_route=\/wp\/v2\/pages\/13515","targetHints":{"allow":["GET"]}}],"collection":[{"href":"https:\/\/beautybaltic.com\/index.php?rest_route=\/wp\/v2\/pages"}],"about":[{"href":"https:\/\/beautybaltic.com\/index.php?rest_route=\/wp\/v2\/types\/page"}],"author":[{"embeddable":true,"href":"https:\/\/beautybaltic.com\/index.php?rest_route=\/wp\/v2\/users\/1"}],"replies":[{"embeddable":true,"href":"https:\/\/beautybaltic.com\/index.php?rest_route=%2Fwp%2Fv2%2Fcomments&post=13515"}],"version-history":[{"count":0,"href":"https:\/\/beautybaltic.com\/index.php?rest_route=\/wp\/v2\/pages\/13515\/revisions"}],"wp:attachment":[{"href":"https:\/\/beautybaltic.com\/index.php?rest_route=%2Fwp%2Fv2%2Fmedia&parent=13515"}],"curies":[{"name":"wp","href":"https:\/\/api.w.org\/{rel}","templated":true}]}}