{"id":12604,"date":"2024-02-16T12:46:25","date_gmt":"2024-02-16T09:46:25","guid":{"rendered":"https:\/\/beautybaltic.com\/?page_id=12604"},"modified":"2024-02-28T12:50:58","modified_gmt":"2024-02-28T09:50:58","slug":"terms-and-conditions-2","status":"publish","type":"page","link":"https:\/\/beautybaltic.com\/?page_id=12604&lang=lt","title":{"rendered":"Taisykl\u0117s ir s\u0105lygos"},"content":{"rendered":"\n<p><strong>Nuotolin\u0117 sutartis<\/strong><\/p>\n\n\n\n<p>(Atnaujinta versija 2022 m. kovo m\u0117n.)<\/p>\n\n\n\n<p>Pirk\u0117jas, pirkdamas SIA \u201cBeauty Baltic\u201d (toliau \u2013 Bendrov\u0117) internetin\u0117je parduotuv\u0117je, registracijos numeris 40203077960, juridinis adresas R\u016bpniec\u012bbas iela 32B &#8211; 1H, R\u012bga, LV-1045, Latvija, Pirk\u0117jas patvirtina, kad susipa\u017eino su nuotolin\u0117s sutarties ir sutinka su \u0161ios sutarties turiniu. Pirk\u0117jas, pateik\u0119s u\u017esakym\u0105, su Bendrove sudaro nuotolin\u0119 sutart\u012f, kurioje nustatomi dvi\u0161aliai \u012fsipareigojimai. \u012emon\u0117s internetin\u0117s parduotuv\u0117s adresas: https:\/\/beautybaltic.com\/<\/p>\n\n\n\n<p><strong><strong>1. Subject of the contract<\/strong><\/strong><\/p>\n\n\n\n<p>1.1 Nuotolin\u0117 sutartis yra Pirk\u0117jo ir Bendrov\u0117s susitarimas, pagr\u012fstas Bendrov\u0117s pasi\u016blymu internetu. Nuotolin\u0117 sutartis galioja visiems Bendrov\u0117s internetin\u0117je parduotuv\u0117je atliekamiems u\u017esakymams ir pirkimams.<\/p>\n\n\n\n<p>1.2. \u0160i sutartis apibr\u0117\u017eia Bendrov\u0117s ir Pirk\u0117jo teises ir pareigas bei su pristatymu susijusias taisykles.<\/p>\n\n\n\n<p><strong>2. Nuotolin\u0117s sutarties \u012fsigaliojimas<\/strong><\/p>\n\n\n\n<p>2.1 Nuotolin\u0117 sutartis \u012fsigalioja, kai Pirk\u0117jas apsiperka internetin\u0117je parduotuv\u0117je ir savo elektroninio pa\u0161to adresu i\u0161 Bendrov\u0117s gavo automatin\u012f u\u017esakymo patvirtinim\u0105.<\/p>\n\n\n\n<p><strong>3. Prek\u0117 ir apra\u0161ymas<\/strong><\/p>\n\n\n\n<p>3.1 Bendrov\u0117s internetin\u0117s parduotuv\u0117s pardavimo objektas \u2013 \u012frankiai, \u012franga nag\u0173 prie\u017ei\u016bros ir gro\u017eio pramonei. Preki\u0173 apra\u0161ymas turi informacin\u0119 reik\u0161m\u0119 ir \u0161ios informacijos naudojimas nesudaro teisini\u0173 \u012fsipareigojim\u0173 tarp internetin\u0117s parduotuv\u0117s lankytoj\u0173 ir j\u0173 savininko. \u012emon\u0117 neatsako u\u017e preki\u0173 demonstravim\u0105 \u2013 tai priklauso nuo Pirk\u0117jo monitoriaus technini\u0173 galimybi\u0173.<\/p>\n\n\n\n<p>3.2 Preki\u0173 asortimentas gali nuolat keistis ir Bendrov\u0117 neatsako, jei konkreti prek\u0117 n\u0117ra vietoje ir n\u0117ra galimyb\u0117s jos pristatyti.<\/p>\n\n\n\n<p>3.3 Tiksli\u0105 informacij\u0105 apie tai, ar dominan\u010dios prek\u0117s yra Bendrov\u0117s sand\u0117lyje, darbo dienomis nuo 9:00 iki 18:00 galite su\u017einoti paskambin\u0119 nurodytu telefonu arba para\u0161\u0119 el. Jeigu Pirk\u0117jo pasirinktos prek\u0117s n\u0117ra, Bendrov\u0117 gali pasi\u016blyti j\u0105 pakeisti lygiaverte preke arba i\u0161si\u0173sti po kito prek\u0117s pristatymo.<\/p>\n\n\n\n<p><strong>4. Preki\u0173 kaina<\/strong><\/p>\n\n\n\n<p>4.1 Internetin\u0117je parduotuv\u0117je galutin\u0117s kainos nurodytos su PVM 21% (LV40203077960) ir be pristatymo i\u0161laid\u0173. Kainos ir produkt\u0173 pasi\u016blymas \u0161iuo metu galioja ir gali keistis svetain\u0117je be \u012fsp\u0117jimo.<\/p>\n\n\n\n<p><strong>5<\/strong>. <strong>U\u017esakymo pristatymo s\u0105lygos<\/strong><\/p>\n\n\n\n<p>5.1 Preki\u0173 pristatymo r\u016b\u0161ys, nurodytos skiltyje Pristatymas u\u017esakymo pateikimo metu, iki visi\u0161ko \u012fsipareigojim\u0173 \u012fvykdymo. Siuntimo i\u0161laidos bus pridedamos atskirai prie prek\u0117s kainos ir priklauso nuo pasirinkto pristatymo tipo.<\/p>\n\n\n\n<p>5.2 Apmok\u0117jimo u\u017e u\u017esakym\u0105 r\u016b\u0161ys yra nurodytos skyriuje Apmok\u0117jimas u\u017esakymo pateikimo metu, iki visi\u0161ko \u012fsipareigojim\u0173 \u012fvykdymo.<\/p>\n\n\n\n<p><strong>6. Preki\u0173 u\u017esakymo s\u0105lygos<\/strong><\/p>\n\n\n\n<p>6.1 U\u017esisakyti prekes galite 24 valandas per par\u0105, u\u017eregistruodami u\u017esakym\u0105 Bendrov\u0117s internetin\u0117je parduotuv\u0117je. Pirk\u0117jas gali \u012fsigyti tiek be i\u0161ankstin\u0117s registracijos, tiek u\u017esiregistrav\u0119s Bendrov\u0117s internetin\u0117je svetain\u0117je, kas suteikia galimyb\u0119 \u012fsigyti grei\u010diau ir patogiau.<\/p>\n\n\n\n<p>U\u017esakyti:<\/p>\n\n\n\n<p>1. Pirk\u0117jas preki\u0173 kataloge turi pasirinkti norim\u0105 prek\u0119, nurodyti norim\u0105 dyd\u012f ir paspausti mygtuk\u0105 \u201e\u012e krep\u0161el\u012f\u201c. Pirk\u0117jas automati\u0161kai patenka \u012f savo preki\u0173 krep\u0161el\u012f, kuriame turi galimyb\u0119 pakeisti preki\u0173 skai\u010di\u0173 arba i\u0161trinti nereikalingas. Tada Pirk\u0117jas gali pasirinkti t\u0119sti pirkim\u0105 arba pateikti u\u017esakym\u0105.<\/p>\n\n\n\n<p>2. Minimali u\u017esakymo suma 25\u20ac.<\/p>\n\n\n\n<p>3. Jei Pirk\u0117jas yra registruotas klientas, jam reikia prisijungti. Jeigu Pirk\u0117jas yra naujas klientas, tuomet jis turi pasirinkim\u0105 pateikti u\u017esakym\u0105 be registracijos arba u\u017esiregistruoti ir gauti galimyb\u0119 \u012fsigyti grei\u010diau ir patogiau.<\/p>\n\n\n\n<p>4. Jei Pirk\u0117jas nusprend\u0117 pateikti u\u017esakym\u0105 be registracijos, jam reikia \u012fvesti savo asmens duomenis. Registruot\u0173 klient\u0173 asmenin\u0117 informacija i\u0161saugoma ir jos nereikia i\u0161 naujo \u012fvesti.<\/p>\n\n\n\n<p>5. Pirk\u0117jas turi pasirinkti u\u017esakymo pristatymo b\u016bd\u0105 ir \u012fvesti adres\u0105.<\/p>\n\n\n\n<p>6. Toliau Pirk\u0117jas turi nurodyti mok\u0117jimo b\u016bd\u0105.<\/p>\n\n\n\n<p>7. Pabaigoje Pirk\u0117jui svarbu dar kart\u0105 atid\u017eiai patikrinti \u012fvest\u0105 informacij\u0105 ir j\u0105 patvirtinti.<\/p>\n\n\n\n<p>8. Nor\u0117dami patvirtinti u\u017esakym\u0105, turite pa\u017eym\u0117ti langel\u012f \u201ePerskai\u010diau ir sutinku su svetain\u0117s s\u0105lygomis (nuoroda \u012f s\u0105lygas)\u201c, taip pat pa\u017eym\u0117kite langel\u012f \u201ePerskai\u010diau ir sutinku su svetain\u0117s privatumo politika (nuoroda) \u012f Privatumo politik\u0105)\u201c ir spustel\u0117kite mygtuk\u0105 \u201ePateikti u\u017esakym\u0105\u201c.<\/p>\n\n\n\n<p>9. S\u0117kmingai \u012fvykd\u017eius u\u017esakym\u0105, Bendrov\u0117 automati\u0161kai, per valand\u0105, Pirk\u0117jo el. pa\u0161to adresu i\u0161si\u0173s u\u017esakym\u0105 patvirtinan\u010di\u0105 informacij\u0105. Jei Pirk\u0117jas negavo automatinio u\u017esakymo patvirtinimo i\u0161 Bendrov\u0117s, tai rei\u0161kia, kad Pirk\u0117jas ne\u012fvykd\u0117 u\u017esakymo arba nurod\u0117 neteising\u0105 el.<\/p>\n\n\n\n<p><strong>7. Pristatymo laikas<\/strong><\/p>\n\n\n\n<p>7.1 Bendrov\u0117 \u012fsipareigoja \u012fvykdyti nuotolin\u0117s sutarties s\u0105lygas ne v\u0117liau kaip per 30 dien\u0173 nuo i\u0161ankstinio apmok\u0117jimo u\u017e u\u017esakym\u0105 gavimo i\u0161 Pirk\u0117jo, jeigu \u0161alys nesusitar\u0117 d\u0117l kitokios datos. Jeigu Bendrov\u0117 negali \u012fvykdyti sutarties d\u0117l to, kad d\u0117l koki\u0173 nors prie\u017eas\u010di\u0173 n\u0117ra Pirk\u0117jo u\u017esakyt\u0173 preki\u0173, Bendrov\u0117s pareiga yra apie tai informuoti Pirk\u0117j\u0105 ir gr\u0105\u017einti sumok\u0117t\u0105 kain\u0105.<\/p>\n\n\n\n<p><strong>8. Teis\u0117 atsisakyti sutarties<\/strong><\/p>\n\n\n\n<p>8.1 Pirk\u0117jas turi teis\u0119 gr\u0105\u017einti prekes per 14 dien\u0173 nuo prek\u0117s gavimo dienos (remiantis LR ministr\u0173 kabineto taisykl\u0117mis Nr. 207, Latvijos Respublikos apsaugos \u012fstatymu vartotoj\u0173 teisi\u0173 12 p.). Gr\u0105\u017einama prek\u0117 neturi b\u016bti naudota (be kvepal\u0173 p\u0117dsak\u0173, be d\u0117mi\u0173 nuo kosmetikos ir cigare\u010di\u0173, be nupl\u0117\u0161t\u0173 si\u016bl\u0173 ir pan.). \u012emon\u0117 neatsako u\u017e tr\u016bkumus, atsiradusius po prek\u0117s perdavimo ar i\u0161siuntimo Pirk\u0117jui, taip pat netinkamai naudojant ar pri\u017ei\u016brint daikt\u0105.<\/p>\n\n\n\n<p>\u2022 Jei Pirk\u0117jas pasinaudoja teise gr\u0105\u017einti prekes per 14 dien\u0173, visas gr\u0105\u017einimo siuntimo i\u0161laidas turi apmok\u0117ti Pirk\u0117jas.<\/p>\n\n\n\n<p>\u2022 Visos \u012fmonei gr\u0105\u017einamos prek\u0117s turi b\u016bti pa\u017eenklintos, be d\u0117v\u0117jimo \u017eymi\u0173 ir tvarkingai supakuotos originalioje pakuot\u0117je.<\/p>\n\n\n\n<p>\u2022 Gr\u0105\u017eindama prekes \u012emon\u0117 privalo prid\u0117ti visus lydin\u010dius dokumentus, patvirtinan\u010dius prek\u0117s gavim\u0105 (s\u0105skait\u0105 fakt\u016br\u0105, pa\u0161to kvit\u0105). S\u0105skaitos fakt\u016bros apa\u010dioje kartu su gr\u0105\u017einimo s\u0105lygomis yra vieta pirkimo atsisakymo prie\u017easties apra\u0161ymui. Atsisakymo atveju u\u017epildykite \u0161iuos laukus ir prid\u0117kite s\u0105skait\u0105 prie prek\u0117s kartu su kitais dokumentais.<\/p>\n\n\n\n<p>\u2022 Apatiniai ir trikota\u017eo gaminiai atgal nepriimami (KM reglamentas Nr.207 15.3 p.).<\/p>\n\n\n\n<p>\u2022 Jeigu Pirk\u0117jas pasinaudodamas gr\u0105\u017einimo teise gr\u0105\u017eina prekes per 14 dien\u0173, suma u\u017e pristatyt\u0105 pristatym\u0105 negr\u0105\u017einama.<\/p>\n\n\n\n<p>\u2022 Jei yra \u012fvykdytos visos gr\u0105\u017einimo s\u0105lygos, tada, gavusi prekes atgal, \u012emon\u0117 per 15 dien\u0173 garantuoja gr\u0105\u017einti Pirk\u0117jui sum\u0105 u\u017e prekes, ne\u012fskaitant pristatymo. Suma bus pervedama tokiu pat b\u016bdu, kaip Pirk\u0117jas sumok\u0117jo u\u017e prekes.<\/p>\n\n\n\n<p>\u2022 Prek\u0117s turi b\u016bti gr\u0105\u017eintos Bendrovei visomis prieinamomis priemon\u0117mis.<\/p>\n\n\n\n<p>8.2 \u012emon\u0117 turi teis\u0119 nepriimti gr\u0105\u017einamos prek\u0117s, jeigu ji buvo naudota ir\/ar sugadinta ir jei jai tr\u016bksta originalios pakuot\u0117s arba ji yra labai pa\u017eeista. Pirk\u0117jas atsako u\u017e prek\u0117s kokyb\u0117s i\u0161laikym\u0105 sutarties atsisakymo teis\u0117s \u012fgyvendinimo laikotarpiu. Prad\u0117jus naudoti prekes, Pirk\u0117jas patvirtina, kad prek\u0117s atitinka u\u017esakytas prekes ir negr\u0105\u017einamos.<\/p>\n\n\n\n<p>8.3 Bendrov\u0117 turi teis\u0119 atsisakyti vykdyti u\u017esakym\u0105, jeigu Pirk\u0117jas u\u017esak\u0117 prekes ir nesumok\u0117jo u\u017e jas per 3 dienas, nebent \u0161alys susitar\u0117 d\u0117l kitokio termino.<\/p>\n\n\n\n<p><strong>9. Privatumas<\/strong><\/p>\n\n\n\n<p>9.1 Asmenin\u0117 informacija, kuri\u0105 Pirk\u0117jas pateikia Bendrovei, nebus perduota tre\u010diajai \u0161aliai be jo sutikimo arba naudojama kitiems tikslams be i\u0161ankstinio Pirk\u0117jo sutikimo. Pirk\u0117jas neprivalo pateikti finansin\u0117s informacijos, tik duomenis, kurie b\u016btini preki\u0173 pristatymo dokument\u0173 tvarkymui. Bendrov\u0117 Pirk\u0117jo asmens duomenis gali naudoti u\u017esakymui apdoroti ir j\u012f vykdyti, taip pat statistiniais tikslais, informuoti Pirk\u0117j\u0105 apie papildomas nuolaidas, akcijas, naujas prekes ir paslaugas.<\/p>\n\n\n\n<p><strong>10. Intelektin\u0117s nuosavyb\u0117s teis\u0117<\/strong><\/p>\n\n\n\n<p>Pirk\u0117jas pripa\u017e\u012fsta, kad Bendrovei priklauso intelektin\u0117s nuosavyb\u0117s teis\u0117s \u012f Svetain\u0119 ir jos pilnas ar dalinis atgaminimas be i\u0161ankstinio ra\u0161ti\u0161ko Bendrov\u0117s sutikimo yra draud\u017eiamas.<\/p>\n\n\n\n<p><strong>11. Papildomos s\u0105lygos<\/strong><\/p>\n\n\n\n<p>11.1 \u0160i sutartis \u012fsigalioja nuo jos sudarymo momento.<\/p>\n\n\n\n<p>11.2 \u0160alys neturi teis\u0117s visi\u0161kai ar i\u0161 dalies perleisti \u0161ioje sutartyje nustatyt\u0173 \u012fsipareigojim\u0173 ir pareig\u0173 tre\u010diajam asmeniui be ra\u0161ytinio kitos \u0161alies sutikimo.<\/p>\n\n\n\n<p>11.3 Visi gin\u010dai ir nesutarimai tarp \u0161ios sutarties \u0160ali\u0173, kurie gali kilti jos vykdymo metu, bus sprend\u017eiami deryb\u0173 keliu. Kitu atveju gin\u010dai bus nagrin\u0117jami Latvijos Respublikos norminiuose aktuose numatyta tvarka.<\/p>\n\n\n\n<p><strong>12. \u012emon\u0117s rekvizitai<\/strong><\/p>\n\n\n\n<p>\u012emon\u0117s pavadinimas: SIA &#8220;Beauty Baltic&#8221;<\/p>\n\n\n\n<p>Juridinis adresas: R\u012bga, R\u016bpniec\u012bbas iela 32B &#8211; 1H, LV-1045, Latvia<\/p>\n\n\n\n<p>Registracijos numeris: 40203077960<\/p>\n\n\n\n<p>PVM numeris: LV40203077960<\/p>\n\n\n\n<p>Bankas: JSC Rietumu Banka<\/p>\n\n\n\n<p>SWIFT: RTMBLV2X<\/p>\n\n\n\n<p>s\u0105skaita: LV27RTMB0000700801511<\/p>\n","protected":false},"excerpt":{"rendered":"<p>Nuotolin\u0117 sutartis (Atnaujinta versija 2022 m. kovo m\u0117n.) Pirk\u0117jas, pirkdamas SIA \u201cBeauty Baltic\u201d (toliau \u2013 Bendrov\u0117) internetin\u0117je parduotuv\u0117je, registracijos numeris 40203077960, juridinis adresas R\u016bpniec\u012bbas iela 32B &#8211; 1H, R\u012bga, LV-1045, Latvija, Pirk\u0117jas patvirtina, kad susipa\u017eino su nuotolin\u0117s sutarties ir sutinka su \u0161ios sutarties turiniu. Pirk\u0117jas, pateik\u0119s u\u017esakym\u0105, su Bendrove sudaro nuotolin\u0119 sutart\u012f, kurioje nustatomi dvi\u0161aliai &hellip; <\/p>\n","protected":false},"author":1,"featured_media":0,"parent":0,"menu_order":0,"comment_status":"closed","ping_status":"closed","template":"","meta":{"footnotes":""},"class_list":["post-12604","page","type-page","status-publish","hentry"],"yoast_head":"<!-- This site is optimized with the Yoast SEO Premium plugin v23.0 (Yoast SEO v26.9) - https:\/\/yoast.com\/product\/yoast-seo-premium-wordpress\/ -->\n<title>&#183; Taisykl\u0117s ir s\u0105lygos<\/title>\n<meta name=\"description\" content=\"Dimanta un karb\u012bda fr\u0113zes nagu meistariem\" \/>\n<meta name=\"robots\" content=\"index, follow, max-snippet:-1, max-image-preview:large, max-video-preview:-1\" \/>\n<link rel=\"canonical\" href=\"https:\/\/beautybaltic.com\/?page_id=12604&lang=lt\" \/>\n<meta property=\"og:locale\" content=\"en_US\" \/>\n<meta property=\"og:type\" content=\"article\" \/>\n<meta property=\"og:title\" content=\"Taisykl\u0117s ir s\u0105lygos\" \/>\n<meta property=\"og:description\" content=\"Dimanta un karb\u012bda fr\u0113zes nagu meistariem\" \/>\n<meta property=\"og:url\" content=\"https:\/\/beautybaltic.com\/?page_id=12604&amp;lang=lt\" \/>\n<meta property=\"og:site_name\" content=\"Beauty Baltic\" \/>\n<meta property=\"article:publisher\" content=\"https:\/\/www.facebook.com\/siabeautybaltic\/?eid=ARDs6xwwnnHaxWoXNQhS1sgYf1tbsdYaa9nRKgzW46Bm5i4PkSKw97xrztQlMJEv9gOVxTp-o3Sq_Uwq\" \/>\n<meta property=\"article:modified_time\" content=\"2024-02-28T09:50:58+00:00\" \/>\n<meta name=\"twitter:card\" content=\"summary_large_image\" \/>\n<meta name=\"twitter:label1\" content=\"Est. reading time\" \/>\n\t<meta name=\"twitter:data1\" content=\"5 minutes\" \/>\n<script type=\"application\/ld+json\" class=\"yoast-schema-graph\">{\"@context\":\"https:\/\/schema.org\",\"@graph\":[{\"@type\":\"WebPage\",\"@id\":\"https:\/\/beautybaltic.com\/?page_id=12604&lang=lt\",\"url\":\"https:\/\/beautybaltic.com\/?page_id=12604&lang=lt\",\"name\":\"&#183; Taisykl\u0117s ir s\u0105lygos\",\"isPartOf\":{\"@id\":\"https:\/\/beautybaltic.com\/#website\"},\"datePublished\":\"2024-02-16T09:46:25+00:00\",\"dateModified\":\"2024-02-28T09:50:58+00:00\",\"description\":\"Dimanta un karb\u012bda fr\u0113zes nagu meistariem\",\"breadcrumb\":{\"@id\":\"https:\/\/beautybaltic.com\/?page_id=12604&lang=lt#breadcrumb\"},\"inLanguage\":\"en-US\",\"potentialAction\":[{\"@type\":\"ReadAction\",\"target\":[\"https:\/\/beautybaltic.com\/?page_id=12604&lang=lt\"]}]},{\"@type\":\"BreadcrumbList\",\"@id\":\"https:\/\/beautybaltic.com\/?page_id=12604&lang=lt#breadcrumb\",\"itemListElement\":[{\"@type\":\"ListItem\",\"position\":1,\"name\":\"Home Page\",\"item\":\"https:\/\/beautybaltic.com\/\"},{\"@type\":\"ListItem\",\"position\":2,\"name\":\"Taisykl\u0117s ir s\u0105lygos\"}]},{\"@type\":\"WebSite\",\"@id\":\"https:\/\/beautybaltic.com\/#website\",\"url\":\"https:\/\/beautybaltic.com\/\",\"name\":\"Beauty Baltic\",\"description\":\"\",\"publisher\":{\"@id\":\"https:\/\/beautybaltic.com\/#organization\"},\"potentialAction\":[{\"@type\":\"SearchAction\",\"target\":{\"@type\":\"EntryPoint\",\"urlTemplate\":\"https:\/\/beautybaltic.com\/?s={search_term_string}\"},\"query-input\":{\"@type\":\"PropertyValueSpecification\",\"valueRequired\":true,\"valueName\":\"search_term_string\"}}],\"inLanguage\":\"en-US\"},{\"@type\":\"Organization\",\"@id\":\"https:\/\/beautybaltic.com\/#organization\",\"name\":\"SIA \\\"Beauty Baltic\\\"\",\"url\":\"https:\/\/beautybaltic.com\/\",\"logo\":{\"@type\":\"ImageObject\",\"inLanguage\":\"en-US\",\"@id\":\"https:\/\/beautybaltic.com\/#\/schema\/logo\/image\/\",\"url\":\"https:\/\/beautybaltic.com\/wp-content\/uploads\/2020\/04\/logo-4.png\",\"contentUrl\":\"https:\/\/beautybaltic.com\/wp-content\/uploads\/2020\/04\/logo-4.png\",\"width\":704,\"height\":206,\"caption\":\"SIA \\\"Beauty Baltic\\\"\"},\"image\":{\"@id\":\"https:\/\/beautybaltic.com\/#\/schema\/logo\/image\/\"},\"sameAs\":[\"https:\/\/www.facebook.com\/siabeautybaltic\/?eid=ARDs6xwwnnHaxWoXNQhS1sgYf1tbsdYaa9nRKgzW46Bm5i4PkSKw97xrztQlMJEv9gOVxTp-o3Sq_Uwq\",\"https:\/\/www.instagram.com\/beauty_baltic\/\"]}]}<\/script>\n<!-- \/ Yoast SEO Premium plugin. -->","yoast_head_json":{"title":"&#183; Taisykl\u0117s ir s\u0105lygos","description":"Dimanta un karb\u012bda fr\u0113zes nagu meistariem","robots":{"index":"index","follow":"follow","max-snippet":"max-snippet:-1","max-image-preview":"max-image-preview:large","max-video-preview":"max-video-preview:-1"},"canonical":"https:\/\/beautybaltic.com\/?page_id=12604&lang=lt","og_locale":"en_US","og_type":"article","og_title":"Taisykl\u0117s ir s\u0105lygos","og_description":"Dimanta un karb\u012bda fr\u0113zes nagu meistariem","og_url":"https:\/\/beautybaltic.com\/?page_id=12604&lang=lt","og_site_name":"Beauty Baltic","article_publisher":"https:\/\/www.facebook.com\/siabeautybaltic\/?eid=ARDs6xwwnnHaxWoXNQhS1sgYf1tbsdYaa9nRKgzW46Bm5i4PkSKw97xrztQlMJEv9gOVxTp-o3Sq_Uwq","article_modified_time":"2024-02-28T09:50:58+00:00","twitter_card":"summary_large_image","twitter_misc":{"Est. reading time":"5 minutes"},"schema":{"@context":"https:\/\/schema.org","@graph":[{"@type":"WebPage","@id":"https:\/\/beautybaltic.com\/?page_id=12604&lang=lt","url":"https:\/\/beautybaltic.com\/?page_id=12604&lang=lt","name":"&#183; Taisykl\u0117s ir s\u0105lygos","isPartOf":{"@id":"https:\/\/beautybaltic.com\/#website"},"datePublished":"2024-02-16T09:46:25+00:00","dateModified":"2024-02-28T09:50:58+00:00","description":"Dimanta un karb\u012bda fr\u0113zes nagu meistariem","breadcrumb":{"@id":"https:\/\/beautybaltic.com\/?page_id=12604&lang=lt#breadcrumb"},"inLanguage":"en-US","potentialAction":[{"@type":"ReadAction","target":["https:\/\/beautybaltic.com\/?page_id=12604&lang=lt"]}]},{"@type":"BreadcrumbList","@id":"https:\/\/beautybaltic.com\/?page_id=12604&lang=lt#breadcrumb","itemListElement":[{"@type":"ListItem","position":1,"name":"Home Page","item":"https:\/\/beautybaltic.com\/"},{"@type":"ListItem","position":2,"name":"Taisykl\u0117s ir s\u0105lygos"}]},{"@type":"WebSite","@id":"https:\/\/beautybaltic.com\/#website","url":"https:\/\/beautybaltic.com\/","name":"Beauty Baltic","description":"","publisher":{"@id":"https:\/\/beautybaltic.com\/#organization"},"potentialAction":[{"@type":"SearchAction","target":{"@type":"EntryPoint","urlTemplate":"https:\/\/beautybaltic.com\/?s={search_term_string}"},"query-input":{"@type":"PropertyValueSpecification","valueRequired":true,"valueName":"search_term_string"}}],"inLanguage":"en-US"},{"@type":"Organization","@id":"https:\/\/beautybaltic.com\/#organization","name":"SIA \"Beauty Baltic\"","url":"https:\/\/beautybaltic.com\/","logo":{"@type":"ImageObject","inLanguage":"en-US","@id":"https:\/\/beautybaltic.com\/#\/schema\/logo\/image\/","url":"https:\/\/beautybaltic.com\/wp-content\/uploads\/2020\/04\/logo-4.png","contentUrl":"https:\/\/beautybaltic.com\/wp-content\/uploads\/2020\/04\/logo-4.png","width":704,"height":206,"caption":"SIA \"Beauty Baltic\""},"image":{"@id":"https:\/\/beautybaltic.com\/#\/schema\/logo\/image\/"},"sameAs":["https:\/\/www.facebook.com\/siabeautybaltic\/?eid=ARDs6xwwnnHaxWoXNQhS1sgYf1tbsdYaa9nRKgzW46Bm5i4PkSKw97xrztQlMJEv9gOVxTp-o3Sq_Uwq","https:\/\/www.instagram.com\/beauty_baltic\/"]}]}},"_links":{"self":[{"href":"https:\/\/beautybaltic.com\/index.php?rest_route=\/wp\/v2\/pages\/12604","targetHints":{"allow":["GET"]}}],"collection":[{"href":"https:\/\/beautybaltic.com\/index.php?rest_route=\/wp\/v2\/pages"}],"about":[{"href":"https:\/\/beautybaltic.com\/index.php?rest_route=\/wp\/v2\/types\/page"}],"author":[{"embeddable":true,"href":"https:\/\/beautybaltic.com\/index.php?rest_route=\/wp\/v2\/users\/1"}],"replies":[{"embeddable":true,"href":"https:\/\/beautybaltic.com\/index.php?rest_route=%2Fwp%2Fv2%2Fcomments&post=12604"}],"version-history":[{"count":0,"href":"https:\/\/beautybaltic.com\/index.php?rest_route=\/wp\/v2\/pages\/12604\/revisions"}],"wp:attachment":[{"href":"https:\/\/beautybaltic.com\/index.php?rest_route=%2Fwp%2Fv2%2Fmedia&parent=12604"}],"curies":[{"name":"wp","href":"https:\/\/api.w.org\/{rel}","templated":true}]}}