{"id":12599,"date":"2024-02-16T12:10:17","date_gmt":"2024-02-16T09:10:17","guid":{"rendered":"https:\/\/beautybaltic.com\/?page_id=12599"},"modified":"2024-02-16T12:10:19","modified_gmt":"2024-02-16T09:10:19","slug":"pristatymo-ir-apmokejimo-galimybes","status":"publish","type":"page","link":"https:\/\/beautybaltic.com\/?page_id=12599&lang=lt","title":{"rendered":"Pristatymo ir apmok\u0117jimo galimyb\u0117s"},"content":{"rendered":"\n<p>Siekdami u\u017etikrinti visi\u0161k\u0105 klient\u0173 pasitenkinim\u0105, stengiam\u0117s pateikti grei\u010diausius, naudingiausius ir patogiausius produkcijos pristatymo ir apmok\u0117jimo b\u016bdus.<\/p>\n\n\n\n<p style=\"font-style:normal;font-weight:600\">Siuntimo galimyb\u0117s, \u012fkainiai (su PVM) ir terminai<\/p>\n\n\n\n<p style=\"font-style:normal;font-weight:600\">LATVIJA:<\/p>\n\n\n\n<p>OMNIVA siunt\u0173 terminalai:&nbsp;2,99 \u20ac&nbsp;(1-3 dienos). Nemokamas pristatymas u\u017esakymams, kuri\u0173 bendra vert\u0117 50,00 \u20ac ir daugiau.<\/p>\n\n\n\n<p style=\"font-style:normal;font-weight:600\">ESTIJA, LIETUVA:<\/p>\n\n\n\n<p>OMNIVA siunt\u0173 terminalai:&nbsp;6,99 \u20ac&nbsp;(2-4 dienos). Nemokamas pristatymas u\u017esakymams, kuri\u0173 bendra vert\u0117 50,00 \u20ac ir daugiau.<\/p>\n\n\n\n<p style=\"font-style:normal;font-weight:600\">EUROPOS S\u0104JUNGA (ES):<\/p>\n\n\n\n<p>PA\u0160TAS:&nbsp;8,99 \u20ac&nbsp;(7-21 diena);<\/p>\n\n\n\n<p>Pristatymas kurjeriu (Omniva): 25,00 \u20ac&nbsp;(10-14 dien\u0173).<\/p>\n\n\n\n<p style=\"font-style:normal;font-weight:600\">PASAULYJE:<\/p>\n\n\n\n<p>PA\u0160TAS:&nbsp;25,00 \u20ac&nbsp;(10-30 dien\u0173)<\/p>\n\n\n\n<p>PASTEB\u0116TI<\/p>\n\n\n\n<p>Siuntimo parinktys pagr\u012fstos j\u016bs\u0173 pristatymo adresu, o pristatymo parinktis ir mokes\u010dius matysite kasoje prie\u0161 priimdami u\u017esakym\u0105 ir mok\u0117dami.<\/p>\n\n\n\n<p>Kiekvienam pristatymo b\u016bdui gali b\u016bti taikomi siuntinio svorio ir dyd\u017eio apribojimai. Jei svoris ir\/ar dydis vir\u0161ija transportavimo limitus, galime atmesti siunt\u0105 ir gr\u0105\u017einti apmok\u0117jim\u0105 arba papra\u0161yti sumok\u0117ti papildom\u0105 mokest\u012f, jei sutinkate. Esant tokiai b\u016btinybei, bet kuriuo atveju susisieksime su Jumis.<\/p>\n\n\n\n<p>Kai siunta apdorojama, pateikiamas sekimo numeris, kad gal\u0117tum\u0117te sekti siunt\u0105.<\/p>\n\n\n\n<p>Pristatymo terminas priklauso nuo turim\u0173 preki\u0173 sand\u0117lyje. Jei prek\u0117 yra sand\u0117lyje Rygoje, ji bus i\u0161si\u0173sta t\u0105 pa\u010di\u0105 dien\u0105 arba kit\u0105 dien\u0105 po mok\u0117jimo apdorojimo. Jei prek\u0117s n\u0117ra sand\u0117lyje, pristatymas gali v\u0117luoti 2\u20137&nbsp;d.<\/p>\n\n\n\n<p>\u0160e\u0161tadieniais, sekmadieniais ir valstybini\u0173 \u0161ven\u010di\u0173 dienomis pristatymas ir siuntimas n\u0117ra.<\/p>\n\n\n\n<p>OMNIVA siunt\u0173 terminalai (tik&nbsp;Latvija,&nbsp;Estija ir Lietuva)<\/p>\n\n\n\n<p>Latvijoje, Estijoje ir Lietuvoje yra nema\u017eai OMNIVA siunt\u0173 terminal\u0173.<\/p>\n\n\n\n<p>Apytikslis pristatymo laikotarpis yra 1\u20133 darbo dienos Latvijoje, 2\u20134 darbo dienos Estijoje ir Lietuvoje (jei visos prek\u0117s yra sand\u0117lyje).<\/p>\n\n\n\n<p>Daugiau informacijos ve\u017e\u0117jo svetain\u0117je: https:\/\/www.omniva.lv\/<\/p>\n\n\n\n<p>Tarptautinis pa\u0161tas&nbsp;\u2013 POST&nbsp;(siuntimas ES ir&nbsp;pasaulyje)<\/p>\n\n\n\n<p>International Mail gali si\u0173sti siuntinius iki 2 kg. Jeigu Jus domina pirkti daugiau nei 2kg preki\u0173, ra\u0161ykite mums u\u017eklaus\u0105 el.pa\u0161tu siabeautybaltic@gmail.com ir apra\u0161ykite savo poreikius.<\/p>\n\n\n\n<p>Apytikslis pristatymo laikotarpis yra 4-7 dienos \u012f Latvij\u0105, 5-10 dien\u0173 \u012f Estij\u0105 ir Lietuv\u0105, 7-15 dien\u0173 \u012f Europos S\u0105jung\u0105, 10-30 dien\u0173 u\u017e Europos S\u0105jungos rib\u0173.<\/p>\n\n\n\n<p>Svarbi informacija: D\u0117l COVID19 situacijos pristatymo laikas pa\u0161tu yra ilgesnis nei \u012fprastai.<\/p>\n\n\n\n<p>Daugiau informacijos ve\u017e\u0117jo svetain\u0117je: https:\/\/pasts.lv<\/p>\n\n\n\n<p style=\"font-style:normal;font-weight:700\">Mok\u0117jimo b\u016bdai<\/p>\n\n\n\n<p>Galite pasirinkti vien\u0105 i\u0161 \u0161i\u0173 mok\u0117jimo parink\u010di\u0173:<\/p>\n\n\n\n<ol class=\"wp-block-list\">\n<li>Mok\u0117jimas internetu (apdorojamas Paysera mok\u0117jimo sistemos), kuris suteikia \u0161ias parinktis (skirtingose \u0161alyse gali b\u016bti skirting\u0173 parink\u010di\u0173):<\/li>\n<\/ol>\n\n\n\n<p>Internetinis mok\u0117jimas internetu (tiesioginis mok\u0117jimas)&nbsp;galimiems j\u016bs\u0173 \u0161alies bankams<\/p>\n\n\n\n<p>El. pinigai (Tarptautin\u0117 \u201eWebMoney\u201c sistema, Paysera s\u0105skaita)<\/p>\n\n\n\n<p>Mok\u0117jimas kredito arba debeto banko kortele<\/p>\n\n\n\n<ol class=\"wp-block-list\" start=\"2\">\n<li>Banko pavedimas&nbsp;(mok\u0117jimas banko pavedimu).<\/li>\n<\/ol>\n\n\n\n<p>Vis\u0105 mok\u0117jimo informacij\u0105 gausite el. pa\u0161tu, kai tik t\u0119site u\u017esakym\u0105. J\u016bs\u0173 u\u017esakymas bus apdorotas gavus apmok\u0117jim\u0105 \u012f m\u016bs\u0173 banko s\u0105skait\u0105.<\/p>\n\n\n\n<ol class=\"wp-block-list\" start=\"3\">\n<li>PayPal mok\u0117jimo sistema.<\/li>\n<\/ol>\n\n\n\n<p>Mok\u0117jimas atliekamas per PayPal mok\u0117jimo \u012fmon\u0119. Daugiau informacijos apie \u0161i\u0105 \u012fmon\u0119 rasite j\u0173 svetain\u0117je:&nbsp;https:\/\/www.paypal.com\/<\/p>\n\n\n\n<p style=\"font-style:normal;font-weight:700\">Svarbi informacija apie COVID19:<\/p>\n\n\n\n<p>Mieli klientai,<\/p>\n\n\n\n<p>Atsi\u017evelgdami \u012f dabartinius neai\u0161kumus, susijusius su COVID-19 (koronaviruso) protr\u016bkiu, norime jus u\u017etikrinti, kad imam\u0117s vis\u0173 b\u016btin\u0173 veiksm\u0173, kad laikytum\u0117m\u0117s Pasaulio sveikatos organizacijos ir vietos vald\u017eios gairi\u0173. M\u016bs\u0173 prioritetas \u2013 klient\u0173, darbuotoj\u0173 ir partneri\u0173 saugumas.<\/p>\n\n\n\n<p>Produkto pakuot\u0117: dirbame pagal Pasaulio sveikatos organizacijos ir vietos vald\u017eios rekomendacijas. Nuolat stebime, ar laikomasi vis\u0173 atitinkam\u0173 sanitarini\u0173 standart\u0173.<\/p>\n\n\n\n<p>Mes ir toliau stengsim\u0117s aptarnauti savo klientus auk\u0161\u010diausiais pristatymo standartais vis\u0105 \u0161\u012f laikotarp\u012f.<\/p>\n\n\n\n<p>Geriausi link\u0117jimai,<\/p>\n\n\n\n<p>Beauty Baltic<\/p>\n","protected":false},"excerpt":{"rendered":"<p>Siekdami u\u017etikrinti visi\u0161k\u0105 klient\u0173 pasitenkinim\u0105, stengiam\u0117s pateikti grei\u010diausius, naudingiausius ir patogiausius produkcijos pristatymo ir apmok\u0117jimo b\u016bdus. Siuntimo galimyb\u0117s, \u012fkainiai (su PVM) ir terminai LATVIJA: OMNIVA siunt\u0173 terminalai:&nbsp;2,99 \u20ac&nbsp;(1-3 dienos). Nemokamas pristatymas u\u017esakymams, kuri\u0173 bendra vert\u0117 50,00 \u20ac ir daugiau. ESTIJA, LIETUVA: OMNIVA siunt\u0173 terminalai:&nbsp;6,99 \u20ac&nbsp;(2-4 dienos). Nemokamas pristatymas u\u017esakymams, kuri\u0173 bendra vert\u0117 50,00 \u20ac ir &hellip; <\/p>\n","protected":false},"author":1,"featured_media":0,"parent":0,"menu_order":0,"comment_status":"closed","ping_status":"closed","template":"","meta":{"footnotes":""},"class_list":["post-12599","page","type-page","status-publish","hentry"],"yoast_head":"<!-- This site is optimized with the Yoast SEO Premium plugin v23.0 (Yoast SEO v26.9) - https:\/\/yoast.com\/product\/yoast-seo-premium-wordpress\/ -->\n<title>&#183; Pristatymo ir apmok\u0117jimo galimyb\u0117s<\/title>\n<meta name=\"description\" content=\"Dimanta un karb\u012bda fr\u0113zes nagu meistariem\" \/>\n<meta name=\"robots\" content=\"index, follow, max-snippet:-1, max-image-preview:large, max-video-preview:-1\" \/>\n<link rel=\"canonical\" href=\"https:\/\/beautybaltic.com\/?page_id=12599&lang=lt\" \/>\n<meta property=\"og:locale\" content=\"en_US\" \/>\n<meta property=\"og:type\" content=\"article\" \/>\n<meta property=\"og:title\" content=\"Pristatymo ir apmok\u0117jimo galimyb\u0117s\" \/>\n<meta property=\"og:description\" content=\"Dimanta un karb\u012bda fr\u0113zes nagu meistariem\" \/>\n<meta property=\"og:url\" content=\"https:\/\/beautybaltic.com\/?page_id=12599&amp;lang=lt\" \/>\n<meta property=\"og:site_name\" content=\"Beauty Baltic\" \/>\n<meta property=\"article:publisher\" content=\"https:\/\/www.facebook.com\/siabeautybaltic\/?eid=ARDs6xwwnnHaxWoXNQhS1sgYf1tbsdYaa9nRKgzW46Bm5i4PkSKw97xrztQlMJEv9gOVxTp-o3Sq_Uwq\" \/>\n<meta property=\"article:modified_time\" content=\"2024-02-16T09:10:19+00:00\" \/>\n<meta name=\"twitter:card\" content=\"summary_large_image\" \/>\n<meta name=\"twitter:label1\" content=\"Est. reading time\" \/>\n\t<meta name=\"twitter:data1\" content=\"3 minutes\" \/>\n<script type=\"application\/ld+json\" class=\"yoast-schema-graph\">{\"@context\":\"https:\/\/schema.org\",\"@graph\":[{\"@type\":\"WebPage\",\"@id\":\"https:\/\/beautybaltic.com\/?page_id=12599&lang=lt\",\"url\":\"https:\/\/beautybaltic.com\/?page_id=12599&lang=lt\",\"name\":\"&#183; Pristatymo ir apmok\u0117jimo galimyb\u0117s\",\"isPartOf\":{\"@id\":\"https:\/\/beautybaltic.com\/#website\"},\"datePublished\":\"2024-02-16T09:10:17+00:00\",\"dateModified\":\"2024-02-16T09:10:19+00:00\",\"description\":\"Dimanta un karb\u012bda fr\u0113zes nagu meistariem\",\"breadcrumb\":{\"@id\":\"https:\/\/beautybaltic.com\/?page_id=12599&lang=lt#breadcrumb\"},\"inLanguage\":\"en-US\",\"potentialAction\":[{\"@type\":\"ReadAction\",\"target\":[\"https:\/\/beautybaltic.com\/?page_id=12599&lang=lt\"]}]},{\"@type\":\"BreadcrumbList\",\"@id\":\"https:\/\/beautybaltic.com\/?page_id=12599&lang=lt#breadcrumb\",\"itemListElement\":[{\"@type\":\"ListItem\",\"position\":1,\"name\":\"Home Page\",\"item\":\"https:\/\/beautybaltic.com\/\"},{\"@type\":\"ListItem\",\"position\":2,\"name\":\"Pristatymo ir apmok\u0117jimo galimyb\u0117s\"}]},{\"@type\":\"WebSite\",\"@id\":\"https:\/\/beautybaltic.com\/#website\",\"url\":\"https:\/\/beautybaltic.com\/\",\"name\":\"Beauty Baltic\",\"description\":\"\",\"publisher\":{\"@id\":\"https:\/\/beautybaltic.com\/#organization\"},\"potentialAction\":[{\"@type\":\"SearchAction\",\"target\":{\"@type\":\"EntryPoint\",\"urlTemplate\":\"https:\/\/beautybaltic.com\/?s={search_term_string}\"},\"query-input\":{\"@type\":\"PropertyValueSpecification\",\"valueRequired\":true,\"valueName\":\"search_term_string\"}}],\"inLanguage\":\"en-US\"},{\"@type\":\"Organization\",\"@id\":\"https:\/\/beautybaltic.com\/#organization\",\"name\":\"SIA \\\"Beauty Baltic\\\"\",\"url\":\"https:\/\/beautybaltic.com\/\",\"logo\":{\"@type\":\"ImageObject\",\"inLanguage\":\"en-US\",\"@id\":\"https:\/\/beautybaltic.com\/#\/schema\/logo\/image\/\",\"url\":\"https:\/\/beautybaltic.com\/wp-content\/uploads\/2020\/04\/logo-4.png\",\"contentUrl\":\"https:\/\/beautybaltic.com\/wp-content\/uploads\/2020\/04\/logo-4.png\",\"width\":704,\"height\":206,\"caption\":\"SIA \\\"Beauty Baltic\\\"\"},\"image\":{\"@id\":\"https:\/\/beautybaltic.com\/#\/schema\/logo\/image\/\"},\"sameAs\":[\"https:\/\/www.facebook.com\/siabeautybaltic\/?eid=ARDs6xwwnnHaxWoXNQhS1sgYf1tbsdYaa9nRKgzW46Bm5i4PkSKw97xrztQlMJEv9gOVxTp-o3Sq_Uwq\",\"https:\/\/www.instagram.com\/beauty_baltic\/\"]}]}<\/script>\n<!-- \/ Yoast SEO Premium plugin. -->","yoast_head_json":{"title":"&#183; Pristatymo ir apmok\u0117jimo galimyb\u0117s","description":"Dimanta un karb\u012bda fr\u0113zes nagu meistariem","robots":{"index":"index","follow":"follow","max-snippet":"max-snippet:-1","max-image-preview":"max-image-preview:large","max-video-preview":"max-video-preview:-1"},"canonical":"https:\/\/beautybaltic.com\/?page_id=12599&lang=lt","og_locale":"en_US","og_type":"article","og_title":"Pristatymo ir apmok\u0117jimo galimyb\u0117s","og_description":"Dimanta un karb\u012bda fr\u0113zes nagu meistariem","og_url":"https:\/\/beautybaltic.com\/?page_id=12599&lang=lt","og_site_name":"Beauty Baltic","article_publisher":"https:\/\/www.facebook.com\/siabeautybaltic\/?eid=ARDs6xwwnnHaxWoXNQhS1sgYf1tbsdYaa9nRKgzW46Bm5i4PkSKw97xrztQlMJEv9gOVxTp-o3Sq_Uwq","article_modified_time":"2024-02-16T09:10:19+00:00","twitter_card":"summary_large_image","twitter_misc":{"Est. reading time":"3 minutes"},"schema":{"@context":"https:\/\/schema.org","@graph":[{"@type":"WebPage","@id":"https:\/\/beautybaltic.com\/?page_id=12599&lang=lt","url":"https:\/\/beautybaltic.com\/?page_id=12599&lang=lt","name":"&#183; Pristatymo ir apmok\u0117jimo galimyb\u0117s","isPartOf":{"@id":"https:\/\/beautybaltic.com\/#website"},"datePublished":"2024-02-16T09:10:17+00:00","dateModified":"2024-02-16T09:10:19+00:00","description":"Dimanta un karb\u012bda fr\u0113zes nagu meistariem","breadcrumb":{"@id":"https:\/\/beautybaltic.com\/?page_id=12599&lang=lt#breadcrumb"},"inLanguage":"en-US","potentialAction":[{"@type":"ReadAction","target":["https:\/\/beautybaltic.com\/?page_id=12599&lang=lt"]}]},{"@type":"BreadcrumbList","@id":"https:\/\/beautybaltic.com\/?page_id=12599&lang=lt#breadcrumb","itemListElement":[{"@type":"ListItem","position":1,"name":"Home Page","item":"https:\/\/beautybaltic.com\/"},{"@type":"ListItem","position":2,"name":"Pristatymo ir apmok\u0117jimo galimyb\u0117s"}]},{"@type":"WebSite","@id":"https:\/\/beautybaltic.com\/#website","url":"https:\/\/beautybaltic.com\/","name":"Beauty Baltic","description":"","publisher":{"@id":"https:\/\/beautybaltic.com\/#organization"},"potentialAction":[{"@type":"SearchAction","target":{"@type":"EntryPoint","urlTemplate":"https:\/\/beautybaltic.com\/?s={search_term_string}"},"query-input":{"@type":"PropertyValueSpecification","valueRequired":true,"valueName":"search_term_string"}}],"inLanguage":"en-US"},{"@type":"Organization","@id":"https:\/\/beautybaltic.com\/#organization","name":"SIA \"Beauty Baltic\"","url":"https:\/\/beautybaltic.com\/","logo":{"@type":"ImageObject","inLanguage":"en-US","@id":"https:\/\/beautybaltic.com\/#\/schema\/logo\/image\/","url":"https:\/\/beautybaltic.com\/wp-content\/uploads\/2020\/04\/logo-4.png","contentUrl":"https:\/\/beautybaltic.com\/wp-content\/uploads\/2020\/04\/logo-4.png","width":704,"height":206,"caption":"SIA \"Beauty Baltic\""},"image":{"@id":"https:\/\/beautybaltic.com\/#\/schema\/logo\/image\/"},"sameAs":["https:\/\/www.facebook.com\/siabeautybaltic\/?eid=ARDs6xwwnnHaxWoXNQhS1sgYf1tbsdYaa9nRKgzW46Bm5i4PkSKw97xrztQlMJEv9gOVxTp-o3Sq_Uwq","https:\/\/www.instagram.com\/beauty_baltic\/"]}]}},"_links":{"self":[{"href":"https:\/\/beautybaltic.com\/index.php?rest_route=\/wp\/v2\/pages\/12599","targetHints":{"allow":["GET"]}}],"collection":[{"href":"https:\/\/beautybaltic.com\/index.php?rest_route=\/wp\/v2\/pages"}],"about":[{"href":"https:\/\/beautybaltic.com\/index.php?rest_route=\/wp\/v2\/types\/page"}],"author":[{"embeddable":true,"href":"https:\/\/beautybaltic.com\/index.php?rest_route=\/wp\/v2\/users\/1"}],"replies":[{"embeddable":true,"href":"https:\/\/beautybaltic.com\/index.php?rest_route=%2Fwp%2Fv2%2Fcomments&post=12599"}],"version-history":[{"count":0,"href":"https:\/\/beautybaltic.com\/index.php?rest_route=\/wp\/v2\/pages\/12599\/revisions"}],"wp:attachment":[{"href":"https:\/\/beautybaltic.com\/index.php?rest_route=%2Fwp%2Fv2%2Fmedia&parent=12599"}],"curies":[{"name":"wp","href":"https:\/\/api.w.org\/{rel}","templated":true}]}}